{"id":232911,"date":"2026-04-23T00:14:15","date_gmt":"2026-04-23T06:14:15","guid":{"rendered":"https:\/\/compuviper.mx\/tienda\/producto\/dahua-dh-hac-hfw1509tn-a-led-0360b-camara-hac-hfw1509t-a-led-bullet-full-color-de-5-megapixeles-lente-de-3-6-mm-micrfono-integrado-leds-para-20-metros-metalica-wdr-de-120-db-ip67\/"},"modified":"2026-04-23T00:14:15","modified_gmt":"2026-04-23T06:14:15","slug":"dahua-dh-hac-hfw1509tn-a-led-0360b-camara-hac-hfw1509t-a-led-bullet-full-color-de-5-megapixeles-lente-de-3-6-mm-micrfono-integrado-leds-para-20-metros-metalica-wdr-de-120-db-ip67","status":"publish","type":"product","link":"https:\/\/compuviper.mx\/tienda\/producto\/dahua-dh-hac-hfw1509tn-a-led-0360b-camara-hac-hfw1509t-a-led-bullet-full-color-de-5-megapixeles-lente-de-3-6-mm-micrfono-integrado-leds-para-20-metros-metalica-wdr-de-120-db-ip67\/","title":{"rendered":"Dahua Dh-hac-hfw1509tn-a-led-0360b Camara\/\/ Hac-hfw1509t-a-led Bullet Full Color De 5 Megapixeles\/ Lente De 3.6 Mm\/ Micrfono Integrado\/ Leds Para 20 Metros\/ Metalica\/ Wdr De 120 Db\/ Ip67"},"content":{"rendered":"<table class=\"descripcion\">\n<tr>\n<td>Principales caracter\u00edsticas<\/td>\n<\/tr>\n<tr>\n<td>\u0095 starlight<\/td>\n<\/tr>\n<tr>\n<td>\u0095 full color<\/td>\n<\/tr>\n<tr>\n<td>\u0095 led ir inteligente<\/td>\n<\/tr>\n<tr>\n<td>\u0095 cvi \/ cvbs \/ ahd \/ tvi conmutable<\/td>\n<\/tr>\n<tr>\n<td>\u0095 micr\u00f3fono incorporado (-a)<\/td>\n<\/tr>\n<tr>\n<td>\u0095 ip67<\/td>\n<\/tr>\n<tr>\n<td>Especificaciones<\/td>\n<\/tr>\n<tr>\n<td>\u0095 cmos de 1 \/ 2,7 pulgadas<\/td>\n<\/tr>\n<tr>\n<td>\u0095 luz de relleno (luz blanca) distancia luz hasta 20 m<\/td>\n<\/tr>\n<tr>\n<td>\u0095 lente fijo 3.6mm<\/td>\n<\/tr>\n<tr>\n<td>\u0095 campo de visi\u00f3n 83\u00b0<\/td>\n<\/tr>\n<tr>\n<td>\u0095 blc \/ hlc \/ dwdr<\/td>\n<\/tr>\n<tr>\n<td>\u0095 reducci\u00f3n de ruido 2d nr<\/td>\n<\/tr>\n<tr>\n<td>\u0095 micr\u00f3fono incorporado (-a)<\/td>\n<\/tr>\n<tr>\n<td>\u0095 fuente de alimentaci\u00f3n: 12v \u00b1 30% cc<\/td>\n<\/tr>\n<tr>\n<td>\u0095 metal en toda la carcasa<\/td>\n<\/tr>\n<\/table>\n","protected":false},"excerpt":{"rendered":"<p>Informaci\u00f3n general. El modelo hfw1509t-a-led es una c\u00e1mara bullet de 5mp de resoluci\u00f3n,con la cual podemos apreciar una imagen con mayor nitidez, brillo y claridad . Este modelo incorpora un lente de 3.6 mm, cuenta con la tecnolog\u00eda full color, esta nos permite obtener un rendimiento excepcional ideal para la visualizaci\u00f3n y reproducci\u00f3n de im\u00e1genes bajo condiciones de poca iluminaci\u00f3n. Cuenta con funciones especiales para cambios de iluminaci\u00f3n como lo es el dwdr . Full color. Esta tecnolog\u00eda nos permite obtener un rendimiento excepcional ideal para la visualizaci\u00f3n y reproducci\u00f3n de im\u00e1genes bajo condiciones de poca iluminaci\u00f3n, tanto en condiciones de contraluz extremo como en la obscuridad. Las c\u00e1maras full color nos permite tener un monitoreo 24\/7, para recopilaci\u00f3n de datos crom\u00e1ticos. Luz suplementaria c\u00e1lida. Con una c\u00e1lida luz led suplementaria hasta 20 mts. , la c\u00e1mara puede proporcionar una imagen a color v\u00edvida incluso en la oscuridad total. Por defecto, la c\u00e1mara hfw1509t-a-led esta configurada en modo de luz inteligente, en el que la c\u00e1mara puede ajustarse autom\u00e1ticamente el tiempo de exposici\u00f3n y la sensibilidad a la luz simult\u00e1neamentey as\u00ed evitar la sobre-exposici\u00f3n de los objetos en el centro de la imagen. Adem\u00e1s, la sensibilidad y la intensidad de las luces led se puede controlar de forma remota mediante el men\u00fa osd. Transmisi\u00f3n de audio de calidad. La c\u00e1mara cuenta con un micr\u00f3fono incorporado que admite la transmisi\u00f3n de se\u00f1ales de audio a trav\u00e9s del cable coaxial. Adopta un algoritmo profesional de eliminaci\u00f3n de ruido para filtrar el ruido de fondo y mejorar la calidad de voz, lo que garantiza la calidad y la efectividad de la informaci\u00f3n de audio recopilada. Soporte m\u00faltiples formatos de video. La c\u00e1mara admite m\u00faltiples formatos de video, incluidos hdcvi, cvbs y otros dos formatos anal\u00f3gicos hd comunes en el mercado. Los cuatro formatos se pueden cambiar a trav\u00e9s del men\u00fa osd o mediante pfm820 (controlador utc). Esta caracter\u00edstica hace que la c\u00e1mara sea compatible con la mayor\u00eda de los dvr hd \/ sd existentes de los usuarios finales. Dise\u00f1o resistente. La excelente fiabilidad de la c\u00e1mara es inigualable debido a su dise\u00f1o resistente. La c\u00e1mara est\u00e1 protegida contra el agua y el polvo con clasificaci\u00f3n ip67, lo que la hace adecuada para entornos interiores o exteriores. Con un rango de temperatura de trabajo de -40 \u00b0 c a +60 \u00b0 c , est\u00e1 dise\u00f1ada para entornos de temperatura extrema. Con una tolerancia de voltaje de entrada de \u00b1 30%, esta c\u00e1mara se adapta incluso a las condiciones de fuente de alimentaci\u00f3n m\u00e1s inestables. La estructura esta dise\u00f1ada con soporte a rayos con un \u00edndice de 4kv.<\/p>\n","protected":false},"featured_media":233962,"comment_status":"open","ping_status":"open","template":"","meta":[],"product_cat":[1608,1681],"product_tag":[1555],"acf":[],"yoast_head":"<!-- This site is optimized with the Yoast SEO plugin v21.7 - https:\/\/yoast.com\/wordpress\/plugins\/seo\/ -->\n<title>[ Dahua ] &#129351; Dh-hac-hfw1509tn-a-led-0360b Camara\/\/ Hac-hfw1509t-a-led Bullet Full Color De 5 Megapixeles\/ Lente De 3.6 Mm\/ Micrfono Integrado\/ Leds Para 20 Metros\/ Metalica\/ Wdr De 120 Db\/ Ip67<\/title>\n<meta name=\"description\" content=\"Compra Dh-hac-hfw1509tn-a-led-0360b Camara\/\/ Hac-hfw1509t-a-led Bullet Full Color De 5 Megapixeles\/ Lente De 3.6 Mm\/ Micrfono Integrado\/ Leds Para 20 Metros\/ Metalica\/ Wdr De 120 Db\/ Ip67 + Env\u00edo a domicilio + Pago seguro + Garant\u00eda\" \/>\n<meta name=\"robots\" content=\"index, follow, max-snippet:-1, max-image-preview:large, max-video-preview:-1\" \/>\n<link rel=\"canonical\" href=\"https:\/\/compuviper.mx\/tienda\/producto\/dahua-dh-hac-hfw1509tn-a-led-0360b-camara-hac-hfw1509t-a-led-bullet-full-color-de-5-megapixeles-lente-de-3-6-mm-micrfono-integrado-leds-para-20-metros-metalica-wdr-de-120-db-ip67\/\" \/>\n<meta property=\"og:locale\" content=\"es_MX\" \/>\n<meta property=\"og:type\" content=\"article\" \/>\n<meta property=\"og:title\" content=\"[ Dahua ] &#129351; Dh-hac-hfw1509tn-a-led-0360b Camara\/\/ Hac-hfw1509t-a-led Bullet Full Color De 5 Megapixeles\/ Lente De 3.6 Mm\/ Micrfono Integrado\/ Leds Para 20 Metros\/ Metalica\/ Wdr De 120 Db\/ Ip67\" \/>\n<meta property=\"og:description\" content=\"Compra Dh-hac-hfw1509tn-a-led-0360b Camara\/\/ Hac-hfw1509t-a-led Bullet Full Color De 5 Megapixeles\/ Lente De 3.6 Mm\/ Micrfono Integrado\/ Leds Para 20 Metros\/ Metalica\/ Wdr De 120 Db\/ Ip67 + Env\u00edo a domicilio + Pago seguro + Garant\u00eda\" \/>\n<meta property=\"og:url\" content=\"https:\/\/compuviper.mx\/tienda\/producto\/dahua-dh-hac-hfw1509tn-a-led-0360b-camara-hac-hfw1509t-a-led-bullet-full-color-de-5-megapixeles-lente-de-3-6-mm-micrfono-integrado-leds-para-20-metros-metalica-wdr-de-120-db-ip67\/\" \/>\n<meta property=\"og:site_name\" content=\"Compuviper\" \/>\n<meta property=\"article:publisher\" content=\"https:\/\/www.facebook.com\/compuviper\" \/>\n<meta property=\"og:image\" content=\"https:\/\/compuviper.mx\/tienda\/wp-content\/uploads\/2024\/05\/Camaradahua-hac-hfw1509t-a-led-bullet-full-color-de-5-megapixeles-lente-de-3.6-mm-microfono-integrado-leds-para-20-metros-metalica-wdr-de-120-db-ip67.jpg\" \/>\n\t<meta property=\"og:image:width\" content=\"200\" \/>\n\t<meta property=\"og:image:height\" content=\"200\" \/>\n\t<meta property=\"og:image:type\" content=\"image\/jpeg\" \/>\n<meta name=\"twitter:card\" content=\"summary_large_image\" \/>\n<meta name=\"twitter:label1\" content=\"Precio\" \/>\n\t<meta name=\"twitter:data1\" content=\"&#36;771 con IVA\" \/>\n\t<meta name=\"twitter:label2\" content=\"Availability\" \/>\n\t<meta name=\"twitter:data2\" content=\"On backorder\" \/>\n<script type=\"application\/ld+json\" class=\"yoast-schema-graph\">{\"@context\":\"https:\/\/schema.org\",\"@graph\":[{\"@type\":\"WebPage\",\"@id\":\"https:\/\/compuviper.mx\/tienda\/producto\/dahua-dh-hac-hfw1509tn-a-led-0360b-camara-hac-hfw1509t-a-led-bullet-full-color-de-5-megapixeles-lente-de-3-6-mm-micrfono-integrado-leds-para-20-metros-metalica-wdr-de-120-db-ip67\/\",\"url\":\"https:\/\/compuviper.mx\/tienda\/producto\/dahua-dh-hac-hfw1509tn-a-led-0360b-camara-hac-hfw1509t-a-led-bullet-full-color-de-5-megapixeles-lente-de-3-6-mm-micrfono-integrado-leds-para-20-metros-metalica-wdr-de-120-db-ip67\/\",\"name\":\"[ Dahua ] &#129351; Dh-hac-hfw1509tn-a-led-0360b Camara\/\/ Hac-hfw1509t-a-led Bullet Full Color De 5 Megapixeles\/ Lente De 3.6 Mm\/ Micrfono Integrado\/ Leds Para 20 Metros\/ Metalica\/ Wdr De 120 Db\/ Ip67\",\"isPartOf\":{\"@id\":\"https:\/\/compuviper.mx\/tienda\/#website\"},\"datePublished\":\"2026-04-23T06:14:15+00:00\",\"dateModified\":\"2026-04-23T06:14:15+00:00\",\"description\":\"Compra Dh-hac-hfw1509tn-a-led-0360b Camara\/\/ Hac-hfw1509t-a-led Bullet Full Color De 5 Megapixeles\/ Lente De 3.6 Mm\/ Micrfono Integrado\/ Leds Para 20 Metros\/ Metalica\/ Wdr De 120 Db\/ Ip67 + Env\u00edo a domicilio + Pago seguro + Garant\u00eda\",\"breadcrumb\":{\"@id\":\"https:\/\/compuviper.mx\/tienda\/producto\/dahua-dh-hac-hfw1509tn-a-led-0360b-camara-hac-hfw1509t-a-led-bullet-full-color-de-5-megapixeles-lente-de-3-6-mm-micrfono-integrado-leds-para-20-metros-metalica-wdr-de-120-db-ip67\/#breadcrumb\"},\"inLanguage\":\"es-MX\",\"potentialAction\":[{\"@type\":\"ReadAction\",\"target\":[\"https:\/\/compuviper.mx\/tienda\/producto\/dahua-dh-hac-hfw1509tn-a-led-0360b-camara-hac-hfw1509t-a-led-bullet-full-color-de-5-megapixeles-lente-de-3-6-mm-micrfono-integrado-leds-para-20-metros-metalica-wdr-de-120-db-ip67\/\"]}]},{\"@type\":\"BreadcrumbList\",\"@id\":\"https:\/\/compuviper.mx\/tienda\/producto\/dahua-dh-hac-hfw1509tn-a-led-0360b-camara-hac-hfw1509t-a-led-bullet-full-color-de-5-megapixeles-lente-de-3-6-mm-micrfono-integrado-leds-para-20-metros-metalica-wdr-de-120-db-ip67\/#breadcrumb\",\"itemListElement\":[{\"@type\":\"ListItem\",\"position\":1,\"name\":\"Inicio\",\"item\":\"https:\/\/compuviper.mx\/tienda\/\"},{\"@type\":\"ListItem\",\"position\":2,\"name\":\"Productos\",\"item\":\"https:\/\/compuviper.mx\/tienda\/productos\/\"},{\"@type\":\"ListItem\",\"position\":3,\"name\":\"Camaras\",\"item\":\"https:\/\/compuviper.mx\/tienda\/categoria-producto\/camaras-2\/\"},{\"@type\":\"ListItem\",\"position\":4,\"name\":\"Camara De Videovigilancia\",\"item\":\"https:\/\/compuviper.mx\/tienda\/categoria-producto\/camaras-2\/camara-de-videovigilancia\/\"},{\"@type\":\"ListItem\",\"position\":5,\"name\":\"Dahua Dh-hac-hfw1509tn-a-led-0360b Camara\/\/ Hac-hfw1509t-a-led Bullet Full Color De 5 Megapixeles\/ Lente De 3.6 Mm\/ Micrfono Integrado\/ Leds Para 20 Metros\/ Metalica\/ Wdr De 120 Db\/ Ip67\"}]},{\"@type\":\"WebSite\",\"@id\":\"https:\/\/compuviper.mx\/tienda\/#website\",\"url\":\"https:\/\/compuviper.mx\/tienda\/\",\"name\":\"Compuviper\",\"description\":\"Proveedor de Computadoras, Laptops, Servidores, Monitores, Puntos de Venta, Teclados,   Impresoras, T\u00f3ner, C\u00e1maras de Seguridad y m\u00e1s en tu tienda en l\u00ednea\",\"publisher\":{\"@id\":\"https:\/\/compuviper.mx\/tienda\/#organization\"},\"potentialAction\":[{\"@type\":\"SearchAction\",\"target\":{\"@type\":\"EntryPoint\",\"urlTemplate\":\"https:\/\/compuviper.mx\/tienda\/?s={search_term_string}\"},\"query-input\":\"required name=search_term_string\"}],\"inLanguage\":\"es-MX\"},{\"@type\":\"Organization\",\"@id\":\"https:\/\/compuviper.mx\/tienda\/#organization\",\"name\":\"Compuviper\",\"url\":\"https:\/\/compuviper.mx\/tienda\/\",\"logo\":{\"@type\":\"ImageObject\",\"inLanguage\":\"es-MX\",\"@id\":\"https:\/\/compuviper.mx\/tienda\/#\/schema\/logo\/image\/\",\"url\":\"https:\/\/compuviper.mx\/tienda\/wp-content\/uploads\/2021\/08\/Logo-Compuviper-10.png\",\"contentUrl\":\"https:\/\/compuviper.mx\/tienda\/wp-content\/uploads\/2021\/08\/Logo-Compuviper-10.png\",\"width\":1000,\"height\":500,\"caption\":\"Compuviper\"},\"image\":{\"@id\":\"https:\/\/compuviper.mx\/tienda\/#\/schema\/logo\/image\/\"},\"sameAs\":[\"https:\/\/www.facebook.com\/compuviper\",\"https:\/\/www.youtube.com\/channel\/UCf73dERp9Y3cfOq7q8BhLjA?view_as=subscriber\"]}]}<\/script>\n<meta property=\"product:brand\" content=\"DAHUA\" \/>\n<meta property=\"product:price:amount\" content=\"771\" \/>\n<meta property=\"product:price:currency\" content=\"MXN\" \/>\n<meta property=\"og:availability\" content=\"backorder\" \/>\n<meta property=\"product:availability\" content=\"available for order\" \/>\n<meta property=\"product:retailer_item_id\" content=\"DH-HAC-HFW1509TN-A-LED-0360B\" \/>\n<meta property=\"product:condition\" content=\"new\" \/>\n<!-- \/ Yoast SEO plugin. -->","yoast_head_json":{"title":"[ Dahua ] &#129351; Dh-hac-hfw1509tn-a-led-0360b Camara\/\/ Hac-hfw1509t-a-led Bullet Full Color De 5 Megapixeles\/ Lente De 3.6 Mm\/ Micrfono Integrado\/ Leds Para 20 Metros\/ Metalica\/ Wdr De 120 Db\/ Ip67","description":"Compra Dh-hac-hfw1509tn-a-led-0360b Camara\/\/ Hac-hfw1509t-a-led Bullet Full Color De 5 Megapixeles\/ Lente De 3.6 Mm\/ Micrfono Integrado\/ Leds Para 20 Metros\/ Metalica\/ Wdr De 120 Db\/ Ip67 + Env\u00edo a domicilio + Pago seguro + Garant\u00eda","robots":{"index":"index","follow":"follow","max-snippet":"max-snippet:-1","max-image-preview":"max-image-preview:large","max-video-preview":"max-video-preview:-1"},"canonical":"https:\/\/compuviper.mx\/tienda\/producto\/dahua-dh-hac-hfw1509tn-a-led-0360b-camara-hac-hfw1509t-a-led-bullet-full-color-de-5-megapixeles-lente-de-3-6-mm-micrfono-integrado-leds-para-20-metros-metalica-wdr-de-120-db-ip67\/","og_locale":"es_MX","og_type":"article","og_title":"[ Dahua ] &#129351; Dh-hac-hfw1509tn-a-led-0360b Camara\/\/ Hac-hfw1509t-a-led Bullet Full Color De 5 Megapixeles\/ Lente De 3.6 Mm\/ Micrfono Integrado\/ Leds Para 20 Metros\/ Metalica\/ Wdr De 120 Db\/ Ip67","og_description":"Compra Dh-hac-hfw1509tn-a-led-0360b Camara\/\/ Hac-hfw1509t-a-led Bullet Full Color De 5 Megapixeles\/ Lente De 3.6 Mm\/ Micrfono Integrado\/ Leds Para 20 Metros\/ Metalica\/ Wdr De 120 Db\/ Ip67 + Env\u00edo a domicilio + Pago seguro + Garant\u00eda","og_url":"https:\/\/compuviper.mx\/tienda\/producto\/dahua-dh-hac-hfw1509tn-a-led-0360b-camara-hac-hfw1509t-a-led-bullet-full-color-de-5-megapixeles-lente-de-3-6-mm-micrfono-integrado-leds-para-20-metros-metalica-wdr-de-120-db-ip67\/","og_site_name":"Compuviper","article_publisher":"https:\/\/www.facebook.com\/compuviper","og_image":[{"width":200,"height":200,"url":"https:\/\/compuviper.mx\/tienda\/wp-content\/uploads\/2024\/05\/Camaradahua-hac-hfw1509t-a-led-bullet-full-color-de-5-megapixeles-lente-de-3.6-mm-microfono-integrado-leds-para-20-metros-metalica-wdr-de-120-db-ip67.jpg","type":"image\/jpeg"}],"twitter_card":"summary_large_image","twitter_misc":{"Precio":"&#36;771 con IVA","Availability":"On backorder"},"schema":{"@context":"https:\/\/schema.org","@graph":[{"@type":"WebPage","@id":"https:\/\/compuviper.mx\/tienda\/producto\/dahua-dh-hac-hfw1509tn-a-led-0360b-camara-hac-hfw1509t-a-led-bullet-full-color-de-5-megapixeles-lente-de-3-6-mm-micrfono-integrado-leds-para-20-metros-metalica-wdr-de-120-db-ip67\/","url":"https:\/\/compuviper.mx\/tienda\/producto\/dahua-dh-hac-hfw1509tn-a-led-0360b-camara-hac-hfw1509t-a-led-bullet-full-color-de-5-megapixeles-lente-de-3-6-mm-micrfono-integrado-leds-para-20-metros-metalica-wdr-de-120-db-ip67\/","name":"[ Dahua ] &#129351; Dh-hac-hfw1509tn-a-led-0360b Camara\/\/ Hac-hfw1509t-a-led Bullet Full Color De 5 Megapixeles\/ Lente De 3.6 Mm\/ Micrfono Integrado\/ Leds Para 20 Metros\/ Metalica\/ Wdr De 120 Db\/ Ip67","isPartOf":{"@id":"https:\/\/compuviper.mx\/tienda\/#website"},"datePublished":"2026-04-23T06:14:15+00:00","dateModified":"2026-04-23T06:14:15+00:00","description":"Compra Dh-hac-hfw1509tn-a-led-0360b Camara\/\/ Hac-hfw1509t-a-led Bullet Full Color De 5 Megapixeles\/ Lente De 3.6 Mm\/ Micrfono Integrado\/ Leds Para 20 Metros\/ Metalica\/ Wdr De 120 Db\/ Ip67 + Env\u00edo a domicilio + Pago seguro + Garant\u00eda","breadcrumb":{"@id":"https:\/\/compuviper.mx\/tienda\/producto\/dahua-dh-hac-hfw1509tn-a-led-0360b-camara-hac-hfw1509t-a-led-bullet-full-color-de-5-megapixeles-lente-de-3-6-mm-micrfono-integrado-leds-para-20-metros-metalica-wdr-de-120-db-ip67\/#breadcrumb"},"inLanguage":"es-MX","potentialAction":[{"@type":"ReadAction","target":["https:\/\/compuviper.mx\/tienda\/producto\/dahua-dh-hac-hfw1509tn-a-led-0360b-camara-hac-hfw1509t-a-led-bullet-full-color-de-5-megapixeles-lente-de-3-6-mm-micrfono-integrado-leds-para-20-metros-metalica-wdr-de-120-db-ip67\/"]}]},{"@type":"BreadcrumbList","@id":"https:\/\/compuviper.mx\/tienda\/producto\/dahua-dh-hac-hfw1509tn-a-led-0360b-camara-hac-hfw1509t-a-led-bullet-full-color-de-5-megapixeles-lente-de-3-6-mm-micrfono-integrado-leds-para-20-metros-metalica-wdr-de-120-db-ip67\/#breadcrumb","itemListElement":[{"@type":"ListItem","position":1,"name":"Inicio","item":"https:\/\/compuviper.mx\/tienda\/"},{"@type":"ListItem","position":2,"name":"Productos","item":"https:\/\/compuviper.mx\/tienda\/productos\/"},{"@type":"ListItem","position":3,"name":"Camaras","item":"https:\/\/compuviper.mx\/tienda\/categoria-producto\/camaras-2\/"},{"@type":"ListItem","position":4,"name":"Camara De Videovigilancia","item":"https:\/\/compuviper.mx\/tienda\/categoria-producto\/camaras-2\/camara-de-videovigilancia\/"},{"@type":"ListItem","position":5,"name":"Dahua Dh-hac-hfw1509tn-a-led-0360b Camara\/\/ Hac-hfw1509t-a-led Bullet Full Color De 5 Megapixeles\/ Lente De 3.6 Mm\/ Micrfono Integrado\/ Leds Para 20 Metros\/ Metalica\/ Wdr De 120 Db\/ Ip67"}]},{"@type":"WebSite","@id":"https:\/\/compuviper.mx\/tienda\/#website","url":"https:\/\/compuviper.mx\/tienda\/","name":"Compuviper","description":"Proveedor de Computadoras, Laptops, Servidores, Monitores, Puntos de Venta, Teclados,   Impresoras, T\u00f3ner, C\u00e1maras de Seguridad y m\u00e1s en tu tienda en l\u00ednea","publisher":{"@id":"https:\/\/compuviper.mx\/tienda\/#organization"},"potentialAction":[{"@type":"SearchAction","target":{"@type":"EntryPoint","urlTemplate":"https:\/\/compuviper.mx\/tienda\/?s={search_term_string}"},"query-input":"required name=search_term_string"}],"inLanguage":"es-MX"},{"@type":"Organization","@id":"https:\/\/compuviper.mx\/tienda\/#organization","name":"Compuviper","url":"https:\/\/compuviper.mx\/tienda\/","logo":{"@type":"ImageObject","inLanguage":"es-MX","@id":"https:\/\/compuviper.mx\/tienda\/#\/schema\/logo\/image\/","url":"https:\/\/compuviper.mx\/tienda\/wp-content\/uploads\/2021\/08\/Logo-Compuviper-10.png","contentUrl":"https:\/\/compuviper.mx\/tienda\/wp-content\/uploads\/2021\/08\/Logo-Compuviper-10.png","width":1000,"height":500,"caption":"Compuviper"},"image":{"@id":"https:\/\/compuviper.mx\/tienda\/#\/schema\/logo\/image\/"},"sameAs":["https:\/\/www.facebook.com\/compuviper","https:\/\/www.youtube.com\/channel\/UCf73dERp9Y3cfOq7q8BhLjA?view_as=subscriber"]}]},"product_brand":"DAHUA","product_price_amount":"771","product_price_currency":"MXN","og_availability":"backorder","product_availability":"available for order","product_retailer_item_id":"DH-HAC-HFW1509TN-A-LED-0360B","product_condition":"new"},"_links":{"self":[{"href":"https:\/\/compuviper.mx\/tienda\/wp-json\/wp\/v2\/product\/232911"}],"collection":[{"href":"https:\/\/compuviper.mx\/tienda\/wp-json\/wp\/v2\/product"}],"about":[{"href":"https:\/\/compuviper.mx\/tienda\/wp-json\/wp\/v2\/types\/product"}],"replies":[{"embeddable":true,"href":"https:\/\/compuviper.mx\/tienda\/wp-json\/wp\/v2\/comments?post=232911"}],"wp:featuredmedia":[{"embeddable":true,"href":"https:\/\/compuviper.mx\/tienda\/wp-json\/wp\/v2\/media\/233962"}],"wp:attachment":[{"href":"https:\/\/compuviper.mx\/tienda\/wp-json\/wp\/v2\/media?parent=232911"}],"wp:term":[{"taxonomy":"product_cat","embeddable":true,"href":"https:\/\/compuviper.mx\/tienda\/wp-json\/wp\/v2\/product_cat?post=232911"},{"taxonomy":"product_tag","embeddable":true,"href":"https:\/\/compuviper.mx\/tienda\/wp-json\/wp\/v2\/product_tag?post=232911"}],"curies":[{"name":"wp","href":"https:\/\/api.w.org\/{rel}","templated":true}]}}