{"id":232896,"date":"2026-04-11T23:06:39","date_gmt":"2026-04-12T05:06:39","guid":{"rendered":"https:\/\/compuviper.mx\/tienda\/producto\/zoomy-zpf02-comedero-inteligente-para-mascotas-de-6-litros-manejo-con-app-con-plato-de-acero-inoxidable-para-perros-y-gatos\/"},"modified":"2026-04-11T23:06:39","modified_gmt":"2026-04-12T05:06:39","slug":"zoomy-zpf02-comedero-inteligente-para-mascotas-de-6-litros-manejo-con-app-con-plato-de-acero-inoxidable-para-perros-y-gatos","status":"publish","type":"product","link":"https:\/\/compuviper.mx\/tienda\/producto\/zoomy-zpf02-comedero-inteligente-para-mascotas-de-6-litros-manejo-con-app-con-plato-de-acero-inoxidable-para-perros-y-gatos\/","title":{"rendered":"Zoomy Zpf02 Comedero Inteligente Para Mascotas De 6 Litros Manejo Con App Con Plato De Acero Inoxidable Para Perros Y Gatos"},"content":{"rendered":"<table class=\"descripcion\">\n<tr>\n<td>Capacidad de 6l<\/td>\n<\/tr>\n<tr>\n<td>Control por aplicacin<\/td>\n<\/tr>\n<tr>\n<td>Grabadora de voz<\/td>\n<\/tr>\n<tr>\n<td>Material: plastico abs<\/td>\n<\/tr>\n<tr>\n<td>Plato de acero inoxidable removible<\/td>\n<\/tr>\n<tr>\n<td>Potencia de 5w<\/td>\n<\/tr>\n<tr>\n<td>Color: blanco<\/td>\n<\/tr>\n<tr>\n<td>Alimentacion 4pilas y\/o alimentacion entrada 5vcc 1a<\/td>\n<\/tr>\n<tr>\n<td>Conexin wifi: 2.4ghz<\/td>\n<\/tr>\n<\/table>\n","protected":false},"excerpt":{"rendered":"<p>Capacidad de 6l Control por aplicacin Grabadora de voz Material: plastico abs Plato de acero inoxidable removible Potencia de 5w Color: blanco Alimentacion 4pilas y\/o alimentacion entrada 5vcc 1a Conexin wifi: 2.4ghz<\/p>\n","protected":false},"featured_media":233633,"comment_status":"open","ping_status":"open","template":"","meta":[],"product_cat":[2278,2280],"product_tag":[2238],"acf":[],"yoast_head":"<!-- This site is optimized with the Yoast SEO plugin v21.7 - https:\/\/yoast.com\/wordpress\/plugins\/seo\/ -->\n<title>[ Zoomy ] &#129351; Zpf02 Comedero Inteligente Para Mascotas De 6 Litros Manejo Con App Con Plato De Acero Inoxidable Para Perros Y Gatos<\/title>\n<meta name=\"description\" content=\"Compra Zpf02 Comedero Inteligente Para Mascotas De 6 Litros Manejo Con App Con Plato De Acero Inoxidable Para Perros Y Gatos + Env\u00edo a domicilio + Pago seguro + Garant\u00eda\" \/>\n<meta name=\"robots\" content=\"index, follow, max-snippet:-1, max-image-preview:large, max-video-preview:-1\" \/>\n<link rel=\"canonical\" href=\"https:\/\/compuviper.mx\/tienda\/producto\/zoomy-zpf02-comedero-inteligente-para-mascotas-de-6-litros-manejo-con-app-con-plato-de-acero-inoxidable-para-perros-y-gatos\/\" \/>\n<meta property=\"og:locale\" content=\"es_MX\" \/>\n<meta property=\"og:type\" content=\"article\" \/>\n<meta property=\"og:title\" content=\"[ Zoomy ] &#129351; Zpf02 Comedero Inteligente Para Mascotas De 6 Litros Manejo Con App Con Plato De Acero Inoxidable Para Perros Y Gatos\" \/>\n<meta property=\"og:description\" content=\"Compra Zpf02 Comedero Inteligente Para Mascotas De 6 Litros Manejo Con App Con Plato De Acero Inoxidable Para Perros Y Gatos + Env\u00edo a domicilio + Pago seguro + Garant\u00eda\" \/>\n<meta property=\"og:url\" content=\"https:\/\/compuviper.mx\/tienda\/producto\/zoomy-zpf02-comedero-inteligente-para-mascotas-de-6-litros-manejo-con-app-con-plato-de-acero-inoxidable-para-perros-y-gatos\/\" \/>\n<meta property=\"og:site_name\" content=\"Compuviper\" \/>\n<meta property=\"article:publisher\" content=\"https:\/\/www.facebook.com\/compuviper\" \/>\n<meta property=\"og:image\" content=\"https:\/\/compuviper.mx\/tienda\/wp-content\/uploads\/2024\/05\/Comedero-inteligente-para-mascotas-de-6-litros-manejo-con-app-con-plato-de-acero-inoxidable-para-perros-y-gatos.jpg\" \/>\n\t<meta property=\"og:image:width\" content=\"200\" \/>\n\t<meta property=\"og:image:height\" content=\"200\" \/>\n\t<meta property=\"og:image:type\" content=\"image\/jpeg\" \/>\n<meta name=\"twitter:card\" content=\"summary_large_image\" \/>\n<meta name=\"twitter:label1\" content=\"Precio\" \/>\n\t<meta name=\"twitter:data1\" content=\"&#36;718 &#36;448 con IVA\" \/>\n\t<meta name=\"twitter:label2\" content=\"Availability\" \/>\n\t<meta name=\"twitter:data2\" content=\"In stock\" \/>\n<script type=\"application\/ld+json\" class=\"yoast-schema-graph\">{\"@context\":\"https:\/\/schema.org\",\"@graph\":[{\"@type\":\"WebPage\",\"@id\":\"https:\/\/compuviper.mx\/tienda\/producto\/zoomy-zpf02-comedero-inteligente-para-mascotas-de-6-litros-manejo-con-app-con-plato-de-acero-inoxidable-para-perros-y-gatos\/\",\"url\":\"https:\/\/compuviper.mx\/tienda\/producto\/zoomy-zpf02-comedero-inteligente-para-mascotas-de-6-litros-manejo-con-app-con-plato-de-acero-inoxidable-para-perros-y-gatos\/\",\"name\":\"[ Zoomy ] &#129351; Zpf02 Comedero Inteligente Para Mascotas De 6 Litros Manejo Con App Con Plato De Acero Inoxidable Para Perros Y Gatos\",\"isPartOf\":{\"@id\":\"https:\/\/compuviper.mx\/tienda\/#website\"},\"datePublished\":\"2026-04-12T05:06:39+00:00\",\"dateModified\":\"2026-04-12T05:06:39+00:00\",\"description\":\"Compra Zpf02 Comedero Inteligente Para Mascotas De 6 Litros Manejo Con App Con Plato De Acero Inoxidable Para Perros Y Gatos + Env\u00edo a domicilio + Pago seguro + Garant\u00eda\",\"breadcrumb\":{\"@id\":\"https:\/\/compuviper.mx\/tienda\/producto\/zoomy-zpf02-comedero-inteligente-para-mascotas-de-6-litros-manejo-con-app-con-plato-de-acero-inoxidable-para-perros-y-gatos\/#breadcrumb\"},\"inLanguage\":\"es-MX\",\"potentialAction\":[{\"@type\":\"ReadAction\",\"target\":[\"https:\/\/compuviper.mx\/tienda\/producto\/zoomy-zpf02-comedero-inteligente-para-mascotas-de-6-litros-manejo-con-app-con-plato-de-acero-inoxidable-para-perros-y-gatos\/\"]}]},{\"@type\":\"BreadcrumbList\",\"@id\":\"https:\/\/compuviper.mx\/tienda\/producto\/zoomy-zpf02-comedero-inteligente-para-mascotas-de-6-litros-manejo-con-app-con-plato-de-acero-inoxidable-para-perros-y-gatos\/#breadcrumb\",\"itemListElement\":[{\"@type\":\"ListItem\",\"position\":1,\"name\":\"Inicio\",\"item\":\"https:\/\/compuviper.mx\/tienda\/\"},{\"@type\":\"ListItem\",\"position\":2,\"name\":\"Productos\",\"item\":\"https:\/\/compuviper.mx\/tienda\/productos\/\"},{\"@type\":\"ListItem\",\"position\":3,\"name\":\"Animales Y Mascotas\",\"item\":\"https:\/\/compuviper.mx\/tienda\/categoria-producto\/animales-y-mascotas\/\"},{\"@type\":\"ListItem\",\"position\":4,\"name\":\"Bebederos Y Comederos\",\"item\":\"https:\/\/compuviper.mx\/tienda\/categoria-producto\/animales-y-mascotas\/bebederos-y-comederos\/\"},{\"@type\":\"ListItem\",\"position\":5,\"name\":\"Zoomy Zpf02 Comedero Inteligente Para Mascotas De 6 Litros Manejo Con App Con Plato De Acero Inoxidable Para Perros Y Gatos\"}]},{\"@type\":\"WebSite\",\"@id\":\"https:\/\/compuviper.mx\/tienda\/#website\",\"url\":\"https:\/\/compuviper.mx\/tienda\/\",\"name\":\"Compuviper\",\"description\":\"Proveedor de Computadoras, Laptops, Servidores, Monitores, Puntos de Venta, Teclados,   Impresoras, T\u00f3ner, C\u00e1maras de Seguridad y m\u00e1s en tu tienda en l\u00ednea\",\"publisher\":{\"@id\":\"https:\/\/compuviper.mx\/tienda\/#organization\"},\"potentialAction\":[{\"@type\":\"SearchAction\",\"target\":{\"@type\":\"EntryPoint\",\"urlTemplate\":\"https:\/\/compuviper.mx\/tienda\/?s={search_term_string}\"},\"query-input\":\"required name=search_term_string\"}],\"inLanguage\":\"es-MX\"},{\"@type\":\"Organization\",\"@id\":\"https:\/\/compuviper.mx\/tienda\/#organization\",\"name\":\"Compuviper\",\"url\":\"https:\/\/compuviper.mx\/tienda\/\",\"logo\":{\"@type\":\"ImageObject\",\"inLanguage\":\"es-MX\",\"@id\":\"https:\/\/compuviper.mx\/tienda\/#\/schema\/logo\/image\/\",\"url\":\"https:\/\/compuviper.mx\/tienda\/wp-content\/uploads\/2021\/08\/Logo-Compuviper-10.png\",\"contentUrl\":\"https:\/\/compuviper.mx\/tienda\/wp-content\/uploads\/2021\/08\/Logo-Compuviper-10.png\",\"width\":1000,\"height\":500,\"caption\":\"Compuviper\"},\"image\":{\"@id\":\"https:\/\/compuviper.mx\/tienda\/#\/schema\/logo\/image\/\"},\"sameAs\":[\"https:\/\/www.facebook.com\/compuviper\",\"https:\/\/www.youtube.com\/channel\/UCf73dERp9Y3cfOq7q8BhLjA?view_as=subscriber\"]}]}<\/script>\n<meta property=\"product:brand\" content=\"Zoomy\" \/>\n<meta property=\"product:price:amount\" content=\"448\" \/>\n<meta property=\"product:price:currency\" content=\"MXN\" \/>\n<meta property=\"og:availability\" content=\"instock\" \/>\n<meta property=\"product:availability\" content=\"instock\" \/>\n<meta property=\"product:retailer_item_id\" content=\"ZPF02\" \/>\n<meta property=\"product:condition\" content=\"new\" \/>\n<!-- \/ Yoast SEO plugin. -->","yoast_head_json":{"title":"[ Zoomy ] &#129351; Zpf02 Comedero Inteligente Para Mascotas De 6 Litros Manejo Con App Con Plato De Acero Inoxidable Para Perros Y Gatos","description":"Compra Zpf02 Comedero Inteligente Para Mascotas De 6 Litros Manejo Con App Con Plato De Acero Inoxidable Para Perros Y Gatos + Env\u00edo a domicilio + Pago seguro + Garant\u00eda","robots":{"index":"index","follow":"follow","max-snippet":"max-snippet:-1","max-image-preview":"max-image-preview:large","max-video-preview":"max-video-preview:-1"},"canonical":"https:\/\/compuviper.mx\/tienda\/producto\/zoomy-zpf02-comedero-inteligente-para-mascotas-de-6-litros-manejo-con-app-con-plato-de-acero-inoxidable-para-perros-y-gatos\/","og_locale":"es_MX","og_type":"article","og_title":"[ Zoomy ] &#129351; Zpf02 Comedero Inteligente Para Mascotas De 6 Litros Manejo Con App Con Plato De Acero Inoxidable Para Perros Y Gatos","og_description":"Compra Zpf02 Comedero Inteligente Para Mascotas De 6 Litros Manejo Con App Con Plato De Acero Inoxidable Para Perros Y Gatos + Env\u00edo a domicilio + Pago seguro + Garant\u00eda","og_url":"https:\/\/compuviper.mx\/tienda\/producto\/zoomy-zpf02-comedero-inteligente-para-mascotas-de-6-litros-manejo-con-app-con-plato-de-acero-inoxidable-para-perros-y-gatos\/","og_site_name":"Compuviper","article_publisher":"https:\/\/www.facebook.com\/compuviper","og_image":[{"width":200,"height":200,"url":"https:\/\/compuviper.mx\/tienda\/wp-content\/uploads\/2024\/05\/Comedero-inteligente-para-mascotas-de-6-litros-manejo-con-app-con-plato-de-acero-inoxidable-para-perros-y-gatos.jpg","type":"image\/jpeg"}],"twitter_card":"summary_large_image","twitter_misc":{"Precio":"&#36;718 &#36;448 con IVA","Availability":"In stock"},"schema":{"@context":"https:\/\/schema.org","@graph":[{"@type":"WebPage","@id":"https:\/\/compuviper.mx\/tienda\/producto\/zoomy-zpf02-comedero-inteligente-para-mascotas-de-6-litros-manejo-con-app-con-plato-de-acero-inoxidable-para-perros-y-gatos\/","url":"https:\/\/compuviper.mx\/tienda\/producto\/zoomy-zpf02-comedero-inteligente-para-mascotas-de-6-litros-manejo-con-app-con-plato-de-acero-inoxidable-para-perros-y-gatos\/","name":"[ Zoomy ] &#129351; Zpf02 Comedero Inteligente Para Mascotas De 6 Litros Manejo Con App Con Plato De Acero Inoxidable Para Perros Y Gatos","isPartOf":{"@id":"https:\/\/compuviper.mx\/tienda\/#website"},"datePublished":"2026-04-12T05:06:39+00:00","dateModified":"2026-04-12T05:06:39+00:00","description":"Compra Zpf02 Comedero Inteligente Para Mascotas De 6 Litros Manejo Con App Con Plato De Acero Inoxidable Para Perros Y Gatos + Env\u00edo a domicilio + Pago seguro + Garant\u00eda","breadcrumb":{"@id":"https:\/\/compuviper.mx\/tienda\/producto\/zoomy-zpf02-comedero-inteligente-para-mascotas-de-6-litros-manejo-con-app-con-plato-de-acero-inoxidable-para-perros-y-gatos\/#breadcrumb"},"inLanguage":"es-MX","potentialAction":[{"@type":"ReadAction","target":["https:\/\/compuviper.mx\/tienda\/producto\/zoomy-zpf02-comedero-inteligente-para-mascotas-de-6-litros-manejo-con-app-con-plato-de-acero-inoxidable-para-perros-y-gatos\/"]}]},{"@type":"BreadcrumbList","@id":"https:\/\/compuviper.mx\/tienda\/producto\/zoomy-zpf02-comedero-inteligente-para-mascotas-de-6-litros-manejo-con-app-con-plato-de-acero-inoxidable-para-perros-y-gatos\/#breadcrumb","itemListElement":[{"@type":"ListItem","position":1,"name":"Inicio","item":"https:\/\/compuviper.mx\/tienda\/"},{"@type":"ListItem","position":2,"name":"Productos","item":"https:\/\/compuviper.mx\/tienda\/productos\/"},{"@type":"ListItem","position":3,"name":"Animales Y Mascotas","item":"https:\/\/compuviper.mx\/tienda\/categoria-producto\/animales-y-mascotas\/"},{"@type":"ListItem","position":4,"name":"Bebederos Y Comederos","item":"https:\/\/compuviper.mx\/tienda\/categoria-producto\/animales-y-mascotas\/bebederos-y-comederos\/"},{"@type":"ListItem","position":5,"name":"Zoomy Zpf02 Comedero Inteligente Para Mascotas De 6 Litros Manejo Con App Con Plato De Acero Inoxidable Para Perros Y Gatos"}]},{"@type":"WebSite","@id":"https:\/\/compuviper.mx\/tienda\/#website","url":"https:\/\/compuviper.mx\/tienda\/","name":"Compuviper","description":"Proveedor de Computadoras, Laptops, Servidores, Monitores, Puntos de Venta, Teclados,   Impresoras, T\u00f3ner, C\u00e1maras de Seguridad y m\u00e1s en tu tienda en l\u00ednea","publisher":{"@id":"https:\/\/compuviper.mx\/tienda\/#organization"},"potentialAction":[{"@type":"SearchAction","target":{"@type":"EntryPoint","urlTemplate":"https:\/\/compuviper.mx\/tienda\/?s={search_term_string}"},"query-input":"required name=search_term_string"}],"inLanguage":"es-MX"},{"@type":"Organization","@id":"https:\/\/compuviper.mx\/tienda\/#organization","name":"Compuviper","url":"https:\/\/compuviper.mx\/tienda\/","logo":{"@type":"ImageObject","inLanguage":"es-MX","@id":"https:\/\/compuviper.mx\/tienda\/#\/schema\/logo\/image\/","url":"https:\/\/compuviper.mx\/tienda\/wp-content\/uploads\/2021\/08\/Logo-Compuviper-10.png","contentUrl":"https:\/\/compuviper.mx\/tienda\/wp-content\/uploads\/2021\/08\/Logo-Compuviper-10.png","width":1000,"height":500,"caption":"Compuviper"},"image":{"@id":"https:\/\/compuviper.mx\/tienda\/#\/schema\/logo\/image\/"},"sameAs":["https:\/\/www.facebook.com\/compuviper","https:\/\/www.youtube.com\/channel\/UCf73dERp9Y3cfOq7q8BhLjA?view_as=subscriber"]}]},"product_brand":"Zoomy","product_price_amount":"448","product_price_currency":"MXN","og_availability":"instock","product_availability":"instock","product_retailer_item_id":"ZPF02","product_condition":"new"},"_links":{"self":[{"href":"https:\/\/compuviper.mx\/tienda\/wp-json\/wp\/v2\/product\/232896"}],"collection":[{"href":"https:\/\/compuviper.mx\/tienda\/wp-json\/wp\/v2\/product"}],"about":[{"href":"https:\/\/compuviper.mx\/tienda\/wp-json\/wp\/v2\/types\/product"}],"replies":[{"embeddable":true,"href":"https:\/\/compuviper.mx\/tienda\/wp-json\/wp\/v2\/comments?post=232896"}],"wp:featuredmedia":[{"embeddable":true,"href":"https:\/\/compuviper.mx\/tienda\/wp-json\/wp\/v2\/media\/233633"}],"wp:attachment":[{"href":"https:\/\/compuviper.mx\/tienda\/wp-json\/wp\/v2\/media?parent=232896"}],"wp:term":[{"taxonomy":"product_cat","embeddable":true,"href":"https:\/\/compuviper.mx\/tienda\/wp-json\/wp\/v2\/product_cat?post=232896"},{"taxonomy":"product_tag","embeddable":true,"href":"https:\/\/compuviper.mx\/tienda\/wp-json\/wp\/v2\/product_tag?post=232896"}],"curies":[{"name":"wp","href":"https:\/\/api.w.org\/{rel}","templated":true}]}}