{"id":232853,"date":"2026-05-09T00:45:04","date_gmt":"2026-05-09T06:45:04","guid":{"rendered":"https:\/\/compuviper.mx\/tienda\/producto\/dell-210-bmfq-monitor-led-p2725he-27-pulgadas-fhd-1920-x-1080-100hz-concentror-usb-c-hdmi-dp-usb-a-usb-c-rj45\/"},"modified":"2026-05-09T00:45:04","modified_gmt":"2026-05-09T06:45:04","slug":"dell-210-bmfq-monitor-led-p2725he-27-pulgadas-fhd-1920-x-1080-100hz-concentror-usb-c-hdmi-dp-usb-a-usb-c-rj45","status":"publish","type":"product","link":"https:\/\/compuviper.mx\/tienda\/producto\/dell-210-bmfq-monitor-led-p2725he-27-pulgadas-fhd-1920-x-1080-100hz-concentror-usb-c-hdmi-dp-usb-a-usb-c-rj45\/","title":{"rendered":"Dell 210-bmfq Monitor Led  P2725he 27 Pulgadas Fhd 1920 X 1080 100hz Concentror Usb-c Hdmi, Dp, Usb-a, Usb-c, Rj45"},"content":{"rendered":"<table class=\"descripcion\">\n<tr>\n<td>Conectividad<\/td>\n<\/tr>\n<tr>\n<td>1 hdmi 1.4 (hdcp 1.4) (compatible con hasta fhd de 1920 \u00d7 1080 a 100 hz con tmds, seg\u00fan especificaciones de hdmi 1.4)<\/td>\n<\/tr>\n<tr>\n<td>1 dp 1.4 (hdcp 1.4)<\/td>\n<\/tr>\n<tr>\n<td>1 dp 1.4 (salida) con mst (hdcp 1.4)<\/td>\n<\/tr>\n<tr>\n<td>1 rj45<\/td>\n<\/tr>\n<tr>\n<td>1 usb 3.2 tipo c de 1.\u00aa generaci\u00f3n, ascendente (modo alternativo con dp 1.4) con suministro de alimentaci\u00f3n de hasta 90 w<\/td>\n<\/tr>\n<tr>\n<td>3 usb 3.2 tipo a de 1.\u00aa generaci\u00f3n, descendentes<\/td>\n<\/tr>\n<tr>\n<td>1 usb 3.2 tipo c de 1.\u00aa generaci\u00f3n, descendente con suministro de alimentaci\u00f3n de hasta 15 w (solo datos)<\/td>\n<\/tr>\n<tr>\n<td>Cables incluidos<\/td>\n<\/tr>\n<tr>\n<td>1 cable de alimentaci\u00f3n<\/td>\n<\/tr>\n<tr>\n<td>1 cable de dp a dp (1,8 m)<\/td>\n<\/tr>\n<tr>\n<td>1 cable usb 3.2 de tipo c a tipo c de 2.\u00aa generaci\u00f3n (1 m)<\/td>\n<\/tr>\n<\/table>\n","protected":false},"excerpt":{"rendered":"<p>Con\u00e9ctate a la productividad este monitor fhd de 27 con concentrador, que cuenta con una comodidad visual de 4 estrellas certificada por t\u00fcv, ofrece una comodidad visual mejorada y hasta 90 w de suministro de alimentaci\u00f3n.<\/p>\n","protected":false},"featured_media":234171,"comment_status":"open","ping_status":"open","template":"","meta":[],"product_cat":[1741,1740],"product_tag":[1537],"acf":[],"yoast_head":"<!-- This site is optimized with the Yoast SEO plugin v21.7 - https:\/\/yoast.com\/wordpress\/plugins\/seo\/ -->\n<title>[ Dell ] &#129351; 210-bmfq Monitor Led P2725he 27 Pulgadas Fhd 1920 X 1080 100hz Concentror Usb-c Hdmi, Dp, Usb-a, Usb-c, Rj45<\/title>\n<meta name=\"description\" content=\"Compra 210-bmfq Monitor Led P2725he 27 Pulgadas Fhd 1920 X 1080 100hz Concentror Usb-c Hdmi, Dp, Usb-a, Usb-c, Rj45 + Env\u00edo a domicilio + Pago seguro + Garant\u00eda\" \/>\n<meta name=\"robots\" content=\"index, follow, max-snippet:-1, max-image-preview:large, max-video-preview:-1\" \/>\n<link rel=\"canonical\" href=\"https:\/\/compuviper.mx\/tienda\/producto\/dell-210-bmfq-monitor-led-p2725he-27-pulgadas-fhd-1920-x-1080-100hz-concentror-usb-c-hdmi-dp-usb-a-usb-c-rj45\/\" \/>\n<meta property=\"og:locale\" content=\"es_MX\" \/>\n<meta property=\"og:type\" content=\"article\" \/>\n<meta property=\"og:title\" content=\"[ Dell ] &#129351; 210-bmfq Monitor Led P2725he 27 Pulgadas Fhd 1920 X 1080 100hz Concentror Usb-c Hdmi, Dp, Usb-a, Usb-c, Rj45\" \/>\n<meta property=\"og:description\" content=\"Compra 210-bmfq Monitor Led P2725he 27 Pulgadas Fhd 1920 X 1080 100hz Concentror Usb-c Hdmi, Dp, Usb-a, Usb-c, Rj45 + Env\u00edo a domicilio + Pago seguro + Garant\u00eda\" \/>\n<meta property=\"og:url\" content=\"https:\/\/compuviper.mx\/tienda\/producto\/dell-210-bmfq-monitor-led-p2725he-27-pulgadas-fhd-1920-x-1080-100hz-concentror-usb-c-hdmi-dp-usb-a-usb-c-rj45\/\" \/>\n<meta property=\"og:site_name\" content=\"Compuviper\" \/>\n<meta property=\"article:publisher\" content=\"https:\/\/www.facebook.com\/compuviper\" \/>\n<meta property=\"og:image\" content=\"https:\/\/compuviper.mx\/tienda\/wp-content\/uploads\/2024\/05\/Monitor-led-dell-p2725he-27-pulgadas-fhd-1920-x-1080-100hz-concentror-usb-c-hdmi-dp-usb-a-usb-c-rj45-210-bmfq.jpg\" \/>\n\t<meta property=\"og:image:width\" content=\"200\" \/>\n\t<meta property=\"og:image:height\" content=\"200\" \/>\n\t<meta property=\"og:image:type\" content=\"image\/jpeg\" \/>\n<meta name=\"twitter:card\" content=\"summary_large_image\" \/>\n<meta name=\"twitter:label1\" content=\"Precio\" \/>\n\t<meta name=\"twitter:data1\" content=\"&#36;5,294 &#36;5,059 con IVA\" \/>\n\t<meta name=\"twitter:label2\" content=\"Availability\" \/>\n\t<meta name=\"twitter:data2\" content=\"Out of stock\" \/>\n<script type=\"application\/ld+json\" class=\"yoast-schema-graph\">{\"@context\":\"https:\/\/schema.org\",\"@graph\":[{\"@type\":\"WebPage\",\"@id\":\"https:\/\/compuviper.mx\/tienda\/producto\/dell-210-bmfq-monitor-led-p2725he-27-pulgadas-fhd-1920-x-1080-100hz-concentror-usb-c-hdmi-dp-usb-a-usb-c-rj45\/\",\"url\":\"https:\/\/compuviper.mx\/tienda\/producto\/dell-210-bmfq-monitor-led-p2725he-27-pulgadas-fhd-1920-x-1080-100hz-concentror-usb-c-hdmi-dp-usb-a-usb-c-rj45\/\",\"name\":\"[ Dell ] &#129351; 210-bmfq Monitor Led P2725he 27 Pulgadas Fhd 1920 X 1080 100hz Concentror Usb-c Hdmi, Dp, Usb-a, Usb-c, Rj45\",\"isPartOf\":{\"@id\":\"https:\/\/compuviper.mx\/tienda\/#website\"},\"datePublished\":\"2026-05-09T06:45:04+00:00\",\"dateModified\":\"2026-05-09T06:45:04+00:00\",\"description\":\"Compra 210-bmfq Monitor Led P2725he 27 Pulgadas Fhd 1920 X 1080 100hz Concentror Usb-c Hdmi, Dp, Usb-a, Usb-c, Rj45 + Env\u00edo a domicilio + Pago seguro + Garant\u00eda\",\"breadcrumb\":{\"@id\":\"https:\/\/compuviper.mx\/tienda\/producto\/dell-210-bmfq-monitor-led-p2725he-27-pulgadas-fhd-1920-x-1080-100hz-concentror-usb-c-hdmi-dp-usb-a-usb-c-rj45\/#breadcrumb\"},\"inLanguage\":\"es-MX\",\"potentialAction\":[{\"@type\":\"ReadAction\",\"target\":[\"https:\/\/compuviper.mx\/tienda\/producto\/dell-210-bmfq-monitor-led-p2725he-27-pulgadas-fhd-1920-x-1080-100hz-concentror-usb-c-hdmi-dp-usb-a-usb-c-rj45\/\"]}]},{\"@type\":\"BreadcrumbList\",\"@id\":\"https:\/\/compuviper.mx\/tienda\/producto\/dell-210-bmfq-monitor-led-p2725he-27-pulgadas-fhd-1920-x-1080-100hz-concentror-usb-c-hdmi-dp-usb-a-usb-c-rj45\/#breadcrumb\",\"itemListElement\":[{\"@type\":\"ListItem\",\"position\":1,\"name\":\"Inicio\",\"item\":\"https:\/\/compuviper.mx\/tienda\/\"},{\"@type\":\"ListItem\",\"position\":2,\"name\":\"Productos\",\"item\":\"https:\/\/compuviper.mx\/tienda\/productos\/\"},{\"@type\":\"ListItem\",\"position\":3,\"name\":\"Monitores\",\"item\":\"https:\/\/compuviper.mx\/tienda\/categoria-producto\/monitores\/\"},{\"@type\":\"ListItem\",\"position\":4,\"name\":\"Led\",\"item\":\"https:\/\/compuviper.mx\/tienda\/categoria-producto\/monitores\/led\/\"},{\"@type\":\"ListItem\",\"position\":5,\"name\":\"Dell 210-bmfq Monitor Led P2725he 27 Pulgadas Fhd 1920 X 1080 100hz Concentror Usb-c Hdmi, Dp, Usb-a, Usb-c, Rj45\"}]},{\"@type\":\"WebSite\",\"@id\":\"https:\/\/compuviper.mx\/tienda\/#website\",\"url\":\"https:\/\/compuviper.mx\/tienda\/\",\"name\":\"Compuviper\",\"description\":\"Proveedor de Computadoras, Laptops, Servidores, Monitores, Puntos de Venta, Teclados,   Impresoras, T\u00f3ner, C\u00e1maras de Seguridad y m\u00e1s en tu tienda en l\u00ednea\",\"publisher\":{\"@id\":\"https:\/\/compuviper.mx\/tienda\/#organization\"},\"potentialAction\":[{\"@type\":\"SearchAction\",\"target\":{\"@type\":\"EntryPoint\",\"urlTemplate\":\"https:\/\/compuviper.mx\/tienda\/?s={search_term_string}\"},\"query-input\":\"required name=search_term_string\"}],\"inLanguage\":\"es-MX\"},{\"@type\":\"Organization\",\"@id\":\"https:\/\/compuviper.mx\/tienda\/#organization\",\"name\":\"Compuviper\",\"url\":\"https:\/\/compuviper.mx\/tienda\/\",\"logo\":{\"@type\":\"ImageObject\",\"inLanguage\":\"es-MX\",\"@id\":\"https:\/\/compuviper.mx\/tienda\/#\/schema\/logo\/image\/\",\"url\":\"https:\/\/compuviper.mx\/tienda\/wp-content\/uploads\/2021\/08\/Logo-Compuviper-10.png\",\"contentUrl\":\"https:\/\/compuviper.mx\/tienda\/wp-content\/uploads\/2021\/08\/Logo-Compuviper-10.png\",\"width\":1000,\"height\":500,\"caption\":\"Compuviper\"},\"image\":{\"@id\":\"https:\/\/compuviper.mx\/tienda\/#\/schema\/logo\/image\/\"},\"sameAs\":[\"https:\/\/www.facebook.com\/compuviper\",\"https:\/\/www.youtube.com\/channel\/UCf73dERp9Y3cfOq7q8BhLjA?view_as=subscriber\"]}]}<\/script>\n<meta property=\"product:brand\" content=\"DELL\" \/>\n<meta property=\"product:price:amount\" content=\"5059\" \/>\n<meta property=\"product:price:currency\" content=\"MXN\" \/>\n<meta property=\"og:availability\" content=\"out of stock\" \/>\n<meta property=\"product:availability\" content=\"out of stock\" \/>\n<meta property=\"product:retailer_item_id\" content=\"210-BMFQ\" \/>\n<meta property=\"product:condition\" content=\"new\" \/>\n<!-- \/ Yoast SEO plugin. -->","yoast_head_json":{"title":"[ Dell ] &#129351; 210-bmfq Monitor Led P2725he 27 Pulgadas Fhd 1920 X 1080 100hz Concentror Usb-c Hdmi, Dp, Usb-a, Usb-c, Rj45","description":"Compra 210-bmfq Monitor Led P2725he 27 Pulgadas Fhd 1920 X 1080 100hz Concentror Usb-c Hdmi, Dp, Usb-a, Usb-c, Rj45 + Env\u00edo a domicilio + Pago seguro + Garant\u00eda","robots":{"index":"index","follow":"follow","max-snippet":"max-snippet:-1","max-image-preview":"max-image-preview:large","max-video-preview":"max-video-preview:-1"},"canonical":"https:\/\/compuviper.mx\/tienda\/producto\/dell-210-bmfq-monitor-led-p2725he-27-pulgadas-fhd-1920-x-1080-100hz-concentror-usb-c-hdmi-dp-usb-a-usb-c-rj45\/","og_locale":"es_MX","og_type":"article","og_title":"[ Dell ] &#129351; 210-bmfq Monitor Led P2725he 27 Pulgadas Fhd 1920 X 1080 100hz Concentror Usb-c Hdmi, Dp, Usb-a, Usb-c, Rj45","og_description":"Compra 210-bmfq Monitor Led P2725he 27 Pulgadas Fhd 1920 X 1080 100hz Concentror Usb-c Hdmi, Dp, Usb-a, Usb-c, Rj45 + Env\u00edo a domicilio + Pago seguro + Garant\u00eda","og_url":"https:\/\/compuviper.mx\/tienda\/producto\/dell-210-bmfq-monitor-led-p2725he-27-pulgadas-fhd-1920-x-1080-100hz-concentror-usb-c-hdmi-dp-usb-a-usb-c-rj45\/","og_site_name":"Compuviper","article_publisher":"https:\/\/www.facebook.com\/compuviper","og_image":[{"width":200,"height":200,"url":"https:\/\/compuviper.mx\/tienda\/wp-content\/uploads\/2024\/05\/Monitor-led-dell-p2725he-27-pulgadas-fhd-1920-x-1080-100hz-concentror-usb-c-hdmi-dp-usb-a-usb-c-rj45-210-bmfq.jpg","type":"image\/jpeg"}],"twitter_card":"summary_large_image","twitter_misc":{"Precio":"&#36;5,294 &#36;5,059 con IVA","Availability":"Out of stock"},"schema":{"@context":"https:\/\/schema.org","@graph":[{"@type":"WebPage","@id":"https:\/\/compuviper.mx\/tienda\/producto\/dell-210-bmfq-monitor-led-p2725he-27-pulgadas-fhd-1920-x-1080-100hz-concentror-usb-c-hdmi-dp-usb-a-usb-c-rj45\/","url":"https:\/\/compuviper.mx\/tienda\/producto\/dell-210-bmfq-monitor-led-p2725he-27-pulgadas-fhd-1920-x-1080-100hz-concentror-usb-c-hdmi-dp-usb-a-usb-c-rj45\/","name":"[ Dell ] &#129351; 210-bmfq Monitor Led P2725he 27 Pulgadas Fhd 1920 X 1080 100hz Concentror Usb-c Hdmi, Dp, Usb-a, Usb-c, Rj45","isPartOf":{"@id":"https:\/\/compuviper.mx\/tienda\/#website"},"datePublished":"2026-05-09T06:45:04+00:00","dateModified":"2026-05-09T06:45:04+00:00","description":"Compra 210-bmfq Monitor Led P2725he 27 Pulgadas Fhd 1920 X 1080 100hz Concentror Usb-c Hdmi, Dp, Usb-a, Usb-c, Rj45 + Env\u00edo a domicilio + Pago seguro + Garant\u00eda","breadcrumb":{"@id":"https:\/\/compuviper.mx\/tienda\/producto\/dell-210-bmfq-monitor-led-p2725he-27-pulgadas-fhd-1920-x-1080-100hz-concentror-usb-c-hdmi-dp-usb-a-usb-c-rj45\/#breadcrumb"},"inLanguage":"es-MX","potentialAction":[{"@type":"ReadAction","target":["https:\/\/compuviper.mx\/tienda\/producto\/dell-210-bmfq-monitor-led-p2725he-27-pulgadas-fhd-1920-x-1080-100hz-concentror-usb-c-hdmi-dp-usb-a-usb-c-rj45\/"]}]},{"@type":"BreadcrumbList","@id":"https:\/\/compuviper.mx\/tienda\/producto\/dell-210-bmfq-monitor-led-p2725he-27-pulgadas-fhd-1920-x-1080-100hz-concentror-usb-c-hdmi-dp-usb-a-usb-c-rj45\/#breadcrumb","itemListElement":[{"@type":"ListItem","position":1,"name":"Inicio","item":"https:\/\/compuviper.mx\/tienda\/"},{"@type":"ListItem","position":2,"name":"Productos","item":"https:\/\/compuviper.mx\/tienda\/productos\/"},{"@type":"ListItem","position":3,"name":"Monitores","item":"https:\/\/compuviper.mx\/tienda\/categoria-producto\/monitores\/"},{"@type":"ListItem","position":4,"name":"Led","item":"https:\/\/compuviper.mx\/tienda\/categoria-producto\/monitores\/led\/"},{"@type":"ListItem","position":5,"name":"Dell 210-bmfq Monitor Led P2725he 27 Pulgadas Fhd 1920 X 1080 100hz Concentror Usb-c Hdmi, Dp, Usb-a, Usb-c, Rj45"}]},{"@type":"WebSite","@id":"https:\/\/compuviper.mx\/tienda\/#website","url":"https:\/\/compuviper.mx\/tienda\/","name":"Compuviper","description":"Proveedor de Computadoras, Laptops, Servidores, Monitores, Puntos de Venta, Teclados,   Impresoras, T\u00f3ner, C\u00e1maras de Seguridad y m\u00e1s en tu tienda en l\u00ednea","publisher":{"@id":"https:\/\/compuviper.mx\/tienda\/#organization"},"potentialAction":[{"@type":"SearchAction","target":{"@type":"EntryPoint","urlTemplate":"https:\/\/compuviper.mx\/tienda\/?s={search_term_string}"},"query-input":"required name=search_term_string"}],"inLanguage":"es-MX"},{"@type":"Organization","@id":"https:\/\/compuviper.mx\/tienda\/#organization","name":"Compuviper","url":"https:\/\/compuviper.mx\/tienda\/","logo":{"@type":"ImageObject","inLanguage":"es-MX","@id":"https:\/\/compuviper.mx\/tienda\/#\/schema\/logo\/image\/","url":"https:\/\/compuviper.mx\/tienda\/wp-content\/uploads\/2021\/08\/Logo-Compuviper-10.png","contentUrl":"https:\/\/compuviper.mx\/tienda\/wp-content\/uploads\/2021\/08\/Logo-Compuviper-10.png","width":1000,"height":500,"caption":"Compuviper"},"image":{"@id":"https:\/\/compuviper.mx\/tienda\/#\/schema\/logo\/image\/"},"sameAs":["https:\/\/www.facebook.com\/compuviper","https:\/\/www.youtube.com\/channel\/UCf73dERp9Y3cfOq7q8BhLjA?view_as=subscriber"]}]},"product_brand":"DELL","product_price_amount":"5059","product_price_currency":"MXN","og_availability":"out of stock","product_availability":"out of stock","product_retailer_item_id":"210-BMFQ","product_condition":"new"},"_links":{"self":[{"href":"https:\/\/compuviper.mx\/tienda\/wp-json\/wp\/v2\/product\/232853"}],"collection":[{"href":"https:\/\/compuviper.mx\/tienda\/wp-json\/wp\/v2\/product"}],"about":[{"href":"https:\/\/compuviper.mx\/tienda\/wp-json\/wp\/v2\/types\/product"}],"replies":[{"embeddable":true,"href":"https:\/\/compuviper.mx\/tienda\/wp-json\/wp\/v2\/comments?post=232853"}],"wp:featuredmedia":[{"embeddable":true,"href":"https:\/\/compuviper.mx\/tienda\/wp-json\/wp\/v2\/media\/234171"}],"wp:attachment":[{"href":"https:\/\/compuviper.mx\/tienda\/wp-json\/wp\/v2\/media?parent=232853"}],"wp:term":[{"taxonomy":"product_cat","embeddable":true,"href":"https:\/\/compuviper.mx\/tienda\/wp-json\/wp\/v2\/product_cat?post=232853"},{"taxonomy":"product_tag","embeddable":true,"href":"https:\/\/compuviper.mx\/tienda\/wp-json\/wp\/v2\/product_tag?post=232853"}],"curies":[{"name":"wp","href":"https:\/\/api.w.org\/{rel}","templated":true}]}}