{"id":232835,"date":"2026-04-01T23:12:09","date_gmt":"2026-04-02T05:12:09","guid":{"rendered":"https:\/\/compuviper.mx\/tienda\/producto\/peerless-av-ds-s560-2x2-soportes-video-wall-peerless-fijo-para-monitores-de-46-a-55-capacidad-hasta-272-kg\/"},"modified":"2026-04-01T23:12:09","modified_gmt":"2026-04-02T05:12:09","slug":"peerless-av-ds-s560-2x2-soportes-video-wall-peerless-fijo-para-monitores-de-46-a-55-capacidad-hasta-272-kg","status":"publish","type":"product","link":"https:\/\/compuviper.mx\/tienda\/producto\/peerless-av-ds-s560-2x2-soportes-video-wall-peerless-fijo-para-monitores-de-46-a-55-capacidad-hasta-272-kg\/","title":{"rendered":"Peerless-av Ds-s560-2&#215;2 Soportes Video Wall Peerless  Fijo Para Monitores De 46 A 55 Capacidad Hasta 272 Kg"},"content":{"rendered":"<table class=\"descripcion\">\n<tr>\n<td>Especificaciones del producto<\/td>\n<\/tr>\n<tr>\n<td>Tama\u00f1o de pantalla m\u00ednimo a m\u00e1ximo46 a 60<\/td>\n<\/tr>\n<tr>\n<td>Patr\u00f3n vesa200 x 200 hasta 600 x 400<\/td>\n<\/tr>\n<tr>\n<td>Capacidad de peso500 libras (227 kg)<\/td>\n<\/tr>\n<tr>\n<td>Color negro<\/td>\n<\/tr>\n<tr>\n<td>La capa del polvo<\/td>\n<\/tr>\n<tr>\n<td>Caracter\u00edsticas de seguridad<\/td>\n<\/tr>\n<tr>\n<td>Hardware de seguridad<\/td>\n<\/tr>\n<tr>\n<td>Especificaciones del paquete<\/td>\n<\/tr>\n<tr>\n<td>Peso de env\u00edo 66,8 kg<\/td>\n<\/tr>\n<tr>\n<td>Dimensiones del empaque 952,5 x 317,5 x 2133,6 mm<\/td>\n<\/tr>\n<\/table>\n","protected":false},"excerpt":{"rendered":"<p>Ya no son necesarias herramientas ni torniller\u00eda adicionales con las caracter\u00edsticas \u00fatiles del soporte de pedestal para mural de video modular de peerless-av, que garantizan una aplicaci\u00f3n segura y de aspecto profesional. El microajuste sin herramientas del ds-s560-2&#215;2 es lo que necesita para lograr una alineaci\u00f3n perfecta de la pantalla en poco tiempo. El almacenamiento para medios es la ubicaci\u00f3n central perfecta para los componentes y la organizaci\u00f3n de cables integrada ayuda con la apariencia ordenada. Si busca mayor estabilidad, este soporte puede instalarse en estructuras de concreto sin soportes adicionales para pared o cielorrasos en cualquier ubicaci\u00f3n de alto tr\u00e1nsito minorista, de transporte p\u00fablico, etc.<\/p>\n","protected":false},"featured_media":233770,"comment_status":"open","ping_status":"open","template":"","meta":[],"product_cat":[2321,2265],"product_tag":[1904],"acf":[],"yoast_head":"<!-- This site is optimized with the Yoast SEO plugin v21.7 - https:\/\/yoast.com\/wordpress\/plugins\/seo\/ -->\n<title>[ Peerless-av ] &#129351; Ds-s560-2x2 Soportes Video Wall Peerless Fijo Para Monitores De 46 A 55 Capacidad Hasta 272 Kg<\/title>\n<meta name=\"description\" content=\"Compra Ds-s560-2x2 Soportes Video Wall Peerless Fijo Para Monitores De 46 A 55 Capacidad Hasta 272 Kg + Env\u00edo a domicilio + Pago seguro + Garant\u00eda\" \/>\n<meta name=\"robots\" content=\"index, follow, max-snippet:-1, max-image-preview:large, max-video-preview:-1\" \/>\n<link rel=\"canonical\" href=\"https:\/\/compuviper.mx\/tienda\/producto\/peerless-av-ds-s560-2x2-soportes-video-wall-peerless-fijo-para-monitores-de-46-a-55-capacidad-hasta-272-kg\/\" \/>\n<meta property=\"og:locale\" content=\"es_MX\" \/>\n<meta property=\"og:type\" content=\"article\" \/>\n<meta property=\"og:title\" content=\"[ Peerless-av ] &#129351; Ds-s560-2x2 Soportes Video Wall Peerless Fijo Para Monitores De 46 A 55 Capacidad Hasta 272 Kg\" \/>\n<meta property=\"og:description\" content=\"Compra Ds-s560-2x2 Soportes Video Wall Peerless Fijo Para Monitores De 46 A 55 Capacidad Hasta 272 Kg + Env\u00edo a domicilio + Pago seguro + Garant\u00eda\" \/>\n<meta property=\"og:url\" content=\"https:\/\/compuviper.mx\/tienda\/producto\/peerless-av-ds-s560-2x2-soportes-video-wall-peerless-fijo-para-monitores-de-46-a-55-capacidad-hasta-272-kg\/\" \/>\n<meta property=\"og:site_name\" content=\"Compuviper\" \/>\n<meta property=\"article:publisher\" content=\"https:\/\/www.facebook.com\/compuviper\" \/>\n<meta property=\"og:image\" content=\"https:\/\/compuviper.mx\/tienda\/wp-content\/uploads\/2024\/05\/Soportes-video-wall-peerless-ds-s560-2x2-fijo-para-monitores-de-46-a-55-capacidad-hasta-272-kg.jpg\" \/>\n\t<meta property=\"og:image:width\" content=\"200\" \/>\n\t<meta property=\"og:image:height\" content=\"200\" \/>\n\t<meta property=\"og:image:type\" content=\"image\/jpeg\" \/>\n<meta name=\"twitter:card\" content=\"summary_large_image\" \/>\n<meta name=\"twitter:label1\" content=\"Precio\" \/>\n\t<meta name=\"twitter:data1\" content=\"&#36;51,975 con IVA\" \/>\n\t<meta name=\"twitter:label2\" content=\"Availability\" \/>\n\t<meta name=\"twitter:data2\" content=\"On backorder\" \/>\n<script type=\"application\/ld+json\" class=\"yoast-schema-graph\">{\"@context\":\"https:\/\/schema.org\",\"@graph\":[{\"@type\":\"WebPage\",\"@id\":\"https:\/\/compuviper.mx\/tienda\/producto\/peerless-av-ds-s560-2x2-soportes-video-wall-peerless-fijo-para-monitores-de-46-a-55-capacidad-hasta-272-kg\/\",\"url\":\"https:\/\/compuviper.mx\/tienda\/producto\/peerless-av-ds-s560-2x2-soportes-video-wall-peerless-fijo-para-monitores-de-46-a-55-capacidad-hasta-272-kg\/\",\"name\":\"[ Peerless-av ] &#129351; Ds-s560-2x2 Soportes Video Wall Peerless Fijo Para Monitores De 46 A 55 Capacidad Hasta 272 Kg\",\"isPartOf\":{\"@id\":\"https:\/\/compuviper.mx\/tienda\/#website\"},\"datePublished\":\"2026-04-02T05:12:09+00:00\",\"dateModified\":\"2026-04-02T05:12:09+00:00\",\"description\":\"Compra Ds-s560-2x2 Soportes Video Wall Peerless Fijo Para Monitores De 46 A 55 Capacidad Hasta 272 Kg + Env\u00edo a domicilio + Pago seguro + Garant\u00eda\",\"breadcrumb\":{\"@id\":\"https:\/\/compuviper.mx\/tienda\/producto\/peerless-av-ds-s560-2x2-soportes-video-wall-peerless-fijo-para-monitores-de-46-a-55-capacidad-hasta-272-kg\/#breadcrumb\"},\"inLanguage\":\"es-MX\",\"potentialAction\":[{\"@type\":\"ReadAction\",\"target\":[\"https:\/\/compuviper.mx\/tienda\/producto\/peerless-av-ds-s560-2x2-soportes-video-wall-peerless-fijo-para-monitores-de-46-a-55-capacidad-hasta-272-kg\/\"]}]},{\"@type\":\"BreadcrumbList\",\"@id\":\"https:\/\/compuviper.mx\/tienda\/producto\/peerless-av-ds-s560-2x2-soportes-video-wall-peerless-fijo-para-monitores-de-46-a-55-capacidad-hasta-272-kg\/#breadcrumb\",\"itemListElement\":[{\"@type\":\"ListItem\",\"position\":1,\"name\":\"Inicio\",\"item\":\"https:\/\/compuviper.mx\/tienda\/\"},{\"@type\":\"ListItem\",\"position\":2,\"name\":\"Productos\",\"item\":\"https:\/\/compuviper.mx\/tienda\/productos\/\"},{\"@type\":\"ListItem\",\"position\":3,\"name\":\"Soportes Y Bases P\/tv\/ Proyectores\/dvd\/consolas\/bocinas\/pantallas\/monotores\",\"item\":\"https:\/\/compuviper.mx\/tienda\/categoria-producto\/soportes-y-bases-p-tv-proyectores-dvd-consolas-bocinas-pantallas-monotores\/\"},{\"@type\":\"ListItem\",\"position\":4,\"name\":\"Soporte Y Base Para Tv\/pantallas\/monitores\/kiosko\",\"item\":\"https:\/\/compuviper.mx\/tienda\/categoria-producto\/soportes-y-bases-p-tv-proyectores-dvd-consolas-bocinas-pantallas-monotores\/soporte-y-base-para-tv-pantallas-monitores-kiosko\/\"},{\"@type\":\"ListItem\",\"position\":5,\"name\":\"Peerless-av Ds-s560-2&#215;2 Soportes Video Wall Peerless Fijo Para Monitores De 46 A 55 Capacidad Hasta 272 Kg\"}]},{\"@type\":\"WebSite\",\"@id\":\"https:\/\/compuviper.mx\/tienda\/#website\",\"url\":\"https:\/\/compuviper.mx\/tienda\/\",\"name\":\"Compuviper\",\"description\":\"Proveedor de Computadoras, Laptops, Servidores, Monitores, Puntos de Venta, Teclados,   Impresoras, T\u00f3ner, C\u00e1maras de Seguridad y m\u00e1s en tu tienda en l\u00ednea\",\"publisher\":{\"@id\":\"https:\/\/compuviper.mx\/tienda\/#organization\"},\"potentialAction\":[{\"@type\":\"SearchAction\",\"target\":{\"@type\":\"EntryPoint\",\"urlTemplate\":\"https:\/\/compuviper.mx\/tienda\/?s={search_term_string}\"},\"query-input\":\"required name=search_term_string\"}],\"inLanguage\":\"es-MX\"},{\"@type\":\"Organization\",\"@id\":\"https:\/\/compuviper.mx\/tienda\/#organization\",\"name\":\"Compuviper\",\"url\":\"https:\/\/compuviper.mx\/tienda\/\",\"logo\":{\"@type\":\"ImageObject\",\"inLanguage\":\"es-MX\",\"@id\":\"https:\/\/compuviper.mx\/tienda\/#\/schema\/logo\/image\/\",\"url\":\"https:\/\/compuviper.mx\/tienda\/wp-content\/uploads\/2021\/08\/Logo-Compuviper-10.png\",\"contentUrl\":\"https:\/\/compuviper.mx\/tienda\/wp-content\/uploads\/2021\/08\/Logo-Compuviper-10.png\",\"width\":1000,\"height\":500,\"caption\":\"Compuviper\"},\"image\":{\"@id\":\"https:\/\/compuviper.mx\/tienda\/#\/schema\/logo\/image\/\"},\"sameAs\":[\"https:\/\/www.facebook.com\/compuviper\",\"https:\/\/www.youtube.com\/channel\/UCf73dERp9Y3cfOq7q8BhLjA?view_as=subscriber\"]}]}<\/script>\n<meta property=\"product:brand\" content=\"PEERLESS-AV\" \/>\n<meta property=\"product:price:amount\" content=\"51975\" \/>\n<meta property=\"product:price:currency\" content=\"MXN\" \/>\n<meta property=\"og:availability\" content=\"backorder\" \/>\n<meta property=\"product:availability\" content=\"available for order\" \/>\n<meta property=\"product:retailer_item_id\" content=\"DS-S560-2X2\" \/>\n<meta property=\"product:condition\" content=\"new\" \/>\n<!-- \/ Yoast SEO plugin. -->","yoast_head_json":{"title":"[ Peerless-av ] &#129351; Ds-s560-2x2 Soportes Video Wall Peerless Fijo Para Monitores De 46 A 55 Capacidad Hasta 272 Kg","description":"Compra Ds-s560-2x2 Soportes Video Wall Peerless Fijo Para Monitores De 46 A 55 Capacidad Hasta 272 Kg + Env\u00edo a domicilio + Pago seguro + Garant\u00eda","robots":{"index":"index","follow":"follow","max-snippet":"max-snippet:-1","max-image-preview":"max-image-preview:large","max-video-preview":"max-video-preview:-1"},"canonical":"https:\/\/compuviper.mx\/tienda\/producto\/peerless-av-ds-s560-2x2-soportes-video-wall-peerless-fijo-para-monitores-de-46-a-55-capacidad-hasta-272-kg\/","og_locale":"es_MX","og_type":"article","og_title":"[ Peerless-av ] &#129351; Ds-s560-2x2 Soportes Video Wall Peerless Fijo Para Monitores De 46 A 55 Capacidad Hasta 272 Kg","og_description":"Compra Ds-s560-2x2 Soportes Video Wall Peerless Fijo Para Monitores De 46 A 55 Capacidad Hasta 272 Kg + Env\u00edo a domicilio + Pago seguro + Garant\u00eda","og_url":"https:\/\/compuviper.mx\/tienda\/producto\/peerless-av-ds-s560-2x2-soportes-video-wall-peerless-fijo-para-monitores-de-46-a-55-capacidad-hasta-272-kg\/","og_site_name":"Compuviper","article_publisher":"https:\/\/www.facebook.com\/compuviper","og_image":[{"width":200,"height":200,"url":"https:\/\/compuviper.mx\/tienda\/wp-content\/uploads\/2024\/05\/Soportes-video-wall-peerless-ds-s560-2x2-fijo-para-monitores-de-46-a-55-capacidad-hasta-272-kg.jpg","type":"image\/jpeg"}],"twitter_card":"summary_large_image","twitter_misc":{"Precio":"&#36;51,975 con IVA","Availability":"On backorder"},"schema":{"@context":"https:\/\/schema.org","@graph":[{"@type":"WebPage","@id":"https:\/\/compuviper.mx\/tienda\/producto\/peerless-av-ds-s560-2x2-soportes-video-wall-peerless-fijo-para-monitores-de-46-a-55-capacidad-hasta-272-kg\/","url":"https:\/\/compuviper.mx\/tienda\/producto\/peerless-av-ds-s560-2x2-soportes-video-wall-peerless-fijo-para-monitores-de-46-a-55-capacidad-hasta-272-kg\/","name":"[ Peerless-av ] &#129351; Ds-s560-2x2 Soportes Video Wall Peerless Fijo Para Monitores De 46 A 55 Capacidad Hasta 272 Kg","isPartOf":{"@id":"https:\/\/compuviper.mx\/tienda\/#website"},"datePublished":"2026-04-02T05:12:09+00:00","dateModified":"2026-04-02T05:12:09+00:00","description":"Compra Ds-s560-2x2 Soportes Video Wall Peerless Fijo Para Monitores De 46 A 55 Capacidad Hasta 272 Kg + Env\u00edo a domicilio + Pago seguro + Garant\u00eda","breadcrumb":{"@id":"https:\/\/compuviper.mx\/tienda\/producto\/peerless-av-ds-s560-2x2-soportes-video-wall-peerless-fijo-para-monitores-de-46-a-55-capacidad-hasta-272-kg\/#breadcrumb"},"inLanguage":"es-MX","potentialAction":[{"@type":"ReadAction","target":["https:\/\/compuviper.mx\/tienda\/producto\/peerless-av-ds-s560-2x2-soportes-video-wall-peerless-fijo-para-monitores-de-46-a-55-capacidad-hasta-272-kg\/"]}]},{"@type":"BreadcrumbList","@id":"https:\/\/compuviper.mx\/tienda\/producto\/peerless-av-ds-s560-2x2-soportes-video-wall-peerless-fijo-para-monitores-de-46-a-55-capacidad-hasta-272-kg\/#breadcrumb","itemListElement":[{"@type":"ListItem","position":1,"name":"Inicio","item":"https:\/\/compuviper.mx\/tienda\/"},{"@type":"ListItem","position":2,"name":"Productos","item":"https:\/\/compuviper.mx\/tienda\/productos\/"},{"@type":"ListItem","position":3,"name":"Soportes Y Bases P\/tv\/ Proyectores\/dvd\/consolas\/bocinas\/pantallas\/monotores","item":"https:\/\/compuviper.mx\/tienda\/categoria-producto\/soportes-y-bases-p-tv-proyectores-dvd-consolas-bocinas-pantallas-monotores\/"},{"@type":"ListItem","position":4,"name":"Soporte Y Base Para Tv\/pantallas\/monitores\/kiosko","item":"https:\/\/compuviper.mx\/tienda\/categoria-producto\/soportes-y-bases-p-tv-proyectores-dvd-consolas-bocinas-pantallas-monotores\/soporte-y-base-para-tv-pantallas-monitores-kiosko\/"},{"@type":"ListItem","position":5,"name":"Peerless-av Ds-s560-2&#215;2 Soportes Video Wall Peerless Fijo Para Monitores De 46 A 55 Capacidad Hasta 272 Kg"}]},{"@type":"WebSite","@id":"https:\/\/compuviper.mx\/tienda\/#website","url":"https:\/\/compuviper.mx\/tienda\/","name":"Compuviper","description":"Proveedor de Computadoras, Laptops, Servidores, Monitores, Puntos de Venta, Teclados,   Impresoras, T\u00f3ner, C\u00e1maras de Seguridad y m\u00e1s en tu tienda en l\u00ednea","publisher":{"@id":"https:\/\/compuviper.mx\/tienda\/#organization"},"potentialAction":[{"@type":"SearchAction","target":{"@type":"EntryPoint","urlTemplate":"https:\/\/compuviper.mx\/tienda\/?s={search_term_string}"},"query-input":"required name=search_term_string"}],"inLanguage":"es-MX"},{"@type":"Organization","@id":"https:\/\/compuviper.mx\/tienda\/#organization","name":"Compuviper","url":"https:\/\/compuviper.mx\/tienda\/","logo":{"@type":"ImageObject","inLanguage":"es-MX","@id":"https:\/\/compuviper.mx\/tienda\/#\/schema\/logo\/image\/","url":"https:\/\/compuviper.mx\/tienda\/wp-content\/uploads\/2021\/08\/Logo-Compuviper-10.png","contentUrl":"https:\/\/compuviper.mx\/tienda\/wp-content\/uploads\/2021\/08\/Logo-Compuviper-10.png","width":1000,"height":500,"caption":"Compuviper"},"image":{"@id":"https:\/\/compuviper.mx\/tienda\/#\/schema\/logo\/image\/"},"sameAs":["https:\/\/www.facebook.com\/compuviper","https:\/\/www.youtube.com\/channel\/UCf73dERp9Y3cfOq7q8BhLjA?view_as=subscriber"]}]},"product_brand":"PEERLESS-AV","product_price_amount":"51975","product_price_currency":"MXN","og_availability":"backorder","product_availability":"available for order","product_retailer_item_id":"DS-S560-2X2","product_condition":"new"},"_links":{"self":[{"href":"https:\/\/compuviper.mx\/tienda\/wp-json\/wp\/v2\/product\/232835"}],"collection":[{"href":"https:\/\/compuviper.mx\/tienda\/wp-json\/wp\/v2\/product"}],"about":[{"href":"https:\/\/compuviper.mx\/tienda\/wp-json\/wp\/v2\/types\/product"}],"replies":[{"embeddable":true,"href":"https:\/\/compuviper.mx\/tienda\/wp-json\/wp\/v2\/comments?post=232835"}],"wp:featuredmedia":[{"embeddable":true,"href":"https:\/\/compuviper.mx\/tienda\/wp-json\/wp\/v2\/media\/233770"}],"wp:attachment":[{"href":"https:\/\/compuviper.mx\/tienda\/wp-json\/wp\/v2\/media?parent=232835"}],"wp:term":[{"taxonomy":"product_cat","embeddable":true,"href":"https:\/\/compuviper.mx\/tienda\/wp-json\/wp\/v2\/product_cat?post=232835"},{"taxonomy":"product_tag","embeddable":true,"href":"https:\/\/compuviper.mx\/tienda\/wp-json\/wp\/v2\/product_tag?post=232835"}],"curies":[{"name":"wp","href":"https:\/\/api.w.org\/{rel}","templated":true}]}}