{"id":232834,"date":"2026-04-01T23:12:08","date_gmt":"2026-04-02T05:12:08","guid":{"rendered":"https:\/\/compuviper.mx\/tienda\/producto\/dahua-dh-pfm907-e-probador-de-video-ip-y-hdcvi-pfm907-soporta-compresion-h-265-y-h-264-ctrl-ptz-audio-multimetro-integrado-probador-de-red-y-senal-wifi-protocolo-onvif-salida-de-12v-2-amp-linu\/"},"modified":"2026-04-01T23:12:09","modified_gmt":"2026-04-02T05:12:09","slug":"dahua-dh-pfm907-e-probador-de-video-ip-y-hdcvi-pfm907-soporta-compresion-h-265-y-h-264-ctrl-ptz-audio-multimetro-integrado-probador-de-red-y-senal-wifi-protocolo-onvif-salida-de-12v-2-amp-linu","status":"publish","type":"product","link":"https:\/\/compuviper.mx\/tienda\/producto\/dahua-dh-pfm907-e-probador-de-video-ip-y-hdcvi-pfm907-soporta-compresion-h-265-y-h-264-ctrl-ptz-audio-multimetro-integrado-probador-de-red-y-senal-wifi-protocolo-onvif-salida-de-12v-2-amp-linu\/","title":{"rendered":"Dahua Dh-pfm907-e Probador De Video Ip Y Hdcvi\/ \/ Pfm907\/soporta Compresion H.265 Y H.264\/ Ctrl Ptz\/audio\/ Multimetro Integrado\/ Probador De Red Y Senal Wifi\/ Protocolo Onvif\/ Salida De 12v 2 Amp\/linux"},"content":{"rendered":"<table class=\"descripcion\">\n<tr>\n<td>Especificaciones<\/td>\n<\/tr>\n<tr>\n<td>\u0095sistema operativo: linux<\/td>\n<\/tr>\n<tr>\n<td>\u0095idioma 13 idiomas, incluidos chino e ingls<\/td>\n<\/tr>\n<tr>\n<td>\u0095modo de operacin pantalla t\u00e1ctil<\/td>\n<\/tr>\n<tr>\n<td>\u0095modo de espera autom\u00e1tico \/ apagado apagado \/ 5\u009660 min<\/td>\n<\/tr>\n<tr>\n<td>\u0095wifi: frecuencia 2.4g \/ 5g<\/td>\n<\/tr>\n<tr>\n<td>\u0095imagen: vista en vivo, instant\u00e1nea y grabacin, zoom<\/td>\n<\/tr>\n<tr>\n<td>\u00951 puerto de carga, 12 v cc 1 puerto de salida de potencia, 12vdc 2a<\/td>\n<\/tr>\n<tr>\n<td>\u00951 puerto de entrada de audio, 1 puerto de salida de audio<\/td>\n<\/tr>\n<tr>\n<td>\u00951 puerto tipo a, 1 puerto esclavo<\/td>\n<\/tr>\n<tr>\n<td>\u00952 puertos de red rj45 10m \/ 100m \/ 1g<\/td>\n<\/tr>\n<tr>\n<td>\u00951  puerto de entrada hdmi 1  puerto de salida hdmi<\/td>\n<\/tr>\n<tr>\n<td>\u0095fuente de alimentacin 12 vcc 1a \/ poe 48 v \u0096 0.5 a<\/td>\n<\/tr>\n<\/table>\n","protected":false},"excerpt":{"rendered":"<p>Informacion general. Impulsado por el sistema linux, el probador de montaje integrado es una herramienta de prueba de alta precision que ayuda en la instalacion y el mantenimiento en el lugar de los dispositivos de videovigilancia. Cuenta con una pantalla tactil de 7 pulgadas que es facil de usar y cmoda al tacto. Mltiples formatos de vdeo. El pfm907 admite una gran cantidad de funciones necesarias en proyectos de construccin de seguridad modernos, como ipc, hdcvi, ahd, tvi y pantalla de video de monitor cvbs, entrada y salida hdmi, prueba de cable de red tdr, prueba de seal wi-fi, multmetro digital y ptico. Funciones de prueba del medidor de potencia. Soporta camaras ip. El pfm907 es un tester que soporta c\u00e1maras ip, las cuales pueden ser alimentadas desde el dispositivo ya que cuenta con el protocolo: ieee 802.11a \/ n \/ ac, desde el cual se puede modificar la resolucion de las c\u00e1maras ip, la direccin ip y la contrasea de la misma. Tambien puede resetear la camara ip a valores de fabrica. Principales caractersticas. \u0095soporta sistema de vigilancia digital hdcvi, ahd, hdtvi y cvbs. \u0095fuente de alimentacin poe o 12 vdc. \u0095admite el protocolo onvif para configurar la direccin ip. \u0095control de audio \/ rs-485. \u0095funcion de multmetro digital. \u0095prueba de cable de red tdr. \u0095prueba de seales wi-fi.<\/p>\n","protected":false},"featured_media":233769,"comment_status":"open","ping_status":"open","template":"","meta":[],"product_cat":[1485,1525],"product_tag":[1555],"acf":[],"yoast_head":"<!-- This site is optimized with the Yoast SEO plugin v21.7 - https:\/\/yoast.com\/wordpress\/plugins\/seo\/ -->\n<title>[ Dahua ] &#129351; Dh-pfm907-e Probador De Video Ip Y Hdcvi\/ \/ Pfm907\/soporta Compresion H.265 Y H.264\/ Ctrl Ptz\/audio\/ Multimetro Integrado\/ Probador De Red Y Senal Wifi\/ Protocolo Onvif\/ Salida De 12v 2 Amp\/linux<\/title>\n<meta name=\"description\" content=\"Compra Dh-pfm907-e Probador De Video Ip Y Hdcvi\/ \/ Pfm907\/soporta Compresion H.265 Y H.264\/ Ctrl Ptz\/audio\/ Multimetro Integrado\/ Probador De Red Y Senal Wifi\/ Protocolo Onvif\/ Salida De 12v 2 Amp\/linux + Env\u00edo a domicilio + Pago seguro + Garant\u00eda\" \/>\n<meta name=\"robots\" content=\"index, follow, max-snippet:-1, max-image-preview:large, max-video-preview:-1\" \/>\n<link rel=\"canonical\" href=\"https:\/\/compuviper.mx\/tienda\/producto\/dahua-dh-pfm907-e-probador-de-video-ip-y-hdcvi-pfm907-soporta-compresion-h-265-y-h-264-ctrl-ptz-audio-multimetro-integrado-probador-de-red-y-senal-wifi-protocolo-onvif-salida-de-12v-2-amp-linu\/\" \/>\n<meta property=\"og:locale\" content=\"es_MX\" \/>\n<meta property=\"og:type\" content=\"article\" \/>\n<meta property=\"og:title\" content=\"[ Dahua ] &#129351; Dh-pfm907-e Probador De Video Ip Y Hdcvi\/ \/ Pfm907\/soporta Compresion H.265 Y H.264\/ Ctrl Ptz\/audio\/ Multimetro Integrado\/ Probador De Red Y Senal Wifi\/ Protocolo Onvif\/ Salida De 12v 2 Amp\/linux\" \/>\n<meta property=\"og:description\" content=\"Compra Dh-pfm907-e Probador De Video Ip Y Hdcvi\/ \/ Pfm907\/soporta Compresion H.265 Y H.264\/ Ctrl Ptz\/audio\/ Multimetro Integrado\/ Probador De Red Y Senal Wifi\/ Protocolo Onvif\/ Salida De 12v 2 Amp\/linux + Env\u00edo a domicilio + Pago seguro + Garant\u00eda\" \/>\n<meta property=\"og:url\" content=\"https:\/\/compuviper.mx\/tienda\/producto\/dahua-dh-pfm907-e-probador-de-video-ip-y-hdcvi-pfm907-soporta-compresion-h-265-y-h-264-ctrl-ptz-audio-multimetro-integrado-probador-de-red-y-senal-wifi-protocolo-onvif-salida-de-12v-2-amp-linu\/\" \/>\n<meta property=\"og:site_name\" content=\"Compuviper\" \/>\n<meta property=\"article:publisher\" content=\"https:\/\/www.facebook.com\/compuviper\" \/>\n<meta property=\"article:modified_time\" content=\"2026-04-02T05:12:09+00:00\" \/>\n<meta property=\"og:image\" content=\"https:\/\/compuviper.mx\/tienda\/wp-content\/uploads\/2024\/05\/Probador-de-video-ip-y-hdcvi-dahua-pfm907soporta-compresion-h.265-y-h.264-ctrl-ptzaudio-multimetro-integrado-probador-de-red-y-senal-wifi-protocolo-onvif-salida-de-12v-2-amplinux.jpg\" \/>\n\t<meta property=\"og:image:width\" content=\"200\" \/>\n\t<meta property=\"og:image:height\" content=\"200\" \/>\n\t<meta property=\"og:image:type\" content=\"image\/jpeg\" \/>\n<meta name=\"twitter:card\" content=\"summary_large_image\" \/>\n<meta name=\"twitter:label1\" content=\"Precio\" \/>\n\t<meta name=\"twitter:data1\" content=\"&#36;13,850 con IVA\" \/>\n\t<meta name=\"twitter:label2\" content=\"Availability\" \/>\n\t<meta name=\"twitter:data2\" content=\"On backorder\" \/>\n<script type=\"application\/ld+json\" class=\"yoast-schema-graph\">{\"@context\":\"https:\/\/schema.org\",\"@graph\":[{\"@type\":\"WebPage\",\"@id\":\"https:\/\/compuviper.mx\/tienda\/producto\/dahua-dh-pfm907-e-probador-de-video-ip-y-hdcvi-pfm907-soporta-compresion-h-265-y-h-264-ctrl-ptz-audio-multimetro-integrado-probador-de-red-y-senal-wifi-protocolo-onvif-salida-de-12v-2-amp-linu\/\",\"url\":\"https:\/\/compuviper.mx\/tienda\/producto\/dahua-dh-pfm907-e-probador-de-video-ip-y-hdcvi-pfm907-soporta-compresion-h-265-y-h-264-ctrl-ptz-audio-multimetro-integrado-probador-de-red-y-senal-wifi-protocolo-onvif-salida-de-12v-2-amp-linu\/\",\"name\":\"[ Dahua ] &#129351; Dh-pfm907-e Probador De Video Ip Y Hdcvi\/ \/ Pfm907\/soporta Compresion H.265 Y H.264\/ Ctrl Ptz\/audio\/ Multimetro Integrado\/ Probador De Red Y Senal Wifi\/ Protocolo Onvif\/ Salida De 12v 2 Amp\/linux\",\"isPartOf\":{\"@id\":\"https:\/\/compuviper.mx\/tienda\/#website\"},\"datePublished\":\"2026-04-02T05:12:08+00:00\",\"dateModified\":\"2026-04-02T05:12:09+00:00\",\"description\":\"Compra Dh-pfm907-e Probador De Video Ip Y Hdcvi\/ \/ Pfm907\/soporta Compresion H.265 Y H.264\/ Ctrl Ptz\/audio\/ Multimetro Integrado\/ Probador De Red Y Senal Wifi\/ Protocolo Onvif\/ Salida De 12v 2 Amp\/linux + Env\u00edo a domicilio + Pago seguro + Garant\u00eda\",\"breadcrumb\":{\"@id\":\"https:\/\/compuviper.mx\/tienda\/producto\/dahua-dh-pfm907-e-probador-de-video-ip-y-hdcvi-pfm907-soporta-compresion-h-265-y-h-264-ctrl-ptz-audio-multimetro-integrado-probador-de-red-y-senal-wifi-protocolo-onvif-salida-de-12v-2-amp-linu\/#breadcrumb\"},\"inLanguage\":\"es-MX\",\"potentialAction\":[{\"@type\":\"ReadAction\",\"target\":[\"https:\/\/compuviper.mx\/tienda\/producto\/dahua-dh-pfm907-e-probador-de-video-ip-y-hdcvi-pfm907-soporta-compresion-h-265-y-h-264-ctrl-ptz-audio-multimetro-integrado-probador-de-red-y-senal-wifi-protocolo-onvif-salida-de-12v-2-amp-linu\/\"]}]},{\"@type\":\"BreadcrumbList\",\"@id\":\"https:\/\/compuviper.mx\/tienda\/producto\/dahua-dh-pfm907-e-probador-de-video-ip-y-hdcvi-pfm907-soporta-compresion-h-265-y-h-264-ctrl-ptz-audio-multimetro-integrado-probador-de-red-y-senal-wifi-protocolo-onvif-salida-de-12v-2-amp-linu\/#breadcrumb\",\"itemListElement\":[{\"@type\":\"ListItem\",\"position\":1,\"name\":\"Inicio\",\"item\":\"https:\/\/compuviper.mx\/tienda\/\"},{\"@type\":\"ListItem\",\"position\":2,\"name\":\"Productos\",\"item\":\"https:\/\/compuviper.mx\/tienda\/productos\/\"},{\"@type\":\"ListItem\",\"position\":3,\"name\":\"Accesorios\",\"item\":\"https:\/\/compuviper.mx\/tienda\/categoria-producto\/accesorios\/\"},{\"@type\":\"ListItem\",\"position\":4,\"name\":\"Camaras\",\"item\":\"https:\/\/compuviper.mx\/tienda\/categoria-producto\/accesorios\/camaras\/\"},{\"@type\":\"ListItem\",\"position\":5,\"name\":\"Dahua Dh-pfm907-e Probador De Video Ip Y Hdcvi\/ \/ Pfm907\/soporta Compresion H.265 Y H.264\/ Ctrl Ptz\/audio\/ Multimetro Integrado\/ Probador De Red Y Senal Wifi\/ Protocolo Onvif\/ Salida De 12v 2 Amp\/linux\"}]},{\"@type\":\"WebSite\",\"@id\":\"https:\/\/compuviper.mx\/tienda\/#website\",\"url\":\"https:\/\/compuviper.mx\/tienda\/\",\"name\":\"Compuviper\",\"description\":\"Proveedor de Computadoras, Laptops, Servidores, Monitores, Puntos de Venta, Teclados,   Impresoras, T\u00f3ner, C\u00e1maras de Seguridad y m\u00e1s en tu tienda en l\u00ednea\",\"publisher\":{\"@id\":\"https:\/\/compuviper.mx\/tienda\/#organization\"},\"potentialAction\":[{\"@type\":\"SearchAction\",\"target\":{\"@type\":\"EntryPoint\",\"urlTemplate\":\"https:\/\/compuviper.mx\/tienda\/?s={search_term_string}\"},\"query-input\":\"required name=search_term_string\"}],\"inLanguage\":\"es-MX\"},{\"@type\":\"Organization\",\"@id\":\"https:\/\/compuviper.mx\/tienda\/#organization\",\"name\":\"Compuviper\",\"url\":\"https:\/\/compuviper.mx\/tienda\/\",\"logo\":{\"@type\":\"ImageObject\",\"inLanguage\":\"es-MX\",\"@id\":\"https:\/\/compuviper.mx\/tienda\/#\/schema\/logo\/image\/\",\"url\":\"https:\/\/compuviper.mx\/tienda\/wp-content\/uploads\/2021\/08\/Logo-Compuviper-10.png\",\"contentUrl\":\"https:\/\/compuviper.mx\/tienda\/wp-content\/uploads\/2021\/08\/Logo-Compuviper-10.png\",\"width\":1000,\"height\":500,\"caption\":\"Compuviper\"},\"image\":{\"@id\":\"https:\/\/compuviper.mx\/tienda\/#\/schema\/logo\/image\/\"},\"sameAs\":[\"https:\/\/www.facebook.com\/compuviper\",\"https:\/\/www.youtube.com\/channel\/UCf73dERp9Y3cfOq7q8BhLjA?view_as=subscriber\"]}]}<\/script>\n<meta property=\"product:brand\" content=\"DAHUA\" \/>\n<meta property=\"product:price:amount\" content=\"13850\" \/>\n<meta property=\"product:price:currency\" content=\"MXN\" \/>\n<meta property=\"og:availability\" content=\"backorder\" \/>\n<meta property=\"product:availability\" content=\"available for order\" \/>\n<meta property=\"product:retailer_item_id\" content=\"DH-PFM907-E\" \/>\n<meta property=\"product:condition\" content=\"new\" \/>\n<!-- \/ Yoast SEO plugin. -->","yoast_head_json":{"title":"[ Dahua ] &#129351; Dh-pfm907-e Probador De Video Ip Y Hdcvi\/ \/ Pfm907\/soporta Compresion H.265 Y H.264\/ Ctrl Ptz\/audio\/ Multimetro Integrado\/ Probador De Red Y Senal Wifi\/ Protocolo Onvif\/ Salida De 12v 2 Amp\/linux","description":"Compra Dh-pfm907-e Probador De Video Ip Y Hdcvi\/ \/ Pfm907\/soporta Compresion H.265 Y H.264\/ Ctrl Ptz\/audio\/ Multimetro Integrado\/ Probador De Red Y Senal Wifi\/ Protocolo Onvif\/ Salida De 12v 2 Amp\/linux + Env\u00edo a domicilio + Pago seguro + Garant\u00eda","robots":{"index":"index","follow":"follow","max-snippet":"max-snippet:-1","max-image-preview":"max-image-preview:large","max-video-preview":"max-video-preview:-1"},"canonical":"https:\/\/compuviper.mx\/tienda\/producto\/dahua-dh-pfm907-e-probador-de-video-ip-y-hdcvi-pfm907-soporta-compresion-h-265-y-h-264-ctrl-ptz-audio-multimetro-integrado-probador-de-red-y-senal-wifi-protocolo-onvif-salida-de-12v-2-amp-linu\/","og_locale":"es_MX","og_type":"article","og_title":"[ Dahua ] &#129351; Dh-pfm907-e Probador De Video Ip Y Hdcvi\/ \/ Pfm907\/soporta Compresion H.265 Y H.264\/ Ctrl Ptz\/audio\/ Multimetro Integrado\/ Probador De Red Y Senal Wifi\/ Protocolo Onvif\/ Salida De 12v 2 Amp\/linux","og_description":"Compra Dh-pfm907-e Probador De Video Ip Y Hdcvi\/ \/ Pfm907\/soporta Compresion H.265 Y H.264\/ Ctrl Ptz\/audio\/ Multimetro Integrado\/ Probador De Red Y Senal Wifi\/ Protocolo Onvif\/ Salida De 12v 2 Amp\/linux + Env\u00edo a domicilio + Pago seguro + Garant\u00eda","og_url":"https:\/\/compuviper.mx\/tienda\/producto\/dahua-dh-pfm907-e-probador-de-video-ip-y-hdcvi-pfm907-soporta-compresion-h-265-y-h-264-ctrl-ptz-audio-multimetro-integrado-probador-de-red-y-senal-wifi-protocolo-onvif-salida-de-12v-2-amp-linu\/","og_site_name":"Compuviper","article_publisher":"https:\/\/www.facebook.com\/compuviper","article_modified_time":"2026-04-02T05:12:09+00:00","og_image":[{"width":200,"height":200,"url":"https:\/\/compuviper.mx\/tienda\/wp-content\/uploads\/2024\/05\/Probador-de-video-ip-y-hdcvi-dahua-pfm907soporta-compresion-h.265-y-h.264-ctrl-ptzaudio-multimetro-integrado-probador-de-red-y-senal-wifi-protocolo-onvif-salida-de-12v-2-amplinux.jpg","type":"image\/jpeg"}],"twitter_card":"summary_large_image","twitter_misc":{"Precio":"&#36;13,850 con IVA","Availability":"On backorder"},"schema":{"@context":"https:\/\/schema.org","@graph":[{"@type":"WebPage","@id":"https:\/\/compuviper.mx\/tienda\/producto\/dahua-dh-pfm907-e-probador-de-video-ip-y-hdcvi-pfm907-soporta-compresion-h-265-y-h-264-ctrl-ptz-audio-multimetro-integrado-probador-de-red-y-senal-wifi-protocolo-onvif-salida-de-12v-2-amp-linu\/","url":"https:\/\/compuviper.mx\/tienda\/producto\/dahua-dh-pfm907-e-probador-de-video-ip-y-hdcvi-pfm907-soporta-compresion-h-265-y-h-264-ctrl-ptz-audio-multimetro-integrado-probador-de-red-y-senal-wifi-protocolo-onvif-salida-de-12v-2-amp-linu\/","name":"[ Dahua ] &#129351; Dh-pfm907-e Probador De Video Ip Y Hdcvi\/ \/ Pfm907\/soporta Compresion H.265 Y H.264\/ Ctrl Ptz\/audio\/ Multimetro Integrado\/ Probador De Red Y Senal Wifi\/ Protocolo Onvif\/ Salida De 12v 2 Amp\/linux","isPartOf":{"@id":"https:\/\/compuviper.mx\/tienda\/#website"},"datePublished":"2026-04-02T05:12:08+00:00","dateModified":"2026-04-02T05:12:09+00:00","description":"Compra Dh-pfm907-e Probador De Video Ip Y Hdcvi\/ \/ Pfm907\/soporta Compresion H.265 Y H.264\/ Ctrl Ptz\/audio\/ Multimetro Integrado\/ Probador De Red Y Senal Wifi\/ Protocolo Onvif\/ Salida De 12v 2 Amp\/linux + Env\u00edo a domicilio + Pago seguro + Garant\u00eda","breadcrumb":{"@id":"https:\/\/compuviper.mx\/tienda\/producto\/dahua-dh-pfm907-e-probador-de-video-ip-y-hdcvi-pfm907-soporta-compresion-h-265-y-h-264-ctrl-ptz-audio-multimetro-integrado-probador-de-red-y-senal-wifi-protocolo-onvif-salida-de-12v-2-amp-linu\/#breadcrumb"},"inLanguage":"es-MX","potentialAction":[{"@type":"ReadAction","target":["https:\/\/compuviper.mx\/tienda\/producto\/dahua-dh-pfm907-e-probador-de-video-ip-y-hdcvi-pfm907-soporta-compresion-h-265-y-h-264-ctrl-ptz-audio-multimetro-integrado-probador-de-red-y-senal-wifi-protocolo-onvif-salida-de-12v-2-amp-linu\/"]}]},{"@type":"BreadcrumbList","@id":"https:\/\/compuviper.mx\/tienda\/producto\/dahua-dh-pfm907-e-probador-de-video-ip-y-hdcvi-pfm907-soporta-compresion-h-265-y-h-264-ctrl-ptz-audio-multimetro-integrado-probador-de-red-y-senal-wifi-protocolo-onvif-salida-de-12v-2-amp-linu\/#breadcrumb","itemListElement":[{"@type":"ListItem","position":1,"name":"Inicio","item":"https:\/\/compuviper.mx\/tienda\/"},{"@type":"ListItem","position":2,"name":"Productos","item":"https:\/\/compuviper.mx\/tienda\/productos\/"},{"@type":"ListItem","position":3,"name":"Accesorios","item":"https:\/\/compuviper.mx\/tienda\/categoria-producto\/accesorios\/"},{"@type":"ListItem","position":4,"name":"Camaras","item":"https:\/\/compuviper.mx\/tienda\/categoria-producto\/accesorios\/camaras\/"},{"@type":"ListItem","position":5,"name":"Dahua Dh-pfm907-e Probador De Video Ip Y Hdcvi\/ \/ Pfm907\/soporta Compresion H.265 Y H.264\/ Ctrl Ptz\/audio\/ Multimetro Integrado\/ Probador De Red Y Senal Wifi\/ Protocolo Onvif\/ Salida De 12v 2 Amp\/linux"}]},{"@type":"WebSite","@id":"https:\/\/compuviper.mx\/tienda\/#website","url":"https:\/\/compuviper.mx\/tienda\/","name":"Compuviper","description":"Proveedor de Computadoras, Laptops, Servidores, Monitores, Puntos de Venta, Teclados,   Impresoras, T\u00f3ner, C\u00e1maras de Seguridad y m\u00e1s en tu tienda en l\u00ednea","publisher":{"@id":"https:\/\/compuviper.mx\/tienda\/#organization"},"potentialAction":[{"@type":"SearchAction","target":{"@type":"EntryPoint","urlTemplate":"https:\/\/compuviper.mx\/tienda\/?s={search_term_string}"},"query-input":"required name=search_term_string"}],"inLanguage":"es-MX"},{"@type":"Organization","@id":"https:\/\/compuviper.mx\/tienda\/#organization","name":"Compuviper","url":"https:\/\/compuviper.mx\/tienda\/","logo":{"@type":"ImageObject","inLanguage":"es-MX","@id":"https:\/\/compuviper.mx\/tienda\/#\/schema\/logo\/image\/","url":"https:\/\/compuviper.mx\/tienda\/wp-content\/uploads\/2021\/08\/Logo-Compuviper-10.png","contentUrl":"https:\/\/compuviper.mx\/tienda\/wp-content\/uploads\/2021\/08\/Logo-Compuviper-10.png","width":1000,"height":500,"caption":"Compuviper"},"image":{"@id":"https:\/\/compuviper.mx\/tienda\/#\/schema\/logo\/image\/"},"sameAs":["https:\/\/www.facebook.com\/compuviper","https:\/\/www.youtube.com\/channel\/UCf73dERp9Y3cfOq7q8BhLjA?view_as=subscriber"]}]},"product_brand":"DAHUA","product_price_amount":"13850","product_price_currency":"MXN","og_availability":"backorder","product_availability":"available for order","product_retailer_item_id":"DH-PFM907-E","product_condition":"new"},"_links":{"self":[{"href":"https:\/\/compuviper.mx\/tienda\/wp-json\/wp\/v2\/product\/232834"}],"collection":[{"href":"https:\/\/compuviper.mx\/tienda\/wp-json\/wp\/v2\/product"}],"about":[{"href":"https:\/\/compuviper.mx\/tienda\/wp-json\/wp\/v2\/types\/product"}],"replies":[{"embeddable":true,"href":"https:\/\/compuviper.mx\/tienda\/wp-json\/wp\/v2\/comments?post=232834"}],"wp:featuredmedia":[{"embeddable":true,"href":"https:\/\/compuviper.mx\/tienda\/wp-json\/wp\/v2\/media\/233769"}],"wp:attachment":[{"href":"https:\/\/compuviper.mx\/tienda\/wp-json\/wp\/v2\/media?parent=232834"}],"wp:term":[{"taxonomy":"product_cat","embeddable":true,"href":"https:\/\/compuviper.mx\/tienda\/wp-json\/wp\/v2\/product_cat?post=232834"},{"taxonomy":"product_tag","embeddable":true,"href":"https:\/\/compuviper.mx\/tienda\/wp-json\/wp\/v2\/product_tag?post=232834"}],"curies":[{"name":"wp","href":"https:\/\/api.w.org\/{rel}","templated":true}]}}