{"id":232830,"date":"2026-05-01T01:59:06","date_gmt":"2026-05-01T07:59:06","guid":{"rendered":"https:\/\/compuviper.mx\/tienda\/producto\/lenovo-4xd0x88524-headset-sonido-stereo-con-conexion-usb\/"},"modified":"2026-05-01T01:59:06","modified_gmt":"2026-05-01T07:59:06","slug":"lenovo-4xd0x88524-headset-sonido-stereo-con-conexion-usb","status":"publish","type":"product","link":"https:\/\/compuviper.mx\/tienda\/producto\/lenovo-4xd0x88524-headset-sonido-stereo-con-conexion-usb\/","title":{"rendered":"Lenovo 4xd0x88524 Headset  Sonido Stereo Con Conexion Usb"},"content":{"rendered":"<table class=\"descripcion\">\n<tr>\n<td>Temperatura m\u00ednima de funcionamiento -5 \u00b0c<\/td>\n<\/tr>\n<tr>\n<td>Humedad relativa m\u00e1xima (%) 95%<\/td>\n<\/tr>\n<tr>\n<td>Temperatura m\u00e1xima de funcionamiento 40 \u00b0c<\/td>\n<\/tr>\n<tr>\n<td>Peso embalado: 308 g \/ 0,68 lb<\/td>\n<\/tr>\n<tr>\n<td>Dimensiones del embalaje (largo x profundo x alto) 198x187x73 mm (7,80&#215;7,36&#215;2,87 pulgadas)<\/td>\n<\/tr>\n<tr>\n<td>Tipo de paquete caja marr\u00f3n<\/td>\n<\/tr>\n<tr>\n<td>Grupo de env\u00edo auriculares usb est\u00e9reo lenovo 100<\/td>\n<\/tr>\n<tr>\n<td>P\u00f3ster de garant\u00eda<\/td>\n<\/tr>\n<tr>\n<td>Peso del producto: 137 g \/ 0,30 lb<\/td>\n<\/tr>\n<tr>\n<td>Aprobaciones de agencias: cb, fcc, ices, ce, rcm, vcci, bsmi, kcc, eac<\/td>\n<\/tr>\n<tr>\n<td>Color negro<\/td>\n<\/tr>\n<tr>\n<td>Distorsi\u00f3n  3%<\/td>\n<\/tr>\n<tr>\n<td>Sensibilidad 116+\/-3 db a 1khz\/0.179v<\/td>\n<\/tr>\n<tr>\n<td>Impedancia 32ohm<\/td>\n<\/tr>\n<tr>\n<td>Rango de frecuencia 20~20khz<\/td>\n<\/tr>\n<tr>\n<td>Controlador de 30 mm<\/td>\n<\/tr>\n<tr>\n<td>Micr\u00f3fono direccional<\/td>\n<\/tr>\n<tr>\n<td>Entrada de audio usb2.0<\/td>\n<\/tr>\n<tr>\n<td>Potencia rms 20mw<\/td>\n<\/tr>\n<tr>\n<td>Longitud\/tipo de cable 1,8 m<\/td>\n<\/tr>\n<tr>\n<td>Requisito de alimentaci\u00f3n 50ma<\/td>\n<\/tr>\n<tr>\n<td>Conectividad usb2.0 tipo a<\/td>\n<\/tr>\n<\/table>\n","protected":false},"excerpt":{"rendered":"<p>Los auriculares usb est\u00e9reo lenovo 100 son la combinaci\u00f3n perfecta de auriculares usb est\u00e9reo listos para la empresa con micr\u00f3fono giratorio y cancelaci\u00f3n de ruido pasiva para un audio n\u00edtido para llamadas voip. Funciona con todas las principales plataformas de sistemas operativos y comunicaciones unificadas, a la vez que cuenta con la certificaci\u00f3n work with chromebook de google. Es liviano para usar durante todo el d\u00eda con cuero c\u00f3modo y auriculares en forma de memoria. Con controladores de 30 mm con imanes de neodimio, ofrece un excelente audio para llamadas voip, as\u00ed como para m\u00fasica. La diadema ajustable y el micr\u00f3fono boom permiten usarlo tanto en el lado izquierdo como en el derecho. Dispondr\u00e1s de una sencilla conectividad usb-a plug-and-play y de un robusto cable de 1,8 m. Este producto funciona con dispositivos capaces de ejecutar la \u00faltima versi\u00f3n de chrome os y ha sido certificado para cumplir con los est\u00e1ndares de compatibilidad de google. Google no es responsable del funcionamiento de este producto ni de su cumplimiento de los requisitos de seguridad. Chromebook y la insignia works with chromebook son marcas comerciales de google llc.<\/p>\n","protected":false},"featured_media":234597,"comment_status":"open","ping_status":"open","template":"","meta":[],"product_cat":[1553,1552],"product_tag":[1578],"acf":[],"yoast_head":"<!-- This site is optimized with the Yoast SEO plugin v21.7 - https:\/\/yoast.com\/wordpress\/plugins\/seo\/ -->\n<title>[ Lenovo ] &#129351; 4xd0x88524 Headset Sonido Stereo Con Conexion Usb<\/title>\n<meta name=\"description\" content=\"Compra 4xd0x88524 Headset Sonido Stereo Con Conexion Usb + Env\u00edo a domicilio + Pago seguro + Garant\u00eda\" \/>\n<meta name=\"robots\" content=\"index, follow, max-snippet:-1, max-image-preview:large, max-video-preview:-1\" \/>\n<link rel=\"canonical\" href=\"https:\/\/compuviper.mx\/tienda\/producto\/lenovo-4xd0x88524-headset-sonido-stereo-con-conexion-usb\/\" \/>\n<meta property=\"og:locale\" content=\"es_MX\" \/>\n<meta property=\"og:type\" content=\"article\" \/>\n<meta property=\"og:title\" content=\"[ Lenovo ] &#129351; 4xd0x88524 Headset Sonido Stereo Con Conexion Usb\" \/>\n<meta property=\"og:description\" content=\"Compra 4xd0x88524 Headset Sonido Stereo Con Conexion Usb + Env\u00edo a domicilio + Pago seguro + Garant\u00eda\" \/>\n<meta property=\"og:url\" content=\"https:\/\/compuviper.mx\/tienda\/producto\/lenovo-4xd0x88524-headset-sonido-stereo-con-conexion-usb\/\" \/>\n<meta property=\"og:site_name\" content=\"Compuviper\" \/>\n<meta property=\"article:publisher\" content=\"https:\/\/www.facebook.com\/compuviper\" \/>\n<meta property=\"og:image\" content=\"https:\/\/compuviper.mx\/tienda\/wp-content\/uploads\/2024\/05\/Headset-lenovo-sonido-stereo-con-conexion-usb.jpg\" \/>\n\t<meta property=\"og:image:width\" content=\"200\" \/>\n\t<meta property=\"og:image:height\" content=\"200\" \/>\n\t<meta property=\"og:image:type\" content=\"image\/jpeg\" \/>\n<meta name=\"twitter:card\" content=\"summary_large_image\" \/>\n<meta name=\"twitter:label1\" content=\"Precio\" \/>\n\t<meta name=\"twitter:data1\" content=\"&#36;736 con IVA\" \/>\n\t<meta name=\"twitter:label2\" content=\"Availability\" \/>\n\t<meta name=\"twitter:data2\" content=\"Out of stock\" \/>\n<script type=\"application\/ld+json\" class=\"yoast-schema-graph\">{\"@context\":\"https:\/\/schema.org\",\"@graph\":[{\"@type\":\"WebPage\",\"@id\":\"https:\/\/compuviper.mx\/tienda\/producto\/lenovo-4xd0x88524-headset-sonido-stereo-con-conexion-usb\/\",\"url\":\"https:\/\/compuviper.mx\/tienda\/producto\/lenovo-4xd0x88524-headset-sonido-stereo-con-conexion-usb\/\",\"name\":\"[ Lenovo ] &#129351; 4xd0x88524 Headset Sonido Stereo Con Conexion Usb\",\"isPartOf\":{\"@id\":\"https:\/\/compuviper.mx\/tienda\/#website\"},\"datePublished\":\"2026-05-01T07:59:06+00:00\",\"dateModified\":\"2026-05-01T07:59:06+00:00\",\"description\":\"Compra 4xd0x88524 Headset Sonido Stereo Con Conexion Usb + Env\u00edo a domicilio + Pago seguro + Garant\u00eda\",\"breadcrumb\":{\"@id\":\"https:\/\/compuviper.mx\/tienda\/producto\/lenovo-4xd0x88524-headset-sonido-stereo-con-conexion-usb\/#breadcrumb\"},\"inLanguage\":\"es-MX\",\"potentialAction\":[{\"@type\":\"ReadAction\",\"target\":[\"https:\/\/compuviper.mx\/tienda\/producto\/lenovo-4xd0x88524-headset-sonido-stereo-con-conexion-usb\/\"]}]},{\"@type\":\"BreadcrumbList\",\"@id\":\"https:\/\/compuviper.mx\/tienda\/producto\/lenovo-4xd0x88524-headset-sonido-stereo-con-conexion-usb\/#breadcrumb\",\"itemListElement\":[{\"@type\":\"ListItem\",\"position\":1,\"name\":\"Inicio\",\"item\":\"https:\/\/compuviper.mx\/tienda\/\"},{\"@type\":\"ListItem\",\"position\":2,\"name\":\"Productos\",\"item\":\"https:\/\/compuviper.mx\/tienda\/productos\/\"},{\"@type\":\"ListItem\",\"position\":3,\"name\":\"Audifonos Y Micro\",\"item\":\"https:\/\/compuviper.mx\/tienda\/categoria-producto\/audifonos-y-micro\/\"},{\"@type\":\"ListItem\",\"position\":4,\"name\":\"Audifono\",\"item\":\"https:\/\/compuviper.mx\/tienda\/categoria-producto\/audifonos-y-micro\/audifono\/\"},{\"@type\":\"ListItem\",\"position\":5,\"name\":\"Lenovo 4xd0x88524 Headset Sonido Stereo Con Conexion Usb\"}]},{\"@type\":\"WebSite\",\"@id\":\"https:\/\/compuviper.mx\/tienda\/#website\",\"url\":\"https:\/\/compuviper.mx\/tienda\/\",\"name\":\"Compuviper\",\"description\":\"Proveedor de Computadoras, Laptops, Servidores, Monitores, Puntos de Venta, Teclados,   Impresoras, T\u00f3ner, C\u00e1maras de Seguridad y m\u00e1s en tu tienda en l\u00ednea\",\"publisher\":{\"@id\":\"https:\/\/compuviper.mx\/tienda\/#organization\"},\"potentialAction\":[{\"@type\":\"SearchAction\",\"target\":{\"@type\":\"EntryPoint\",\"urlTemplate\":\"https:\/\/compuviper.mx\/tienda\/?s={search_term_string}\"},\"query-input\":\"required name=search_term_string\"}],\"inLanguage\":\"es-MX\"},{\"@type\":\"Organization\",\"@id\":\"https:\/\/compuviper.mx\/tienda\/#organization\",\"name\":\"Compuviper\",\"url\":\"https:\/\/compuviper.mx\/tienda\/\",\"logo\":{\"@type\":\"ImageObject\",\"inLanguage\":\"es-MX\",\"@id\":\"https:\/\/compuviper.mx\/tienda\/#\/schema\/logo\/image\/\",\"url\":\"https:\/\/compuviper.mx\/tienda\/wp-content\/uploads\/2021\/08\/Logo-Compuviper-10.png\",\"contentUrl\":\"https:\/\/compuviper.mx\/tienda\/wp-content\/uploads\/2021\/08\/Logo-Compuviper-10.png\",\"width\":1000,\"height\":500,\"caption\":\"Compuviper\"},\"image\":{\"@id\":\"https:\/\/compuviper.mx\/tienda\/#\/schema\/logo\/image\/\"},\"sameAs\":[\"https:\/\/www.facebook.com\/compuviper\",\"https:\/\/www.youtube.com\/channel\/UCf73dERp9Y3cfOq7q8BhLjA?view_as=subscriber\"]}]}<\/script>\n<meta property=\"product:brand\" content=\"LENOVO\" \/>\n<meta property=\"product:price:amount\" content=\"736\" \/>\n<meta property=\"product:price:currency\" content=\"MXN\" \/>\n<meta property=\"og:availability\" content=\"out of stock\" \/>\n<meta property=\"product:availability\" content=\"out of stock\" \/>\n<meta property=\"product:retailer_item_id\" content=\"4XD0X88524\" \/>\n<meta property=\"product:condition\" content=\"new\" \/>\n<!-- \/ Yoast SEO plugin. -->","yoast_head_json":{"title":"[ Lenovo ] &#129351; 4xd0x88524 Headset Sonido Stereo Con Conexion Usb","description":"Compra 4xd0x88524 Headset Sonido Stereo Con Conexion Usb + Env\u00edo a domicilio + Pago seguro + Garant\u00eda","robots":{"index":"index","follow":"follow","max-snippet":"max-snippet:-1","max-image-preview":"max-image-preview:large","max-video-preview":"max-video-preview:-1"},"canonical":"https:\/\/compuviper.mx\/tienda\/producto\/lenovo-4xd0x88524-headset-sonido-stereo-con-conexion-usb\/","og_locale":"es_MX","og_type":"article","og_title":"[ Lenovo ] &#129351; 4xd0x88524 Headset Sonido Stereo Con Conexion Usb","og_description":"Compra 4xd0x88524 Headset Sonido Stereo Con Conexion Usb + Env\u00edo a domicilio + Pago seguro + Garant\u00eda","og_url":"https:\/\/compuviper.mx\/tienda\/producto\/lenovo-4xd0x88524-headset-sonido-stereo-con-conexion-usb\/","og_site_name":"Compuviper","article_publisher":"https:\/\/www.facebook.com\/compuviper","og_image":[{"width":200,"height":200,"url":"https:\/\/compuviper.mx\/tienda\/wp-content\/uploads\/2024\/05\/Headset-lenovo-sonido-stereo-con-conexion-usb.jpg","type":"image\/jpeg"}],"twitter_card":"summary_large_image","twitter_misc":{"Precio":"&#36;736 con IVA","Availability":"Out of stock"},"schema":{"@context":"https:\/\/schema.org","@graph":[{"@type":"WebPage","@id":"https:\/\/compuviper.mx\/tienda\/producto\/lenovo-4xd0x88524-headset-sonido-stereo-con-conexion-usb\/","url":"https:\/\/compuviper.mx\/tienda\/producto\/lenovo-4xd0x88524-headset-sonido-stereo-con-conexion-usb\/","name":"[ Lenovo ] &#129351; 4xd0x88524 Headset Sonido Stereo Con Conexion Usb","isPartOf":{"@id":"https:\/\/compuviper.mx\/tienda\/#website"},"datePublished":"2026-05-01T07:59:06+00:00","dateModified":"2026-05-01T07:59:06+00:00","description":"Compra 4xd0x88524 Headset Sonido Stereo Con Conexion Usb + Env\u00edo a domicilio + Pago seguro + Garant\u00eda","breadcrumb":{"@id":"https:\/\/compuviper.mx\/tienda\/producto\/lenovo-4xd0x88524-headset-sonido-stereo-con-conexion-usb\/#breadcrumb"},"inLanguage":"es-MX","potentialAction":[{"@type":"ReadAction","target":["https:\/\/compuviper.mx\/tienda\/producto\/lenovo-4xd0x88524-headset-sonido-stereo-con-conexion-usb\/"]}]},{"@type":"BreadcrumbList","@id":"https:\/\/compuviper.mx\/tienda\/producto\/lenovo-4xd0x88524-headset-sonido-stereo-con-conexion-usb\/#breadcrumb","itemListElement":[{"@type":"ListItem","position":1,"name":"Inicio","item":"https:\/\/compuviper.mx\/tienda\/"},{"@type":"ListItem","position":2,"name":"Productos","item":"https:\/\/compuviper.mx\/tienda\/productos\/"},{"@type":"ListItem","position":3,"name":"Audifonos Y Micro","item":"https:\/\/compuviper.mx\/tienda\/categoria-producto\/audifonos-y-micro\/"},{"@type":"ListItem","position":4,"name":"Audifono","item":"https:\/\/compuviper.mx\/tienda\/categoria-producto\/audifonos-y-micro\/audifono\/"},{"@type":"ListItem","position":5,"name":"Lenovo 4xd0x88524 Headset Sonido Stereo Con Conexion Usb"}]},{"@type":"WebSite","@id":"https:\/\/compuviper.mx\/tienda\/#website","url":"https:\/\/compuviper.mx\/tienda\/","name":"Compuviper","description":"Proveedor de Computadoras, Laptops, Servidores, Monitores, Puntos de Venta, Teclados,   Impresoras, T\u00f3ner, C\u00e1maras de Seguridad y m\u00e1s en tu tienda en l\u00ednea","publisher":{"@id":"https:\/\/compuviper.mx\/tienda\/#organization"},"potentialAction":[{"@type":"SearchAction","target":{"@type":"EntryPoint","urlTemplate":"https:\/\/compuviper.mx\/tienda\/?s={search_term_string}"},"query-input":"required name=search_term_string"}],"inLanguage":"es-MX"},{"@type":"Organization","@id":"https:\/\/compuviper.mx\/tienda\/#organization","name":"Compuviper","url":"https:\/\/compuviper.mx\/tienda\/","logo":{"@type":"ImageObject","inLanguage":"es-MX","@id":"https:\/\/compuviper.mx\/tienda\/#\/schema\/logo\/image\/","url":"https:\/\/compuviper.mx\/tienda\/wp-content\/uploads\/2021\/08\/Logo-Compuviper-10.png","contentUrl":"https:\/\/compuviper.mx\/tienda\/wp-content\/uploads\/2021\/08\/Logo-Compuviper-10.png","width":1000,"height":500,"caption":"Compuviper"},"image":{"@id":"https:\/\/compuviper.mx\/tienda\/#\/schema\/logo\/image\/"},"sameAs":["https:\/\/www.facebook.com\/compuviper","https:\/\/www.youtube.com\/channel\/UCf73dERp9Y3cfOq7q8BhLjA?view_as=subscriber"]}]},"product_brand":"LENOVO","product_price_amount":"736","product_price_currency":"MXN","og_availability":"out of stock","product_availability":"out of stock","product_retailer_item_id":"4XD0X88524","product_condition":"new"},"_links":{"self":[{"href":"https:\/\/compuviper.mx\/tienda\/wp-json\/wp\/v2\/product\/232830"}],"collection":[{"href":"https:\/\/compuviper.mx\/tienda\/wp-json\/wp\/v2\/product"}],"about":[{"href":"https:\/\/compuviper.mx\/tienda\/wp-json\/wp\/v2\/types\/product"}],"replies":[{"embeddable":true,"href":"https:\/\/compuviper.mx\/tienda\/wp-json\/wp\/v2\/comments?post=232830"}],"wp:featuredmedia":[{"embeddable":true,"href":"https:\/\/compuviper.mx\/tienda\/wp-json\/wp\/v2\/media\/234597"}],"wp:attachment":[{"href":"https:\/\/compuviper.mx\/tienda\/wp-json\/wp\/v2\/media?parent=232830"}],"wp:term":[{"taxonomy":"product_cat","embeddable":true,"href":"https:\/\/compuviper.mx\/tienda\/wp-json\/wp\/v2\/product_cat?post=232830"},{"taxonomy":"product_tag","embeddable":true,"href":"https:\/\/compuviper.mx\/tienda\/wp-json\/wp\/v2\/product_tag?post=232830"}],"curies":[{"name":"wp","href":"https:\/\/api.w.org\/{rel}","templated":true}]}}