{"id":232737,"date":"2026-04-02T01:07:34","date_gmt":"2026-04-02T07:07:34","guid":{"rendered":"https:\/\/compuviper.mx\/tienda\/producto\/tp-link-ms105gs-switch-mercusys-5-puertos-gigabit-carcasa-de-metal-montaje-escritorio-o-pared\/"},"modified":"2026-04-02T01:07:35","modified_gmt":"2026-04-02T07:07:35","slug":"tp-link-ms105gs-switch-mercusys-5-puertos-gigabit-carcasa-de-metal-montaje-escritorio-o-pared","status":"publish","type":"product","link":"https:\/\/compuviper.mx\/tienda\/producto\/tp-link-ms105gs-switch-mercusys-5-puertos-gigabit-carcasa-de-metal-montaje-escritorio-o-pared\/","title":{"rendered":"Tp Link Ms105gs Switch | Mercusys |  | 5 Puertos Gigabit | Carcasa De Metal | Montaje Escritorio O Pared"},"content":{"rendered":"<table class=\"descripcion\">\n<tr>\n<td>Software<\/td>\n<\/tr>\n<tr>\n<td>M\u00e9todo de transferencia<\/td>\n<\/tr>\n<tr>\n<td>Almacenar y reenviar<\/td>\n<\/tr>\n<tr>\n<td>Hardware<\/td>\n<\/tr>\n<tr>\n<td>Dimensiones (an x pr x al)<\/td>\n<\/tr>\n<tr>\n<td>3,92 \u00d7 3,86 \u00d7 0,99 pulg.<\/td>\n<\/tr>\n<tr>\n<td>Interfaces<\/td>\n<\/tr>\n<tr>\n<td>5\u00d7 10\/100\/1000mbps puertos, auto-negociaci\u00f3n, auto mdi\/mdix<\/td>\n<\/tr>\n<tr>\n<td>Fuente de alimentaci\u00f3n externa<\/td>\n<\/tr>\n<tr>\n<td>5v\/0.6a<\/td>\n<\/tr>\n<tr>\n<td>Est\u00e1ndares y protocolos<\/td>\n<\/tr>\n<tr>\n<td>Ieee 802.3, ieee 802.3u, ieee 802.3x csma\/cd<\/td>\n<\/tr>\n<tr>\n<td>Tasas de transferencia de datos<\/td>\n<\/tr>\n<tr>\n<td>10\/100\/1000 mbps a semid\u00faplex<\/td>\n<\/tr>\n<tr>\n<td>20\/200\/2000 mbps a d\u00faplex completo<\/td>\n<\/tr>\n<tr>\n<td>Capacidad de buffer<\/td>\n<\/tr>\n<tr>\n<td>1 mbit<\/td>\n<\/tr>\n<tr>\n<td>Jumbo frame<\/td>\n<\/tr>\n<tr>\n<td>9 kb<\/td>\n<\/tr>\n<tr>\n<td>Led<\/td>\n<\/tr>\n<tr>\n<td>Puertos ethernet (1, 2, 3, 4, 5), alimentaci\u00f3n<\/td>\n<\/tr>\n<tr>\n<td>Others<\/td>\n<\/tr>\n<tr>\n<td>Contenido de paquete<\/td>\n<\/tr>\n<tr>\n<td>&#8211; switch gigabit de sobremesa de 5 puertos (ms105gs)<\/td>\n<\/tr>\n<tr>\n<td>&#8211; adaptador de corriente<\/td>\n<\/tr>\n<tr>\n<td>&#8211; gu\u00eda de instalaci\u00f3n r\u00e1pida<\/td>\n<\/tr>\n<\/table>\n","protected":false},"excerpt":{"rendered":"<p>Ms105gs. Switch gigabit de sobremesa de 5 puertos. Puertos gigabit completo: 5 puertos rj45 de 10\/100\/1000 mbps con auto-negociaci\u00f3n que admiten auto-mdi\/mdix. Instalaci\u00f3n y operaci\u00f3n vers\u00e1tiles: dise\u00f1o de carcasa de acero, montaje en escritorio o en la pared. Carcasa de metal duradera: permite una disipaci\u00f3n de calor eficiente y una larga vida \u00fatil de la red. Conectar y usar: f\u00e1cil de usar, ahorra tiempo y esfuerzo. Ahorro de energ\u00eda: la tecnolog\u00eda ethernet verde ahorra energ\u00eda<\/p>\n","protected":false},"featured_media":234232,"comment_status":"open","ping_status":"open","template":"","meta":[],"product_cat":[1563,1564],"product_tag":[1562],"acf":[],"yoast_head":"<!-- This site is optimized with the Yoast SEO plugin v21.7 - https:\/\/yoast.com\/wordpress\/plugins\/seo\/ -->\n<title>[ Tp Link ] &#129351; Ms105gs Switch | Mercusys | | 5 Puertos Gigabit | Carcasa De Metal | Montaje Escritorio O Pared<\/title>\n<meta name=\"description\" content=\"Compra Ms105gs Switch | Mercusys | | 5 Puertos Gigabit | Carcasa De Metal | Montaje Escritorio O Pared + Env\u00edo a domicilio + Pago seguro + Garant\u00eda\" \/>\n<meta name=\"robots\" content=\"index, follow, max-snippet:-1, max-image-preview:large, max-video-preview:-1\" \/>\n<link rel=\"canonical\" href=\"https:\/\/compuviper.mx\/tienda\/producto\/tp-link-ms105gs-switch-mercusys-5-puertos-gigabit-carcasa-de-metal-montaje-escritorio-o-pared\/\" \/>\n<meta property=\"og:locale\" content=\"es_MX\" \/>\n<meta property=\"og:type\" content=\"article\" \/>\n<meta property=\"og:title\" content=\"[ Tp Link ] &#129351; Ms105gs Switch | Mercusys | | 5 Puertos Gigabit | Carcasa De Metal | Montaje Escritorio O Pared\" \/>\n<meta property=\"og:description\" content=\"Compra Ms105gs Switch | Mercusys | | 5 Puertos Gigabit | Carcasa De Metal | Montaje Escritorio O Pared + Env\u00edo a domicilio + Pago seguro + Garant\u00eda\" \/>\n<meta property=\"og:url\" content=\"https:\/\/compuviper.mx\/tienda\/producto\/tp-link-ms105gs-switch-mercusys-5-puertos-gigabit-carcasa-de-metal-montaje-escritorio-o-pared\/\" \/>\n<meta property=\"og:site_name\" content=\"Compuviper\" \/>\n<meta property=\"article:publisher\" content=\"https:\/\/www.facebook.com\/compuviper\" \/>\n<meta property=\"article:modified_time\" content=\"2026-04-02T07:07:35+00:00\" \/>\n<meta property=\"og:image\" content=\"https:\/\/compuviper.mx\/tienda\/wp-content\/uploads\/2024\/05\/Switch-mercusys-ms105gs-5-puertos-gigabit-carcasa-de-metal-montaje-escritorio-o-pared.jpg\" \/>\n\t<meta property=\"og:image:width\" content=\"200\" \/>\n\t<meta property=\"og:image:height\" content=\"200\" \/>\n\t<meta property=\"og:image:type\" content=\"image\/jpeg\" \/>\n<meta name=\"twitter:card\" content=\"summary_large_image\" \/>\n<meta name=\"twitter:label1\" content=\"Precio\" \/>\n\t<meta name=\"twitter:data1\" content=\"&#36;192 con IVA\" \/>\n\t<meta name=\"twitter:label2\" content=\"Availability\" \/>\n\t<meta name=\"twitter:data2\" content=\"In stock\" \/>\n<script type=\"application\/ld+json\" class=\"yoast-schema-graph\">{\"@context\":\"https:\/\/schema.org\",\"@graph\":[{\"@type\":\"WebPage\",\"@id\":\"https:\/\/compuviper.mx\/tienda\/producto\/tp-link-ms105gs-switch-mercusys-5-puertos-gigabit-carcasa-de-metal-montaje-escritorio-o-pared\/\",\"url\":\"https:\/\/compuviper.mx\/tienda\/producto\/tp-link-ms105gs-switch-mercusys-5-puertos-gigabit-carcasa-de-metal-montaje-escritorio-o-pared\/\",\"name\":\"[ Tp Link ] &#129351; Ms105gs Switch | Mercusys | | 5 Puertos Gigabit | Carcasa De Metal | Montaje Escritorio O Pared\",\"isPartOf\":{\"@id\":\"https:\/\/compuviper.mx\/tienda\/#website\"},\"datePublished\":\"2026-04-02T07:07:34+00:00\",\"dateModified\":\"2026-04-02T07:07:35+00:00\",\"description\":\"Compra Ms105gs Switch | Mercusys | | 5 Puertos Gigabit | Carcasa De Metal | Montaje Escritorio O Pared + Env\u00edo a domicilio + Pago seguro + Garant\u00eda\",\"breadcrumb\":{\"@id\":\"https:\/\/compuviper.mx\/tienda\/producto\/tp-link-ms105gs-switch-mercusys-5-puertos-gigabit-carcasa-de-metal-montaje-escritorio-o-pared\/#breadcrumb\"},\"inLanguage\":\"es-MX\",\"potentialAction\":[{\"@type\":\"ReadAction\",\"target\":[\"https:\/\/compuviper.mx\/tienda\/producto\/tp-link-ms105gs-switch-mercusys-5-puertos-gigabit-carcasa-de-metal-montaje-escritorio-o-pared\/\"]}]},{\"@type\":\"BreadcrumbList\",\"@id\":\"https:\/\/compuviper.mx\/tienda\/producto\/tp-link-ms105gs-switch-mercusys-5-puertos-gigabit-carcasa-de-metal-montaje-escritorio-o-pared\/#breadcrumb\",\"itemListElement\":[{\"@type\":\"ListItem\",\"position\":1,\"name\":\"Inicio\",\"item\":\"https:\/\/compuviper.mx\/tienda\/\"},{\"@type\":\"ListItem\",\"position\":2,\"name\":\"Productos\",\"item\":\"https:\/\/compuviper.mx\/tienda\/productos\/\"},{\"@type\":\"ListItem\",\"position\":3,\"name\":\"Redes\",\"item\":\"https:\/\/compuviper.mx\/tienda\/categoria-producto\/redes\/\"},{\"@type\":\"ListItem\",\"position\":4,\"name\":\"Switch\",\"item\":\"https:\/\/compuviper.mx\/tienda\/categoria-producto\/redes\/switch\/\"},{\"@type\":\"ListItem\",\"position\":5,\"name\":\"Tp Link Ms105gs Switch | Mercusys | | 5 Puertos Gigabit | Carcasa De Metal | Montaje Escritorio O Pared\"}]},{\"@type\":\"WebSite\",\"@id\":\"https:\/\/compuviper.mx\/tienda\/#website\",\"url\":\"https:\/\/compuviper.mx\/tienda\/\",\"name\":\"Compuviper\",\"description\":\"Proveedor de Computadoras, Laptops, Servidores, Monitores, Puntos de Venta, Teclados,   Impresoras, T\u00f3ner, C\u00e1maras de Seguridad y m\u00e1s en tu tienda en l\u00ednea\",\"publisher\":{\"@id\":\"https:\/\/compuviper.mx\/tienda\/#organization\"},\"potentialAction\":[{\"@type\":\"SearchAction\",\"target\":{\"@type\":\"EntryPoint\",\"urlTemplate\":\"https:\/\/compuviper.mx\/tienda\/?s={search_term_string}\"},\"query-input\":\"required name=search_term_string\"}],\"inLanguage\":\"es-MX\"},{\"@type\":\"Organization\",\"@id\":\"https:\/\/compuviper.mx\/tienda\/#organization\",\"name\":\"Compuviper\",\"url\":\"https:\/\/compuviper.mx\/tienda\/\",\"logo\":{\"@type\":\"ImageObject\",\"inLanguage\":\"es-MX\",\"@id\":\"https:\/\/compuviper.mx\/tienda\/#\/schema\/logo\/image\/\",\"url\":\"https:\/\/compuviper.mx\/tienda\/wp-content\/uploads\/2021\/08\/Logo-Compuviper-10.png\",\"contentUrl\":\"https:\/\/compuviper.mx\/tienda\/wp-content\/uploads\/2021\/08\/Logo-Compuviper-10.png\",\"width\":1000,\"height\":500,\"caption\":\"Compuviper\"},\"image\":{\"@id\":\"https:\/\/compuviper.mx\/tienda\/#\/schema\/logo\/image\/\"},\"sameAs\":[\"https:\/\/www.facebook.com\/compuviper\",\"https:\/\/www.youtube.com\/channel\/UCf73dERp9Y3cfOq7q8BhLjA?view_as=subscriber\"]}]}<\/script>\n<meta property=\"product:brand\" content=\"TP LINK\" \/>\n<meta property=\"product:price:amount\" content=\"192\" \/>\n<meta property=\"product:price:currency\" content=\"MXN\" \/>\n<meta property=\"og:availability\" content=\"instock\" \/>\n<meta property=\"product:availability\" content=\"instock\" \/>\n<meta property=\"product:retailer_item_id\" content=\"MS105GS\" \/>\n<meta property=\"product:condition\" content=\"new\" \/>\n<!-- \/ Yoast SEO plugin. -->","yoast_head_json":{"title":"[ Tp Link ] &#129351; Ms105gs Switch | Mercusys | | 5 Puertos Gigabit | Carcasa De Metal | Montaje Escritorio O Pared","description":"Compra Ms105gs Switch | Mercusys | | 5 Puertos Gigabit | Carcasa De Metal | Montaje Escritorio O Pared + Env\u00edo a domicilio + Pago seguro + Garant\u00eda","robots":{"index":"index","follow":"follow","max-snippet":"max-snippet:-1","max-image-preview":"max-image-preview:large","max-video-preview":"max-video-preview:-1"},"canonical":"https:\/\/compuviper.mx\/tienda\/producto\/tp-link-ms105gs-switch-mercusys-5-puertos-gigabit-carcasa-de-metal-montaje-escritorio-o-pared\/","og_locale":"es_MX","og_type":"article","og_title":"[ Tp Link ] &#129351; Ms105gs Switch | Mercusys | | 5 Puertos Gigabit | Carcasa De Metal | Montaje Escritorio O Pared","og_description":"Compra Ms105gs Switch | Mercusys | | 5 Puertos Gigabit | Carcasa De Metal | Montaje Escritorio O Pared + Env\u00edo a domicilio + Pago seguro + Garant\u00eda","og_url":"https:\/\/compuviper.mx\/tienda\/producto\/tp-link-ms105gs-switch-mercusys-5-puertos-gigabit-carcasa-de-metal-montaje-escritorio-o-pared\/","og_site_name":"Compuviper","article_publisher":"https:\/\/www.facebook.com\/compuviper","article_modified_time":"2026-04-02T07:07:35+00:00","og_image":[{"width":200,"height":200,"url":"https:\/\/compuviper.mx\/tienda\/wp-content\/uploads\/2024\/05\/Switch-mercusys-ms105gs-5-puertos-gigabit-carcasa-de-metal-montaje-escritorio-o-pared.jpg","type":"image\/jpeg"}],"twitter_card":"summary_large_image","twitter_misc":{"Precio":"&#36;192 con IVA","Availability":"In stock"},"schema":{"@context":"https:\/\/schema.org","@graph":[{"@type":"WebPage","@id":"https:\/\/compuviper.mx\/tienda\/producto\/tp-link-ms105gs-switch-mercusys-5-puertos-gigabit-carcasa-de-metal-montaje-escritorio-o-pared\/","url":"https:\/\/compuviper.mx\/tienda\/producto\/tp-link-ms105gs-switch-mercusys-5-puertos-gigabit-carcasa-de-metal-montaje-escritorio-o-pared\/","name":"[ Tp Link ] &#129351; Ms105gs Switch | Mercusys | | 5 Puertos Gigabit | Carcasa De Metal | Montaje Escritorio O Pared","isPartOf":{"@id":"https:\/\/compuviper.mx\/tienda\/#website"},"datePublished":"2026-04-02T07:07:34+00:00","dateModified":"2026-04-02T07:07:35+00:00","description":"Compra Ms105gs Switch | Mercusys | | 5 Puertos Gigabit | Carcasa De Metal | Montaje Escritorio O Pared + Env\u00edo a domicilio + Pago seguro + Garant\u00eda","breadcrumb":{"@id":"https:\/\/compuviper.mx\/tienda\/producto\/tp-link-ms105gs-switch-mercusys-5-puertos-gigabit-carcasa-de-metal-montaje-escritorio-o-pared\/#breadcrumb"},"inLanguage":"es-MX","potentialAction":[{"@type":"ReadAction","target":["https:\/\/compuviper.mx\/tienda\/producto\/tp-link-ms105gs-switch-mercusys-5-puertos-gigabit-carcasa-de-metal-montaje-escritorio-o-pared\/"]}]},{"@type":"BreadcrumbList","@id":"https:\/\/compuviper.mx\/tienda\/producto\/tp-link-ms105gs-switch-mercusys-5-puertos-gigabit-carcasa-de-metal-montaje-escritorio-o-pared\/#breadcrumb","itemListElement":[{"@type":"ListItem","position":1,"name":"Inicio","item":"https:\/\/compuviper.mx\/tienda\/"},{"@type":"ListItem","position":2,"name":"Productos","item":"https:\/\/compuviper.mx\/tienda\/productos\/"},{"@type":"ListItem","position":3,"name":"Redes","item":"https:\/\/compuviper.mx\/tienda\/categoria-producto\/redes\/"},{"@type":"ListItem","position":4,"name":"Switch","item":"https:\/\/compuviper.mx\/tienda\/categoria-producto\/redes\/switch\/"},{"@type":"ListItem","position":5,"name":"Tp Link Ms105gs Switch | Mercusys | | 5 Puertos Gigabit | Carcasa De Metal | Montaje Escritorio O Pared"}]},{"@type":"WebSite","@id":"https:\/\/compuviper.mx\/tienda\/#website","url":"https:\/\/compuviper.mx\/tienda\/","name":"Compuviper","description":"Proveedor de Computadoras, Laptops, Servidores, Monitores, Puntos de Venta, Teclados,   Impresoras, T\u00f3ner, C\u00e1maras de Seguridad y m\u00e1s en tu tienda en l\u00ednea","publisher":{"@id":"https:\/\/compuviper.mx\/tienda\/#organization"},"potentialAction":[{"@type":"SearchAction","target":{"@type":"EntryPoint","urlTemplate":"https:\/\/compuviper.mx\/tienda\/?s={search_term_string}"},"query-input":"required name=search_term_string"}],"inLanguage":"es-MX"},{"@type":"Organization","@id":"https:\/\/compuviper.mx\/tienda\/#organization","name":"Compuviper","url":"https:\/\/compuviper.mx\/tienda\/","logo":{"@type":"ImageObject","inLanguage":"es-MX","@id":"https:\/\/compuviper.mx\/tienda\/#\/schema\/logo\/image\/","url":"https:\/\/compuviper.mx\/tienda\/wp-content\/uploads\/2021\/08\/Logo-Compuviper-10.png","contentUrl":"https:\/\/compuviper.mx\/tienda\/wp-content\/uploads\/2021\/08\/Logo-Compuviper-10.png","width":1000,"height":500,"caption":"Compuviper"},"image":{"@id":"https:\/\/compuviper.mx\/tienda\/#\/schema\/logo\/image\/"},"sameAs":["https:\/\/www.facebook.com\/compuviper","https:\/\/www.youtube.com\/channel\/UCf73dERp9Y3cfOq7q8BhLjA?view_as=subscriber"]}]},"product_brand":"TP LINK","product_price_amount":"192","product_price_currency":"MXN","og_availability":"instock","product_availability":"instock","product_retailer_item_id":"MS105GS","product_condition":"new"},"_links":{"self":[{"href":"https:\/\/compuviper.mx\/tienda\/wp-json\/wp\/v2\/product\/232737"}],"collection":[{"href":"https:\/\/compuviper.mx\/tienda\/wp-json\/wp\/v2\/product"}],"about":[{"href":"https:\/\/compuviper.mx\/tienda\/wp-json\/wp\/v2\/types\/product"}],"replies":[{"embeddable":true,"href":"https:\/\/compuviper.mx\/tienda\/wp-json\/wp\/v2\/comments?post=232737"}],"wp:featuredmedia":[{"embeddable":true,"href":"https:\/\/compuviper.mx\/tienda\/wp-json\/wp\/v2\/media\/234232"}],"wp:attachment":[{"href":"https:\/\/compuviper.mx\/tienda\/wp-json\/wp\/v2\/media?parent=232737"}],"wp:term":[{"taxonomy":"product_cat","embeddable":true,"href":"https:\/\/compuviper.mx\/tienda\/wp-json\/wp\/v2\/product_cat?post=232737"},{"taxonomy":"product_tag","embeddable":true,"href":"https:\/\/compuviper.mx\/tienda\/wp-json\/wp\/v2\/product_tag?post=232737"}],"curies":[{"name":"wp","href":"https:\/\/api.w.org\/{rel}","templated":true}]}}