{"id":232733,"date":"2026-04-18T01:11:42","date_gmt":"2026-04-18T07:11:42","guid":{"rendered":"https:\/\/compuviper.mx\/tienda\/producto\/tp-link-archer-ax23-router-tp-link-wifi-6-ax1800-2-4-ghz-5-gh-1-pto-wan-4-pto-lan\/"},"modified":"2026-04-18T01:11:43","modified_gmt":"2026-04-18T07:11:43","slug":"tp-link-archer-ax23-router-tp-link-wifi-6-ax1800-2-4-ghz-5-gh-1-pto-wan-4-pto-lan","status":"publish","type":"product","link":"https:\/\/compuviper.mx\/tienda\/producto\/tp-link-archer-ax23-router-tp-link-wifi-6-ax1800-2-4-ghz-5-gh-1-pto-wan-4-pto-lan\/","title":{"rendered":"Tp Link Archer Ax23 Router | Tp-link |  | Wifi-6 | Ax1800 | 2.4 Ghz \/ 5 Gh | 1 Pto Wan | 4 Pto Lan"},"content":{"rendered":"<table class=\"descripcion\">\n<tr>\n<td>Archer ax23<\/td>\n<\/tr>\n<tr>\n<td>\u0095 descripci\u00f3n general<\/td>\n<\/tr>\n<tr>\n<td>\u0095 especificaciones<\/td>\n<\/tr>\n<tr>\n<td>\u0095 soporte<\/td>\n<\/tr>\n<tr>\n<td>Wireless<\/td>\n<\/tr>\n<tr>\n<td>Standards wi-fi 6<\/td>\n<\/tr>\n<tr>\n<td>Ieee 802.11ax\/ac\/n\/a 5 ghz<\/td>\n<\/tr>\n<tr>\n<td>Ieee 802.11ax\/n\/b\/g 2.4 ghz<\/td>\n<\/tr>\n<tr>\n<td>Wifi speeds ax1800<\/td>\n<\/tr>\n<tr>\n<td>5 ghz: 1201 mbps (802.11ax)<\/td>\n<\/tr>\n<tr>\n<td>2.4 ghz: 574 mbps (802.11ax)<\/td>\n<\/tr>\n<tr>\n<td>Wifi range casas de 2-3 dormitorios<\/td>\n<\/tr>\n<tr>\n<td>________________________________________<\/td>\n<\/tr>\n<tr>\n<td>4 antenas fijas de alto rendimiento<\/td>\n<\/tr>\n<tr>\n<td>M\u00faltiples antenas forman una matriz de refuerzo de se\u00f1al para cubrir m\u00e1s direcciones y \u00e1reas amplias<\/td>\n<\/tr>\n<tr>\n<td>Beamforming<\/td>\n<\/tr>\n<tr>\n<td>Concentra la intensidad de la se\u00f1al inal\u00e1mbrica hacia los clientes para ampliar el alcance del wifi<\/td>\n<\/tr>\n<tr>\n<td>Wifi capacity alta<\/td>\n<\/tr>\n<tr>\n<td>________________________________________<\/td>\n<\/tr>\n<tr>\n<td>Doble banda<\/td>\n<\/tr>\n<tr>\n<td>Asignar dispositivos a diferentes bandas para un rendimiento \u00f3ptimo<\/td>\n<\/tr>\n<tr>\n<td>Equidad de tiempo aire<\/td>\n<\/tr>\n<tr>\n<td>Mejora la eficiencia de la red al limitar la ocupaci\u00f3n excesiva<\/td>\n<\/tr>\n<tr>\n<td>4 corrientes<\/td>\n<\/tr>\n<tr>\n<td>Conecte sus dispositivos a m\u00e1s ancho de banda<\/td>\n<\/tr>\n<tr>\n<td>Working modes modo de enrutador<\/td>\n<\/tr>\n<tr>\n<td>Modo de punto de acceso<\/td>\n<\/tr>\n<tr>\n<td>Seguridad<\/td>\n<\/tr>\n<tr>\n<td>Network security cortafuegos spi<\/td>\n<\/tr>\n<tr>\n<td>Control de acceso<\/td>\n<\/tr>\n<tr>\n<td>Enlace ip y mac<\/td>\n<\/tr>\n<tr>\n<td>Puerta de enlace de la capa de aplicaci\u00f3n<\/td>\n<\/tr>\n<tr>\n<td>Guest network red de invitados de 1 \u00d7 5 ghz<\/td>\n<\/tr>\n<tr>\n<td>1 red de invitados de 2,4 ghz<\/td>\n<\/tr>\n<tr>\n<td>Vpn server openvpn<\/td>\n<\/tr>\n<tr>\n<td>Pptp<\/td>\n<\/tr>\n<tr>\n<td>Wifi encryption wpa<\/td>\n<\/tr>\n<tr>\n<td>Wpa2<\/td>\n<\/tr>\n<tr>\n<td>Wpa3<\/td>\n<\/tr>\n<tr>\n<td>Wpa\/wpa2-enterprise (802.1x)<\/td>\n<\/tr>\n<tr>\n<td>Hardware<\/td>\n<\/tr>\n<tr>\n<td>Processor cpu de doble n\u00facleo<\/td>\n<\/tr>\n<tr>\n<td>Ethernet ports 1 puerto wan gigabit<\/td>\n<\/tr>\n<tr>\n<td>4 puertos lan gigabit<\/td>\n<\/tr>\n<tr>\n<td>Botones bot\u00f3n wi-fi\/wps<\/td>\n<\/tr>\n<tr>\n<td>Bot\u00f3n de encendido\/apagado<\/td>\n<\/tr>\n<tr>\n<td>Bot\u00f3n de reinicio<\/td>\n<\/tr>\n<tr>\n<td>Power 12 v  and #9107; 1 a<\/td>\n<\/tr>\n<tr>\n<td>Software<\/td>\n<\/tr>\n<tr>\n<td>Protocols ipv4<\/td>\n<\/tr>\n<tr>\n<td>Ipv6<\/td>\n<\/tr>\n<tr>\n<td>Onemesh\u0099 compatible con onemesh \u0099<\/td>\n<\/tr>\n<tr>\n<td>Sin reemplazar sus dispositivos existentes o comprar un ecosistema wifi completamente nuevo, onemesh \u0099 lo ayuda a crear una red m\u00e1s flexible que cubre toda su casa con los productos tp-link onemesh \u0099.<\/td>\n<\/tr>\n<tr>\n<td>M\u00e1s informaci\u00f3n  and  gt;<\/td>\n<\/tr>\n<tr>\n<td>Todos los productos onemesh  and  gt;<\/td>\n<\/tr>\n<tr>\n<td>Easymesh mesh networking creates smooth, fast, stable roaming. archer ax23 can flexibly build an easymesh network with easymesh-compatible devices, which eliminates wi-fi dead zones, expand your network, and fill your entire home with high-speed wi-fi. seamless wi-fi connections with one network name, one-click setting and flexible scalability.<\/td>\n<\/tr>\n<tr>\n<td>Learn more<\/td>\n<\/tr>\n<tr>\n<td>Parental controls filtrado de url<\/td>\n<\/tr>\n<tr>\n<td>Controles de tiempo<\/td>\n<\/tr>\n<tr>\n<td>Wan types ip din\u00e1mica<\/td>\n<\/tr>\n<tr>\n<td>Ip est\u00e1tica<\/td>\n<\/tr>\n<tr>\n<td>Pppoe<\/td>\n<\/tr>\n<tr>\n<td>Pptp<\/td>\n<\/tr>\n<tr>\n<td>L2tp<\/td>\n<\/tr>\n<tr>\n<td>Quality of service qos por dispositivo<\/td>\n<\/tr>\n<tr>\n<td>Cloud service actualizaci\u00f3n de firmware ota<\/td>\n<\/tr>\n<tr>\n<td>Id de tp-link<\/td>\n<\/tr>\n<tr>\n<td>Ddns<\/td>\n<\/tr>\n<tr>\n<td>Nat forwarding reenv\u00edo de puertos<\/td>\n<\/tr>\n<tr>\n<td>Activaci\u00f3n de puerto<\/td>\n<\/tr>\n<tr>\n<td>Dmz<\/td>\n<\/tr>\n<tr>\n<td>Upnp<\/td>\n<\/tr>\n<tr>\n<td>Iptv proxy igmp<\/td>\n<\/tr>\n<tr>\n<td>Inspecci\u00f3n igmp<\/td>\n<\/tr>\n<tr>\n<td>Puente<\/td>\n<\/tr>\n<tr>\n<td>Etiqueta vlan<\/td>\n<\/tr>\n<tr>\n<td>Dhcp direcci\u00f3n de reservas<\/td>\n<\/tr>\n<tr>\n<td>Lista de clientes dhcp<\/td>\n<\/tr>\n<tr>\n<td>Servidor<\/td>\n<\/tr>\n<tr>\n<td>Ddns tp-link<\/td>\n<\/tr>\n<tr>\n<td>No-ip<\/td>\n<\/tr>\n<tr>\n<td>Dyndns<\/td>\n<\/tr>\n<tr>\n<td>Management aplicaci\u00f3n tether<\/td>\n<\/tr>\n<tr>\n<td>P\u00e1gina web<\/td>\n<\/tr>\n<tr>\n<td>Verifique el emulador web<\/td>\n<\/tr>\n<tr>\n<td>Other<\/td>\n<\/tr>\n<tr>\n<td>System requirements internet explorer 11+, firefox 12.0+, chrome 20.0+, safari 4.0+ u otro navegador habilitado para javascript<\/td>\n<\/tr>\n<tr>\n<td>M\u00f3dem por cable o dsl (si es necesario)<\/td>\n<\/tr>\n<tr>\n<td>Suscripci\u00f3n con un proveedor de servicios de internet (para acceso a internet)<\/td>\n<\/tr>\n<tr>\n<td>Certifications fcc, ce, rohs<\/td>\n<\/tr>\n<tr>\n<td>Environment temperatura de funcionamiento: 0  and #8451; ~ 40  and #8451; (32  and #8457; ~ 104  and #8457;)<\/td>\n<\/tr>\n<tr>\n<td>Temperatura de almacenamiento: -40  and #8451; ~ 70  and #8451; (-40  and #8457; ~ 158  and #8457;)<\/td>\n<\/tr>\n<tr>\n<td>Humedad de funcionamiento: 10% ~ 90% sin condensaci\u00f3n<\/td>\n<\/tr>\n<tr>\n<td>Humedad de almacenamiento: 5% ~ 90% sin condensaci\u00f3n<\/td>\n<\/tr>\n<tr>\n<td>Test data<\/td>\n<\/tr>\n<tr>\n<td>Wifi transmission power ce:<\/td>\n<\/tr>\n<tr>\n<td> 20dbm(2.4 ghz)<\/td>\n<\/tr>\n<tr>\n<td> 23dbm(5.15 ghz~5.25 ghz)<\/td>\n<\/tr>\n<tr>\n<td>Fcc:<\/td>\n<\/tr>\n<tr>\n<td> 30dbm(2.4 ghz  and  5.15 ghz~5.825 ghz)<\/td>\n<\/tr>\n<tr>\n<td>Wifi reception sensitivity eu version<\/td>\n<\/tr>\n<tr>\n<td>5g<\/td>\n<\/tr>\n<tr>\n<td>11a 6mbps: -96dbm<\/td>\n<\/tr>\n<tr>\n<td>11a 54mbps:-75dbm<\/td>\n<\/tr>\n<tr>\n<td>11ac vht20_mcs0: -95dbm<\/td>\n<\/tr>\n<tr>\n<td>11ac vht20_mcs8: -71dbm<\/td>\n<\/tr>\n<tr>\n<td>11ac vht40_mcs0: -92dbm<\/td>\n<\/tr>\n<tr>\n<td>11ac vht40_mcs9: -66dbm<\/td>\n<\/tr>\n<tr>\n<td>11ac vht80_mcs0: -89dbm<\/td>\n<\/tr>\n<tr>\n<td>11ac vht80_mcs9:-62dbm<\/td>\n<\/tr>\n<tr>\n<td>11ax he20_mcs0:-95dbm<\/td>\n<\/tr>\n<tr>\n<td>11ax he20_mcs11: -64dbm<\/td>\n<\/tr>\n<tr>\n<td>11ax he40_mcs0: -92dbm<\/td>\n<\/tr>\n<tr>\n<td>11ax he40_mcs11: -60dbm<\/td>\n<\/tr>\n<tr>\n<td>11ax he80_mcs0: -89dbm<\/td>\n<\/tr>\n<tr>\n<td>11ax he80_mcs11:-59dbm<\/td>\n<\/tr>\n<tr>\n<td>2.4g<\/td>\n<\/tr>\n<tr>\n<td>11g 6mbps:-96dbm<\/td>\n<\/tr>\n<tr>\n<td>11g 54mbps:-75dbm<\/td>\n<\/tr>\n<tr>\n<td>11n ht20_mcs0:-95dbm<\/td>\n<\/tr>\n<tr>\n<td>11n ht20_mcs7:-75dbm<\/td>\n<\/tr>\n<tr>\n<td>11n ht40_mcs0:-92dbm<\/td>\n<\/tr>\n<tr>\n<td>11n ht40_mcs7: -72dbm<\/td>\n<\/tr>\n<tr>\n<td>11ac vht20_mcs0:-95dbm<\/td>\n<\/tr>\n<tr>\n<td>11ac vht20_mcs8:-72dbm<\/td>\n<\/tr>\n<tr>\n<td>11ac vht40_mcs0:-92dbm<\/td>\n<\/tr>\n<tr>\n<td>11ac vht40_mcs9: -67dbm<\/td>\n<\/tr>\n<tr>\n<td>11ax he20_mcs0:-95dbm<\/td>\n<\/tr>\n<tr>\n<td>11ax he20_mcs11: -65dbm<\/td>\n<\/tr>\n<tr>\n<td>11ax he40_mcs0: -92dbm<\/td>\n<\/tr>\n<tr>\n<td>11ax he40_mcs11: -62dbm<\/td>\n<\/tr>\n<tr>\n<td>Us version<\/td>\n<\/tr>\n<tr>\n<td>5g<\/td>\n<\/tr>\n<tr>\n<td>11a 6mbps: -96dbm<\/td>\n<\/tr>\n<tr>\n<td>11a 54mbps:-75dbm<\/td>\n<\/tr>\n<tr>\n<td>11ac vht20_mcs0: -95dbm<\/td>\n<\/tr>\n<tr>\n<td>11ac vht20_mcs8: -71dbm<\/td>\n<\/tr>\n<tr>\n<td>11ac vht40_mcs0: -92dbm<\/td>\n<\/tr>\n<tr>\n<td>11ac vht40_mcs9: -66dbm<\/td>\n<\/tr>\n<tr>\n<td>11ac vht80_mcs0: -89dbm<\/td>\n<\/tr>\n<tr>\n<td>11ac vht40_mcs9:-62dbm<\/td>\n<\/tr>\n<tr>\n<td>11ax he20_mcs0:-95dbm<\/td>\n<\/tr>\n<tr>\n<td>11ax he20_mcs11: -64dbm<\/td>\n<\/tr>\n<tr>\n<td>11ax he40_mcs0: -92dbm<\/td>\n<\/tr>\n<tr>\n<td>11ax he40_mcs11: -60dbm<\/td>\n<\/tr>\n<tr>\n<td>11ax he80_mcs0: -89dbm<\/td>\n<\/tr>\n<tr>\n<td>11ax he80_mcs11:-59dbm<\/td>\n<\/tr>\n<tr>\n<td>2.4g<\/td>\n<\/tr>\n<tr>\n<td>11g 6mbps:-96dbm<\/td>\n<\/tr>\n<tr>\n<td>11a 54mbps:-75dbm<\/td>\n<\/tr>\n<tr>\n<td>11ac vht20_mcs0:-95dbm<\/td>\n<\/tr>\n<tr>\n<td>11ac vht20_mcs8:-72dbm<\/td>\n<\/tr>\n<tr>\n<td>11ac vht40_mcs0:-92dbm<\/td>\n<\/tr>\n<tr>\n<td>11ac vht40_mcs9: -67dbm<\/td>\n<\/tr>\n<tr>\n<td>11ax he20_mcs0:-95dbm<\/td>\n<\/tr>\n<tr>\n<td>11ax he20_mcs11: -65dbm<\/td>\n<\/tr>\n<tr>\n<td>11ax he40_mcs0: -92dbm<\/td>\n<\/tr>\n<tr>\n<td>11ax he40_mcs11: -62dbm<\/td>\n<\/tr>\n<tr>\n<td>Physical<\/td>\n<\/tr>\n<tr>\n<td>Dimensions (w\u00d7d\u00d7h) 10.2 \u00d7 5.3 \u00d71.5 in<\/td>\n<\/tr>\n<tr>\n<td>(260.2 \u00d7 135.0 \u00d7 38.6 mm)<\/td>\n<\/tr>\n<tr>\n<td>Package contents enrutador wi-fi archer ax23<\/td>\n<\/tr>\n<tr>\n<td>Adaptador de corriente<\/td>\n<\/tr>\n<tr>\n<td>Cable ethernet rj45<\/td>\n<\/tr>\n<tr>\n<td>Gu\u00eda de instalaci\u00f3n r\u00e1pida<\/td>\n<\/tr>\n<\/table>\n","protected":false},"excerpt":{"rendered":"<p>Archer ax23. Router wi-fi 6 de doble banda ax1800. \u0095 wi-fi s\u00faper r\u00e1pido de 1.8 gbps: disfruta de una transmisi\u00f3n y descarga 4k fluidas con velocidades de wi-fi s\u00faper r\u00e1pidas de 1.8 gbps. ?. \u0095 conecta m\u00e1s dispositivos: se comunica con m\u00e1s dispositivos mediante ofdma y al mismo tiempo reduce el retraso. ?. \u0095 cobertura m\u00e1s amplia : el algoritmo mejorado, la formaci\u00f3n de haces y las antenas de alto rendimiento mejoran el rendimiento de la cobertura wi-fi. ?. \u0095 plataforma de pr\u00f3xima generaci\u00f3n: el conjunto de chips de alta eficiencia de pr\u00f3xima generaci\u00f3n proporciona wi-fi r\u00e1pido y estable a la vez que ahorra consumo de energ\u00eda.  And #9651. \u0095 controles parentales:  disfruta de las funciones de control parental m\u00e1s vers\u00e1tiles pero gratuitas entre todos los routers, incluido el bloqueo de url, la administraci\u00f3n de perfiles, la pausa y m\u00e1s. \u0095 funciona con la mayor\u00eda de los isp: compatible con la mayor\u00eda de los isp con soporte adicional para l2tp \/ pptp. El soporte de iptv funciona con su contrato de tv existente a trav\u00e9s de internet. \u0095 easymesh-compatible &#8211; flexibly creates a mesh network by connecting to an easymesh-compatible router for seamless whole-home coverage. \u0095 configuraci\u00f3n f\u00e1cil: configura tu router en minutos con la poderosa aplicaci\u00f3n tp-link tether. \u0095 compatible con versiones anteriores: admite todos los dispositivos wi-fi de est\u00e1ndares 802.11 anteriores.<\/p>\n","protected":false},"featured_media":234228,"comment_status":"open","ping_status":"open","template":"","meta":[],"product_cat":[1563,1753],"product_tag":[1562],"acf":[],"yoast_head":"<!-- This site is optimized with the Yoast SEO plugin v21.7 - https:\/\/yoast.com\/wordpress\/plugins\/seo\/ -->\n<title>[ Tp Link ] &#129351; Archer Ax23 Router | Tp-link | | Wifi-6 | Ax1800 | 2.4 Ghz \/ 5 Gh | 1 Pto Wan | 4 Pto Lan<\/title>\n<meta name=\"description\" content=\"Compra Archer Ax23 Router | Tp-link | | Wifi-6 | Ax1800 | 2.4 Ghz \/ 5 Gh | 1 Pto Wan | 4 Pto Lan + Env\u00edo a domicilio + Pago seguro + Garant\u00eda\" \/>\n<meta name=\"robots\" content=\"index, follow, max-snippet:-1, max-image-preview:large, max-video-preview:-1\" \/>\n<link rel=\"canonical\" href=\"https:\/\/compuviper.mx\/tienda\/producto\/tp-link-archer-ax23-router-tp-link-wifi-6-ax1800-2-4-ghz-5-gh-1-pto-wan-4-pto-lan\/\" \/>\n<meta property=\"og:locale\" content=\"es_MX\" \/>\n<meta property=\"og:type\" content=\"article\" \/>\n<meta property=\"og:title\" content=\"[ Tp Link ] &#129351; Archer Ax23 Router | Tp-link | | Wifi-6 | Ax1800 | 2.4 Ghz \/ 5 Gh | 1 Pto Wan | 4 Pto Lan\" \/>\n<meta property=\"og:description\" content=\"Compra Archer Ax23 Router | Tp-link | | Wifi-6 | Ax1800 | 2.4 Ghz \/ 5 Gh | 1 Pto Wan | 4 Pto Lan + Env\u00edo a domicilio + Pago seguro + Garant\u00eda\" \/>\n<meta property=\"og:url\" content=\"https:\/\/compuviper.mx\/tienda\/producto\/tp-link-archer-ax23-router-tp-link-wifi-6-ax1800-2-4-ghz-5-gh-1-pto-wan-4-pto-lan\/\" \/>\n<meta property=\"og:site_name\" content=\"Compuviper\" \/>\n<meta property=\"article:publisher\" content=\"https:\/\/www.facebook.com\/compuviper\" \/>\n<meta property=\"article:modified_time\" content=\"2026-04-18T07:11:43+00:00\" \/>\n<meta property=\"og:image\" content=\"https:\/\/compuviper.mx\/tienda\/wp-content\/uploads\/2024\/05\/Router-tp-link-archer-ax23-wifi-6-ax1800-2.4-ghz-5-gh-1-pto-wan-4-pto-lan.jpg\" \/>\n\t<meta property=\"og:image:width\" content=\"200\" \/>\n\t<meta property=\"og:image:height\" content=\"200\" \/>\n\t<meta property=\"og:image:type\" content=\"image\/jpeg\" \/>\n<meta name=\"twitter:card\" content=\"summary_large_image\" \/>\n<meta name=\"twitter:label1\" content=\"Precio\" \/>\n\t<meta name=\"twitter:data1\" content=\"&#36;913 con IVA\" \/>\n\t<meta name=\"twitter:label2\" content=\"Availability\" \/>\n\t<meta name=\"twitter:data2\" content=\"In stock\" \/>\n<script type=\"application\/ld+json\" class=\"yoast-schema-graph\">{\"@context\":\"https:\/\/schema.org\",\"@graph\":[{\"@type\":\"WebPage\",\"@id\":\"https:\/\/compuviper.mx\/tienda\/producto\/tp-link-archer-ax23-router-tp-link-wifi-6-ax1800-2-4-ghz-5-gh-1-pto-wan-4-pto-lan\/\",\"url\":\"https:\/\/compuviper.mx\/tienda\/producto\/tp-link-archer-ax23-router-tp-link-wifi-6-ax1800-2-4-ghz-5-gh-1-pto-wan-4-pto-lan\/\",\"name\":\"[ Tp Link ] &#129351; Archer Ax23 Router | Tp-link | | Wifi-6 | Ax1800 | 2.4 Ghz \/ 5 Gh | 1 Pto Wan | 4 Pto Lan\",\"isPartOf\":{\"@id\":\"https:\/\/compuviper.mx\/tienda\/#website\"},\"datePublished\":\"2026-04-18T07:11:42+00:00\",\"dateModified\":\"2026-04-18T07:11:43+00:00\",\"description\":\"Compra Archer Ax23 Router | Tp-link | | Wifi-6 | Ax1800 | 2.4 Ghz \/ 5 Gh | 1 Pto Wan | 4 Pto Lan + Env\u00edo a domicilio + Pago seguro + Garant\u00eda\",\"breadcrumb\":{\"@id\":\"https:\/\/compuviper.mx\/tienda\/producto\/tp-link-archer-ax23-router-tp-link-wifi-6-ax1800-2-4-ghz-5-gh-1-pto-wan-4-pto-lan\/#breadcrumb\"},\"inLanguage\":\"es-MX\",\"potentialAction\":[{\"@type\":\"ReadAction\",\"target\":[\"https:\/\/compuviper.mx\/tienda\/producto\/tp-link-archer-ax23-router-tp-link-wifi-6-ax1800-2-4-ghz-5-gh-1-pto-wan-4-pto-lan\/\"]}]},{\"@type\":\"BreadcrumbList\",\"@id\":\"https:\/\/compuviper.mx\/tienda\/producto\/tp-link-archer-ax23-router-tp-link-wifi-6-ax1800-2-4-ghz-5-gh-1-pto-wan-4-pto-lan\/#breadcrumb\",\"itemListElement\":[{\"@type\":\"ListItem\",\"position\":1,\"name\":\"Inicio\",\"item\":\"https:\/\/compuviper.mx\/tienda\/\"},{\"@type\":\"ListItem\",\"position\":2,\"name\":\"Productos\",\"item\":\"https:\/\/compuviper.mx\/tienda\/productos\/\"},{\"@type\":\"ListItem\",\"position\":3,\"name\":\"Redes\",\"item\":\"https:\/\/compuviper.mx\/tienda\/categoria-producto\/redes\/\"},{\"@type\":\"ListItem\",\"position\":4,\"name\":\"Router\",\"item\":\"https:\/\/compuviper.mx\/tienda\/categoria-producto\/redes\/router\/\"},{\"@type\":\"ListItem\",\"position\":5,\"name\":\"Tp Link Archer Ax23 Router | Tp-link | | Wifi-6 | Ax1800 | 2.4 Ghz \/ 5 Gh | 1 Pto Wan | 4 Pto Lan\"}]},{\"@type\":\"WebSite\",\"@id\":\"https:\/\/compuviper.mx\/tienda\/#website\",\"url\":\"https:\/\/compuviper.mx\/tienda\/\",\"name\":\"Compuviper\",\"description\":\"Proveedor de Computadoras, Laptops, Servidores, Monitores, Puntos de Venta, Teclados,   Impresoras, T\u00f3ner, C\u00e1maras de Seguridad y m\u00e1s en tu tienda en l\u00ednea\",\"publisher\":{\"@id\":\"https:\/\/compuviper.mx\/tienda\/#organization\"},\"potentialAction\":[{\"@type\":\"SearchAction\",\"target\":{\"@type\":\"EntryPoint\",\"urlTemplate\":\"https:\/\/compuviper.mx\/tienda\/?s={search_term_string}\"},\"query-input\":\"required name=search_term_string\"}],\"inLanguage\":\"es-MX\"},{\"@type\":\"Organization\",\"@id\":\"https:\/\/compuviper.mx\/tienda\/#organization\",\"name\":\"Compuviper\",\"url\":\"https:\/\/compuviper.mx\/tienda\/\",\"logo\":{\"@type\":\"ImageObject\",\"inLanguage\":\"es-MX\",\"@id\":\"https:\/\/compuviper.mx\/tienda\/#\/schema\/logo\/image\/\",\"url\":\"https:\/\/compuviper.mx\/tienda\/wp-content\/uploads\/2021\/08\/Logo-Compuviper-10.png\",\"contentUrl\":\"https:\/\/compuviper.mx\/tienda\/wp-content\/uploads\/2021\/08\/Logo-Compuviper-10.png\",\"width\":1000,\"height\":500,\"caption\":\"Compuviper\"},\"image\":{\"@id\":\"https:\/\/compuviper.mx\/tienda\/#\/schema\/logo\/image\/\"},\"sameAs\":[\"https:\/\/www.facebook.com\/compuviper\",\"https:\/\/www.youtube.com\/channel\/UCf73dERp9Y3cfOq7q8BhLjA?view_as=subscriber\"]}]}<\/script>\n<meta property=\"product:brand\" content=\"TP LINK\" \/>\n<meta property=\"product:price:amount\" content=\"913\" \/>\n<meta property=\"product:price:currency\" content=\"MXN\" \/>\n<meta property=\"og:availability\" content=\"instock\" \/>\n<meta property=\"product:availability\" content=\"instock\" \/>\n<meta property=\"product:retailer_item_id\" content=\"ARCHER AX23\" \/>\n<meta property=\"product:condition\" content=\"new\" \/>\n<!-- \/ Yoast SEO plugin. -->","yoast_head_json":{"title":"[ Tp Link ] &#129351; Archer Ax23 Router | Tp-link | | Wifi-6 | Ax1800 | 2.4 Ghz \/ 5 Gh | 1 Pto Wan | 4 Pto Lan","description":"Compra Archer Ax23 Router | Tp-link | | Wifi-6 | Ax1800 | 2.4 Ghz \/ 5 Gh | 1 Pto Wan | 4 Pto Lan + Env\u00edo a domicilio + Pago seguro + Garant\u00eda","robots":{"index":"index","follow":"follow","max-snippet":"max-snippet:-1","max-image-preview":"max-image-preview:large","max-video-preview":"max-video-preview:-1"},"canonical":"https:\/\/compuviper.mx\/tienda\/producto\/tp-link-archer-ax23-router-tp-link-wifi-6-ax1800-2-4-ghz-5-gh-1-pto-wan-4-pto-lan\/","og_locale":"es_MX","og_type":"article","og_title":"[ Tp Link ] &#129351; Archer Ax23 Router | Tp-link | | Wifi-6 | Ax1800 | 2.4 Ghz \/ 5 Gh | 1 Pto Wan | 4 Pto Lan","og_description":"Compra Archer Ax23 Router | Tp-link | | Wifi-6 | Ax1800 | 2.4 Ghz \/ 5 Gh | 1 Pto Wan | 4 Pto Lan + Env\u00edo a domicilio + Pago seguro + Garant\u00eda","og_url":"https:\/\/compuviper.mx\/tienda\/producto\/tp-link-archer-ax23-router-tp-link-wifi-6-ax1800-2-4-ghz-5-gh-1-pto-wan-4-pto-lan\/","og_site_name":"Compuviper","article_publisher":"https:\/\/www.facebook.com\/compuviper","article_modified_time":"2026-04-18T07:11:43+00:00","og_image":[{"width":200,"height":200,"url":"https:\/\/compuviper.mx\/tienda\/wp-content\/uploads\/2024\/05\/Router-tp-link-archer-ax23-wifi-6-ax1800-2.4-ghz-5-gh-1-pto-wan-4-pto-lan.jpg","type":"image\/jpeg"}],"twitter_card":"summary_large_image","twitter_misc":{"Precio":"&#36;913 con IVA","Availability":"In stock"},"schema":{"@context":"https:\/\/schema.org","@graph":[{"@type":"WebPage","@id":"https:\/\/compuviper.mx\/tienda\/producto\/tp-link-archer-ax23-router-tp-link-wifi-6-ax1800-2-4-ghz-5-gh-1-pto-wan-4-pto-lan\/","url":"https:\/\/compuviper.mx\/tienda\/producto\/tp-link-archer-ax23-router-tp-link-wifi-6-ax1800-2-4-ghz-5-gh-1-pto-wan-4-pto-lan\/","name":"[ Tp Link ] &#129351; Archer Ax23 Router | Tp-link | | Wifi-6 | Ax1800 | 2.4 Ghz \/ 5 Gh | 1 Pto Wan | 4 Pto Lan","isPartOf":{"@id":"https:\/\/compuviper.mx\/tienda\/#website"},"datePublished":"2026-04-18T07:11:42+00:00","dateModified":"2026-04-18T07:11:43+00:00","description":"Compra Archer Ax23 Router | Tp-link | | Wifi-6 | Ax1800 | 2.4 Ghz \/ 5 Gh | 1 Pto Wan | 4 Pto Lan + Env\u00edo a domicilio + Pago seguro + Garant\u00eda","breadcrumb":{"@id":"https:\/\/compuviper.mx\/tienda\/producto\/tp-link-archer-ax23-router-tp-link-wifi-6-ax1800-2-4-ghz-5-gh-1-pto-wan-4-pto-lan\/#breadcrumb"},"inLanguage":"es-MX","potentialAction":[{"@type":"ReadAction","target":["https:\/\/compuviper.mx\/tienda\/producto\/tp-link-archer-ax23-router-tp-link-wifi-6-ax1800-2-4-ghz-5-gh-1-pto-wan-4-pto-lan\/"]}]},{"@type":"BreadcrumbList","@id":"https:\/\/compuviper.mx\/tienda\/producto\/tp-link-archer-ax23-router-tp-link-wifi-6-ax1800-2-4-ghz-5-gh-1-pto-wan-4-pto-lan\/#breadcrumb","itemListElement":[{"@type":"ListItem","position":1,"name":"Inicio","item":"https:\/\/compuviper.mx\/tienda\/"},{"@type":"ListItem","position":2,"name":"Productos","item":"https:\/\/compuviper.mx\/tienda\/productos\/"},{"@type":"ListItem","position":3,"name":"Redes","item":"https:\/\/compuviper.mx\/tienda\/categoria-producto\/redes\/"},{"@type":"ListItem","position":4,"name":"Router","item":"https:\/\/compuviper.mx\/tienda\/categoria-producto\/redes\/router\/"},{"@type":"ListItem","position":5,"name":"Tp Link Archer Ax23 Router | Tp-link | | Wifi-6 | Ax1800 | 2.4 Ghz \/ 5 Gh | 1 Pto Wan | 4 Pto Lan"}]},{"@type":"WebSite","@id":"https:\/\/compuviper.mx\/tienda\/#website","url":"https:\/\/compuviper.mx\/tienda\/","name":"Compuviper","description":"Proveedor de Computadoras, Laptops, Servidores, Monitores, Puntos de Venta, Teclados,   Impresoras, T\u00f3ner, C\u00e1maras de Seguridad y m\u00e1s en tu tienda en l\u00ednea","publisher":{"@id":"https:\/\/compuviper.mx\/tienda\/#organization"},"potentialAction":[{"@type":"SearchAction","target":{"@type":"EntryPoint","urlTemplate":"https:\/\/compuviper.mx\/tienda\/?s={search_term_string}"},"query-input":"required name=search_term_string"}],"inLanguage":"es-MX"},{"@type":"Organization","@id":"https:\/\/compuviper.mx\/tienda\/#organization","name":"Compuviper","url":"https:\/\/compuviper.mx\/tienda\/","logo":{"@type":"ImageObject","inLanguage":"es-MX","@id":"https:\/\/compuviper.mx\/tienda\/#\/schema\/logo\/image\/","url":"https:\/\/compuviper.mx\/tienda\/wp-content\/uploads\/2021\/08\/Logo-Compuviper-10.png","contentUrl":"https:\/\/compuviper.mx\/tienda\/wp-content\/uploads\/2021\/08\/Logo-Compuviper-10.png","width":1000,"height":500,"caption":"Compuviper"},"image":{"@id":"https:\/\/compuviper.mx\/tienda\/#\/schema\/logo\/image\/"},"sameAs":["https:\/\/www.facebook.com\/compuviper","https:\/\/www.youtube.com\/channel\/UCf73dERp9Y3cfOq7q8BhLjA?view_as=subscriber"]}]},"product_brand":"TP LINK","product_price_amount":"913","product_price_currency":"MXN","og_availability":"instock","product_availability":"instock","product_retailer_item_id":"ARCHER AX23","product_condition":"new"},"_links":{"self":[{"href":"https:\/\/compuviper.mx\/tienda\/wp-json\/wp\/v2\/product\/232733"}],"collection":[{"href":"https:\/\/compuviper.mx\/tienda\/wp-json\/wp\/v2\/product"}],"about":[{"href":"https:\/\/compuviper.mx\/tienda\/wp-json\/wp\/v2\/types\/product"}],"replies":[{"embeddable":true,"href":"https:\/\/compuviper.mx\/tienda\/wp-json\/wp\/v2\/comments?post=232733"}],"wp:featuredmedia":[{"embeddable":true,"href":"https:\/\/compuviper.mx\/tienda\/wp-json\/wp\/v2\/media\/234228"}],"wp:attachment":[{"href":"https:\/\/compuviper.mx\/tienda\/wp-json\/wp\/v2\/media?parent=232733"}],"wp:term":[{"taxonomy":"product_cat","embeddable":true,"href":"https:\/\/compuviper.mx\/tienda\/wp-json\/wp\/v2\/product_cat?post=232733"},{"taxonomy":"product_tag","embeddable":true,"href":"https:\/\/compuviper.mx\/tienda\/wp-json\/wp\/v2\/product_tag?post=232733"}],"curies":[{"name":"wp","href":"https:\/\/api.w.org\/{rel}","templated":true}]}}