{"id":232727,"date":"2026-04-18T01:10:10","date_gmt":"2026-04-18T07:10:10","guid":{"rendered":"https:\/\/compuviper.mx\/tienda\/producto\/tp-link-tl-sg105-m2-switch-multigigabit-25g-de-5-puertos-rj45-de-2-5g-spec-caja-de-acero-para-escritorio-funcin-plug-and-play\/"},"modified":"2026-04-18T01:10:11","modified_gmt":"2026-04-18T07:10:11","slug":"tp-link-tl-sg105-m2-switch-multigigabit-25g-de-5-puertos-rj45-de-2-5g-spec-caja-de-acero-para-escritorio-funcin-plug-and-play","status":"publish","type":"product","link":"https:\/\/compuviper.mx\/tienda\/producto\/tp-link-tl-sg105-m2-switch-multigigabit-25g-de-5-puertos-rj45-de-2-5g-spec-caja-de-acero-para-escritorio-funcin-plug-and-play\/","title":{"rendered":"Tp Link Tl-sg105-m2 Switch Multigigabit 2,5g De 5 Puertos Rj45 De 2.5g Spec Caja De Acero Para Escritorio Funcin Plug And Play"},"content":{"rendered":"<table class=\"descripcion\">\n<tr>\n<td>Caracter\u00edsticas de hardware<\/td>\n<\/tr>\n<tr>\n<td>Est\u00e1ndares y protocolos ieee 802.3, 802.3u, 802.3ab, 802.3x, 802.1p, 802.3bz<\/td>\n<\/tr>\n<tr>\n<td>Interfaz 5 puertos de 100 mbps \/ 1 gbps \/ 2,5 gbp, negociaci\u00f3n autom\u00e1tica, mdi autom\u00e1tico \/ mdix<\/td>\n<\/tr>\n<tr>\n<td>Cantidad de ventiladores sin ventilador<\/td>\n<\/tr>\n<tr>\n<td>Fuente de alimentaci\u00f3n externa adaptador de corriente externo (salida: 12 vcc \/ 1 a)<\/td>\n<\/tr>\n<tr>\n<td>Indicador de led \u0095 energ\u00eda del sistema: 1<\/td>\n<\/tr>\n<tr>\n<td>\u0095 indicadores de enlace \/ actividad: 5, 1 indicador por puerto integrado en cada puerto rj-45<\/td>\n<\/tr>\n<tr>\n<td>Dimensiones 8.2\u00d74.9\u00d71.0 in (209\u00d7126\u00d726 mm)<\/td>\n<\/tr>\n<tr>\n<td>Consumo de potencia m\u00e1ximo 12.11 w<\/td>\n<\/tr>\n<tr>\n<td>Max heat dissipation 41.32 btu\/h<\/td>\n<\/tr>\n<tr>\n<td>Rendimiento<\/td>\n<\/tr>\n<tr>\n<td>Capacidad de conmutaci\u00f3n 25 gbps<\/td>\n<\/tr>\n<tr>\n<td>Tasa de reenv\u00edo de paquetes 18.6 mpps<\/td>\n<\/tr>\n<tr>\n<td>Tabla de direcciones mac 16 k<\/td>\n<\/tr>\n<tr>\n<td>Memoria del buffer de paquete 1.5 mb<\/td>\n<\/tr>\n<tr>\n<td>Jumbo frame 10 kb<\/td>\n<\/tr>\n<tr>\n<td>Caracter\u00edsticas de software<\/td>\n<\/tr>\n<tr>\n<td>Caracter\u00edsticas avanzadas \u0095 control de flujo 802.3x<\/td>\n<\/tr>\n<tr>\n<td>\u0095 qos 802.1p \/ dscp<\/td>\n<\/tr>\n<tr>\n<td>M\u00e9todo de transferencia almacenamiento y reenv\u00edo<\/td>\n<\/tr>\n<tr>\n<td>Otros<\/td>\n<\/tr>\n<tr>\n<td>Certificaciones ce, fcc ,rohs<\/td>\n<\/tr>\n<tr>\n<td>Contenido del paquete \u0095 switch de sobremesa multigigabit 2,5g de 5 puertos tl-sg105-m2<\/td>\n<\/tr>\n<tr>\n<td>\u0095 adaptador de corriente<\/td>\n<\/tr>\n<tr>\n<td>\u0095 gu\u00eda de instalaci\u00f3n<\/td>\n<\/tr>\n<tr>\n<td>\u0095 patas de goma<\/td>\n<\/tr>\n<tr>\n<td>Factores ambientales \u0095 temperatura de funcionamiento: 0 a 40 \u00b0 c (32 a 104 \u00b0 f)<\/td>\n<\/tr>\n<tr>\n<td>\u0095 temperatura de almacenamiento: -40\u009670 \u00b0 c (-40\u0096158 \u00b0 f)<\/td>\n<\/tr>\n<tr>\n<td>\u0095 humedad de funcionamiento: 10 a 90% de humedad relativa sin condensaci\u00f3n<\/td>\n<\/tr>\n<tr>\n<td>\u0095 humedad de almacenamiento: 5\u009690% de humedad relativa sin condensaci\u00f3n<\/td>\n<\/tr>\n<\/table>\n","protected":false},"excerpt":{"rendered":"<p>Switch                                                                                                                                                          multigigabit 2,5g de 5 puertos. Puerto: 5 puertos rj45 de 2.5g. Spec: caja de acero para escritorio. Funci\u00f3n: plug and play<\/p>\n","protected":false},"featured_media":232854,"comment_status":"open","ping_status":"open","template":"","meta":[],"product_cat":[1563,1564],"product_tag":[1562],"acf":[],"yoast_head":"<!-- This site is optimized with the Yoast SEO plugin v21.7 - https:\/\/yoast.com\/wordpress\/plugins\/seo\/ -->\n<title>[ Tp Link ] &#129351; Tl-sg105-m2 Switch Multigigabit 2,5g De 5 Puertos Rj45 De 2.5g Spec Caja De Acero Para Escritorio Funcin Plug And Play<\/title>\n<meta name=\"description\" content=\"Compra Tl-sg105-m2 Switch Multigigabit 2,5g De 5 Puertos Rj45 De 2.5g Spec Caja De Acero Para Escritorio Funcin Plug And Play + Env\u00edo a domicilio + Pago seguro + Garant\u00eda\" \/>\n<meta name=\"robots\" content=\"index, follow, max-snippet:-1, max-image-preview:large, max-video-preview:-1\" \/>\n<link rel=\"canonical\" href=\"https:\/\/compuviper.mx\/tienda\/producto\/tp-link-tl-sg105-m2-switch-multigigabit-25g-de-5-puertos-rj45-de-2-5g-spec-caja-de-acero-para-escritorio-funcin-plug-and-play\/\" \/>\n<meta property=\"og:locale\" content=\"es_MX\" \/>\n<meta property=\"og:type\" content=\"article\" \/>\n<meta property=\"og:title\" content=\"[ Tp Link ] &#129351; Tl-sg105-m2 Switch Multigigabit 2,5g De 5 Puertos Rj45 De 2.5g Spec Caja De Acero Para Escritorio Funcin Plug And Play\" \/>\n<meta property=\"og:description\" content=\"Compra Tl-sg105-m2 Switch Multigigabit 2,5g De 5 Puertos Rj45 De 2.5g Spec Caja De Acero Para Escritorio Funcin Plug And Play + Env\u00edo a domicilio + Pago seguro + Garant\u00eda\" \/>\n<meta property=\"og:url\" content=\"https:\/\/compuviper.mx\/tienda\/producto\/tp-link-tl-sg105-m2-switch-multigigabit-25g-de-5-puertos-rj45-de-2-5g-spec-caja-de-acero-para-escritorio-funcin-plug-and-play\/\" \/>\n<meta property=\"og:site_name\" content=\"Compuviper\" \/>\n<meta property=\"article:publisher\" content=\"https:\/\/www.facebook.com\/compuviper\" \/>\n<meta property=\"article:modified_time\" content=\"2026-04-18T07:10:11+00:00\" \/>\n<meta property=\"og:image\" content=\"https:\/\/compuviper.mx\/tienda\/wp-content\/uploads\/2024\/04\/Switch-multigigabit-25g-de-5-puertos-rj45-de-2.5g-spec-caja-de-acero-para-escritorio-funcin-plug-and-play.jpg\" \/>\n\t<meta property=\"og:image:width\" content=\"200\" \/>\n\t<meta property=\"og:image:height\" content=\"200\" \/>\n\t<meta property=\"og:image:type\" content=\"image\/jpeg\" \/>\n<meta name=\"twitter:card\" content=\"summary_large_image\" \/>\n<meta name=\"twitter:label1\" content=\"Precio\" \/>\n\t<meta name=\"twitter:data1\" content=\"&#36;813 con IVA\" \/>\n\t<meta name=\"twitter:label2\" content=\"Availability\" \/>\n\t<meta name=\"twitter:data2\" content=\"On backorder\" \/>\n<script type=\"application\/ld+json\" class=\"yoast-schema-graph\">{\"@context\":\"https:\/\/schema.org\",\"@graph\":[{\"@type\":\"WebPage\",\"@id\":\"https:\/\/compuviper.mx\/tienda\/producto\/tp-link-tl-sg105-m2-switch-multigigabit-25g-de-5-puertos-rj45-de-2-5g-spec-caja-de-acero-para-escritorio-funcin-plug-and-play\/\",\"url\":\"https:\/\/compuviper.mx\/tienda\/producto\/tp-link-tl-sg105-m2-switch-multigigabit-25g-de-5-puertos-rj45-de-2-5g-spec-caja-de-acero-para-escritorio-funcin-plug-and-play\/\",\"name\":\"[ Tp Link ] &#129351; Tl-sg105-m2 Switch Multigigabit 2,5g De 5 Puertos Rj45 De 2.5g Spec Caja De Acero Para Escritorio Funcin Plug And Play\",\"isPartOf\":{\"@id\":\"https:\/\/compuviper.mx\/tienda\/#website\"},\"datePublished\":\"2026-04-18T07:10:10+00:00\",\"dateModified\":\"2026-04-18T07:10:11+00:00\",\"description\":\"Compra Tl-sg105-m2 Switch Multigigabit 2,5g De 5 Puertos Rj45 De 2.5g Spec Caja De Acero Para Escritorio Funcin Plug And Play + Env\u00edo a domicilio + Pago seguro + Garant\u00eda\",\"breadcrumb\":{\"@id\":\"https:\/\/compuviper.mx\/tienda\/producto\/tp-link-tl-sg105-m2-switch-multigigabit-25g-de-5-puertos-rj45-de-2-5g-spec-caja-de-acero-para-escritorio-funcin-plug-and-play\/#breadcrumb\"},\"inLanguage\":\"es-MX\",\"potentialAction\":[{\"@type\":\"ReadAction\",\"target\":[\"https:\/\/compuviper.mx\/tienda\/producto\/tp-link-tl-sg105-m2-switch-multigigabit-25g-de-5-puertos-rj45-de-2-5g-spec-caja-de-acero-para-escritorio-funcin-plug-and-play\/\"]}]},{\"@type\":\"BreadcrumbList\",\"@id\":\"https:\/\/compuviper.mx\/tienda\/producto\/tp-link-tl-sg105-m2-switch-multigigabit-25g-de-5-puertos-rj45-de-2-5g-spec-caja-de-acero-para-escritorio-funcin-plug-and-play\/#breadcrumb\",\"itemListElement\":[{\"@type\":\"ListItem\",\"position\":1,\"name\":\"Inicio\",\"item\":\"https:\/\/compuviper.mx\/tienda\/\"},{\"@type\":\"ListItem\",\"position\":2,\"name\":\"Productos\",\"item\":\"https:\/\/compuviper.mx\/tienda\/productos\/\"},{\"@type\":\"ListItem\",\"position\":3,\"name\":\"Redes\",\"item\":\"https:\/\/compuviper.mx\/tienda\/categoria-producto\/redes\/\"},{\"@type\":\"ListItem\",\"position\":4,\"name\":\"Switch\",\"item\":\"https:\/\/compuviper.mx\/tienda\/categoria-producto\/redes\/switch\/\"},{\"@type\":\"ListItem\",\"position\":5,\"name\":\"Tp Link Tl-sg105-m2 Switch Multigigabit 2,5g De 5 Puertos Rj45 De 2.5g Spec Caja De Acero Para Escritorio Funcin Plug And Play\"}]},{\"@type\":\"WebSite\",\"@id\":\"https:\/\/compuviper.mx\/tienda\/#website\",\"url\":\"https:\/\/compuviper.mx\/tienda\/\",\"name\":\"Compuviper\",\"description\":\"Proveedor de Computadoras, Laptops, Servidores, Monitores, Puntos de Venta, Teclados,   Impresoras, T\u00f3ner, C\u00e1maras de Seguridad y m\u00e1s en tu tienda en l\u00ednea\",\"publisher\":{\"@id\":\"https:\/\/compuviper.mx\/tienda\/#organization\"},\"potentialAction\":[{\"@type\":\"SearchAction\",\"target\":{\"@type\":\"EntryPoint\",\"urlTemplate\":\"https:\/\/compuviper.mx\/tienda\/?s={search_term_string}\"},\"query-input\":\"required name=search_term_string\"}],\"inLanguage\":\"es-MX\"},{\"@type\":\"Organization\",\"@id\":\"https:\/\/compuviper.mx\/tienda\/#organization\",\"name\":\"Compuviper\",\"url\":\"https:\/\/compuviper.mx\/tienda\/\",\"logo\":{\"@type\":\"ImageObject\",\"inLanguage\":\"es-MX\",\"@id\":\"https:\/\/compuviper.mx\/tienda\/#\/schema\/logo\/image\/\",\"url\":\"https:\/\/compuviper.mx\/tienda\/wp-content\/uploads\/2021\/08\/Logo-Compuviper-10.png\",\"contentUrl\":\"https:\/\/compuviper.mx\/tienda\/wp-content\/uploads\/2021\/08\/Logo-Compuviper-10.png\",\"width\":1000,\"height\":500,\"caption\":\"Compuviper\"},\"image\":{\"@id\":\"https:\/\/compuviper.mx\/tienda\/#\/schema\/logo\/image\/\"},\"sameAs\":[\"https:\/\/www.facebook.com\/compuviper\",\"https:\/\/www.youtube.com\/channel\/UCf73dERp9Y3cfOq7q8BhLjA?view_as=subscriber\"]}]}<\/script>\n<meta property=\"product:brand\" content=\"TP LINK\" \/>\n<meta property=\"product:price:amount\" content=\"813\" \/>\n<meta property=\"product:price:currency\" content=\"MXN\" \/>\n<meta property=\"og:availability\" content=\"backorder\" \/>\n<meta property=\"product:availability\" content=\"available for order\" \/>\n<meta property=\"product:retailer_item_id\" content=\"TL-SG105-M2\" \/>\n<meta property=\"product:condition\" content=\"new\" \/>\n<!-- \/ Yoast SEO plugin. -->","yoast_head_json":{"title":"[ Tp Link ] &#129351; Tl-sg105-m2 Switch Multigigabit 2,5g De 5 Puertos Rj45 De 2.5g Spec Caja De Acero Para Escritorio Funcin Plug And Play","description":"Compra Tl-sg105-m2 Switch Multigigabit 2,5g De 5 Puertos Rj45 De 2.5g Spec Caja De Acero Para Escritorio Funcin Plug And Play + Env\u00edo a domicilio + Pago seguro + Garant\u00eda","robots":{"index":"index","follow":"follow","max-snippet":"max-snippet:-1","max-image-preview":"max-image-preview:large","max-video-preview":"max-video-preview:-1"},"canonical":"https:\/\/compuviper.mx\/tienda\/producto\/tp-link-tl-sg105-m2-switch-multigigabit-25g-de-5-puertos-rj45-de-2-5g-spec-caja-de-acero-para-escritorio-funcin-plug-and-play\/","og_locale":"es_MX","og_type":"article","og_title":"[ Tp Link ] &#129351; Tl-sg105-m2 Switch Multigigabit 2,5g De 5 Puertos Rj45 De 2.5g Spec Caja De Acero Para Escritorio Funcin Plug And Play","og_description":"Compra Tl-sg105-m2 Switch Multigigabit 2,5g De 5 Puertos Rj45 De 2.5g Spec Caja De Acero Para Escritorio Funcin Plug And Play + Env\u00edo a domicilio + Pago seguro + Garant\u00eda","og_url":"https:\/\/compuviper.mx\/tienda\/producto\/tp-link-tl-sg105-m2-switch-multigigabit-25g-de-5-puertos-rj45-de-2-5g-spec-caja-de-acero-para-escritorio-funcin-plug-and-play\/","og_site_name":"Compuviper","article_publisher":"https:\/\/www.facebook.com\/compuviper","article_modified_time":"2026-04-18T07:10:11+00:00","og_image":[{"width":200,"height":200,"url":"https:\/\/compuviper.mx\/tienda\/wp-content\/uploads\/2024\/04\/Switch-multigigabit-25g-de-5-puertos-rj45-de-2.5g-spec-caja-de-acero-para-escritorio-funcin-plug-and-play.jpg","type":"image\/jpeg"}],"twitter_card":"summary_large_image","twitter_misc":{"Precio":"&#36;813 con IVA","Availability":"On backorder"},"schema":{"@context":"https:\/\/schema.org","@graph":[{"@type":"WebPage","@id":"https:\/\/compuviper.mx\/tienda\/producto\/tp-link-tl-sg105-m2-switch-multigigabit-25g-de-5-puertos-rj45-de-2-5g-spec-caja-de-acero-para-escritorio-funcin-plug-and-play\/","url":"https:\/\/compuviper.mx\/tienda\/producto\/tp-link-tl-sg105-m2-switch-multigigabit-25g-de-5-puertos-rj45-de-2-5g-spec-caja-de-acero-para-escritorio-funcin-plug-and-play\/","name":"[ Tp Link ] &#129351; Tl-sg105-m2 Switch Multigigabit 2,5g De 5 Puertos Rj45 De 2.5g Spec Caja De Acero Para Escritorio Funcin Plug And Play","isPartOf":{"@id":"https:\/\/compuviper.mx\/tienda\/#website"},"datePublished":"2026-04-18T07:10:10+00:00","dateModified":"2026-04-18T07:10:11+00:00","description":"Compra Tl-sg105-m2 Switch Multigigabit 2,5g De 5 Puertos Rj45 De 2.5g Spec Caja De Acero Para Escritorio Funcin Plug And Play + Env\u00edo a domicilio + Pago seguro + Garant\u00eda","breadcrumb":{"@id":"https:\/\/compuviper.mx\/tienda\/producto\/tp-link-tl-sg105-m2-switch-multigigabit-25g-de-5-puertos-rj45-de-2-5g-spec-caja-de-acero-para-escritorio-funcin-plug-and-play\/#breadcrumb"},"inLanguage":"es-MX","potentialAction":[{"@type":"ReadAction","target":["https:\/\/compuviper.mx\/tienda\/producto\/tp-link-tl-sg105-m2-switch-multigigabit-25g-de-5-puertos-rj45-de-2-5g-spec-caja-de-acero-para-escritorio-funcin-plug-and-play\/"]}]},{"@type":"BreadcrumbList","@id":"https:\/\/compuviper.mx\/tienda\/producto\/tp-link-tl-sg105-m2-switch-multigigabit-25g-de-5-puertos-rj45-de-2-5g-spec-caja-de-acero-para-escritorio-funcin-plug-and-play\/#breadcrumb","itemListElement":[{"@type":"ListItem","position":1,"name":"Inicio","item":"https:\/\/compuviper.mx\/tienda\/"},{"@type":"ListItem","position":2,"name":"Productos","item":"https:\/\/compuviper.mx\/tienda\/productos\/"},{"@type":"ListItem","position":3,"name":"Redes","item":"https:\/\/compuviper.mx\/tienda\/categoria-producto\/redes\/"},{"@type":"ListItem","position":4,"name":"Switch","item":"https:\/\/compuviper.mx\/tienda\/categoria-producto\/redes\/switch\/"},{"@type":"ListItem","position":5,"name":"Tp Link Tl-sg105-m2 Switch Multigigabit 2,5g De 5 Puertos Rj45 De 2.5g Spec Caja De Acero Para Escritorio Funcin Plug And Play"}]},{"@type":"WebSite","@id":"https:\/\/compuviper.mx\/tienda\/#website","url":"https:\/\/compuviper.mx\/tienda\/","name":"Compuviper","description":"Proveedor de Computadoras, Laptops, Servidores, Monitores, Puntos de Venta, Teclados,   Impresoras, T\u00f3ner, C\u00e1maras de Seguridad y m\u00e1s en tu tienda en l\u00ednea","publisher":{"@id":"https:\/\/compuviper.mx\/tienda\/#organization"},"potentialAction":[{"@type":"SearchAction","target":{"@type":"EntryPoint","urlTemplate":"https:\/\/compuviper.mx\/tienda\/?s={search_term_string}"},"query-input":"required name=search_term_string"}],"inLanguage":"es-MX"},{"@type":"Organization","@id":"https:\/\/compuviper.mx\/tienda\/#organization","name":"Compuviper","url":"https:\/\/compuviper.mx\/tienda\/","logo":{"@type":"ImageObject","inLanguage":"es-MX","@id":"https:\/\/compuviper.mx\/tienda\/#\/schema\/logo\/image\/","url":"https:\/\/compuviper.mx\/tienda\/wp-content\/uploads\/2021\/08\/Logo-Compuviper-10.png","contentUrl":"https:\/\/compuviper.mx\/tienda\/wp-content\/uploads\/2021\/08\/Logo-Compuviper-10.png","width":1000,"height":500,"caption":"Compuviper"},"image":{"@id":"https:\/\/compuviper.mx\/tienda\/#\/schema\/logo\/image\/"},"sameAs":["https:\/\/www.facebook.com\/compuviper","https:\/\/www.youtube.com\/channel\/UCf73dERp9Y3cfOq7q8BhLjA?view_as=subscriber"]}]},"product_brand":"TP LINK","product_price_amount":"813","product_price_currency":"MXN","og_availability":"backorder","product_availability":"available for order","product_retailer_item_id":"TL-SG105-M2","product_condition":"new"},"_links":{"self":[{"href":"https:\/\/compuviper.mx\/tienda\/wp-json\/wp\/v2\/product\/232727"}],"collection":[{"href":"https:\/\/compuviper.mx\/tienda\/wp-json\/wp\/v2\/product"}],"about":[{"href":"https:\/\/compuviper.mx\/tienda\/wp-json\/wp\/v2\/types\/product"}],"replies":[{"embeddable":true,"href":"https:\/\/compuviper.mx\/tienda\/wp-json\/wp\/v2\/comments?post=232727"}],"wp:featuredmedia":[{"embeddable":true,"href":"https:\/\/compuviper.mx\/tienda\/wp-json\/wp\/v2\/media\/232854"}],"wp:attachment":[{"href":"https:\/\/compuviper.mx\/tienda\/wp-json\/wp\/v2\/media?parent=232727"}],"wp:term":[{"taxonomy":"product_cat","embeddable":true,"href":"https:\/\/compuviper.mx\/tienda\/wp-json\/wp\/v2\/product_cat?post=232727"},{"taxonomy":"product_tag","embeddable":true,"href":"https:\/\/compuviper.mx\/tienda\/wp-json\/wp\/v2\/product_tag?post=232727"}],"curies":[{"name":"wp","href":"https:\/\/api.w.org\/{rel}","templated":true}]}}