{"id":232710,"date":"2026-04-11T00:13:51","date_gmt":"2026-04-11T06:13:51","guid":{"rendered":"https:\/\/compuviper.mx\/tienda\/producto\/tp-link-tapo-c211-camara-ip-wifi-3mp-360-horizontal-114-vertical-vision-nocturna-deteccion-de-personas-capacidad-hasta-512gb\/"},"modified":"2026-04-11T00:13:51","modified_gmt":"2026-04-11T06:13:51","slug":"tp-link-tapo-c211-camara-ip-wifi-3mp-360-horizontal-114-vertical-vision-nocturna-deteccion-de-personas-capacidad-hasta-512gb","status":"publish","type":"product","link":"https:\/\/compuviper.mx\/tienda\/producto\/tp-link-tapo-c211-camara-ip-wifi-3mp-360-horizontal-114-vertical-vision-nocturna-deteccion-de-personas-capacidad-hasta-512gb\/","title":{"rendered":"Tp Link Tapo C211 Camara Ip  Wifi 3mp 360 Horizontal 114 Vertical Vision Nocturna Deteccion De Personas Capacidad Hasta 512gb"},"content":{"rendered":"<table class=\"descripcion\">\n<tr>\n<td>Camara<\/td>\n<\/tr>\n<tr>\n<td>Sensor de imagen 1\/2.8\u0093<\/td>\n<\/tr>\n<tr>\n<td>Lens f\/no: 2.4; focal length: 3.83mm<\/td>\n<\/tr>\n<tr>\n<td>Motion range pan mechanical range: 340\u00b0 (360\u00b0 pan coverage)<\/td>\n<\/tr>\n<tr>\n<td>Tilt mechanical range: 70\u00b0 (116.65\u00b0 tilt coverage)<\/td>\n<\/tr>\n<tr>\n<td>Night vision 850 nm ir led up to 30 ft<\/td>\n<\/tr>\n<tr>\n<td>Lighting \/<\/td>\n<\/tr>\n<tr>\n<td>Interface  and  button 1\u00d7 reset button<\/td>\n<\/tr>\n<tr>\n<td>1\u00d7 microsd card slot (up to 512 gb)<\/td>\n<\/tr>\n<tr>\n<td>Hub compatibility \/<\/td>\n<\/tr>\n<tr>\n<td>Rango de vista 360\u00b0 horizontal, 114\u00b0 vertical<\/td>\n<\/tr>\n<tr>\n<td>Resoluci\u00f3n 3mp and #65288;2304 x 1296 and #65289;<\/td>\n<\/tr>\n<tr>\n<td>Hub<\/td>\n<\/tr>\n<tr>\n<td>Device compatibility \/<\/td>\n<\/tr>\n<tr>\n<td>Connection capacity \/<\/td>\n<\/tr>\n<tr>\n<td>Interface  and  button \/<\/td>\n<\/tr>\n<tr>\n<td>Video  and  audio<\/td>\n<\/tr>\n<tr>\n<td>Maximum resolution 2k 3mp (2304 x 1296 px)<\/td>\n<\/tr>\n<tr>\n<td>Frame rate 15\/20\/25\/30 fps (default 15 fps, can be set up to 30 fps)<\/td>\n<\/tr>\n<tr>\n<td>Digital zoom none<\/td>\n<\/tr>\n<tr>\n<td>Video compression h.264\/h.265<\/td>\n<\/tr>\n<tr>\n<td>Live view yes<\/td>\n<\/tr>\n<tr>\n<td>Image enhancement 3d dnr wdr<\/td>\n<\/tr>\n<tr>\n<td>Audio input  and  output built-in microphone and speaker<\/td>\n<\/tr>\n<tr>\n<td>Audio communication two-way audio with noise cancellation<\/td>\n<\/tr>\n<tr>\n<td>Siren volume 88db (level measured at 4-inch\/10-cm distance)<\/td>\n<\/tr>\n<tr>\n<td>Storage<\/td>\n<\/tr>\n<tr>\n<td>Local storage microsd card slot on camera (up to 512 gb)<\/td>\n<\/tr>\n<tr>\n<td>General information about using microsd cards<\/td>\n<\/tr>\n<tr>\n<td>Cloud storage tapo care cloud storage services (subscription required)<\/td>\n<\/tr>\n<tr>\n<td>Video<\/td>\n<\/tr>\n<tr>\n<td>Cuadros por segundo 15fps<\/td>\n<\/tr>\n<tr>\n<td>V\u00eddeo transmitido en vivo 3mp<\/td>\n<\/tr>\n<tr>\n<td>Compresi\u00f3n de video h.264<\/td>\n<\/tr>\n<tr>\n<td>Detection and notifications<\/td>\n<\/tr>\n<tr>\n<td>Sensor \/<\/td>\n<\/tr>\n<tr>\n<td>Ai detection motion detection<\/td>\n<\/tr>\n<tr>\n<td>Person detection<\/td>\n<\/tr>\n<tr>\n<td>Babycry detection and #12288;<\/td>\n<\/tr>\n<tr>\n<td>Activity zones yes<\/td>\n<\/tr>\n<tr>\n<td>Output notification system notification<\/td>\n<\/tr>\n<tr>\n<td>System notification with snapshot (tapo care services)<\/td>\n<\/tr>\n<tr>\n<td>Audio<\/td>\n<\/tr>\n<tr>\n<td>Comunicaci\u00f3n de audio 2-way audio<\/td>\n<\/tr>\n<tr>\n<td>Audio input  and  output built-in microphone and speaker<\/td>\n<\/tr>\n<tr>\n<td>Network<\/td>\n<\/tr>\n<tr>\n<td>Network connectivity connect via wi-fi or ethernet cable<\/td>\n<\/tr>\n<tr>\n<td>Wireless connectivity ieee 802.11b\/g\/n, 2.4 ghz wi-fi<\/td>\n<\/tr>\n<tr>\n<td>Wireless rate 11mbps(802.11b)<\/td>\n<\/tr>\n<tr>\n<td>54mbps(802.11g)<\/td>\n<\/tr>\n<tr>\n<td>72.2mbps(802.11n)<\/td>\n<\/tr>\n<tr>\n<td>Ethernet port 1\u00d7 100 mbps rj45 port on camera<\/td>\n<\/tr>\n<tr>\n<td>Wireless security wpa\/wpa2-psk<\/td>\n<\/tr>\n<tr>\n<td>Rtsp yes<\/td>\n<\/tr>\n<tr>\n<td>Onvif yes<\/td>\n<\/tr>\n<tr>\n<td>Seguridad 128 bit aes encryption with ssl\/tls<\/td>\n<\/tr>\n<tr>\n<td>Frecuencia 2.4 ghz<\/td>\n<\/tr>\n<tr>\n<td>Seguridad<\/td>\n<\/tr>\n<tr>\n<td>Security on-device machine learning<\/td>\n<\/tr>\n<tr>\n<td>128-bit aes encryption with ssl\/tls<\/td>\n<\/tr>\n<tr>\n<td>Wpa\/wpa2-psk and #12288;<\/td>\n<\/tr>\n<tr>\n<td>Alimentaci\u00f3n<\/td>\n<\/tr>\n<tr>\n<td>Power source 9v dc power adapter and #12288;<\/td>\n<\/tr>\n<tr>\n<td>Input voltage 100-240 v, 50\/60 hz and #12288;<\/td>\n<\/tr>\n<tr>\n<td>Output voltage dc9.0v\/0.6a(dc power) and #12288;<\/td>\n<\/tr>\n<tr>\n<td>General<\/td>\n<\/tr>\n<tr>\n<td>Smart integration google assistant, amazon alexa and #12288;<\/td>\n<\/tr>\n<tr>\n<td>Weather resistance \/<\/td>\n<\/tr>\n<tr>\n<td>System requirements tapo app: ios 9.0 or higher, andriod 4.4 or higher and #12288;<\/td>\n<\/tr>\n<tr>\n<td>Mounting options tabletop<\/td>\n<\/tr>\n<tr>\n<td>Ceiling-mounted and #12288;<\/td>\n<\/tr>\n<tr>\n<td>Temperatura de funcionamiento 0 and #8451;~40 and #8451; and #12288;<\/td>\n<\/tr>\n<tr>\n<td>Storage temperature -20 and #8451;~70 and #8451; and #12288;<\/td>\n<\/tr>\n<tr>\n<td>Humedad de funcionamiento 10%~90% rh, non-condensing and #12288; and #12288;<\/td>\n<\/tr>\n<tr>\n<td>Storage humidity 5%~90% rh, non-condensing and #12288;<\/td>\n<\/tr>\n<tr>\n<td>Charging temperature \/<\/td>\n<\/tr>\n<tr>\n<td>Dimensions 3.36 \u00d7 3.42 \u00d7 4.63 in (85.4 \u00d7 86.8 \u00d7 117.7 mm) and #12288;<\/td>\n<\/tr>\n<tr>\n<td>Contenidos del paquete tapo c211 camera<\/td>\n<\/tr>\n<tr>\n<td>Power adapter<\/td>\n<\/tr>\n<tr>\n<td>Quick start guide<\/td>\n<\/tr>\n<tr>\n<td>Mounting screws<\/td>\n<\/tr>\n<tr>\n<td>Mounting anchors  and #12288; and #12288;<\/td>\n<\/tr>\n<tr>\n<td>Mounting template<\/td>\n<\/tr>\n<tr>\n<td>Camera base<\/td>\n<\/tr>\n<tr>\n<td>Certificaciones \/<\/td>\n<\/tr>\n<tr>\n<td>Notificaciones de actividad<\/td>\n<\/tr>\n<tr>\n<td>Disparador de entrada motion detection<\/td>\n<\/tr>\n<tr>\n<td>Notificaci\u00f3n de salida push notification<\/td>\n<\/tr>\n<tr>\n<td>Sistema<\/td>\n<\/tr>\n<tr>\n<td>Certificaci\u00f3n regulatoria ce, ncc<\/td>\n<\/tr>\n<tr>\n<td>Requisitos del sistema ios 10+, android 5.0+<\/td>\n<\/tr>\n<tr>\n<td>Ambiente<\/td>\n<\/tr>\n<tr>\n<td>Temperatura en funcionamiento 0\u00b0c~40\u00b0c (32\u00b0f~104\u00b0f)<\/td>\n<\/tr>\n<tr>\n<td>Temperatura en almacenamiento -40\u00b0c~70\u00b0c (-40\u00b0f~158\u00b0f)<\/td>\n<\/tr>\n<tr>\n<td>Humedad en funcionamiento 10%~90%rh non-condensing<\/td>\n<\/tr>\n<tr>\n<td>Humedad en almacenamiento 5%~90%rh non-condensing<\/td>\n<\/tr>\n<tr>\n<td>Contenidos del paquete<\/td>\n<\/tr>\n<tr>\n<td>Contenido del paquete tapo pan\/tilt home security wi-fi camera<\/td>\n<\/tr>\n<tr>\n<td>Power adapter<\/td>\n<\/tr>\n<tr>\n<td>Quick start guide<\/td>\n<\/tr>\n<tr>\n<td>Mounting screws<\/td>\n<\/tr>\n<tr>\n<td>Mounting plate<\/td>\n<\/tr>\n<tr>\n<td>Camera base<\/td>\n<\/tr>\n<tr>\n<td>Hardware<\/td>\n<\/tr>\n<tr>\n<td>Bot\u00f3n reset button<\/td>\n<\/tr>\n<tr>\n<td>Led indicador system led<\/td>\n<\/tr>\n<tr>\n<td>Entrada del adaptador 100-240vac, 50\/60hz, 0.3a<\/td>\n<\/tr>\n<tr>\n<td>Salida del adaptador 9.0v\/0.6a<\/td>\n<\/tr>\n<tr>\n<td>Power 3.4 x 3.3 x 4.6 in. (86.6 x 85 x 117.7 mm)<\/td>\n<\/tr>\n<tr>\n<td>Dimensiones (w x d x h) 3 meter power cable<\/td>\n<\/tr>\n<\/table>\n","protected":false},"excerpt":{"rendered":"<p>Tapo c211. C\u00e1mara wi-fi de seguridad para el hogar con giro\/inclinaci\u00f3n. Alta definici\u00f3n 2k 3mp: capture cada detalle dentro de su hogar con video n\u00edtido de alta definici\u00f3n 2k con esta c\u00e1mara de seguridad para interiores. Arriba, abajo, alrededor: vea todo en una habitaci\u00f3n o pasillo completo con el campo de visi\u00f3n de giro\/inclinaci\u00f3n de 360\u00b0 horizontal y 114\u00b0 vertical. Detecci\u00f3n y notificaci\u00f3n instant\u00e1nea: obtenga notificaciones autom\u00e1ticas instant\u00e1neas cuando se detecte movimiento o a una persona, suscr\u00edbase a tapo care para detectar el llanto del beb\u00e9. Visi\u00f3n nocturna de hasta 30 pies: nunca te pierdas nada de lo que sucede, incluso de noche. Seguimiento de movimiento preciso: rastrea y sigue al sujeto para mantenerlo dentro de su vista y vigilar la acci\u00f3n. Audio bidireccional: permite la comunicaci\u00f3n conversacional en tiempo real a trav\u00e9s de un micr\u00f3fono y un altavoz integrados. Nunca salgas de casa con el audio bidireccional incorporado. Zona de privacidad: establezca zonas de bloqueo personalizables para evitar que se registren ciertos espacios, de modo que nunca tenga que preocuparse por la filtraci\u00f3n de momentos personales. Compartir dispositivo: vea la transmisi\u00f3n de su c\u00e1mara wi-fi desde dos dispositivos de tel\u00e9fono inteligente diferentes. Ahora mam\u00e1 y pap\u00e1 pueden ver lo que sucede en casa con una sola c\u00e1mara. Almacenamiento seguro local o en la nube: guarde im\u00e1genes continuamente en una tarjeta microsd de hasta 512 gb\u0086 o suscr\u00edbase a tapo care para almacenamiento en la nube.?. Control por voz: funciona con el asistente de google y amazon alexa para liberar tus manos.<\/p>\n","protected":false},"featured_media":233960,"comment_status":"open","ping_status":"open","template":"","meta":[],"product_cat":[1608,1682],"product_tag":[1562],"acf":[],"yoast_head":"<!-- This site is optimized with the Yoast SEO plugin v21.7 - https:\/\/yoast.com\/wordpress\/plugins\/seo\/ -->\n<title>[ Tp Link ] &#129351; Tapo C211 Camara Ip Wifi 3mp 360 Horizontal 114 Vertical Vision Nocturna Deteccion De Personas Capacidad Hasta 512gb<\/title>\n<meta name=\"description\" content=\"Compra Tapo C211 Camara Ip Wifi 3mp 360 Horizontal 114 Vertical Vision Nocturna Deteccion De Personas Capacidad Hasta 512gb + Env\u00edo a domicilio + Pago seguro + Garant\u00eda\" \/>\n<meta name=\"robots\" content=\"index, follow, max-snippet:-1, max-image-preview:large, max-video-preview:-1\" \/>\n<link rel=\"canonical\" href=\"https:\/\/compuviper.mx\/tienda\/producto\/tp-link-tapo-c211-camara-ip-wifi-3mp-360-horizontal-114-vertical-vision-nocturna-deteccion-de-personas-capacidad-hasta-512gb\/\" \/>\n<meta property=\"og:locale\" content=\"es_MX\" \/>\n<meta property=\"og:type\" content=\"article\" \/>\n<meta property=\"og:title\" content=\"[ Tp Link ] &#129351; Tapo C211 Camara Ip Wifi 3mp 360 Horizontal 114 Vertical Vision Nocturna Deteccion De Personas Capacidad Hasta 512gb\" \/>\n<meta property=\"og:description\" content=\"Compra Tapo C211 Camara Ip Wifi 3mp 360 Horizontal 114 Vertical Vision Nocturna Deteccion De Personas Capacidad Hasta 512gb + Env\u00edo a domicilio + Pago seguro + Garant\u00eda\" \/>\n<meta property=\"og:url\" content=\"https:\/\/compuviper.mx\/tienda\/producto\/tp-link-tapo-c211-camara-ip-wifi-3mp-360-horizontal-114-vertical-vision-nocturna-deteccion-de-personas-capacidad-hasta-512gb\/\" \/>\n<meta property=\"og:site_name\" content=\"Compuviper\" \/>\n<meta property=\"article:publisher\" content=\"https:\/\/www.facebook.com\/compuviper\" \/>\n<meta property=\"og:image\" content=\"https:\/\/compuviper.mx\/tienda\/wp-content\/uploads\/2024\/05\/Camara-ip-tapo-c211-wifi-3mp-360\u00b0-horizontal-114\u00b0-vertical-vision-nocturna-deteccion-de-personas-capacidad-hasta-512gb.jpg\" \/>\n\t<meta property=\"og:image:width\" content=\"200\" \/>\n\t<meta property=\"og:image:height\" content=\"200\" \/>\n\t<meta property=\"og:image:type\" content=\"image\/jpeg\" \/>\n<meta name=\"twitter:card\" content=\"summary_large_image\" \/>\n<meta name=\"twitter:label1\" content=\"Precio\" \/>\n\t<meta name=\"twitter:data1\" content=\"&#36;460 con IVA\" \/>\n\t<meta name=\"twitter:label2\" content=\"Availability\" \/>\n\t<meta name=\"twitter:data2\" content=\"In stock\" \/>\n<script type=\"application\/ld+json\" class=\"yoast-schema-graph\">{\"@context\":\"https:\/\/schema.org\",\"@graph\":[{\"@type\":\"WebPage\",\"@id\":\"https:\/\/compuviper.mx\/tienda\/producto\/tp-link-tapo-c211-camara-ip-wifi-3mp-360-horizontal-114-vertical-vision-nocturna-deteccion-de-personas-capacidad-hasta-512gb\/\",\"url\":\"https:\/\/compuviper.mx\/tienda\/producto\/tp-link-tapo-c211-camara-ip-wifi-3mp-360-horizontal-114-vertical-vision-nocturna-deteccion-de-personas-capacidad-hasta-512gb\/\",\"name\":\"[ Tp Link ] &#129351; Tapo C211 Camara Ip Wifi 3mp 360 Horizontal 114 Vertical Vision Nocturna Deteccion De Personas Capacidad Hasta 512gb\",\"isPartOf\":{\"@id\":\"https:\/\/compuviper.mx\/tienda\/#website\"},\"datePublished\":\"2026-04-11T06:13:51+00:00\",\"dateModified\":\"2026-04-11T06:13:51+00:00\",\"description\":\"Compra Tapo C211 Camara Ip Wifi 3mp 360 Horizontal 114 Vertical Vision Nocturna Deteccion De Personas Capacidad Hasta 512gb + Env\u00edo a domicilio + Pago seguro + Garant\u00eda\",\"breadcrumb\":{\"@id\":\"https:\/\/compuviper.mx\/tienda\/producto\/tp-link-tapo-c211-camara-ip-wifi-3mp-360-horizontal-114-vertical-vision-nocturna-deteccion-de-personas-capacidad-hasta-512gb\/#breadcrumb\"},\"inLanguage\":\"es-MX\",\"potentialAction\":[{\"@type\":\"ReadAction\",\"target\":[\"https:\/\/compuviper.mx\/tienda\/producto\/tp-link-tapo-c211-camara-ip-wifi-3mp-360-horizontal-114-vertical-vision-nocturna-deteccion-de-personas-capacidad-hasta-512gb\/\"]}]},{\"@type\":\"BreadcrumbList\",\"@id\":\"https:\/\/compuviper.mx\/tienda\/producto\/tp-link-tapo-c211-camara-ip-wifi-3mp-360-horizontal-114-vertical-vision-nocturna-deteccion-de-personas-capacidad-hasta-512gb\/#breadcrumb\",\"itemListElement\":[{\"@type\":\"ListItem\",\"position\":1,\"name\":\"Inicio\",\"item\":\"https:\/\/compuviper.mx\/tienda\/\"},{\"@type\":\"ListItem\",\"position\":2,\"name\":\"Productos\",\"item\":\"https:\/\/compuviper.mx\/tienda\/productos\/\"},{\"@type\":\"ListItem\",\"position\":3,\"name\":\"Camaras\",\"item\":\"https:\/\/compuviper.mx\/tienda\/categoria-producto\/camaras-2\/\"},{\"@type\":\"ListItem\",\"position\":4,\"name\":\"Camara Web\",\"item\":\"https:\/\/compuviper.mx\/tienda\/categoria-producto\/camaras-2\/camara-web\/\"},{\"@type\":\"ListItem\",\"position\":5,\"name\":\"Tp Link Tapo C211 Camara Ip Wifi 3mp 360 Horizontal 114 Vertical Vision Nocturna Deteccion De Personas Capacidad Hasta 512gb\"}]},{\"@type\":\"WebSite\",\"@id\":\"https:\/\/compuviper.mx\/tienda\/#website\",\"url\":\"https:\/\/compuviper.mx\/tienda\/\",\"name\":\"Compuviper\",\"description\":\"Proveedor de Computadoras, Laptops, Servidores, Monitores, Puntos de Venta, Teclados,   Impresoras, T\u00f3ner, C\u00e1maras de Seguridad y m\u00e1s en tu tienda en l\u00ednea\",\"publisher\":{\"@id\":\"https:\/\/compuviper.mx\/tienda\/#organization\"},\"potentialAction\":[{\"@type\":\"SearchAction\",\"target\":{\"@type\":\"EntryPoint\",\"urlTemplate\":\"https:\/\/compuviper.mx\/tienda\/?s={search_term_string}\"},\"query-input\":\"required name=search_term_string\"}],\"inLanguage\":\"es-MX\"},{\"@type\":\"Organization\",\"@id\":\"https:\/\/compuviper.mx\/tienda\/#organization\",\"name\":\"Compuviper\",\"url\":\"https:\/\/compuviper.mx\/tienda\/\",\"logo\":{\"@type\":\"ImageObject\",\"inLanguage\":\"es-MX\",\"@id\":\"https:\/\/compuviper.mx\/tienda\/#\/schema\/logo\/image\/\",\"url\":\"https:\/\/compuviper.mx\/tienda\/wp-content\/uploads\/2021\/08\/Logo-Compuviper-10.png\",\"contentUrl\":\"https:\/\/compuviper.mx\/tienda\/wp-content\/uploads\/2021\/08\/Logo-Compuviper-10.png\",\"width\":1000,\"height\":500,\"caption\":\"Compuviper\"},\"image\":{\"@id\":\"https:\/\/compuviper.mx\/tienda\/#\/schema\/logo\/image\/\"},\"sameAs\":[\"https:\/\/www.facebook.com\/compuviper\",\"https:\/\/www.youtube.com\/channel\/UCf73dERp9Y3cfOq7q8BhLjA?view_as=subscriber\"]}]}<\/script>\n<meta property=\"product:brand\" content=\"TP LINK\" \/>\n<meta property=\"product:price:amount\" content=\"460\" \/>\n<meta property=\"product:price:currency\" content=\"MXN\" \/>\n<meta property=\"og:availability\" content=\"instock\" \/>\n<meta property=\"product:availability\" content=\"instock\" \/>\n<meta property=\"product:retailer_item_id\" content=\"TAPO C211\" \/>\n<meta property=\"product:condition\" content=\"new\" \/>\n<!-- \/ Yoast SEO plugin. -->","yoast_head_json":{"title":"[ Tp Link ] &#129351; Tapo C211 Camara Ip Wifi 3mp 360 Horizontal 114 Vertical Vision Nocturna Deteccion De Personas Capacidad Hasta 512gb","description":"Compra Tapo C211 Camara Ip Wifi 3mp 360 Horizontal 114 Vertical Vision Nocturna Deteccion De Personas Capacidad Hasta 512gb + Env\u00edo a domicilio + Pago seguro + Garant\u00eda","robots":{"index":"index","follow":"follow","max-snippet":"max-snippet:-1","max-image-preview":"max-image-preview:large","max-video-preview":"max-video-preview:-1"},"canonical":"https:\/\/compuviper.mx\/tienda\/producto\/tp-link-tapo-c211-camara-ip-wifi-3mp-360-horizontal-114-vertical-vision-nocturna-deteccion-de-personas-capacidad-hasta-512gb\/","og_locale":"es_MX","og_type":"article","og_title":"[ Tp Link ] &#129351; Tapo C211 Camara Ip Wifi 3mp 360 Horizontal 114 Vertical Vision Nocturna Deteccion De Personas Capacidad Hasta 512gb","og_description":"Compra Tapo C211 Camara Ip Wifi 3mp 360 Horizontal 114 Vertical Vision Nocturna Deteccion De Personas Capacidad Hasta 512gb + Env\u00edo a domicilio + Pago seguro + Garant\u00eda","og_url":"https:\/\/compuviper.mx\/tienda\/producto\/tp-link-tapo-c211-camara-ip-wifi-3mp-360-horizontal-114-vertical-vision-nocturna-deteccion-de-personas-capacidad-hasta-512gb\/","og_site_name":"Compuviper","article_publisher":"https:\/\/www.facebook.com\/compuviper","og_image":[{"width":200,"height":200,"url":"https:\/\/compuviper.mx\/tienda\/wp-content\/uploads\/2024\/05\/Camara-ip-tapo-c211-wifi-3mp-360\u00b0-horizontal-114\u00b0-vertical-vision-nocturna-deteccion-de-personas-capacidad-hasta-512gb.jpg","type":"image\/jpeg"}],"twitter_card":"summary_large_image","twitter_misc":{"Precio":"&#36;460 con IVA","Availability":"In stock"},"schema":{"@context":"https:\/\/schema.org","@graph":[{"@type":"WebPage","@id":"https:\/\/compuviper.mx\/tienda\/producto\/tp-link-tapo-c211-camara-ip-wifi-3mp-360-horizontal-114-vertical-vision-nocturna-deteccion-de-personas-capacidad-hasta-512gb\/","url":"https:\/\/compuviper.mx\/tienda\/producto\/tp-link-tapo-c211-camara-ip-wifi-3mp-360-horizontal-114-vertical-vision-nocturna-deteccion-de-personas-capacidad-hasta-512gb\/","name":"[ Tp Link ] &#129351; Tapo C211 Camara Ip Wifi 3mp 360 Horizontal 114 Vertical Vision Nocturna Deteccion De Personas Capacidad Hasta 512gb","isPartOf":{"@id":"https:\/\/compuviper.mx\/tienda\/#website"},"datePublished":"2026-04-11T06:13:51+00:00","dateModified":"2026-04-11T06:13:51+00:00","description":"Compra Tapo C211 Camara Ip Wifi 3mp 360 Horizontal 114 Vertical Vision Nocturna Deteccion De Personas Capacidad Hasta 512gb + Env\u00edo a domicilio + Pago seguro + Garant\u00eda","breadcrumb":{"@id":"https:\/\/compuviper.mx\/tienda\/producto\/tp-link-tapo-c211-camara-ip-wifi-3mp-360-horizontal-114-vertical-vision-nocturna-deteccion-de-personas-capacidad-hasta-512gb\/#breadcrumb"},"inLanguage":"es-MX","potentialAction":[{"@type":"ReadAction","target":["https:\/\/compuviper.mx\/tienda\/producto\/tp-link-tapo-c211-camara-ip-wifi-3mp-360-horizontal-114-vertical-vision-nocturna-deteccion-de-personas-capacidad-hasta-512gb\/"]}]},{"@type":"BreadcrumbList","@id":"https:\/\/compuviper.mx\/tienda\/producto\/tp-link-tapo-c211-camara-ip-wifi-3mp-360-horizontal-114-vertical-vision-nocturna-deteccion-de-personas-capacidad-hasta-512gb\/#breadcrumb","itemListElement":[{"@type":"ListItem","position":1,"name":"Inicio","item":"https:\/\/compuviper.mx\/tienda\/"},{"@type":"ListItem","position":2,"name":"Productos","item":"https:\/\/compuviper.mx\/tienda\/productos\/"},{"@type":"ListItem","position":3,"name":"Camaras","item":"https:\/\/compuviper.mx\/tienda\/categoria-producto\/camaras-2\/"},{"@type":"ListItem","position":4,"name":"Camara Web","item":"https:\/\/compuviper.mx\/tienda\/categoria-producto\/camaras-2\/camara-web\/"},{"@type":"ListItem","position":5,"name":"Tp Link Tapo C211 Camara Ip Wifi 3mp 360 Horizontal 114 Vertical Vision Nocturna Deteccion De Personas Capacidad Hasta 512gb"}]},{"@type":"WebSite","@id":"https:\/\/compuviper.mx\/tienda\/#website","url":"https:\/\/compuviper.mx\/tienda\/","name":"Compuviper","description":"Proveedor de Computadoras, Laptops, Servidores, Monitores, Puntos de Venta, Teclados,   Impresoras, T\u00f3ner, C\u00e1maras de Seguridad y m\u00e1s en tu tienda en l\u00ednea","publisher":{"@id":"https:\/\/compuviper.mx\/tienda\/#organization"},"potentialAction":[{"@type":"SearchAction","target":{"@type":"EntryPoint","urlTemplate":"https:\/\/compuviper.mx\/tienda\/?s={search_term_string}"},"query-input":"required name=search_term_string"}],"inLanguage":"es-MX"},{"@type":"Organization","@id":"https:\/\/compuviper.mx\/tienda\/#organization","name":"Compuviper","url":"https:\/\/compuviper.mx\/tienda\/","logo":{"@type":"ImageObject","inLanguage":"es-MX","@id":"https:\/\/compuviper.mx\/tienda\/#\/schema\/logo\/image\/","url":"https:\/\/compuviper.mx\/tienda\/wp-content\/uploads\/2021\/08\/Logo-Compuviper-10.png","contentUrl":"https:\/\/compuviper.mx\/tienda\/wp-content\/uploads\/2021\/08\/Logo-Compuviper-10.png","width":1000,"height":500,"caption":"Compuviper"},"image":{"@id":"https:\/\/compuviper.mx\/tienda\/#\/schema\/logo\/image\/"},"sameAs":["https:\/\/www.facebook.com\/compuviper","https:\/\/www.youtube.com\/channel\/UCf73dERp9Y3cfOq7q8BhLjA?view_as=subscriber"]}]},"product_brand":"TP LINK","product_price_amount":"460","product_price_currency":"MXN","og_availability":"instock","product_availability":"instock","product_retailer_item_id":"TAPO C211","product_condition":"new"},"_links":{"self":[{"href":"https:\/\/compuviper.mx\/tienda\/wp-json\/wp\/v2\/product\/232710"}],"collection":[{"href":"https:\/\/compuviper.mx\/tienda\/wp-json\/wp\/v2\/product"}],"about":[{"href":"https:\/\/compuviper.mx\/tienda\/wp-json\/wp\/v2\/types\/product"}],"replies":[{"embeddable":true,"href":"https:\/\/compuviper.mx\/tienda\/wp-json\/wp\/v2\/comments?post=232710"}],"wp:featuredmedia":[{"embeddable":true,"href":"https:\/\/compuviper.mx\/tienda\/wp-json\/wp\/v2\/media\/233960"}],"wp:attachment":[{"href":"https:\/\/compuviper.mx\/tienda\/wp-json\/wp\/v2\/media?parent=232710"}],"wp:term":[{"taxonomy":"product_cat","embeddable":true,"href":"https:\/\/compuviper.mx\/tienda\/wp-json\/wp\/v2\/product_cat?post=232710"},{"taxonomy":"product_tag","embeddable":true,"href":"https:\/\/compuviper.mx\/tienda\/wp-json\/wp\/v2\/product_tag?post=232710"}],"curies":[{"name":"wp","href":"https:\/\/api.w.org\/{rel}","templated":true}]}}