{"id":232708,"date":"2026-04-01T23:12:08","date_gmt":"2026-04-02T05:12:08","guid":{"rendered":"https:\/\/compuviper.mx\/tienda\/producto\/startech-com-st124hdvw-controlador-hdmi-de-video-wall-2x2-entrada-de-video-hdmi-2-0-4k-60-hz-a-4-salidas-1080p\/"},"modified":"2026-04-01T23:12:08","modified_gmt":"2026-04-02T05:12:08","slug":"startech-com-st124hdvw-controlador-hdmi-de-video-wall-2x2-entrada-de-video-hdmi-2-0-4k-60-hz-a-4-salidas-1080p","status":"publish","type":"product","link":"https:\/\/compuviper.mx\/tienda\/producto\/startech-com-st124hdvw-controlador-hdmi-de-video-wall-2x2-entrada-de-video-hdmi-2-0-4k-60-hz-a-4-salidas-1080p\/","title":{"rendered":"Startech.com St124hdvw Controlador Hdmi De Video Wall 2&#215;2  Entrada De Video Hdmi 2.0 4k 60 Hz A 4 Salidas 1080p"},"content":{"rendered":"<table class=\"descripcion\">\n<tr>\n<td>Controlador de video hdmi 2&#215;2 para pared: basado en el hardware, permite multiplicar y ajustar a escala una entrada de video hdmi 4k 60hz 4096&#215;2160 en 4x senales hdmi 1080p, para crear una imagen a lo largo de 4 pantallas. audio 7.1ch, hdcp 2.2\/1.4<\/td>\n<\/tr>\n<tr>\n<td>Configuracin f\u00e1cil: la configuracion de video wall 2&#215;2 viene preconfigurada por defecto. con emulacion edid que permite detectar y multiplicar correctamente el formato de video. la compensacion bezel garantiza la visualizacion precisa de la imagen<\/td>\n<\/tr>\n<tr>\n<td>Control serial ip: incluye puertos rs232 y ethernet para control de la entrada\/salida, asi como funciones de configuracion con la aplicacion solo windows, linea de comandos, telnet\/udp. varios formatos: duplicacion\/2&#215;2\/1&#215;1\/1&#215;4<\/td>\n<\/tr>\n<tr>\n<td>Se instala en cualquier lugar: configuracion flexible del entorno\/sistema con gabinete metalico duradero y ventilado. soportes integrados de montaje en pared\/superficie. compatible con cables con tornillos hdmi y alimentacion. proteccion contra esd<\/td>\n<\/tr>\n<tr>\n<td>Las ventaja de startech.com: la eleccion de los profesionistas de it por mas de 30 anos. producto respaldado con 2 anos de garantia de startech.com, y soporte tecnico multilingue gratuito basado en norteamerica, las 24 horas\/5 dias a la semana<\/td>\n<\/tr>\n<\/table>\n","protected":false},"excerpt":{"rendered":"<p>Este controlador de muro multi video le permite conectar su fuente de video hdmi a varias pantallas hdmi, compatible con resoluciones ultra hd y audio envolvente 7.1. Puede utilizar el controlador como splitter de video, para distribuir la misma seal hdmi a cuatro pantallas o combinar el contenido de su fuente de video en cuatro pantallas para crear un muro multi video 2&#215;2.<\/p>\n","protected":false},"featured_media":233768,"comment_status":"open","ping_status":"open","template":"","meta":[],"product_cat":[1485,1486],"product_tag":[1590],"acf":[],"yoast_head":"<!-- This site is optimized with the Yoast SEO plugin v21.7 - https:\/\/yoast.com\/wordpress\/plugins\/seo\/ -->\n<title>[ Startech.com ] &#129351; St124hdvw Controlador Hdmi De Video Wall 2x2 Entrada De Video Hdmi 2.0 4k 60 Hz A 4 Salidas 1080p<\/title>\n<meta name=\"description\" content=\"Compra St124hdvw Controlador Hdmi De Video Wall 2x2 Entrada De Video Hdmi 2.0 4k 60 Hz A 4 Salidas 1080p + Env\u00edo a domicilio + Pago seguro + Garant\u00eda\" \/>\n<meta name=\"robots\" content=\"index, follow, max-snippet:-1, max-image-preview:large, max-video-preview:-1\" \/>\n<link rel=\"canonical\" href=\"https:\/\/compuviper.mx\/tienda\/producto\/startech-com-st124hdvw-controlador-hdmi-de-video-wall-2x2-entrada-de-video-hdmi-2-0-4k-60-hz-a-4-salidas-1080p\/\" \/>\n<meta property=\"og:locale\" content=\"es_MX\" \/>\n<meta property=\"og:type\" content=\"article\" \/>\n<meta property=\"og:title\" content=\"[ Startech.com ] &#129351; St124hdvw Controlador Hdmi De Video Wall 2x2 Entrada De Video Hdmi 2.0 4k 60 Hz A 4 Salidas 1080p\" \/>\n<meta property=\"og:description\" content=\"Compra St124hdvw Controlador Hdmi De Video Wall 2x2 Entrada De Video Hdmi 2.0 4k 60 Hz A 4 Salidas 1080p + Env\u00edo a domicilio + Pago seguro + Garant\u00eda\" \/>\n<meta property=\"og:url\" content=\"https:\/\/compuviper.mx\/tienda\/producto\/startech-com-st124hdvw-controlador-hdmi-de-video-wall-2x2-entrada-de-video-hdmi-2-0-4k-60-hz-a-4-salidas-1080p\/\" \/>\n<meta property=\"og:site_name\" content=\"Compuviper\" \/>\n<meta property=\"article:publisher\" content=\"https:\/\/www.facebook.com\/compuviper\" \/>\n<meta property=\"og:image\" content=\"https:\/\/compuviper.mx\/tienda\/wp-content\/uploads\/2024\/05\/Controlador-hdmi-de-video-wall-2x2-startech.com-entrada-de-video-hdmi-2.0-4k-60-hz-a-4-salidas-1080p.jpg\" \/>\n\t<meta property=\"og:image:width\" content=\"200\" \/>\n\t<meta property=\"og:image:height\" content=\"200\" \/>\n\t<meta property=\"og:image:type\" content=\"image\/jpeg\" \/>\n<meta name=\"twitter:card\" content=\"summary_large_image\" \/>\n<meta name=\"twitter:label1\" content=\"Precio\" \/>\n\t<meta name=\"twitter:data1\" content=\"&#36;18,143 con IVA\" \/>\n\t<meta name=\"twitter:label2\" content=\"Availability\" \/>\n\t<meta name=\"twitter:data2\" content=\"On backorder\" \/>\n<script type=\"application\/ld+json\" class=\"yoast-schema-graph\">{\"@context\":\"https:\/\/schema.org\",\"@graph\":[{\"@type\":\"WebPage\",\"@id\":\"https:\/\/compuviper.mx\/tienda\/producto\/startech-com-st124hdvw-controlador-hdmi-de-video-wall-2x2-entrada-de-video-hdmi-2-0-4k-60-hz-a-4-salidas-1080p\/\",\"url\":\"https:\/\/compuviper.mx\/tienda\/producto\/startech-com-st124hdvw-controlador-hdmi-de-video-wall-2x2-entrada-de-video-hdmi-2-0-4k-60-hz-a-4-salidas-1080p\/\",\"name\":\"[ Startech.com ] &#129351; St124hdvw Controlador Hdmi De Video Wall 2x2 Entrada De Video Hdmi 2.0 4k 60 Hz A 4 Salidas 1080p\",\"isPartOf\":{\"@id\":\"https:\/\/compuviper.mx\/tienda\/#website\"},\"datePublished\":\"2026-04-02T05:12:08+00:00\",\"dateModified\":\"2026-04-02T05:12:08+00:00\",\"description\":\"Compra St124hdvw Controlador Hdmi De Video Wall 2x2 Entrada De Video Hdmi 2.0 4k 60 Hz A 4 Salidas 1080p + Env\u00edo a domicilio + Pago seguro + Garant\u00eda\",\"breadcrumb\":{\"@id\":\"https:\/\/compuviper.mx\/tienda\/producto\/startech-com-st124hdvw-controlador-hdmi-de-video-wall-2x2-entrada-de-video-hdmi-2-0-4k-60-hz-a-4-salidas-1080p\/#breadcrumb\"},\"inLanguage\":\"es-MX\",\"potentialAction\":[{\"@type\":\"ReadAction\",\"target\":[\"https:\/\/compuviper.mx\/tienda\/producto\/startech-com-st124hdvw-controlador-hdmi-de-video-wall-2x2-entrada-de-video-hdmi-2-0-4k-60-hz-a-4-salidas-1080p\/\"]}]},{\"@type\":\"BreadcrumbList\",\"@id\":\"https:\/\/compuviper.mx\/tienda\/producto\/startech-com-st124hdvw-controlador-hdmi-de-video-wall-2x2-entrada-de-video-hdmi-2-0-4k-60-hz-a-4-salidas-1080p\/#breadcrumb\",\"itemListElement\":[{\"@type\":\"ListItem\",\"position\":1,\"name\":\"Inicio\",\"item\":\"https:\/\/compuviper.mx\/tienda\/\"},{\"@type\":\"ListItem\",\"position\":2,\"name\":\"Productos\",\"item\":\"https:\/\/compuviper.mx\/tienda\/productos\/\"},{\"@type\":\"ListItem\",\"position\":3,\"name\":\"Accesorios\",\"item\":\"https:\/\/compuviper.mx\/tienda\/categoria-producto\/accesorios\/\"},{\"@type\":\"ListItem\",\"position\":4,\"name\":\"Portatil\",\"item\":\"https:\/\/compuviper.mx\/tienda\/categoria-producto\/accesorios\/portatil\/\"},{\"@type\":\"ListItem\",\"position\":5,\"name\":\"Startech.com St124hdvw Controlador Hdmi De Video Wall 2&#215;2 Entrada De Video Hdmi 2.0 4k 60 Hz A 4 Salidas 1080p\"}]},{\"@type\":\"WebSite\",\"@id\":\"https:\/\/compuviper.mx\/tienda\/#website\",\"url\":\"https:\/\/compuviper.mx\/tienda\/\",\"name\":\"Compuviper\",\"description\":\"Proveedor de Computadoras, Laptops, Servidores, Monitores, Puntos de Venta, Teclados,   Impresoras, T\u00f3ner, C\u00e1maras de Seguridad y m\u00e1s en tu tienda en l\u00ednea\",\"publisher\":{\"@id\":\"https:\/\/compuviper.mx\/tienda\/#organization\"},\"potentialAction\":[{\"@type\":\"SearchAction\",\"target\":{\"@type\":\"EntryPoint\",\"urlTemplate\":\"https:\/\/compuviper.mx\/tienda\/?s={search_term_string}\"},\"query-input\":\"required name=search_term_string\"}],\"inLanguage\":\"es-MX\"},{\"@type\":\"Organization\",\"@id\":\"https:\/\/compuviper.mx\/tienda\/#organization\",\"name\":\"Compuviper\",\"url\":\"https:\/\/compuviper.mx\/tienda\/\",\"logo\":{\"@type\":\"ImageObject\",\"inLanguage\":\"es-MX\",\"@id\":\"https:\/\/compuviper.mx\/tienda\/#\/schema\/logo\/image\/\",\"url\":\"https:\/\/compuviper.mx\/tienda\/wp-content\/uploads\/2021\/08\/Logo-Compuviper-10.png\",\"contentUrl\":\"https:\/\/compuviper.mx\/tienda\/wp-content\/uploads\/2021\/08\/Logo-Compuviper-10.png\",\"width\":1000,\"height\":500,\"caption\":\"Compuviper\"},\"image\":{\"@id\":\"https:\/\/compuviper.mx\/tienda\/#\/schema\/logo\/image\/\"},\"sameAs\":[\"https:\/\/www.facebook.com\/compuviper\",\"https:\/\/www.youtube.com\/channel\/UCf73dERp9Y3cfOq7q8BhLjA?view_as=subscriber\"]}]}<\/script>\n<meta property=\"product:brand\" content=\"STARTECH.COM\" \/>\n<meta property=\"product:price:amount\" content=\"18143\" \/>\n<meta property=\"product:price:currency\" content=\"MXN\" \/>\n<meta property=\"og:availability\" content=\"backorder\" \/>\n<meta property=\"product:availability\" content=\"available for order\" \/>\n<meta property=\"product:retailer_item_id\" content=\"ST124HDVW\" \/>\n<meta property=\"product:condition\" content=\"new\" \/>\n<!-- \/ Yoast SEO plugin. -->","yoast_head_json":{"title":"[ Startech.com ] &#129351; St124hdvw Controlador Hdmi De Video Wall 2x2 Entrada De Video Hdmi 2.0 4k 60 Hz A 4 Salidas 1080p","description":"Compra St124hdvw Controlador Hdmi De Video Wall 2x2 Entrada De Video Hdmi 2.0 4k 60 Hz A 4 Salidas 1080p + Env\u00edo a domicilio + Pago seguro + Garant\u00eda","robots":{"index":"index","follow":"follow","max-snippet":"max-snippet:-1","max-image-preview":"max-image-preview:large","max-video-preview":"max-video-preview:-1"},"canonical":"https:\/\/compuviper.mx\/tienda\/producto\/startech-com-st124hdvw-controlador-hdmi-de-video-wall-2x2-entrada-de-video-hdmi-2-0-4k-60-hz-a-4-salidas-1080p\/","og_locale":"es_MX","og_type":"article","og_title":"[ Startech.com ] &#129351; St124hdvw Controlador Hdmi De Video Wall 2x2 Entrada De Video Hdmi 2.0 4k 60 Hz A 4 Salidas 1080p","og_description":"Compra St124hdvw Controlador Hdmi De Video Wall 2x2 Entrada De Video Hdmi 2.0 4k 60 Hz A 4 Salidas 1080p + Env\u00edo a domicilio + Pago seguro + Garant\u00eda","og_url":"https:\/\/compuviper.mx\/tienda\/producto\/startech-com-st124hdvw-controlador-hdmi-de-video-wall-2x2-entrada-de-video-hdmi-2-0-4k-60-hz-a-4-salidas-1080p\/","og_site_name":"Compuviper","article_publisher":"https:\/\/www.facebook.com\/compuviper","og_image":[{"width":200,"height":200,"url":"https:\/\/compuviper.mx\/tienda\/wp-content\/uploads\/2024\/05\/Controlador-hdmi-de-video-wall-2x2-startech.com-entrada-de-video-hdmi-2.0-4k-60-hz-a-4-salidas-1080p.jpg","type":"image\/jpeg"}],"twitter_card":"summary_large_image","twitter_misc":{"Precio":"&#36;18,143 con IVA","Availability":"On backorder"},"schema":{"@context":"https:\/\/schema.org","@graph":[{"@type":"WebPage","@id":"https:\/\/compuviper.mx\/tienda\/producto\/startech-com-st124hdvw-controlador-hdmi-de-video-wall-2x2-entrada-de-video-hdmi-2-0-4k-60-hz-a-4-salidas-1080p\/","url":"https:\/\/compuviper.mx\/tienda\/producto\/startech-com-st124hdvw-controlador-hdmi-de-video-wall-2x2-entrada-de-video-hdmi-2-0-4k-60-hz-a-4-salidas-1080p\/","name":"[ Startech.com ] &#129351; St124hdvw Controlador Hdmi De Video Wall 2x2 Entrada De Video Hdmi 2.0 4k 60 Hz A 4 Salidas 1080p","isPartOf":{"@id":"https:\/\/compuviper.mx\/tienda\/#website"},"datePublished":"2026-04-02T05:12:08+00:00","dateModified":"2026-04-02T05:12:08+00:00","description":"Compra St124hdvw Controlador Hdmi De Video Wall 2x2 Entrada De Video Hdmi 2.0 4k 60 Hz A 4 Salidas 1080p + Env\u00edo a domicilio + Pago seguro + Garant\u00eda","breadcrumb":{"@id":"https:\/\/compuviper.mx\/tienda\/producto\/startech-com-st124hdvw-controlador-hdmi-de-video-wall-2x2-entrada-de-video-hdmi-2-0-4k-60-hz-a-4-salidas-1080p\/#breadcrumb"},"inLanguage":"es-MX","potentialAction":[{"@type":"ReadAction","target":["https:\/\/compuviper.mx\/tienda\/producto\/startech-com-st124hdvw-controlador-hdmi-de-video-wall-2x2-entrada-de-video-hdmi-2-0-4k-60-hz-a-4-salidas-1080p\/"]}]},{"@type":"BreadcrumbList","@id":"https:\/\/compuviper.mx\/tienda\/producto\/startech-com-st124hdvw-controlador-hdmi-de-video-wall-2x2-entrada-de-video-hdmi-2-0-4k-60-hz-a-4-salidas-1080p\/#breadcrumb","itemListElement":[{"@type":"ListItem","position":1,"name":"Inicio","item":"https:\/\/compuviper.mx\/tienda\/"},{"@type":"ListItem","position":2,"name":"Productos","item":"https:\/\/compuviper.mx\/tienda\/productos\/"},{"@type":"ListItem","position":3,"name":"Accesorios","item":"https:\/\/compuviper.mx\/tienda\/categoria-producto\/accesorios\/"},{"@type":"ListItem","position":4,"name":"Portatil","item":"https:\/\/compuviper.mx\/tienda\/categoria-producto\/accesorios\/portatil\/"},{"@type":"ListItem","position":5,"name":"Startech.com St124hdvw Controlador Hdmi De Video Wall 2&#215;2 Entrada De Video Hdmi 2.0 4k 60 Hz A 4 Salidas 1080p"}]},{"@type":"WebSite","@id":"https:\/\/compuviper.mx\/tienda\/#website","url":"https:\/\/compuviper.mx\/tienda\/","name":"Compuviper","description":"Proveedor de Computadoras, Laptops, Servidores, Monitores, Puntos de Venta, Teclados,   Impresoras, T\u00f3ner, C\u00e1maras de Seguridad y m\u00e1s en tu tienda en l\u00ednea","publisher":{"@id":"https:\/\/compuviper.mx\/tienda\/#organization"},"potentialAction":[{"@type":"SearchAction","target":{"@type":"EntryPoint","urlTemplate":"https:\/\/compuviper.mx\/tienda\/?s={search_term_string}"},"query-input":"required name=search_term_string"}],"inLanguage":"es-MX"},{"@type":"Organization","@id":"https:\/\/compuviper.mx\/tienda\/#organization","name":"Compuviper","url":"https:\/\/compuviper.mx\/tienda\/","logo":{"@type":"ImageObject","inLanguage":"es-MX","@id":"https:\/\/compuviper.mx\/tienda\/#\/schema\/logo\/image\/","url":"https:\/\/compuviper.mx\/tienda\/wp-content\/uploads\/2021\/08\/Logo-Compuviper-10.png","contentUrl":"https:\/\/compuviper.mx\/tienda\/wp-content\/uploads\/2021\/08\/Logo-Compuviper-10.png","width":1000,"height":500,"caption":"Compuviper"},"image":{"@id":"https:\/\/compuviper.mx\/tienda\/#\/schema\/logo\/image\/"},"sameAs":["https:\/\/www.facebook.com\/compuviper","https:\/\/www.youtube.com\/channel\/UCf73dERp9Y3cfOq7q8BhLjA?view_as=subscriber"]}]},"product_brand":"STARTECH.COM","product_price_amount":"18143","product_price_currency":"MXN","og_availability":"backorder","product_availability":"available for order","product_retailer_item_id":"ST124HDVW","product_condition":"new"},"_links":{"self":[{"href":"https:\/\/compuviper.mx\/tienda\/wp-json\/wp\/v2\/product\/232708"}],"collection":[{"href":"https:\/\/compuviper.mx\/tienda\/wp-json\/wp\/v2\/product"}],"about":[{"href":"https:\/\/compuviper.mx\/tienda\/wp-json\/wp\/v2\/types\/product"}],"replies":[{"embeddable":true,"href":"https:\/\/compuviper.mx\/tienda\/wp-json\/wp\/v2\/comments?post=232708"}],"wp:featuredmedia":[{"embeddable":true,"href":"https:\/\/compuviper.mx\/tienda\/wp-json\/wp\/v2\/media\/233768"}],"wp:attachment":[{"href":"https:\/\/compuviper.mx\/tienda\/wp-json\/wp\/v2\/media?parent=232708"}],"wp:term":[{"taxonomy":"product_cat","embeddable":true,"href":"https:\/\/compuviper.mx\/tienda\/wp-json\/wp\/v2\/product_cat?post=232708"},{"taxonomy":"product_tag","embeddable":true,"href":"https:\/\/compuviper.mx\/tienda\/wp-json\/wp\/v2\/product_tag?post=232708"}],"curies":[{"name":"wp","href":"https:\/\/api.w.org\/{rel}","templated":true}]}}