{"id":232705,"date":"2026-04-17T23:07:52","date_gmt":"2026-04-18T05:07:52","guid":{"rendered":"https:\/\/compuviper.mx\/tienda\/producto\/tripp-lite-srcooldxrw25-sistema-de-enfriamiento-de-precision-tripp-lite-sistema-de-enfriamiento-de-precisin-en-hileras-25-8-kw-88000-btu-h-trifsico-208v-42u-300-mm-garantia-1-ao\/"},"modified":"2026-04-17T23:07:53","modified_gmt":"2026-04-18T05:07:53","slug":"tripp-lite-srcooldxrw25-sistema-de-enfriamiento-de-precision-tripp-lite-sistema-de-enfriamiento-de-precisin-en-hileras-25-8-kw-88000-btu-h-trifsico-208v-42u-300-mm-garantia-1-ao","status":"publish","type":"product","link":"https:\/\/compuviper.mx\/tienda\/producto\/tripp-lite-srcooldxrw25-sistema-de-enfriamiento-de-precision-tripp-lite-sistema-de-enfriamiento-de-precisin-en-hileras-25-8-kw-88000-btu-h-trifsico-208v-42u-300-mm-garantia-1-ao\/","title":{"rendered":"Tripp-lite Srcooldxrw25 Sistema De Enfriamiento De Precision Tripp Lite  Sistema De Enfriamiento De Precisi?n En Hileras &#8211; 25.8 Kw [88,000 Btu\/h], Trif?sico, 208v, 42u, 300 Mm. Garantia 1 A?o."},"content":{"rendered":"<table class=\"descripcion\">\n<tr>\n<td>Este sistema independiente de aire acondicionado requiere conexiones el\u00e9ctricas y tuber\u00edas instaladas profesionalmente entre la unidad de enfriamiento interior y el condensador exterior, que se instala en un techo o patio de condensadores.<\/td>\n<\/tr>\n<tr>\n<td>El aire acondicionado de precisi\u00f3n en hileras proporciona enfriamiento robusto en un tama\u00f1o de base que ahorra espacio para peque\u00f1os centros de datos medianos o salas de c\u00f3mputo de alto rendimiento.<\/td>\n<\/tr>\n<tr>\n<td>Enfr\u00eda equipo de misi\u00f3n cr\u00edtica con hasta 25.8 kw (88,000 btu\/h) de potencia de enfriamiento de alta precisi\u00f3n en hileras<\/td>\n<\/tr>\n<tr>\n<td>El delgado perfil de 300 mm permite el enfriamiento m\u00e1ximo mientras ocupa poco espacio<\/td>\n<\/tr>\n<tr>\n<td>El dise\u00f1o de acoplamiento directo mejora la eficiencia energ\u00e9tica en un 25% sobre los crac tradicionales<\/td>\n<\/tr>\n<tr>\n<td>La pantalla t\u00e1ctil a color f\u00e1cil de usar permite el acceso completo a la informaci\u00f3n de datos y estado<\/td>\n<\/tr>\n<tr>\n<td>Capacidad configurable de descarga del lado y\/o flujo de aire frontal y modo de mantenimiento<\/td>\n<\/tr>\n<tr>\n<td>Ventiladores hot swap<\/td>\n<\/tr>\n<tr>\n<td>Garant\u00eda limitada por 1 a\u00f1o<\/td>\n<\/tr>\n<\/table>\n","protected":false},"excerpt":{"rendered":"<p>El delgado sistema de aire acondicionado ahorra espacio mientras entrega enfriamiento primario de precisi\u00f3n. Este sistema de aire acondicionado en hileras smartrack\u00ae es la opci\u00f3n de enfriamiento ideal para su centro de datos de peque\u00f1o a mediano, sala de c\u00f3mputo o cualquier ubicaci\u00f3n edge. Las unidades crac y crhc t\u00edpicas son demasiado grandes para estas ubicaciones, pero el srcooldxrw25 enfr\u00eda su equipo de misi\u00f3n cr\u00edtica usando muy poco espacio de piso, soportando hasta 25.8 kw (88,000 btu) de carga t\u00e9rmica por unidad. El gabinete tiene solo 300 mm de ancho, facilitando la colocaci\u00f3n \u00f3ptima dentro de una hilera para un enfriamiento de acoplamiento directo de precisi\u00f3n. Requiere la misma holgura delantera y trasera que un gabinete est\u00e1ndar. Utiliza tecnolog\u00eda dx para entregar aire fr\u00edo a las cargas. Este sistema de enfriamiento de expansi\u00f3n directa [dx] jala el aire no acondicionado a trav\u00e9s de la parte posterior de la unidad, lo enfr\u00eda con refrigerante condensado y lo entrega a cargas de equipo de hasta 88,000 btu\/hora y cerca de 2,950 cfm de flujo de aire. Los ventiladores ec y un compresor de velocidad variable proporcionan flujo de aire variable y temperatura constante en funci\u00f3n de las condiciones del cuarto. La alta eficiencia de enfriamiento le ahorra dinero. El compresor del inversor y la tecnolog\u00eda del ventilador ce regulan autom\u00e1ticamente la salida de enfriamiento para coincidir con la carga t\u00e9rmica y conservar energ\u00eda durante las horas de baja demanda, reduciendo los costos totales de energ\u00eda y prolongando la vida \u00fatil del equipo que se est\u00e1 enfriando. El dise\u00f1o de acoplamiento directo captura calor en la fuente para mejorar la eficiencia energ\u00e9tica en un 25% sobre los crac perimetrales tradicionales. Adem\u00e1s, el srcooldxrw25 est\u00e1 dimensionado idealmente para su centro de datos peque\u00f1o a mediano a virtualmente cualquier densidad, ahorr\u00e1ndole el costo de un piso elevado o una unidad de crac sobrada o sobredimensionada. Usa refrigerante r410a amigable con el ambiente, reflejando su compromiso con la responsabilidad ambiental.<\/p>\n","protected":false},"featured_media":241793,"comment_status":"open","ping_status":"open","template":"","meta":[],"product_cat":[1892,2275],"product_tag":[1510],"acf":[],"yoast_head":"<!-- This site is optimized with the Yoast SEO plugin v21.7 - https:\/\/yoast.com\/wordpress\/plugins\/seo\/ -->\n<title>[ Tripp-lite ] &#129351; Srcooldxrw25 Sistema De Enfriamiento De Precision Tripp Lite Sistema De Enfriamiento De Precisi\u00f3n En Hileras - 25.8 Kw [88,000 Btu\/h], Trif\u00e1sico, 208v, 42u, 300 Mm. Garantia 1 A\u00f1o.<\/title>\n<meta name=\"description\" content=\"Compra Srcooldxrw25 Sistema De Enfriamiento De Precision Tripp Lite Sistema De Enfriamiento De Precisi\u00f3n En Hileras - 25.8 Kw [88,000 Btu\/h], Trif\u00e1sico, 208v, 42u, 300 Mm. Garantia 1 A\u00f1o. + Env\u00edo a domicilio + Pago seguro + Garant\u00eda\" \/>\n<meta name=\"robots\" content=\"index, follow, max-snippet:-1, max-image-preview:large, max-video-preview:-1\" \/>\n<link rel=\"canonical\" href=\"https:\/\/compuviper.mx\/tienda\/producto\/tripp-lite-srcooldxrw25-sistema-de-enfriamiento-de-precision-tripp-lite-sistema-de-enfriamiento-de-precisin-en-hileras-25-8-kw-88000-btu-h-trifsico-208v-42u-300-mm-garantia-1-ao\/\" \/>\n<meta property=\"og:locale\" content=\"es_MX\" \/>\n<meta property=\"og:type\" content=\"article\" \/>\n<meta property=\"og:title\" content=\"[ Tripp-lite ] &#129351; Srcooldxrw25 Sistema De Enfriamiento De Precision Tripp Lite Sistema De Enfriamiento De Precisi\u00f3n En Hileras - 25.8 Kw [88,000 Btu\/h], Trif\u00e1sico, 208v, 42u, 300 Mm. Garantia 1 A\u00f1o.\" \/>\n<meta property=\"og:description\" content=\"Compra Srcooldxrw25 Sistema De Enfriamiento De Precision Tripp Lite Sistema De Enfriamiento De Precisi\u00f3n En Hileras - 25.8 Kw [88,000 Btu\/h], Trif\u00e1sico, 208v, 42u, 300 Mm. Garantia 1 A\u00f1o. + Env\u00edo a domicilio + Pago seguro + Garant\u00eda\" \/>\n<meta property=\"og:url\" content=\"https:\/\/compuviper.mx\/tienda\/producto\/tripp-lite-srcooldxrw25-sistema-de-enfriamiento-de-precision-tripp-lite-sistema-de-enfriamiento-de-precisin-en-hileras-25-8-kw-88000-btu-h-trifsico-208v-42u-300-mm-garantia-1-ao\/\" \/>\n<meta property=\"og:site_name\" content=\"Compuviper\" \/>\n<meta property=\"article:publisher\" content=\"https:\/\/www.facebook.com\/compuviper\" \/>\n<meta property=\"article:modified_time\" content=\"2026-04-18T05:07:53+00:00\" \/>\n<meta property=\"og:image\" content=\"https:\/\/compuviper.mx\/tienda\/wp-content\/uploads\/2024\/09\/Sistema-de-enfriamiento-de-precision-tripp-lite-srcooldxrw25-sistema-de-enfriamiento-de-precision-en-hileras-25.8-kw-88000-btuh-trifasico-208v-42u-300-mm.-garantia-1-ano.jpg\" \/>\n\t<meta property=\"og:image:width\" content=\"200\" \/>\n\t<meta property=\"og:image:height\" content=\"200\" \/>\n\t<meta property=\"og:image:type\" content=\"image\/jpeg\" \/>\n<meta name=\"twitter:card\" content=\"summary_large_image\" \/>\n<meta name=\"twitter:label1\" content=\"Precio\" \/>\n\t<meta name=\"twitter:data1\" content=\"&#36;355,917 con IVA\" \/>\n\t<meta name=\"twitter:label2\" content=\"Availability\" \/>\n\t<meta name=\"twitter:data2\" content=\"On backorder\" \/>\n<script type=\"application\/ld+json\" class=\"yoast-schema-graph\">{\"@context\":\"https:\/\/schema.org\",\"@graph\":[{\"@type\":\"WebPage\",\"@id\":\"https:\/\/compuviper.mx\/tienda\/producto\/tripp-lite-srcooldxrw25-sistema-de-enfriamiento-de-precision-tripp-lite-sistema-de-enfriamiento-de-precisin-en-hileras-25-8-kw-88000-btu-h-trifsico-208v-42u-300-mm-garantia-1-ao\/\",\"url\":\"https:\/\/compuviper.mx\/tienda\/producto\/tripp-lite-srcooldxrw25-sistema-de-enfriamiento-de-precision-tripp-lite-sistema-de-enfriamiento-de-precisin-en-hileras-25-8-kw-88000-btu-h-trifsico-208v-42u-300-mm-garantia-1-ao\/\",\"name\":\"[ Tripp-lite ] &#129351; Srcooldxrw25 Sistema De Enfriamiento De Precision Tripp Lite Sistema De Enfriamiento De Precisi\u00f3n En Hileras - 25.8 Kw [88,000 Btu\/h], Trif\u00e1sico, 208v, 42u, 300 Mm. Garantia 1 A\u00f1o.\",\"isPartOf\":{\"@id\":\"https:\/\/compuviper.mx\/tienda\/#website\"},\"datePublished\":\"2026-04-18T05:07:52+00:00\",\"dateModified\":\"2026-04-18T05:07:53+00:00\",\"description\":\"Compra Srcooldxrw25 Sistema De Enfriamiento De Precision Tripp Lite Sistema De Enfriamiento De Precisi\u00f3n En Hileras - 25.8 Kw [88,000 Btu\/h], Trif\u00e1sico, 208v, 42u, 300 Mm. Garantia 1 A\u00f1o. + Env\u00edo a domicilio + Pago seguro + Garant\u00eda\",\"breadcrumb\":{\"@id\":\"https:\/\/compuviper.mx\/tienda\/producto\/tripp-lite-srcooldxrw25-sistema-de-enfriamiento-de-precision-tripp-lite-sistema-de-enfriamiento-de-precisin-en-hileras-25-8-kw-88000-btu-h-trifsico-208v-42u-300-mm-garantia-1-ao\/#breadcrumb\"},\"inLanguage\":\"es-MX\",\"potentialAction\":[{\"@type\":\"ReadAction\",\"target\":[\"https:\/\/compuviper.mx\/tienda\/producto\/tripp-lite-srcooldxrw25-sistema-de-enfriamiento-de-precision-tripp-lite-sistema-de-enfriamiento-de-precisin-en-hileras-25-8-kw-88000-btu-h-trifsico-208v-42u-300-mm-garantia-1-ao\/\"]}]},{\"@type\":\"BreadcrumbList\",\"@id\":\"https:\/\/compuviper.mx\/tienda\/producto\/tripp-lite-srcooldxrw25-sistema-de-enfriamiento-de-precision-tripp-lite-sistema-de-enfriamiento-de-precisin-en-hileras-25-8-kw-88000-btu-h-trifsico-208v-42u-300-mm-garantia-1-ao\/#breadcrumb\",\"itemListElement\":[{\"@type\":\"ListItem\",\"position\":1,\"name\":\"Inicio\",\"item\":\"https:\/\/compuviper.mx\/tienda\/\"},{\"@type\":\"ListItem\",\"position\":2,\"name\":\"Productos\",\"item\":\"https:\/\/compuviper.mx\/tienda\/productos\/\"},{\"@type\":\"ListItem\",\"position\":3,\"name\":\"Aire Acondicionado\",\"item\":\"https:\/\/compuviper.mx\/tienda\/categoria-producto\/aire-acondicionado\/\"},{\"@type\":\"ListItem\",\"position\":4,\"name\":\"Aire De Precisi?n\",\"item\":\"https:\/\/compuviper.mx\/tienda\/categoria-producto\/aire-acondicionado\/aire-de-precisin\/\"},{\"@type\":\"ListItem\",\"position\":5,\"name\":\"Tripp-lite Srcooldxrw25 Sistema De Enfriamiento De Precision Tripp Lite Sistema De Enfriamiento De Precisi?n En Hileras &#8211; 25.8 Kw [88,000 Btu\/h], Trif?sico, 208v, 42u, 300 Mm. Garantia 1 A?o.\"}]},{\"@type\":\"WebSite\",\"@id\":\"https:\/\/compuviper.mx\/tienda\/#website\",\"url\":\"https:\/\/compuviper.mx\/tienda\/\",\"name\":\"Compuviper\",\"description\":\"Proveedor de Computadoras, Laptops, Servidores, Monitores, Puntos de Venta, Teclados,   Impresoras, T\u00f3ner, C\u00e1maras de Seguridad y m\u00e1s en tu tienda en l\u00ednea\",\"publisher\":{\"@id\":\"https:\/\/compuviper.mx\/tienda\/#organization\"},\"potentialAction\":[{\"@type\":\"SearchAction\",\"target\":{\"@type\":\"EntryPoint\",\"urlTemplate\":\"https:\/\/compuviper.mx\/tienda\/?s={search_term_string}\"},\"query-input\":\"required name=search_term_string\"}],\"inLanguage\":\"es-MX\"},{\"@type\":\"Organization\",\"@id\":\"https:\/\/compuviper.mx\/tienda\/#organization\",\"name\":\"Compuviper\",\"url\":\"https:\/\/compuviper.mx\/tienda\/\",\"logo\":{\"@type\":\"ImageObject\",\"inLanguage\":\"es-MX\",\"@id\":\"https:\/\/compuviper.mx\/tienda\/#\/schema\/logo\/image\/\",\"url\":\"https:\/\/compuviper.mx\/tienda\/wp-content\/uploads\/2021\/08\/Logo-Compuviper-10.png\",\"contentUrl\":\"https:\/\/compuviper.mx\/tienda\/wp-content\/uploads\/2021\/08\/Logo-Compuviper-10.png\",\"width\":1000,\"height\":500,\"caption\":\"Compuviper\"},\"image\":{\"@id\":\"https:\/\/compuviper.mx\/tienda\/#\/schema\/logo\/image\/\"},\"sameAs\":[\"https:\/\/www.facebook.com\/compuviper\",\"https:\/\/www.youtube.com\/channel\/UCf73dERp9Y3cfOq7q8BhLjA?view_as=subscriber\"]}]}<\/script>\n<meta property=\"product:brand\" content=\"TRIPP-LITE\" \/>\n<meta property=\"product:price:amount\" content=\"355917\" \/>\n<meta property=\"product:price:currency\" content=\"MXN\" \/>\n<meta property=\"og:availability\" content=\"backorder\" \/>\n<meta property=\"product:availability\" content=\"available for order\" \/>\n<meta property=\"product:retailer_item_id\" content=\"SRCOOLDXRW25\" \/>\n<meta property=\"product:condition\" content=\"new\" \/>\n<!-- \/ Yoast SEO plugin. -->","yoast_head_json":{"title":"[ Tripp-lite ] &#129351; Srcooldxrw25 Sistema De Enfriamiento De Precision Tripp Lite Sistema De Enfriamiento De Precisi\u00f3n En Hileras - 25.8 Kw [88,000 Btu\/h], Trif\u00e1sico, 208v, 42u, 300 Mm. Garantia 1 A\u00f1o.","description":"Compra Srcooldxrw25 Sistema De Enfriamiento De Precision Tripp Lite Sistema De Enfriamiento De Precisi\u00f3n En Hileras - 25.8 Kw [88,000 Btu\/h], Trif\u00e1sico, 208v, 42u, 300 Mm. Garantia 1 A\u00f1o. + Env\u00edo a domicilio + Pago seguro + Garant\u00eda","robots":{"index":"index","follow":"follow","max-snippet":"max-snippet:-1","max-image-preview":"max-image-preview:large","max-video-preview":"max-video-preview:-1"},"canonical":"https:\/\/compuviper.mx\/tienda\/producto\/tripp-lite-srcooldxrw25-sistema-de-enfriamiento-de-precision-tripp-lite-sistema-de-enfriamiento-de-precisin-en-hileras-25-8-kw-88000-btu-h-trifsico-208v-42u-300-mm-garantia-1-ao\/","og_locale":"es_MX","og_type":"article","og_title":"[ Tripp-lite ] &#129351; Srcooldxrw25 Sistema De Enfriamiento De Precision Tripp Lite Sistema De Enfriamiento De Precisi\u00f3n En Hileras - 25.8 Kw [88,000 Btu\/h], Trif\u00e1sico, 208v, 42u, 300 Mm. Garantia 1 A\u00f1o.","og_description":"Compra Srcooldxrw25 Sistema De Enfriamiento De Precision Tripp Lite Sistema De Enfriamiento De Precisi\u00f3n En Hileras - 25.8 Kw [88,000 Btu\/h], Trif\u00e1sico, 208v, 42u, 300 Mm. Garantia 1 A\u00f1o. + Env\u00edo a domicilio + Pago seguro + Garant\u00eda","og_url":"https:\/\/compuviper.mx\/tienda\/producto\/tripp-lite-srcooldxrw25-sistema-de-enfriamiento-de-precision-tripp-lite-sistema-de-enfriamiento-de-precisin-en-hileras-25-8-kw-88000-btu-h-trifsico-208v-42u-300-mm-garantia-1-ao\/","og_site_name":"Compuviper","article_publisher":"https:\/\/www.facebook.com\/compuviper","article_modified_time":"2026-04-18T05:07:53+00:00","og_image":[{"width":200,"height":200,"url":"https:\/\/compuviper.mx\/tienda\/wp-content\/uploads\/2024\/09\/Sistema-de-enfriamiento-de-precision-tripp-lite-srcooldxrw25-sistema-de-enfriamiento-de-precision-en-hileras-25.8-kw-88000-btuh-trifasico-208v-42u-300-mm.-garantia-1-ano.jpg","type":"image\/jpeg"}],"twitter_card":"summary_large_image","twitter_misc":{"Precio":"&#36;355,917 con IVA","Availability":"On backorder"},"schema":{"@context":"https:\/\/schema.org","@graph":[{"@type":"WebPage","@id":"https:\/\/compuviper.mx\/tienda\/producto\/tripp-lite-srcooldxrw25-sistema-de-enfriamiento-de-precision-tripp-lite-sistema-de-enfriamiento-de-precisin-en-hileras-25-8-kw-88000-btu-h-trifsico-208v-42u-300-mm-garantia-1-ao\/","url":"https:\/\/compuviper.mx\/tienda\/producto\/tripp-lite-srcooldxrw25-sistema-de-enfriamiento-de-precision-tripp-lite-sistema-de-enfriamiento-de-precisin-en-hileras-25-8-kw-88000-btu-h-trifsico-208v-42u-300-mm-garantia-1-ao\/","name":"[ Tripp-lite ] &#129351; Srcooldxrw25 Sistema De Enfriamiento De Precision Tripp Lite Sistema De Enfriamiento De Precisi\u00f3n En Hileras - 25.8 Kw [88,000 Btu\/h], Trif\u00e1sico, 208v, 42u, 300 Mm. Garantia 1 A\u00f1o.","isPartOf":{"@id":"https:\/\/compuviper.mx\/tienda\/#website"},"datePublished":"2026-04-18T05:07:52+00:00","dateModified":"2026-04-18T05:07:53+00:00","description":"Compra Srcooldxrw25 Sistema De Enfriamiento De Precision Tripp Lite Sistema De Enfriamiento De Precisi\u00f3n En Hileras - 25.8 Kw [88,000 Btu\/h], Trif\u00e1sico, 208v, 42u, 300 Mm. Garantia 1 A\u00f1o. + Env\u00edo a domicilio + Pago seguro + Garant\u00eda","breadcrumb":{"@id":"https:\/\/compuviper.mx\/tienda\/producto\/tripp-lite-srcooldxrw25-sistema-de-enfriamiento-de-precision-tripp-lite-sistema-de-enfriamiento-de-precisin-en-hileras-25-8-kw-88000-btu-h-trifsico-208v-42u-300-mm-garantia-1-ao\/#breadcrumb"},"inLanguage":"es-MX","potentialAction":[{"@type":"ReadAction","target":["https:\/\/compuviper.mx\/tienda\/producto\/tripp-lite-srcooldxrw25-sistema-de-enfriamiento-de-precision-tripp-lite-sistema-de-enfriamiento-de-precisin-en-hileras-25-8-kw-88000-btu-h-trifsico-208v-42u-300-mm-garantia-1-ao\/"]}]},{"@type":"BreadcrumbList","@id":"https:\/\/compuviper.mx\/tienda\/producto\/tripp-lite-srcooldxrw25-sistema-de-enfriamiento-de-precision-tripp-lite-sistema-de-enfriamiento-de-precisin-en-hileras-25-8-kw-88000-btu-h-trifsico-208v-42u-300-mm-garantia-1-ao\/#breadcrumb","itemListElement":[{"@type":"ListItem","position":1,"name":"Inicio","item":"https:\/\/compuviper.mx\/tienda\/"},{"@type":"ListItem","position":2,"name":"Productos","item":"https:\/\/compuviper.mx\/tienda\/productos\/"},{"@type":"ListItem","position":3,"name":"Aire Acondicionado","item":"https:\/\/compuviper.mx\/tienda\/categoria-producto\/aire-acondicionado\/"},{"@type":"ListItem","position":4,"name":"Aire De Precisi?n","item":"https:\/\/compuviper.mx\/tienda\/categoria-producto\/aire-acondicionado\/aire-de-precisin\/"},{"@type":"ListItem","position":5,"name":"Tripp-lite Srcooldxrw25 Sistema De Enfriamiento De Precision Tripp Lite Sistema De Enfriamiento De Precisi?n En Hileras &#8211; 25.8 Kw [88,000 Btu\/h], Trif?sico, 208v, 42u, 300 Mm. Garantia 1 A?o."}]},{"@type":"WebSite","@id":"https:\/\/compuviper.mx\/tienda\/#website","url":"https:\/\/compuviper.mx\/tienda\/","name":"Compuviper","description":"Proveedor de Computadoras, Laptops, Servidores, Monitores, Puntos de Venta, Teclados,   Impresoras, T\u00f3ner, C\u00e1maras de Seguridad y m\u00e1s en tu tienda en l\u00ednea","publisher":{"@id":"https:\/\/compuviper.mx\/tienda\/#organization"},"potentialAction":[{"@type":"SearchAction","target":{"@type":"EntryPoint","urlTemplate":"https:\/\/compuviper.mx\/tienda\/?s={search_term_string}"},"query-input":"required name=search_term_string"}],"inLanguage":"es-MX"},{"@type":"Organization","@id":"https:\/\/compuviper.mx\/tienda\/#organization","name":"Compuviper","url":"https:\/\/compuviper.mx\/tienda\/","logo":{"@type":"ImageObject","inLanguage":"es-MX","@id":"https:\/\/compuviper.mx\/tienda\/#\/schema\/logo\/image\/","url":"https:\/\/compuviper.mx\/tienda\/wp-content\/uploads\/2021\/08\/Logo-Compuviper-10.png","contentUrl":"https:\/\/compuviper.mx\/tienda\/wp-content\/uploads\/2021\/08\/Logo-Compuviper-10.png","width":1000,"height":500,"caption":"Compuviper"},"image":{"@id":"https:\/\/compuviper.mx\/tienda\/#\/schema\/logo\/image\/"},"sameAs":["https:\/\/www.facebook.com\/compuviper","https:\/\/www.youtube.com\/channel\/UCf73dERp9Y3cfOq7q8BhLjA?view_as=subscriber"]}]},"product_brand":"TRIPP-LITE","product_price_amount":"355917","product_price_currency":"MXN","og_availability":"backorder","product_availability":"available for order","product_retailer_item_id":"SRCOOLDXRW25","product_condition":"new"},"_links":{"self":[{"href":"https:\/\/compuviper.mx\/tienda\/wp-json\/wp\/v2\/product\/232705"}],"collection":[{"href":"https:\/\/compuviper.mx\/tienda\/wp-json\/wp\/v2\/product"}],"about":[{"href":"https:\/\/compuviper.mx\/tienda\/wp-json\/wp\/v2\/types\/product"}],"replies":[{"embeddable":true,"href":"https:\/\/compuviper.mx\/tienda\/wp-json\/wp\/v2\/comments?post=232705"}],"wp:featuredmedia":[{"embeddable":true,"href":"https:\/\/compuviper.mx\/tienda\/wp-json\/wp\/v2\/media\/241793"}],"wp:attachment":[{"href":"https:\/\/compuviper.mx\/tienda\/wp-json\/wp\/v2\/media?parent=232705"}],"wp:term":[{"taxonomy":"product_cat","embeddable":true,"href":"https:\/\/compuviper.mx\/tienda\/wp-json\/wp\/v2\/product_cat?post=232705"},{"taxonomy":"product_tag","embeddable":true,"href":"https:\/\/compuviper.mx\/tienda\/wp-json\/wp\/v2\/product_tag?post=232705"}],"curies":[{"name":"wp","href":"https:\/\/api.w.org\/{rel}","templated":true}]}}