{"id":232679,"date":"2026-04-23T00:14:13","date_gmt":"2026-04-23T06:14:13","guid":{"rendered":"https:\/\/compuviper.mx\/tienda\/producto\/dahua-dh-ipc-hdbw2841r-zs-camara-ip-domo-antivandalica-res-de-8-mp-lente-mot-2-7-a-13-5mm-ir-40-mts-ia-wizsense-detc-de-movimiento-inteligente-prtc-perimetral-starlight-poe-ik10-ip67\/"},"modified":"2026-04-23T00:14:13","modified_gmt":"2026-04-23T06:14:13","slug":"dahua-dh-ipc-hdbw2841r-zs-camara-ip-domo-antivandalica-res-de-8-mp-lente-mot-2-7-a-13-5mm-ir-40-mts-ia-wizsense-detc-de-movimiento-inteligente-prtc-perimetral-starlight-poe-ik10-ip67","status":"publish","type":"product","link":"https:\/\/compuviper.mx\/tienda\/producto\/dahua-dh-ipc-hdbw2841r-zs-camara-ip-domo-antivandalica-res-de-8-mp-lente-mot-2-7-a-13-5mm-ir-40-mts-ia-wizsense-detc-de-movimiento-inteligente-prtc-perimetral-starlight-poe-ik10-ip67\/","title":{"rendered":"Dahua Dh-ipc-hdbw2841r-zs Camara Ip\/\/  \/ Domo Antivandalica Res. De 8 Mp\/ Lente Mot. 2.7 A 13.5mm\/ Ir 40 Mts\/ Ia Wizsense\/ Detc. De Movimiento Inteligente\/ Prtc Perimetral\/starlight\/poe\/ik10\/ip67"},"content":{"rendered":"<table class=\"descripcion\">\n<tr>\n<td>Especificaciones t\u00e9cnicas<\/td>\n<\/tr>\n<tr>\n<td>\u00b7 sensor de imagen cmos de 8 mp, 1\/2,8, baja iluminancia, alta definici\u00f3n de imagen<\/td>\n<\/tr>\n<tr>\n<td>\u00b7 salidas m\u00e1x. 8 mp (3840 \u00d7 2160) a 20 fps (funci\u00f3n ai activada de forma predeterminada) y admite 8 mp (3840 \u00d7 2160) a 25\/30 fps (cuando la funci\u00f3n ai est\u00e1 desactivada)<\/td>\n<\/tr>\n<tr>\n<td>\u00b7 c\u00f3dec h.265, alta tasa de compresi\u00f3n, baja tasa de bits<\/td>\n<\/tr>\n<tr>\n<td>\u00b7 led ir integrado, m\u00e1x. distancia ir: 40 m<\/td>\n<\/tr>\n<tr>\n<td>\u00b7 roi, smart h.264+\/h.265+, codificaci\u00f3n flexible, aplicable a varios entornos de almacenamiento y ancho de banda.<\/td>\n<\/tr>\n<tr>\n<td>\u00b7 modo de rotaci\u00f3n, wdr, 3d dnr, hlc, blc, marca de agua digital, aplicable a varias escenas de monitoreo<\/td>\n<\/tr>\n<\/table>\n","protected":false},"excerpt":{"rendered":"<p>Informaci\u00f3n general. Con un algoritmo de aprendizaje profundo avanzado, la c\u00e1mara de red de la serie dahua wizsense 3 admite funciones inteligentes, como protecci\u00f3n perimetral y detecci\u00f3n de movimiento inteligente. Con la tecnolog\u00eda starlight, esta c\u00e1mara de la serie proporciona un mejor efecto de imagen en condiciones de baja iluminaci\u00f3n. Smd m\u00e1s. Con un algoritmo inteligente, la tecnolog\u00eda de detecci\u00f3n de movimiento inteligente de dahua puede categorizar los objetivos que activan la detecci\u00f3n de movimiento y filtrar la alarma de detecci\u00f3n de movimiento activada por objetivos no afectados para generar una alarma efectiva y precisa. Protecci\u00f3n perimetral. Con un algoritmo de aprendizaje profundo, la tecnolog\u00eda de protecci\u00f3n perimetral de dahua puede reconocer a humanos y veh\u00edculos con precisi\u00f3n. En \u00e1reas restringidas (como \u00e1reas para peatones y veh\u00edculos), las falsas alarmas de detecci\u00f3n inteligente basadas en el tipo de objetivo (como cable trampa, intrusi\u00f3n) se reducen en gran medida.<\/p>\n","protected":false},"featured_media":233958,"comment_status":"open","ping_status":"open","template":"","meta":[],"product_cat":[1608,1681],"product_tag":[1555],"acf":[],"yoast_head":"<!-- This site is optimized with the Yoast SEO plugin v21.7 - https:\/\/yoast.com\/wordpress\/plugins\/seo\/ -->\n<title>[ Dahua ] &#129351; Dh-ipc-hdbw2841r-zs Camara Ip\/\/ \/ Domo Antivandalica Res. De 8 Mp\/ Lente Mot. 2.7 A 13.5mm\/ Ir 40 Mts\/ Ia Wizsense\/ Detc. De Movimiento Inteligente\/ Prtc Perimetral\/starlight\/poe\/ik10\/ip67<\/title>\n<meta name=\"description\" content=\"Compra Dh-ipc-hdbw2841r-zs Camara Ip\/\/ \/ Domo Antivandalica Res. De 8 Mp\/ Lente Mot. 2.7 A 13.5mm\/ Ir 40 Mts\/ Ia Wizsense\/ Detc. De Movimiento Inteligente\/ Prtc Perimetral\/starlight\/poe\/ik10\/ip67 + Env\u00edo a domicilio + Pago seguro + Garant\u00eda\" \/>\n<meta name=\"robots\" content=\"index, follow, max-snippet:-1, max-image-preview:large, max-video-preview:-1\" \/>\n<link rel=\"canonical\" href=\"https:\/\/compuviper.mx\/tienda\/producto\/dahua-dh-ipc-hdbw2841r-zs-camara-ip-domo-antivandalica-res-de-8-mp-lente-mot-2-7-a-13-5mm-ir-40-mts-ia-wizsense-detc-de-movimiento-inteligente-prtc-perimetral-starlight-poe-ik10-ip67\/\" \/>\n<meta property=\"og:locale\" content=\"es_MX\" \/>\n<meta property=\"og:type\" content=\"article\" \/>\n<meta property=\"og:title\" content=\"[ Dahua ] &#129351; Dh-ipc-hdbw2841r-zs Camara Ip\/\/ \/ Domo Antivandalica Res. De 8 Mp\/ Lente Mot. 2.7 A 13.5mm\/ Ir 40 Mts\/ Ia Wizsense\/ Detc. De Movimiento Inteligente\/ Prtc Perimetral\/starlight\/poe\/ik10\/ip67\" \/>\n<meta property=\"og:description\" content=\"Compra Dh-ipc-hdbw2841r-zs Camara Ip\/\/ \/ Domo Antivandalica Res. De 8 Mp\/ Lente Mot. 2.7 A 13.5mm\/ Ir 40 Mts\/ Ia Wizsense\/ Detc. De Movimiento Inteligente\/ Prtc Perimetral\/starlight\/poe\/ik10\/ip67 + Env\u00edo a domicilio + Pago seguro + Garant\u00eda\" \/>\n<meta property=\"og:url\" content=\"https:\/\/compuviper.mx\/tienda\/producto\/dahua-dh-ipc-hdbw2841r-zs-camara-ip-domo-antivandalica-res-de-8-mp-lente-mot-2-7-a-13-5mm-ir-40-mts-ia-wizsense-detc-de-movimiento-inteligente-prtc-perimetral-starlight-poe-ik10-ip67\/\" \/>\n<meta property=\"og:site_name\" content=\"Compuviper\" \/>\n<meta property=\"article:publisher\" content=\"https:\/\/www.facebook.com\/compuviper\" \/>\n<meta property=\"og:image\" content=\"https:\/\/compuviper.mx\/tienda\/wp-content\/uploads\/2024\/05\/Camara-ipdahua-dahua-dh-ipc-hdbw2841r-zs-domo-antivandalica-res.-de-8-mp-lente-mot.-2.7-a-13.5mm-ir-40-mts-ia-wizsense-detc.-de-movimiento-inteligente-prtc-perimetralstarlightpoeik10ip67.jpg\" \/>\n\t<meta property=\"og:image:width\" content=\"200\" \/>\n\t<meta property=\"og:image:height\" content=\"200\" \/>\n\t<meta property=\"og:image:type\" content=\"image\/jpeg\" \/>\n<meta name=\"twitter:card\" content=\"summary_large_image\" \/>\n<meta name=\"twitter:label1\" content=\"Precio\" \/>\n\t<meta name=\"twitter:data1\" content=\"&#36;3,971 con IVA\" \/>\n\t<meta name=\"twitter:label2\" content=\"Availability\" \/>\n\t<meta name=\"twitter:data2\" content=\"On backorder\" \/>\n<script type=\"application\/ld+json\" class=\"yoast-schema-graph\">{\"@context\":\"https:\/\/schema.org\",\"@graph\":[{\"@type\":\"WebPage\",\"@id\":\"https:\/\/compuviper.mx\/tienda\/producto\/dahua-dh-ipc-hdbw2841r-zs-camara-ip-domo-antivandalica-res-de-8-mp-lente-mot-2-7-a-13-5mm-ir-40-mts-ia-wizsense-detc-de-movimiento-inteligente-prtc-perimetral-starlight-poe-ik10-ip67\/\",\"url\":\"https:\/\/compuviper.mx\/tienda\/producto\/dahua-dh-ipc-hdbw2841r-zs-camara-ip-domo-antivandalica-res-de-8-mp-lente-mot-2-7-a-13-5mm-ir-40-mts-ia-wizsense-detc-de-movimiento-inteligente-prtc-perimetral-starlight-poe-ik10-ip67\/\",\"name\":\"[ Dahua ] &#129351; Dh-ipc-hdbw2841r-zs Camara Ip\/\/ \/ Domo Antivandalica Res. De 8 Mp\/ Lente Mot. 2.7 A 13.5mm\/ Ir 40 Mts\/ Ia Wizsense\/ Detc. De Movimiento Inteligente\/ Prtc Perimetral\/starlight\/poe\/ik10\/ip67\",\"isPartOf\":{\"@id\":\"https:\/\/compuviper.mx\/tienda\/#website\"},\"datePublished\":\"2026-04-23T06:14:13+00:00\",\"dateModified\":\"2026-04-23T06:14:13+00:00\",\"description\":\"Compra Dh-ipc-hdbw2841r-zs Camara Ip\/\/ \/ Domo Antivandalica Res. De 8 Mp\/ Lente Mot. 2.7 A 13.5mm\/ Ir 40 Mts\/ Ia Wizsense\/ Detc. De Movimiento Inteligente\/ Prtc Perimetral\/starlight\/poe\/ik10\/ip67 + Env\u00edo a domicilio + Pago seguro + Garant\u00eda\",\"breadcrumb\":{\"@id\":\"https:\/\/compuviper.mx\/tienda\/producto\/dahua-dh-ipc-hdbw2841r-zs-camara-ip-domo-antivandalica-res-de-8-mp-lente-mot-2-7-a-13-5mm-ir-40-mts-ia-wizsense-detc-de-movimiento-inteligente-prtc-perimetral-starlight-poe-ik10-ip67\/#breadcrumb\"},\"inLanguage\":\"es-MX\",\"potentialAction\":[{\"@type\":\"ReadAction\",\"target\":[\"https:\/\/compuviper.mx\/tienda\/producto\/dahua-dh-ipc-hdbw2841r-zs-camara-ip-domo-antivandalica-res-de-8-mp-lente-mot-2-7-a-13-5mm-ir-40-mts-ia-wizsense-detc-de-movimiento-inteligente-prtc-perimetral-starlight-poe-ik10-ip67\/\"]}]},{\"@type\":\"BreadcrumbList\",\"@id\":\"https:\/\/compuviper.mx\/tienda\/producto\/dahua-dh-ipc-hdbw2841r-zs-camara-ip-domo-antivandalica-res-de-8-mp-lente-mot-2-7-a-13-5mm-ir-40-mts-ia-wizsense-detc-de-movimiento-inteligente-prtc-perimetral-starlight-poe-ik10-ip67\/#breadcrumb\",\"itemListElement\":[{\"@type\":\"ListItem\",\"position\":1,\"name\":\"Inicio\",\"item\":\"https:\/\/compuviper.mx\/tienda\/\"},{\"@type\":\"ListItem\",\"position\":2,\"name\":\"Productos\",\"item\":\"https:\/\/compuviper.mx\/tienda\/productos\/\"},{\"@type\":\"ListItem\",\"position\":3,\"name\":\"Camaras\",\"item\":\"https:\/\/compuviper.mx\/tienda\/categoria-producto\/camaras-2\/\"},{\"@type\":\"ListItem\",\"position\":4,\"name\":\"Camara De Videovigilancia\",\"item\":\"https:\/\/compuviper.mx\/tienda\/categoria-producto\/camaras-2\/camara-de-videovigilancia\/\"},{\"@type\":\"ListItem\",\"position\":5,\"name\":\"Dahua Dh-ipc-hdbw2841r-zs Camara Ip\/\/ \/ Domo Antivandalica Res. De 8 Mp\/ Lente Mot. 2.7 A 13.5mm\/ Ir 40 Mts\/ Ia Wizsense\/ Detc. De Movimiento Inteligente\/ Prtc Perimetral\/starlight\/poe\/ik10\/ip67\"}]},{\"@type\":\"WebSite\",\"@id\":\"https:\/\/compuviper.mx\/tienda\/#website\",\"url\":\"https:\/\/compuviper.mx\/tienda\/\",\"name\":\"Compuviper\",\"description\":\"Proveedor de Computadoras, Laptops, Servidores, Monitores, Puntos de Venta, Teclados,   Impresoras, T\u00f3ner, C\u00e1maras de Seguridad y m\u00e1s en tu tienda en l\u00ednea\",\"publisher\":{\"@id\":\"https:\/\/compuviper.mx\/tienda\/#organization\"},\"potentialAction\":[{\"@type\":\"SearchAction\",\"target\":{\"@type\":\"EntryPoint\",\"urlTemplate\":\"https:\/\/compuviper.mx\/tienda\/?s={search_term_string}\"},\"query-input\":\"required name=search_term_string\"}],\"inLanguage\":\"es-MX\"},{\"@type\":\"Organization\",\"@id\":\"https:\/\/compuviper.mx\/tienda\/#organization\",\"name\":\"Compuviper\",\"url\":\"https:\/\/compuviper.mx\/tienda\/\",\"logo\":{\"@type\":\"ImageObject\",\"inLanguage\":\"es-MX\",\"@id\":\"https:\/\/compuviper.mx\/tienda\/#\/schema\/logo\/image\/\",\"url\":\"https:\/\/compuviper.mx\/tienda\/wp-content\/uploads\/2021\/08\/Logo-Compuviper-10.png\",\"contentUrl\":\"https:\/\/compuviper.mx\/tienda\/wp-content\/uploads\/2021\/08\/Logo-Compuviper-10.png\",\"width\":1000,\"height\":500,\"caption\":\"Compuviper\"},\"image\":{\"@id\":\"https:\/\/compuviper.mx\/tienda\/#\/schema\/logo\/image\/\"},\"sameAs\":[\"https:\/\/www.facebook.com\/compuviper\",\"https:\/\/www.youtube.com\/channel\/UCf73dERp9Y3cfOq7q8BhLjA?view_as=subscriber\"]}]}<\/script>\n<meta property=\"product:brand\" content=\"DAHUA\" \/>\n<meta property=\"product:price:amount\" content=\"3971\" \/>\n<meta property=\"product:price:currency\" content=\"MXN\" \/>\n<meta property=\"og:availability\" content=\"backorder\" \/>\n<meta property=\"product:availability\" content=\"available for order\" \/>\n<meta property=\"product:retailer_item_id\" content=\"DH-IPC-HDBW2841R-ZS\" \/>\n<meta property=\"product:condition\" content=\"new\" \/>\n<!-- \/ Yoast SEO plugin. -->","yoast_head_json":{"title":"[ Dahua ] &#129351; Dh-ipc-hdbw2841r-zs Camara Ip\/\/ \/ Domo Antivandalica Res. De 8 Mp\/ Lente Mot. 2.7 A 13.5mm\/ Ir 40 Mts\/ Ia Wizsense\/ Detc. De Movimiento Inteligente\/ Prtc Perimetral\/starlight\/poe\/ik10\/ip67","description":"Compra Dh-ipc-hdbw2841r-zs Camara Ip\/\/ \/ Domo Antivandalica Res. De 8 Mp\/ Lente Mot. 2.7 A 13.5mm\/ Ir 40 Mts\/ Ia Wizsense\/ Detc. De Movimiento Inteligente\/ Prtc Perimetral\/starlight\/poe\/ik10\/ip67 + Env\u00edo a domicilio + Pago seguro + Garant\u00eda","robots":{"index":"index","follow":"follow","max-snippet":"max-snippet:-1","max-image-preview":"max-image-preview:large","max-video-preview":"max-video-preview:-1"},"canonical":"https:\/\/compuviper.mx\/tienda\/producto\/dahua-dh-ipc-hdbw2841r-zs-camara-ip-domo-antivandalica-res-de-8-mp-lente-mot-2-7-a-13-5mm-ir-40-mts-ia-wizsense-detc-de-movimiento-inteligente-prtc-perimetral-starlight-poe-ik10-ip67\/","og_locale":"es_MX","og_type":"article","og_title":"[ Dahua ] &#129351; Dh-ipc-hdbw2841r-zs Camara Ip\/\/ \/ Domo Antivandalica Res. De 8 Mp\/ Lente Mot. 2.7 A 13.5mm\/ Ir 40 Mts\/ Ia Wizsense\/ Detc. De Movimiento Inteligente\/ Prtc Perimetral\/starlight\/poe\/ik10\/ip67","og_description":"Compra Dh-ipc-hdbw2841r-zs Camara Ip\/\/ \/ Domo Antivandalica Res. De 8 Mp\/ Lente Mot. 2.7 A 13.5mm\/ Ir 40 Mts\/ Ia Wizsense\/ Detc. De Movimiento Inteligente\/ Prtc Perimetral\/starlight\/poe\/ik10\/ip67 + Env\u00edo a domicilio + Pago seguro + Garant\u00eda","og_url":"https:\/\/compuviper.mx\/tienda\/producto\/dahua-dh-ipc-hdbw2841r-zs-camara-ip-domo-antivandalica-res-de-8-mp-lente-mot-2-7-a-13-5mm-ir-40-mts-ia-wizsense-detc-de-movimiento-inteligente-prtc-perimetral-starlight-poe-ik10-ip67\/","og_site_name":"Compuviper","article_publisher":"https:\/\/www.facebook.com\/compuviper","og_image":[{"width":200,"height":200,"url":"https:\/\/compuviper.mx\/tienda\/wp-content\/uploads\/2024\/05\/Camara-ipdahua-dahua-dh-ipc-hdbw2841r-zs-domo-antivandalica-res.-de-8-mp-lente-mot.-2.7-a-13.5mm-ir-40-mts-ia-wizsense-detc.-de-movimiento-inteligente-prtc-perimetralstarlightpoeik10ip67.jpg","type":"image\/jpeg"}],"twitter_card":"summary_large_image","twitter_misc":{"Precio":"&#36;3,971 con IVA","Availability":"On backorder"},"schema":{"@context":"https:\/\/schema.org","@graph":[{"@type":"WebPage","@id":"https:\/\/compuviper.mx\/tienda\/producto\/dahua-dh-ipc-hdbw2841r-zs-camara-ip-domo-antivandalica-res-de-8-mp-lente-mot-2-7-a-13-5mm-ir-40-mts-ia-wizsense-detc-de-movimiento-inteligente-prtc-perimetral-starlight-poe-ik10-ip67\/","url":"https:\/\/compuviper.mx\/tienda\/producto\/dahua-dh-ipc-hdbw2841r-zs-camara-ip-domo-antivandalica-res-de-8-mp-lente-mot-2-7-a-13-5mm-ir-40-mts-ia-wizsense-detc-de-movimiento-inteligente-prtc-perimetral-starlight-poe-ik10-ip67\/","name":"[ Dahua ] &#129351; Dh-ipc-hdbw2841r-zs Camara Ip\/\/ \/ Domo Antivandalica Res. De 8 Mp\/ Lente Mot. 2.7 A 13.5mm\/ Ir 40 Mts\/ Ia Wizsense\/ Detc. De Movimiento Inteligente\/ Prtc Perimetral\/starlight\/poe\/ik10\/ip67","isPartOf":{"@id":"https:\/\/compuviper.mx\/tienda\/#website"},"datePublished":"2026-04-23T06:14:13+00:00","dateModified":"2026-04-23T06:14:13+00:00","description":"Compra Dh-ipc-hdbw2841r-zs Camara Ip\/\/ \/ Domo Antivandalica Res. De 8 Mp\/ Lente Mot. 2.7 A 13.5mm\/ Ir 40 Mts\/ Ia Wizsense\/ Detc. De Movimiento Inteligente\/ Prtc Perimetral\/starlight\/poe\/ik10\/ip67 + Env\u00edo a domicilio + Pago seguro + Garant\u00eda","breadcrumb":{"@id":"https:\/\/compuviper.mx\/tienda\/producto\/dahua-dh-ipc-hdbw2841r-zs-camara-ip-domo-antivandalica-res-de-8-mp-lente-mot-2-7-a-13-5mm-ir-40-mts-ia-wizsense-detc-de-movimiento-inteligente-prtc-perimetral-starlight-poe-ik10-ip67\/#breadcrumb"},"inLanguage":"es-MX","potentialAction":[{"@type":"ReadAction","target":["https:\/\/compuviper.mx\/tienda\/producto\/dahua-dh-ipc-hdbw2841r-zs-camara-ip-domo-antivandalica-res-de-8-mp-lente-mot-2-7-a-13-5mm-ir-40-mts-ia-wizsense-detc-de-movimiento-inteligente-prtc-perimetral-starlight-poe-ik10-ip67\/"]}]},{"@type":"BreadcrumbList","@id":"https:\/\/compuviper.mx\/tienda\/producto\/dahua-dh-ipc-hdbw2841r-zs-camara-ip-domo-antivandalica-res-de-8-mp-lente-mot-2-7-a-13-5mm-ir-40-mts-ia-wizsense-detc-de-movimiento-inteligente-prtc-perimetral-starlight-poe-ik10-ip67\/#breadcrumb","itemListElement":[{"@type":"ListItem","position":1,"name":"Inicio","item":"https:\/\/compuviper.mx\/tienda\/"},{"@type":"ListItem","position":2,"name":"Productos","item":"https:\/\/compuviper.mx\/tienda\/productos\/"},{"@type":"ListItem","position":3,"name":"Camaras","item":"https:\/\/compuviper.mx\/tienda\/categoria-producto\/camaras-2\/"},{"@type":"ListItem","position":4,"name":"Camara De Videovigilancia","item":"https:\/\/compuviper.mx\/tienda\/categoria-producto\/camaras-2\/camara-de-videovigilancia\/"},{"@type":"ListItem","position":5,"name":"Dahua Dh-ipc-hdbw2841r-zs Camara Ip\/\/ \/ Domo Antivandalica Res. De 8 Mp\/ Lente Mot. 2.7 A 13.5mm\/ Ir 40 Mts\/ Ia Wizsense\/ Detc. De Movimiento Inteligente\/ Prtc Perimetral\/starlight\/poe\/ik10\/ip67"}]},{"@type":"WebSite","@id":"https:\/\/compuviper.mx\/tienda\/#website","url":"https:\/\/compuviper.mx\/tienda\/","name":"Compuviper","description":"Proveedor de Computadoras, Laptops, Servidores, Monitores, Puntos de Venta, Teclados,   Impresoras, T\u00f3ner, C\u00e1maras de Seguridad y m\u00e1s en tu tienda en l\u00ednea","publisher":{"@id":"https:\/\/compuviper.mx\/tienda\/#organization"},"potentialAction":[{"@type":"SearchAction","target":{"@type":"EntryPoint","urlTemplate":"https:\/\/compuviper.mx\/tienda\/?s={search_term_string}"},"query-input":"required name=search_term_string"}],"inLanguage":"es-MX"},{"@type":"Organization","@id":"https:\/\/compuviper.mx\/tienda\/#organization","name":"Compuviper","url":"https:\/\/compuviper.mx\/tienda\/","logo":{"@type":"ImageObject","inLanguage":"es-MX","@id":"https:\/\/compuviper.mx\/tienda\/#\/schema\/logo\/image\/","url":"https:\/\/compuviper.mx\/tienda\/wp-content\/uploads\/2021\/08\/Logo-Compuviper-10.png","contentUrl":"https:\/\/compuviper.mx\/tienda\/wp-content\/uploads\/2021\/08\/Logo-Compuviper-10.png","width":1000,"height":500,"caption":"Compuviper"},"image":{"@id":"https:\/\/compuviper.mx\/tienda\/#\/schema\/logo\/image\/"},"sameAs":["https:\/\/www.facebook.com\/compuviper","https:\/\/www.youtube.com\/channel\/UCf73dERp9Y3cfOq7q8BhLjA?view_as=subscriber"]}]},"product_brand":"DAHUA","product_price_amount":"3971","product_price_currency":"MXN","og_availability":"backorder","product_availability":"available for order","product_retailer_item_id":"DH-IPC-HDBW2841R-ZS","product_condition":"new"},"_links":{"self":[{"href":"https:\/\/compuviper.mx\/tienda\/wp-json\/wp\/v2\/product\/232679"}],"collection":[{"href":"https:\/\/compuviper.mx\/tienda\/wp-json\/wp\/v2\/product"}],"about":[{"href":"https:\/\/compuviper.mx\/tienda\/wp-json\/wp\/v2\/types\/product"}],"replies":[{"embeddable":true,"href":"https:\/\/compuviper.mx\/tienda\/wp-json\/wp\/v2\/comments?post=232679"}],"wp:featuredmedia":[{"embeddable":true,"href":"https:\/\/compuviper.mx\/tienda\/wp-json\/wp\/v2\/media\/233958"}],"wp:attachment":[{"href":"https:\/\/compuviper.mx\/tienda\/wp-json\/wp\/v2\/media?parent=232679"}],"wp:term":[{"taxonomy":"product_cat","embeddable":true,"href":"https:\/\/compuviper.mx\/tienda\/wp-json\/wp\/v2\/product_cat?post=232679"},{"taxonomy":"product_tag","embeddable":true,"href":"https:\/\/compuviper.mx\/tienda\/wp-json\/wp\/v2\/product_tag?post=232679"}],"curies":[{"name":"wp","href":"https:\/\/api.w.org\/{rel}","templated":true}]}}