{"id":232678,"date":"2026-04-23T00:14:12","date_gmt":"2026-04-23T06:14:12","guid":{"rendered":"https:\/\/compuviper.mx\/tienda\/producto\/dahua-dh-ipc-hfw3441t-zs-s2-camara-ip-bullet-de-4-mp-wizsense-lente-motorizado-de-2-7-a-13-5mm-ir-de-60-metros-h-265-wdr-real-proteccin-perimetral-ip67-poe-smd-plus\/"},"modified":"2026-04-23T00:14:12","modified_gmt":"2026-04-23T06:14:12","slug":"dahua-dh-ipc-hfw3441t-zs-s2-camara-ip-bullet-de-4-mp-wizsense-lente-motorizado-de-2-7-a-13-5mm-ir-de-60-metros-h-265-wdr-real-proteccin-perimetral-ip67-poe-smd-plus","status":"publish","type":"product","link":"https:\/\/compuviper.mx\/tienda\/producto\/dahua-dh-ipc-hfw3441t-zs-s2-camara-ip-bullet-de-4-mp-wizsense-lente-motorizado-de-2-7-a-13-5mm-ir-de-60-metros-h-265-wdr-real-proteccin-perimetral-ip67-poe-smd-plus\/","title":{"rendered":"Dahua Dh-ipc-hfw3441t-zs-s2 Camara Ip\/ \/\/bullet De 4 Mp\/ Wizsense\/ Lente Motorizado De 2.7 A 13.5mm\/ Ir De 60 Metros\/ H.265\/ Wdr Real\/ Proteccin Perimetral\/ Ip67\/ Poe\/ Smd Plus"},"content":{"rendered":"<table class=\"descripcion\">\n<tr>\n<td>Especificaciones t\u00e9cnicas<\/td>\n<\/tr>\n<tr>\n<td>\u00b7 roi, smart h.264 +\/h.265+, codificaci\u00f3n flexible, aplicable a varios entornos de almacenamiento y ancho de banda.<\/td>\n<\/tr>\n<tr>\n<td>\u00b7 modo de rotaci\u00f3n, wdr, 3d nr, hlc, blc, marca de agua digital, aplicable a varias escenas de monitoreo.<\/td>\n<\/tr>\n<tr>\n<td>\u00b7 detecci\u00f3n inteligente: intrusi\u00f3n, cable trampa (admite la clasificaci\u00f3n y detecci\u00f3n precisa de veh\u00edculos y humanos).<\/td>\n<\/tr>\n<tr>\n<td>\u00b7 detecci\u00f3n de anomal\u00edas: detecci\u00f3n de movimiento, enmascaramiento de privacidad, cambio de escena, detecci\u00f3n de audio, sin tarjeta sd, tarjeta sd llena, error de tarjeta sd, desconexi\u00f3n de red, conflicto de ip, acceso ilegal y detecci\u00f3n de voltaje.<\/td>\n<\/tr>\n<tr>\n<td>\u00b7 alarma: 1 entrada, 1 salida (solo compatible con zas); audio: 1 entrada, 1 salida (solo compatible con<\/td>\n<\/tr>\n<tr>\n<td>Zas); m\u00e1x. tarjeta micro sd de 256g. micr\u00f3fono incorporado.<\/td>\n<\/tr>\n<tr>\n<td>\u00b7 la fuente de alimentaci\u00f3n de 12 vdc\/poe facilita la instalaci\u00f3n.<\/td>\n<\/tr>\n<tr>\n<td>\u00b7 protecci\u00f3n ip67, ik10 (opcional).<\/td>\n<\/tr>\n<tr>\n<td>\u00b7 smd 4.0, ai ssa.<\/td>\n<\/tr>\n<\/table>\n","protected":false},"excerpt":{"rendered":"<p>Informaci\u00f3n general. La c\u00e1mara de red dahua wizsense serie 3 ahorra mucho ancho de banda y espacio de almacenamiento a trav\u00e9s de su tecnolog\u00eda de codificaci\u00f3n ai. Impulsada por sus algoritmos avanzados de aprendizaje profundo, la c\u00e1mara admite funciones inteligentes como protecci\u00f3n perimetral, detecci\u00f3n de movimiento inteligente (smd), selecci\u00f3n r\u00e1pida y ai ssa (autoadaptaci\u00f3n de escena ai), lo que la hace f\u00e1cil y conveniente de usar. La tecnolog\u00eda starlight y su lente de gran apertura tambi\u00e9n permiten que la c\u00e1mara produzca im\u00e1genes claras y v\u00edvidas incluso en condiciones de poca luz. Protecci\u00f3n perimetral. Con un algoritmo de aprendizaje profundo, la tecnolog\u00eda de protecci\u00f3n perimetral de dahua puede reconocer a humanos y veh\u00edculos con precisi\u00f3n. En \u00e1reas restringidas (como \u00e1reas para peatones y veh\u00edculos), las falsas alarmas de detecci\u00f3n inteligente basadas en el tipo de objetivo (como cable trampa, intrusi\u00f3n) se reducen en gran medida. Protecci\u00f3n (ip67, amplio voltaje. Ip67: la c\u00e1mara pasa una serie de pruebas estrictas sobre polvo y remojo. Tiene una funci\u00f3n a prueba de polvo y la carcasa puede funcionar normalmente despu\u00e9s de sumergirse en agua a 1 m de profundidad durante 30 minutos. Amplio voltaje: la c\u00e1mara permite una tolerancia de voltaje de entrada de \u00b130 % (para algunas fuentes de alimentaci\u00f3n) (amplio rango de voltaje) y se aplica ampliamente en ambientes exteriores con voltaje inestable. Smd 4.0. La tecnolog\u00eda de detecci\u00f3n de movimiento inteligente de dahua funciona con algoritmos inteligentes para clasificar los objetivos que activan las alarmas de detecci\u00f3n de movimiento. Filtra objetos que no son objetivos, como animales peque\u00f1os ygrandes, para evitar activar falsas alarmas. Con un ai nvr, la tecnolog\u00eda quick pick est\u00e1 disponible, lo que le permite buscar y seleccionar f\u00e1cilmente objetivos humanos y de veh\u00edculos de videos de eventos smd, priorizando las coincidencias m\u00e1s altas. Caracter\u00edsticas principales. \u00b7 sensor de imagen cmos de 1\/3 de 4 mp, excelente rendimiento de baja luminancia y alta definici\u00f3n de im\u00e1genes. \u00b7 salidas m\u00e1x. 4 mp (2688 \u00d7 1520) a 25\/30 fps. \u00b7 c\u00f3dec h.265, alta tasa de compresi\u00f3n, tasa de bits ultrabaja. \u00b7 led ir integrado, m\u00e1x. Distancia ir: 60 m<\/p>\n","protected":false},"featured_media":233957,"comment_status":"open","ping_status":"open","template":"","meta":[],"product_cat":[1681,1608],"product_tag":[1555],"acf":[],"yoast_head":"<!-- This site is optimized with the Yoast SEO plugin v21.7 - https:\/\/yoast.com\/wordpress\/plugins\/seo\/ -->\n<title>[ Dahua ] &#129351; Dh-ipc-hfw3441t-zs-s2 Camara Ip\/ \/\/bullet De 4 Mp\/ Wizsense\/ Lente Motorizado De 2.7 A 13.5mm\/ Ir De 60 Metros\/ H.265\/ Wdr Real\/ Proteccin Perimetral\/ Ip67\/ Poe\/ Smd Plus<\/title>\n<meta name=\"description\" content=\"Compra Dh-ipc-hfw3441t-zs-s2 Camara Ip\/ \/\/bullet De 4 Mp\/ Wizsense\/ Lente Motorizado De 2.7 A 13.5mm\/ Ir De 60 Metros\/ H.265\/ Wdr Real\/ Proteccin Perimetral\/ Ip67\/ Poe\/ Smd Plus + Env\u00edo a domicilio + Pago seguro + Garant\u00eda\" \/>\n<meta name=\"robots\" content=\"index, follow, max-snippet:-1, max-image-preview:large, max-video-preview:-1\" \/>\n<link rel=\"canonical\" href=\"https:\/\/compuviper.mx\/tienda\/producto\/dahua-dh-ipc-hfw3441t-zs-s2-camara-ip-bullet-de-4-mp-wizsense-lente-motorizado-de-2-7-a-13-5mm-ir-de-60-metros-h-265-wdr-real-proteccin-perimetral-ip67-poe-smd-plus\/\" \/>\n<meta property=\"og:locale\" content=\"es_MX\" \/>\n<meta property=\"og:type\" content=\"article\" \/>\n<meta property=\"og:title\" content=\"[ Dahua ] &#129351; Dh-ipc-hfw3441t-zs-s2 Camara Ip\/ \/\/bullet De 4 Mp\/ Wizsense\/ Lente Motorizado De 2.7 A 13.5mm\/ Ir De 60 Metros\/ H.265\/ Wdr Real\/ Proteccin Perimetral\/ Ip67\/ Poe\/ Smd Plus\" \/>\n<meta property=\"og:description\" content=\"Compra Dh-ipc-hfw3441t-zs-s2 Camara Ip\/ \/\/bullet De 4 Mp\/ Wizsense\/ Lente Motorizado De 2.7 A 13.5mm\/ Ir De 60 Metros\/ H.265\/ Wdr Real\/ Proteccin Perimetral\/ Ip67\/ Poe\/ Smd Plus + Env\u00edo a domicilio + Pago seguro + Garant\u00eda\" \/>\n<meta property=\"og:url\" content=\"https:\/\/compuviper.mx\/tienda\/producto\/dahua-dh-ipc-hfw3441t-zs-s2-camara-ip-bullet-de-4-mp-wizsense-lente-motorizado-de-2-7-a-13-5mm-ir-de-60-metros-h-265-wdr-real-proteccin-perimetral-ip67-poe-smd-plus\/\" \/>\n<meta property=\"og:site_name\" content=\"Compuviper\" \/>\n<meta property=\"article:publisher\" content=\"https:\/\/www.facebook.com\/compuviper\" \/>\n<meta property=\"og:image\" content=\"https:\/\/compuviper.mx\/tienda\/wp-content\/uploads\/2024\/05\/Camara-ip-dahuadh-ipc-hfw3441t-zs-s2bullet-de-4-mp-wizsense-lente-motorizado-de-2.7-a-13.5mm-ir-de-60-metros-h.265-wdr-real-proteccion-perimetral-ip67-poe-smd-plus.jpg\" \/>\n\t<meta property=\"og:image:width\" content=\"200\" \/>\n\t<meta property=\"og:image:height\" content=\"200\" \/>\n\t<meta property=\"og:image:type\" content=\"image\/jpeg\" \/>\n<meta name=\"twitter:card\" content=\"summary_large_image\" \/>\n<meta name=\"twitter:label1\" content=\"Precio\" \/>\n\t<meta name=\"twitter:data1\" content=\"&#36;3,503 con IVA\" \/>\n\t<meta name=\"twitter:label2\" content=\"Availability\" \/>\n\t<meta name=\"twitter:data2\" content=\"On backorder\" \/>\n<script type=\"application\/ld+json\" class=\"yoast-schema-graph\">{\"@context\":\"https:\/\/schema.org\",\"@graph\":[{\"@type\":\"WebPage\",\"@id\":\"https:\/\/compuviper.mx\/tienda\/producto\/dahua-dh-ipc-hfw3441t-zs-s2-camara-ip-bullet-de-4-mp-wizsense-lente-motorizado-de-2-7-a-13-5mm-ir-de-60-metros-h-265-wdr-real-proteccin-perimetral-ip67-poe-smd-plus\/\",\"url\":\"https:\/\/compuviper.mx\/tienda\/producto\/dahua-dh-ipc-hfw3441t-zs-s2-camara-ip-bullet-de-4-mp-wizsense-lente-motorizado-de-2-7-a-13-5mm-ir-de-60-metros-h-265-wdr-real-proteccin-perimetral-ip67-poe-smd-plus\/\",\"name\":\"[ Dahua ] &#129351; Dh-ipc-hfw3441t-zs-s2 Camara Ip\/ \/\/bullet De 4 Mp\/ Wizsense\/ Lente Motorizado De 2.7 A 13.5mm\/ Ir De 60 Metros\/ H.265\/ Wdr Real\/ Proteccin Perimetral\/ Ip67\/ Poe\/ Smd Plus\",\"isPartOf\":{\"@id\":\"https:\/\/compuviper.mx\/tienda\/#website\"},\"datePublished\":\"2026-04-23T06:14:12+00:00\",\"dateModified\":\"2026-04-23T06:14:12+00:00\",\"description\":\"Compra Dh-ipc-hfw3441t-zs-s2 Camara Ip\/ \/\/bullet De 4 Mp\/ Wizsense\/ Lente Motorizado De 2.7 A 13.5mm\/ Ir De 60 Metros\/ H.265\/ Wdr Real\/ Proteccin Perimetral\/ Ip67\/ Poe\/ Smd Plus + Env\u00edo a domicilio + Pago seguro + Garant\u00eda\",\"breadcrumb\":{\"@id\":\"https:\/\/compuviper.mx\/tienda\/producto\/dahua-dh-ipc-hfw3441t-zs-s2-camara-ip-bullet-de-4-mp-wizsense-lente-motorizado-de-2-7-a-13-5mm-ir-de-60-metros-h-265-wdr-real-proteccin-perimetral-ip67-poe-smd-plus\/#breadcrumb\"},\"inLanguage\":\"es-MX\",\"potentialAction\":[{\"@type\":\"ReadAction\",\"target\":[\"https:\/\/compuviper.mx\/tienda\/producto\/dahua-dh-ipc-hfw3441t-zs-s2-camara-ip-bullet-de-4-mp-wizsense-lente-motorizado-de-2-7-a-13-5mm-ir-de-60-metros-h-265-wdr-real-proteccin-perimetral-ip67-poe-smd-plus\/\"]}]},{\"@type\":\"BreadcrumbList\",\"@id\":\"https:\/\/compuviper.mx\/tienda\/producto\/dahua-dh-ipc-hfw3441t-zs-s2-camara-ip-bullet-de-4-mp-wizsense-lente-motorizado-de-2-7-a-13-5mm-ir-de-60-metros-h-265-wdr-real-proteccin-perimetral-ip67-poe-smd-plus\/#breadcrumb\",\"itemListElement\":[{\"@type\":\"ListItem\",\"position\":1,\"name\":\"Inicio\",\"item\":\"https:\/\/compuviper.mx\/tienda\/\"},{\"@type\":\"ListItem\",\"position\":2,\"name\":\"Productos\",\"item\":\"https:\/\/compuviper.mx\/tienda\/productos\/\"},{\"@type\":\"ListItem\",\"position\":3,\"name\":\"Camaras\",\"item\":\"https:\/\/compuviper.mx\/tienda\/categoria-producto\/camaras-2\/\"},{\"@type\":\"ListItem\",\"position\":4,\"name\":\"Camara De Videovigilancia\",\"item\":\"https:\/\/compuviper.mx\/tienda\/categoria-producto\/camaras-2\/camara-de-videovigilancia\/\"},{\"@type\":\"ListItem\",\"position\":5,\"name\":\"Dahua Dh-ipc-hfw3441t-zs-s2 Camara Ip\/ \/\/bullet De 4 Mp\/ Wizsense\/ Lente Motorizado De 2.7 A 13.5mm\/ Ir De 60 Metros\/ H.265\/ Wdr Real\/ Proteccin Perimetral\/ Ip67\/ Poe\/ Smd Plus\"}]},{\"@type\":\"WebSite\",\"@id\":\"https:\/\/compuviper.mx\/tienda\/#website\",\"url\":\"https:\/\/compuviper.mx\/tienda\/\",\"name\":\"Compuviper\",\"description\":\"Proveedor de Computadoras, Laptops, Servidores, Monitores, Puntos de Venta, Teclados,   Impresoras, T\u00f3ner, C\u00e1maras de Seguridad y m\u00e1s en tu tienda en l\u00ednea\",\"publisher\":{\"@id\":\"https:\/\/compuviper.mx\/tienda\/#organization\"},\"potentialAction\":[{\"@type\":\"SearchAction\",\"target\":{\"@type\":\"EntryPoint\",\"urlTemplate\":\"https:\/\/compuviper.mx\/tienda\/?s={search_term_string}\"},\"query-input\":\"required name=search_term_string\"}],\"inLanguage\":\"es-MX\"},{\"@type\":\"Organization\",\"@id\":\"https:\/\/compuviper.mx\/tienda\/#organization\",\"name\":\"Compuviper\",\"url\":\"https:\/\/compuviper.mx\/tienda\/\",\"logo\":{\"@type\":\"ImageObject\",\"inLanguage\":\"es-MX\",\"@id\":\"https:\/\/compuviper.mx\/tienda\/#\/schema\/logo\/image\/\",\"url\":\"https:\/\/compuviper.mx\/tienda\/wp-content\/uploads\/2021\/08\/Logo-Compuviper-10.png\",\"contentUrl\":\"https:\/\/compuviper.mx\/tienda\/wp-content\/uploads\/2021\/08\/Logo-Compuviper-10.png\",\"width\":1000,\"height\":500,\"caption\":\"Compuviper\"},\"image\":{\"@id\":\"https:\/\/compuviper.mx\/tienda\/#\/schema\/logo\/image\/\"},\"sameAs\":[\"https:\/\/www.facebook.com\/compuviper\",\"https:\/\/www.youtube.com\/channel\/UCf73dERp9Y3cfOq7q8BhLjA?view_as=subscriber\"]}]}<\/script>\n<meta property=\"product:brand\" content=\"DAHUA\" \/>\n<meta property=\"product:price:amount\" content=\"3503\" \/>\n<meta property=\"product:price:currency\" content=\"MXN\" \/>\n<meta property=\"og:availability\" content=\"backorder\" \/>\n<meta property=\"product:availability\" content=\"available for order\" \/>\n<meta property=\"product:retailer_item_id\" content=\"DH-IPC-HFW3441T-ZS-S2\" \/>\n<meta property=\"product:condition\" content=\"new\" \/>\n<!-- \/ Yoast SEO plugin. -->","yoast_head_json":{"title":"[ Dahua ] &#129351; Dh-ipc-hfw3441t-zs-s2 Camara Ip\/ \/\/bullet De 4 Mp\/ Wizsense\/ Lente Motorizado De 2.7 A 13.5mm\/ Ir De 60 Metros\/ H.265\/ Wdr Real\/ Proteccin Perimetral\/ Ip67\/ Poe\/ Smd Plus","description":"Compra Dh-ipc-hfw3441t-zs-s2 Camara Ip\/ \/\/bullet De 4 Mp\/ Wizsense\/ Lente Motorizado De 2.7 A 13.5mm\/ Ir De 60 Metros\/ H.265\/ Wdr Real\/ Proteccin Perimetral\/ Ip67\/ Poe\/ Smd Plus + Env\u00edo a domicilio + Pago seguro + Garant\u00eda","robots":{"index":"index","follow":"follow","max-snippet":"max-snippet:-1","max-image-preview":"max-image-preview:large","max-video-preview":"max-video-preview:-1"},"canonical":"https:\/\/compuviper.mx\/tienda\/producto\/dahua-dh-ipc-hfw3441t-zs-s2-camara-ip-bullet-de-4-mp-wizsense-lente-motorizado-de-2-7-a-13-5mm-ir-de-60-metros-h-265-wdr-real-proteccin-perimetral-ip67-poe-smd-plus\/","og_locale":"es_MX","og_type":"article","og_title":"[ Dahua ] &#129351; Dh-ipc-hfw3441t-zs-s2 Camara Ip\/ \/\/bullet De 4 Mp\/ Wizsense\/ Lente Motorizado De 2.7 A 13.5mm\/ Ir De 60 Metros\/ H.265\/ Wdr Real\/ Proteccin Perimetral\/ Ip67\/ Poe\/ Smd Plus","og_description":"Compra Dh-ipc-hfw3441t-zs-s2 Camara Ip\/ \/\/bullet De 4 Mp\/ Wizsense\/ Lente Motorizado De 2.7 A 13.5mm\/ Ir De 60 Metros\/ H.265\/ Wdr Real\/ Proteccin Perimetral\/ Ip67\/ Poe\/ Smd Plus + Env\u00edo a domicilio + Pago seguro + Garant\u00eda","og_url":"https:\/\/compuviper.mx\/tienda\/producto\/dahua-dh-ipc-hfw3441t-zs-s2-camara-ip-bullet-de-4-mp-wizsense-lente-motorizado-de-2-7-a-13-5mm-ir-de-60-metros-h-265-wdr-real-proteccin-perimetral-ip67-poe-smd-plus\/","og_site_name":"Compuviper","article_publisher":"https:\/\/www.facebook.com\/compuviper","og_image":[{"width":200,"height":200,"url":"https:\/\/compuviper.mx\/tienda\/wp-content\/uploads\/2024\/05\/Camara-ip-dahuadh-ipc-hfw3441t-zs-s2bullet-de-4-mp-wizsense-lente-motorizado-de-2.7-a-13.5mm-ir-de-60-metros-h.265-wdr-real-proteccion-perimetral-ip67-poe-smd-plus.jpg","type":"image\/jpeg"}],"twitter_card":"summary_large_image","twitter_misc":{"Precio":"&#36;3,503 con IVA","Availability":"On backorder"},"schema":{"@context":"https:\/\/schema.org","@graph":[{"@type":"WebPage","@id":"https:\/\/compuviper.mx\/tienda\/producto\/dahua-dh-ipc-hfw3441t-zs-s2-camara-ip-bullet-de-4-mp-wizsense-lente-motorizado-de-2-7-a-13-5mm-ir-de-60-metros-h-265-wdr-real-proteccin-perimetral-ip67-poe-smd-plus\/","url":"https:\/\/compuviper.mx\/tienda\/producto\/dahua-dh-ipc-hfw3441t-zs-s2-camara-ip-bullet-de-4-mp-wizsense-lente-motorizado-de-2-7-a-13-5mm-ir-de-60-metros-h-265-wdr-real-proteccin-perimetral-ip67-poe-smd-plus\/","name":"[ Dahua ] &#129351; Dh-ipc-hfw3441t-zs-s2 Camara Ip\/ \/\/bullet De 4 Mp\/ Wizsense\/ Lente Motorizado De 2.7 A 13.5mm\/ Ir De 60 Metros\/ H.265\/ Wdr Real\/ Proteccin Perimetral\/ Ip67\/ Poe\/ Smd Plus","isPartOf":{"@id":"https:\/\/compuviper.mx\/tienda\/#website"},"datePublished":"2026-04-23T06:14:12+00:00","dateModified":"2026-04-23T06:14:12+00:00","description":"Compra Dh-ipc-hfw3441t-zs-s2 Camara Ip\/ \/\/bullet De 4 Mp\/ Wizsense\/ Lente Motorizado De 2.7 A 13.5mm\/ Ir De 60 Metros\/ H.265\/ Wdr Real\/ Proteccin Perimetral\/ Ip67\/ Poe\/ Smd Plus + Env\u00edo a domicilio + Pago seguro + Garant\u00eda","breadcrumb":{"@id":"https:\/\/compuviper.mx\/tienda\/producto\/dahua-dh-ipc-hfw3441t-zs-s2-camara-ip-bullet-de-4-mp-wizsense-lente-motorizado-de-2-7-a-13-5mm-ir-de-60-metros-h-265-wdr-real-proteccin-perimetral-ip67-poe-smd-plus\/#breadcrumb"},"inLanguage":"es-MX","potentialAction":[{"@type":"ReadAction","target":["https:\/\/compuviper.mx\/tienda\/producto\/dahua-dh-ipc-hfw3441t-zs-s2-camara-ip-bullet-de-4-mp-wizsense-lente-motorizado-de-2-7-a-13-5mm-ir-de-60-metros-h-265-wdr-real-proteccin-perimetral-ip67-poe-smd-plus\/"]}]},{"@type":"BreadcrumbList","@id":"https:\/\/compuviper.mx\/tienda\/producto\/dahua-dh-ipc-hfw3441t-zs-s2-camara-ip-bullet-de-4-mp-wizsense-lente-motorizado-de-2-7-a-13-5mm-ir-de-60-metros-h-265-wdr-real-proteccin-perimetral-ip67-poe-smd-plus\/#breadcrumb","itemListElement":[{"@type":"ListItem","position":1,"name":"Inicio","item":"https:\/\/compuviper.mx\/tienda\/"},{"@type":"ListItem","position":2,"name":"Productos","item":"https:\/\/compuviper.mx\/tienda\/productos\/"},{"@type":"ListItem","position":3,"name":"Camaras","item":"https:\/\/compuviper.mx\/tienda\/categoria-producto\/camaras-2\/"},{"@type":"ListItem","position":4,"name":"Camara De Videovigilancia","item":"https:\/\/compuviper.mx\/tienda\/categoria-producto\/camaras-2\/camara-de-videovigilancia\/"},{"@type":"ListItem","position":5,"name":"Dahua Dh-ipc-hfw3441t-zs-s2 Camara Ip\/ \/\/bullet De 4 Mp\/ Wizsense\/ Lente Motorizado De 2.7 A 13.5mm\/ Ir De 60 Metros\/ H.265\/ Wdr Real\/ Proteccin Perimetral\/ Ip67\/ Poe\/ Smd Plus"}]},{"@type":"WebSite","@id":"https:\/\/compuviper.mx\/tienda\/#website","url":"https:\/\/compuviper.mx\/tienda\/","name":"Compuviper","description":"Proveedor de Computadoras, Laptops, Servidores, Monitores, Puntos de Venta, Teclados,   Impresoras, T\u00f3ner, C\u00e1maras de Seguridad y m\u00e1s en tu tienda en l\u00ednea","publisher":{"@id":"https:\/\/compuviper.mx\/tienda\/#organization"},"potentialAction":[{"@type":"SearchAction","target":{"@type":"EntryPoint","urlTemplate":"https:\/\/compuviper.mx\/tienda\/?s={search_term_string}"},"query-input":"required name=search_term_string"}],"inLanguage":"es-MX"},{"@type":"Organization","@id":"https:\/\/compuviper.mx\/tienda\/#organization","name":"Compuviper","url":"https:\/\/compuviper.mx\/tienda\/","logo":{"@type":"ImageObject","inLanguage":"es-MX","@id":"https:\/\/compuviper.mx\/tienda\/#\/schema\/logo\/image\/","url":"https:\/\/compuviper.mx\/tienda\/wp-content\/uploads\/2021\/08\/Logo-Compuviper-10.png","contentUrl":"https:\/\/compuviper.mx\/tienda\/wp-content\/uploads\/2021\/08\/Logo-Compuviper-10.png","width":1000,"height":500,"caption":"Compuviper"},"image":{"@id":"https:\/\/compuviper.mx\/tienda\/#\/schema\/logo\/image\/"},"sameAs":["https:\/\/www.facebook.com\/compuviper","https:\/\/www.youtube.com\/channel\/UCf73dERp9Y3cfOq7q8BhLjA?view_as=subscriber"]}]},"product_brand":"DAHUA","product_price_amount":"3503","product_price_currency":"MXN","og_availability":"backorder","product_availability":"available for order","product_retailer_item_id":"DH-IPC-HFW3441T-ZS-S2","product_condition":"new"},"_links":{"self":[{"href":"https:\/\/compuviper.mx\/tienda\/wp-json\/wp\/v2\/product\/232678"}],"collection":[{"href":"https:\/\/compuviper.mx\/tienda\/wp-json\/wp\/v2\/product"}],"about":[{"href":"https:\/\/compuviper.mx\/tienda\/wp-json\/wp\/v2\/types\/product"}],"replies":[{"embeddable":true,"href":"https:\/\/compuviper.mx\/tienda\/wp-json\/wp\/v2\/comments?post=232678"}],"wp:featuredmedia":[{"embeddable":true,"href":"https:\/\/compuviper.mx\/tienda\/wp-json\/wp\/v2\/media\/233957"}],"wp:attachment":[{"href":"https:\/\/compuviper.mx\/tienda\/wp-json\/wp\/v2\/media?parent=232678"}],"wp:term":[{"taxonomy":"product_cat","embeddable":true,"href":"https:\/\/compuviper.mx\/tienda\/wp-json\/wp\/v2\/product_cat?post=232678"},{"taxonomy":"product_tag","embeddable":true,"href":"https:\/\/compuviper.mx\/tienda\/wp-json\/wp\/v2\/product_tag?post=232678"}],"curies":[{"name":"wp","href":"https:\/\/api.w.org\/{rel}","templated":true}]}}