{"id":232634,"date":"2026-04-25T00:53:01","date_gmt":"2026-04-25T06:53:01","guid":{"rendered":"https:\/\/compuviper.mx\/tienda\/producto\/tech-zone-accesorios-tzmouina-06-mouse-techzone-inalambrico-recargable-ergono-02-vertical-2-4ghz-hasta-1600-dpi\/"},"modified":"2026-04-26T00:00:22","modified_gmt":"2026-04-26T06:00:22","slug":"tech-zone-accesorios-tzmouina-06-mouse-techzone-inalambrico-recargable-ergono-02-vertical-2-4ghz-hasta-1600-dpi","status":"publish","type":"product","link":"https:\/\/compuviper.mx\/tienda\/producto\/tech-zone-accesorios-tzmouina-06-mouse-techzone-inalambrico-recargable-ergono-02-vertical-2-4ghz-hasta-1600-dpi\/","title":{"rendered":"Tech Zone Accesorios Tzmouina-06 Mouse Techzone  Inalambrico Recargable Ergono 02 Vertical 2.4ghz Hasta 1600 Dpi"},"content":{"rendered":"<table class=\"descripcion\">\n<tr>\n<td>Especificaciones<\/td>\n<\/tr>\n<tr>\n<td>&#8211; tipo de conexion: bluetooh &#8211; wireless 2.4 gz<\/td>\n<\/tr>\n<tr>\n<td>&#8211; alcance: 10 m<\/td>\n<\/tr>\n<tr>\n<td>&#8211; tecnologia del sensor: optico<\/td>\n<\/tr>\n<tr>\n<td>&#8211; numero de botones: 6 (derecho, izquierdo, scroll, dpi, y 2 laterales de navegacion)<\/td>\n<\/tr>\n<tr>\n<td>&#8211; bateria recargable 500 mah<\/td>\n<\/tr>\n<tr>\n<td>&#8211; tiempo de carga 2 hrs<\/td>\n<\/tr>\n<tr>\n<td>&#8211; compatibilidad: windows\u00ae  y macos\u00ae<\/td>\n<\/tr>\n<\/table>\n","protected":false},"excerpt":{"rendered":"<p>Dale fluidez a tu trabajo con la comoda forma de este mouse ergonomico con bateria recargable. La opcion de conectarte por medio de bluetooth y con receptor usb te permite trabajar sin detenerte durante horas. No necesita instalador, conecta y usa<\/p>\n","protected":false},"featured_media":234195,"comment_status":"open","ping_status":"open","template":"","meta":[],"product_cat":[1748,1749],"product_tag":[2233],"acf":[],"yoast_head":"<!-- This site is optimized with the Yoast SEO plugin v21.7 - https:\/\/yoast.com\/wordpress\/plugins\/seo\/ -->\n<title>[ Tech Zone Accesorios ] &#129351; Tzmouina-06 Mouse Techzone Inalambrico Recargable Ergono 02 Vertical 2.4ghz Hasta 1600 Dpi<\/title>\n<meta name=\"description\" content=\"Compra Tzmouina-06 Mouse Techzone Inalambrico Recargable Ergono 02 Vertical 2.4ghz Hasta 1600 Dpi + Env\u00edo a domicilio + Pago seguro + Garant\u00eda\" \/>\n<meta name=\"robots\" content=\"index, follow, max-snippet:-1, max-image-preview:large, max-video-preview:-1\" \/>\n<link rel=\"canonical\" href=\"https:\/\/compuviper.mx\/tienda\/producto\/tech-zone-accesorios-tzmouina-06-mouse-techzone-inalambrico-recargable-ergono-02-vertical-2-4ghz-hasta-1600-dpi\/\" \/>\n<meta property=\"og:locale\" content=\"es_MX\" \/>\n<meta property=\"og:type\" content=\"article\" \/>\n<meta property=\"og:title\" content=\"[ Tech Zone Accesorios ] &#129351; Tzmouina-06 Mouse Techzone Inalambrico Recargable Ergono 02 Vertical 2.4ghz Hasta 1600 Dpi\" \/>\n<meta property=\"og:description\" content=\"Compra Tzmouina-06 Mouse Techzone Inalambrico Recargable Ergono 02 Vertical 2.4ghz Hasta 1600 Dpi + Env\u00edo a domicilio + Pago seguro + Garant\u00eda\" \/>\n<meta property=\"og:url\" content=\"https:\/\/compuviper.mx\/tienda\/producto\/tech-zone-accesorios-tzmouina-06-mouse-techzone-inalambrico-recargable-ergono-02-vertical-2-4ghz-hasta-1600-dpi\/\" \/>\n<meta property=\"og:site_name\" content=\"Compuviper\" \/>\n<meta property=\"article:publisher\" content=\"https:\/\/www.facebook.com\/compuviper\" \/>\n<meta property=\"article:modified_time\" content=\"2026-04-26T06:00:22+00:00\" \/>\n<meta property=\"og:image\" content=\"https:\/\/compuviper.mx\/tienda\/wp-content\/uploads\/2024\/05\/Mouse-techzone-tzmouina-06-inalambrico-recargable-ergono-02-vertical-2.4ghz-hasta-1600-dpi.jpg\" \/>\n\t<meta property=\"og:image:width\" content=\"200\" \/>\n\t<meta property=\"og:image:height\" content=\"200\" \/>\n\t<meta property=\"og:image:type\" content=\"image\/jpeg\" \/>\n<meta name=\"twitter:card\" content=\"summary_large_image\" \/>\n<meta name=\"twitter:label1\" content=\"Precio\" \/>\n\t<meta name=\"twitter:data1\" content=\"&#36;283 con IVA\" \/>\n\t<meta name=\"twitter:label2\" content=\"Availability\" \/>\n\t<meta name=\"twitter:data2\" content=\"In stock\" \/>\n<script type=\"application\/ld+json\" class=\"yoast-schema-graph\">{\"@context\":\"https:\/\/schema.org\",\"@graph\":[{\"@type\":\"WebPage\",\"@id\":\"https:\/\/compuviper.mx\/tienda\/producto\/tech-zone-accesorios-tzmouina-06-mouse-techzone-inalambrico-recargable-ergono-02-vertical-2-4ghz-hasta-1600-dpi\/\",\"url\":\"https:\/\/compuviper.mx\/tienda\/producto\/tech-zone-accesorios-tzmouina-06-mouse-techzone-inalambrico-recargable-ergono-02-vertical-2-4ghz-hasta-1600-dpi\/\",\"name\":\"[ Tech Zone Accesorios ] &#129351; Tzmouina-06 Mouse Techzone Inalambrico Recargable Ergono 02 Vertical 2.4ghz Hasta 1600 Dpi\",\"isPartOf\":{\"@id\":\"https:\/\/compuviper.mx\/tienda\/#website\"},\"datePublished\":\"2026-04-25T06:53:01+00:00\",\"dateModified\":\"2026-04-26T06:00:22+00:00\",\"description\":\"Compra Tzmouina-06 Mouse Techzone Inalambrico Recargable Ergono 02 Vertical 2.4ghz Hasta 1600 Dpi + Env\u00edo a domicilio + Pago seguro + Garant\u00eda\",\"breadcrumb\":{\"@id\":\"https:\/\/compuviper.mx\/tienda\/producto\/tech-zone-accesorios-tzmouina-06-mouse-techzone-inalambrico-recargable-ergono-02-vertical-2-4ghz-hasta-1600-dpi\/#breadcrumb\"},\"inLanguage\":\"es-MX\",\"potentialAction\":[{\"@type\":\"ReadAction\",\"target\":[\"https:\/\/compuviper.mx\/tienda\/producto\/tech-zone-accesorios-tzmouina-06-mouse-techzone-inalambrico-recargable-ergono-02-vertical-2-4ghz-hasta-1600-dpi\/\"]}]},{\"@type\":\"BreadcrumbList\",\"@id\":\"https:\/\/compuviper.mx\/tienda\/producto\/tech-zone-accesorios-tzmouina-06-mouse-techzone-inalambrico-recargable-ergono-02-vertical-2-4ghz-hasta-1600-dpi\/#breadcrumb\",\"itemListElement\":[{\"@type\":\"ListItem\",\"position\":1,\"name\":\"Inicio\",\"item\":\"https:\/\/compuviper.mx\/tienda\/\"},{\"@type\":\"ListItem\",\"position\":2,\"name\":\"Productos\",\"item\":\"https:\/\/compuviper.mx\/tienda\/productos\/\"},{\"@type\":\"ListItem\",\"position\":3,\"name\":\"Mouse\",\"item\":\"https:\/\/compuviper.mx\/tienda\/categoria-producto\/mouse\/\"},{\"@type\":\"ListItem\",\"position\":4,\"name\":\"Optico\",\"item\":\"https:\/\/compuviper.mx\/tienda\/categoria-producto\/mouse\/optico\/\"},{\"@type\":\"ListItem\",\"position\":5,\"name\":\"Tech Zone Accesorios Tzmouina-06 Mouse Techzone Inalambrico Recargable Ergono 02 Vertical 2.4ghz Hasta 1600 Dpi\"}]},{\"@type\":\"WebSite\",\"@id\":\"https:\/\/compuviper.mx\/tienda\/#website\",\"url\":\"https:\/\/compuviper.mx\/tienda\/\",\"name\":\"Compuviper\",\"description\":\"Proveedor de Computadoras, Laptops, Servidores, Monitores, Puntos de Venta, Teclados,   Impresoras, T\u00f3ner, C\u00e1maras de Seguridad y m\u00e1s en tu tienda en l\u00ednea\",\"publisher\":{\"@id\":\"https:\/\/compuviper.mx\/tienda\/#organization\"},\"potentialAction\":[{\"@type\":\"SearchAction\",\"target\":{\"@type\":\"EntryPoint\",\"urlTemplate\":\"https:\/\/compuviper.mx\/tienda\/?s={search_term_string}\"},\"query-input\":\"required name=search_term_string\"}],\"inLanguage\":\"es-MX\"},{\"@type\":\"Organization\",\"@id\":\"https:\/\/compuviper.mx\/tienda\/#organization\",\"name\":\"Compuviper\",\"url\":\"https:\/\/compuviper.mx\/tienda\/\",\"logo\":{\"@type\":\"ImageObject\",\"inLanguage\":\"es-MX\",\"@id\":\"https:\/\/compuviper.mx\/tienda\/#\/schema\/logo\/image\/\",\"url\":\"https:\/\/compuviper.mx\/tienda\/wp-content\/uploads\/2021\/08\/Logo-Compuviper-10.png\",\"contentUrl\":\"https:\/\/compuviper.mx\/tienda\/wp-content\/uploads\/2021\/08\/Logo-Compuviper-10.png\",\"width\":1000,\"height\":500,\"caption\":\"Compuviper\"},\"image\":{\"@id\":\"https:\/\/compuviper.mx\/tienda\/#\/schema\/logo\/image\/\"},\"sameAs\":[\"https:\/\/www.facebook.com\/compuviper\",\"https:\/\/www.youtube.com\/channel\/UCf73dERp9Y3cfOq7q8BhLjA?view_as=subscriber\"]}]}<\/script>\n<meta property=\"product:brand\" content=\"Tech Zone Accesorios\" \/>\n<meta property=\"product:price:amount\" content=\"283\" \/>\n<meta property=\"product:price:currency\" content=\"MXN\" \/>\n<meta property=\"og:availability\" content=\"instock\" \/>\n<meta property=\"product:availability\" content=\"instock\" \/>\n<meta property=\"product:retailer_item_id\" content=\"TZMOUINA-06\" \/>\n<meta property=\"product:condition\" content=\"new\" \/>\n<!-- \/ Yoast SEO plugin. -->","yoast_head_json":{"title":"[ Tech Zone Accesorios ] &#129351; Tzmouina-06 Mouse Techzone Inalambrico Recargable Ergono 02 Vertical 2.4ghz Hasta 1600 Dpi","description":"Compra Tzmouina-06 Mouse Techzone Inalambrico Recargable Ergono 02 Vertical 2.4ghz Hasta 1600 Dpi + Env\u00edo a domicilio + Pago seguro + Garant\u00eda","robots":{"index":"index","follow":"follow","max-snippet":"max-snippet:-1","max-image-preview":"max-image-preview:large","max-video-preview":"max-video-preview:-1"},"canonical":"https:\/\/compuviper.mx\/tienda\/producto\/tech-zone-accesorios-tzmouina-06-mouse-techzone-inalambrico-recargable-ergono-02-vertical-2-4ghz-hasta-1600-dpi\/","og_locale":"es_MX","og_type":"article","og_title":"[ Tech Zone Accesorios ] &#129351; Tzmouina-06 Mouse Techzone Inalambrico Recargable Ergono 02 Vertical 2.4ghz Hasta 1600 Dpi","og_description":"Compra Tzmouina-06 Mouse Techzone Inalambrico Recargable Ergono 02 Vertical 2.4ghz Hasta 1600 Dpi + Env\u00edo a domicilio + Pago seguro + Garant\u00eda","og_url":"https:\/\/compuviper.mx\/tienda\/producto\/tech-zone-accesorios-tzmouina-06-mouse-techzone-inalambrico-recargable-ergono-02-vertical-2-4ghz-hasta-1600-dpi\/","og_site_name":"Compuviper","article_publisher":"https:\/\/www.facebook.com\/compuviper","article_modified_time":"2026-04-26T06:00:22+00:00","og_image":[{"width":200,"height":200,"url":"https:\/\/compuviper.mx\/tienda\/wp-content\/uploads\/2024\/05\/Mouse-techzone-tzmouina-06-inalambrico-recargable-ergono-02-vertical-2.4ghz-hasta-1600-dpi.jpg","type":"image\/jpeg"}],"twitter_card":"summary_large_image","twitter_misc":{"Precio":"&#36;283 con IVA","Availability":"In stock"},"schema":{"@context":"https:\/\/schema.org","@graph":[{"@type":"WebPage","@id":"https:\/\/compuviper.mx\/tienda\/producto\/tech-zone-accesorios-tzmouina-06-mouse-techzone-inalambrico-recargable-ergono-02-vertical-2-4ghz-hasta-1600-dpi\/","url":"https:\/\/compuviper.mx\/tienda\/producto\/tech-zone-accesorios-tzmouina-06-mouse-techzone-inalambrico-recargable-ergono-02-vertical-2-4ghz-hasta-1600-dpi\/","name":"[ Tech Zone Accesorios ] &#129351; Tzmouina-06 Mouse Techzone Inalambrico Recargable Ergono 02 Vertical 2.4ghz Hasta 1600 Dpi","isPartOf":{"@id":"https:\/\/compuviper.mx\/tienda\/#website"},"datePublished":"2026-04-25T06:53:01+00:00","dateModified":"2026-04-26T06:00:22+00:00","description":"Compra Tzmouina-06 Mouse Techzone Inalambrico Recargable Ergono 02 Vertical 2.4ghz Hasta 1600 Dpi + Env\u00edo a domicilio + Pago seguro + Garant\u00eda","breadcrumb":{"@id":"https:\/\/compuviper.mx\/tienda\/producto\/tech-zone-accesorios-tzmouina-06-mouse-techzone-inalambrico-recargable-ergono-02-vertical-2-4ghz-hasta-1600-dpi\/#breadcrumb"},"inLanguage":"es-MX","potentialAction":[{"@type":"ReadAction","target":["https:\/\/compuviper.mx\/tienda\/producto\/tech-zone-accesorios-tzmouina-06-mouse-techzone-inalambrico-recargable-ergono-02-vertical-2-4ghz-hasta-1600-dpi\/"]}]},{"@type":"BreadcrumbList","@id":"https:\/\/compuviper.mx\/tienda\/producto\/tech-zone-accesorios-tzmouina-06-mouse-techzone-inalambrico-recargable-ergono-02-vertical-2-4ghz-hasta-1600-dpi\/#breadcrumb","itemListElement":[{"@type":"ListItem","position":1,"name":"Inicio","item":"https:\/\/compuviper.mx\/tienda\/"},{"@type":"ListItem","position":2,"name":"Productos","item":"https:\/\/compuviper.mx\/tienda\/productos\/"},{"@type":"ListItem","position":3,"name":"Mouse","item":"https:\/\/compuviper.mx\/tienda\/categoria-producto\/mouse\/"},{"@type":"ListItem","position":4,"name":"Optico","item":"https:\/\/compuviper.mx\/tienda\/categoria-producto\/mouse\/optico\/"},{"@type":"ListItem","position":5,"name":"Tech Zone Accesorios Tzmouina-06 Mouse Techzone Inalambrico Recargable Ergono 02 Vertical 2.4ghz Hasta 1600 Dpi"}]},{"@type":"WebSite","@id":"https:\/\/compuviper.mx\/tienda\/#website","url":"https:\/\/compuviper.mx\/tienda\/","name":"Compuviper","description":"Proveedor de Computadoras, Laptops, Servidores, Monitores, Puntos de Venta, Teclados,   Impresoras, T\u00f3ner, C\u00e1maras de Seguridad y m\u00e1s en tu tienda en l\u00ednea","publisher":{"@id":"https:\/\/compuviper.mx\/tienda\/#organization"},"potentialAction":[{"@type":"SearchAction","target":{"@type":"EntryPoint","urlTemplate":"https:\/\/compuviper.mx\/tienda\/?s={search_term_string}"},"query-input":"required name=search_term_string"}],"inLanguage":"es-MX"},{"@type":"Organization","@id":"https:\/\/compuviper.mx\/tienda\/#organization","name":"Compuviper","url":"https:\/\/compuviper.mx\/tienda\/","logo":{"@type":"ImageObject","inLanguage":"es-MX","@id":"https:\/\/compuviper.mx\/tienda\/#\/schema\/logo\/image\/","url":"https:\/\/compuviper.mx\/tienda\/wp-content\/uploads\/2021\/08\/Logo-Compuviper-10.png","contentUrl":"https:\/\/compuviper.mx\/tienda\/wp-content\/uploads\/2021\/08\/Logo-Compuviper-10.png","width":1000,"height":500,"caption":"Compuviper"},"image":{"@id":"https:\/\/compuviper.mx\/tienda\/#\/schema\/logo\/image\/"},"sameAs":["https:\/\/www.facebook.com\/compuviper","https:\/\/www.youtube.com\/channel\/UCf73dERp9Y3cfOq7q8BhLjA?view_as=subscriber"]}]},"product_brand":"Tech Zone Accesorios","product_price_amount":"283","product_price_currency":"MXN","og_availability":"instock","product_availability":"instock","product_retailer_item_id":"TZMOUINA-06","product_condition":"new"},"_links":{"self":[{"href":"https:\/\/compuviper.mx\/tienda\/wp-json\/wp\/v2\/product\/232634"}],"collection":[{"href":"https:\/\/compuviper.mx\/tienda\/wp-json\/wp\/v2\/product"}],"about":[{"href":"https:\/\/compuviper.mx\/tienda\/wp-json\/wp\/v2\/types\/product"}],"replies":[{"embeddable":true,"href":"https:\/\/compuviper.mx\/tienda\/wp-json\/wp\/v2\/comments?post=232634"}],"wp:featuredmedia":[{"embeddable":true,"href":"https:\/\/compuviper.mx\/tienda\/wp-json\/wp\/v2\/media\/234195"}],"wp:attachment":[{"href":"https:\/\/compuviper.mx\/tienda\/wp-json\/wp\/v2\/media?parent=232634"}],"wp:term":[{"taxonomy":"product_cat","embeddable":true,"href":"https:\/\/compuviper.mx\/tienda\/wp-json\/wp\/v2\/product_cat?post=232634"},{"taxonomy":"product_tag","embeddable":true,"href":"https:\/\/compuviper.mx\/tienda\/wp-json\/wp\/v2\/product_tag?post=232634"}],"curies":[{"name":"wp","href":"https:\/\/api.w.org\/{rel}","templated":true}]}}