{"id":232628,"date":"2026-04-18T00:17:30","date_gmt":"2026-04-18T06:17:30","guid":{"rendered":"https:\/\/compuviper.mx\/tienda\/producto\/dahua-picoo-a59u-da-cmara-ip-wi-fi-camara-pt-de-red-inalmbrica-de-5mp-ip66-deteccion-de-personas-monitoreo-remoto-p5ae-pv-0400b\/"},"modified":"2026-04-19T00:00:06","modified_gmt":"2026-04-19T06:00:06","slug":"dahua-picoo-a59u-da-cmara-ip-wi-fi-camara-pt-de-red-inalmbrica-de-5mp-ip66-deteccion-de-personas-monitoreo-remoto-p5ae-pv-0400b","status":"publish","type":"product","link":"https:\/\/compuviper.mx\/tienda\/producto\/dahua-picoo-a59u-da-cmara-ip-wi-fi-camara-pt-de-red-inalmbrica-de-5mp-ip66-deteccion-de-personas-monitoreo-remoto-p5ae-pv-0400b\/","title":{"rendered":"Dahua Picoo-a59u-da C?mara Ip Wi-fi\/ \/ \/\/ Camara Pt De Red Inal?mbrica De 5mp\/ Ip66\/ Deteccion De Personas\/monitoreo Remoto\/ P5ae-pv-0400b"},"content":{"rendered":"<table class=\"descripcion\">\n<tr>\n<td>C\u00e1mara<\/td>\n<\/tr>\n<tr>\n<td>Sensor de imagen  cmos de 1\/2,8<\/td>\n<\/tr>\n<tr>\n<td>Resolucion: 5mp<\/td>\n<\/tr>\n<tr>\n<td>M\u00e1x. resolucin  2560 alto  1920v<\/td>\n<\/tr>\n<tr>\n<td>Velocidad de obturacin electrnica  1 s\u00961\/100.000 s<\/td>\n<\/tr>\n<tr>\n<td>Leds:  2 luz infrarroja; 2 luz c\u00e1lida<\/td>\n<\/tr>\n<tr>\n<td>Lente<\/td>\n<\/tr>\n<tr>\n<td>Longitud focal  4,0 milmetros<\/td>\n<\/tr>\n<tr>\n<td>M\u00e1x. abertura f1.6<\/td>\n<\/tr>\n<tr>\n<td>Campo de visin  4,0 mm: alto: 80,4\u00b0; v: 58,1\u00b0; re: 104,8\u00b0<\/td>\n<\/tr>\n<tr>\n<td>Distancia de enfoque cercana 4,0 mm: 0,3 m 0,98 pies<\/td>\n<\/tr>\n<tr>\n<td>Pt<\/td>\n<\/tr>\n<tr>\n<td>Rango de giro\/inclinacin panor\u00e1mica: 0\u00b0 a 345\u00b0; inclinacin: 0\u00b0 a 80\u00b0<\/td>\n<\/tr>\n<tr>\n<td>Preestablecido 300<\/td>\n<\/tr>\n<tr>\n<td>Evento inteligente<\/td>\n<\/tr>\n<tr>\n<td>Ivs cable trampa; intrusin; seguimiento de enlaces<\/td>\n<\/tr>\n<tr>\n<td>Deteccin humana s<\/td>\n<\/tr>\n<tr>\n<td>Smd smd3.0<\/td>\n<\/tr>\n<tr>\n<td>Disuasin activa<\/td>\n<\/tr>\n<tr>\n<td>Advertencia de luz  advertencia de luz c\u00e1lida;<\/td>\n<\/tr>\n<tr>\n<td>Duracin del destello: 5 s\u009630 s; frecuencia de flash: alta, media, baja<\/td>\n<\/tr>\n<tr>\n<td>Advertencia sonora<\/td>\n<\/tr>\n<tr>\n<td>Ofrece 1 alarma sonora y se pueden importar 10 alarmas sonoras personalizadas;<\/td>\n<\/tr>\n<tr>\n<td>El sonido se puede configurar entre 0 y 100;<\/td>\n<\/tr>\n<tr>\n<td>Los tiempos de juego se pueden configurar del 1 al 10.<\/td>\n<\/tr>\n<tr>\n<td>Video<\/td>\n<\/tr>\n<tr>\n<td>Compresin de video inteligente h.265;h.265;inteligente h.264;h.264b;h.264m;h.264h;mjpegsubcorriente 1<\/td>\n<\/tr>\n<tr>\n<td>Resolucin 5m 2560  1920; 4m 2560  1440; 3m 2304  1296; 1080p 1920  1080; 720p 1280  720; d1 704  576\/704  480; cif 352  288\/352  240<\/td>\n<\/tr>\n<tr>\n<td>Velocidad de fotogramas de vdeo  transmisin principal: 5m\/4m\/3m\/1080p\/1,3m\/720p@1\u009625\/30 fps<\/td>\n<\/tr>\n<tr>\n<td>Subtransmisin 1: d1\/vga\/cif@1\u009625\/30 fps<\/td>\n<\/tr>\n<tr>\n<td>Transmisin principal: 5m\/4m\/3m\/1080p\/1,3m\/720p@1\u009625\/30 fps<\/td>\n<\/tr>\n<tr>\n<td>Subtransmisin 1: d1\/vga\/cif@1\u009625\/30 fps<\/td>\n<\/tr>\n<tr>\n<td>Bitrate de vdeo h264: 104 kbps-8192 kbps \/ h265: 41 kbps-8192 kbps<\/td>\n<\/tr>\n<tr>\n<td>Da\/noche  autom\u00e1tico icr; color\/b\/n<\/td>\n<\/tr>\n<tr>\n<td>Wdr  dwdr<\/td>\n<\/tr>\n<tr>\n<td>Rotacion de imagen  180\u00b0<\/td>\n<\/tr>\n<tr>\n<td>Audio<\/td>\n<\/tr>\n<tr>\n<td>Compresin de audio pcm; g.711a; g.711mu; g.726;<\/td>\n<\/tr>\n<tr>\n<td>Red<\/td>\n<\/tr>\n<tr>\n<td>Puerto de red  rj-45 10\/100 base-t<\/td>\n<\/tr>\n<tr>\n<td>Est\u00e1ndar wi-fi ieee802.11b;ieee802.11g;ieee802.11n<\/td>\n<\/tr>\n<tr>\n<td>Rango de frecuencia wi-fi  2,4 ghz<\/td>\n<\/tr>\n<tr>\n<td>Almacenamiento tarjeta micro sd 256 gb; ftp<\/td>\n<\/tr>\n<tr>\n<td>Navegador  ie: ie 7 y versiones posteriores; cromo; firefox; safari<\/td>\n<\/tr>\n<tr>\n<td>Software de gestin  pss inteligente;dmss;reproductor;configtool;nvr;reproductor inteligente<\/td>\n<\/tr>\n<tr>\n<td>Cliente mvil  ios; android<\/td>\n<\/tr>\n<tr>\n<td>Certificaciones  ce<\/td>\n<\/tr>\n<tr>\n<td>Energia<\/td>\n<\/tr>\n<tr>\n<td>Fuente de alimentacin 12 vcc, 1 a \u00b1 10  incluido<\/td>\n<\/tr>\n<tr>\n<td>Ambiente<\/td>\n<\/tr>\n<tr>\n<td>Temperatura de funcionamiento \u009630 \u00b0c a 55 \u00b0c \u009622 \u00b0f a 131 \u00b0f<\/td>\n<\/tr>\n<tr>\n<td>Humedad de funcionamiento   and 8804;95<\/td>\n<\/tr>\n<tr>\n<td>Estructura<\/td>\n<\/tr>\n<tr>\n<td>Dimensiones del producto  140,5 mm   and 934;111,0 mm 5,53   and 934;4,37<\/td>\n<\/tr>\n<tr>\n<td>Peso neto 0,5 kg 1,10 libras<\/td>\n<\/tr>\n<tr>\n<td>Peso bruto 1 kg 2,20 libras<\/td>\n<\/tr>\n<\/table>\n","protected":false},"excerpt":{"rendered":"<p>Informacion general. La serie active defense de pequeas c\u00e1maras pt eleva el listn del rendimiento. Despus de detectar una intrusin, activa alarmas sonoras y luminosas y luego transmite instant\u00e1neamente informacin vital sobre la intrusin al cliente mvil, mantenindolo informado sin importar dnde se encuentre. Admite conversacin bidireccional, lo que le permite comunicarse con personas frente a la c\u00e1mara en tiempo real. Tambin puede grabar videos a todo color e informacin de eventos clave utilizando iluminadores duales inteligentes, lo que reduce efectivamente la contaminacin lumnica<\/p>\n","protected":false},"featured_media":233955,"comment_status":"open","ping_status":"open","template":"","meta":[],"product_cat":[1681,1608],"product_tag":[1555],"acf":[],"yoast_head":"<!-- This site is optimized with the Yoast SEO plugin v21.7 - https:\/\/yoast.com\/wordpress\/plugins\/seo\/ -->\n<title>[ Dahua ] &#129351; Picoo-a59u-da C\u00e1mara Ip Wi-fi\/ \/ \/\/ Camara Pt De Red Inal\u00e1mbrica De 5mp\/ Ip66\/ Deteccion De Personas\/monitoreo Remoto\/ P5ae-pv-0400b<\/title>\n<meta name=\"description\" content=\"Compra Picoo-a59u-da C\u00e1mara Ip Wi-fi\/ \/ \/\/ Camara Pt De Red Inal\u00e1mbrica De 5mp\/ Ip66\/ Deteccion De Personas\/monitoreo Remoto\/ P5ae-pv-0400b + Env\u00edo a domicilio + Pago seguro + Garant\u00eda\" \/>\n<meta name=\"robots\" content=\"index, follow, max-snippet:-1, max-image-preview:large, max-video-preview:-1\" \/>\n<link rel=\"canonical\" href=\"https:\/\/compuviper.mx\/tienda\/producto\/dahua-picoo-a59u-da-cmara-ip-wi-fi-camara-pt-de-red-inalmbrica-de-5mp-ip66-deteccion-de-personas-monitoreo-remoto-p5ae-pv-0400b\/\" \/>\n<meta property=\"og:locale\" content=\"es_MX\" \/>\n<meta property=\"og:type\" content=\"article\" \/>\n<meta property=\"og:title\" content=\"[ Dahua ] &#129351; Picoo-a59u-da C\u00e1mara Ip Wi-fi\/ \/ \/\/ Camara Pt De Red Inal\u00e1mbrica De 5mp\/ Ip66\/ Deteccion De Personas\/monitoreo Remoto\/ P5ae-pv-0400b\" \/>\n<meta property=\"og:description\" content=\"Compra Picoo-a59u-da C\u00e1mara Ip Wi-fi\/ \/ \/\/ Camara Pt De Red Inal\u00e1mbrica De 5mp\/ Ip66\/ Deteccion De Personas\/monitoreo Remoto\/ P5ae-pv-0400b + Env\u00edo a domicilio + Pago seguro + Garant\u00eda\" \/>\n<meta property=\"og:url\" content=\"https:\/\/compuviper.mx\/tienda\/producto\/dahua-picoo-a59u-da-cmara-ip-wi-fi-camara-pt-de-red-inalmbrica-de-5mp-ip66-deteccion-de-personas-monitoreo-remoto-p5ae-pv-0400b\/\" \/>\n<meta property=\"og:site_name\" content=\"Compuviper\" \/>\n<meta property=\"article:publisher\" content=\"https:\/\/www.facebook.com\/compuviper\" \/>\n<meta property=\"article:modified_time\" content=\"2026-04-19T06:00:06+00:00\" \/>\n<meta property=\"og:image\" content=\"https:\/\/compuviper.mx\/tienda\/wp-content\/uploads\/2024\/05\/Camara-ip-wi-fi-dahua-picoo-a59u-da-camara-pt-de-red-inalambrica-de-5mp-ip66-deteccion-de-personasmonitoreo-remoto-p5ae-pv-0400b.jpg\" \/>\n\t<meta property=\"og:image:width\" content=\"200\" \/>\n\t<meta property=\"og:image:height\" content=\"200\" \/>\n\t<meta property=\"og:image:type\" content=\"image\/jpeg\" \/>\n<meta name=\"twitter:card\" content=\"summary_large_image\" \/>\n<meta name=\"twitter:label1\" content=\"Precio\" \/>\n\t<meta name=\"twitter:data1\" content=\"&#36;793 con IVA\" \/>\n\t<meta name=\"twitter:label2\" content=\"Availability\" \/>\n\t<meta name=\"twitter:data2\" content=\"On backorder\" \/>\n<script type=\"application\/ld+json\" class=\"yoast-schema-graph\">{\"@context\":\"https:\/\/schema.org\",\"@graph\":[{\"@type\":\"WebPage\",\"@id\":\"https:\/\/compuviper.mx\/tienda\/producto\/dahua-picoo-a59u-da-cmara-ip-wi-fi-camara-pt-de-red-inalmbrica-de-5mp-ip66-deteccion-de-personas-monitoreo-remoto-p5ae-pv-0400b\/\",\"url\":\"https:\/\/compuviper.mx\/tienda\/producto\/dahua-picoo-a59u-da-cmara-ip-wi-fi-camara-pt-de-red-inalmbrica-de-5mp-ip66-deteccion-de-personas-monitoreo-remoto-p5ae-pv-0400b\/\",\"name\":\"[ Dahua ] &#129351; Picoo-a59u-da C\u00e1mara Ip Wi-fi\/ \/ \/\/ Camara Pt De Red Inal\u00e1mbrica De 5mp\/ Ip66\/ Deteccion De Personas\/monitoreo Remoto\/ P5ae-pv-0400b\",\"isPartOf\":{\"@id\":\"https:\/\/compuviper.mx\/tienda\/#website\"},\"datePublished\":\"2026-04-18T06:17:30+00:00\",\"dateModified\":\"2026-04-19T06:00:06+00:00\",\"description\":\"Compra Picoo-a59u-da C\u00e1mara Ip Wi-fi\/ \/ \/\/ Camara Pt De Red Inal\u00e1mbrica De 5mp\/ Ip66\/ Deteccion De Personas\/monitoreo Remoto\/ P5ae-pv-0400b + Env\u00edo a domicilio + Pago seguro + Garant\u00eda\",\"breadcrumb\":{\"@id\":\"https:\/\/compuviper.mx\/tienda\/producto\/dahua-picoo-a59u-da-cmara-ip-wi-fi-camara-pt-de-red-inalmbrica-de-5mp-ip66-deteccion-de-personas-monitoreo-remoto-p5ae-pv-0400b\/#breadcrumb\"},\"inLanguage\":\"es-MX\",\"potentialAction\":[{\"@type\":\"ReadAction\",\"target\":[\"https:\/\/compuviper.mx\/tienda\/producto\/dahua-picoo-a59u-da-cmara-ip-wi-fi-camara-pt-de-red-inalmbrica-de-5mp-ip66-deteccion-de-personas-monitoreo-remoto-p5ae-pv-0400b\/\"]}]},{\"@type\":\"BreadcrumbList\",\"@id\":\"https:\/\/compuviper.mx\/tienda\/producto\/dahua-picoo-a59u-da-cmara-ip-wi-fi-camara-pt-de-red-inalmbrica-de-5mp-ip66-deteccion-de-personas-monitoreo-remoto-p5ae-pv-0400b\/#breadcrumb\",\"itemListElement\":[{\"@type\":\"ListItem\",\"position\":1,\"name\":\"Inicio\",\"item\":\"https:\/\/compuviper.mx\/tienda\/\"},{\"@type\":\"ListItem\",\"position\":2,\"name\":\"Productos\",\"item\":\"https:\/\/compuviper.mx\/tienda\/productos\/\"},{\"@type\":\"ListItem\",\"position\":3,\"name\":\"Camaras\",\"item\":\"https:\/\/compuviper.mx\/tienda\/categoria-producto\/camaras-2\/\"},{\"@type\":\"ListItem\",\"position\":4,\"name\":\"Camara De Videovigilancia\",\"item\":\"https:\/\/compuviper.mx\/tienda\/categoria-producto\/camaras-2\/camara-de-videovigilancia\/\"},{\"@type\":\"ListItem\",\"position\":5,\"name\":\"Dahua Picoo-a59u-da C?mara Ip Wi-fi\/ \/ \/\/ Camara Pt De Red Inal?mbrica De 5mp\/ Ip66\/ Deteccion De Personas\/monitoreo Remoto\/ P5ae-pv-0400b\"}]},{\"@type\":\"WebSite\",\"@id\":\"https:\/\/compuviper.mx\/tienda\/#website\",\"url\":\"https:\/\/compuviper.mx\/tienda\/\",\"name\":\"Compuviper\",\"description\":\"Proveedor de Computadoras, Laptops, Servidores, Monitores, Puntos de Venta, Teclados,   Impresoras, T\u00f3ner, C\u00e1maras de Seguridad y m\u00e1s en tu tienda en l\u00ednea\",\"publisher\":{\"@id\":\"https:\/\/compuviper.mx\/tienda\/#organization\"},\"potentialAction\":[{\"@type\":\"SearchAction\",\"target\":{\"@type\":\"EntryPoint\",\"urlTemplate\":\"https:\/\/compuviper.mx\/tienda\/?s={search_term_string}\"},\"query-input\":\"required name=search_term_string\"}],\"inLanguage\":\"es-MX\"},{\"@type\":\"Organization\",\"@id\":\"https:\/\/compuviper.mx\/tienda\/#organization\",\"name\":\"Compuviper\",\"url\":\"https:\/\/compuviper.mx\/tienda\/\",\"logo\":{\"@type\":\"ImageObject\",\"inLanguage\":\"es-MX\",\"@id\":\"https:\/\/compuviper.mx\/tienda\/#\/schema\/logo\/image\/\",\"url\":\"https:\/\/compuviper.mx\/tienda\/wp-content\/uploads\/2021\/08\/Logo-Compuviper-10.png\",\"contentUrl\":\"https:\/\/compuviper.mx\/tienda\/wp-content\/uploads\/2021\/08\/Logo-Compuviper-10.png\",\"width\":1000,\"height\":500,\"caption\":\"Compuviper\"},\"image\":{\"@id\":\"https:\/\/compuviper.mx\/tienda\/#\/schema\/logo\/image\/\"},\"sameAs\":[\"https:\/\/www.facebook.com\/compuviper\",\"https:\/\/www.youtube.com\/channel\/UCf73dERp9Y3cfOq7q8BhLjA?view_as=subscriber\"]}]}<\/script>\n<meta property=\"product:brand\" content=\"DAHUA\" \/>\n<meta property=\"product:price:amount\" content=\"793\" \/>\n<meta property=\"product:price:currency\" content=\"MXN\" \/>\n<meta property=\"og:availability\" content=\"backorder\" \/>\n<meta property=\"product:availability\" content=\"available for order\" \/>\n<meta property=\"product:retailer_item_id\" content=\"PICOO-A59U-DA\" \/>\n<meta property=\"product:condition\" content=\"new\" \/>\n<!-- \/ Yoast SEO plugin. -->","yoast_head_json":{"title":"[ Dahua ] &#129351; Picoo-a59u-da C\u00e1mara Ip Wi-fi\/ \/ \/\/ Camara Pt De Red Inal\u00e1mbrica De 5mp\/ Ip66\/ Deteccion De Personas\/monitoreo Remoto\/ P5ae-pv-0400b","description":"Compra Picoo-a59u-da C\u00e1mara Ip Wi-fi\/ \/ \/\/ Camara Pt De Red Inal\u00e1mbrica De 5mp\/ Ip66\/ Deteccion De Personas\/monitoreo Remoto\/ P5ae-pv-0400b + Env\u00edo a domicilio + Pago seguro + Garant\u00eda","robots":{"index":"index","follow":"follow","max-snippet":"max-snippet:-1","max-image-preview":"max-image-preview:large","max-video-preview":"max-video-preview:-1"},"canonical":"https:\/\/compuviper.mx\/tienda\/producto\/dahua-picoo-a59u-da-cmara-ip-wi-fi-camara-pt-de-red-inalmbrica-de-5mp-ip66-deteccion-de-personas-monitoreo-remoto-p5ae-pv-0400b\/","og_locale":"es_MX","og_type":"article","og_title":"[ Dahua ] &#129351; Picoo-a59u-da C\u00e1mara Ip Wi-fi\/ \/ \/\/ Camara Pt De Red Inal\u00e1mbrica De 5mp\/ Ip66\/ Deteccion De Personas\/monitoreo Remoto\/ P5ae-pv-0400b","og_description":"Compra Picoo-a59u-da C\u00e1mara Ip Wi-fi\/ \/ \/\/ Camara Pt De Red Inal\u00e1mbrica De 5mp\/ Ip66\/ Deteccion De Personas\/monitoreo Remoto\/ P5ae-pv-0400b + Env\u00edo a domicilio + Pago seguro + Garant\u00eda","og_url":"https:\/\/compuviper.mx\/tienda\/producto\/dahua-picoo-a59u-da-cmara-ip-wi-fi-camara-pt-de-red-inalmbrica-de-5mp-ip66-deteccion-de-personas-monitoreo-remoto-p5ae-pv-0400b\/","og_site_name":"Compuviper","article_publisher":"https:\/\/www.facebook.com\/compuviper","article_modified_time":"2026-04-19T06:00:06+00:00","og_image":[{"width":200,"height":200,"url":"https:\/\/compuviper.mx\/tienda\/wp-content\/uploads\/2024\/05\/Camara-ip-wi-fi-dahua-picoo-a59u-da-camara-pt-de-red-inalambrica-de-5mp-ip66-deteccion-de-personasmonitoreo-remoto-p5ae-pv-0400b.jpg","type":"image\/jpeg"}],"twitter_card":"summary_large_image","twitter_misc":{"Precio":"&#36;793 con IVA","Availability":"On backorder"},"schema":{"@context":"https:\/\/schema.org","@graph":[{"@type":"WebPage","@id":"https:\/\/compuviper.mx\/tienda\/producto\/dahua-picoo-a59u-da-cmara-ip-wi-fi-camara-pt-de-red-inalmbrica-de-5mp-ip66-deteccion-de-personas-monitoreo-remoto-p5ae-pv-0400b\/","url":"https:\/\/compuviper.mx\/tienda\/producto\/dahua-picoo-a59u-da-cmara-ip-wi-fi-camara-pt-de-red-inalmbrica-de-5mp-ip66-deteccion-de-personas-monitoreo-remoto-p5ae-pv-0400b\/","name":"[ Dahua ] &#129351; Picoo-a59u-da C\u00e1mara Ip Wi-fi\/ \/ \/\/ Camara Pt De Red Inal\u00e1mbrica De 5mp\/ Ip66\/ Deteccion De Personas\/monitoreo Remoto\/ P5ae-pv-0400b","isPartOf":{"@id":"https:\/\/compuviper.mx\/tienda\/#website"},"datePublished":"2026-04-18T06:17:30+00:00","dateModified":"2026-04-19T06:00:06+00:00","description":"Compra Picoo-a59u-da C\u00e1mara Ip Wi-fi\/ \/ \/\/ Camara Pt De Red Inal\u00e1mbrica De 5mp\/ Ip66\/ Deteccion De Personas\/monitoreo Remoto\/ P5ae-pv-0400b + Env\u00edo a domicilio + Pago seguro + Garant\u00eda","breadcrumb":{"@id":"https:\/\/compuviper.mx\/tienda\/producto\/dahua-picoo-a59u-da-cmara-ip-wi-fi-camara-pt-de-red-inalmbrica-de-5mp-ip66-deteccion-de-personas-monitoreo-remoto-p5ae-pv-0400b\/#breadcrumb"},"inLanguage":"es-MX","potentialAction":[{"@type":"ReadAction","target":["https:\/\/compuviper.mx\/tienda\/producto\/dahua-picoo-a59u-da-cmara-ip-wi-fi-camara-pt-de-red-inalmbrica-de-5mp-ip66-deteccion-de-personas-monitoreo-remoto-p5ae-pv-0400b\/"]}]},{"@type":"BreadcrumbList","@id":"https:\/\/compuviper.mx\/tienda\/producto\/dahua-picoo-a59u-da-cmara-ip-wi-fi-camara-pt-de-red-inalmbrica-de-5mp-ip66-deteccion-de-personas-monitoreo-remoto-p5ae-pv-0400b\/#breadcrumb","itemListElement":[{"@type":"ListItem","position":1,"name":"Inicio","item":"https:\/\/compuviper.mx\/tienda\/"},{"@type":"ListItem","position":2,"name":"Productos","item":"https:\/\/compuviper.mx\/tienda\/productos\/"},{"@type":"ListItem","position":3,"name":"Camaras","item":"https:\/\/compuviper.mx\/tienda\/categoria-producto\/camaras-2\/"},{"@type":"ListItem","position":4,"name":"Camara De Videovigilancia","item":"https:\/\/compuviper.mx\/tienda\/categoria-producto\/camaras-2\/camara-de-videovigilancia\/"},{"@type":"ListItem","position":5,"name":"Dahua Picoo-a59u-da C?mara Ip Wi-fi\/ \/ \/\/ Camara Pt De Red Inal?mbrica De 5mp\/ Ip66\/ Deteccion De Personas\/monitoreo Remoto\/ P5ae-pv-0400b"}]},{"@type":"WebSite","@id":"https:\/\/compuviper.mx\/tienda\/#website","url":"https:\/\/compuviper.mx\/tienda\/","name":"Compuviper","description":"Proveedor de Computadoras, Laptops, Servidores, Monitores, Puntos de Venta, Teclados,   Impresoras, T\u00f3ner, C\u00e1maras de Seguridad y m\u00e1s en tu tienda en l\u00ednea","publisher":{"@id":"https:\/\/compuviper.mx\/tienda\/#organization"},"potentialAction":[{"@type":"SearchAction","target":{"@type":"EntryPoint","urlTemplate":"https:\/\/compuviper.mx\/tienda\/?s={search_term_string}"},"query-input":"required name=search_term_string"}],"inLanguage":"es-MX"},{"@type":"Organization","@id":"https:\/\/compuviper.mx\/tienda\/#organization","name":"Compuviper","url":"https:\/\/compuviper.mx\/tienda\/","logo":{"@type":"ImageObject","inLanguage":"es-MX","@id":"https:\/\/compuviper.mx\/tienda\/#\/schema\/logo\/image\/","url":"https:\/\/compuviper.mx\/tienda\/wp-content\/uploads\/2021\/08\/Logo-Compuviper-10.png","contentUrl":"https:\/\/compuviper.mx\/tienda\/wp-content\/uploads\/2021\/08\/Logo-Compuviper-10.png","width":1000,"height":500,"caption":"Compuviper"},"image":{"@id":"https:\/\/compuviper.mx\/tienda\/#\/schema\/logo\/image\/"},"sameAs":["https:\/\/www.facebook.com\/compuviper","https:\/\/www.youtube.com\/channel\/UCf73dERp9Y3cfOq7q8BhLjA?view_as=subscriber"]}]},"product_brand":"DAHUA","product_price_amount":"793","product_price_currency":"MXN","og_availability":"backorder","product_availability":"available for order","product_retailer_item_id":"PICOO-A59U-DA","product_condition":"new"},"_links":{"self":[{"href":"https:\/\/compuviper.mx\/tienda\/wp-json\/wp\/v2\/product\/232628"}],"collection":[{"href":"https:\/\/compuviper.mx\/tienda\/wp-json\/wp\/v2\/product"}],"about":[{"href":"https:\/\/compuviper.mx\/tienda\/wp-json\/wp\/v2\/types\/product"}],"replies":[{"embeddable":true,"href":"https:\/\/compuviper.mx\/tienda\/wp-json\/wp\/v2\/comments?post=232628"}],"wp:featuredmedia":[{"embeddable":true,"href":"https:\/\/compuviper.mx\/tienda\/wp-json\/wp\/v2\/media\/233955"}],"wp:attachment":[{"href":"https:\/\/compuviper.mx\/tienda\/wp-json\/wp\/v2\/media?parent=232628"}],"wp:term":[{"taxonomy":"product_cat","embeddable":true,"href":"https:\/\/compuviper.mx\/tienda\/wp-json\/wp\/v2\/product_cat?post=232628"},{"taxonomy":"product_tag","embeddable":true,"href":"https:\/\/compuviper.mx\/tienda\/wp-json\/wp\/v2\/product_tag?post=232628"}],"curies":[{"name":"wp","href":"https:\/\/api.w.org\/{rel}","templated":true}]}}