{"id":232575,"date":"2026-04-01T23:12:07","date_gmt":"2026-04-02T05:12:07","guid":{"rendered":"https:\/\/compuviper.mx\/tienda\/producto\/grandstream-ht841-adaptador-voip-4-puertos-rj11-fxo-para-lineas-analogicas-1-puerto-rj11-fxs-admite-3-perfiles-sip\/"},"modified":"2026-04-01T23:12:08","modified_gmt":"2026-04-02T05:12:08","slug":"grandstream-ht841-adaptador-voip-4-puertos-rj11-fxo-para-lineas-analogicas-1-puerto-rj11-fxs-admite-3-perfiles-sip","status":"publish","type":"product","link":"https:\/\/compuviper.mx\/tienda\/producto\/grandstream-ht841-adaptador-voip-4-puertos-rj11-fxo-para-lineas-analogicas-1-puerto-rj11-fxs-admite-3-perfiles-sip\/","title":{"rendered":"Grandstream Ht841 Adaptador Voip  \/ 4 Puertos Rj11 Fxo Para Lineas Analogicas 1 Puerto Rj11 Fxs Admite 3 Perfiles Sip"},"content":{"rendered":"<table class=\"descripcion\">\n<tr>\n<td>Admite 3 perfiles sip a trav\u00e9s de 1 puerto fxs y 4 puertos fxo<\/td>\n<\/tr>\n<tr>\n<td>Enrutador nat de alto rendimiento<\/td>\n<\/tr>\n<tr>\n<td>Soporte lifeline (el puerto fxs se retransmitir\u00e1 directamente al puerto fxo) en caso de un corte de energ\u00eda<\/td>\n<\/tr>\n<tr>\n<td>Conferencia de voz de 3 v\u00edas por puerto<\/td>\n<\/tr>\n<tr>\n<td>Opciones de aprovisionamiento automatizadas y seguras usando tr069<\/td>\n<\/tr>\n<tr>\n<td>Admite fax t.38 para un fax sobre ip confiable<\/td>\n<\/tr>\n<tr>\n<td>El servidor sip de conmutaci\u00f3n por error cambia autom\u00e1ticamente al servidor secundario si el servidor principal pierde la conexi\u00f3n<\/td>\n<\/tr>\n<tr>\n<td>Fuerte cifrado aes con certificado de seguridad por unidad<\/td>\n<\/tr>\n<\/table>\n","protected":false},"excerpt":{"rendered":"<p>La serie de puertas de enlace ht841\/881 fxo permite a empresas de todos los tama\u00f1os crear una soluci\u00f3n voip f\u00e1cil de implementar. Estas puertas de enlace fxo ofrecen la capacidad de conectar sin problemas m\u00faltiples ubicaciones y todos los dispositivos dentro de una oficina a cualquier red ip pbx alojada o local para que las implementaciones sean lo m\u00e1s f\u00e1ciles posible. La serie ht8x1 incluye puertos fxo y fxs para admitir llamadas remotas hacia y desde la l\u00ednea pstn. Las funciones de telefon\u00eda avanzadas, el f\u00e1cil aprovisionamiento automatizado y la excelente calidad de voz permiten que la serie ht8x1 sea la puerta de enlace voip ideal para las empresas.<\/p>\n","protected":false},"featured_media":233766,"comment_status":"open","ping_status":"open","template":"","meta":[],"product_cat":[1485,1521],"product_tag":[1576],"acf":[],"yoast_head":"<!-- This site is optimized with the Yoast SEO plugin v21.7 - https:\/\/yoast.com\/wordpress\/plugins\/seo\/ -->\n<title>[ Grandstream ] &#129351; Ht841 Adaptador Voip \/ 4 Puertos Rj11 Fxo Para Lineas Analogicas 1 Puerto Rj11 Fxs Admite 3 Perfiles Sip<\/title>\n<meta name=\"description\" content=\"Compra Ht841 Adaptador Voip \/ 4 Puertos Rj11 Fxo Para Lineas Analogicas 1 Puerto Rj11 Fxs Admite 3 Perfiles Sip + Env\u00edo a domicilio + Pago seguro + Garant\u00eda\" \/>\n<meta name=\"robots\" content=\"index, follow, max-snippet:-1, max-image-preview:large, max-video-preview:-1\" \/>\n<link rel=\"canonical\" href=\"https:\/\/compuviper.mx\/tienda\/producto\/grandstream-ht841-adaptador-voip-4-puertos-rj11-fxo-para-lineas-analogicas-1-puerto-rj11-fxs-admite-3-perfiles-sip\/\" \/>\n<meta property=\"og:locale\" content=\"es_MX\" \/>\n<meta property=\"og:type\" content=\"article\" \/>\n<meta property=\"og:title\" content=\"[ Grandstream ] &#129351; Ht841 Adaptador Voip \/ 4 Puertos Rj11 Fxo Para Lineas Analogicas 1 Puerto Rj11 Fxs Admite 3 Perfiles Sip\" \/>\n<meta property=\"og:description\" content=\"Compra Ht841 Adaptador Voip \/ 4 Puertos Rj11 Fxo Para Lineas Analogicas 1 Puerto Rj11 Fxs Admite 3 Perfiles Sip + Env\u00edo a domicilio + Pago seguro + Garant\u00eda\" \/>\n<meta property=\"og:url\" content=\"https:\/\/compuviper.mx\/tienda\/producto\/grandstream-ht841-adaptador-voip-4-puertos-rj11-fxo-para-lineas-analogicas-1-puerto-rj11-fxs-admite-3-perfiles-sip\/\" \/>\n<meta property=\"og:site_name\" content=\"Compuviper\" \/>\n<meta property=\"article:publisher\" content=\"https:\/\/www.facebook.com\/compuviper\" \/>\n<meta property=\"article:modified_time\" content=\"2026-04-02T05:12:08+00:00\" \/>\n<meta property=\"og:image\" content=\"https:\/\/compuviper.mx\/tienda\/wp-content\/uploads\/2024\/05\/Adaptador-voip-grandstream-ht841-4-puertos-rj11-fxo-para-lineas-analogicas-1-puerto-rj11-fxs-admite-3-perfiles-sip.jpg\" \/>\n\t<meta property=\"og:image:width\" content=\"200\" \/>\n\t<meta property=\"og:image:height\" content=\"200\" \/>\n\t<meta property=\"og:image:type\" content=\"image\/jpeg\" \/>\n<meta name=\"twitter:card\" content=\"summary_large_image\" \/>\n<meta name=\"twitter:label1\" content=\"Precio\" \/>\n\t<meta name=\"twitter:data1\" content=\"&#36;2,419 con IVA\" \/>\n\t<meta name=\"twitter:label2\" content=\"Availability\" \/>\n\t<meta name=\"twitter:data2\" content=\"On backorder\" \/>\n<script type=\"application\/ld+json\" class=\"yoast-schema-graph\">{\"@context\":\"https:\/\/schema.org\",\"@graph\":[{\"@type\":\"WebPage\",\"@id\":\"https:\/\/compuviper.mx\/tienda\/producto\/grandstream-ht841-adaptador-voip-4-puertos-rj11-fxo-para-lineas-analogicas-1-puerto-rj11-fxs-admite-3-perfiles-sip\/\",\"url\":\"https:\/\/compuviper.mx\/tienda\/producto\/grandstream-ht841-adaptador-voip-4-puertos-rj11-fxo-para-lineas-analogicas-1-puerto-rj11-fxs-admite-3-perfiles-sip\/\",\"name\":\"[ Grandstream ] &#129351; Ht841 Adaptador Voip \/ 4 Puertos Rj11 Fxo Para Lineas Analogicas 1 Puerto Rj11 Fxs Admite 3 Perfiles Sip\",\"isPartOf\":{\"@id\":\"https:\/\/compuviper.mx\/tienda\/#website\"},\"datePublished\":\"2026-04-02T05:12:07+00:00\",\"dateModified\":\"2026-04-02T05:12:08+00:00\",\"description\":\"Compra Ht841 Adaptador Voip \/ 4 Puertos Rj11 Fxo Para Lineas Analogicas 1 Puerto Rj11 Fxs Admite 3 Perfiles Sip + Env\u00edo a domicilio + Pago seguro + Garant\u00eda\",\"breadcrumb\":{\"@id\":\"https:\/\/compuviper.mx\/tienda\/producto\/grandstream-ht841-adaptador-voip-4-puertos-rj11-fxo-para-lineas-analogicas-1-puerto-rj11-fxs-admite-3-perfiles-sip\/#breadcrumb\"},\"inLanguage\":\"es-MX\",\"potentialAction\":[{\"@type\":\"ReadAction\",\"target\":[\"https:\/\/compuviper.mx\/tienda\/producto\/grandstream-ht841-adaptador-voip-4-puertos-rj11-fxo-para-lineas-analogicas-1-puerto-rj11-fxs-admite-3-perfiles-sip\/\"]}]},{\"@type\":\"BreadcrumbList\",\"@id\":\"https:\/\/compuviper.mx\/tienda\/producto\/grandstream-ht841-adaptador-voip-4-puertos-rj11-fxo-para-lineas-analogicas-1-puerto-rj11-fxs-admite-3-perfiles-sip\/#breadcrumb\",\"itemListElement\":[{\"@type\":\"ListItem\",\"position\":1,\"name\":\"Inicio\",\"item\":\"https:\/\/compuviper.mx\/tienda\/\"},{\"@type\":\"ListItem\",\"position\":2,\"name\":\"Productos\",\"item\":\"https:\/\/compuviper.mx\/tienda\/productos\/\"},{\"@type\":\"ListItem\",\"position\":3,\"name\":\"Accesorios\",\"item\":\"https:\/\/compuviper.mx\/tienda\/categoria-producto\/accesorios\/\"},{\"@type\":\"ListItem\",\"position\":4,\"name\":\"Conmutadores\",\"item\":\"https:\/\/compuviper.mx\/tienda\/categoria-producto\/accesorios\/conmutadores\/\"},{\"@type\":\"ListItem\",\"position\":5,\"name\":\"Grandstream Ht841 Adaptador Voip \/ 4 Puertos Rj11 Fxo Para Lineas Analogicas 1 Puerto Rj11 Fxs Admite 3 Perfiles Sip\"}]},{\"@type\":\"WebSite\",\"@id\":\"https:\/\/compuviper.mx\/tienda\/#website\",\"url\":\"https:\/\/compuviper.mx\/tienda\/\",\"name\":\"Compuviper\",\"description\":\"Proveedor de Computadoras, Laptops, Servidores, Monitores, Puntos de Venta, Teclados,   Impresoras, T\u00f3ner, C\u00e1maras de Seguridad y m\u00e1s en tu tienda en l\u00ednea\",\"publisher\":{\"@id\":\"https:\/\/compuviper.mx\/tienda\/#organization\"},\"potentialAction\":[{\"@type\":\"SearchAction\",\"target\":{\"@type\":\"EntryPoint\",\"urlTemplate\":\"https:\/\/compuviper.mx\/tienda\/?s={search_term_string}\"},\"query-input\":\"required name=search_term_string\"}],\"inLanguage\":\"es-MX\"},{\"@type\":\"Organization\",\"@id\":\"https:\/\/compuviper.mx\/tienda\/#organization\",\"name\":\"Compuviper\",\"url\":\"https:\/\/compuviper.mx\/tienda\/\",\"logo\":{\"@type\":\"ImageObject\",\"inLanguage\":\"es-MX\",\"@id\":\"https:\/\/compuviper.mx\/tienda\/#\/schema\/logo\/image\/\",\"url\":\"https:\/\/compuviper.mx\/tienda\/wp-content\/uploads\/2021\/08\/Logo-Compuviper-10.png\",\"contentUrl\":\"https:\/\/compuviper.mx\/tienda\/wp-content\/uploads\/2021\/08\/Logo-Compuviper-10.png\",\"width\":1000,\"height\":500,\"caption\":\"Compuviper\"},\"image\":{\"@id\":\"https:\/\/compuviper.mx\/tienda\/#\/schema\/logo\/image\/\"},\"sameAs\":[\"https:\/\/www.facebook.com\/compuviper\",\"https:\/\/www.youtube.com\/channel\/UCf73dERp9Y3cfOq7q8BhLjA?view_as=subscriber\"]}]}<\/script>\n<meta property=\"product:brand\" content=\"GRANDSTREAM\" \/>\n<meta property=\"product:price:amount\" content=\"2419\" \/>\n<meta property=\"product:price:currency\" content=\"MXN\" \/>\n<meta property=\"og:availability\" content=\"backorder\" \/>\n<meta property=\"product:availability\" content=\"available for order\" \/>\n<meta property=\"product:retailer_item_id\" content=\"HT841\" \/>\n<meta property=\"product:condition\" content=\"new\" \/>\n<!-- \/ Yoast SEO plugin. -->","yoast_head_json":{"title":"[ Grandstream ] &#129351; Ht841 Adaptador Voip \/ 4 Puertos Rj11 Fxo Para Lineas Analogicas 1 Puerto Rj11 Fxs Admite 3 Perfiles Sip","description":"Compra Ht841 Adaptador Voip \/ 4 Puertos Rj11 Fxo Para Lineas Analogicas 1 Puerto Rj11 Fxs Admite 3 Perfiles Sip + Env\u00edo a domicilio + Pago seguro + Garant\u00eda","robots":{"index":"index","follow":"follow","max-snippet":"max-snippet:-1","max-image-preview":"max-image-preview:large","max-video-preview":"max-video-preview:-1"},"canonical":"https:\/\/compuviper.mx\/tienda\/producto\/grandstream-ht841-adaptador-voip-4-puertos-rj11-fxo-para-lineas-analogicas-1-puerto-rj11-fxs-admite-3-perfiles-sip\/","og_locale":"es_MX","og_type":"article","og_title":"[ Grandstream ] &#129351; Ht841 Adaptador Voip \/ 4 Puertos Rj11 Fxo Para Lineas Analogicas 1 Puerto Rj11 Fxs Admite 3 Perfiles Sip","og_description":"Compra Ht841 Adaptador Voip \/ 4 Puertos Rj11 Fxo Para Lineas Analogicas 1 Puerto Rj11 Fxs Admite 3 Perfiles Sip + Env\u00edo a domicilio + Pago seguro + Garant\u00eda","og_url":"https:\/\/compuviper.mx\/tienda\/producto\/grandstream-ht841-adaptador-voip-4-puertos-rj11-fxo-para-lineas-analogicas-1-puerto-rj11-fxs-admite-3-perfiles-sip\/","og_site_name":"Compuviper","article_publisher":"https:\/\/www.facebook.com\/compuviper","article_modified_time":"2026-04-02T05:12:08+00:00","og_image":[{"width":200,"height":200,"url":"https:\/\/compuviper.mx\/tienda\/wp-content\/uploads\/2024\/05\/Adaptador-voip-grandstream-ht841-4-puertos-rj11-fxo-para-lineas-analogicas-1-puerto-rj11-fxs-admite-3-perfiles-sip.jpg","type":"image\/jpeg"}],"twitter_card":"summary_large_image","twitter_misc":{"Precio":"&#36;2,419 con IVA","Availability":"On backorder"},"schema":{"@context":"https:\/\/schema.org","@graph":[{"@type":"WebPage","@id":"https:\/\/compuviper.mx\/tienda\/producto\/grandstream-ht841-adaptador-voip-4-puertos-rj11-fxo-para-lineas-analogicas-1-puerto-rj11-fxs-admite-3-perfiles-sip\/","url":"https:\/\/compuviper.mx\/tienda\/producto\/grandstream-ht841-adaptador-voip-4-puertos-rj11-fxo-para-lineas-analogicas-1-puerto-rj11-fxs-admite-3-perfiles-sip\/","name":"[ Grandstream ] &#129351; Ht841 Adaptador Voip \/ 4 Puertos Rj11 Fxo Para Lineas Analogicas 1 Puerto Rj11 Fxs Admite 3 Perfiles Sip","isPartOf":{"@id":"https:\/\/compuviper.mx\/tienda\/#website"},"datePublished":"2026-04-02T05:12:07+00:00","dateModified":"2026-04-02T05:12:08+00:00","description":"Compra Ht841 Adaptador Voip \/ 4 Puertos Rj11 Fxo Para Lineas Analogicas 1 Puerto Rj11 Fxs Admite 3 Perfiles Sip + Env\u00edo a domicilio + Pago seguro + Garant\u00eda","breadcrumb":{"@id":"https:\/\/compuviper.mx\/tienda\/producto\/grandstream-ht841-adaptador-voip-4-puertos-rj11-fxo-para-lineas-analogicas-1-puerto-rj11-fxs-admite-3-perfiles-sip\/#breadcrumb"},"inLanguage":"es-MX","potentialAction":[{"@type":"ReadAction","target":["https:\/\/compuviper.mx\/tienda\/producto\/grandstream-ht841-adaptador-voip-4-puertos-rj11-fxo-para-lineas-analogicas-1-puerto-rj11-fxs-admite-3-perfiles-sip\/"]}]},{"@type":"BreadcrumbList","@id":"https:\/\/compuviper.mx\/tienda\/producto\/grandstream-ht841-adaptador-voip-4-puertos-rj11-fxo-para-lineas-analogicas-1-puerto-rj11-fxs-admite-3-perfiles-sip\/#breadcrumb","itemListElement":[{"@type":"ListItem","position":1,"name":"Inicio","item":"https:\/\/compuviper.mx\/tienda\/"},{"@type":"ListItem","position":2,"name":"Productos","item":"https:\/\/compuviper.mx\/tienda\/productos\/"},{"@type":"ListItem","position":3,"name":"Accesorios","item":"https:\/\/compuviper.mx\/tienda\/categoria-producto\/accesorios\/"},{"@type":"ListItem","position":4,"name":"Conmutadores","item":"https:\/\/compuviper.mx\/tienda\/categoria-producto\/accesorios\/conmutadores\/"},{"@type":"ListItem","position":5,"name":"Grandstream Ht841 Adaptador Voip \/ 4 Puertos Rj11 Fxo Para Lineas Analogicas 1 Puerto Rj11 Fxs Admite 3 Perfiles Sip"}]},{"@type":"WebSite","@id":"https:\/\/compuviper.mx\/tienda\/#website","url":"https:\/\/compuviper.mx\/tienda\/","name":"Compuviper","description":"Proveedor de Computadoras, Laptops, Servidores, Monitores, Puntos de Venta, Teclados,   Impresoras, T\u00f3ner, C\u00e1maras de Seguridad y m\u00e1s en tu tienda en l\u00ednea","publisher":{"@id":"https:\/\/compuviper.mx\/tienda\/#organization"},"potentialAction":[{"@type":"SearchAction","target":{"@type":"EntryPoint","urlTemplate":"https:\/\/compuviper.mx\/tienda\/?s={search_term_string}"},"query-input":"required name=search_term_string"}],"inLanguage":"es-MX"},{"@type":"Organization","@id":"https:\/\/compuviper.mx\/tienda\/#organization","name":"Compuviper","url":"https:\/\/compuviper.mx\/tienda\/","logo":{"@type":"ImageObject","inLanguage":"es-MX","@id":"https:\/\/compuviper.mx\/tienda\/#\/schema\/logo\/image\/","url":"https:\/\/compuviper.mx\/tienda\/wp-content\/uploads\/2021\/08\/Logo-Compuviper-10.png","contentUrl":"https:\/\/compuviper.mx\/tienda\/wp-content\/uploads\/2021\/08\/Logo-Compuviper-10.png","width":1000,"height":500,"caption":"Compuviper"},"image":{"@id":"https:\/\/compuviper.mx\/tienda\/#\/schema\/logo\/image\/"},"sameAs":["https:\/\/www.facebook.com\/compuviper","https:\/\/www.youtube.com\/channel\/UCf73dERp9Y3cfOq7q8BhLjA?view_as=subscriber"]}]},"product_brand":"GRANDSTREAM","product_price_amount":"2419","product_price_currency":"MXN","og_availability":"backorder","product_availability":"available for order","product_retailer_item_id":"HT841","product_condition":"new"},"_links":{"self":[{"href":"https:\/\/compuviper.mx\/tienda\/wp-json\/wp\/v2\/product\/232575"}],"collection":[{"href":"https:\/\/compuviper.mx\/tienda\/wp-json\/wp\/v2\/product"}],"about":[{"href":"https:\/\/compuviper.mx\/tienda\/wp-json\/wp\/v2\/types\/product"}],"replies":[{"embeddable":true,"href":"https:\/\/compuviper.mx\/tienda\/wp-json\/wp\/v2\/comments?post=232575"}],"wp:featuredmedia":[{"embeddable":true,"href":"https:\/\/compuviper.mx\/tienda\/wp-json\/wp\/v2\/media\/233766"}],"wp:attachment":[{"href":"https:\/\/compuviper.mx\/tienda\/wp-json\/wp\/v2\/media?parent=232575"}],"wp:term":[{"taxonomy":"product_cat","embeddable":true,"href":"https:\/\/compuviper.mx\/tienda\/wp-json\/wp\/v2\/product_cat?post=232575"},{"taxonomy":"product_tag","embeddable":true,"href":"https:\/\/compuviper.mx\/tienda\/wp-json\/wp\/v2\/product_tag?post=232575"}],"curies":[{"name":"wp","href":"https:\/\/api.w.org\/{rel}","templated":true}]}}