{"id":232528,"date":"2026-04-23T00:14:10","date_gmt":"2026-04-23T06:14:10","guid":{"rendered":"https:\/\/compuviper.mx\/tienda\/producto\/dahua-dhi-dae-cfm5210-cyn-camara-movil-camara-de-monitoreo-frontal-para-dvrs-moviles-2-megapixeles-lente-de-6-mm-funcion-de-inteligencia-artificial-y-asistencia-al-conductor-serie-adas-ip54\/"},"modified":"2026-04-23T00:14:11","modified_gmt":"2026-04-23T06:14:11","slug":"dahua-dhi-dae-cfm5210-cyn-camara-movil-camara-de-monitoreo-frontal-para-dvrs-moviles-2-megapixeles-lente-de-6-mm-funcion-de-inteligencia-artificial-y-asistencia-al-conductor-serie-adas-ip54","status":"publish","type":"product","link":"https:\/\/compuviper.mx\/tienda\/producto\/dahua-dhi-dae-cfm5210-cyn-camara-movil-camara-de-monitoreo-frontal-para-dvrs-moviles-2-megapixeles-lente-de-6-mm-funcion-de-inteligencia-artificial-y-asistencia-al-conductor-serie-adas-ip54\/","title":{"rendered":"Dahua Dhi-dae-cfm5210-cyn Camara Movil\/ \/ \/ Camara De Monitoreo Frontal Para Dvrs Moviles\/ 2 Megapixeles\/ Lente De 6 Mm\/ Funcion De Inteligencia Artificial Y Asistencia Al Conductor\/ Serie Adas\/ Ip54"},"content":{"rendered":"<table class=\"descripcion\">\n<tr>\n<td>Caracter\u00edsticas<\/td>\n<\/tr>\n<tr>\n<td>\u0095 amplio rango din\u00e1mico<\/td>\n<\/tr>\n<tr>\n<td>\u0095 reducci\u00f3n de ruido<\/td>\n<\/tr>\n<tr>\n<td>\u0095 balance de blancos<\/td>\n<\/tr>\n<tr>\n<td>\u0095 compresi\u00f3n de luz de fondo<\/td>\n<\/tr>\n<tr>\n<td>Especificaciones<\/td>\n<\/tr>\n<tr>\n<td>\u0095 cmos de 1 \/ 2,8<\/td>\n<\/tr>\n<tr>\n<td>\u0095  resoluci\u00f3n 1920 (h) \u00d7 1080 (v)<\/td>\n<\/tr>\n<tr>\n<td>\u0095 longitud focal 6 mm<\/td>\n<\/tr>\n<tr>\n<td>\u0095 blc<\/td>\n<\/tr>\n<tr>\n<td>\u0095 wdr real100 db<\/td>\n<\/tr>\n<tr>\n<td>\u0095 hlc<\/td>\n<\/tr>\n<tr>\n<td>\u0095 reducci\u00f3n de ruido 3d nr<\/td>\n<\/tr>\n<tr>\n<td>\u0095 fuente de alimentaci\u00f3n 9 v \u0096 16 v cc<\/td>\n<\/tr>\n<tr>\n<td>\u0095 protecci\u00f3n de ingreso ip54<\/td>\n<\/tr>\n<tr>\n<td>Incluye:<\/td>\n<\/tr>\n<tr>\n<td>\u0095 equipo con cable m12<\/td>\n<\/tr>\n<tr>\n<td>\u0095 pegote para montaje y sujeci\u00f3n en veh\u00edculo<\/td>\n<\/tr>\n<tr>\n<td>\u0095 p\u00f3liza de garant\u00eda<\/td>\n<\/tr>\n<\/table>\n","protected":false},"excerpt":{"rendered":"<p>Informaci\u00f3n general. La c\u00e1mara est\u00e1 equipada con tecnolog\u00eda verdaderamente amplia din\u00e1mica, tecnolog\u00eda digital amplia din\u00e1mica y algoritmo de preprocesamiento de im\u00e1genes de supresi\u00f3n de resaltado, que suprime eficazmente la luz intensa de los faros delanteros durante la noche al tiempo que mejora el brillo y la transparencia generales. Amplio rango din\u00e1mico. La c\u00e1mara adopta un sensor de imagen cmos de 1\/4 y una mejor luminancia de la luz estrobosc\u00f3pica para evitar eficazmente la quema de infrarrojos, lo que elimina la preocupaci\u00f3n del conductor de que los infrarrojos pueden da\u00f1ar los ojos humanos. Escenarios. La c\u00e1mara es aplicable para montar en veh\u00edculos para conectar con terminales de montaje en autom\u00f3vil, lo que realiza una advertencia temprana y una conducci\u00f3n segura.<\/p>\n","protected":false},"featured_media":233954,"comment_status":"open","ping_status":"open","template":"","meta":[],"product_cat":[1681,1608],"product_tag":[1555],"acf":[],"yoast_head":"<!-- This site is optimized with the Yoast SEO plugin v21.7 - https:\/\/yoast.com\/wordpress\/plugins\/seo\/ -->\n<title>[ Dahua ] &#129351; Dhi-dae-cfm5210-cyn Camara Movil\/ \/ \/ Camara De Monitoreo Frontal Para Dvrs Moviles\/ 2 Megapixeles\/ Lente De 6 Mm\/ Funcion De Inteligencia Artificial Y Asistencia Al Conductor\/ Serie Adas\/ Ip54<\/title>\n<meta name=\"description\" content=\"Compra Dhi-dae-cfm5210-cyn Camara Movil\/ \/ \/ Camara De Monitoreo Frontal Para Dvrs Moviles\/ 2 Megapixeles\/ Lente De 6 Mm\/ Funcion De Inteligencia Artificial Y Asistencia Al Conductor\/ Serie Adas\/ Ip54 + Env\u00edo a domicilio + Pago seguro + Garant\u00eda\" \/>\n<meta name=\"robots\" content=\"index, follow, max-snippet:-1, max-image-preview:large, max-video-preview:-1\" \/>\n<link rel=\"canonical\" href=\"https:\/\/compuviper.mx\/tienda\/producto\/dahua-dhi-dae-cfm5210-cyn-camara-movil-camara-de-monitoreo-frontal-para-dvrs-moviles-2-megapixeles-lente-de-6-mm-funcion-de-inteligencia-artificial-y-asistencia-al-conductor-serie-adas-ip54\/\" \/>\n<meta property=\"og:locale\" content=\"es_MX\" \/>\n<meta property=\"og:type\" content=\"article\" \/>\n<meta property=\"og:title\" content=\"[ Dahua ] &#129351; Dhi-dae-cfm5210-cyn Camara Movil\/ \/ \/ Camara De Monitoreo Frontal Para Dvrs Moviles\/ 2 Megapixeles\/ Lente De 6 Mm\/ Funcion De Inteligencia Artificial Y Asistencia Al Conductor\/ Serie Adas\/ Ip54\" \/>\n<meta property=\"og:description\" content=\"Compra Dhi-dae-cfm5210-cyn Camara Movil\/ \/ \/ Camara De Monitoreo Frontal Para Dvrs Moviles\/ 2 Megapixeles\/ Lente De 6 Mm\/ Funcion De Inteligencia Artificial Y Asistencia Al Conductor\/ Serie Adas\/ Ip54 + Env\u00edo a domicilio + Pago seguro + Garant\u00eda\" \/>\n<meta property=\"og:url\" content=\"https:\/\/compuviper.mx\/tienda\/producto\/dahua-dhi-dae-cfm5210-cyn-camara-movil-camara-de-monitoreo-frontal-para-dvrs-moviles-2-megapixeles-lente-de-6-mm-funcion-de-inteligencia-artificial-y-asistencia-al-conductor-serie-adas-ip54\/\" \/>\n<meta property=\"og:site_name\" content=\"Compuviper\" \/>\n<meta property=\"article:publisher\" content=\"https:\/\/www.facebook.com\/compuviper\" \/>\n<meta property=\"article:modified_time\" content=\"2026-04-23T06:14:11+00:00\" \/>\n<meta property=\"og:image\" content=\"https:\/\/compuviper.mx\/tienda\/wp-content\/uploads\/2024\/05\/Camara-movil-dhi-dae-cfm5210-cyn-dahua-camara-de-monitoreo-frontal-para-dvrs-moviles-2-megapixeles-lente-de-6-mm-funcion-de-inteligencia-artificial-y-asistencia-al-conductor-serie-adas-ip54.jpg\" \/>\n\t<meta property=\"og:image:width\" content=\"200\" \/>\n\t<meta property=\"og:image:height\" content=\"200\" \/>\n\t<meta property=\"og:image:type\" content=\"image\/jpeg\" \/>\n<meta name=\"twitter:card\" content=\"summary_large_image\" \/>\n<meta name=\"twitter:label1\" content=\"Precio\" \/>\n\t<meta name=\"twitter:data1\" content=\"&#36;1,206 con IVA\" \/>\n\t<meta name=\"twitter:label2\" content=\"Availability\" \/>\n\t<meta name=\"twitter:data2\" content=\"On backorder\" \/>\n<script type=\"application\/ld+json\" class=\"yoast-schema-graph\">{\"@context\":\"https:\/\/schema.org\",\"@graph\":[{\"@type\":\"WebPage\",\"@id\":\"https:\/\/compuviper.mx\/tienda\/producto\/dahua-dhi-dae-cfm5210-cyn-camara-movil-camara-de-monitoreo-frontal-para-dvrs-moviles-2-megapixeles-lente-de-6-mm-funcion-de-inteligencia-artificial-y-asistencia-al-conductor-serie-adas-ip54\/\",\"url\":\"https:\/\/compuviper.mx\/tienda\/producto\/dahua-dhi-dae-cfm5210-cyn-camara-movil-camara-de-monitoreo-frontal-para-dvrs-moviles-2-megapixeles-lente-de-6-mm-funcion-de-inteligencia-artificial-y-asistencia-al-conductor-serie-adas-ip54\/\",\"name\":\"[ Dahua ] &#129351; Dhi-dae-cfm5210-cyn Camara Movil\/ \/ \/ Camara De Monitoreo Frontal Para Dvrs Moviles\/ 2 Megapixeles\/ Lente De 6 Mm\/ Funcion De Inteligencia Artificial Y Asistencia Al Conductor\/ Serie Adas\/ Ip54\",\"isPartOf\":{\"@id\":\"https:\/\/compuviper.mx\/tienda\/#website\"},\"datePublished\":\"2026-04-23T06:14:10+00:00\",\"dateModified\":\"2026-04-23T06:14:11+00:00\",\"description\":\"Compra Dhi-dae-cfm5210-cyn Camara Movil\/ \/ \/ Camara De Monitoreo Frontal Para Dvrs Moviles\/ 2 Megapixeles\/ Lente De 6 Mm\/ Funcion De Inteligencia Artificial Y Asistencia Al Conductor\/ Serie Adas\/ Ip54 + Env\u00edo a domicilio + Pago seguro + Garant\u00eda\",\"breadcrumb\":{\"@id\":\"https:\/\/compuviper.mx\/tienda\/producto\/dahua-dhi-dae-cfm5210-cyn-camara-movil-camara-de-monitoreo-frontal-para-dvrs-moviles-2-megapixeles-lente-de-6-mm-funcion-de-inteligencia-artificial-y-asistencia-al-conductor-serie-adas-ip54\/#breadcrumb\"},\"inLanguage\":\"es-MX\",\"potentialAction\":[{\"@type\":\"ReadAction\",\"target\":[\"https:\/\/compuviper.mx\/tienda\/producto\/dahua-dhi-dae-cfm5210-cyn-camara-movil-camara-de-monitoreo-frontal-para-dvrs-moviles-2-megapixeles-lente-de-6-mm-funcion-de-inteligencia-artificial-y-asistencia-al-conductor-serie-adas-ip54\/\"]}]},{\"@type\":\"BreadcrumbList\",\"@id\":\"https:\/\/compuviper.mx\/tienda\/producto\/dahua-dhi-dae-cfm5210-cyn-camara-movil-camara-de-monitoreo-frontal-para-dvrs-moviles-2-megapixeles-lente-de-6-mm-funcion-de-inteligencia-artificial-y-asistencia-al-conductor-serie-adas-ip54\/#breadcrumb\",\"itemListElement\":[{\"@type\":\"ListItem\",\"position\":1,\"name\":\"Inicio\",\"item\":\"https:\/\/compuviper.mx\/tienda\/\"},{\"@type\":\"ListItem\",\"position\":2,\"name\":\"Productos\",\"item\":\"https:\/\/compuviper.mx\/tienda\/productos\/\"},{\"@type\":\"ListItem\",\"position\":3,\"name\":\"Camaras\",\"item\":\"https:\/\/compuviper.mx\/tienda\/categoria-producto\/camaras-2\/\"},{\"@type\":\"ListItem\",\"position\":4,\"name\":\"Camara De Videovigilancia\",\"item\":\"https:\/\/compuviper.mx\/tienda\/categoria-producto\/camaras-2\/camara-de-videovigilancia\/\"},{\"@type\":\"ListItem\",\"position\":5,\"name\":\"Dahua Dhi-dae-cfm5210-cyn Camara Movil\/ \/ \/ Camara De Monitoreo Frontal Para Dvrs Moviles\/ 2 Megapixeles\/ Lente De 6 Mm\/ Funcion De Inteligencia Artificial Y Asistencia Al Conductor\/ Serie Adas\/ Ip54\"}]},{\"@type\":\"WebSite\",\"@id\":\"https:\/\/compuviper.mx\/tienda\/#website\",\"url\":\"https:\/\/compuviper.mx\/tienda\/\",\"name\":\"Compuviper\",\"description\":\"Proveedor de Computadoras, Laptops, Servidores, Monitores, Puntos de Venta, Teclados,   Impresoras, T\u00f3ner, C\u00e1maras de Seguridad y m\u00e1s en tu tienda en l\u00ednea\",\"publisher\":{\"@id\":\"https:\/\/compuviper.mx\/tienda\/#organization\"},\"potentialAction\":[{\"@type\":\"SearchAction\",\"target\":{\"@type\":\"EntryPoint\",\"urlTemplate\":\"https:\/\/compuviper.mx\/tienda\/?s={search_term_string}\"},\"query-input\":\"required name=search_term_string\"}],\"inLanguage\":\"es-MX\"},{\"@type\":\"Organization\",\"@id\":\"https:\/\/compuviper.mx\/tienda\/#organization\",\"name\":\"Compuviper\",\"url\":\"https:\/\/compuviper.mx\/tienda\/\",\"logo\":{\"@type\":\"ImageObject\",\"inLanguage\":\"es-MX\",\"@id\":\"https:\/\/compuviper.mx\/tienda\/#\/schema\/logo\/image\/\",\"url\":\"https:\/\/compuviper.mx\/tienda\/wp-content\/uploads\/2021\/08\/Logo-Compuviper-10.png\",\"contentUrl\":\"https:\/\/compuviper.mx\/tienda\/wp-content\/uploads\/2021\/08\/Logo-Compuviper-10.png\",\"width\":1000,\"height\":500,\"caption\":\"Compuviper\"},\"image\":{\"@id\":\"https:\/\/compuviper.mx\/tienda\/#\/schema\/logo\/image\/\"},\"sameAs\":[\"https:\/\/www.facebook.com\/compuviper\",\"https:\/\/www.youtube.com\/channel\/UCf73dERp9Y3cfOq7q8BhLjA?view_as=subscriber\"]}]}<\/script>\n<meta property=\"product:brand\" content=\"DAHUA\" \/>\n<meta property=\"product:price:amount\" content=\"1206\" \/>\n<meta property=\"product:price:currency\" content=\"MXN\" \/>\n<meta property=\"og:availability\" content=\"backorder\" \/>\n<meta property=\"product:availability\" content=\"available for order\" \/>\n<meta property=\"product:retailer_item_id\" content=\"DHI-DAE-CFM5210-CYN\" \/>\n<meta property=\"product:condition\" content=\"new\" \/>\n<!-- \/ Yoast SEO plugin. -->","yoast_head_json":{"title":"[ Dahua ] &#129351; Dhi-dae-cfm5210-cyn Camara Movil\/ \/ \/ Camara De Monitoreo Frontal Para Dvrs Moviles\/ 2 Megapixeles\/ Lente De 6 Mm\/ Funcion De Inteligencia Artificial Y Asistencia Al Conductor\/ Serie Adas\/ Ip54","description":"Compra Dhi-dae-cfm5210-cyn Camara Movil\/ \/ \/ Camara De Monitoreo Frontal Para Dvrs Moviles\/ 2 Megapixeles\/ Lente De 6 Mm\/ Funcion De Inteligencia Artificial Y Asistencia Al Conductor\/ Serie Adas\/ Ip54 + Env\u00edo a domicilio + Pago seguro + Garant\u00eda","robots":{"index":"index","follow":"follow","max-snippet":"max-snippet:-1","max-image-preview":"max-image-preview:large","max-video-preview":"max-video-preview:-1"},"canonical":"https:\/\/compuviper.mx\/tienda\/producto\/dahua-dhi-dae-cfm5210-cyn-camara-movil-camara-de-monitoreo-frontal-para-dvrs-moviles-2-megapixeles-lente-de-6-mm-funcion-de-inteligencia-artificial-y-asistencia-al-conductor-serie-adas-ip54\/","og_locale":"es_MX","og_type":"article","og_title":"[ Dahua ] &#129351; Dhi-dae-cfm5210-cyn Camara Movil\/ \/ \/ Camara De Monitoreo Frontal Para Dvrs Moviles\/ 2 Megapixeles\/ Lente De 6 Mm\/ Funcion De Inteligencia Artificial Y Asistencia Al Conductor\/ Serie Adas\/ Ip54","og_description":"Compra Dhi-dae-cfm5210-cyn Camara Movil\/ \/ \/ Camara De Monitoreo Frontal Para Dvrs Moviles\/ 2 Megapixeles\/ Lente De 6 Mm\/ Funcion De Inteligencia Artificial Y Asistencia Al Conductor\/ Serie Adas\/ Ip54 + Env\u00edo a domicilio + Pago seguro + Garant\u00eda","og_url":"https:\/\/compuviper.mx\/tienda\/producto\/dahua-dhi-dae-cfm5210-cyn-camara-movil-camara-de-monitoreo-frontal-para-dvrs-moviles-2-megapixeles-lente-de-6-mm-funcion-de-inteligencia-artificial-y-asistencia-al-conductor-serie-adas-ip54\/","og_site_name":"Compuviper","article_publisher":"https:\/\/www.facebook.com\/compuviper","article_modified_time":"2026-04-23T06:14:11+00:00","og_image":[{"width":200,"height":200,"url":"https:\/\/compuviper.mx\/tienda\/wp-content\/uploads\/2024\/05\/Camara-movil-dhi-dae-cfm5210-cyn-dahua-camara-de-monitoreo-frontal-para-dvrs-moviles-2-megapixeles-lente-de-6-mm-funcion-de-inteligencia-artificial-y-asistencia-al-conductor-serie-adas-ip54.jpg","type":"image\/jpeg"}],"twitter_card":"summary_large_image","twitter_misc":{"Precio":"&#36;1,206 con IVA","Availability":"On backorder"},"schema":{"@context":"https:\/\/schema.org","@graph":[{"@type":"WebPage","@id":"https:\/\/compuviper.mx\/tienda\/producto\/dahua-dhi-dae-cfm5210-cyn-camara-movil-camara-de-monitoreo-frontal-para-dvrs-moviles-2-megapixeles-lente-de-6-mm-funcion-de-inteligencia-artificial-y-asistencia-al-conductor-serie-adas-ip54\/","url":"https:\/\/compuviper.mx\/tienda\/producto\/dahua-dhi-dae-cfm5210-cyn-camara-movil-camara-de-monitoreo-frontal-para-dvrs-moviles-2-megapixeles-lente-de-6-mm-funcion-de-inteligencia-artificial-y-asistencia-al-conductor-serie-adas-ip54\/","name":"[ Dahua ] &#129351; Dhi-dae-cfm5210-cyn Camara Movil\/ \/ \/ Camara De Monitoreo Frontal Para Dvrs Moviles\/ 2 Megapixeles\/ Lente De 6 Mm\/ Funcion De Inteligencia Artificial Y Asistencia Al Conductor\/ Serie Adas\/ Ip54","isPartOf":{"@id":"https:\/\/compuviper.mx\/tienda\/#website"},"datePublished":"2026-04-23T06:14:10+00:00","dateModified":"2026-04-23T06:14:11+00:00","description":"Compra Dhi-dae-cfm5210-cyn Camara Movil\/ \/ \/ Camara De Monitoreo Frontal Para Dvrs Moviles\/ 2 Megapixeles\/ Lente De 6 Mm\/ Funcion De Inteligencia Artificial Y Asistencia Al Conductor\/ Serie Adas\/ Ip54 + Env\u00edo a domicilio + Pago seguro + Garant\u00eda","breadcrumb":{"@id":"https:\/\/compuviper.mx\/tienda\/producto\/dahua-dhi-dae-cfm5210-cyn-camara-movil-camara-de-monitoreo-frontal-para-dvrs-moviles-2-megapixeles-lente-de-6-mm-funcion-de-inteligencia-artificial-y-asistencia-al-conductor-serie-adas-ip54\/#breadcrumb"},"inLanguage":"es-MX","potentialAction":[{"@type":"ReadAction","target":["https:\/\/compuviper.mx\/tienda\/producto\/dahua-dhi-dae-cfm5210-cyn-camara-movil-camara-de-monitoreo-frontal-para-dvrs-moviles-2-megapixeles-lente-de-6-mm-funcion-de-inteligencia-artificial-y-asistencia-al-conductor-serie-adas-ip54\/"]}]},{"@type":"BreadcrumbList","@id":"https:\/\/compuviper.mx\/tienda\/producto\/dahua-dhi-dae-cfm5210-cyn-camara-movil-camara-de-monitoreo-frontal-para-dvrs-moviles-2-megapixeles-lente-de-6-mm-funcion-de-inteligencia-artificial-y-asistencia-al-conductor-serie-adas-ip54\/#breadcrumb","itemListElement":[{"@type":"ListItem","position":1,"name":"Inicio","item":"https:\/\/compuviper.mx\/tienda\/"},{"@type":"ListItem","position":2,"name":"Productos","item":"https:\/\/compuviper.mx\/tienda\/productos\/"},{"@type":"ListItem","position":3,"name":"Camaras","item":"https:\/\/compuviper.mx\/tienda\/categoria-producto\/camaras-2\/"},{"@type":"ListItem","position":4,"name":"Camara De Videovigilancia","item":"https:\/\/compuviper.mx\/tienda\/categoria-producto\/camaras-2\/camara-de-videovigilancia\/"},{"@type":"ListItem","position":5,"name":"Dahua Dhi-dae-cfm5210-cyn Camara Movil\/ \/ \/ Camara De Monitoreo Frontal Para Dvrs Moviles\/ 2 Megapixeles\/ Lente De 6 Mm\/ Funcion De Inteligencia Artificial Y Asistencia Al Conductor\/ Serie Adas\/ Ip54"}]},{"@type":"WebSite","@id":"https:\/\/compuviper.mx\/tienda\/#website","url":"https:\/\/compuviper.mx\/tienda\/","name":"Compuviper","description":"Proveedor de Computadoras, Laptops, Servidores, Monitores, Puntos de Venta, Teclados,   Impresoras, T\u00f3ner, C\u00e1maras de Seguridad y m\u00e1s en tu tienda en l\u00ednea","publisher":{"@id":"https:\/\/compuviper.mx\/tienda\/#organization"},"potentialAction":[{"@type":"SearchAction","target":{"@type":"EntryPoint","urlTemplate":"https:\/\/compuviper.mx\/tienda\/?s={search_term_string}"},"query-input":"required name=search_term_string"}],"inLanguage":"es-MX"},{"@type":"Organization","@id":"https:\/\/compuviper.mx\/tienda\/#organization","name":"Compuviper","url":"https:\/\/compuviper.mx\/tienda\/","logo":{"@type":"ImageObject","inLanguage":"es-MX","@id":"https:\/\/compuviper.mx\/tienda\/#\/schema\/logo\/image\/","url":"https:\/\/compuviper.mx\/tienda\/wp-content\/uploads\/2021\/08\/Logo-Compuviper-10.png","contentUrl":"https:\/\/compuviper.mx\/tienda\/wp-content\/uploads\/2021\/08\/Logo-Compuviper-10.png","width":1000,"height":500,"caption":"Compuviper"},"image":{"@id":"https:\/\/compuviper.mx\/tienda\/#\/schema\/logo\/image\/"},"sameAs":["https:\/\/www.facebook.com\/compuviper","https:\/\/www.youtube.com\/channel\/UCf73dERp9Y3cfOq7q8BhLjA?view_as=subscriber"]}]},"product_brand":"DAHUA","product_price_amount":"1206","product_price_currency":"MXN","og_availability":"backorder","product_availability":"available for order","product_retailer_item_id":"DHI-DAE-CFM5210-CYN","product_condition":"new"},"_links":{"self":[{"href":"https:\/\/compuviper.mx\/tienda\/wp-json\/wp\/v2\/product\/232528"}],"collection":[{"href":"https:\/\/compuviper.mx\/tienda\/wp-json\/wp\/v2\/product"}],"about":[{"href":"https:\/\/compuviper.mx\/tienda\/wp-json\/wp\/v2\/types\/product"}],"replies":[{"embeddable":true,"href":"https:\/\/compuviper.mx\/tienda\/wp-json\/wp\/v2\/comments?post=232528"}],"wp:featuredmedia":[{"embeddable":true,"href":"https:\/\/compuviper.mx\/tienda\/wp-json\/wp\/v2\/media\/233954"}],"wp:attachment":[{"href":"https:\/\/compuviper.mx\/tienda\/wp-json\/wp\/v2\/media?parent=232528"}],"wp:term":[{"taxonomy":"product_cat","embeddable":true,"href":"https:\/\/compuviper.mx\/tienda\/wp-json\/wp\/v2\/product_cat?post=232528"},{"taxonomy":"product_tag","embeddable":true,"href":"https:\/\/compuviper.mx\/tienda\/wp-json\/wp\/v2\/product_tag?post=232528"}],"curies":[{"name":"wp","href":"https:\/\/api.w.org\/{rel}","templated":true}]}}