{"id":232251,"date":"2026-04-06T23:11:29","date_gmt":"2026-04-07T05:11:29","guid":{"rendered":"https:\/\/compuviper.mx\/tienda\/producto\/dahua-dhi-asa3223a-w-control-de-asistencia-asa3223a-w-control-de-asistencia-con-reconocimiento-facial-pantalla-touch-de-4-3-wifi-2000-rostros-y-contraseas-300000-registros-deteccin-de-vi\/"},"modified":"2026-04-06T23:11:29","modified_gmt":"2026-04-07T05:11:29","slug":"dahua-dhi-asa3223a-w-control-de-asistencia-asa3223a-w-control-de-asistencia-con-reconocimiento-facial-pantalla-touch-de-4-3-wifi-2000-rostros-y-contraseas-300000-registros-deteccin-de-vida","status":"publish","type":"product","link":"https:\/\/compuviper.mx\/tienda\/producto\/dahua-dhi-asa3223a-w-control-de-asistencia-asa3223a-w-control-de-asistencia-con-reconocimiento-facial-pantalla-touch-de-4-3-wifi-2000-rostros-y-contraseas-300000-registros-deteccin-de-vida\/","title":{"rendered":"Dahua Dhi-asa3223a-w Control De Asistencia\/ \/ Asa3223a-w &#8211; Control De Asistencia Con Reconocimiento Facial\/ Pantalla Touch De 4.3\/ Wifi\/ 2000 Rostros Y Contrase?as\/ 300,000 Registros\/ Deteccin De Vida\/ 0.2seg"},"content":{"rendered":"<table class=\"descripcion\">\n<tr>\n<td>Especificaciones<\/td>\n<\/tr>\n<tr>\n<td>\u0095 procesador principal procesador integrado<\/td>\n<\/tr>\n<tr>\n<td>\u0095 protocolo de red ipv4; rtsp; rtp; tcp; udp; p2p<\/td>\n<\/tr>\n<tr>\n<td>\u0095 interoperabilidad onvif; cgi.<\/td>\n<\/tr>\n<tr>\n<td>\u0095 pantalla de visualizaci\u00f3n lcd de 4,3<\/td>\n<\/tr>\n<tr>\n<td>\u0095 tipo de pantalla pantalla tactil capacitiva<\/td>\n<\/tr>\n<tr>\n<td>\u0095 resoluci\u00f3n de la pantalla 480 (alto) \u00d7 272 (alto)<\/td>\n<\/tr>\n<tr>\n<td>\u0095 c\u00e1mara c\u00e1mara de doble lente hd cmos de 2 mp<\/td>\n<\/tr>\n<tr>\n<td>\u0095 compensaci\u00f3n de luz auto, ir<\/td>\n<\/tr>\n<tr>\n<td>\u0095 mensaje de voz s\u00ed<\/td>\n<\/tr>\n<tr>\n<td>\u0095 rango de altura de reconocimiento facial 1,1 m\u00962,0 m (3,61 pies\u00966,56 pies)<\/td>\n<\/tr>\n<tr>\n<td>\u0095 distancia de reconocimiento facial 0,3 m\u00961,5 m (0,98 pies\u00964,92 pies)<\/td>\n<\/tr>\n<tr>\n<td>\u0095 precisi\u00f3n de reconocimiento facial 99.9%<\/td>\n<\/tr>\n<tr>\n<td>\u0095 tiempo de reconocimiento facial 0,2 s<\/td>\n<\/tr>\n<tr>\n<td>\u0095 capacidad de usuario 2,000<\/td>\n<\/tr>\n<tr>\n<td>\u0095 capacidad de registro 300,000<\/td>\n<\/tr>\n<tr>\n<td>\u0095 fuente de alimentaci\u00f3n 12 v cc, 1,5 a<\/td>\n<\/tr>\n<tr>\n<td>\u0095 el consumo de energ\u00eda  and #8804;18 w.<\/td>\n<\/tr>\n<tr>\n<td>\u0095 dimensiones del producto 115,0 mm \u00d7 118,0 mm \u00d7 27,1 mm (4,53 \u00d7 4,65 \u00d7 1,07) (al. \u00d7 an. \u00d7 an.)<\/td>\n<\/tr>\n<tr>\n<td>\u0095 peso neto 250 g (0,55 libras)<\/td>\n<\/tr>\n<\/table>\n","protected":false},"excerpt":{"rendered":"<p>Informaci\u00f3n general. Reloj de asistencia con reconocimiento facial, pantalla t\u00e1ctil de cristal de 4,3 pulgadas con una resoluci\u00f3n de 480\u00d7272, c\u00e1mara de doble lente gran angular de 2mp con iluminaci\u00f3n ir y dwdr, permite los m\u00e9todos de verificaci\u00f3n de rostro y contrase\u00f1a, admite 2000 usuarios, 2000 rostros, 2000 contrase\u00f1as, 50 administradores y 300 000 registros, soporta detecci\u00f3n de cubre bocas, reconoce rostros a una distancia de 0,3 m a 1,5 m (0,98 pies-4,92 pies). Y una detecci\u00f3n de rostro vivo que tiene una tasa de precisi\u00f3n de reconocimiento facial del 99,9 % y el tiempo de comparaci\u00f3n 1:n es de 0,2 s por persona, admite personalizaci\u00f3n de indicaciones de voz.<\/p>\n","protected":false},"featured_media":233765,"comment_status":"open","ping_status":"open","template":"","meta":[],"product_cat":[1540,1541],"product_tag":[1555],"acf":[],"yoast_head":"<!-- This site is optimized with the Yoast SEO plugin v21.7 - https:\/\/yoast.com\/wordpress\/plugins\/seo\/ -->\n<title>[ Dahua ] &#129351; Dhi-asa3223a-w Control De Asistencia\/ \/ Asa3223a-w - Control De Asistencia Con Reconocimiento Facial\/ Pantalla Touch De 4.3\/ Wifi\/ 2000 Rostros Y Contrase\u00f1as\/ 300,000 Registros\/ Deteccin De Vida\/ 0.2seg<\/title>\n<meta name=\"description\" content=\"Compra Dhi-asa3223a-w Control De Asistencia\/ \/ Asa3223a-w - Control De Asistencia Con Reconocimiento Facial\/ Pantalla Touch De 4.3\/ Wifi\/ 2000 Rostros Y Contrase\u00f1as\/ 300,000 Registros\/ Deteccin De Vida\/ 0.2seg + Env\u00edo a domicilio + Pago seguro + Garant\u00eda\" \/>\n<meta name=\"robots\" content=\"index, follow, max-snippet:-1, max-image-preview:large, max-video-preview:-1\" \/>\n<link rel=\"canonical\" href=\"https:\/\/compuviper.mx\/tienda\/producto\/dahua-dhi-asa3223a-w-control-de-asistencia-asa3223a-w-control-de-asistencia-con-reconocimiento-facial-pantalla-touch-de-4-3-wifi-2000-rostros-y-contraseas-300000-registros-deteccin-de-vida\/\" \/>\n<meta property=\"og:locale\" content=\"es_MX\" \/>\n<meta property=\"og:type\" content=\"article\" \/>\n<meta property=\"og:title\" content=\"[ Dahua ] &#129351; Dhi-asa3223a-w Control De Asistencia\/ \/ Asa3223a-w - Control De Asistencia Con Reconocimiento Facial\/ Pantalla Touch De 4.3\/ Wifi\/ 2000 Rostros Y Contrase\u00f1as\/ 300,000 Registros\/ Deteccin De Vida\/ 0.2seg\" \/>\n<meta property=\"og:description\" content=\"Compra Dhi-asa3223a-w Control De Asistencia\/ \/ Asa3223a-w - Control De Asistencia Con Reconocimiento Facial\/ Pantalla Touch De 4.3\/ Wifi\/ 2000 Rostros Y Contrase\u00f1as\/ 300,000 Registros\/ Deteccin De Vida\/ 0.2seg + Env\u00edo a domicilio + Pago seguro + Garant\u00eda\" \/>\n<meta property=\"og:url\" content=\"https:\/\/compuviper.mx\/tienda\/producto\/dahua-dhi-asa3223a-w-control-de-asistencia-asa3223a-w-control-de-asistencia-con-reconocimiento-facial-pantalla-touch-de-4-3-wifi-2000-rostros-y-contraseas-300000-registros-deteccin-de-vida\/\" \/>\n<meta property=\"og:site_name\" content=\"Compuviper\" \/>\n<meta property=\"article:publisher\" content=\"https:\/\/www.facebook.com\/compuviper\" \/>\n<meta property=\"og:image\" content=\"https:\/\/compuviper.mx\/tienda\/wp-content\/uploads\/2024\/05\/Control-de-asistencia-dahua-asa3223a-w-control-de-asistencia-con-reconocimiento-facial-pantalla-touch-de-4.3\u0094-wifi-2000-rostros-y-contrasenas-300000-registros-deteccion-de-vida-0.2seg.jpg\" \/>\n\t<meta property=\"og:image:width\" content=\"200\" \/>\n\t<meta property=\"og:image:height\" content=\"200\" \/>\n\t<meta property=\"og:image:type\" content=\"image\/jpeg\" \/>\n<meta name=\"twitter:card\" content=\"summary_large_image\" \/>\n<meta name=\"twitter:label1\" content=\"Precio\" \/>\n\t<meta name=\"twitter:data1\" content=\"&#36;1,402 con IVA\" \/>\n\t<meta name=\"twitter:label2\" content=\"Availability\" \/>\n\t<meta name=\"twitter:data2\" content=\"Out of stock\" \/>\n<script type=\"application\/ld+json\" class=\"yoast-schema-graph\">{\"@context\":\"https:\/\/schema.org\",\"@graph\":[{\"@type\":\"WebPage\",\"@id\":\"https:\/\/compuviper.mx\/tienda\/producto\/dahua-dhi-asa3223a-w-control-de-asistencia-asa3223a-w-control-de-asistencia-con-reconocimiento-facial-pantalla-touch-de-4-3-wifi-2000-rostros-y-contraseas-300000-registros-deteccin-de-vida\/\",\"url\":\"https:\/\/compuviper.mx\/tienda\/producto\/dahua-dhi-asa3223a-w-control-de-asistencia-asa3223a-w-control-de-asistencia-con-reconocimiento-facial-pantalla-touch-de-4-3-wifi-2000-rostros-y-contraseas-300000-registros-deteccin-de-vida\/\",\"name\":\"[ Dahua ] &#129351; Dhi-asa3223a-w Control De Asistencia\/ \/ Asa3223a-w - Control De Asistencia Con Reconocimiento Facial\/ Pantalla Touch De 4.3\/ Wifi\/ 2000 Rostros Y Contrase\u00f1as\/ 300,000 Registros\/ Deteccin De Vida\/ 0.2seg\",\"isPartOf\":{\"@id\":\"https:\/\/compuviper.mx\/tienda\/#website\"},\"datePublished\":\"2026-04-07T05:11:29+00:00\",\"dateModified\":\"2026-04-07T05:11:29+00:00\",\"description\":\"Compra Dhi-asa3223a-w Control De Asistencia\/ \/ Asa3223a-w - Control De Asistencia Con Reconocimiento Facial\/ Pantalla Touch De 4.3\/ Wifi\/ 2000 Rostros Y Contrase\u00f1as\/ 300,000 Registros\/ Deteccin De Vida\/ 0.2seg + Env\u00edo a domicilio + Pago seguro + Garant\u00eda\",\"breadcrumb\":{\"@id\":\"https:\/\/compuviper.mx\/tienda\/producto\/dahua-dhi-asa3223a-w-control-de-asistencia-asa3223a-w-control-de-asistencia-con-reconocimiento-facial-pantalla-touch-de-4-3-wifi-2000-rostros-y-contraseas-300000-registros-deteccin-de-vida\/#breadcrumb\"},\"inLanguage\":\"es-MX\",\"potentialAction\":[{\"@type\":\"ReadAction\",\"target\":[\"https:\/\/compuviper.mx\/tienda\/producto\/dahua-dhi-asa3223a-w-control-de-asistencia-asa3223a-w-control-de-asistencia-con-reconocimiento-facial-pantalla-touch-de-4-3-wifi-2000-rostros-y-contraseas-300000-registros-deteccin-de-vida\/\"]}]},{\"@type\":\"BreadcrumbList\",\"@id\":\"https:\/\/compuviper.mx\/tienda\/producto\/dahua-dhi-asa3223a-w-control-de-asistencia-asa3223a-w-control-de-asistencia-con-reconocimiento-facial-pantalla-touch-de-4-3-wifi-2000-rostros-y-contraseas-300000-registros-deteccin-de-vida\/#breadcrumb\",\"itemListElement\":[{\"@type\":\"ListItem\",\"position\":1,\"name\":\"Inicio\",\"item\":\"https:\/\/compuviper.mx\/tienda\/\"},{\"@type\":\"ListItem\",\"position\":2,\"name\":\"Productos\",\"item\":\"https:\/\/compuviper.mx\/tienda\/productos\/\"},{\"@type\":\"ListItem\",\"position\":3,\"name\":\"Control De Acceso Y Asistencia\",\"item\":\"https:\/\/compuviper.mx\/tienda\/categoria-producto\/control-de-acceso-y-asistencia\/\"},{\"@type\":\"ListItem\",\"position\":4,\"name\":\"Lectores De Control De Acceso Y Asistencia\",\"item\":\"https:\/\/compuviper.mx\/tienda\/categoria-producto\/control-de-acceso-y-asistencia\/lectores-de-control-de-acceso-y-asistencia\/\"},{\"@type\":\"ListItem\",\"position\":5,\"name\":\"Dahua Dhi-asa3223a-w Control De Asistencia\/ \/ Asa3223a-w &#8211; Control De Asistencia Con Reconocimiento Facial\/ Pantalla Touch De 4.3\/ Wifi\/ 2000 Rostros Y Contrase?as\/ 300,000 Registros\/ Deteccin De Vida\/ 0.2seg\"}]},{\"@type\":\"WebSite\",\"@id\":\"https:\/\/compuviper.mx\/tienda\/#website\",\"url\":\"https:\/\/compuviper.mx\/tienda\/\",\"name\":\"Compuviper\",\"description\":\"Proveedor de Computadoras, Laptops, Servidores, Monitores, Puntos de Venta, Teclados,   Impresoras, T\u00f3ner, C\u00e1maras de Seguridad y m\u00e1s en tu tienda en l\u00ednea\",\"publisher\":{\"@id\":\"https:\/\/compuviper.mx\/tienda\/#organization\"},\"potentialAction\":[{\"@type\":\"SearchAction\",\"target\":{\"@type\":\"EntryPoint\",\"urlTemplate\":\"https:\/\/compuviper.mx\/tienda\/?s={search_term_string}\"},\"query-input\":\"required name=search_term_string\"}],\"inLanguage\":\"es-MX\"},{\"@type\":\"Organization\",\"@id\":\"https:\/\/compuviper.mx\/tienda\/#organization\",\"name\":\"Compuviper\",\"url\":\"https:\/\/compuviper.mx\/tienda\/\",\"logo\":{\"@type\":\"ImageObject\",\"inLanguage\":\"es-MX\",\"@id\":\"https:\/\/compuviper.mx\/tienda\/#\/schema\/logo\/image\/\",\"url\":\"https:\/\/compuviper.mx\/tienda\/wp-content\/uploads\/2021\/08\/Logo-Compuviper-10.png\",\"contentUrl\":\"https:\/\/compuviper.mx\/tienda\/wp-content\/uploads\/2021\/08\/Logo-Compuviper-10.png\",\"width\":1000,\"height\":500,\"caption\":\"Compuviper\"},\"image\":{\"@id\":\"https:\/\/compuviper.mx\/tienda\/#\/schema\/logo\/image\/\"},\"sameAs\":[\"https:\/\/www.facebook.com\/compuviper\",\"https:\/\/www.youtube.com\/channel\/UCf73dERp9Y3cfOq7q8BhLjA?view_as=subscriber\"]}]}<\/script>\n<meta property=\"product:brand\" content=\"DAHUA\" \/>\n<meta property=\"product:price:amount\" content=\"1402\" \/>\n<meta property=\"product:price:currency\" content=\"MXN\" \/>\n<meta property=\"og:availability\" content=\"out of stock\" \/>\n<meta property=\"product:availability\" content=\"out of stock\" \/>\n<meta property=\"product:retailer_item_id\" content=\"DHI-ASA3223A-W\" \/>\n<meta property=\"product:condition\" content=\"new\" \/>\n<!-- \/ Yoast SEO plugin. -->","yoast_head_json":{"title":"[ Dahua ] &#129351; Dhi-asa3223a-w Control De Asistencia\/ \/ Asa3223a-w - Control De Asistencia Con Reconocimiento Facial\/ Pantalla Touch De 4.3\/ Wifi\/ 2000 Rostros Y Contrase\u00f1as\/ 300,000 Registros\/ Deteccin De Vida\/ 0.2seg","description":"Compra Dhi-asa3223a-w Control De Asistencia\/ \/ Asa3223a-w - Control De Asistencia Con Reconocimiento Facial\/ Pantalla Touch De 4.3\/ Wifi\/ 2000 Rostros Y Contrase\u00f1as\/ 300,000 Registros\/ Deteccin De Vida\/ 0.2seg + Env\u00edo a domicilio + Pago seguro + Garant\u00eda","robots":{"index":"index","follow":"follow","max-snippet":"max-snippet:-1","max-image-preview":"max-image-preview:large","max-video-preview":"max-video-preview:-1"},"canonical":"https:\/\/compuviper.mx\/tienda\/producto\/dahua-dhi-asa3223a-w-control-de-asistencia-asa3223a-w-control-de-asistencia-con-reconocimiento-facial-pantalla-touch-de-4-3-wifi-2000-rostros-y-contraseas-300000-registros-deteccin-de-vida\/","og_locale":"es_MX","og_type":"article","og_title":"[ Dahua ] &#129351; Dhi-asa3223a-w Control De Asistencia\/ \/ Asa3223a-w - Control De Asistencia Con Reconocimiento Facial\/ Pantalla Touch De 4.3\/ Wifi\/ 2000 Rostros Y Contrase\u00f1as\/ 300,000 Registros\/ Deteccin De Vida\/ 0.2seg","og_description":"Compra Dhi-asa3223a-w Control De Asistencia\/ \/ Asa3223a-w - Control De Asistencia Con Reconocimiento Facial\/ Pantalla Touch De 4.3\/ Wifi\/ 2000 Rostros Y Contrase\u00f1as\/ 300,000 Registros\/ Deteccin De Vida\/ 0.2seg + Env\u00edo a domicilio + Pago seguro + Garant\u00eda","og_url":"https:\/\/compuviper.mx\/tienda\/producto\/dahua-dhi-asa3223a-w-control-de-asistencia-asa3223a-w-control-de-asistencia-con-reconocimiento-facial-pantalla-touch-de-4-3-wifi-2000-rostros-y-contraseas-300000-registros-deteccin-de-vida\/","og_site_name":"Compuviper","article_publisher":"https:\/\/www.facebook.com\/compuviper","og_image":[{"width":200,"height":200,"url":"https:\/\/compuviper.mx\/tienda\/wp-content\/uploads\/2024\/05\/Control-de-asistencia-dahua-asa3223a-w-control-de-asistencia-con-reconocimiento-facial-pantalla-touch-de-4.3\u0094-wifi-2000-rostros-y-contrasenas-300000-registros-deteccion-de-vida-0.2seg.jpg","type":"image\/jpeg"}],"twitter_card":"summary_large_image","twitter_misc":{"Precio":"&#36;1,402 con IVA","Availability":"Out of stock"},"schema":{"@context":"https:\/\/schema.org","@graph":[{"@type":"WebPage","@id":"https:\/\/compuviper.mx\/tienda\/producto\/dahua-dhi-asa3223a-w-control-de-asistencia-asa3223a-w-control-de-asistencia-con-reconocimiento-facial-pantalla-touch-de-4-3-wifi-2000-rostros-y-contraseas-300000-registros-deteccin-de-vida\/","url":"https:\/\/compuviper.mx\/tienda\/producto\/dahua-dhi-asa3223a-w-control-de-asistencia-asa3223a-w-control-de-asistencia-con-reconocimiento-facial-pantalla-touch-de-4-3-wifi-2000-rostros-y-contraseas-300000-registros-deteccin-de-vida\/","name":"[ Dahua ] &#129351; Dhi-asa3223a-w Control De Asistencia\/ \/ Asa3223a-w - Control De Asistencia Con Reconocimiento Facial\/ Pantalla Touch De 4.3\/ Wifi\/ 2000 Rostros Y Contrase\u00f1as\/ 300,000 Registros\/ Deteccin De Vida\/ 0.2seg","isPartOf":{"@id":"https:\/\/compuviper.mx\/tienda\/#website"},"datePublished":"2026-04-07T05:11:29+00:00","dateModified":"2026-04-07T05:11:29+00:00","description":"Compra Dhi-asa3223a-w Control De Asistencia\/ \/ Asa3223a-w - Control De Asistencia Con Reconocimiento Facial\/ Pantalla Touch De 4.3\/ Wifi\/ 2000 Rostros Y Contrase\u00f1as\/ 300,000 Registros\/ Deteccin De Vida\/ 0.2seg + Env\u00edo a domicilio + Pago seguro + Garant\u00eda","breadcrumb":{"@id":"https:\/\/compuviper.mx\/tienda\/producto\/dahua-dhi-asa3223a-w-control-de-asistencia-asa3223a-w-control-de-asistencia-con-reconocimiento-facial-pantalla-touch-de-4-3-wifi-2000-rostros-y-contraseas-300000-registros-deteccin-de-vida\/#breadcrumb"},"inLanguage":"es-MX","potentialAction":[{"@type":"ReadAction","target":["https:\/\/compuviper.mx\/tienda\/producto\/dahua-dhi-asa3223a-w-control-de-asistencia-asa3223a-w-control-de-asistencia-con-reconocimiento-facial-pantalla-touch-de-4-3-wifi-2000-rostros-y-contraseas-300000-registros-deteccin-de-vida\/"]}]},{"@type":"BreadcrumbList","@id":"https:\/\/compuviper.mx\/tienda\/producto\/dahua-dhi-asa3223a-w-control-de-asistencia-asa3223a-w-control-de-asistencia-con-reconocimiento-facial-pantalla-touch-de-4-3-wifi-2000-rostros-y-contraseas-300000-registros-deteccin-de-vida\/#breadcrumb","itemListElement":[{"@type":"ListItem","position":1,"name":"Inicio","item":"https:\/\/compuviper.mx\/tienda\/"},{"@type":"ListItem","position":2,"name":"Productos","item":"https:\/\/compuviper.mx\/tienda\/productos\/"},{"@type":"ListItem","position":3,"name":"Control De Acceso Y Asistencia","item":"https:\/\/compuviper.mx\/tienda\/categoria-producto\/control-de-acceso-y-asistencia\/"},{"@type":"ListItem","position":4,"name":"Lectores De Control De Acceso Y Asistencia","item":"https:\/\/compuviper.mx\/tienda\/categoria-producto\/control-de-acceso-y-asistencia\/lectores-de-control-de-acceso-y-asistencia\/"},{"@type":"ListItem","position":5,"name":"Dahua Dhi-asa3223a-w Control De Asistencia\/ \/ Asa3223a-w &#8211; Control De Asistencia Con Reconocimiento Facial\/ Pantalla Touch De 4.3\/ Wifi\/ 2000 Rostros Y Contrase?as\/ 300,000 Registros\/ Deteccin De Vida\/ 0.2seg"}]},{"@type":"WebSite","@id":"https:\/\/compuviper.mx\/tienda\/#website","url":"https:\/\/compuviper.mx\/tienda\/","name":"Compuviper","description":"Proveedor de Computadoras, Laptops, Servidores, Monitores, Puntos de Venta, Teclados,   Impresoras, T\u00f3ner, C\u00e1maras de Seguridad y m\u00e1s en tu tienda en l\u00ednea","publisher":{"@id":"https:\/\/compuviper.mx\/tienda\/#organization"},"potentialAction":[{"@type":"SearchAction","target":{"@type":"EntryPoint","urlTemplate":"https:\/\/compuviper.mx\/tienda\/?s={search_term_string}"},"query-input":"required name=search_term_string"}],"inLanguage":"es-MX"},{"@type":"Organization","@id":"https:\/\/compuviper.mx\/tienda\/#organization","name":"Compuviper","url":"https:\/\/compuviper.mx\/tienda\/","logo":{"@type":"ImageObject","inLanguage":"es-MX","@id":"https:\/\/compuviper.mx\/tienda\/#\/schema\/logo\/image\/","url":"https:\/\/compuviper.mx\/tienda\/wp-content\/uploads\/2021\/08\/Logo-Compuviper-10.png","contentUrl":"https:\/\/compuviper.mx\/tienda\/wp-content\/uploads\/2021\/08\/Logo-Compuviper-10.png","width":1000,"height":500,"caption":"Compuviper"},"image":{"@id":"https:\/\/compuviper.mx\/tienda\/#\/schema\/logo\/image\/"},"sameAs":["https:\/\/www.facebook.com\/compuviper","https:\/\/www.youtube.com\/channel\/UCf73dERp9Y3cfOq7q8BhLjA?view_as=subscriber"]}]},"product_brand":"DAHUA","product_price_amount":"1402","product_price_currency":"MXN","og_availability":"out of stock","product_availability":"out of stock","product_retailer_item_id":"DHI-ASA3223A-W","product_condition":"new"},"_links":{"self":[{"href":"https:\/\/compuviper.mx\/tienda\/wp-json\/wp\/v2\/product\/232251"}],"collection":[{"href":"https:\/\/compuviper.mx\/tienda\/wp-json\/wp\/v2\/product"}],"about":[{"href":"https:\/\/compuviper.mx\/tienda\/wp-json\/wp\/v2\/types\/product"}],"replies":[{"embeddable":true,"href":"https:\/\/compuviper.mx\/tienda\/wp-json\/wp\/v2\/comments?post=232251"}],"wp:featuredmedia":[{"embeddable":true,"href":"https:\/\/compuviper.mx\/tienda\/wp-json\/wp\/v2\/media\/233765"}],"wp:attachment":[{"href":"https:\/\/compuviper.mx\/tienda\/wp-json\/wp\/v2\/media?parent=232251"}],"wp:term":[{"taxonomy":"product_cat","embeddable":true,"href":"https:\/\/compuviper.mx\/tienda\/wp-json\/wp\/v2\/product_cat?post=232251"},{"taxonomy":"product_tag","embeddable":true,"href":"https:\/\/compuviper.mx\/tienda\/wp-json\/wp\/v2\/product_tag?post=232251"}],"curies":[{"name":"wp","href":"https:\/\/api.w.org\/{rel}","templated":true}]}}