{"id":232210,"date":"2026-04-16T00:49:47","date_gmt":"2026-04-16T06:49:47","guid":{"rendered":"https:\/\/compuviper.mx\/tienda\/producto\/tech-zone-pos-tzbed17w-monitor-tactil-techzone-touch-capacitivo-lcd-17-1440-x-900-px-hdmi-vga-dc-usb-touch-30-80-hz\/"},"modified":"2026-04-16T00:49:47","modified_gmt":"2026-04-16T06:49:47","slug":"tech-zone-pos-tzbed17w-monitor-tactil-techzone-touch-capacitivo-lcd-17-1440-x-900-px-hdmi-vga-dc-usb-touch-30-80-hz","status":"publish","type":"product","link":"https:\/\/compuviper.mx\/tienda\/producto\/tech-zone-pos-tzbed17w-monitor-tactil-techzone-touch-capacitivo-lcd-17-1440-x-900-px-hdmi-vga-dc-usb-touch-30-80-hz\/","title":{"rendered":"Tech Zone Pos Tzbed17w Monitor Tactil Techzone , Touch Capacitivo Lcd 17? 1440 X 900 Px Hdmi , Vga, Dc, Usb Touch 30-80 Hz"},"content":{"rendered":"<table class=\"descripcion\">\n<tr>\n<td>Especificaciones<\/td>\n<\/tr>\n<tr>\n<td>Pantalla<\/td>\n<\/tr>\n<tr>\n<td> monitor: touch capacitivo lcd<\/td>\n<\/tr>\n<tr>\n<td> 17 \u0094 con formato 16:10<\/td>\n<\/tr>\n<tr>\n<td> resolucion: 1440 x 900 px<\/td>\n<\/tr>\n<tr>\n<td> angulo de vision: 80,80 85,85 arriba abajo<\/td>\n<\/tr>\n<tr>\n<td> izquierda derecha<\/td>\n<\/tr>\n<tr>\n<td> relacion de contraste: 1000:1<\/td>\n<\/tr>\n<tr>\n<td> tiempo de respuesta en blanco y negro: 3.6\/1.4 tr\/td ms<\/td>\n<\/tr>\n<tr>\n<td> paso de puntos: 0.297mm<\/td>\n<\/tr>\n<tr>\n<td> rango de exploracion vertical: 56-75hz<\/td>\n<\/tr>\n<tr>\n<td>Conectividad<\/td>\n<\/tr>\n<tr>\n<td> interfaz: hdmi, vga, dc, usb touch<\/td>\n<\/tr>\n<tr>\n<td> entrada: rgb analogo<\/td>\n<\/tr>\n<tr>\n<td> caracteristicas electricas y condiciones ambientales<\/td>\n<\/tr>\n<tr>\n<td>  consumo de energa: 20w<\/td>\n<\/tr>\n<tr>\n<td>  energia: 12v, 3a<\/td>\n<\/tr>\n<tr>\n<td>  energia en modo reposo: 1w<\/td>\n<\/tr>\n<tr>\n<td> temperatura de trabajo: 0 \u00b0c ~ 50 \u00b0c<\/td>\n<\/tr>\n<tr>\n<td> temperatura de almacenamiento: -20\u00b0c ~ 60\u00b0c<\/td>\n<\/tr>\n<\/table>\n","protected":false},"excerpt":{"rendered":"<p>Informacion general. Monitor tactil con pantalla lcd de 17 pulgadas, el brillo. De la pantalla se ajusta automaticamente gracias a un. Sensor que responde a la luz ambiental .<\/p>\n","protected":false},"featured_media":234148,"comment_status":"open","ping_status":"open","template":"","meta":[],"product_cat":[1532,1533],"product_tag":[2234],"acf":[],"yoast_head":"<!-- This site is optimized with the Yoast SEO plugin v21.7 - https:\/\/yoast.com\/wordpress\/plugins\/seo\/ -->\n<title>[ Tech Zone Pos ] &#129351; Tzbed17w Monitor Tactil Techzone , Touch Capacitivo Lcd 17\u00a8 1440 X 900 Px Hdmi , Vga, Dc, Usb Touch 30-80 Hz<\/title>\n<meta name=\"description\" content=\"Compra Tzbed17w Monitor Tactil Techzone , Touch Capacitivo Lcd 17\u00a8 1440 X 900 Px Hdmi , Vga, Dc, Usb Touch 30-80 Hz + Env\u00edo a domicilio + Pago seguro + Garant\u00eda\" \/>\n<meta name=\"robots\" content=\"index, follow, max-snippet:-1, max-image-preview:large, max-video-preview:-1\" \/>\n<link rel=\"canonical\" href=\"https:\/\/compuviper.mx\/tienda\/producto\/tech-zone-pos-tzbed17w-monitor-tactil-techzone-touch-capacitivo-lcd-17-1440-x-900-px-hdmi-vga-dc-usb-touch-30-80-hz\/\" \/>\n<meta property=\"og:locale\" content=\"es_MX\" \/>\n<meta property=\"og:type\" content=\"article\" \/>\n<meta property=\"og:title\" content=\"[ Tech Zone Pos ] &#129351; Tzbed17w Monitor Tactil Techzone , Touch Capacitivo Lcd 17\u00a8 1440 X 900 Px Hdmi , Vga, Dc, Usb Touch 30-80 Hz\" \/>\n<meta property=\"og:description\" content=\"Compra Tzbed17w Monitor Tactil Techzone , Touch Capacitivo Lcd 17\u00a8 1440 X 900 Px Hdmi , Vga, Dc, Usb Touch 30-80 Hz + Env\u00edo a domicilio + Pago seguro + Garant\u00eda\" \/>\n<meta property=\"og:url\" content=\"https:\/\/compuviper.mx\/tienda\/producto\/tech-zone-pos-tzbed17w-monitor-tactil-techzone-touch-capacitivo-lcd-17-1440-x-900-px-hdmi-vga-dc-usb-touch-30-80-hz\/\" \/>\n<meta property=\"og:site_name\" content=\"Compuviper\" \/>\n<meta property=\"article:publisher\" content=\"https:\/\/www.facebook.com\/compuviper\" \/>\n<meta property=\"og:image\" content=\"https:\/\/compuviper.mx\/tienda\/wp-content\/uploads\/2024\/05\/Monitor-tactil-techzone-tzbed17w-touch-capacitivo-lcd-17\u00a8-1440-x-900-px-hdmi-vga-dc-usb-touch-30-80-hz.jpg\" \/>\n\t<meta property=\"og:image:width\" content=\"200\" \/>\n\t<meta property=\"og:image:height\" content=\"200\" \/>\n\t<meta property=\"og:image:type\" content=\"image\/jpeg\" \/>\n<meta name=\"twitter:card\" content=\"summary_large_image\" \/>\n<meta name=\"twitter:label1\" content=\"Precio\" \/>\n\t<meta name=\"twitter:data1\" content=\"&#36;5,219 con IVA\" \/>\n\t<meta name=\"twitter:label2\" content=\"Availability\" \/>\n\t<meta name=\"twitter:data2\" content=\"On backorder\" \/>\n<script type=\"application\/ld+json\" class=\"yoast-schema-graph\">{\"@context\":\"https:\/\/schema.org\",\"@graph\":[{\"@type\":\"WebPage\",\"@id\":\"https:\/\/compuviper.mx\/tienda\/producto\/tech-zone-pos-tzbed17w-monitor-tactil-techzone-touch-capacitivo-lcd-17-1440-x-900-px-hdmi-vga-dc-usb-touch-30-80-hz\/\",\"url\":\"https:\/\/compuviper.mx\/tienda\/producto\/tech-zone-pos-tzbed17w-monitor-tactil-techzone-touch-capacitivo-lcd-17-1440-x-900-px-hdmi-vga-dc-usb-touch-30-80-hz\/\",\"name\":\"[ Tech Zone Pos ] &#129351; Tzbed17w Monitor Tactil Techzone , Touch Capacitivo Lcd 17\u00a8 1440 X 900 Px Hdmi , Vga, Dc, Usb Touch 30-80 Hz\",\"isPartOf\":{\"@id\":\"https:\/\/compuviper.mx\/tienda\/#website\"},\"datePublished\":\"2026-04-16T06:49:47+00:00\",\"dateModified\":\"2026-04-16T06:49:47+00:00\",\"description\":\"Compra Tzbed17w Monitor Tactil Techzone , Touch Capacitivo Lcd 17\u00a8 1440 X 900 Px Hdmi , Vga, Dc, Usb Touch 30-80 Hz + Env\u00edo a domicilio + Pago seguro + Garant\u00eda\",\"breadcrumb\":{\"@id\":\"https:\/\/compuviper.mx\/tienda\/producto\/tech-zone-pos-tzbed17w-monitor-tactil-techzone-touch-capacitivo-lcd-17-1440-x-900-px-hdmi-vga-dc-usb-touch-30-80-hz\/#breadcrumb\"},\"inLanguage\":\"es-MX\",\"potentialAction\":[{\"@type\":\"ReadAction\",\"target\":[\"https:\/\/compuviper.mx\/tienda\/producto\/tech-zone-pos-tzbed17w-monitor-tactil-techzone-touch-capacitivo-lcd-17-1440-x-900-px-hdmi-vga-dc-usb-touch-30-80-hz\/\"]}]},{\"@type\":\"BreadcrumbList\",\"@id\":\"https:\/\/compuviper.mx\/tienda\/producto\/tech-zone-pos-tzbed17w-monitor-tactil-techzone-touch-capacitivo-lcd-17-1440-x-900-px-hdmi-vga-dc-usb-touch-30-80-hz\/#breadcrumb\",\"itemListElement\":[{\"@type\":\"ListItem\",\"position\":1,\"name\":\"Inicio\",\"item\":\"https:\/\/compuviper.mx\/tienda\/\"},{\"@type\":\"ListItem\",\"position\":2,\"name\":\"Productos\",\"item\":\"https:\/\/compuviper.mx\/tienda\/productos\/\"},{\"@type\":\"ListItem\",\"position\":3,\"name\":\"Terminal Pos\",\"item\":\"https:\/\/compuviper.mx\/tienda\/categoria-producto\/terminal-pos\/\"},{\"@type\":\"ListItem\",\"position\":4,\"name\":\"Sin Categor\u00eda\",\"item\":\"https:\/\/compuviper.mx\/tienda\/categoria-producto\/terminal-pos\/sin-categoria-terminal-pos\/\"},{\"@type\":\"ListItem\",\"position\":5,\"name\":\"Tech Zone Pos Tzbed17w Monitor Tactil Techzone , Touch Capacitivo Lcd 17? 1440 X 900 Px Hdmi , Vga, Dc, Usb Touch 30-80 Hz\"}]},{\"@type\":\"WebSite\",\"@id\":\"https:\/\/compuviper.mx\/tienda\/#website\",\"url\":\"https:\/\/compuviper.mx\/tienda\/\",\"name\":\"Compuviper\",\"description\":\"Proveedor de Computadoras, Laptops, Servidores, Monitores, Puntos de Venta, Teclados,   Impresoras, T\u00f3ner, C\u00e1maras de Seguridad y m\u00e1s en tu tienda en l\u00ednea\",\"publisher\":{\"@id\":\"https:\/\/compuviper.mx\/tienda\/#organization\"},\"potentialAction\":[{\"@type\":\"SearchAction\",\"target\":{\"@type\":\"EntryPoint\",\"urlTemplate\":\"https:\/\/compuviper.mx\/tienda\/?s={search_term_string}\"},\"query-input\":\"required name=search_term_string\"}],\"inLanguage\":\"es-MX\"},{\"@type\":\"Organization\",\"@id\":\"https:\/\/compuviper.mx\/tienda\/#organization\",\"name\":\"Compuviper\",\"url\":\"https:\/\/compuviper.mx\/tienda\/\",\"logo\":{\"@type\":\"ImageObject\",\"inLanguage\":\"es-MX\",\"@id\":\"https:\/\/compuviper.mx\/tienda\/#\/schema\/logo\/image\/\",\"url\":\"https:\/\/compuviper.mx\/tienda\/wp-content\/uploads\/2021\/08\/Logo-Compuviper-10.png\",\"contentUrl\":\"https:\/\/compuviper.mx\/tienda\/wp-content\/uploads\/2021\/08\/Logo-Compuviper-10.png\",\"width\":1000,\"height\":500,\"caption\":\"Compuviper\"},\"image\":{\"@id\":\"https:\/\/compuviper.mx\/tienda\/#\/schema\/logo\/image\/\"},\"sameAs\":[\"https:\/\/www.facebook.com\/compuviper\",\"https:\/\/www.youtube.com\/channel\/UCf73dERp9Y3cfOq7q8BhLjA?view_as=subscriber\"]}]}<\/script>\n<meta property=\"product:brand\" content=\"Tech Zone Pos\" \/>\n<meta property=\"product:price:amount\" content=\"5219\" \/>\n<meta property=\"product:price:currency\" content=\"MXN\" \/>\n<meta property=\"og:availability\" content=\"backorder\" \/>\n<meta property=\"product:availability\" content=\"available for order\" \/>\n<meta property=\"product:retailer_item_id\" content=\"TZBED17W\" \/>\n<meta property=\"product:condition\" content=\"new\" \/>\n<!-- \/ Yoast SEO plugin. -->","yoast_head_json":{"title":"[ Tech Zone Pos ] &#129351; Tzbed17w Monitor Tactil Techzone , Touch Capacitivo Lcd 17\u00a8 1440 X 900 Px Hdmi , Vga, Dc, Usb Touch 30-80 Hz","description":"Compra Tzbed17w Monitor Tactil Techzone , Touch Capacitivo Lcd 17\u00a8 1440 X 900 Px Hdmi , Vga, Dc, Usb Touch 30-80 Hz + Env\u00edo a domicilio + Pago seguro + Garant\u00eda","robots":{"index":"index","follow":"follow","max-snippet":"max-snippet:-1","max-image-preview":"max-image-preview:large","max-video-preview":"max-video-preview:-1"},"canonical":"https:\/\/compuviper.mx\/tienda\/producto\/tech-zone-pos-tzbed17w-monitor-tactil-techzone-touch-capacitivo-lcd-17-1440-x-900-px-hdmi-vga-dc-usb-touch-30-80-hz\/","og_locale":"es_MX","og_type":"article","og_title":"[ Tech Zone Pos ] &#129351; Tzbed17w Monitor Tactil Techzone , Touch Capacitivo Lcd 17\u00a8 1440 X 900 Px Hdmi , Vga, Dc, Usb Touch 30-80 Hz","og_description":"Compra Tzbed17w Monitor Tactil Techzone , Touch Capacitivo Lcd 17\u00a8 1440 X 900 Px Hdmi , Vga, Dc, Usb Touch 30-80 Hz + Env\u00edo a domicilio + Pago seguro + Garant\u00eda","og_url":"https:\/\/compuviper.mx\/tienda\/producto\/tech-zone-pos-tzbed17w-monitor-tactil-techzone-touch-capacitivo-lcd-17-1440-x-900-px-hdmi-vga-dc-usb-touch-30-80-hz\/","og_site_name":"Compuviper","article_publisher":"https:\/\/www.facebook.com\/compuviper","og_image":[{"width":200,"height":200,"url":"https:\/\/compuviper.mx\/tienda\/wp-content\/uploads\/2024\/05\/Monitor-tactil-techzone-tzbed17w-touch-capacitivo-lcd-17\u00a8-1440-x-900-px-hdmi-vga-dc-usb-touch-30-80-hz.jpg","type":"image\/jpeg"}],"twitter_card":"summary_large_image","twitter_misc":{"Precio":"&#36;5,219 con IVA","Availability":"On backorder"},"schema":{"@context":"https:\/\/schema.org","@graph":[{"@type":"WebPage","@id":"https:\/\/compuviper.mx\/tienda\/producto\/tech-zone-pos-tzbed17w-monitor-tactil-techzone-touch-capacitivo-lcd-17-1440-x-900-px-hdmi-vga-dc-usb-touch-30-80-hz\/","url":"https:\/\/compuviper.mx\/tienda\/producto\/tech-zone-pos-tzbed17w-monitor-tactil-techzone-touch-capacitivo-lcd-17-1440-x-900-px-hdmi-vga-dc-usb-touch-30-80-hz\/","name":"[ Tech Zone Pos ] &#129351; Tzbed17w Monitor Tactil Techzone , Touch Capacitivo Lcd 17\u00a8 1440 X 900 Px Hdmi , Vga, Dc, Usb Touch 30-80 Hz","isPartOf":{"@id":"https:\/\/compuviper.mx\/tienda\/#website"},"datePublished":"2026-04-16T06:49:47+00:00","dateModified":"2026-04-16T06:49:47+00:00","description":"Compra Tzbed17w Monitor Tactil Techzone , Touch Capacitivo Lcd 17\u00a8 1440 X 900 Px Hdmi , Vga, Dc, Usb Touch 30-80 Hz + Env\u00edo a domicilio + Pago seguro + Garant\u00eda","breadcrumb":{"@id":"https:\/\/compuviper.mx\/tienda\/producto\/tech-zone-pos-tzbed17w-monitor-tactil-techzone-touch-capacitivo-lcd-17-1440-x-900-px-hdmi-vga-dc-usb-touch-30-80-hz\/#breadcrumb"},"inLanguage":"es-MX","potentialAction":[{"@type":"ReadAction","target":["https:\/\/compuviper.mx\/tienda\/producto\/tech-zone-pos-tzbed17w-monitor-tactil-techzone-touch-capacitivo-lcd-17-1440-x-900-px-hdmi-vga-dc-usb-touch-30-80-hz\/"]}]},{"@type":"BreadcrumbList","@id":"https:\/\/compuviper.mx\/tienda\/producto\/tech-zone-pos-tzbed17w-monitor-tactil-techzone-touch-capacitivo-lcd-17-1440-x-900-px-hdmi-vga-dc-usb-touch-30-80-hz\/#breadcrumb","itemListElement":[{"@type":"ListItem","position":1,"name":"Inicio","item":"https:\/\/compuviper.mx\/tienda\/"},{"@type":"ListItem","position":2,"name":"Productos","item":"https:\/\/compuviper.mx\/tienda\/productos\/"},{"@type":"ListItem","position":3,"name":"Terminal Pos","item":"https:\/\/compuviper.mx\/tienda\/categoria-producto\/terminal-pos\/"},{"@type":"ListItem","position":4,"name":"Sin Categor\u00eda","item":"https:\/\/compuviper.mx\/tienda\/categoria-producto\/terminal-pos\/sin-categoria-terminal-pos\/"},{"@type":"ListItem","position":5,"name":"Tech Zone Pos Tzbed17w Monitor Tactil Techzone , Touch Capacitivo Lcd 17? 1440 X 900 Px Hdmi , Vga, Dc, Usb Touch 30-80 Hz"}]},{"@type":"WebSite","@id":"https:\/\/compuviper.mx\/tienda\/#website","url":"https:\/\/compuviper.mx\/tienda\/","name":"Compuviper","description":"Proveedor de Computadoras, Laptops, Servidores, Monitores, Puntos de Venta, Teclados,   Impresoras, T\u00f3ner, C\u00e1maras de Seguridad y m\u00e1s en tu tienda en l\u00ednea","publisher":{"@id":"https:\/\/compuviper.mx\/tienda\/#organization"},"potentialAction":[{"@type":"SearchAction","target":{"@type":"EntryPoint","urlTemplate":"https:\/\/compuviper.mx\/tienda\/?s={search_term_string}"},"query-input":"required name=search_term_string"}],"inLanguage":"es-MX"},{"@type":"Organization","@id":"https:\/\/compuviper.mx\/tienda\/#organization","name":"Compuviper","url":"https:\/\/compuviper.mx\/tienda\/","logo":{"@type":"ImageObject","inLanguage":"es-MX","@id":"https:\/\/compuviper.mx\/tienda\/#\/schema\/logo\/image\/","url":"https:\/\/compuviper.mx\/tienda\/wp-content\/uploads\/2021\/08\/Logo-Compuviper-10.png","contentUrl":"https:\/\/compuviper.mx\/tienda\/wp-content\/uploads\/2021\/08\/Logo-Compuviper-10.png","width":1000,"height":500,"caption":"Compuviper"},"image":{"@id":"https:\/\/compuviper.mx\/tienda\/#\/schema\/logo\/image\/"},"sameAs":["https:\/\/www.facebook.com\/compuviper","https:\/\/www.youtube.com\/channel\/UCf73dERp9Y3cfOq7q8BhLjA?view_as=subscriber"]}]},"product_brand":"Tech Zone Pos","product_price_amount":"5219","product_price_currency":"MXN","og_availability":"backorder","product_availability":"available for order","product_retailer_item_id":"TZBED17W","product_condition":"new"},"_links":{"self":[{"href":"https:\/\/compuviper.mx\/tienda\/wp-json\/wp\/v2\/product\/232210"}],"collection":[{"href":"https:\/\/compuviper.mx\/tienda\/wp-json\/wp\/v2\/product"}],"about":[{"href":"https:\/\/compuviper.mx\/tienda\/wp-json\/wp\/v2\/types\/product"}],"replies":[{"embeddable":true,"href":"https:\/\/compuviper.mx\/tienda\/wp-json\/wp\/v2\/comments?post=232210"}],"wp:featuredmedia":[{"embeddable":true,"href":"https:\/\/compuviper.mx\/tienda\/wp-json\/wp\/v2\/media\/234148"}],"wp:attachment":[{"href":"https:\/\/compuviper.mx\/tienda\/wp-json\/wp\/v2\/media?parent=232210"}],"wp:term":[{"taxonomy":"product_cat","embeddable":true,"href":"https:\/\/compuviper.mx\/tienda\/wp-json\/wp\/v2\/product_cat?post=232210"},{"taxonomy":"product_tag","embeddable":true,"href":"https:\/\/compuviper.mx\/tienda\/wp-json\/wp\/v2\/product_tag?post=232210"}],"curies":[{"name":"wp","href":"https:\/\/api.w.org\/{rel}","templated":true}]}}