{"id":232198,"date":"2026-04-23T00:11:37","date_gmt":"2026-04-23T06:11:37","guid":{"rendered":"https:\/\/compuviper.mx\/tienda\/producto\/hikvision-kit7204bpc-kit-turbohd-720p-hilook-by-kit-turbohd-720p-dvr-4-canales-4-cmaras-bala-de-policarbonato-4-cables-18-mts-1-fuente-de-poder-profesional\/"},"modified":"2026-04-23T00:11:37","modified_gmt":"2026-04-23T06:11:37","slug":"hikvision-kit7204bpc-kit-turbohd-720p-hilook-by-kit-turbohd-720p-dvr-4-canales-4-cmaras-bala-de-policarbonato-4-cables-18-mts-1-fuente-de-poder-profesional","status":"publish","type":"product","link":"https:\/\/compuviper.mx\/tienda\/producto\/hikvision-kit7204bpc-kit-turbohd-720p-hilook-by-kit-turbohd-720p-dvr-4-canales-4-cmaras-bala-de-policarbonato-4-cables-18-mts-1-fuente-de-poder-profesional\/","title":{"rendered":"Hikvision Kit7204bp(c) Kit Turbohd 720p Hilook By  Kit Turbohd 720p Dvr 4 Canales \/ 4 Cmaras Bala De Policarbonato \/ 4 Cables 18 Mts \/ 1 Fuente De Poder Profesional"},"content":{"rendered":"<table class=\"descripcion\">\n<tr>\n<td>Dvr 4 canales de vdeo en 720p, soporta 1080p lite.<\/td>\n<\/tr>\n<tr>\n<td>    soporta 4 canales de vdeo analgicos  1 canal ip 1080p = 5 canales en total.<\/td>\n<\/tr>\n<tr>\n<td>    nota: permite apagar canales anlogos para agregar canales ip.<\/td>\n<\/tr>\n<tr>\n<td>    soporta las 5 tecnologas del mercado tvi \/ ahd \/ cvi \/ cvbs.<\/td>\n<\/tr>\n<tr>\n<td>    soporta 1 hdd de hasta 6 tb no incluido.<\/td>\n<\/tr>\n<tr>\n<td>    soporta protocolo coaxitron para ptz turbohd 1080p.<\/td>\n<\/tr>\n<tr>\n<td>    salida de vdeo en full hd vga y hdmi, salida simultanea.<\/td>\n<\/tr>\n<tr>\n<td>    1 puerto de red rj45  10 \/ 100 mbps.<\/td>\n<\/tr>\n<tr>\n<td>    compatible con app hik-connect disponible en google play y app store.<\/td>\n<\/tr>\n<tr>\n<td>    soporta audio por coaxitron<\/td>\n<\/tr>\n<tr>\n<td>    alimentacin y consumo: 12 vcc \/ 8 watts.<\/td>\n<\/tr>\n<tr>\n<td>    dimensiones: 200 x 200 x 45 mm.<\/td>\n<\/tr>\n<tr>\n<td>    peso: 1 kgs.<\/td>\n<\/tr>\n<tr>\n<td>    garanta: 2 ao.<\/td>\n<\/tr>\n<tr>\n<td>    cmara bala 720p.<\/td>\n<\/tr>\n<tr>\n<td>    lente fijo: 2.8 mm angulo de visin 92\u00ba.<\/td>\n<\/tr>\n<tr>\n<td>    soporta 4 tecnologas tvi \/ ahd \/ cvi \/ cvbs.<\/td>\n<\/tr>\n<tr>\n<td>    20 mts ir exir visin nocturna.<\/td>\n<\/tr>\n<tr>\n<td>    dwdr \/ blc.<\/td>\n<\/tr>\n<tr>\n<td>    fabricadas en policarbonato.<\/td>\n<\/tr>\n<tr>\n<td>    no cuenta con microfono<\/td>\n<\/tr>\n<tr>\n<td>    alimentacin y consumo: 12 vcc \/ 4 watts.<\/td>\n<\/tr>\n<tr>\n<td>    proteccin ip66.<\/td>\n<\/tr>\n<tr>\n<td>    dimensiones: 65.9 x 189.2 x 81.8 mm.<\/td>\n<\/tr>\n<tr>\n<td>    peso: 150 grs.<\/td>\n<\/tr>\n<tr>\n<td>    garanta: 2 ao.<\/td>\n<\/tr>\n<\/table>\n","protected":false},"excerpt":{"rendered":"<p>Kit de cmara y dvr turbohd de 1 megapixel<\/p>\n","protected":false},"featured_media":232414,"comment_status":"open","ping_status":"open","template":"","meta":[],"product_cat":[1608,1681],"product_tag":[1595],"acf":[],"yoast_head":"<!-- This site is optimized with the Yoast SEO plugin v21.7 - https:\/\/yoast.com\/wordpress\/plugins\/seo\/ -->\n<title>[ Hikvision ] &#129351; Kit7204bp(c) Kit Turbohd 720p Hilook By Kit Turbohd 720p Dvr 4 Canales \/ 4 Cmaras Bala De Policarbonato \/ 4 Cables 18 Mts \/ 1 Fuente De Poder Profesional<\/title>\n<meta name=\"description\" content=\"Compra Kit7204bp(c) Kit Turbohd 720p Hilook By Kit Turbohd 720p Dvr 4 Canales \/ 4 Cmaras Bala De Policarbonato \/ 4 Cables 18 Mts \/ 1 Fuente De Poder Profesional + Env\u00edo a domicilio + Pago seguro + Garant\u00eda\" \/>\n<meta name=\"robots\" content=\"index, follow, max-snippet:-1, max-image-preview:large, max-video-preview:-1\" \/>\n<link rel=\"canonical\" href=\"https:\/\/compuviper.mx\/tienda\/producto\/hikvision-kit7204bpc-kit-turbohd-720p-hilook-by-kit-turbohd-720p-dvr-4-canales-4-cmaras-bala-de-policarbonato-4-cables-18-mts-1-fuente-de-poder-profesional\/\" \/>\n<meta property=\"og:locale\" content=\"es_MX\" \/>\n<meta property=\"og:type\" content=\"article\" \/>\n<meta property=\"og:title\" content=\"[ Hikvision ] &#129351; Kit7204bp(c) Kit Turbohd 720p Hilook By Kit Turbohd 720p Dvr 4 Canales \/ 4 Cmaras Bala De Policarbonato \/ 4 Cables 18 Mts \/ 1 Fuente De Poder Profesional\" \/>\n<meta property=\"og:description\" content=\"Compra Kit7204bp(c) Kit Turbohd 720p Hilook By Kit Turbohd 720p Dvr 4 Canales \/ 4 Cmaras Bala De Policarbonato \/ 4 Cables 18 Mts \/ 1 Fuente De Poder Profesional + Env\u00edo a domicilio + Pago seguro + Garant\u00eda\" \/>\n<meta property=\"og:url\" content=\"https:\/\/compuviper.mx\/tienda\/producto\/hikvision-kit7204bpc-kit-turbohd-720p-hilook-by-kit-turbohd-720p-dvr-4-canales-4-cmaras-bala-de-policarbonato-4-cables-18-mts-1-fuente-de-poder-profesional\/\" \/>\n<meta property=\"og:site_name\" content=\"Compuviper\" \/>\n<meta property=\"article:publisher\" content=\"https:\/\/www.facebook.com\/compuviper\" \/>\n<meta property=\"og:image\" content=\"https:\/\/compuviper.mx\/tienda\/wp-content\/uploads\/2024\/04\/Kit-turbohd-720p-hilook-by-hikvision-kit-turbohd-720p-dvr-4-canales-4-camaras-bala-de-policarbonato-4-cables-18-mts-1-fuente-de-poder-profesional.jpg\" \/>\n\t<meta property=\"og:image:width\" content=\"200\" \/>\n\t<meta property=\"og:image:height\" content=\"200\" \/>\n\t<meta property=\"og:image:type\" content=\"image\/jpeg\" \/>\n<meta name=\"twitter:card\" content=\"summary_large_image\" \/>\n<meta name=\"twitter:label1\" content=\"Precio\" \/>\n\t<meta name=\"twitter:data1\" content=\"&#36;1,442 con IVA\" \/>\n\t<meta name=\"twitter:label2\" content=\"Availability\" \/>\n\t<meta name=\"twitter:data2\" content=\"On backorder\" \/>\n<script type=\"application\/ld+json\" class=\"yoast-schema-graph\">{\"@context\":\"https:\/\/schema.org\",\"@graph\":[{\"@type\":\"WebPage\",\"@id\":\"https:\/\/compuviper.mx\/tienda\/producto\/hikvision-kit7204bpc-kit-turbohd-720p-hilook-by-kit-turbohd-720p-dvr-4-canales-4-cmaras-bala-de-policarbonato-4-cables-18-mts-1-fuente-de-poder-profesional\/\",\"url\":\"https:\/\/compuviper.mx\/tienda\/producto\/hikvision-kit7204bpc-kit-turbohd-720p-hilook-by-kit-turbohd-720p-dvr-4-canales-4-cmaras-bala-de-policarbonato-4-cables-18-mts-1-fuente-de-poder-profesional\/\",\"name\":\"[ Hikvision ] &#129351; Kit7204bp(c) Kit Turbohd 720p Hilook By Kit Turbohd 720p Dvr 4 Canales \/ 4 Cmaras Bala De Policarbonato \/ 4 Cables 18 Mts \/ 1 Fuente De Poder Profesional\",\"isPartOf\":{\"@id\":\"https:\/\/compuviper.mx\/tienda\/#website\"},\"datePublished\":\"2026-04-23T06:11:37+00:00\",\"dateModified\":\"2026-04-23T06:11:37+00:00\",\"description\":\"Compra Kit7204bp(c) Kit Turbohd 720p Hilook By Kit Turbohd 720p Dvr 4 Canales \/ 4 Cmaras Bala De Policarbonato \/ 4 Cables 18 Mts \/ 1 Fuente De Poder Profesional + Env\u00edo a domicilio + Pago seguro + Garant\u00eda\",\"breadcrumb\":{\"@id\":\"https:\/\/compuviper.mx\/tienda\/producto\/hikvision-kit7204bpc-kit-turbohd-720p-hilook-by-kit-turbohd-720p-dvr-4-canales-4-cmaras-bala-de-policarbonato-4-cables-18-mts-1-fuente-de-poder-profesional\/#breadcrumb\"},\"inLanguage\":\"es-MX\",\"potentialAction\":[{\"@type\":\"ReadAction\",\"target\":[\"https:\/\/compuviper.mx\/tienda\/producto\/hikvision-kit7204bpc-kit-turbohd-720p-hilook-by-kit-turbohd-720p-dvr-4-canales-4-cmaras-bala-de-policarbonato-4-cables-18-mts-1-fuente-de-poder-profesional\/\"]}]},{\"@type\":\"BreadcrumbList\",\"@id\":\"https:\/\/compuviper.mx\/tienda\/producto\/hikvision-kit7204bpc-kit-turbohd-720p-hilook-by-kit-turbohd-720p-dvr-4-canales-4-cmaras-bala-de-policarbonato-4-cables-18-mts-1-fuente-de-poder-profesional\/#breadcrumb\",\"itemListElement\":[{\"@type\":\"ListItem\",\"position\":1,\"name\":\"Inicio\",\"item\":\"https:\/\/compuviper.mx\/tienda\/\"},{\"@type\":\"ListItem\",\"position\":2,\"name\":\"Productos\",\"item\":\"https:\/\/compuviper.mx\/tienda\/productos\/\"},{\"@type\":\"ListItem\",\"position\":3,\"name\":\"Camaras\",\"item\":\"https:\/\/compuviper.mx\/tienda\/categoria-producto\/camaras-2\/\"},{\"@type\":\"ListItem\",\"position\":4,\"name\":\"Camara De Videovigilancia\",\"item\":\"https:\/\/compuviper.mx\/tienda\/categoria-producto\/camaras-2\/camara-de-videovigilancia\/\"},{\"@type\":\"ListItem\",\"position\":5,\"name\":\"Hikvision Kit7204bp(c) Kit Turbohd 720p Hilook By Kit Turbohd 720p Dvr 4 Canales \/ 4 Cmaras Bala De Policarbonato \/ 4 Cables 18 Mts \/ 1 Fuente De Poder Profesional\"}]},{\"@type\":\"WebSite\",\"@id\":\"https:\/\/compuviper.mx\/tienda\/#website\",\"url\":\"https:\/\/compuviper.mx\/tienda\/\",\"name\":\"Compuviper\",\"description\":\"Proveedor de Computadoras, Laptops, Servidores, Monitores, Puntos de Venta, Teclados,   Impresoras, T\u00f3ner, C\u00e1maras de Seguridad y m\u00e1s en tu tienda en l\u00ednea\",\"publisher\":{\"@id\":\"https:\/\/compuviper.mx\/tienda\/#organization\"},\"potentialAction\":[{\"@type\":\"SearchAction\",\"target\":{\"@type\":\"EntryPoint\",\"urlTemplate\":\"https:\/\/compuviper.mx\/tienda\/?s={search_term_string}\"},\"query-input\":\"required name=search_term_string\"}],\"inLanguage\":\"es-MX\"},{\"@type\":\"Organization\",\"@id\":\"https:\/\/compuviper.mx\/tienda\/#organization\",\"name\":\"Compuviper\",\"url\":\"https:\/\/compuviper.mx\/tienda\/\",\"logo\":{\"@type\":\"ImageObject\",\"inLanguage\":\"es-MX\",\"@id\":\"https:\/\/compuviper.mx\/tienda\/#\/schema\/logo\/image\/\",\"url\":\"https:\/\/compuviper.mx\/tienda\/wp-content\/uploads\/2021\/08\/Logo-Compuviper-10.png\",\"contentUrl\":\"https:\/\/compuviper.mx\/tienda\/wp-content\/uploads\/2021\/08\/Logo-Compuviper-10.png\",\"width\":1000,\"height\":500,\"caption\":\"Compuviper\"},\"image\":{\"@id\":\"https:\/\/compuviper.mx\/tienda\/#\/schema\/logo\/image\/\"},\"sameAs\":[\"https:\/\/www.facebook.com\/compuviper\",\"https:\/\/www.youtube.com\/channel\/UCf73dERp9Y3cfOq7q8BhLjA?view_as=subscriber\"]}]}<\/script>\n<meta property=\"product:brand\" content=\"HIKVISION\" \/>\n<meta property=\"product:price:amount\" content=\"1442\" \/>\n<meta property=\"product:price:currency\" content=\"MXN\" \/>\n<meta property=\"og:availability\" content=\"backorder\" \/>\n<meta property=\"product:availability\" content=\"available for order\" \/>\n<meta property=\"product:retailer_item_id\" content=\"KIT7204BP(C)\" \/>\n<meta property=\"product:condition\" content=\"new\" \/>\n<!-- \/ Yoast SEO plugin. -->","yoast_head_json":{"title":"[ Hikvision ] &#129351; Kit7204bp(c) Kit Turbohd 720p Hilook By Kit Turbohd 720p Dvr 4 Canales \/ 4 Cmaras Bala De Policarbonato \/ 4 Cables 18 Mts \/ 1 Fuente De Poder Profesional","description":"Compra Kit7204bp(c) Kit Turbohd 720p Hilook By Kit Turbohd 720p Dvr 4 Canales \/ 4 Cmaras Bala De Policarbonato \/ 4 Cables 18 Mts \/ 1 Fuente De Poder Profesional + Env\u00edo a domicilio + Pago seguro + Garant\u00eda","robots":{"index":"index","follow":"follow","max-snippet":"max-snippet:-1","max-image-preview":"max-image-preview:large","max-video-preview":"max-video-preview:-1"},"canonical":"https:\/\/compuviper.mx\/tienda\/producto\/hikvision-kit7204bpc-kit-turbohd-720p-hilook-by-kit-turbohd-720p-dvr-4-canales-4-cmaras-bala-de-policarbonato-4-cables-18-mts-1-fuente-de-poder-profesional\/","og_locale":"es_MX","og_type":"article","og_title":"[ Hikvision ] &#129351; Kit7204bp(c) Kit Turbohd 720p Hilook By Kit Turbohd 720p Dvr 4 Canales \/ 4 Cmaras Bala De Policarbonato \/ 4 Cables 18 Mts \/ 1 Fuente De Poder Profesional","og_description":"Compra Kit7204bp(c) Kit Turbohd 720p Hilook By Kit Turbohd 720p Dvr 4 Canales \/ 4 Cmaras Bala De Policarbonato \/ 4 Cables 18 Mts \/ 1 Fuente De Poder Profesional + Env\u00edo a domicilio + Pago seguro + Garant\u00eda","og_url":"https:\/\/compuviper.mx\/tienda\/producto\/hikvision-kit7204bpc-kit-turbohd-720p-hilook-by-kit-turbohd-720p-dvr-4-canales-4-cmaras-bala-de-policarbonato-4-cables-18-mts-1-fuente-de-poder-profesional\/","og_site_name":"Compuviper","article_publisher":"https:\/\/www.facebook.com\/compuviper","og_image":[{"width":200,"height":200,"url":"https:\/\/compuviper.mx\/tienda\/wp-content\/uploads\/2024\/04\/Kit-turbohd-720p-hilook-by-hikvision-kit-turbohd-720p-dvr-4-canales-4-camaras-bala-de-policarbonato-4-cables-18-mts-1-fuente-de-poder-profesional.jpg","type":"image\/jpeg"}],"twitter_card":"summary_large_image","twitter_misc":{"Precio":"&#36;1,442 con IVA","Availability":"On backorder"},"schema":{"@context":"https:\/\/schema.org","@graph":[{"@type":"WebPage","@id":"https:\/\/compuviper.mx\/tienda\/producto\/hikvision-kit7204bpc-kit-turbohd-720p-hilook-by-kit-turbohd-720p-dvr-4-canales-4-cmaras-bala-de-policarbonato-4-cables-18-mts-1-fuente-de-poder-profesional\/","url":"https:\/\/compuviper.mx\/tienda\/producto\/hikvision-kit7204bpc-kit-turbohd-720p-hilook-by-kit-turbohd-720p-dvr-4-canales-4-cmaras-bala-de-policarbonato-4-cables-18-mts-1-fuente-de-poder-profesional\/","name":"[ Hikvision ] &#129351; Kit7204bp(c) Kit Turbohd 720p Hilook By Kit Turbohd 720p Dvr 4 Canales \/ 4 Cmaras Bala De Policarbonato \/ 4 Cables 18 Mts \/ 1 Fuente De Poder Profesional","isPartOf":{"@id":"https:\/\/compuviper.mx\/tienda\/#website"},"datePublished":"2026-04-23T06:11:37+00:00","dateModified":"2026-04-23T06:11:37+00:00","description":"Compra Kit7204bp(c) Kit Turbohd 720p Hilook By Kit Turbohd 720p Dvr 4 Canales \/ 4 Cmaras Bala De Policarbonato \/ 4 Cables 18 Mts \/ 1 Fuente De Poder Profesional + Env\u00edo a domicilio + Pago seguro + Garant\u00eda","breadcrumb":{"@id":"https:\/\/compuviper.mx\/tienda\/producto\/hikvision-kit7204bpc-kit-turbohd-720p-hilook-by-kit-turbohd-720p-dvr-4-canales-4-cmaras-bala-de-policarbonato-4-cables-18-mts-1-fuente-de-poder-profesional\/#breadcrumb"},"inLanguage":"es-MX","potentialAction":[{"@type":"ReadAction","target":["https:\/\/compuviper.mx\/tienda\/producto\/hikvision-kit7204bpc-kit-turbohd-720p-hilook-by-kit-turbohd-720p-dvr-4-canales-4-cmaras-bala-de-policarbonato-4-cables-18-mts-1-fuente-de-poder-profesional\/"]}]},{"@type":"BreadcrumbList","@id":"https:\/\/compuviper.mx\/tienda\/producto\/hikvision-kit7204bpc-kit-turbohd-720p-hilook-by-kit-turbohd-720p-dvr-4-canales-4-cmaras-bala-de-policarbonato-4-cables-18-mts-1-fuente-de-poder-profesional\/#breadcrumb","itemListElement":[{"@type":"ListItem","position":1,"name":"Inicio","item":"https:\/\/compuviper.mx\/tienda\/"},{"@type":"ListItem","position":2,"name":"Productos","item":"https:\/\/compuviper.mx\/tienda\/productos\/"},{"@type":"ListItem","position":3,"name":"Camaras","item":"https:\/\/compuviper.mx\/tienda\/categoria-producto\/camaras-2\/"},{"@type":"ListItem","position":4,"name":"Camara De Videovigilancia","item":"https:\/\/compuviper.mx\/tienda\/categoria-producto\/camaras-2\/camara-de-videovigilancia\/"},{"@type":"ListItem","position":5,"name":"Hikvision Kit7204bp(c) Kit Turbohd 720p Hilook By Kit Turbohd 720p Dvr 4 Canales \/ 4 Cmaras Bala De Policarbonato \/ 4 Cables 18 Mts \/ 1 Fuente De Poder Profesional"}]},{"@type":"WebSite","@id":"https:\/\/compuviper.mx\/tienda\/#website","url":"https:\/\/compuviper.mx\/tienda\/","name":"Compuviper","description":"Proveedor de Computadoras, Laptops, Servidores, Monitores, Puntos de Venta, Teclados,   Impresoras, T\u00f3ner, C\u00e1maras de Seguridad y m\u00e1s en tu tienda en l\u00ednea","publisher":{"@id":"https:\/\/compuviper.mx\/tienda\/#organization"},"potentialAction":[{"@type":"SearchAction","target":{"@type":"EntryPoint","urlTemplate":"https:\/\/compuviper.mx\/tienda\/?s={search_term_string}"},"query-input":"required name=search_term_string"}],"inLanguage":"es-MX"},{"@type":"Organization","@id":"https:\/\/compuviper.mx\/tienda\/#organization","name":"Compuviper","url":"https:\/\/compuviper.mx\/tienda\/","logo":{"@type":"ImageObject","inLanguage":"es-MX","@id":"https:\/\/compuviper.mx\/tienda\/#\/schema\/logo\/image\/","url":"https:\/\/compuviper.mx\/tienda\/wp-content\/uploads\/2021\/08\/Logo-Compuviper-10.png","contentUrl":"https:\/\/compuviper.mx\/tienda\/wp-content\/uploads\/2021\/08\/Logo-Compuviper-10.png","width":1000,"height":500,"caption":"Compuviper"},"image":{"@id":"https:\/\/compuviper.mx\/tienda\/#\/schema\/logo\/image\/"},"sameAs":["https:\/\/www.facebook.com\/compuviper","https:\/\/www.youtube.com\/channel\/UCf73dERp9Y3cfOq7q8BhLjA?view_as=subscriber"]}]},"product_brand":"HIKVISION","product_price_amount":"1442","product_price_currency":"MXN","og_availability":"backorder","product_availability":"available for order","product_retailer_item_id":"KIT7204BP(C)","product_condition":"new"},"_links":{"self":[{"href":"https:\/\/compuviper.mx\/tienda\/wp-json\/wp\/v2\/product\/232198"}],"collection":[{"href":"https:\/\/compuviper.mx\/tienda\/wp-json\/wp\/v2\/product"}],"about":[{"href":"https:\/\/compuviper.mx\/tienda\/wp-json\/wp\/v2\/types\/product"}],"replies":[{"embeddable":true,"href":"https:\/\/compuviper.mx\/tienda\/wp-json\/wp\/v2\/comments?post=232198"}],"wp:featuredmedia":[{"embeddable":true,"href":"https:\/\/compuviper.mx\/tienda\/wp-json\/wp\/v2\/media\/232414"}],"wp:attachment":[{"href":"https:\/\/compuviper.mx\/tienda\/wp-json\/wp\/v2\/media?parent=232198"}],"wp:term":[{"taxonomy":"product_cat","embeddable":true,"href":"https:\/\/compuviper.mx\/tienda\/wp-json\/wp\/v2\/product_cat?post=232198"},{"taxonomy":"product_tag","embeddable":true,"href":"https:\/\/compuviper.mx\/tienda\/wp-json\/wp\/v2\/product_tag?post=232198"}],"curies":[{"name":"wp","href":"https:\/\/api.w.org\/{rel}","templated":true}]}}