{"id":232191,"date":"2026-04-01T23:11:04","date_gmt":"2026-04-02T05:11:04","guid":{"rendered":"https:\/\/compuviper.mx\/tienda\/producto\/hewlett-packard-enterprise-p48183-b21-hpe-dispositivo-ns204i-u-gen11-nvme-hot-plug-optimizado-para-arranque\/"},"modified":"2026-04-01T23:11:04","modified_gmt":"2026-04-02T05:11:04","slug":"hewlett-packard-enterprise-p48183-b21-hpe-dispositivo-ns204i-u-gen11-nvme-hot-plug-optimizado-para-arranque","status":"publish","type":"product","link":"https:\/\/compuviper.mx\/tienda\/producto\/hewlett-packard-enterprise-p48183-b21-hpe-dispositivo-ns204i-u-gen11-nvme-hot-plug-optimizado-para-arranque\/","title":{"rendered":"Hewlett Packard Enterprise P48183-b21 Hpe Dispositivo Ns204i-u Gen11 Nvme Hot-plug Optimizado Para Arranque"},"content":{"rendered":"<table class=\"descripcion\">\n<tr>\n<td>Plataforma compatible<\/td>\n<\/tr>\n<tr>\n<td>Servidores hpe proliant dl, ml y hpe apollo. consulta las quickspecs para un listado detallado de las plataformas admitidas.<\/td>\n<\/tr>\n<tr>\n<td>Cach\u00e9<\/td>\n<\/tr>\n<tr>\n<td>N\/d<\/td>\n<\/tr>\n<tr>\n<td>Niveles de raid<\/td>\n<\/tr>\n<tr>\n<td>Hardware raid 1 dedicado<\/td>\n<\/tr>\n<tr>\n<td>Factor de forma<\/td>\n<\/tr>\n<tr>\n<td>Tarjeta pcie de media altura, media longitud (hhhl)<\/td>\n<\/tr>\n<tr>\n<td>Capacidad \u00fatil<\/td>\n<\/tr>\n<tr>\n<td>480 gb<\/td>\n<\/tr>\n<tr>\n<td>Conformidad<\/td>\n<\/tr>\n<tr>\n<td>Rohs, lote 9<\/td>\n<\/tr>\n<tr>\n<td>Soporte pcie<\/td>\n<\/tr>\n<tr>\n<td>Gen3<\/td>\n<\/tr>\n<tr>\n<td>Bater\u00eda<\/td>\n<\/tr>\n<tr>\n<td>N\/d<\/td>\n<\/tr>\n<tr>\n<td>M\u00e1ximo de unidades admitidas<\/td>\n<\/tr>\n<tr>\n<td>2, incluidos en el kit<\/td>\n<\/tr>\n<tr>\n<td>Garant\u00eda<\/td>\n<\/tr>\n<tr>\n<td>Las unidades de estado s\u00f3lido (ssd) de hpe y las tarjetas complementarias tienen una garant\u00eda est\u00e1ndar 3\/0\/0<\/td>\n<\/tr>\n<tr>\n<td>La autoreparaci\u00f3n por parte del cliente (csr) est\u00e1 sujeta a las limitaciones de uso m\u00e1ximo. el l\u00edmite de uso m\u00e1ximo es la cantidad m\u00e1xima de datos que pueden escribirse en la unidad. las unidades que hayan alcanzado este l\u00edmite no ser\u00e1n elegibles para la cobertura de la garant\u00eda.<\/td>\n<\/tr>\n<\/table>\n","protected":false},"excerpt":{"rendered":"<p>Compatible con las plataformas de computaci\u00f3n hpe synergy gen10 plus. Dispositivo de hardware dedicado raid 1 para el arranque del so. Incluye dos ssd hpe nvme m.2 de 480 gb de nivel empresarial en una tarjeta de expansi\u00f3n hpe synergy. Utiliza controladores nvme nativos del so. Instalaci\u00f3n hot-plug universal (no requiere una ranura pcie). No requiere cables ni placas.<\/p>\n","protected":false},"featured_media":241838,"comment_status":"open","ping_status":"open","template":"","meta":[],"product_cat":[1485,1580],"product_tag":[1568],"acf":[],"yoast_head":"<!-- This site is optimized with the Yoast SEO plugin v21.7 - https:\/\/yoast.com\/wordpress\/plugins\/seo\/ -->\n<title>[ Hewlett Packard Enterprise ] &#129351; P48183-b21 Hpe Dispositivo Ns204i-u Gen11 Nvme Hot-plug Optimizado Para Arranque<\/title>\n<meta name=\"description\" content=\"Compra P48183-b21 Hpe Dispositivo Ns204i-u Gen11 Nvme Hot-plug Optimizado Para Arranque + Env\u00edo a domicilio + Pago seguro + Garant\u00eda\" \/>\n<meta name=\"robots\" content=\"index, follow, max-snippet:-1, max-image-preview:large, max-video-preview:-1\" \/>\n<link rel=\"canonical\" href=\"https:\/\/compuviper.mx\/tienda\/producto\/hewlett-packard-enterprise-p48183-b21-hpe-dispositivo-ns204i-u-gen11-nvme-hot-plug-optimizado-para-arranque\/\" \/>\n<meta property=\"og:locale\" content=\"es_MX\" \/>\n<meta property=\"og:type\" content=\"article\" \/>\n<meta property=\"og:title\" content=\"[ Hewlett Packard Enterprise ] &#129351; P48183-b21 Hpe Dispositivo Ns204i-u Gen11 Nvme Hot-plug Optimizado Para Arranque\" \/>\n<meta property=\"og:description\" content=\"Compra P48183-b21 Hpe Dispositivo Ns204i-u Gen11 Nvme Hot-plug Optimizado Para Arranque + Env\u00edo a domicilio + Pago seguro + Garant\u00eda\" \/>\n<meta property=\"og:url\" content=\"https:\/\/compuviper.mx\/tienda\/producto\/hewlett-packard-enterprise-p48183-b21-hpe-dispositivo-ns204i-u-gen11-nvme-hot-plug-optimizado-para-arranque\/\" \/>\n<meta property=\"og:site_name\" content=\"Compuviper\" \/>\n<meta property=\"article:publisher\" content=\"https:\/\/www.facebook.com\/compuviper\" \/>\n<meta property=\"og:image\" content=\"https:\/\/compuviper.mx\/tienda\/wp-content\/uploads\/2024\/09\/Hpe-dispositivo-ns204i-u-gen11-nvme-hot-plug-optimizado-para-arranque.jpg\" \/>\n\t<meta property=\"og:image:width\" content=\"200\" \/>\n\t<meta property=\"og:image:height\" content=\"200\" \/>\n\t<meta property=\"og:image:type\" content=\"image\/jpeg\" \/>\n<meta name=\"twitter:card\" content=\"summary_large_image\" \/>\n<meta name=\"twitter:label1\" content=\"Precio\" \/>\n\t<meta name=\"twitter:data1\" content=\"&#36;24,323 con IVA\" \/>\n\t<meta name=\"twitter:label2\" content=\"Availability\" \/>\n\t<meta name=\"twitter:data2\" content=\"On backorder\" \/>\n<script type=\"application\/ld+json\" class=\"yoast-schema-graph\">{\"@context\":\"https:\/\/schema.org\",\"@graph\":[{\"@type\":\"WebPage\",\"@id\":\"https:\/\/compuviper.mx\/tienda\/producto\/hewlett-packard-enterprise-p48183-b21-hpe-dispositivo-ns204i-u-gen11-nvme-hot-plug-optimizado-para-arranque\/\",\"url\":\"https:\/\/compuviper.mx\/tienda\/producto\/hewlett-packard-enterprise-p48183-b21-hpe-dispositivo-ns204i-u-gen11-nvme-hot-plug-optimizado-para-arranque\/\",\"name\":\"[ Hewlett Packard Enterprise ] &#129351; P48183-b21 Hpe Dispositivo Ns204i-u Gen11 Nvme Hot-plug Optimizado Para Arranque\",\"isPartOf\":{\"@id\":\"https:\/\/compuviper.mx\/tienda\/#website\"},\"datePublished\":\"2026-04-02T05:11:04+00:00\",\"dateModified\":\"2026-04-02T05:11:04+00:00\",\"description\":\"Compra P48183-b21 Hpe Dispositivo Ns204i-u Gen11 Nvme Hot-plug Optimizado Para Arranque + Env\u00edo a domicilio + Pago seguro + Garant\u00eda\",\"breadcrumb\":{\"@id\":\"https:\/\/compuviper.mx\/tienda\/producto\/hewlett-packard-enterprise-p48183-b21-hpe-dispositivo-ns204i-u-gen11-nvme-hot-plug-optimizado-para-arranque\/#breadcrumb\"},\"inLanguage\":\"es-MX\",\"potentialAction\":[{\"@type\":\"ReadAction\",\"target\":[\"https:\/\/compuviper.mx\/tienda\/producto\/hewlett-packard-enterprise-p48183-b21-hpe-dispositivo-ns204i-u-gen11-nvme-hot-plug-optimizado-para-arranque\/\"]}]},{\"@type\":\"BreadcrumbList\",\"@id\":\"https:\/\/compuviper.mx\/tienda\/producto\/hewlett-packard-enterprise-p48183-b21-hpe-dispositivo-ns204i-u-gen11-nvme-hot-plug-optimizado-para-arranque\/#breadcrumb\",\"itemListElement\":[{\"@type\":\"ListItem\",\"position\":1,\"name\":\"Inicio\",\"item\":\"https:\/\/compuviper.mx\/tienda\/\"},{\"@type\":\"ListItem\",\"position\":2,\"name\":\"Productos\",\"item\":\"https:\/\/compuviper.mx\/tienda\/productos\/\"},{\"@type\":\"ListItem\",\"position\":3,\"name\":\"Accesorios\",\"item\":\"https:\/\/compuviper.mx\/tienda\/categoria-producto\/accesorios\/\"},{\"@type\":\"ListItem\",\"position\":4,\"name\":\"Servidores\",\"item\":\"https:\/\/compuviper.mx\/tienda\/categoria-producto\/accesorios\/servidores\/\"},{\"@type\":\"ListItem\",\"position\":5,\"name\":\"Hewlett Packard Enterprise P48183-b21 Hpe Dispositivo Ns204i-u Gen11 Nvme Hot-plug Optimizado Para Arranque\"}]},{\"@type\":\"WebSite\",\"@id\":\"https:\/\/compuviper.mx\/tienda\/#website\",\"url\":\"https:\/\/compuviper.mx\/tienda\/\",\"name\":\"Compuviper\",\"description\":\"Proveedor de Computadoras, Laptops, Servidores, Monitores, Puntos de Venta, Teclados,   Impresoras, T\u00f3ner, C\u00e1maras de Seguridad y m\u00e1s en tu tienda en l\u00ednea\",\"publisher\":{\"@id\":\"https:\/\/compuviper.mx\/tienda\/#organization\"},\"potentialAction\":[{\"@type\":\"SearchAction\",\"target\":{\"@type\":\"EntryPoint\",\"urlTemplate\":\"https:\/\/compuviper.mx\/tienda\/?s={search_term_string}\"},\"query-input\":\"required name=search_term_string\"}],\"inLanguage\":\"es-MX\"},{\"@type\":\"Organization\",\"@id\":\"https:\/\/compuviper.mx\/tienda\/#organization\",\"name\":\"Compuviper\",\"url\":\"https:\/\/compuviper.mx\/tienda\/\",\"logo\":{\"@type\":\"ImageObject\",\"inLanguage\":\"es-MX\",\"@id\":\"https:\/\/compuviper.mx\/tienda\/#\/schema\/logo\/image\/\",\"url\":\"https:\/\/compuviper.mx\/tienda\/wp-content\/uploads\/2021\/08\/Logo-Compuviper-10.png\",\"contentUrl\":\"https:\/\/compuviper.mx\/tienda\/wp-content\/uploads\/2021\/08\/Logo-Compuviper-10.png\",\"width\":1000,\"height\":500,\"caption\":\"Compuviper\"},\"image\":{\"@id\":\"https:\/\/compuviper.mx\/tienda\/#\/schema\/logo\/image\/\"},\"sameAs\":[\"https:\/\/www.facebook.com\/compuviper\",\"https:\/\/www.youtube.com\/channel\/UCf73dERp9Y3cfOq7q8BhLjA?view_as=subscriber\"]}]}<\/script>\n<meta property=\"product:brand\" content=\"HEWLETT PACKARD ENTERPRISE\" \/>\n<meta property=\"product:price:amount\" content=\"24323\" \/>\n<meta property=\"product:price:currency\" content=\"MXN\" \/>\n<meta property=\"og:availability\" content=\"backorder\" \/>\n<meta property=\"product:availability\" content=\"available for order\" \/>\n<meta property=\"product:retailer_item_id\" content=\"P48183-B21\" \/>\n<meta property=\"product:condition\" content=\"new\" \/>\n<!-- \/ Yoast SEO plugin. -->","yoast_head_json":{"title":"[ Hewlett Packard Enterprise ] &#129351; P48183-b21 Hpe Dispositivo Ns204i-u Gen11 Nvme Hot-plug Optimizado Para Arranque","description":"Compra P48183-b21 Hpe Dispositivo Ns204i-u Gen11 Nvme Hot-plug Optimizado Para Arranque + Env\u00edo a domicilio + Pago seguro + Garant\u00eda","robots":{"index":"index","follow":"follow","max-snippet":"max-snippet:-1","max-image-preview":"max-image-preview:large","max-video-preview":"max-video-preview:-1"},"canonical":"https:\/\/compuviper.mx\/tienda\/producto\/hewlett-packard-enterprise-p48183-b21-hpe-dispositivo-ns204i-u-gen11-nvme-hot-plug-optimizado-para-arranque\/","og_locale":"es_MX","og_type":"article","og_title":"[ Hewlett Packard Enterprise ] &#129351; P48183-b21 Hpe Dispositivo Ns204i-u Gen11 Nvme Hot-plug Optimizado Para Arranque","og_description":"Compra P48183-b21 Hpe Dispositivo Ns204i-u Gen11 Nvme Hot-plug Optimizado Para Arranque + Env\u00edo a domicilio + Pago seguro + Garant\u00eda","og_url":"https:\/\/compuviper.mx\/tienda\/producto\/hewlett-packard-enterprise-p48183-b21-hpe-dispositivo-ns204i-u-gen11-nvme-hot-plug-optimizado-para-arranque\/","og_site_name":"Compuviper","article_publisher":"https:\/\/www.facebook.com\/compuviper","og_image":[{"width":200,"height":200,"url":"https:\/\/compuviper.mx\/tienda\/wp-content\/uploads\/2024\/09\/Hpe-dispositivo-ns204i-u-gen11-nvme-hot-plug-optimizado-para-arranque.jpg","type":"image\/jpeg"}],"twitter_card":"summary_large_image","twitter_misc":{"Precio":"&#36;24,323 con IVA","Availability":"On backorder"},"schema":{"@context":"https:\/\/schema.org","@graph":[{"@type":"WebPage","@id":"https:\/\/compuviper.mx\/tienda\/producto\/hewlett-packard-enterprise-p48183-b21-hpe-dispositivo-ns204i-u-gen11-nvme-hot-plug-optimizado-para-arranque\/","url":"https:\/\/compuviper.mx\/tienda\/producto\/hewlett-packard-enterprise-p48183-b21-hpe-dispositivo-ns204i-u-gen11-nvme-hot-plug-optimizado-para-arranque\/","name":"[ Hewlett Packard Enterprise ] &#129351; P48183-b21 Hpe Dispositivo Ns204i-u Gen11 Nvme Hot-plug Optimizado Para Arranque","isPartOf":{"@id":"https:\/\/compuviper.mx\/tienda\/#website"},"datePublished":"2026-04-02T05:11:04+00:00","dateModified":"2026-04-02T05:11:04+00:00","description":"Compra P48183-b21 Hpe Dispositivo Ns204i-u Gen11 Nvme Hot-plug Optimizado Para Arranque + Env\u00edo a domicilio + Pago seguro + Garant\u00eda","breadcrumb":{"@id":"https:\/\/compuviper.mx\/tienda\/producto\/hewlett-packard-enterprise-p48183-b21-hpe-dispositivo-ns204i-u-gen11-nvme-hot-plug-optimizado-para-arranque\/#breadcrumb"},"inLanguage":"es-MX","potentialAction":[{"@type":"ReadAction","target":["https:\/\/compuviper.mx\/tienda\/producto\/hewlett-packard-enterprise-p48183-b21-hpe-dispositivo-ns204i-u-gen11-nvme-hot-plug-optimizado-para-arranque\/"]}]},{"@type":"BreadcrumbList","@id":"https:\/\/compuviper.mx\/tienda\/producto\/hewlett-packard-enterprise-p48183-b21-hpe-dispositivo-ns204i-u-gen11-nvme-hot-plug-optimizado-para-arranque\/#breadcrumb","itemListElement":[{"@type":"ListItem","position":1,"name":"Inicio","item":"https:\/\/compuviper.mx\/tienda\/"},{"@type":"ListItem","position":2,"name":"Productos","item":"https:\/\/compuviper.mx\/tienda\/productos\/"},{"@type":"ListItem","position":3,"name":"Accesorios","item":"https:\/\/compuviper.mx\/tienda\/categoria-producto\/accesorios\/"},{"@type":"ListItem","position":4,"name":"Servidores","item":"https:\/\/compuviper.mx\/tienda\/categoria-producto\/accesorios\/servidores\/"},{"@type":"ListItem","position":5,"name":"Hewlett Packard Enterprise P48183-b21 Hpe Dispositivo Ns204i-u Gen11 Nvme Hot-plug Optimizado Para Arranque"}]},{"@type":"WebSite","@id":"https:\/\/compuviper.mx\/tienda\/#website","url":"https:\/\/compuviper.mx\/tienda\/","name":"Compuviper","description":"Proveedor de Computadoras, Laptops, Servidores, Monitores, Puntos de Venta, Teclados,   Impresoras, T\u00f3ner, C\u00e1maras de Seguridad y m\u00e1s en tu tienda en l\u00ednea","publisher":{"@id":"https:\/\/compuviper.mx\/tienda\/#organization"},"potentialAction":[{"@type":"SearchAction","target":{"@type":"EntryPoint","urlTemplate":"https:\/\/compuviper.mx\/tienda\/?s={search_term_string}"},"query-input":"required name=search_term_string"}],"inLanguage":"es-MX"},{"@type":"Organization","@id":"https:\/\/compuviper.mx\/tienda\/#organization","name":"Compuviper","url":"https:\/\/compuviper.mx\/tienda\/","logo":{"@type":"ImageObject","inLanguage":"es-MX","@id":"https:\/\/compuviper.mx\/tienda\/#\/schema\/logo\/image\/","url":"https:\/\/compuviper.mx\/tienda\/wp-content\/uploads\/2021\/08\/Logo-Compuviper-10.png","contentUrl":"https:\/\/compuviper.mx\/tienda\/wp-content\/uploads\/2021\/08\/Logo-Compuviper-10.png","width":1000,"height":500,"caption":"Compuviper"},"image":{"@id":"https:\/\/compuviper.mx\/tienda\/#\/schema\/logo\/image\/"},"sameAs":["https:\/\/www.facebook.com\/compuviper","https:\/\/www.youtube.com\/channel\/UCf73dERp9Y3cfOq7q8BhLjA?view_as=subscriber"]}]},"product_brand":"HEWLETT PACKARD ENTERPRISE","product_price_amount":"24323","product_price_currency":"MXN","og_availability":"backorder","product_availability":"available for order","product_retailer_item_id":"P48183-B21","product_condition":"new"},"_links":{"self":[{"href":"https:\/\/compuviper.mx\/tienda\/wp-json\/wp\/v2\/product\/232191"}],"collection":[{"href":"https:\/\/compuviper.mx\/tienda\/wp-json\/wp\/v2\/product"}],"about":[{"href":"https:\/\/compuviper.mx\/tienda\/wp-json\/wp\/v2\/types\/product"}],"replies":[{"embeddable":true,"href":"https:\/\/compuviper.mx\/tienda\/wp-json\/wp\/v2\/comments?post=232191"}],"wp:featuredmedia":[{"embeddable":true,"href":"https:\/\/compuviper.mx\/tienda\/wp-json\/wp\/v2\/media\/241838"}],"wp:attachment":[{"href":"https:\/\/compuviper.mx\/tienda\/wp-json\/wp\/v2\/media?parent=232191"}],"wp:term":[{"taxonomy":"product_cat","embeddable":true,"href":"https:\/\/compuviper.mx\/tienda\/wp-json\/wp\/v2\/product_cat?post=232191"},{"taxonomy":"product_tag","embeddable":true,"href":"https:\/\/compuviper.mx\/tienda\/wp-json\/wp\/v2\/product_tag?post=232191"}],"curies":[{"name":"wp","href":"https:\/\/api.w.org\/{rel}","templated":true}]}}