{"id":232156,"date":"2026-04-17T00:41:24","date_gmt":"2026-04-17T06:41:24","guid":{"rendered":"https:\/\/compuviper.mx\/tienda\/producto\/hewlett-packard-enterprise-p40508-b21-hpe-ssd-3-84-tb-sas-12-g-lectura-intensiva-sff-bc-value-sas-mltiples-proveedores\/"},"modified":"2026-04-17T00:41:24","modified_gmt":"2026-04-17T06:41:24","slug":"hewlett-packard-enterprise-p40508-b21-hpe-ssd-3-84-tb-sas-12-g-lectura-intensiva-sff-bc-value-sas-mltiples-proveedores","status":"publish","type":"product","link":"https:\/\/compuviper.mx\/tienda\/producto\/hewlett-packard-enterprise-p40508-b21-hpe-ssd-3-84-tb-sas-12-g-lectura-intensiva-sff-bc-value-sas-mltiples-proveedores\/","title":{"rendered":"Hewlett Packard Enterprise P40508-b21 Hpe Ssd 3.84 Tb Sas 12 G Lectura Intensiva Sff Bc Value Sas M?ltiples Proveedores"},"content":{"rendered":"<table class=\"descripcion\">\n<tr>\n<td>Escrituras durante la vida til<\/td>\n<\/tr>\n<tr>\n<td>7 000<\/td>\n<\/tr>\n<tr>\n<td>Resistencia dwpd escrituras a la unidad por da<\/td>\n<\/tr>\n<tr>\n<td>1<\/td>\n<\/tr>\n<tr>\n<td>Iops de lectura<\/td>\n<\/tr>\n<tr>\n<td>Iops de lectura aleatoria 4 kib, q = 16 = m\u00e1x. 100.000 iops de lectura aleatoria 4 kib = 155.000 a q32<\/td>\n<\/tr>\n<tr>\n<td>Iops de escritura<\/td>\n<\/tr>\n<tr>\n<td>Iops de escritura aleatoria 4 kib, q = 16 m\u00e1x. 37.000 iops de escritura aleatoria 4 kib = 36.000 a q4<\/td>\n<\/tr>\n<tr>\n<td>Alimentacin vatios<\/td>\n<\/tr>\n<tr>\n<td>7,82<\/td>\n<\/tr>\n<tr>\n<td>Tipo de conexin<\/td>\n<\/tr>\n<tr>\n<td>Conexin en caliente<\/td>\n<\/tr>\n<tr>\n<td>Altura<\/td>\n<\/tr>\n<tr>\n<td>15 mm<\/td>\n<\/tr>\n<tr>\n<td>Plataforma compatible<\/td>\n<\/tr>\n<tr>\n<td>Carcasas de disco hpe\/apollo 4200\/4500<\/td>\n<\/tr>\n<tr>\n<td>Medidas del producto mtrico<\/td>\n<\/tr>\n<tr>\n<td>\u009521,92 x 22,86 x 14,61 cm<\/td>\n<\/tr>\n<tr>\n<td>\u00958.63 x 9 x 5.75 in<\/td>\n<\/tr>\n<tr>\n<td>Peso<\/td>\n<\/tr>\n<tr>\n<td>\u00950,5 kg<\/td>\n<\/tr>\n<tr>\n<td>\u00951.1 lb<\/td>\n<\/tr>\n<tr>\n<td>Garanta<\/td>\n<\/tr>\n<tr>\n<td>Los ssd hpe y las tarjetas complementarias tienen una garanta est\u00e1ndar 3\/0\/0<\/td>\n<\/tr>\n<tr>\n<td>Autorreparacin por parte del cliente csr sujeto a las limitaciones de uso m\u00e1ximo. el lmite de uso m\u00e1ximo es la cantidad m\u00e1xima de datos que pueden escribirse en la unidad. las unidades que hayan alcanzado dicho lmite no son elegibles para la cobertura de la garanta.<\/td>\n<\/tr>\n<\/table>\n","protected":false},"excerpt":{"rendered":"<p>Unidades ssd hpe de 960 gb, 1,92 tb, 3,84 tb, 7,68 tb sas 12g de lectura intensiva sff, bc, value sas, varios proveedores. Mueve los datos a velocidades de hasta 12 gb, el doble de r\u00e1pido que los ssd sata de 6 gb. Menor coste que los ssd sas empresariales de 12 gb. Alternativa empresarial a los ssd nvme convencionales. Versin de un solo puerto de los ssd sas empresariales de 12 gb. Presentado como una oferta sku hpe para mltiples proveedores<\/p>\n","protected":false},"featured_media":234047,"comment_status":"open","ping_status":"open","template":"","meta":[],"product_cat":[1803,2111],"product_tag":[1568],"acf":[],"yoast_head":"<!-- This site is optimized with the Yoast SEO plugin v21.7 - https:\/\/yoast.com\/wordpress\/plugins\/seo\/ -->\n<title>[ Hewlett Packard Enterprise ] &#129351; P40508-b21 Hpe Ssd 3.84 Tb Sas 12 G Lectura Intensiva Sff Bc Value Sas M\u00faltiples Proveedores<\/title>\n<meta name=\"description\" content=\"Compra P40508-b21 Hpe Ssd 3.84 Tb Sas 12 G Lectura Intensiva Sff Bc Value Sas M\u00faltiples Proveedores + Env\u00edo a domicilio + Pago seguro + Garant\u00eda\" \/>\n<meta name=\"robots\" content=\"index, follow, max-snippet:-1, max-image-preview:large, max-video-preview:-1\" \/>\n<link rel=\"canonical\" href=\"https:\/\/compuviper.mx\/tienda\/producto\/hewlett-packard-enterprise-p40508-b21-hpe-ssd-3-84-tb-sas-12-g-lectura-intensiva-sff-bc-value-sas-mltiples-proveedores\/\" \/>\n<meta property=\"og:locale\" content=\"es_MX\" \/>\n<meta property=\"og:type\" content=\"article\" \/>\n<meta property=\"og:title\" content=\"[ Hewlett Packard Enterprise ] &#129351; P40508-b21 Hpe Ssd 3.84 Tb Sas 12 G Lectura Intensiva Sff Bc Value Sas M\u00faltiples Proveedores\" \/>\n<meta property=\"og:description\" content=\"Compra P40508-b21 Hpe Ssd 3.84 Tb Sas 12 G Lectura Intensiva Sff Bc Value Sas M\u00faltiples Proveedores + Env\u00edo a domicilio + Pago seguro + Garant\u00eda\" \/>\n<meta property=\"og:url\" content=\"https:\/\/compuviper.mx\/tienda\/producto\/hewlett-packard-enterprise-p40508-b21-hpe-ssd-3-84-tb-sas-12-g-lectura-intensiva-sff-bc-value-sas-mltiples-proveedores\/\" \/>\n<meta property=\"og:site_name\" content=\"Compuviper\" \/>\n<meta property=\"article:publisher\" content=\"https:\/\/www.facebook.com\/compuviper\" \/>\n<meta property=\"og:image\" content=\"https:\/\/compuviper.mx\/tienda\/wp-content\/uploads\/2024\/05\/Hpe-ssd-3.84-tb-sas-12-g-lectura-intensiva-sff-bc-value-sas-multiples-proveedores.jpg\" \/>\n\t<meta property=\"og:image:width\" content=\"200\" \/>\n\t<meta property=\"og:image:height\" content=\"200\" \/>\n\t<meta property=\"og:image:type\" content=\"image\/jpeg\" \/>\n<meta name=\"twitter:card\" content=\"summary_large_image\" \/>\n<meta name=\"twitter:label1\" content=\"Precio\" \/>\n\t<meta name=\"twitter:data1\" content=\"&#36;315,616 con IVA\" \/>\n\t<meta name=\"twitter:label2\" content=\"Availability\" \/>\n\t<meta name=\"twitter:data2\" content=\"On backorder\" \/>\n<script type=\"application\/ld+json\" class=\"yoast-schema-graph\">{\"@context\":\"https:\/\/schema.org\",\"@graph\":[{\"@type\":\"WebPage\",\"@id\":\"https:\/\/compuviper.mx\/tienda\/producto\/hewlett-packard-enterprise-p40508-b21-hpe-ssd-3-84-tb-sas-12-g-lectura-intensiva-sff-bc-value-sas-mltiples-proveedores\/\",\"url\":\"https:\/\/compuviper.mx\/tienda\/producto\/hewlett-packard-enterprise-p40508-b21-hpe-ssd-3-84-tb-sas-12-g-lectura-intensiva-sff-bc-value-sas-mltiples-proveedores\/\",\"name\":\"[ Hewlett Packard Enterprise ] &#129351; P40508-b21 Hpe Ssd 3.84 Tb Sas 12 G Lectura Intensiva Sff Bc Value Sas M\u00faltiples Proveedores\",\"isPartOf\":{\"@id\":\"https:\/\/compuviper.mx\/tienda\/#website\"},\"datePublished\":\"2026-04-17T06:41:24+00:00\",\"dateModified\":\"2026-04-17T06:41:24+00:00\",\"description\":\"Compra P40508-b21 Hpe Ssd 3.84 Tb Sas 12 G Lectura Intensiva Sff Bc Value Sas M\u00faltiples Proveedores + Env\u00edo a domicilio + Pago seguro + Garant\u00eda\",\"breadcrumb\":{\"@id\":\"https:\/\/compuviper.mx\/tienda\/producto\/hewlett-packard-enterprise-p40508-b21-hpe-ssd-3-84-tb-sas-12-g-lectura-intensiva-sff-bc-value-sas-mltiples-proveedores\/#breadcrumb\"},\"inLanguage\":\"es-MX\",\"potentialAction\":[{\"@type\":\"ReadAction\",\"target\":[\"https:\/\/compuviper.mx\/tienda\/producto\/hewlett-packard-enterprise-p40508-b21-hpe-ssd-3-84-tb-sas-12-g-lectura-intensiva-sff-bc-value-sas-mltiples-proveedores\/\"]}]},{\"@type\":\"BreadcrumbList\",\"@id\":\"https:\/\/compuviper.mx\/tienda\/producto\/hewlett-packard-enterprise-p40508-b21-hpe-ssd-3-84-tb-sas-12-g-lectura-intensiva-sff-bc-value-sas-mltiples-proveedores\/#breadcrumb\",\"itemListElement\":[{\"@type\":\"ListItem\",\"position\":1,\"name\":\"Inicio\",\"item\":\"https:\/\/compuviper.mx\/tienda\/\"},{\"@type\":\"ListItem\",\"position\":2,\"name\":\"Productos\",\"item\":\"https:\/\/compuviper.mx\/tienda\/productos\/\"},{\"@type\":\"ListItem\",\"position\":3,\"name\":\"Almacenamiento\",\"item\":\"https:\/\/compuviper.mx\/tienda\/categoria-producto\/almacenamiento\/\"},{\"@type\":\"ListItem\",\"position\":4,\"name\":\"Unidad De Almacenamiento\",\"item\":\"https:\/\/compuviper.mx\/tienda\/categoria-producto\/almacenamiento\/unidad-de-almacenamiento\/\"},{\"@type\":\"ListItem\",\"position\":5,\"name\":\"Hewlett Packard Enterprise P40508-b21 Hpe Ssd 3.84 Tb Sas 12 G Lectura Intensiva Sff Bc Value Sas M?ltiples Proveedores\"}]},{\"@type\":\"WebSite\",\"@id\":\"https:\/\/compuviper.mx\/tienda\/#website\",\"url\":\"https:\/\/compuviper.mx\/tienda\/\",\"name\":\"Compuviper\",\"description\":\"Proveedor de Computadoras, Laptops, Servidores, Monitores, Puntos de Venta, Teclados,   Impresoras, T\u00f3ner, C\u00e1maras de Seguridad y m\u00e1s en tu tienda en l\u00ednea\",\"publisher\":{\"@id\":\"https:\/\/compuviper.mx\/tienda\/#organization\"},\"potentialAction\":[{\"@type\":\"SearchAction\",\"target\":{\"@type\":\"EntryPoint\",\"urlTemplate\":\"https:\/\/compuviper.mx\/tienda\/?s={search_term_string}\"},\"query-input\":\"required name=search_term_string\"}],\"inLanguage\":\"es-MX\"},{\"@type\":\"Organization\",\"@id\":\"https:\/\/compuviper.mx\/tienda\/#organization\",\"name\":\"Compuviper\",\"url\":\"https:\/\/compuviper.mx\/tienda\/\",\"logo\":{\"@type\":\"ImageObject\",\"inLanguage\":\"es-MX\",\"@id\":\"https:\/\/compuviper.mx\/tienda\/#\/schema\/logo\/image\/\",\"url\":\"https:\/\/compuviper.mx\/tienda\/wp-content\/uploads\/2021\/08\/Logo-Compuviper-10.png\",\"contentUrl\":\"https:\/\/compuviper.mx\/tienda\/wp-content\/uploads\/2021\/08\/Logo-Compuviper-10.png\",\"width\":1000,\"height\":500,\"caption\":\"Compuviper\"},\"image\":{\"@id\":\"https:\/\/compuviper.mx\/tienda\/#\/schema\/logo\/image\/\"},\"sameAs\":[\"https:\/\/www.facebook.com\/compuviper\",\"https:\/\/www.youtube.com\/channel\/UCf73dERp9Y3cfOq7q8BhLjA?view_as=subscriber\"]}]}<\/script>\n<meta property=\"product:brand\" content=\"HEWLETT PACKARD ENTERPRISE\" \/>\n<meta property=\"product:price:amount\" content=\"315616\" \/>\n<meta property=\"product:price:currency\" content=\"MXN\" \/>\n<meta property=\"og:availability\" content=\"backorder\" \/>\n<meta property=\"product:availability\" content=\"available for order\" \/>\n<meta property=\"product:retailer_item_id\" content=\"P40508-B21\" \/>\n<meta property=\"product:condition\" content=\"new\" \/>\n<!-- \/ Yoast SEO plugin. -->","yoast_head_json":{"title":"[ Hewlett Packard Enterprise ] &#129351; P40508-b21 Hpe Ssd 3.84 Tb Sas 12 G Lectura Intensiva Sff Bc Value Sas M\u00faltiples Proveedores","description":"Compra P40508-b21 Hpe Ssd 3.84 Tb Sas 12 G Lectura Intensiva Sff Bc Value Sas M\u00faltiples Proveedores + Env\u00edo a domicilio + Pago seguro + Garant\u00eda","robots":{"index":"index","follow":"follow","max-snippet":"max-snippet:-1","max-image-preview":"max-image-preview:large","max-video-preview":"max-video-preview:-1"},"canonical":"https:\/\/compuviper.mx\/tienda\/producto\/hewlett-packard-enterprise-p40508-b21-hpe-ssd-3-84-tb-sas-12-g-lectura-intensiva-sff-bc-value-sas-mltiples-proveedores\/","og_locale":"es_MX","og_type":"article","og_title":"[ Hewlett Packard Enterprise ] &#129351; P40508-b21 Hpe Ssd 3.84 Tb Sas 12 G Lectura Intensiva Sff Bc Value Sas M\u00faltiples Proveedores","og_description":"Compra P40508-b21 Hpe Ssd 3.84 Tb Sas 12 G Lectura Intensiva Sff Bc Value Sas M\u00faltiples Proveedores + Env\u00edo a domicilio + Pago seguro + Garant\u00eda","og_url":"https:\/\/compuviper.mx\/tienda\/producto\/hewlett-packard-enterprise-p40508-b21-hpe-ssd-3-84-tb-sas-12-g-lectura-intensiva-sff-bc-value-sas-mltiples-proveedores\/","og_site_name":"Compuviper","article_publisher":"https:\/\/www.facebook.com\/compuviper","og_image":[{"width":200,"height":200,"url":"https:\/\/compuviper.mx\/tienda\/wp-content\/uploads\/2024\/05\/Hpe-ssd-3.84-tb-sas-12-g-lectura-intensiva-sff-bc-value-sas-multiples-proveedores.jpg","type":"image\/jpeg"}],"twitter_card":"summary_large_image","twitter_misc":{"Precio":"&#36;315,616 con IVA","Availability":"On backorder"},"schema":{"@context":"https:\/\/schema.org","@graph":[{"@type":"WebPage","@id":"https:\/\/compuviper.mx\/tienda\/producto\/hewlett-packard-enterprise-p40508-b21-hpe-ssd-3-84-tb-sas-12-g-lectura-intensiva-sff-bc-value-sas-mltiples-proveedores\/","url":"https:\/\/compuviper.mx\/tienda\/producto\/hewlett-packard-enterprise-p40508-b21-hpe-ssd-3-84-tb-sas-12-g-lectura-intensiva-sff-bc-value-sas-mltiples-proveedores\/","name":"[ Hewlett Packard Enterprise ] &#129351; P40508-b21 Hpe Ssd 3.84 Tb Sas 12 G Lectura Intensiva Sff Bc Value Sas M\u00faltiples Proveedores","isPartOf":{"@id":"https:\/\/compuviper.mx\/tienda\/#website"},"datePublished":"2026-04-17T06:41:24+00:00","dateModified":"2026-04-17T06:41:24+00:00","description":"Compra P40508-b21 Hpe Ssd 3.84 Tb Sas 12 G Lectura Intensiva Sff Bc Value Sas M\u00faltiples Proveedores + Env\u00edo a domicilio + Pago seguro + Garant\u00eda","breadcrumb":{"@id":"https:\/\/compuviper.mx\/tienda\/producto\/hewlett-packard-enterprise-p40508-b21-hpe-ssd-3-84-tb-sas-12-g-lectura-intensiva-sff-bc-value-sas-mltiples-proveedores\/#breadcrumb"},"inLanguage":"es-MX","potentialAction":[{"@type":"ReadAction","target":["https:\/\/compuviper.mx\/tienda\/producto\/hewlett-packard-enterprise-p40508-b21-hpe-ssd-3-84-tb-sas-12-g-lectura-intensiva-sff-bc-value-sas-mltiples-proveedores\/"]}]},{"@type":"BreadcrumbList","@id":"https:\/\/compuviper.mx\/tienda\/producto\/hewlett-packard-enterprise-p40508-b21-hpe-ssd-3-84-tb-sas-12-g-lectura-intensiva-sff-bc-value-sas-mltiples-proveedores\/#breadcrumb","itemListElement":[{"@type":"ListItem","position":1,"name":"Inicio","item":"https:\/\/compuviper.mx\/tienda\/"},{"@type":"ListItem","position":2,"name":"Productos","item":"https:\/\/compuviper.mx\/tienda\/productos\/"},{"@type":"ListItem","position":3,"name":"Almacenamiento","item":"https:\/\/compuviper.mx\/tienda\/categoria-producto\/almacenamiento\/"},{"@type":"ListItem","position":4,"name":"Unidad De Almacenamiento","item":"https:\/\/compuviper.mx\/tienda\/categoria-producto\/almacenamiento\/unidad-de-almacenamiento\/"},{"@type":"ListItem","position":5,"name":"Hewlett Packard Enterprise P40508-b21 Hpe Ssd 3.84 Tb Sas 12 G Lectura Intensiva Sff Bc Value Sas M?ltiples Proveedores"}]},{"@type":"WebSite","@id":"https:\/\/compuviper.mx\/tienda\/#website","url":"https:\/\/compuviper.mx\/tienda\/","name":"Compuviper","description":"Proveedor de Computadoras, Laptops, Servidores, Monitores, Puntos de Venta, Teclados,   Impresoras, T\u00f3ner, C\u00e1maras de Seguridad y m\u00e1s en tu tienda en l\u00ednea","publisher":{"@id":"https:\/\/compuviper.mx\/tienda\/#organization"},"potentialAction":[{"@type":"SearchAction","target":{"@type":"EntryPoint","urlTemplate":"https:\/\/compuviper.mx\/tienda\/?s={search_term_string}"},"query-input":"required name=search_term_string"}],"inLanguage":"es-MX"},{"@type":"Organization","@id":"https:\/\/compuviper.mx\/tienda\/#organization","name":"Compuviper","url":"https:\/\/compuviper.mx\/tienda\/","logo":{"@type":"ImageObject","inLanguage":"es-MX","@id":"https:\/\/compuviper.mx\/tienda\/#\/schema\/logo\/image\/","url":"https:\/\/compuviper.mx\/tienda\/wp-content\/uploads\/2021\/08\/Logo-Compuviper-10.png","contentUrl":"https:\/\/compuviper.mx\/tienda\/wp-content\/uploads\/2021\/08\/Logo-Compuviper-10.png","width":1000,"height":500,"caption":"Compuviper"},"image":{"@id":"https:\/\/compuviper.mx\/tienda\/#\/schema\/logo\/image\/"},"sameAs":["https:\/\/www.facebook.com\/compuviper","https:\/\/www.youtube.com\/channel\/UCf73dERp9Y3cfOq7q8BhLjA?view_as=subscriber"]}]},"product_brand":"HEWLETT PACKARD ENTERPRISE","product_price_amount":"315616","product_price_currency":"MXN","og_availability":"backorder","product_availability":"available for order","product_retailer_item_id":"P40508-B21","product_condition":"new"},"_links":{"self":[{"href":"https:\/\/compuviper.mx\/tienda\/wp-json\/wp\/v2\/product\/232156"}],"collection":[{"href":"https:\/\/compuviper.mx\/tienda\/wp-json\/wp\/v2\/product"}],"about":[{"href":"https:\/\/compuviper.mx\/tienda\/wp-json\/wp\/v2\/types\/product"}],"replies":[{"embeddable":true,"href":"https:\/\/compuviper.mx\/tienda\/wp-json\/wp\/v2\/comments?post=232156"}],"wp:featuredmedia":[{"embeddable":true,"href":"https:\/\/compuviper.mx\/tienda\/wp-json\/wp\/v2\/media\/234047"}],"wp:attachment":[{"href":"https:\/\/compuviper.mx\/tienda\/wp-json\/wp\/v2\/media?parent=232156"}],"wp:term":[{"taxonomy":"product_cat","embeddable":true,"href":"https:\/\/compuviper.mx\/tienda\/wp-json\/wp\/v2\/product_cat?post=232156"},{"taxonomy":"product_tag","embeddable":true,"href":"https:\/\/compuviper.mx\/tienda\/wp-json\/wp\/v2\/product_tag?post=232156"}],"curies":[{"name":"wp","href":"https:\/\/api.w.org\/{rel}","templated":true}]}}