{"id":232087,"date":"2026-04-11T00:21:48","date_gmt":"2026-04-11T06:21:48","guid":{"rendered":"https:\/\/compuviper.mx\/tienda\/producto\/hilook-dvr-216g-m1e-dvr-16-canales-turbohd-2-canales-ip-2-megapxel-1080p-lite-acusense-lite-evita-falsas-alarmas-audio-por-coaxitron-1-baha-de-disco-duro-h-265-salida-de-video-e\/"},"modified":"2026-04-11T00:21:49","modified_gmt":"2026-04-11T06:21:49","slug":"hikvision-dvr-216g-m1e-dvr-hilook-16-canales-turbohd-2-canales-ip-2-megapxel-1080p-lite-acusense-lite-evita-falsas-alarmas-audio-por-coaxitron-1-baha-de-disco-duro-h-265-salida-de-video","status":"publish","type":"product","link":"https:\/\/compuviper.mx\/tienda\/producto\/hikvision-dvr-216g-m1e-dvr-hilook-16-canales-turbohd-2-canales-ip-2-megapxel-1080p-lite-acusense-lite-evita-falsas-alarmas-audio-por-coaxitron-1-baha-de-disco-duro-h-265-salida-de-video\/","title":{"rendered":"Hikvision Dvr-216g-m1(e) Dvr Hilook 16 Canales Turbohd 2 Canales Ip \/ 2 Megapxel 1080p Lite \/ Acusense Lite Evita Falsas Alarmas \/ Audio Por Coaxitron \/ 1 Baha De Disco Duro \/ H.265 \/ Salida De Video En Full Hd"},"content":{"rendered":"<table class=\"descripcion\">\n<tr>\n<td>Caractersticas principales:<\/td>\n<\/tr>\n<tr>\n<td>Soporte de tecnologas: hd-tvi \/ hd-cvi \/ ahd \/ analgico cvbs.<\/td>\n<\/tr>\n<tr>\n<td>Software cliente ivms-4200 gratuito.<\/td>\n<\/tr>\n<tr>\n<td>Compatible con hik-connect p2p.<\/td>\n<\/tr>\n<tr>\n<td>Soporta servicio hik-connect domain \/ dyndns \/ no-ip.<\/td>\n<\/tr>\n<tr>\n<td>Soporta 16 canales turbohd \/ analgicos  2 canales ip = 18 canales en total.<\/td>\n<\/tr>\n<tr>\n<td>H.265 \/ h.265 \/ h.264.<\/td>\n<\/tr>\n<tr>\n<td>Hd-tvi: 1080p lite \/ 720p.<\/td>\n<\/tr>\n<tr>\n<td>Hd-cvi: 1080p lite \/ 720p.<\/td>\n<\/tr>\n<tr>\n<td>Ahd: 1080p lite \/ 720p.<\/td>\n<\/tr>\n<tr>\n<td>Ip: 2 megapixel 1080p.<\/td>\n<\/tr>\n<tr>\n<td>Interfaces entradas \/ salidas:<\/td>\n<\/tr>\n<tr>\n<td>Entrada audio: 1 rca, 2.0 vp-p, 1k and 937;.<\/td>\n<\/tr>\n<tr>\n<td>16 entradas de audio por coaxitron.<\/td>\n<\/tr>\n<tr>\n<td>Salida audio: 1 rca, 2.0 vp-p, 1k and 937;.<\/td>\n<\/tr>\n<tr>\n<td>Entrada alarma: n\/a<\/td>\n<\/tr>\n<tr>\n<td>Salida alarma: n\/a<\/td>\n<\/tr>\n<tr>\n<td>Interfaz usb: 2 puerto 2.0 trasero.<\/td>\n<\/tr>\n<tr>\n<td>Interfaz red: 1 puerto rj-45 10\/100 mbps.<\/td>\n<\/tr>\n<tr>\n<td>Capacidad de hdd: 1 de 4 tb.<\/td>\n<\/tr>\n<tr>\n<td>Caractersticas fsicas y elctricas:<\/td>\n<\/tr>\n<tr>\n<td>Alimentacin: 12 vcd.<\/td>\n<\/tr>\n<tr>\n<td>Consumo sin disco duro: 12 w.<\/td>\n<\/tr>\n<tr>\n<td>Temperatura de operacin: -10 \u00bac hasta 55 \u00bac<\/td>\n<\/tr>\n<tr>\n<td>Dimensiones: 260  222  45 mm w  d  h<\/td>\n<\/tr>\n<tr>\n<td>Peso: 1 kg sin disco duro.<\/td>\n<\/tr>\n<tr>\n<td>Garanta: 2 aos.<\/td>\n<\/tr>\n<tr>\n<td>Caractersticas destacadas:<\/td>\n<\/tr>\n<tr>\n<td>Permite apagar canales anlogos para agregar canales ip. por cada canal que se apaga se genera un canal ip adicional. el dvr puede soportar hasta 18 canales ip de hasta 2 megapixel 1080p en total.<\/td>\n<\/tr>\n<tr>\n<td>Para conectar canales ip es necesario utilizar un switch poe para interconectar las cmaras ip.<\/td>\n<\/tr>\n<tr>\n<td>Soporta hasta 16 canales con la tecnologa acusense para filtrar humanos y vehculos por deteccin de movimiento no cuenta con videoanaticos como cruces de lnea \/ entrada de rea.<\/td>\n<\/tr>\n<\/table>\n","protected":false},"excerpt":{"rendered":"<p>Audio por coaxitron en todos los canales. Una de las mltiples ventajas de los nuevos sistemas de videovigilancia es el audio por coaxitron. Al realizar la combinacin de una cmara con micrfono interconstruido y un videograbador con audio por coaxitron usted podr almacenar video y audio sin tener que aadir componentes extras, ya que la instalacin de una cmara con micrfono interconstruido es exactamente igual a una que no tenga micrfono interconstruido y si&#8230;As es usted puede aadir cmaras con micrfono interconstruido en todos los canales turbohd la funcin de audio por coaxitron nicamente funciona en tvi\/turbohd.<\/p>\n","protected":false},"featured_media":233971,"comment_status":"open","ping_status":"open","template":"","meta":[],"product_cat":[1689,1690],"product_tag":[1595],"acf":[],"yoast_head":"<!-- This site is optimized with the Yoast SEO plugin v21.7 - https:\/\/yoast.com\/wordpress\/plugins\/seo\/ -->\n<title>[ Hikvision ] &#129351; Dvr-216g-m1(e) Dvr Hilook 16 Canales Turbohd 2 Canales Ip \/ 2 Megapxel 1080p Lite \/ Acusense Lite Evita Falsas Alarmas \/ Audio Por Coaxitron \/ 1 Baha De Disco Duro \/ H.265 \/ Salida De Video En Full Hd<\/title>\n<meta name=\"description\" content=\"Compra Dvr-216g-m1(e) Dvr Hilook 16 Canales Turbohd 2 Canales Ip \/ 2 Megapxel 1080p Lite \/ Acusense Lite Evita Falsas Alarmas \/ Audio Por Coaxitron \/ 1 Baha De Disco Duro \/ H.265 \/ Salida De Video En Full Hd + Env\u00edo a domicilio + Pago seguro + Garant\u00eda\" \/>\n<meta name=\"robots\" content=\"index, follow, max-snippet:-1, max-image-preview:large, max-video-preview:-1\" \/>\n<link rel=\"canonical\" href=\"https:\/\/compuviper.mx\/tienda\/producto\/hikvision-dvr-216g-m1e-dvr-hilook-16-canales-turbohd-2-canales-ip-2-megapxel-1080p-lite-acusense-lite-evita-falsas-alarmas-audio-por-coaxitron-1-baha-de-disco-duro-h-265-salida-de-video\/\" \/>\n<meta property=\"og:locale\" content=\"es_MX\" \/>\n<meta property=\"og:type\" content=\"article\" \/>\n<meta property=\"og:title\" content=\"[ Hikvision ] &#129351; Dvr-216g-m1(e) Dvr Hilook 16 Canales Turbohd 2 Canales Ip \/ 2 Megapxel 1080p Lite \/ Acusense Lite Evita Falsas Alarmas \/ Audio Por Coaxitron \/ 1 Baha De Disco Duro \/ H.265 \/ Salida De Video En Full Hd\" \/>\n<meta property=\"og:description\" content=\"Compra Dvr-216g-m1(e) Dvr Hilook 16 Canales Turbohd 2 Canales Ip \/ 2 Megapxel 1080p Lite \/ Acusense Lite Evita Falsas Alarmas \/ Audio Por Coaxitron \/ 1 Baha De Disco Duro \/ H.265 \/ Salida De Video En Full Hd + Env\u00edo a domicilio + Pago seguro + Garant\u00eda\" \/>\n<meta property=\"og:url\" content=\"https:\/\/compuviper.mx\/tienda\/producto\/hikvision-dvr-216g-m1e-dvr-hilook-16-canales-turbohd-2-canales-ip-2-megapxel-1080p-lite-acusense-lite-evita-falsas-alarmas-audio-por-coaxitron-1-baha-de-disco-duro-h-265-salida-de-video\/\" \/>\n<meta property=\"og:site_name\" content=\"Compuviper\" \/>\n<meta property=\"article:publisher\" content=\"https:\/\/www.facebook.com\/compuviper\" \/>\n<meta property=\"article:modified_time\" content=\"2026-04-11T06:21:49+00:00\" \/>\n<meta property=\"og:image\" content=\"https:\/\/compuviper.mx\/tienda\/wp-content\/uploads\/2024\/05\/Dvr-16-canales-turbohd-2-canales-ip-2-megapixel-1080p-lite-acusense-lite-evita-falsas-alarmas-audio-por-coaxitron-1-bahia-de-disco-duro-h.265-salida-de-video-en-full-hd.jpg\" \/>\n\t<meta property=\"og:image:width\" content=\"200\" \/>\n\t<meta property=\"og:image:height\" content=\"200\" \/>\n\t<meta property=\"og:image:type\" content=\"image\/jpeg\" \/>\n<meta name=\"twitter:card\" content=\"summary_large_image\" \/>\n<meta name=\"twitter:label1\" content=\"Precio\" \/>\n\t<meta name=\"twitter:data1\" content=\"&#36;1,053 con IVA\" \/>\n\t<meta name=\"twitter:label2\" content=\"Availability\" \/>\n\t<meta name=\"twitter:data2\" content=\"In stock\" \/>\n<script type=\"application\/ld+json\" class=\"yoast-schema-graph\">{\"@context\":\"https:\/\/schema.org\",\"@graph\":[{\"@type\":\"WebPage\",\"@id\":\"https:\/\/compuviper.mx\/tienda\/producto\/hikvision-dvr-216g-m1e-dvr-hilook-16-canales-turbohd-2-canales-ip-2-megapxel-1080p-lite-acusense-lite-evita-falsas-alarmas-audio-por-coaxitron-1-baha-de-disco-duro-h-265-salida-de-video\/\",\"url\":\"https:\/\/compuviper.mx\/tienda\/producto\/hikvision-dvr-216g-m1e-dvr-hilook-16-canales-turbohd-2-canales-ip-2-megapxel-1080p-lite-acusense-lite-evita-falsas-alarmas-audio-por-coaxitron-1-baha-de-disco-duro-h-265-salida-de-video\/\",\"name\":\"[ Hikvision ] &#129351; Dvr-216g-m1(e) Dvr Hilook 16 Canales Turbohd 2 Canales Ip \/ 2 Megapxel 1080p Lite \/ Acusense Lite Evita Falsas Alarmas \/ Audio Por Coaxitron \/ 1 Baha De Disco Duro \/ H.265 \/ Salida De Video En Full Hd\",\"isPartOf\":{\"@id\":\"https:\/\/compuviper.mx\/tienda\/#website\"},\"datePublished\":\"2026-04-11T06:21:48+00:00\",\"dateModified\":\"2026-04-11T06:21:49+00:00\",\"description\":\"Compra Dvr-216g-m1(e) Dvr Hilook 16 Canales Turbohd 2 Canales Ip \/ 2 Megapxel 1080p Lite \/ Acusense Lite Evita Falsas Alarmas \/ Audio Por Coaxitron \/ 1 Baha De Disco Duro \/ H.265 \/ Salida De Video En Full Hd + Env\u00edo a domicilio + Pago seguro + Garant\u00eda\",\"breadcrumb\":{\"@id\":\"https:\/\/compuviper.mx\/tienda\/producto\/hikvision-dvr-216g-m1e-dvr-hilook-16-canales-turbohd-2-canales-ip-2-megapxel-1080p-lite-acusense-lite-evita-falsas-alarmas-audio-por-coaxitron-1-baha-de-disco-duro-h-265-salida-de-video\/#breadcrumb\"},\"inLanguage\":\"es-MX\",\"potentialAction\":[{\"@type\":\"ReadAction\",\"target\":[\"https:\/\/compuviper.mx\/tienda\/producto\/hikvision-dvr-216g-m1e-dvr-hilook-16-canales-turbohd-2-canales-ip-2-megapxel-1080p-lite-acusense-lite-evita-falsas-alarmas-audio-por-coaxitron-1-baha-de-disco-duro-h-265-salida-de-video\/\"]}]},{\"@type\":\"BreadcrumbList\",\"@id\":\"https:\/\/compuviper.mx\/tienda\/producto\/hikvision-dvr-216g-m1e-dvr-hilook-16-canales-turbohd-2-canales-ip-2-megapxel-1080p-lite-acusense-lite-evita-falsas-alarmas-audio-por-coaxitron-1-baha-de-disco-duro-h-265-salida-de-video\/#breadcrumb\",\"itemListElement\":[{\"@type\":\"ListItem\",\"position\":1,\"name\":\"Inicio\",\"item\":\"https:\/\/compuviper.mx\/tienda\/\"},{\"@type\":\"ListItem\",\"position\":2,\"name\":\"Productos\",\"item\":\"https:\/\/compuviper.mx\/tienda\/productos\/\"},{\"@type\":\"ListItem\",\"position\":3,\"name\":\"Videograbadores\",\"item\":\"https:\/\/compuviper.mx\/tienda\/categoria-producto\/videograbadores\/\"},{\"@type\":\"ListItem\",\"position\":4,\"name\":\"Dvr\",\"item\":\"https:\/\/compuviper.mx\/tienda\/categoria-producto\/videograbadores\/dvr\/\"},{\"@type\":\"ListItem\",\"position\":5,\"name\":\"Hikvision Dvr-216g-m1(e) Dvr Hilook 16 Canales Turbohd 2 Canales Ip \/ 2 Megapxel 1080p Lite \/ Acusense Lite Evita Falsas Alarmas \/ Audio Por Coaxitron \/ 1 Baha De Disco Duro \/ H.265 \/ Salida De Video En Full Hd\"}]},{\"@type\":\"WebSite\",\"@id\":\"https:\/\/compuviper.mx\/tienda\/#website\",\"url\":\"https:\/\/compuviper.mx\/tienda\/\",\"name\":\"Compuviper\",\"description\":\"Proveedor de Computadoras, Laptops, Servidores, Monitores, Puntos de Venta, Teclados,   Impresoras, T\u00f3ner, C\u00e1maras de Seguridad y m\u00e1s en tu tienda en l\u00ednea\",\"publisher\":{\"@id\":\"https:\/\/compuviper.mx\/tienda\/#organization\"},\"potentialAction\":[{\"@type\":\"SearchAction\",\"target\":{\"@type\":\"EntryPoint\",\"urlTemplate\":\"https:\/\/compuviper.mx\/tienda\/?s={search_term_string}\"},\"query-input\":\"required name=search_term_string\"}],\"inLanguage\":\"es-MX\"},{\"@type\":\"Organization\",\"@id\":\"https:\/\/compuviper.mx\/tienda\/#organization\",\"name\":\"Compuviper\",\"url\":\"https:\/\/compuviper.mx\/tienda\/\",\"logo\":{\"@type\":\"ImageObject\",\"inLanguage\":\"es-MX\",\"@id\":\"https:\/\/compuviper.mx\/tienda\/#\/schema\/logo\/image\/\",\"url\":\"https:\/\/compuviper.mx\/tienda\/wp-content\/uploads\/2021\/08\/Logo-Compuviper-10.png\",\"contentUrl\":\"https:\/\/compuviper.mx\/tienda\/wp-content\/uploads\/2021\/08\/Logo-Compuviper-10.png\",\"width\":1000,\"height\":500,\"caption\":\"Compuviper\"},\"image\":{\"@id\":\"https:\/\/compuviper.mx\/tienda\/#\/schema\/logo\/image\/\"},\"sameAs\":[\"https:\/\/www.facebook.com\/compuviper\",\"https:\/\/www.youtube.com\/channel\/UCf73dERp9Y3cfOq7q8BhLjA?view_as=subscriber\"]}]}<\/script>\n<meta property=\"product:brand\" content=\"HIKVISION\" \/>\n<meta property=\"product:price:amount\" content=\"1053\" \/>\n<meta property=\"product:price:currency\" content=\"MXN\" \/>\n<meta property=\"og:availability\" content=\"instock\" \/>\n<meta property=\"product:availability\" content=\"instock\" \/>\n<meta property=\"product:retailer_item_id\" content=\"DVR-216G-M1(E)\" \/>\n<meta property=\"product:condition\" content=\"new\" \/>\n<!-- \/ Yoast SEO plugin. -->","yoast_head_json":{"title":"[ Hikvision ] &#129351; Dvr-216g-m1(e) Dvr Hilook 16 Canales Turbohd 2 Canales Ip \/ 2 Megapxel 1080p Lite \/ Acusense Lite Evita Falsas Alarmas \/ Audio Por Coaxitron \/ 1 Baha De Disco Duro \/ H.265 \/ Salida De Video En Full Hd","description":"Compra Dvr-216g-m1(e) Dvr Hilook 16 Canales Turbohd 2 Canales Ip \/ 2 Megapxel 1080p Lite \/ Acusense Lite Evita Falsas Alarmas \/ Audio Por Coaxitron \/ 1 Baha De Disco Duro \/ H.265 \/ Salida De Video En Full Hd + Env\u00edo a domicilio + Pago seguro + Garant\u00eda","robots":{"index":"index","follow":"follow","max-snippet":"max-snippet:-1","max-image-preview":"max-image-preview:large","max-video-preview":"max-video-preview:-1"},"canonical":"https:\/\/compuviper.mx\/tienda\/producto\/hikvision-dvr-216g-m1e-dvr-hilook-16-canales-turbohd-2-canales-ip-2-megapxel-1080p-lite-acusense-lite-evita-falsas-alarmas-audio-por-coaxitron-1-baha-de-disco-duro-h-265-salida-de-video\/","og_locale":"es_MX","og_type":"article","og_title":"[ Hikvision ] &#129351; Dvr-216g-m1(e) Dvr Hilook 16 Canales Turbohd 2 Canales Ip \/ 2 Megapxel 1080p Lite \/ Acusense Lite Evita Falsas Alarmas \/ Audio Por Coaxitron \/ 1 Baha De Disco Duro \/ H.265 \/ Salida De Video En Full Hd","og_description":"Compra Dvr-216g-m1(e) Dvr Hilook 16 Canales Turbohd 2 Canales Ip \/ 2 Megapxel 1080p Lite \/ Acusense Lite Evita Falsas Alarmas \/ Audio Por Coaxitron \/ 1 Baha De Disco Duro \/ H.265 \/ Salida De Video En Full Hd + Env\u00edo a domicilio + Pago seguro + Garant\u00eda","og_url":"https:\/\/compuviper.mx\/tienda\/producto\/hikvision-dvr-216g-m1e-dvr-hilook-16-canales-turbohd-2-canales-ip-2-megapxel-1080p-lite-acusense-lite-evita-falsas-alarmas-audio-por-coaxitron-1-baha-de-disco-duro-h-265-salida-de-video\/","og_site_name":"Compuviper","article_publisher":"https:\/\/www.facebook.com\/compuviper","article_modified_time":"2026-04-11T06:21:49+00:00","og_image":[{"width":200,"height":200,"url":"https:\/\/compuviper.mx\/tienda\/wp-content\/uploads\/2024\/05\/Dvr-16-canales-turbohd-2-canales-ip-2-megapixel-1080p-lite-acusense-lite-evita-falsas-alarmas-audio-por-coaxitron-1-bahia-de-disco-duro-h.265-salida-de-video-en-full-hd.jpg","type":"image\/jpeg"}],"twitter_card":"summary_large_image","twitter_misc":{"Precio":"&#36;1,053 con IVA","Availability":"In stock"},"schema":{"@context":"https:\/\/schema.org","@graph":[{"@type":"WebPage","@id":"https:\/\/compuviper.mx\/tienda\/producto\/hikvision-dvr-216g-m1e-dvr-hilook-16-canales-turbohd-2-canales-ip-2-megapxel-1080p-lite-acusense-lite-evita-falsas-alarmas-audio-por-coaxitron-1-baha-de-disco-duro-h-265-salida-de-video\/","url":"https:\/\/compuviper.mx\/tienda\/producto\/hikvision-dvr-216g-m1e-dvr-hilook-16-canales-turbohd-2-canales-ip-2-megapxel-1080p-lite-acusense-lite-evita-falsas-alarmas-audio-por-coaxitron-1-baha-de-disco-duro-h-265-salida-de-video\/","name":"[ Hikvision ] &#129351; Dvr-216g-m1(e) Dvr Hilook 16 Canales Turbohd 2 Canales Ip \/ 2 Megapxel 1080p Lite \/ Acusense Lite Evita Falsas Alarmas \/ Audio Por Coaxitron \/ 1 Baha De Disco Duro \/ H.265 \/ Salida De Video En Full Hd","isPartOf":{"@id":"https:\/\/compuviper.mx\/tienda\/#website"},"datePublished":"2026-04-11T06:21:48+00:00","dateModified":"2026-04-11T06:21:49+00:00","description":"Compra Dvr-216g-m1(e) Dvr Hilook 16 Canales Turbohd 2 Canales Ip \/ 2 Megapxel 1080p Lite \/ Acusense Lite Evita Falsas Alarmas \/ Audio Por Coaxitron \/ 1 Baha De Disco Duro \/ H.265 \/ Salida De Video En Full Hd + Env\u00edo a domicilio + Pago seguro + Garant\u00eda","breadcrumb":{"@id":"https:\/\/compuviper.mx\/tienda\/producto\/hikvision-dvr-216g-m1e-dvr-hilook-16-canales-turbohd-2-canales-ip-2-megapxel-1080p-lite-acusense-lite-evita-falsas-alarmas-audio-por-coaxitron-1-baha-de-disco-duro-h-265-salida-de-video\/#breadcrumb"},"inLanguage":"es-MX","potentialAction":[{"@type":"ReadAction","target":["https:\/\/compuviper.mx\/tienda\/producto\/hikvision-dvr-216g-m1e-dvr-hilook-16-canales-turbohd-2-canales-ip-2-megapxel-1080p-lite-acusense-lite-evita-falsas-alarmas-audio-por-coaxitron-1-baha-de-disco-duro-h-265-salida-de-video\/"]}]},{"@type":"BreadcrumbList","@id":"https:\/\/compuviper.mx\/tienda\/producto\/hikvision-dvr-216g-m1e-dvr-hilook-16-canales-turbohd-2-canales-ip-2-megapxel-1080p-lite-acusense-lite-evita-falsas-alarmas-audio-por-coaxitron-1-baha-de-disco-duro-h-265-salida-de-video\/#breadcrumb","itemListElement":[{"@type":"ListItem","position":1,"name":"Inicio","item":"https:\/\/compuviper.mx\/tienda\/"},{"@type":"ListItem","position":2,"name":"Productos","item":"https:\/\/compuviper.mx\/tienda\/productos\/"},{"@type":"ListItem","position":3,"name":"Videograbadores","item":"https:\/\/compuviper.mx\/tienda\/categoria-producto\/videograbadores\/"},{"@type":"ListItem","position":4,"name":"Dvr","item":"https:\/\/compuviper.mx\/tienda\/categoria-producto\/videograbadores\/dvr\/"},{"@type":"ListItem","position":5,"name":"Hikvision Dvr-216g-m1(e) Dvr Hilook 16 Canales Turbohd 2 Canales Ip \/ 2 Megapxel 1080p Lite \/ Acusense Lite Evita Falsas Alarmas \/ Audio Por Coaxitron \/ 1 Baha De Disco Duro \/ H.265 \/ Salida De Video En Full Hd"}]},{"@type":"WebSite","@id":"https:\/\/compuviper.mx\/tienda\/#website","url":"https:\/\/compuviper.mx\/tienda\/","name":"Compuviper","description":"Proveedor de Computadoras, Laptops, Servidores, Monitores, Puntos de Venta, Teclados,   Impresoras, T\u00f3ner, C\u00e1maras de Seguridad y m\u00e1s en tu tienda en l\u00ednea","publisher":{"@id":"https:\/\/compuviper.mx\/tienda\/#organization"},"potentialAction":[{"@type":"SearchAction","target":{"@type":"EntryPoint","urlTemplate":"https:\/\/compuviper.mx\/tienda\/?s={search_term_string}"},"query-input":"required name=search_term_string"}],"inLanguage":"es-MX"},{"@type":"Organization","@id":"https:\/\/compuviper.mx\/tienda\/#organization","name":"Compuviper","url":"https:\/\/compuviper.mx\/tienda\/","logo":{"@type":"ImageObject","inLanguage":"es-MX","@id":"https:\/\/compuviper.mx\/tienda\/#\/schema\/logo\/image\/","url":"https:\/\/compuviper.mx\/tienda\/wp-content\/uploads\/2021\/08\/Logo-Compuviper-10.png","contentUrl":"https:\/\/compuviper.mx\/tienda\/wp-content\/uploads\/2021\/08\/Logo-Compuviper-10.png","width":1000,"height":500,"caption":"Compuviper"},"image":{"@id":"https:\/\/compuviper.mx\/tienda\/#\/schema\/logo\/image\/"},"sameAs":["https:\/\/www.facebook.com\/compuviper","https:\/\/www.youtube.com\/channel\/UCf73dERp9Y3cfOq7q8BhLjA?view_as=subscriber"]}]},"product_brand":"HIKVISION","product_price_amount":"1053","product_price_currency":"MXN","og_availability":"instock","product_availability":"instock","product_retailer_item_id":"DVR-216G-M1(E)","product_condition":"new"},"_links":{"self":[{"href":"https:\/\/compuviper.mx\/tienda\/wp-json\/wp\/v2\/product\/232087"}],"collection":[{"href":"https:\/\/compuviper.mx\/tienda\/wp-json\/wp\/v2\/product"}],"about":[{"href":"https:\/\/compuviper.mx\/tienda\/wp-json\/wp\/v2\/types\/product"}],"replies":[{"embeddable":true,"href":"https:\/\/compuviper.mx\/tienda\/wp-json\/wp\/v2\/comments?post=232087"}],"wp:featuredmedia":[{"embeddable":true,"href":"https:\/\/compuviper.mx\/tienda\/wp-json\/wp\/v2\/media\/233971"}],"wp:attachment":[{"href":"https:\/\/compuviper.mx\/tienda\/wp-json\/wp\/v2\/media?parent=232087"}],"wp:term":[{"taxonomy":"product_cat","embeddable":true,"href":"https:\/\/compuviper.mx\/tienda\/wp-json\/wp\/v2\/product_cat?post=232087"},{"taxonomy":"product_tag","embeddable":true,"href":"https:\/\/compuviper.mx\/tienda\/wp-json\/wp\/v2\/product_tag?post=232087"}],"curies":[{"name":"wp","href":"https:\/\/api.w.org\/{rel}","templated":true}]}}