{"id":232081,"date":"2026-04-23T00:14:09","date_gmt":"2026-04-23T06:14:09","guid":{"rendered":"https:\/\/compuviper.mx\/tienda\/producto\/hilook-ds-2ce16d0t-lfs-camara-bala-turbohd-2-megapixel-1080p-lente-2-8-mm-dual-light-30-mts-ir-exir-20-mts-luz-blanca-micrfono-integrado-gran-angular-101-exterior-ip67-4-tecnolog\/"},"modified":"2026-04-23T00:14:09","modified_gmt":"2026-04-23T06:14:09","slug":"hikvision-ds-2ce16d0t-lfs-camara-hilook-bala-turbohd-2-megapixel-1080p-lente-2-8-mm-dual-light-30-mts-ir-exir-20-mts-luz-blanca-micrfono-integrado-gran-angular-101-exterior-ip67-4","status":"publish","type":"product","link":"https:\/\/compuviper.mx\/tienda\/producto\/hikvision-ds-2ce16d0t-lfs-camara-hilook-bala-turbohd-2-megapixel-1080p-lente-2-8-mm-dual-light-30-mts-ir-exir-20-mts-luz-blanca-micrfono-integrado-gran-angular-101-exterior-ip67-4\/","title":{"rendered":"Hikvision Ds-2ce16d0t-lfs Camara Hilook Bala Turbohd 2 Megapixel (1080p) \/ Lente 2.8 Mm \/ Dual Light (30 Mts Ir Exir + 20 Mts Luz Blanca) \/ Micr?fono Integrado \/ Gran Angular 101? \/ Exterior Ip67 \/ 4 Tecnolog?as"},"content":{"rendered":"<table class=\"descripcion\">\n<tr>\n<td>Caractersticas principales:<\/td>\n<\/tr>\n<tr>\n<td>Resolucin mxima: 2 megapixel 1920 x 1080.<\/td>\n<\/tr>\n<tr>\n<td>Lente fijo: 2.8 mm ngulo de visin 101\u00b0.<\/td>\n<\/tr>\n<tr>\n<td>30 mts smart ir visin nocturna.<\/td>\n<\/tr>\n<tr>\n<td>20 mts luz blanca<\/td>\n<\/tr>\n<tr>\n<td>Soporta las 4 tecnologas del mercado tvi \/ ahd \/ cvi \/ cvbs.<\/td>\n<\/tr>\n<tr>\n<td>Dwdr.<\/td>\n<\/tr>\n<tr>\n<td>Soporta coaxitron.<\/td>\n<\/tr>\n<tr>\n<td>Nota: el audio por coaxitron se enva nicamente por tecnologa tvi.<\/td>\n<\/tr>\n<tr>\n<td>Caractersticas fsicas y elctricas:<\/td>\n<\/tr>\n<tr>\n<td>Alimentacin \/ consumo: 12 vcc \/ 3.3 watts.<\/td>\n<\/tr>\n<tr>\n<td>Proteccin: ip67 interior \/ exterior.<\/td>\n<\/tr>\n<tr>\n<td>Fabricada en metal.<\/td>\n<\/tr>\n<tr>\n<td>Peso: 266 gramos.<\/td>\n<\/tr>\n<tr>\n<td>Garanta: 2 aos.<\/td>\n<\/tr>\n<tr>\n<td>Accesorios:<\/td>\n<\/tr>\n<tr>\n<td>Caja de conexiones, modelo: ds-1280zj-xs<\/td>\n<\/tr>\n<tr>\n<td>Caractersticas destacadas:<\/td>\n<\/tr>\n<tr>\n<td>La cmara cuenta con un micrfono interconstruido, el cual no requiere cables adicionales para poder transmitir el audio.<\/td>\n<\/tr>\n<tr>\n<td>La funcin de luz dual dual light permite que la cmara cuando este en modo noche con ir encendido pueda activar su luz blanca para grabar a color cuando ocurra un evento deteccin de movimiento, cruce de lnea, entrada de rea. la comunicacin de activar luz blanca unicamente funciona en modo tvi turbohd y con grabadores con versiones de firmware 4.26 o superior.<\/td>\n<\/tr>\n<\/table>\n","protected":false},"excerpt":{"rendered":"<p>Caractersticas principales. Cuenta con micrfono integrado para grabar audio. Compatible con grabadores con audio por coaxitron. El audio nicamente se transmite en tecnologa tvi. Exterior ip67<\/p>\n","protected":false},"featured_media":233950,"comment_status":"open","ping_status":"open","template":"","meta":[],"product_cat":[1608,1681],"product_tag":[1595],"acf":[],"yoast_head":"<!-- This site is optimized with the Yoast SEO plugin v21.7 - https:\/\/yoast.com\/wordpress\/plugins\/seo\/ -->\n<title>[ Hikvision ] &#129351; Ds-2ce16d0t-lfs Camara Hilook Bala Turbohd 2 Megapixel (1080p) \/ Lente 2.8 Mm \/ Dual Light (30 Mts Ir Exir + 20 Mts Luz Blanca) \/ Micr\u00f3fono Integrado \/ Gran Angular 101\u00b0 \/ Exterior Ip67 \/ 4 Tecnolog\u00edas<\/title>\n<meta name=\"description\" content=\"Compra Ds-2ce16d0t-lfs Camara Hilook Bala Turbohd 2 Megapixel (1080p) \/ Lente 2.8 Mm \/ Dual Light (30 Mts Ir Exir + 20 Mts Luz Blanca) \/ Micr\u00f3fono Integrado \/ Gran Angular 101\u00b0 \/ Exterior Ip67 \/ 4 Tecnolog\u00edas + Env\u00edo a domicilio + Pago seguro + Garant\u00eda\" \/>\n<meta name=\"robots\" content=\"index, follow, max-snippet:-1, max-image-preview:large, max-video-preview:-1\" \/>\n<link rel=\"canonical\" href=\"https:\/\/compuviper.mx\/tienda\/producto\/hikvision-ds-2ce16d0t-lfs-camara-hilook-bala-turbohd-2-megapixel-1080p-lente-2-8-mm-dual-light-30-mts-ir-exir-20-mts-luz-blanca-micrfono-integrado-gran-angular-101-exterior-ip67-4\/\" \/>\n<meta property=\"og:locale\" content=\"es_MX\" \/>\n<meta property=\"og:type\" content=\"article\" \/>\n<meta property=\"og:title\" content=\"[ Hikvision ] &#129351; Ds-2ce16d0t-lfs Camara Hilook Bala Turbohd 2 Megapixel (1080p) \/ Lente 2.8 Mm \/ Dual Light (30 Mts Ir Exir + 20 Mts Luz Blanca) \/ Micr\u00f3fono Integrado \/ Gran Angular 101\u00b0 \/ Exterior Ip67 \/ 4 Tecnolog\u00edas\" \/>\n<meta property=\"og:description\" content=\"Compra Ds-2ce16d0t-lfs Camara Hilook Bala Turbohd 2 Megapixel (1080p) \/ Lente 2.8 Mm \/ Dual Light (30 Mts Ir Exir + 20 Mts Luz Blanca) \/ Micr\u00f3fono Integrado \/ Gran Angular 101\u00b0 \/ Exterior Ip67 \/ 4 Tecnolog\u00edas + Env\u00edo a domicilio + Pago seguro + Garant\u00eda\" \/>\n<meta property=\"og:url\" content=\"https:\/\/compuviper.mx\/tienda\/producto\/hikvision-ds-2ce16d0t-lfs-camara-hilook-bala-turbohd-2-megapixel-1080p-lente-2-8-mm-dual-light-30-mts-ir-exir-20-mts-luz-blanca-micrfono-integrado-gran-angular-101-exterior-ip67-4\/\" \/>\n<meta property=\"og:site_name\" content=\"Compuviper\" \/>\n<meta property=\"article:publisher\" content=\"https:\/\/www.facebook.com\/compuviper\" \/>\n<meta property=\"og:image\" content=\"https:\/\/compuviper.mx\/tienda\/wp-content\/uploads\/2024\/05\/Camara-hilook-bala-turbohd-2-megapixel-1080p-lente-2.8-mm-dual-light-30-mts-ir-exir-20-mts-luz-blanca-microfono-integrado-gran-angular-101\u00b0-exterior-ip67-4-tecnologias.jpg\" \/>\n\t<meta property=\"og:image:width\" content=\"200\" \/>\n\t<meta property=\"og:image:height\" content=\"200\" \/>\n\t<meta property=\"og:image:type\" content=\"image\/jpeg\" \/>\n<meta name=\"twitter:card\" content=\"summary_large_image\" \/>\n<meta name=\"twitter:label1\" content=\"Precio\" \/>\n\t<meta name=\"twitter:data1\" content=\"&#36;569 con IVA\" \/>\n\t<meta name=\"twitter:label2\" content=\"Availability\" \/>\n\t<meta name=\"twitter:data2\" content=\"Out of stock\" \/>\n<script type=\"application\/ld+json\" class=\"yoast-schema-graph\">{\"@context\":\"https:\/\/schema.org\",\"@graph\":[{\"@type\":\"WebPage\",\"@id\":\"https:\/\/compuviper.mx\/tienda\/producto\/hikvision-ds-2ce16d0t-lfs-camara-hilook-bala-turbohd-2-megapixel-1080p-lente-2-8-mm-dual-light-30-mts-ir-exir-20-mts-luz-blanca-micrfono-integrado-gran-angular-101-exterior-ip67-4\/\",\"url\":\"https:\/\/compuviper.mx\/tienda\/producto\/hikvision-ds-2ce16d0t-lfs-camara-hilook-bala-turbohd-2-megapixel-1080p-lente-2-8-mm-dual-light-30-mts-ir-exir-20-mts-luz-blanca-micrfono-integrado-gran-angular-101-exterior-ip67-4\/\",\"name\":\"[ Hikvision ] &#129351; Ds-2ce16d0t-lfs Camara Hilook Bala Turbohd 2 Megapixel (1080p) \/ Lente 2.8 Mm \/ Dual Light (30 Mts Ir Exir + 20 Mts Luz Blanca) \/ Micr\u00f3fono Integrado \/ Gran Angular 101\u00b0 \/ Exterior Ip67 \/ 4 Tecnolog\u00edas\",\"isPartOf\":{\"@id\":\"https:\/\/compuviper.mx\/tienda\/#website\"},\"datePublished\":\"2026-04-23T06:14:09+00:00\",\"dateModified\":\"2026-04-23T06:14:09+00:00\",\"description\":\"Compra Ds-2ce16d0t-lfs Camara Hilook Bala Turbohd 2 Megapixel (1080p) \/ Lente 2.8 Mm \/ Dual Light (30 Mts Ir Exir + 20 Mts Luz Blanca) \/ Micr\u00f3fono Integrado \/ Gran Angular 101\u00b0 \/ Exterior Ip67 \/ 4 Tecnolog\u00edas + Env\u00edo a domicilio + Pago seguro + Garant\u00eda\",\"breadcrumb\":{\"@id\":\"https:\/\/compuviper.mx\/tienda\/producto\/hikvision-ds-2ce16d0t-lfs-camara-hilook-bala-turbohd-2-megapixel-1080p-lente-2-8-mm-dual-light-30-mts-ir-exir-20-mts-luz-blanca-micrfono-integrado-gran-angular-101-exterior-ip67-4\/#breadcrumb\"},\"inLanguage\":\"es-MX\",\"potentialAction\":[{\"@type\":\"ReadAction\",\"target\":[\"https:\/\/compuviper.mx\/tienda\/producto\/hikvision-ds-2ce16d0t-lfs-camara-hilook-bala-turbohd-2-megapixel-1080p-lente-2-8-mm-dual-light-30-mts-ir-exir-20-mts-luz-blanca-micrfono-integrado-gran-angular-101-exterior-ip67-4\/\"]}]},{\"@type\":\"BreadcrumbList\",\"@id\":\"https:\/\/compuviper.mx\/tienda\/producto\/hikvision-ds-2ce16d0t-lfs-camara-hilook-bala-turbohd-2-megapixel-1080p-lente-2-8-mm-dual-light-30-mts-ir-exir-20-mts-luz-blanca-micrfono-integrado-gran-angular-101-exterior-ip67-4\/#breadcrumb\",\"itemListElement\":[{\"@type\":\"ListItem\",\"position\":1,\"name\":\"Inicio\",\"item\":\"https:\/\/compuviper.mx\/tienda\/\"},{\"@type\":\"ListItem\",\"position\":2,\"name\":\"Productos\",\"item\":\"https:\/\/compuviper.mx\/tienda\/productos\/\"},{\"@type\":\"ListItem\",\"position\":3,\"name\":\"Camaras\",\"item\":\"https:\/\/compuviper.mx\/tienda\/categoria-producto\/camaras-2\/\"},{\"@type\":\"ListItem\",\"position\":4,\"name\":\"Camara De Videovigilancia\",\"item\":\"https:\/\/compuviper.mx\/tienda\/categoria-producto\/camaras-2\/camara-de-videovigilancia\/\"},{\"@type\":\"ListItem\",\"position\":5,\"name\":\"Hikvision Ds-2ce16d0t-lfs Camara Hilook Bala Turbohd 2 Megapixel (1080p) \/ Lente 2.8 Mm \/ Dual Light (30 Mts Ir Exir + 20 Mts Luz Blanca) \/ Micr?fono Integrado \/ Gran Angular 101? \/ Exterior Ip67 \/ 4 Tecnolog?as\"}]},{\"@type\":\"WebSite\",\"@id\":\"https:\/\/compuviper.mx\/tienda\/#website\",\"url\":\"https:\/\/compuviper.mx\/tienda\/\",\"name\":\"Compuviper\",\"description\":\"Proveedor de Computadoras, Laptops, Servidores, Monitores, Puntos de Venta, Teclados,   Impresoras, T\u00f3ner, C\u00e1maras de Seguridad y m\u00e1s en tu tienda en l\u00ednea\",\"publisher\":{\"@id\":\"https:\/\/compuviper.mx\/tienda\/#organization\"},\"potentialAction\":[{\"@type\":\"SearchAction\",\"target\":{\"@type\":\"EntryPoint\",\"urlTemplate\":\"https:\/\/compuviper.mx\/tienda\/?s={search_term_string}\"},\"query-input\":\"required name=search_term_string\"}],\"inLanguage\":\"es-MX\"},{\"@type\":\"Organization\",\"@id\":\"https:\/\/compuviper.mx\/tienda\/#organization\",\"name\":\"Compuviper\",\"url\":\"https:\/\/compuviper.mx\/tienda\/\",\"logo\":{\"@type\":\"ImageObject\",\"inLanguage\":\"es-MX\",\"@id\":\"https:\/\/compuviper.mx\/tienda\/#\/schema\/logo\/image\/\",\"url\":\"https:\/\/compuviper.mx\/tienda\/wp-content\/uploads\/2021\/08\/Logo-Compuviper-10.png\",\"contentUrl\":\"https:\/\/compuviper.mx\/tienda\/wp-content\/uploads\/2021\/08\/Logo-Compuviper-10.png\",\"width\":1000,\"height\":500,\"caption\":\"Compuviper\"},\"image\":{\"@id\":\"https:\/\/compuviper.mx\/tienda\/#\/schema\/logo\/image\/\"},\"sameAs\":[\"https:\/\/www.facebook.com\/compuviper\",\"https:\/\/www.youtube.com\/channel\/UCf73dERp9Y3cfOq7q8BhLjA?view_as=subscriber\"]}]}<\/script>\n<meta property=\"product:brand\" content=\"HIKVISION\" \/>\n<meta property=\"product:price:amount\" content=\"569\" \/>\n<meta property=\"product:price:currency\" content=\"MXN\" \/>\n<meta property=\"og:availability\" content=\"out of stock\" \/>\n<meta property=\"product:availability\" content=\"out of stock\" \/>\n<meta property=\"product:retailer_item_id\" content=\"DS-2CE16D0T-LFS\" \/>\n<meta property=\"product:condition\" content=\"new\" \/>\n<!-- \/ Yoast SEO plugin. -->","yoast_head_json":{"title":"[ Hikvision ] &#129351; Ds-2ce16d0t-lfs Camara Hilook Bala Turbohd 2 Megapixel (1080p) \/ Lente 2.8 Mm \/ Dual Light (30 Mts Ir Exir + 20 Mts Luz Blanca) \/ Micr\u00f3fono Integrado \/ Gran Angular 101\u00b0 \/ Exterior Ip67 \/ 4 Tecnolog\u00edas","description":"Compra Ds-2ce16d0t-lfs Camara Hilook Bala Turbohd 2 Megapixel (1080p) \/ Lente 2.8 Mm \/ Dual Light (30 Mts Ir Exir + 20 Mts Luz Blanca) \/ Micr\u00f3fono Integrado \/ Gran Angular 101\u00b0 \/ Exterior Ip67 \/ 4 Tecnolog\u00edas + Env\u00edo a domicilio + Pago seguro + Garant\u00eda","robots":{"index":"index","follow":"follow","max-snippet":"max-snippet:-1","max-image-preview":"max-image-preview:large","max-video-preview":"max-video-preview:-1"},"canonical":"https:\/\/compuviper.mx\/tienda\/producto\/hikvision-ds-2ce16d0t-lfs-camara-hilook-bala-turbohd-2-megapixel-1080p-lente-2-8-mm-dual-light-30-mts-ir-exir-20-mts-luz-blanca-micrfono-integrado-gran-angular-101-exterior-ip67-4\/","og_locale":"es_MX","og_type":"article","og_title":"[ Hikvision ] &#129351; Ds-2ce16d0t-lfs Camara Hilook Bala Turbohd 2 Megapixel (1080p) \/ Lente 2.8 Mm \/ Dual Light (30 Mts Ir Exir + 20 Mts Luz Blanca) \/ Micr\u00f3fono Integrado \/ Gran Angular 101\u00b0 \/ Exterior Ip67 \/ 4 Tecnolog\u00edas","og_description":"Compra Ds-2ce16d0t-lfs Camara Hilook Bala Turbohd 2 Megapixel (1080p) \/ Lente 2.8 Mm \/ Dual Light (30 Mts Ir Exir + 20 Mts Luz Blanca) \/ Micr\u00f3fono Integrado \/ Gran Angular 101\u00b0 \/ Exterior Ip67 \/ 4 Tecnolog\u00edas + Env\u00edo a domicilio + Pago seguro + Garant\u00eda","og_url":"https:\/\/compuviper.mx\/tienda\/producto\/hikvision-ds-2ce16d0t-lfs-camara-hilook-bala-turbohd-2-megapixel-1080p-lente-2-8-mm-dual-light-30-mts-ir-exir-20-mts-luz-blanca-micrfono-integrado-gran-angular-101-exterior-ip67-4\/","og_site_name":"Compuviper","article_publisher":"https:\/\/www.facebook.com\/compuviper","og_image":[{"width":200,"height":200,"url":"https:\/\/compuviper.mx\/tienda\/wp-content\/uploads\/2024\/05\/Camara-hilook-bala-turbohd-2-megapixel-1080p-lente-2.8-mm-dual-light-30-mts-ir-exir-20-mts-luz-blanca-microfono-integrado-gran-angular-101\u00b0-exterior-ip67-4-tecnologias.jpg","type":"image\/jpeg"}],"twitter_card":"summary_large_image","twitter_misc":{"Precio":"&#36;569 con IVA","Availability":"Out of stock"},"schema":{"@context":"https:\/\/schema.org","@graph":[{"@type":"WebPage","@id":"https:\/\/compuviper.mx\/tienda\/producto\/hikvision-ds-2ce16d0t-lfs-camara-hilook-bala-turbohd-2-megapixel-1080p-lente-2-8-mm-dual-light-30-mts-ir-exir-20-mts-luz-blanca-micrfono-integrado-gran-angular-101-exterior-ip67-4\/","url":"https:\/\/compuviper.mx\/tienda\/producto\/hikvision-ds-2ce16d0t-lfs-camara-hilook-bala-turbohd-2-megapixel-1080p-lente-2-8-mm-dual-light-30-mts-ir-exir-20-mts-luz-blanca-micrfono-integrado-gran-angular-101-exterior-ip67-4\/","name":"[ Hikvision ] &#129351; Ds-2ce16d0t-lfs Camara Hilook Bala Turbohd 2 Megapixel (1080p) \/ Lente 2.8 Mm \/ Dual Light (30 Mts Ir Exir + 20 Mts Luz Blanca) \/ Micr\u00f3fono Integrado \/ Gran Angular 101\u00b0 \/ Exterior Ip67 \/ 4 Tecnolog\u00edas","isPartOf":{"@id":"https:\/\/compuviper.mx\/tienda\/#website"},"datePublished":"2026-04-23T06:14:09+00:00","dateModified":"2026-04-23T06:14:09+00:00","description":"Compra Ds-2ce16d0t-lfs Camara Hilook Bala Turbohd 2 Megapixel (1080p) \/ Lente 2.8 Mm \/ Dual Light (30 Mts Ir Exir + 20 Mts Luz Blanca) \/ Micr\u00f3fono Integrado \/ Gran Angular 101\u00b0 \/ Exterior Ip67 \/ 4 Tecnolog\u00edas + Env\u00edo a domicilio + Pago seguro + Garant\u00eda","breadcrumb":{"@id":"https:\/\/compuviper.mx\/tienda\/producto\/hikvision-ds-2ce16d0t-lfs-camara-hilook-bala-turbohd-2-megapixel-1080p-lente-2-8-mm-dual-light-30-mts-ir-exir-20-mts-luz-blanca-micrfono-integrado-gran-angular-101-exterior-ip67-4\/#breadcrumb"},"inLanguage":"es-MX","potentialAction":[{"@type":"ReadAction","target":["https:\/\/compuviper.mx\/tienda\/producto\/hikvision-ds-2ce16d0t-lfs-camara-hilook-bala-turbohd-2-megapixel-1080p-lente-2-8-mm-dual-light-30-mts-ir-exir-20-mts-luz-blanca-micrfono-integrado-gran-angular-101-exterior-ip67-4\/"]}]},{"@type":"BreadcrumbList","@id":"https:\/\/compuviper.mx\/tienda\/producto\/hikvision-ds-2ce16d0t-lfs-camara-hilook-bala-turbohd-2-megapixel-1080p-lente-2-8-mm-dual-light-30-mts-ir-exir-20-mts-luz-blanca-micrfono-integrado-gran-angular-101-exterior-ip67-4\/#breadcrumb","itemListElement":[{"@type":"ListItem","position":1,"name":"Inicio","item":"https:\/\/compuviper.mx\/tienda\/"},{"@type":"ListItem","position":2,"name":"Productos","item":"https:\/\/compuviper.mx\/tienda\/productos\/"},{"@type":"ListItem","position":3,"name":"Camaras","item":"https:\/\/compuviper.mx\/tienda\/categoria-producto\/camaras-2\/"},{"@type":"ListItem","position":4,"name":"Camara De Videovigilancia","item":"https:\/\/compuviper.mx\/tienda\/categoria-producto\/camaras-2\/camara-de-videovigilancia\/"},{"@type":"ListItem","position":5,"name":"Hikvision Ds-2ce16d0t-lfs Camara Hilook Bala Turbohd 2 Megapixel (1080p) \/ Lente 2.8 Mm \/ Dual Light (30 Mts Ir Exir + 20 Mts Luz Blanca) \/ Micr?fono Integrado \/ Gran Angular 101? \/ Exterior Ip67 \/ 4 Tecnolog?as"}]},{"@type":"WebSite","@id":"https:\/\/compuviper.mx\/tienda\/#website","url":"https:\/\/compuviper.mx\/tienda\/","name":"Compuviper","description":"Proveedor de Computadoras, Laptops, Servidores, Monitores, Puntos de Venta, Teclados,   Impresoras, T\u00f3ner, C\u00e1maras de Seguridad y m\u00e1s en tu tienda en l\u00ednea","publisher":{"@id":"https:\/\/compuviper.mx\/tienda\/#organization"},"potentialAction":[{"@type":"SearchAction","target":{"@type":"EntryPoint","urlTemplate":"https:\/\/compuviper.mx\/tienda\/?s={search_term_string}"},"query-input":"required name=search_term_string"}],"inLanguage":"es-MX"},{"@type":"Organization","@id":"https:\/\/compuviper.mx\/tienda\/#organization","name":"Compuviper","url":"https:\/\/compuviper.mx\/tienda\/","logo":{"@type":"ImageObject","inLanguage":"es-MX","@id":"https:\/\/compuviper.mx\/tienda\/#\/schema\/logo\/image\/","url":"https:\/\/compuviper.mx\/tienda\/wp-content\/uploads\/2021\/08\/Logo-Compuviper-10.png","contentUrl":"https:\/\/compuviper.mx\/tienda\/wp-content\/uploads\/2021\/08\/Logo-Compuviper-10.png","width":1000,"height":500,"caption":"Compuviper"},"image":{"@id":"https:\/\/compuviper.mx\/tienda\/#\/schema\/logo\/image\/"},"sameAs":["https:\/\/www.facebook.com\/compuviper","https:\/\/www.youtube.com\/channel\/UCf73dERp9Y3cfOq7q8BhLjA?view_as=subscriber"]}]},"product_brand":"HIKVISION","product_price_amount":"569","product_price_currency":"MXN","og_availability":"out of stock","product_availability":"out of stock","product_retailer_item_id":"DS-2CE16D0T-LFS","product_condition":"new"},"_links":{"self":[{"href":"https:\/\/compuviper.mx\/tienda\/wp-json\/wp\/v2\/product\/232081"}],"collection":[{"href":"https:\/\/compuviper.mx\/tienda\/wp-json\/wp\/v2\/product"}],"about":[{"href":"https:\/\/compuviper.mx\/tienda\/wp-json\/wp\/v2\/types\/product"}],"replies":[{"embeddable":true,"href":"https:\/\/compuviper.mx\/tienda\/wp-json\/wp\/v2\/comments?post=232081"}],"wp:featuredmedia":[{"embeddable":true,"href":"https:\/\/compuviper.mx\/tienda\/wp-json\/wp\/v2\/media\/233950"}],"wp:attachment":[{"href":"https:\/\/compuviper.mx\/tienda\/wp-json\/wp\/v2\/media?parent=232081"}],"wp:term":[{"taxonomy":"product_cat","embeddable":true,"href":"https:\/\/compuviper.mx\/tienda\/wp-json\/wp\/v2\/product_cat?post=232081"},{"taxonomy":"product_tag","embeddable":true,"href":"https:\/\/compuviper.mx\/tienda\/wp-json\/wp\/v2\/product_tag?post=232081"}],"curies":[{"name":"wp","href":"https:\/\/api.w.org\/{rel}","templated":true}]}}