{"id":232050,"date":"2026-04-08T00:29:49","date_gmt":"2026-04-08T06:29:49","guid":{"rendered":"https:\/\/compuviper.mx\/tienda\/producto\/tripp-lite-smart1500psglcd-no-break-tripp-lite-equipo-gamer-respaldo-por-batera-del-ups-para-juegos-con-onda-sinusoidal-pura-de-1500va-900w-120v-lcd-avr-leds-rgb-carga-usb-3-aos\/"},"modified":"2026-04-08T00:29:49","modified_gmt":"2026-04-08T06:29:49","slug":"tripp-lite-smart1500psglcd-no-break-tripp-lite-equipo-gamer-respaldo-por-batera-del-ups-para-juegos-con-onda-sinusoidal-pura-de-1500va-900w-120v-lcd-avr-leds-rgb-carga-usb-3-aos","status":"publish","type":"product","link":"https:\/\/compuviper.mx\/tienda\/producto\/tripp-lite-smart1500psglcd-no-break-tripp-lite-equipo-gamer-respaldo-por-batera-del-ups-para-juegos-con-onda-sinusoidal-pura-de-1500va-900w-120v-lcd-avr-leds-rgb-carga-usb-3-aos\/","title":{"rendered":"Tripp-lite Smart1500psglcd No Break Tripp Lite  Equipo Gamer, Respaldo Por Batera Del Ups Para Juegos Con Onda Sinusoidal Pura De 1500va 900w 120v &#8211; Lcd, Avr, Leds Rgb, Carga Usb, 3 A?os"},"content":{"rendered":"<table class=\"descripcion\">\n<tr>\n<td>Dise\u00f1ado para fines espec\u00edficos de juegos, este ups de onda sinusoidal pura protege su pc, consola de juegos y otros equipos contra interferencia de energ\u00eda, incluyendo apagones que ponen en riesgo el juego.<\/td>\n<\/tr>\n<tr>\n<td>    protege su equipo de juegos contra apagones, ca\u00eddas de voltaje y sobretensiones<\/td>\n<\/tr>\n<tr>\n<td>    mantiene la energ\u00eda funcionando durante apagones a fin de permitir suficiente tiempo para un apagado seguro y guardar el juego<\/td>\n<\/tr>\n<tr>\n<td>    mantiene una salida nominal continua de 120v durante condiciones de bajo y alto voltaje<\/td>\n<\/tr>\n<tr>\n<td>    los puertos de carga usb mantienen su smartphone, tableta y otros dispositivos a su capacidad<\/td>\n<\/tr>\n<tr>\n<td>    los bancos de led rgb programables ofrecen m\u00e1s de 16 millones de combinaciones de color<\/td>\n<\/tr>\n<tr>\n<td>    garant\u00eda limitada de 3 a\u00f1os.<\/td>\n<\/tr>\n<\/table>\n","protected":false},"excerpt":{"rendered":"<p>El ups para juegos protege su equipo y proporciona una salida de onda sinusoidal pura. Este ups interactivo de 120v proporciona salida de onda sinusoidal pura en modos de ca y respaldo por bater\u00eda para mantener confiable su pc de juegos o consola de juegos. Protege adem\u00e1s al equipo conectado contra apagones, ca\u00eddas de voltaje, sobretensiones y ruido en la l\u00ednea que puedan da\u00f1ar valiosos aparatos electr\u00f3nicos o destruir informaci\u00f3n. El smart1500psglcd es la protecci\u00f3n ideal para sistemas de juegos de alta gama alimentados por fuentes de alimentaci\u00f3n pfc activas, as\u00ed como ruteadores, m\u00f3dems y otros equipos de red en su sala de c\u00f3mputo, sala de juegos o home theater. El confiable respaldo por bater\u00eda ampliable le permite seguir jugando durante apagones. La bater\u00eda interna hot-swap, reemplazable en campo mantiene su plataforma de juegos completamente operativa sin interrupci\u00f3n durante fallas del suministro el\u00e9ctrico y otras condiciones severas de energ\u00eda. Con un sistema de juegos t\u00edpico de 300w conectado, el smart1500psglcd proporciona 17 minutos de autonom\u00eda independiente. Esto le permite jugar a trav\u00e9s de cortes breves de energ\u00eda, evitar las interrupciones de la transmisi\u00f3n y guardar con seguridad su juego y apagar su sistema en caso de un apag\u00f3n prolongado. Para uso adicional, el ups soporta un m\u00f3dulo opcional de bater\u00edas externas bp24v9t de tripp lite (vendido por separado), que proporciona 41 minutos de autonom\u00eda ampliada. 10 tomacorrientes nema 5-15r protegen sus componentes conectados y monitorean las condiciones de carga. Cuatro tomacorrientes 5-15r ahorradores de energ\u00eda proporcionan respaldo por bater\u00eda y protecci\u00f3n contra sobretensiones de grado de red para su plataforma de juegos y componentes conectados de escritorio y red. Cinco tomacorrientes son solo para sobretensiones para conectar perif\u00e9ricos que no requieran respaldo por bater\u00eda, como una impresora o l\u00e1mpara de escritorio. Un tomacorriente maestro soportado por bater\u00eda y contra sobretensiones controla los tomacorrientes ahorradores de energ\u00eda e informa la potencia en watts consumida por la pc u otro dispositivo conectado. Si el dispositivo conectado al tomacorrientes maestro se apaga o entra en espera, los tres tomacorrientes ahorradores de energ\u00eda tambi\u00e9n se apagan. La iluminaci\u00f3n din\u00e1mica a\u00f1ade emoci\u00f3n a su experiencia de juego. El smart1500psglcd est\u00e1 construido espec\u00edficamente para juegos, incluyendo leds de color rgb que puede programarse usted mismo. Controlable mediante el lcd del panel frontal desprendible o la herramienta de software de descarga gratuita desde tripp lite (https:\/\/www.Tripplite.Com\/products\/management-utilities), dos bancos de led separados vienen con siete modos de iluminaci\u00f3n preestablecidos y 16.7 millones de combinaciones de color posibles. Puede programar una variedad de efectos de color y movimiento o configurar las luces para responder a los cambios en el consumo de energ\u00eda en el tomacorrientes maestro.<\/p>\n","protected":false},"featured_media":233978,"comment_status":"open","ping_status":"open","template":"","meta":[],"product_cat":[1508,1691],"product_tag":[1510],"acf":[],"yoast_head":"<!-- This site is optimized with the Yoast SEO plugin v21.7 - https:\/\/yoast.com\/wordpress\/plugins\/seo\/ -->\n<title>[ Tripp-lite ] &#129351; Smart1500psglcd No Break Tripp Lite Equipo Gamer, Respaldo Por Batera Del Ups Para Juegos Con Onda Sinusoidal Pura De 1500va 900w 120v - Lcd, Avr, Leds Rgb, Carga Usb, 3 A\u00f1os<\/title>\n<meta name=\"description\" content=\"Compra Smart1500psglcd No Break Tripp Lite Equipo Gamer, Respaldo Por Batera Del Ups Para Juegos Con Onda Sinusoidal Pura De 1500va 900w 120v - Lcd, Avr, Leds Rgb, Carga Usb, 3 A\u00f1os + Env\u00edo a domicilio + Pago seguro + Garant\u00eda\" \/>\n<meta name=\"robots\" content=\"index, follow, max-snippet:-1, max-image-preview:large, max-video-preview:-1\" \/>\n<link rel=\"canonical\" href=\"https:\/\/compuviper.mx\/tienda\/producto\/tripp-lite-smart1500psglcd-no-break-tripp-lite-equipo-gamer-respaldo-por-batera-del-ups-para-juegos-con-onda-sinusoidal-pura-de-1500va-900w-120v-lcd-avr-leds-rgb-carga-usb-3-aos\/\" \/>\n<meta property=\"og:locale\" content=\"es_MX\" \/>\n<meta property=\"og:type\" content=\"article\" \/>\n<meta property=\"og:title\" content=\"[ Tripp-lite ] &#129351; Smart1500psglcd No Break Tripp Lite Equipo Gamer, Respaldo Por Batera Del Ups Para Juegos Con Onda Sinusoidal Pura De 1500va 900w 120v - Lcd, Avr, Leds Rgb, Carga Usb, 3 A\u00f1os\" \/>\n<meta property=\"og:description\" content=\"Compra Smart1500psglcd No Break Tripp Lite Equipo Gamer, Respaldo Por Batera Del Ups Para Juegos Con Onda Sinusoidal Pura De 1500va 900w 120v - Lcd, Avr, Leds Rgb, Carga Usb, 3 A\u00f1os + Env\u00edo a domicilio + Pago seguro + Garant\u00eda\" \/>\n<meta property=\"og:url\" content=\"https:\/\/compuviper.mx\/tienda\/producto\/tripp-lite-smart1500psglcd-no-break-tripp-lite-equipo-gamer-respaldo-por-batera-del-ups-para-juegos-con-onda-sinusoidal-pura-de-1500va-900w-120v-lcd-avr-leds-rgb-carga-usb-3-aos\/\" \/>\n<meta property=\"og:site_name\" content=\"Compuviper\" \/>\n<meta property=\"article:publisher\" content=\"https:\/\/www.facebook.com\/compuviper\" \/>\n<meta property=\"og:image\" content=\"https:\/\/compuviper.mx\/tienda\/wp-content\/uploads\/2024\/05\/No-break-tripp-lite-smart1500psglcd-equipo-gamer-respaldo-por-batera-del-ups-para-juegos-con-onda-sinusoidal-pura-de-1500va-900w-120v-lcd-avr-leds-rgb-carga-usb-3-anos.jpg\" \/>\n\t<meta property=\"og:image:width\" content=\"200\" \/>\n\t<meta property=\"og:image:height\" content=\"200\" \/>\n\t<meta property=\"og:image:type\" content=\"image\/jpeg\" \/>\n<meta name=\"twitter:card\" content=\"summary_large_image\" \/>\n<meta name=\"twitter:label1\" content=\"Precio\" \/>\n\t<meta name=\"twitter:data1\" content=\"&#36;9,033 con IVA\" \/>\n\t<meta name=\"twitter:label2\" content=\"Availability\" \/>\n\t<meta name=\"twitter:data2\" content=\"Out of stock\" \/>\n<script type=\"application\/ld+json\" class=\"yoast-schema-graph\">{\"@context\":\"https:\/\/schema.org\",\"@graph\":[{\"@type\":\"WebPage\",\"@id\":\"https:\/\/compuviper.mx\/tienda\/producto\/tripp-lite-smart1500psglcd-no-break-tripp-lite-equipo-gamer-respaldo-por-batera-del-ups-para-juegos-con-onda-sinusoidal-pura-de-1500va-900w-120v-lcd-avr-leds-rgb-carga-usb-3-aos\/\",\"url\":\"https:\/\/compuviper.mx\/tienda\/producto\/tripp-lite-smart1500psglcd-no-break-tripp-lite-equipo-gamer-respaldo-por-batera-del-ups-para-juegos-con-onda-sinusoidal-pura-de-1500va-900w-120v-lcd-avr-leds-rgb-carga-usb-3-aos\/\",\"name\":\"[ Tripp-lite ] &#129351; Smart1500psglcd No Break Tripp Lite Equipo Gamer, Respaldo Por Batera Del Ups Para Juegos Con Onda Sinusoidal Pura De 1500va 900w 120v - Lcd, Avr, Leds Rgb, Carga Usb, 3 A\u00f1os\",\"isPartOf\":{\"@id\":\"https:\/\/compuviper.mx\/tienda\/#website\"},\"datePublished\":\"2026-04-08T06:29:49+00:00\",\"dateModified\":\"2026-04-08T06:29:49+00:00\",\"description\":\"Compra Smart1500psglcd No Break Tripp Lite Equipo Gamer, Respaldo Por Batera Del Ups Para Juegos Con Onda Sinusoidal Pura De 1500va 900w 120v - Lcd, Avr, Leds Rgb, Carga Usb, 3 A\u00f1os + Env\u00edo a domicilio + Pago seguro + Garant\u00eda\",\"breadcrumb\":{\"@id\":\"https:\/\/compuviper.mx\/tienda\/producto\/tripp-lite-smart1500psglcd-no-break-tripp-lite-equipo-gamer-respaldo-por-batera-del-ups-para-juegos-con-onda-sinusoidal-pura-de-1500va-900w-120v-lcd-avr-leds-rgb-carga-usb-3-aos\/#breadcrumb\"},\"inLanguage\":\"es-MX\",\"potentialAction\":[{\"@type\":\"ReadAction\",\"target\":[\"https:\/\/compuviper.mx\/tienda\/producto\/tripp-lite-smart1500psglcd-no-break-tripp-lite-equipo-gamer-respaldo-por-batera-del-ups-para-juegos-con-onda-sinusoidal-pura-de-1500va-900w-120v-lcd-avr-leds-rgb-carga-usb-3-aos\/\"]}]},{\"@type\":\"BreadcrumbList\",\"@id\":\"https:\/\/compuviper.mx\/tienda\/producto\/tripp-lite-smart1500psglcd-no-break-tripp-lite-equipo-gamer-respaldo-por-batera-del-ups-para-juegos-con-onda-sinusoidal-pura-de-1500va-900w-120v-lcd-avr-leds-rgb-carga-usb-3-aos\/#breadcrumb\",\"itemListElement\":[{\"@type\":\"ListItem\",\"position\":1,\"name\":\"Inicio\",\"item\":\"https:\/\/compuviper.mx\/tienda\/\"},{\"@type\":\"ListItem\",\"position\":2,\"name\":\"Productos\",\"item\":\"https:\/\/compuviper.mx\/tienda\/productos\/\"},{\"@type\":\"ListItem\",\"position\":3,\"name\":\"Energia\",\"item\":\"https:\/\/compuviper.mx\/tienda\/categoria-producto\/energia\/\"},{\"@type\":\"ListItem\",\"position\":4,\"name\":\"No Break\",\"item\":\"https:\/\/compuviper.mx\/tienda\/categoria-producto\/energia\/no-break\/\"},{\"@type\":\"ListItem\",\"position\":5,\"name\":\"Tripp-lite Smart1500psglcd No Break Tripp Lite Equipo Gamer, Respaldo Por Batera Del Ups Para Juegos Con Onda Sinusoidal Pura De 1500va 900w 120v &#8211; Lcd, Avr, Leds Rgb, Carga Usb, 3 A?os\"}]},{\"@type\":\"WebSite\",\"@id\":\"https:\/\/compuviper.mx\/tienda\/#website\",\"url\":\"https:\/\/compuviper.mx\/tienda\/\",\"name\":\"Compuviper\",\"description\":\"Proveedor de Computadoras, Laptops, Servidores, Monitores, Puntos de Venta, Teclados,   Impresoras, T\u00f3ner, C\u00e1maras de Seguridad y m\u00e1s en tu tienda en l\u00ednea\",\"publisher\":{\"@id\":\"https:\/\/compuviper.mx\/tienda\/#organization\"},\"potentialAction\":[{\"@type\":\"SearchAction\",\"target\":{\"@type\":\"EntryPoint\",\"urlTemplate\":\"https:\/\/compuviper.mx\/tienda\/?s={search_term_string}\"},\"query-input\":\"required name=search_term_string\"}],\"inLanguage\":\"es-MX\"},{\"@type\":\"Organization\",\"@id\":\"https:\/\/compuviper.mx\/tienda\/#organization\",\"name\":\"Compuviper\",\"url\":\"https:\/\/compuviper.mx\/tienda\/\",\"logo\":{\"@type\":\"ImageObject\",\"inLanguage\":\"es-MX\",\"@id\":\"https:\/\/compuviper.mx\/tienda\/#\/schema\/logo\/image\/\",\"url\":\"https:\/\/compuviper.mx\/tienda\/wp-content\/uploads\/2021\/08\/Logo-Compuviper-10.png\",\"contentUrl\":\"https:\/\/compuviper.mx\/tienda\/wp-content\/uploads\/2021\/08\/Logo-Compuviper-10.png\",\"width\":1000,\"height\":500,\"caption\":\"Compuviper\"},\"image\":{\"@id\":\"https:\/\/compuviper.mx\/tienda\/#\/schema\/logo\/image\/\"},\"sameAs\":[\"https:\/\/www.facebook.com\/compuviper\",\"https:\/\/www.youtube.com\/channel\/UCf73dERp9Y3cfOq7q8BhLjA?view_as=subscriber\"]}]}<\/script>\n<meta property=\"product:brand\" content=\"TRIPP-LITE\" \/>\n<meta property=\"product:price:amount\" content=\"9033\" \/>\n<meta property=\"product:price:currency\" content=\"MXN\" \/>\n<meta property=\"og:availability\" content=\"out of stock\" \/>\n<meta property=\"product:availability\" content=\"out of stock\" \/>\n<meta property=\"product:retailer_item_id\" content=\"SMART1500PSGLCD\" \/>\n<meta property=\"product:condition\" content=\"new\" \/>\n<!-- \/ Yoast SEO plugin. -->","yoast_head_json":{"title":"[ Tripp-lite ] &#129351; Smart1500psglcd No Break Tripp Lite Equipo Gamer, Respaldo Por Batera Del Ups Para Juegos Con Onda Sinusoidal Pura De 1500va 900w 120v - Lcd, Avr, Leds Rgb, Carga Usb, 3 A\u00f1os","description":"Compra Smart1500psglcd No Break Tripp Lite Equipo Gamer, Respaldo Por Batera Del Ups Para Juegos Con Onda Sinusoidal Pura De 1500va 900w 120v - Lcd, Avr, Leds Rgb, Carga Usb, 3 A\u00f1os + Env\u00edo a domicilio + Pago seguro + Garant\u00eda","robots":{"index":"index","follow":"follow","max-snippet":"max-snippet:-1","max-image-preview":"max-image-preview:large","max-video-preview":"max-video-preview:-1"},"canonical":"https:\/\/compuviper.mx\/tienda\/producto\/tripp-lite-smart1500psglcd-no-break-tripp-lite-equipo-gamer-respaldo-por-batera-del-ups-para-juegos-con-onda-sinusoidal-pura-de-1500va-900w-120v-lcd-avr-leds-rgb-carga-usb-3-aos\/","og_locale":"es_MX","og_type":"article","og_title":"[ Tripp-lite ] &#129351; Smart1500psglcd No Break Tripp Lite Equipo Gamer, Respaldo Por Batera Del Ups Para Juegos Con Onda Sinusoidal Pura De 1500va 900w 120v - Lcd, Avr, Leds Rgb, Carga Usb, 3 A\u00f1os","og_description":"Compra Smart1500psglcd No Break Tripp Lite Equipo Gamer, Respaldo Por Batera Del Ups Para Juegos Con Onda Sinusoidal Pura De 1500va 900w 120v - Lcd, Avr, Leds Rgb, Carga Usb, 3 A\u00f1os + Env\u00edo a domicilio + Pago seguro + Garant\u00eda","og_url":"https:\/\/compuviper.mx\/tienda\/producto\/tripp-lite-smart1500psglcd-no-break-tripp-lite-equipo-gamer-respaldo-por-batera-del-ups-para-juegos-con-onda-sinusoidal-pura-de-1500va-900w-120v-lcd-avr-leds-rgb-carga-usb-3-aos\/","og_site_name":"Compuviper","article_publisher":"https:\/\/www.facebook.com\/compuviper","og_image":[{"width":200,"height":200,"url":"https:\/\/compuviper.mx\/tienda\/wp-content\/uploads\/2024\/05\/No-break-tripp-lite-smart1500psglcd-equipo-gamer-respaldo-por-batera-del-ups-para-juegos-con-onda-sinusoidal-pura-de-1500va-900w-120v-lcd-avr-leds-rgb-carga-usb-3-anos.jpg","type":"image\/jpeg"}],"twitter_card":"summary_large_image","twitter_misc":{"Precio":"&#36;9,033 con IVA","Availability":"Out of stock"},"schema":{"@context":"https:\/\/schema.org","@graph":[{"@type":"WebPage","@id":"https:\/\/compuviper.mx\/tienda\/producto\/tripp-lite-smart1500psglcd-no-break-tripp-lite-equipo-gamer-respaldo-por-batera-del-ups-para-juegos-con-onda-sinusoidal-pura-de-1500va-900w-120v-lcd-avr-leds-rgb-carga-usb-3-aos\/","url":"https:\/\/compuviper.mx\/tienda\/producto\/tripp-lite-smart1500psglcd-no-break-tripp-lite-equipo-gamer-respaldo-por-batera-del-ups-para-juegos-con-onda-sinusoidal-pura-de-1500va-900w-120v-lcd-avr-leds-rgb-carga-usb-3-aos\/","name":"[ Tripp-lite ] &#129351; Smart1500psglcd No Break Tripp Lite Equipo Gamer, Respaldo Por Batera Del Ups Para Juegos Con Onda Sinusoidal Pura De 1500va 900w 120v - Lcd, Avr, Leds Rgb, Carga Usb, 3 A\u00f1os","isPartOf":{"@id":"https:\/\/compuviper.mx\/tienda\/#website"},"datePublished":"2026-04-08T06:29:49+00:00","dateModified":"2026-04-08T06:29:49+00:00","description":"Compra Smart1500psglcd No Break Tripp Lite Equipo Gamer, Respaldo Por Batera Del Ups Para Juegos Con Onda Sinusoidal Pura De 1500va 900w 120v - Lcd, Avr, Leds Rgb, Carga Usb, 3 A\u00f1os + Env\u00edo a domicilio + Pago seguro + Garant\u00eda","breadcrumb":{"@id":"https:\/\/compuviper.mx\/tienda\/producto\/tripp-lite-smart1500psglcd-no-break-tripp-lite-equipo-gamer-respaldo-por-batera-del-ups-para-juegos-con-onda-sinusoidal-pura-de-1500va-900w-120v-lcd-avr-leds-rgb-carga-usb-3-aos\/#breadcrumb"},"inLanguage":"es-MX","potentialAction":[{"@type":"ReadAction","target":["https:\/\/compuviper.mx\/tienda\/producto\/tripp-lite-smart1500psglcd-no-break-tripp-lite-equipo-gamer-respaldo-por-batera-del-ups-para-juegos-con-onda-sinusoidal-pura-de-1500va-900w-120v-lcd-avr-leds-rgb-carga-usb-3-aos\/"]}]},{"@type":"BreadcrumbList","@id":"https:\/\/compuviper.mx\/tienda\/producto\/tripp-lite-smart1500psglcd-no-break-tripp-lite-equipo-gamer-respaldo-por-batera-del-ups-para-juegos-con-onda-sinusoidal-pura-de-1500va-900w-120v-lcd-avr-leds-rgb-carga-usb-3-aos\/#breadcrumb","itemListElement":[{"@type":"ListItem","position":1,"name":"Inicio","item":"https:\/\/compuviper.mx\/tienda\/"},{"@type":"ListItem","position":2,"name":"Productos","item":"https:\/\/compuviper.mx\/tienda\/productos\/"},{"@type":"ListItem","position":3,"name":"Energia","item":"https:\/\/compuviper.mx\/tienda\/categoria-producto\/energia\/"},{"@type":"ListItem","position":4,"name":"No Break","item":"https:\/\/compuviper.mx\/tienda\/categoria-producto\/energia\/no-break\/"},{"@type":"ListItem","position":5,"name":"Tripp-lite Smart1500psglcd No Break Tripp Lite Equipo Gamer, Respaldo Por Batera Del Ups Para Juegos Con Onda Sinusoidal Pura De 1500va 900w 120v &#8211; Lcd, Avr, Leds Rgb, Carga Usb, 3 A?os"}]},{"@type":"WebSite","@id":"https:\/\/compuviper.mx\/tienda\/#website","url":"https:\/\/compuviper.mx\/tienda\/","name":"Compuviper","description":"Proveedor de Computadoras, Laptops, Servidores, Monitores, Puntos de Venta, Teclados,   Impresoras, T\u00f3ner, C\u00e1maras de Seguridad y m\u00e1s en tu tienda en l\u00ednea","publisher":{"@id":"https:\/\/compuviper.mx\/tienda\/#organization"},"potentialAction":[{"@type":"SearchAction","target":{"@type":"EntryPoint","urlTemplate":"https:\/\/compuviper.mx\/tienda\/?s={search_term_string}"},"query-input":"required name=search_term_string"}],"inLanguage":"es-MX"},{"@type":"Organization","@id":"https:\/\/compuviper.mx\/tienda\/#organization","name":"Compuviper","url":"https:\/\/compuviper.mx\/tienda\/","logo":{"@type":"ImageObject","inLanguage":"es-MX","@id":"https:\/\/compuviper.mx\/tienda\/#\/schema\/logo\/image\/","url":"https:\/\/compuviper.mx\/tienda\/wp-content\/uploads\/2021\/08\/Logo-Compuviper-10.png","contentUrl":"https:\/\/compuviper.mx\/tienda\/wp-content\/uploads\/2021\/08\/Logo-Compuviper-10.png","width":1000,"height":500,"caption":"Compuviper"},"image":{"@id":"https:\/\/compuviper.mx\/tienda\/#\/schema\/logo\/image\/"},"sameAs":["https:\/\/www.facebook.com\/compuviper","https:\/\/www.youtube.com\/channel\/UCf73dERp9Y3cfOq7q8BhLjA?view_as=subscriber"]}]},"product_brand":"TRIPP-LITE","product_price_amount":"9033","product_price_currency":"MXN","og_availability":"out of stock","product_availability":"out of stock","product_retailer_item_id":"SMART1500PSGLCD","product_condition":"new"},"_links":{"self":[{"href":"https:\/\/compuviper.mx\/tienda\/wp-json\/wp\/v2\/product\/232050"}],"collection":[{"href":"https:\/\/compuviper.mx\/tienda\/wp-json\/wp\/v2\/product"}],"about":[{"href":"https:\/\/compuviper.mx\/tienda\/wp-json\/wp\/v2\/types\/product"}],"replies":[{"embeddable":true,"href":"https:\/\/compuviper.mx\/tienda\/wp-json\/wp\/v2\/comments?post=232050"}],"wp:featuredmedia":[{"embeddable":true,"href":"https:\/\/compuviper.mx\/tienda\/wp-json\/wp\/v2\/media\/233978"}],"wp:attachment":[{"href":"https:\/\/compuviper.mx\/tienda\/wp-json\/wp\/v2\/media?parent=232050"}],"wp:term":[{"taxonomy":"product_cat","embeddable":true,"href":"https:\/\/compuviper.mx\/tienda\/wp-json\/wp\/v2\/product_cat?post=232050"},{"taxonomy":"product_tag","embeddable":true,"href":"https:\/\/compuviper.mx\/tienda\/wp-json\/wp\/v2\/product_tag?post=232050"}],"curies":[{"name":"wp","href":"https:\/\/api.w.org\/{rel}","templated":true}]}}