{"id":231990,"date":"2026-04-01T23:12:03","date_gmt":"2026-04-02T05:12:03","guid":{"rendered":"https:\/\/compuviper.mx\/tienda\/producto\/startech-com-sdock2u313-docking-station-de-2-bahias-sartech-com-usb-3-1-a-sata-usb-3-1-10-gbps-sata-i-ii-iii-de-2-5-3-5-base-de-acoplamiento-ssd-hdd-de-intercambio-en-caliente-carga-su\/"},"modified":"2026-04-01T23:12:03","modified_gmt":"2026-04-02T05:12:03","slug":"startech-com-sdock2u313-docking-station-de-2-bahias-sartech-com-usb-3-1-a-sata-usb-3-1-10-gbps-sata-i-ii-iii-de-2-5-3-5-base-de-acoplamiento-ssd-hdd-de-intercambio-en-caliente-carga-su","status":"publish","type":"product","link":"https:\/\/compuviper.mx\/tienda\/producto\/startech-com-sdock2u313-docking-station-de-2-bahias-sartech-com-usb-3-1-a-sata-usb-3-1-10-gbps-sata-i-ii-iii-de-2-5-3-5-base-de-acoplamiento-ssd-hdd-de-intercambio-en-caliente-carga-su\/","title":{"rendered":"Startech.com Sdock2u313 Docking Station De 2 Bahias &#8211; Sartech.com &#8211; Usb 3.1 A Sata &#8211; Usb 3.1 (10 Gbps) &#8211; Sata I\/ii\/iii De 2.5\/3.5 &#8211; Base De Acoplamiento Ssd\/hdd &#8211; De Intercambio En Caliente &#8211; Carga Superior"},"content":{"rendered":"<table class=\"descripcion\">\n<tr>\n<td>Docking station externa para ssd\/hdd &#8211; usb 3.2 gen 2 10 gbps a sata i\/ii\/iii<\/td>\n<\/tr>\n<tr>\n<td>Id del producto: sdock2u313<\/td>\n<\/tr>\n<tr>\n<td>Docking station de discos duros: esta base de 2 bahias ofrece acceso instantaneo a sus discos sata de 2.5\/3.5 para realizar copias de seguridad de archivos, crear imgenes de disco o transferir datos a traves de usb 3.2 gen 2 10 gbps<\/td>\n<\/tr>\n<tr>\n<td>Compatibilidad de las unidades: admite discos duros sata de 2.5\/3.5 y ssd de cualquier capacidad &#8211; independiente del sistema operativo &#8211; retrocompatible con sata i\/ii &#8211; el adaptador ide sat2ideadp se vende por separado &#8211; incluye cable usb-a<\/td>\n<\/tr>\n<tr>\n<td>Rendimiento: obtenga el maximo rendimiento de su unidad sata iii con una conexion de host usb 3.2 a 10 gbps. bahias para unidades con un indice de insercion de 5,000 ciclos para una maxima durabilidad<\/td>\n<\/tr>\n<tr>\n<td>Especificaciones: base de 2 bahias para discos duros &#8211; sata i\/ii\/iii 1.5\/3\/6 gbps &#8211; usb 3.2 gen 2 10 gbps &#8211; diseno sin herramientas\/sin bandejas &#8211; bahias para unidades intercambiables en caliente &#8211; estilo de carga superior &#8211; leds de actividad<\/td>\n<\/tr>\n<tr>\n<td>La eleccion de los profesionales de ti: disenada y construida para los profesionales de ti, esta base de disco duro de dos bahias esta respaldada por 2 anos, incluyendo asistencia tecnica multilingue gratuita de por vida 24\/5<\/td>\n<\/tr>\n<\/table>\n","protected":false},"excerpt":{"rendered":"<p>Aproveche la velocidad de usb 3.1 gen 2. El usb 3.1 gen 2 le ofrece un mayor ancho de banda y velocidad con tasas de transferencia de ficheros de hasta 10 gbps &#8211; el doble de velocidad que la tecnologia usb 3.0 usb 3.1 gen 1. Le permite aprovechar el alto rendimiento de las ultimas unidades ssd y discos duros, a la vez que alivia los cuellos de botella en sus transferencias de datos. Diseno de carga superior para facilitar el acceso a las unidades. Nunca ha sido tan facil acoplar e intercambiar unidades desde su computadora de escritorio o laptop. Simplemente inserte sus unidades en la ranura de carga superior sin necesidad de herramientas ni bandejas. El boton de expulsion de la unidad de disco duro permite una extraccion rapida y sencilla de la unidad. Compatibilidad practica. La estacion de acoplamiento de doble unidad viene con un cable usb tipo a a b, que proporciona retrocompatibilidad con sus dispositivos usb 3.0, 2.0 y 1.X existentes. Tambien es compatible con uasp para mejorar el rendimiento. Ample aun mas el valor de esta estacion de acoplamiento para discos duros con la adicion de nuestro sat2ideadp, que permite insertar fcilmente cualquier disco duro ide de 2.5 o 3.5 en una base de acoplamiento para discos duros sata.<\/p>\n","protected":false},"featured_media":233760,"comment_status":"open","ping_status":"open","template":"","meta":[],"product_cat":[1485,1497],"product_tag":[1590],"acf":[],"yoast_head":"<!-- This site is optimized with the Yoast SEO plugin v21.7 - https:\/\/yoast.com\/wordpress\/plugins\/seo\/ -->\n<title>[ Startech.com ] &#129351; Sdock2u313 Docking Station De 2 Bahias - Sartech.com - Usb 3.1 A Sata - Usb 3.1 (10 Gbps) - Sata I\/ii\/iii De 2.5\/3.5 - Base De Acoplamiento Ssd\/hdd - De Intercambio En Caliente - Carga Superior<\/title>\n<meta name=\"description\" content=\"Compra Sdock2u313 Docking Station De 2 Bahias - Sartech.com - Usb 3.1 A Sata - Usb 3.1 (10 Gbps) - Sata I\/ii\/iii De 2.5\/3.5 - Base De Acoplamiento Ssd\/hdd - De Intercambio En Caliente - Carga Superior + Env\u00edo a domicilio + Pago seguro + Garant\u00eda\" \/>\n<meta name=\"robots\" content=\"index, follow, max-snippet:-1, max-image-preview:large, max-video-preview:-1\" \/>\n<link rel=\"canonical\" href=\"https:\/\/compuviper.mx\/tienda\/producto\/startech-com-sdock2u313-docking-station-de-2-bahias-sartech-com-usb-3-1-a-sata-usb-3-1-10-gbps-sata-i-ii-iii-de-2-5-3-5-base-de-acoplamiento-ssd-hdd-de-intercambio-en-caliente-carga-su\/\" \/>\n<meta property=\"og:locale\" content=\"es_MX\" \/>\n<meta property=\"og:type\" content=\"article\" \/>\n<meta property=\"og:title\" content=\"[ Startech.com ] &#129351; Sdock2u313 Docking Station De 2 Bahias - Sartech.com - Usb 3.1 A Sata - Usb 3.1 (10 Gbps) - Sata I\/ii\/iii De 2.5\/3.5 - Base De Acoplamiento Ssd\/hdd - De Intercambio En Caliente - Carga Superior\" \/>\n<meta property=\"og:description\" content=\"Compra Sdock2u313 Docking Station De 2 Bahias - Sartech.com - Usb 3.1 A Sata - Usb 3.1 (10 Gbps) - Sata I\/ii\/iii De 2.5\/3.5 - Base De Acoplamiento Ssd\/hdd - De Intercambio En Caliente - Carga Superior + Env\u00edo a domicilio + Pago seguro + Garant\u00eda\" \/>\n<meta property=\"og:url\" content=\"https:\/\/compuviper.mx\/tienda\/producto\/startech-com-sdock2u313-docking-station-de-2-bahias-sartech-com-usb-3-1-a-sata-usb-3-1-10-gbps-sata-i-ii-iii-de-2-5-3-5-base-de-acoplamiento-ssd-hdd-de-intercambio-en-caliente-carga-su\/\" \/>\n<meta property=\"og:site_name\" content=\"Compuviper\" \/>\n<meta property=\"article:publisher\" content=\"https:\/\/www.facebook.com\/compuviper\" \/>\n<meta property=\"og:image\" content=\"https:\/\/compuviper.mx\/tienda\/wp-content\/uploads\/2024\/05\/Docking-station-de-2-bahias-sartech.com-usb-3.1-a-sata-usb-3.1-10-gbps-sata-iiiiii-de-2.53.5-base-de-acoplamiento-ssdhdd-de-intercambio-en-caliente-carga-superior.jpg\" \/>\n\t<meta property=\"og:image:width\" content=\"200\" \/>\n\t<meta property=\"og:image:height\" content=\"200\" \/>\n\t<meta property=\"og:image:type\" content=\"image\/jpeg\" \/>\n<meta name=\"twitter:card\" content=\"summary_large_image\" \/>\n<meta name=\"twitter:label1\" content=\"Precio\" \/>\n\t<meta name=\"twitter:data1\" content=\"&#36;2,193 con IVA\" \/>\n\t<meta name=\"twitter:label2\" content=\"Availability\" \/>\n\t<meta name=\"twitter:data2\" content=\"In stock\" \/>\n<script type=\"application\/ld+json\" class=\"yoast-schema-graph\">{\"@context\":\"https:\/\/schema.org\",\"@graph\":[{\"@type\":\"WebPage\",\"@id\":\"https:\/\/compuviper.mx\/tienda\/producto\/startech-com-sdock2u313-docking-station-de-2-bahias-sartech-com-usb-3-1-a-sata-usb-3-1-10-gbps-sata-i-ii-iii-de-2-5-3-5-base-de-acoplamiento-ssd-hdd-de-intercambio-en-caliente-carga-su\/\",\"url\":\"https:\/\/compuviper.mx\/tienda\/producto\/startech-com-sdock2u313-docking-station-de-2-bahias-sartech-com-usb-3-1-a-sata-usb-3-1-10-gbps-sata-i-ii-iii-de-2-5-3-5-base-de-acoplamiento-ssd-hdd-de-intercambio-en-caliente-carga-su\/\",\"name\":\"[ Startech.com ] &#129351; Sdock2u313 Docking Station De 2 Bahias - Sartech.com - Usb 3.1 A Sata - Usb 3.1 (10 Gbps) - Sata I\/ii\/iii De 2.5\/3.5 - Base De Acoplamiento Ssd\/hdd - De Intercambio En Caliente - Carga Superior\",\"isPartOf\":{\"@id\":\"https:\/\/compuviper.mx\/tienda\/#website\"},\"datePublished\":\"2026-04-02T05:12:03+00:00\",\"dateModified\":\"2026-04-02T05:12:03+00:00\",\"description\":\"Compra Sdock2u313 Docking Station De 2 Bahias - Sartech.com - Usb 3.1 A Sata - Usb 3.1 (10 Gbps) - Sata I\/ii\/iii De 2.5\/3.5 - Base De Acoplamiento Ssd\/hdd - De Intercambio En Caliente - Carga Superior + Env\u00edo a domicilio + Pago seguro + Garant\u00eda\",\"breadcrumb\":{\"@id\":\"https:\/\/compuviper.mx\/tienda\/producto\/startech-com-sdock2u313-docking-station-de-2-bahias-sartech-com-usb-3-1-a-sata-usb-3-1-10-gbps-sata-i-ii-iii-de-2-5-3-5-base-de-acoplamiento-ssd-hdd-de-intercambio-en-caliente-carga-su\/#breadcrumb\"},\"inLanguage\":\"es-MX\",\"potentialAction\":[{\"@type\":\"ReadAction\",\"target\":[\"https:\/\/compuviper.mx\/tienda\/producto\/startech-com-sdock2u313-docking-station-de-2-bahias-sartech-com-usb-3-1-a-sata-usb-3-1-10-gbps-sata-i-ii-iii-de-2-5-3-5-base-de-acoplamiento-ssd-hdd-de-intercambio-en-caliente-carga-su\/\"]}]},{\"@type\":\"BreadcrumbList\",\"@id\":\"https:\/\/compuviper.mx\/tienda\/producto\/startech-com-sdock2u313-docking-station-de-2-bahias-sartech-com-usb-3-1-a-sata-usb-3-1-10-gbps-sata-i-ii-iii-de-2-5-3-5-base-de-acoplamiento-ssd-hdd-de-intercambio-en-caliente-carga-su\/#breadcrumb\",\"itemListElement\":[{\"@type\":\"ListItem\",\"position\":1,\"name\":\"Inicio\",\"item\":\"https:\/\/compuviper.mx\/tienda\/\"},{\"@type\":\"ListItem\",\"position\":2,\"name\":\"Productos\",\"item\":\"https:\/\/compuviper.mx\/tienda\/productos\/\"},{\"@type\":\"ListItem\",\"position\":3,\"name\":\"Accesorios\",\"item\":\"https:\/\/compuviper.mx\/tienda\/categoria-producto\/accesorios\/\"},{\"@type\":\"ListItem\",\"position\":4,\"name\":\"Hub Usb\",\"item\":\"https:\/\/compuviper.mx\/tienda\/categoria-producto\/accesorios\/hub-usb\/\"},{\"@type\":\"ListItem\",\"position\":5,\"name\":\"Startech.com Sdock2u313 Docking Station De 2 Bahias &#8211; Sartech.com &#8211; Usb 3.1 A Sata &#8211; Usb 3.1 (10 Gbps) &#8211; Sata I\/ii\/iii De 2.5\/3.5 &#8211; Base De Acoplamiento Ssd\/hdd &#8211; De Intercambio En Caliente &#8211; Carga Superior\"}]},{\"@type\":\"WebSite\",\"@id\":\"https:\/\/compuviper.mx\/tienda\/#website\",\"url\":\"https:\/\/compuviper.mx\/tienda\/\",\"name\":\"Compuviper\",\"description\":\"Proveedor de Computadoras, Laptops, Servidores, Monitores, Puntos de Venta, Teclados,   Impresoras, T\u00f3ner, C\u00e1maras de Seguridad y m\u00e1s en tu tienda en l\u00ednea\",\"publisher\":{\"@id\":\"https:\/\/compuviper.mx\/tienda\/#organization\"},\"potentialAction\":[{\"@type\":\"SearchAction\",\"target\":{\"@type\":\"EntryPoint\",\"urlTemplate\":\"https:\/\/compuviper.mx\/tienda\/?s={search_term_string}\"},\"query-input\":\"required name=search_term_string\"}],\"inLanguage\":\"es-MX\"},{\"@type\":\"Organization\",\"@id\":\"https:\/\/compuviper.mx\/tienda\/#organization\",\"name\":\"Compuviper\",\"url\":\"https:\/\/compuviper.mx\/tienda\/\",\"logo\":{\"@type\":\"ImageObject\",\"inLanguage\":\"es-MX\",\"@id\":\"https:\/\/compuviper.mx\/tienda\/#\/schema\/logo\/image\/\",\"url\":\"https:\/\/compuviper.mx\/tienda\/wp-content\/uploads\/2021\/08\/Logo-Compuviper-10.png\",\"contentUrl\":\"https:\/\/compuviper.mx\/tienda\/wp-content\/uploads\/2021\/08\/Logo-Compuviper-10.png\",\"width\":1000,\"height\":500,\"caption\":\"Compuviper\"},\"image\":{\"@id\":\"https:\/\/compuviper.mx\/tienda\/#\/schema\/logo\/image\/\"},\"sameAs\":[\"https:\/\/www.facebook.com\/compuviper\",\"https:\/\/www.youtube.com\/channel\/UCf73dERp9Y3cfOq7q8BhLjA?view_as=subscriber\"]}]}<\/script>\n<meta property=\"product:brand\" content=\"STARTECH.COM\" \/>\n<meta property=\"product:price:amount\" content=\"2193\" \/>\n<meta property=\"product:price:currency\" content=\"MXN\" \/>\n<meta property=\"og:availability\" content=\"instock\" \/>\n<meta property=\"product:availability\" content=\"instock\" \/>\n<meta property=\"product:retailer_item_id\" content=\"SDOCK2U313\" \/>\n<meta property=\"product:condition\" content=\"new\" \/>\n<!-- \/ Yoast SEO plugin. -->","yoast_head_json":{"title":"[ Startech.com ] &#129351; Sdock2u313 Docking Station De 2 Bahias - Sartech.com - Usb 3.1 A Sata - Usb 3.1 (10 Gbps) - Sata I\/ii\/iii De 2.5\/3.5 - Base De Acoplamiento Ssd\/hdd - De Intercambio En Caliente - Carga Superior","description":"Compra Sdock2u313 Docking Station De 2 Bahias - Sartech.com - Usb 3.1 A Sata - Usb 3.1 (10 Gbps) - Sata I\/ii\/iii De 2.5\/3.5 - Base De Acoplamiento Ssd\/hdd - De Intercambio En Caliente - Carga Superior + Env\u00edo a domicilio + Pago seguro + Garant\u00eda","robots":{"index":"index","follow":"follow","max-snippet":"max-snippet:-1","max-image-preview":"max-image-preview:large","max-video-preview":"max-video-preview:-1"},"canonical":"https:\/\/compuviper.mx\/tienda\/producto\/startech-com-sdock2u313-docking-station-de-2-bahias-sartech-com-usb-3-1-a-sata-usb-3-1-10-gbps-sata-i-ii-iii-de-2-5-3-5-base-de-acoplamiento-ssd-hdd-de-intercambio-en-caliente-carga-su\/","og_locale":"es_MX","og_type":"article","og_title":"[ Startech.com ] &#129351; Sdock2u313 Docking Station De 2 Bahias - Sartech.com - Usb 3.1 A Sata - Usb 3.1 (10 Gbps) - Sata I\/ii\/iii De 2.5\/3.5 - Base De Acoplamiento Ssd\/hdd - De Intercambio En Caliente - Carga Superior","og_description":"Compra Sdock2u313 Docking Station De 2 Bahias - Sartech.com - Usb 3.1 A Sata - Usb 3.1 (10 Gbps) - Sata I\/ii\/iii De 2.5\/3.5 - Base De Acoplamiento Ssd\/hdd - De Intercambio En Caliente - Carga Superior + Env\u00edo a domicilio + Pago seguro + Garant\u00eda","og_url":"https:\/\/compuviper.mx\/tienda\/producto\/startech-com-sdock2u313-docking-station-de-2-bahias-sartech-com-usb-3-1-a-sata-usb-3-1-10-gbps-sata-i-ii-iii-de-2-5-3-5-base-de-acoplamiento-ssd-hdd-de-intercambio-en-caliente-carga-su\/","og_site_name":"Compuviper","article_publisher":"https:\/\/www.facebook.com\/compuviper","og_image":[{"width":200,"height":200,"url":"https:\/\/compuviper.mx\/tienda\/wp-content\/uploads\/2024\/05\/Docking-station-de-2-bahias-sartech.com-usb-3.1-a-sata-usb-3.1-10-gbps-sata-iiiiii-de-2.53.5-base-de-acoplamiento-ssdhdd-de-intercambio-en-caliente-carga-superior.jpg","type":"image\/jpeg"}],"twitter_card":"summary_large_image","twitter_misc":{"Precio":"&#36;2,193 con IVA","Availability":"In stock"},"schema":{"@context":"https:\/\/schema.org","@graph":[{"@type":"WebPage","@id":"https:\/\/compuviper.mx\/tienda\/producto\/startech-com-sdock2u313-docking-station-de-2-bahias-sartech-com-usb-3-1-a-sata-usb-3-1-10-gbps-sata-i-ii-iii-de-2-5-3-5-base-de-acoplamiento-ssd-hdd-de-intercambio-en-caliente-carga-su\/","url":"https:\/\/compuviper.mx\/tienda\/producto\/startech-com-sdock2u313-docking-station-de-2-bahias-sartech-com-usb-3-1-a-sata-usb-3-1-10-gbps-sata-i-ii-iii-de-2-5-3-5-base-de-acoplamiento-ssd-hdd-de-intercambio-en-caliente-carga-su\/","name":"[ Startech.com ] &#129351; Sdock2u313 Docking Station De 2 Bahias - Sartech.com - Usb 3.1 A Sata - Usb 3.1 (10 Gbps) - Sata I\/ii\/iii De 2.5\/3.5 - Base De Acoplamiento Ssd\/hdd - De Intercambio En Caliente - Carga Superior","isPartOf":{"@id":"https:\/\/compuviper.mx\/tienda\/#website"},"datePublished":"2026-04-02T05:12:03+00:00","dateModified":"2026-04-02T05:12:03+00:00","description":"Compra Sdock2u313 Docking Station De 2 Bahias - Sartech.com - Usb 3.1 A Sata - Usb 3.1 (10 Gbps) - Sata I\/ii\/iii De 2.5\/3.5 - Base De Acoplamiento Ssd\/hdd - De Intercambio En Caliente - Carga Superior + Env\u00edo a domicilio + Pago seguro + Garant\u00eda","breadcrumb":{"@id":"https:\/\/compuviper.mx\/tienda\/producto\/startech-com-sdock2u313-docking-station-de-2-bahias-sartech-com-usb-3-1-a-sata-usb-3-1-10-gbps-sata-i-ii-iii-de-2-5-3-5-base-de-acoplamiento-ssd-hdd-de-intercambio-en-caliente-carga-su\/#breadcrumb"},"inLanguage":"es-MX","potentialAction":[{"@type":"ReadAction","target":["https:\/\/compuviper.mx\/tienda\/producto\/startech-com-sdock2u313-docking-station-de-2-bahias-sartech-com-usb-3-1-a-sata-usb-3-1-10-gbps-sata-i-ii-iii-de-2-5-3-5-base-de-acoplamiento-ssd-hdd-de-intercambio-en-caliente-carga-su\/"]}]},{"@type":"BreadcrumbList","@id":"https:\/\/compuviper.mx\/tienda\/producto\/startech-com-sdock2u313-docking-station-de-2-bahias-sartech-com-usb-3-1-a-sata-usb-3-1-10-gbps-sata-i-ii-iii-de-2-5-3-5-base-de-acoplamiento-ssd-hdd-de-intercambio-en-caliente-carga-su\/#breadcrumb","itemListElement":[{"@type":"ListItem","position":1,"name":"Inicio","item":"https:\/\/compuviper.mx\/tienda\/"},{"@type":"ListItem","position":2,"name":"Productos","item":"https:\/\/compuviper.mx\/tienda\/productos\/"},{"@type":"ListItem","position":3,"name":"Accesorios","item":"https:\/\/compuviper.mx\/tienda\/categoria-producto\/accesorios\/"},{"@type":"ListItem","position":4,"name":"Hub Usb","item":"https:\/\/compuviper.mx\/tienda\/categoria-producto\/accesorios\/hub-usb\/"},{"@type":"ListItem","position":5,"name":"Startech.com Sdock2u313 Docking Station De 2 Bahias &#8211; Sartech.com &#8211; Usb 3.1 A Sata &#8211; Usb 3.1 (10 Gbps) &#8211; Sata I\/ii\/iii De 2.5\/3.5 &#8211; Base De Acoplamiento Ssd\/hdd &#8211; De Intercambio En Caliente &#8211; Carga Superior"}]},{"@type":"WebSite","@id":"https:\/\/compuviper.mx\/tienda\/#website","url":"https:\/\/compuviper.mx\/tienda\/","name":"Compuviper","description":"Proveedor de Computadoras, Laptops, Servidores, Monitores, Puntos de Venta, Teclados,   Impresoras, T\u00f3ner, C\u00e1maras de Seguridad y m\u00e1s en tu tienda en l\u00ednea","publisher":{"@id":"https:\/\/compuviper.mx\/tienda\/#organization"},"potentialAction":[{"@type":"SearchAction","target":{"@type":"EntryPoint","urlTemplate":"https:\/\/compuviper.mx\/tienda\/?s={search_term_string}"},"query-input":"required name=search_term_string"}],"inLanguage":"es-MX"},{"@type":"Organization","@id":"https:\/\/compuviper.mx\/tienda\/#organization","name":"Compuviper","url":"https:\/\/compuviper.mx\/tienda\/","logo":{"@type":"ImageObject","inLanguage":"es-MX","@id":"https:\/\/compuviper.mx\/tienda\/#\/schema\/logo\/image\/","url":"https:\/\/compuviper.mx\/tienda\/wp-content\/uploads\/2021\/08\/Logo-Compuviper-10.png","contentUrl":"https:\/\/compuviper.mx\/tienda\/wp-content\/uploads\/2021\/08\/Logo-Compuviper-10.png","width":1000,"height":500,"caption":"Compuviper"},"image":{"@id":"https:\/\/compuviper.mx\/tienda\/#\/schema\/logo\/image\/"},"sameAs":["https:\/\/www.facebook.com\/compuviper","https:\/\/www.youtube.com\/channel\/UCf73dERp9Y3cfOq7q8BhLjA?view_as=subscriber"]}]},"product_brand":"STARTECH.COM","product_price_amount":"2193","product_price_currency":"MXN","og_availability":"instock","product_availability":"instock","product_retailer_item_id":"SDOCK2U313","product_condition":"new"},"_links":{"self":[{"href":"https:\/\/compuviper.mx\/tienda\/wp-json\/wp\/v2\/product\/231990"}],"collection":[{"href":"https:\/\/compuviper.mx\/tienda\/wp-json\/wp\/v2\/product"}],"about":[{"href":"https:\/\/compuviper.mx\/tienda\/wp-json\/wp\/v2\/types\/product"}],"replies":[{"embeddable":true,"href":"https:\/\/compuviper.mx\/tienda\/wp-json\/wp\/v2\/comments?post=231990"}],"wp:featuredmedia":[{"embeddable":true,"href":"https:\/\/compuviper.mx\/tienda\/wp-json\/wp\/v2\/media\/233760"}],"wp:attachment":[{"href":"https:\/\/compuviper.mx\/tienda\/wp-json\/wp\/v2\/media?parent=231990"}],"wp:term":[{"taxonomy":"product_cat","embeddable":true,"href":"https:\/\/compuviper.mx\/tienda\/wp-json\/wp\/v2\/product_cat?post=231990"},{"taxonomy":"product_tag","embeddable":true,"href":"https:\/\/compuviper.mx\/tienda\/wp-json\/wp\/v2\/product_tag?post=231990"}],"curies":[{"name":"wp","href":"https:\/\/api.w.org\/{rel}","templated":true}]}}