{"id":231959,"date":"2026-04-02T00:34:52","date_gmt":"2026-04-02T06:34:52","guid":{"rendered":"https:\/\/compuviper.mx\/tienda\/producto\/hewlett-packard-enterprise-861681-b21-hpe-disco-duro-2tb-6g-7-2k-rpm-hpl-sata-lff-3-5in\/"},"modified":"2026-04-02T00:34:52","modified_gmt":"2026-04-02T06:34:52","slug":"hewlett-packard-enterprise-861681-b21-hpe-disco-duro-2tb-6g-7-2k-rpm-hpl-sata-lff-3-5in","status":"publish","type":"product","link":"https:\/\/compuviper.mx\/tienda\/producto\/hewlett-packard-enterprise-861681-b21-hpe-disco-duro-2tb-6g-7-2k-rpm-hpl-sata-lff-3-5in\/","title":{"rendered":"Hewlett Packard Enterprise 861681-b21 Hpe Disco Duro 2tb 6g 7.2k Rpm Hpl Sata Lff 3.5in"},"content":{"rendered":"<table class=\"descripcion\">\n<tr>\n<td>Plataforma compatible<\/td>\n<\/tr>\n<tr>\n<td>Servidores hpe proliant rack\/torre\/bladesystem\/synergy<\/td>\n<\/tr>\n<tr>\n<td>Interfaz<\/td>\n<\/tr>\n<tr>\n<td>Sata<\/td>\n<\/tr>\n<tr>\n<td>Carga de trabajo admitida<\/td>\n<\/tr>\n<tr>\n<td>Fundamental para el negocio<\/td>\n<\/tr>\n<tr>\n<td>Velocidad de rotaci\u00f3n de la unidad (rpm)<\/td>\n<\/tr>\n<tr>\n<td>7200<\/td>\n<\/tr>\n<tr>\n<td>Factor de forma<\/td>\n<\/tr>\n<tr>\n<td>Lff<\/td>\n<\/tr>\n<tr>\n<td>Tecnolog\u00eda de la unidad (fill)<\/td>\n<\/tr>\n<tr>\n<td>Aire<\/td>\n<\/tr>\n<tr>\n<td>Tipo de formato<\/td>\n<\/tr>\n<tr>\n<td>512n<\/td>\n<\/tr>\n<tr>\n<td>Tipo de operador<\/td>\n<\/tr>\n<tr>\n<td>Soporte de perfil bajo (lpc)<\/td>\n<\/tr>\n<tr>\n<td>Capacidad<\/td>\n<\/tr>\n<tr>\n<td>2 tb<\/td>\n<\/tr>\n<tr>\n<td>Altura<\/td>\n<\/tr>\n<tr>\n<td>26,1 mm (1,028 pulg.)<\/td>\n<\/tr>\n<tr>\n<td>Medidas del producto (m\u00e9trico)<\/td>\n<\/tr>\n<tr>\n<td>2,61 x 10,55 x 15,66 cm<\/td>\n<\/tr>\n<tr>\n<td>Garant\u00eda<\/td>\n<\/tr>\n<tr>\n<td>Las unidades de disco duro midline tienen 1 a\u00f1o de garant\u00eda limitada, independientemente del periodo de garant\u00eda del sistema en el que est\u00e1n instaladas.<\/td>\n<\/tr>\n<\/table>\n","protected":false},"excerpt":{"rendered":"<p>Los discos duros hpe para tareas fundamentales se han dise\u00f1ado para ofrecer el m\u00e1s alto rendimiento, capacidad, fiabilidad y seguridad de datos para las aplicaciones de su centro de datos. Los discos duros hpe para tareas fundamentales le permiten almacenar m\u00e1s datos sin sacrificar el rendimiento o la fiabilidad. Los discos duros hpe para tareas fundamentales est\u00e1n disponibles tanto en factor formato grande (lff) de 3,5 pulgadas como en factor formato reducido (sff) de 2,5 pulgadas. Adem\u00e1s, cuentan con una garant\u00eda est\u00e1ndar de un a\u00f1o. Todos los discos duros de hpe pasan un riguroso proceso de cualificaci\u00f3n, que certifica que cada unidad ha sido probada para funcionar en los entornos de almacenamiento y servidores de hpe. Todos los discos duros de hpe incluyen un firmware firmado digitalmente que evita el acceso no autorizado a sus datos<\/p>\n","protected":false},"featured_media":231996,"comment_status":"open","ping_status":"open","template":"","meta":[],"product_cat":[1703,1704],"product_tag":[1568],"acf":[],"yoast_head":"<!-- This site is optimized with the Yoast SEO plugin v21.7 - https:\/\/yoast.com\/wordpress\/plugins\/seo\/ -->\n<title>[ Hewlett Packard Enterprise ] &#129351; 861681-b21 Hpe Disco Duro 2tb 6g 7.2k Rpm Hpl Sata Lff 3.5in<\/title>\n<meta name=\"description\" content=\"Compra 861681-b21 Hpe Disco Duro 2tb 6g 7.2k Rpm Hpl Sata Lff 3.5in + Env\u00edo a domicilio + Pago seguro + Garant\u00eda\" \/>\n<meta name=\"robots\" content=\"index, follow, max-snippet:-1, max-image-preview:large, max-video-preview:-1\" \/>\n<link rel=\"canonical\" href=\"https:\/\/compuviper.mx\/tienda\/producto\/hewlett-packard-enterprise-861681-b21-hpe-disco-duro-2tb-6g-7-2k-rpm-hpl-sata-lff-3-5in\/\" \/>\n<meta property=\"og:locale\" content=\"es_MX\" \/>\n<meta property=\"og:type\" content=\"article\" \/>\n<meta property=\"og:title\" content=\"[ Hewlett Packard Enterprise ] &#129351; 861681-b21 Hpe Disco Duro 2tb 6g 7.2k Rpm Hpl Sata Lff 3.5in\" \/>\n<meta property=\"og:description\" content=\"Compra 861681-b21 Hpe Disco Duro 2tb 6g 7.2k Rpm Hpl Sata Lff 3.5in + Env\u00edo a domicilio + Pago seguro + Garant\u00eda\" \/>\n<meta property=\"og:url\" content=\"https:\/\/compuviper.mx\/tienda\/producto\/hewlett-packard-enterprise-861681-b21-hpe-disco-duro-2tb-6g-7-2k-rpm-hpl-sata-lff-3-5in\/\" \/>\n<meta property=\"og:site_name\" content=\"Compuviper\" \/>\n<meta property=\"article:publisher\" content=\"https:\/\/www.facebook.com\/compuviper\" \/>\n<meta property=\"og:image\" content=\"https:\/\/compuviper.mx\/tienda\/wp-content\/uploads\/2024\/03\/Hpe-disco-duro-2tb-6g-7.2k-rpm-hpl-sata-lff-3.5in.jpg\" \/>\n\t<meta property=\"og:image:width\" content=\"200\" \/>\n\t<meta property=\"og:image:height\" content=\"200\" \/>\n\t<meta property=\"og:image:type\" content=\"image\/jpeg\" \/>\n<meta name=\"twitter:card\" content=\"summary_large_image\" \/>\n<meta name=\"twitter:label1\" content=\"Precio\" \/>\n\t<meta name=\"twitter:data1\" content=\"&#36;4,680 con IVA\" \/>\n\t<meta name=\"twitter:label2\" content=\"Availability\" \/>\n\t<meta name=\"twitter:data2\" content=\"In stock\" \/>\n<script type=\"application\/ld+json\" class=\"yoast-schema-graph\">{\"@context\":\"https:\/\/schema.org\",\"@graph\":[{\"@type\":\"WebPage\",\"@id\":\"https:\/\/compuviper.mx\/tienda\/producto\/hewlett-packard-enterprise-861681-b21-hpe-disco-duro-2tb-6g-7-2k-rpm-hpl-sata-lff-3-5in\/\",\"url\":\"https:\/\/compuviper.mx\/tienda\/producto\/hewlett-packard-enterprise-861681-b21-hpe-disco-duro-2tb-6g-7-2k-rpm-hpl-sata-lff-3-5in\/\",\"name\":\"[ Hewlett Packard Enterprise ] &#129351; 861681-b21 Hpe Disco Duro 2tb 6g 7.2k Rpm Hpl Sata Lff 3.5in\",\"isPartOf\":{\"@id\":\"https:\/\/compuviper.mx\/tienda\/#website\"},\"datePublished\":\"2026-04-02T06:34:52+00:00\",\"dateModified\":\"2026-04-02T06:34:52+00:00\",\"description\":\"Compra 861681-b21 Hpe Disco Duro 2tb 6g 7.2k Rpm Hpl Sata Lff 3.5in + Env\u00edo a domicilio + Pago seguro + Garant\u00eda\",\"breadcrumb\":{\"@id\":\"https:\/\/compuviper.mx\/tienda\/producto\/hewlett-packard-enterprise-861681-b21-hpe-disco-duro-2tb-6g-7-2k-rpm-hpl-sata-lff-3-5in\/#breadcrumb\"},\"inLanguage\":\"es-MX\",\"potentialAction\":[{\"@type\":\"ReadAction\",\"target\":[\"https:\/\/compuviper.mx\/tienda\/producto\/hewlett-packard-enterprise-861681-b21-hpe-disco-duro-2tb-6g-7-2k-rpm-hpl-sata-lff-3-5in\/\"]}]},{\"@type\":\"BreadcrumbList\",\"@id\":\"https:\/\/compuviper.mx\/tienda\/producto\/hewlett-packard-enterprise-861681-b21-hpe-disco-duro-2tb-6g-7-2k-rpm-hpl-sata-lff-3-5in\/#breadcrumb\",\"itemListElement\":[{\"@type\":\"ListItem\",\"position\":1,\"name\":\"Inicio\",\"item\":\"https:\/\/compuviper.mx\/tienda\/\"},{\"@type\":\"ListItem\",\"position\":2,\"name\":\"Productos\",\"item\":\"https:\/\/compuviper.mx\/tienda\/productos\/\"},{\"@type\":\"ListItem\",\"position\":3,\"name\":\"Discos Duros\",\"item\":\"https:\/\/compuviper.mx\/tienda\/categoria-producto\/discos-duros\/\"},{\"@type\":\"ListItem\",\"position\":4,\"name\":\"Sin Categor\u00eda\",\"item\":\"https:\/\/compuviper.mx\/tienda\/categoria-producto\/discos-duros\/sin-categoria-discos-duros\/\"},{\"@type\":\"ListItem\",\"position\":5,\"name\":\"Hewlett Packard Enterprise 861681-b21 Hpe Disco Duro 2tb 6g 7.2k Rpm Hpl Sata Lff 3.5in\"}]},{\"@type\":\"WebSite\",\"@id\":\"https:\/\/compuviper.mx\/tienda\/#website\",\"url\":\"https:\/\/compuviper.mx\/tienda\/\",\"name\":\"Compuviper\",\"description\":\"Proveedor de Computadoras, Laptops, Servidores, Monitores, Puntos de Venta, Teclados,   Impresoras, T\u00f3ner, C\u00e1maras de Seguridad y m\u00e1s en tu tienda en l\u00ednea\",\"publisher\":{\"@id\":\"https:\/\/compuviper.mx\/tienda\/#organization\"},\"potentialAction\":[{\"@type\":\"SearchAction\",\"target\":{\"@type\":\"EntryPoint\",\"urlTemplate\":\"https:\/\/compuviper.mx\/tienda\/?s={search_term_string}\"},\"query-input\":\"required name=search_term_string\"}],\"inLanguage\":\"es-MX\"},{\"@type\":\"Organization\",\"@id\":\"https:\/\/compuviper.mx\/tienda\/#organization\",\"name\":\"Compuviper\",\"url\":\"https:\/\/compuviper.mx\/tienda\/\",\"logo\":{\"@type\":\"ImageObject\",\"inLanguage\":\"es-MX\",\"@id\":\"https:\/\/compuviper.mx\/tienda\/#\/schema\/logo\/image\/\",\"url\":\"https:\/\/compuviper.mx\/tienda\/wp-content\/uploads\/2021\/08\/Logo-Compuviper-10.png\",\"contentUrl\":\"https:\/\/compuviper.mx\/tienda\/wp-content\/uploads\/2021\/08\/Logo-Compuviper-10.png\",\"width\":1000,\"height\":500,\"caption\":\"Compuviper\"},\"image\":{\"@id\":\"https:\/\/compuviper.mx\/tienda\/#\/schema\/logo\/image\/\"},\"sameAs\":[\"https:\/\/www.facebook.com\/compuviper\",\"https:\/\/www.youtube.com\/channel\/UCf73dERp9Y3cfOq7q8BhLjA?view_as=subscriber\"]}]}<\/script>\n<meta property=\"product:brand\" content=\"HEWLETT PACKARD ENTERPRISE\" \/>\n<meta property=\"product:price:amount\" content=\"4680\" \/>\n<meta property=\"product:price:currency\" content=\"MXN\" \/>\n<meta property=\"og:availability\" content=\"instock\" \/>\n<meta property=\"product:availability\" content=\"instock\" \/>\n<meta property=\"product:retailer_item_id\" content=\"861681-B21\" \/>\n<meta property=\"product:condition\" content=\"new\" \/>\n<!-- \/ Yoast SEO plugin. -->","yoast_head_json":{"title":"[ Hewlett Packard Enterprise ] &#129351; 861681-b21 Hpe Disco Duro 2tb 6g 7.2k Rpm Hpl Sata Lff 3.5in","description":"Compra 861681-b21 Hpe Disco Duro 2tb 6g 7.2k Rpm Hpl Sata Lff 3.5in + Env\u00edo a domicilio + Pago seguro + Garant\u00eda","robots":{"index":"index","follow":"follow","max-snippet":"max-snippet:-1","max-image-preview":"max-image-preview:large","max-video-preview":"max-video-preview:-1"},"canonical":"https:\/\/compuviper.mx\/tienda\/producto\/hewlett-packard-enterprise-861681-b21-hpe-disco-duro-2tb-6g-7-2k-rpm-hpl-sata-lff-3-5in\/","og_locale":"es_MX","og_type":"article","og_title":"[ Hewlett Packard Enterprise ] &#129351; 861681-b21 Hpe Disco Duro 2tb 6g 7.2k Rpm Hpl Sata Lff 3.5in","og_description":"Compra 861681-b21 Hpe Disco Duro 2tb 6g 7.2k Rpm Hpl Sata Lff 3.5in + Env\u00edo a domicilio + Pago seguro + Garant\u00eda","og_url":"https:\/\/compuviper.mx\/tienda\/producto\/hewlett-packard-enterprise-861681-b21-hpe-disco-duro-2tb-6g-7-2k-rpm-hpl-sata-lff-3-5in\/","og_site_name":"Compuviper","article_publisher":"https:\/\/www.facebook.com\/compuviper","og_image":[{"width":200,"height":200,"url":"https:\/\/compuviper.mx\/tienda\/wp-content\/uploads\/2024\/03\/Hpe-disco-duro-2tb-6g-7.2k-rpm-hpl-sata-lff-3.5in.jpg","type":"image\/jpeg"}],"twitter_card":"summary_large_image","twitter_misc":{"Precio":"&#36;4,680 con IVA","Availability":"In stock"},"schema":{"@context":"https:\/\/schema.org","@graph":[{"@type":"WebPage","@id":"https:\/\/compuviper.mx\/tienda\/producto\/hewlett-packard-enterprise-861681-b21-hpe-disco-duro-2tb-6g-7-2k-rpm-hpl-sata-lff-3-5in\/","url":"https:\/\/compuviper.mx\/tienda\/producto\/hewlett-packard-enterprise-861681-b21-hpe-disco-duro-2tb-6g-7-2k-rpm-hpl-sata-lff-3-5in\/","name":"[ Hewlett Packard Enterprise ] &#129351; 861681-b21 Hpe Disco Duro 2tb 6g 7.2k Rpm Hpl Sata Lff 3.5in","isPartOf":{"@id":"https:\/\/compuviper.mx\/tienda\/#website"},"datePublished":"2026-04-02T06:34:52+00:00","dateModified":"2026-04-02T06:34:52+00:00","description":"Compra 861681-b21 Hpe Disco Duro 2tb 6g 7.2k Rpm Hpl Sata Lff 3.5in + Env\u00edo a domicilio + Pago seguro + Garant\u00eda","breadcrumb":{"@id":"https:\/\/compuviper.mx\/tienda\/producto\/hewlett-packard-enterprise-861681-b21-hpe-disco-duro-2tb-6g-7-2k-rpm-hpl-sata-lff-3-5in\/#breadcrumb"},"inLanguage":"es-MX","potentialAction":[{"@type":"ReadAction","target":["https:\/\/compuviper.mx\/tienda\/producto\/hewlett-packard-enterprise-861681-b21-hpe-disco-duro-2tb-6g-7-2k-rpm-hpl-sata-lff-3-5in\/"]}]},{"@type":"BreadcrumbList","@id":"https:\/\/compuviper.mx\/tienda\/producto\/hewlett-packard-enterprise-861681-b21-hpe-disco-duro-2tb-6g-7-2k-rpm-hpl-sata-lff-3-5in\/#breadcrumb","itemListElement":[{"@type":"ListItem","position":1,"name":"Inicio","item":"https:\/\/compuviper.mx\/tienda\/"},{"@type":"ListItem","position":2,"name":"Productos","item":"https:\/\/compuviper.mx\/tienda\/productos\/"},{"@type":"ListItem","position":3,"name":"Discos Duros","item":"https:\/\/compuviper.mx\/tienda\/categoria-producto\/discos-duros\/"},{"@type":"ListItem","position":4,"name":"Sin Categor\u00eda","item":"https:\/\/compuviper.mx\/tienda\/categoria-producto\/discos-duros\/sin-categoria-discos-duros\/"},{"@type":"ListItem","position":5,"name":"Hewlett Packard Enterprise 861681-b21 Hpe Disco Duro 2tb 6g 7.2k Rpm Hpl Sata Lff 3.5in"}]},{"@type":"WebSite","@id":"https:\/\/compuviper.mx\/tienda\/#website","url":"https:\/\/compuviper.mx\/tienda\/","name":"Compuviper","description":"Proveedor de Computadoras, Laptops, Servidores, Monitores, Puntos de Venta, Teclados,   Impresoras, T\u00f3ner, C\u00e1maras de Seguridad y m\u00e1s en tu tienda en l\u00ednea","publisher":{"@id":"https:\/\/compuviper.mx\/tienda\/#organization"},"potentialAction":[{"@type":"SearchAction","target":{"@type":"EntryPoint","urlTemplate":"https:\/\/compuviper.mx\/tienda\/?s={search_term_string}"},"query-input":"required name=search_term_string"}],"inLanguage":"es-MX"},{"@type":"Organization","@id":"https:\/\/compuviper.mx\/tienda\/#organization","name":"Compuviper","url":"https:\/\/compuviper.mx\/tienda\/","logo":{"@type":"ImageObject","inLanguage":"es-MX","@id":"https:\/\/compuviper.mx\/tienda\/#\/schema\/logo\/image\/","url":"https:\/\/compuviper.mx\/tienda\/wp-content\/uploads\/2021\/08\/Logo-Compuviper-10.png","contentUrl":"https:\/\/compuviper.mx\/tienda\/wp-content\/uploads\/2021\/08\/Logo-Compuviper-10.png","width":1000,"height":500,"caption":"Compuviper"},"image":{"@id":"https:\/\/compuviper.mx\/tienda\/#\/schema\/logo\/image\/"},"sameAs":["https:\/\/www.facebook.com\/compuviper","https:\/\/www.youtube.com\/channel\/UCf73dERp9Y3cfOq7q8BhLjA?view_as=subscriber"]}]},"product_brand":"HEWLETT PACKARD ENTERPRISE","product_price_amount":"4680","product_price_currency":"MXN","og_availability":"instock","product_availability":"instock","product_retailer_item_id":"861681-B21","product_condition":"new"},"_links":{"self":[{"href":"https:\/\/compuviper.mx\/tienda\/wp-json\/wp\/v2\/product\/231959"}],"collection":[{"href":"https:\/\/compuviper.mx\/tienda\/wp-json\/wp\/v2\/product"}],"about":[{"href":"https:\/\/compuviper.mx\/tienda\/wp-json\/wp\/v2\/types\/product"}],"replies":[{"embeddable":true,"href":"https:\/\/compuviper.mx\/tienda\/wp-json\/wp\/v2\/comments?post=231959"}],"wp:featuredmedia":[{"embeddable":true,"href":"https:\/\/compuviper.mx\/tienda\/wp-json\/wp\/v2\/media\/231996"}],"wp:attachment":[{"href":"https:\/\/compuviper.mx\/tienda\/wp-json\/wp\/v2\/media?parent=231959"}],"wp:term":[{"taxonomy":"product_cat","embeddable":true,"href":"https:\/\/compuviper.mx\/tienda\/wp-json\/wp\/v2\/product_cat?post=231959"},{"taxonomy":"product_tag","embeddable":true,"href":"https:\/\/compuviper.mx\/tienda\/wp-json\/wp\/v2\/product_tag?post=231959"}],"curies":[{"name":"wp","href":"https:\/\/api.w.org\/{rel}","templated":true}]}}