{"id":231875,"date":"2026-04-22T00:38:19","date_gmt":"2026-04-22T06:38:19","guid":{"rendered":"https:\/\/compuviper.mx\/tienda\/producto\/ghia-gsw2-lector-de-codigos-de-barras-2d-inalambrico-receptor-usb-bluetooth-base-de-carga-compatible-con-qr\/"},"modified":"2026-04-22T00:38:19","modified_gmt":"2026-04-22T06:38:19","slug":"ghia-gsw2-lector-de-codigos-de-barras-inalambrico-2d-led-rojo-y-blanco-bluetooth-usb-base-de-carga-qr-negro","status":"publish","type":"product","link":"https:\/\/compuviper.mx\/tienda\/producto\/ghia-gsw2-lector-de-codigos-de-barras-inalambrico-2d-led-rojo-y-blanco-bluetooth-usb-base-de-carga-qr-negro\/","title":{"rendered":"Ghia Gsw2 Lector De Codigos De Barras   \/ Inalambrico \/ 2d \/ Led Rojo Y Blanco \/ Bluetooth \/ Usb \/ Base De Carga \/ Qr \/ Negro"},"content":{"rendered":"<table class=\"descripcion\">\n<tr>\n<td>Sensor de imagen: cmos<\/td>\n<\/tr>\n<tr>\n<td>Luz: led blanco, led rojo<\/td>\n<\/tr>\n<tr>\n<td>Velocidad: 60fps<\/td>\n<\/tr>\n<tr>\n<td>Resoluci\u00f3n m\u00ednima: 3mil<\/td>\n<\/tr>\n<tr>\n<td>Profundidad de lectura: 60-360mm 13mil pcs90<\/td>\n<\/tr>\n<tr>\n<td>Capacidad para leer sobre pantallas: s\u00ed<\/td>\n<\/tr>\n<tr>\n<td>Interfaz de la base: usb<\/td>\n<\/tr>\n<tr>\n<td>Capacidad de almacenaje del receptor: hasta 100mil c\u00f3digos<\/td>\n<\/tr>\n<tr>\n<td>Formas de carga: por base y cable micro usb<\/td>\n<\/tr>\n<tr>\n<td>Tiempo de carga: 4.5h<\/td>\n<\/tr>\n<tr>\n<td>Duraci\u00f3n de bater\u00eda: 15hs uso continuo<\/td>\n<\/tr>\n<tr>\n<td>Bater\u00eda: 2200mah<\/td>\n<\/tr>\n<tr>\n<td>M\u00e9todo de comunicaci\u00f3n: 2.4g, bluetooth<\/td>\n<\/tr>\n<tr>\n<td>Distancia de comunicaci\u00f3n<\/td>\n<\/tr>\n<tr>\n<td>Modo 2.4g: 150m espacios abiertos<\/td>\n<\/tr>\n<tr>\n<td>Modo bt: 10m espacios abiertos<\/td>\n<\/tr>\n<tr>\n<td>Capacidad de decodificaci\u00f3n:<\/td>\n<\/tr>\n<tr>\n<td>1d:codabar, code11, code39, code32, interleaved 2 of 5,industrial 2 of 5, matrix 2 of 5,code93,code128,gs1-128,upc-a,upc-e,ean 8,ean 13, gs1 databa and 65288;r rss14 and 65289;,gs1 databar limited,gs1 databar expanded,etc<\/td>\n<\/tr>\n<tr>\n<td>2d: pdf417 and 12289;micro pdf417 and 12289;qr code and 12289;micro qr and 12289;data matrix and 12289;aztec code<\/td>\n<\/tr>\n<\/table>\n","protected":false},"excerpt":{"rendered":"<p>Lleva tu negocio al futuro con el lector ghia de c\u00f3digos. Haz que tu tiempo rinda al m\u00e1ximo capturando la informaci\u00f3n de tus productos de forma sencilla y mant\u00e9n un control de tus ventas e inventario. Plug and play, no necesitas ning\u00fan programa o aplicaci\u00f3n. S\u00f3lo con\u00e9ctalo mediante dongle usb 2.4g o por bluetooth a tu pc y comienza trabajar, los datos se env\u00edan inmediatamente a cualquier software, hoja de c\u00e1lculo, etc. Resistente, soporta ca\u00eddas de hasta 1.5 metros. Configurable, para escaneo manual y autom\u00e1tico. \u00f3ptimo, con receptor usb y buetooth. Para un mejor control de las ventas de tu negocio, puedes agregar un caj\u00f3n de dinero de la l\u00ednea de punto de venta ghia.<\/p>\n","protected":false},"featured_media":231876,"comment_status":"open","ping_status":"open","template":"","meta":[],"product_cat":[1721,1722],"product_tag":[1548],"acf":[],"yoast_head":"<!-- This site is optimized with the Yoast SEO plugin v21.7 - https:\/\/yoast.com\/wordpress\/plugins\/seo\/ -->\n<title>[ Ghia ] &#129351; Gsw2 Lector De Codigos De Barras \/ Inalambrico \/ 2d \/ Led Rojo Y Blanco \/ Bluetooth \/ Usb \/ Base De Carga \/ Qr \/ Negro<\/title>\n<meta name=\"description\" content=\"Compra Gsw2 Lector De Codigos De Barras \/ Inalambrico \/ 2d \/ Led Rojo Y Blanco \/ Bluetooth \/ Usb \/ Base De Carga \/ Qr \/ Negro + Env\u00edo a domicilio + Pago seguro + Garant\u00eda\" \/>\n<meta name=\"robots\" content=\"index, follow, max-snippet:-1, max-image-preview:large, max-video-preview:-1\" \/>\n<link rel=\"canonical\" href=\"https:\/\/compuviper.mx\/tienda\/producto\/ghia-gsw2-lector-de-codigos-de-barras-inalambrico-2d-led-rojo-y-blanco-bluetooth-usb-base-de-carga-qr-negro\/\" \/>\n<meta property=\"og:locale\" content=\"es_MX\" \/>\n<meta property=\"og:type\" content=\"article\" \/>\n<meta property=\"og:title\" content=\"[ Ghia ] &#129351; Gsw2 Lector De Codigos De Barras \/ Inalambrico \/ 2d \/ Led Rojo Y Blanco \/ Bluetooth \/ Usb \/ Base De Carga \/ Qr \/ Negro\" \/>\n<meta property=\"og:description\" content=\"Compra Gsw2 Lector De Codigos De Barras \/ Inalambrico \/ 2d \/ Led Rojo Y Blanco \/ Bluetooth \/ Usb \/ Base De Carga \/ Qr \/ Negro + Env\u00edo a domicilio + Pago seguro + Garant\u00eda\" \/>\n<meta property=\"og:url\" content=\"https:\/\/compuviper.mx\/tienda\/producto\/ghia-gsw2-lector-de-codigos-de-barras-inalambrico-2d-led-rojo-y-blanco-bluetooth-usb-base-de-carga-qr-negro\/\" \/>\n<meta property=\"og:site_name\" content=\"Compuviper\" \/>\n<meta property=\"article:publisher\" content=\"https:\/\/www.facebook.com\/compuviper\" \/>\n<meta property=\"og:image\" content=\"https:\/\/compuviper.mx\/tienda\/wp-content\/uploads\/2024\/03\/Lector-de-codigos-de-barras-ghia-2d-inalambrico-receptor-usb-bluetooth-base-de-carga-compatible-con-qr.jpg\" \/>\n\t<meta property=\"og:image:width\" content=\"200\" \/>\n\t<meta property=\"og:image:height\" content=\"200\" \/>\n\t<meta property=\"og:image:type\" content=\"image\/jpeg\" \/>\n<meta name=\"twitter:card\" content=\"summary_large_image\" \/>\n<meta name=\"twitter:label1\" content=\"Precio\" \/>\n\t<meta name=\"twitter:data1\" content=\"&#36;1,271 &#36;1,233 con IVA\" \/>\n\t<meta name=\"twitter:label2\" content=\"Availability\" \/>\n\t<meta name=\"twitter:data2\" content=\"In stock\" \/>\n<script type=\"application\/ld+json\" class=\"yoast-schema-graph\">{\"@context\":\"https:\/\/schema.org\",\"@graph\":[{\"@type\":\"WebPage\",\"@id\":\"https:\/\/compuviper.mx\/tienda\/producto\/ghia-gsw2-lector-de-codigos-de-barras-inalambrico-2d-led-rojo-y-blanco-bluetooth-usb-base-de-carga-qr-negro\/\",\"url\":\"https:\/\/compuviper.mx\/tienda\/producto\/ghia-gsw2-lector-de-codigos-de-barras-inalambrico-2d-led-rojo-y-blanco-bluetooth-usb-base-de-carga-qr-negro\/\",\"name\":\"[ Ghia ] &#129351; Gsw2 Lector De Codigos De Barras \/ Inalambrico \/ 2d \/ Led Rojo Y Blanco \/ Bluetooth \/ Usb \/ Base De Carga \/ Qr \/ Negro\",\"isPartOf\":{\"@id\":\"https:\/\/compuviper.mx\/tienda\/#website\"},\"datePublished\":\"2026-04-22T06:38:19+00:00\",\"dateModified\":\"2026-04-22T06:38:19+00:00\",\"description\":\"Compra Gsw2 Lector De Codigos De Barras \/ Inalambrico \/ 2d \/ Led Rojo Y Blanco \/ Bluetooth \/ Usb \/ Base De Carga \/ Qr \/ Negro + Env\u00edo a domicilio + Pago seguro + Garant\u00eda\",\"breadcrumb\":{\"@id\":\"https:\/\/compuviper.mx\/tienda\/producto\/ghia-gsw2-lector-de-codigos-de-barras-inalambrico-2d-led-rojo-y-blanco-bluetooth-usb-base-de-carga-qr-negro\/#breadcrumb\"},\"inLanguage\":\"es-MX\",\"potentialAction\":[{\"@type\":\"ReadAction\",\"target\":[\"https:\/\/compuviper.mx\/tienda\/producto\/ghia-gsw2-lector-de-codigos-de-barras-inalambrico-2d-led-rojo-y-blanco-bluetooth-usb-base-de-carga-qr-negro\/\"]}]},{\"@type\":\"BreadcrumbList\",\"@id\":\"https:\/\/compuviper.mx\/tienda\/producto\/ghia-gsw2-lector-de-codigos-de-barras-inalambrico-2d-led-rojo-y-blanco-bluetooth-usb-base-de-carga-qr-negro\/#breadcrumb\",\"itemListElement\":[{\"@type\":\"ListItem\",\"position\":1,\"name\":\"Inicio\",\"item\":\"https:\/\/compuviper.mx\/tienda\/\"},{\"@type\":\"ListItem\",\"position\":2,\"name\":\"Productos\",\"item\":\"https:\/\/compuviper.mx\/tienda\/productos\/\"},{\"@type\":\"ListItem\",\"position\":3,\"name\":\"Lector De Codigos\",\"item\":\"https:\/\/compuviper.mx\/tienda\/categoria-producto\/lector-de-codigos\/\"},{\"@type\":\"ListItem\",\"position\":4,\"name\":\"Imager\",\"item\":\"https:\/\/compuviper.mx\/tienda\/categoria-producto\/lector-de-codigos\/imager\/\"},{\"@type\":\"ListItem\",\"position\":5,\"name\":\"Ghia Gsw2 Lector De Codigos De Barras \/ Inalambrico \/ 2d \/ Led Rojo Y Blanco \/ Bluetooth \/ Usb \/ Base De Carga \/ Qr \/ Negro\"}]},{\"@type\":\"WebSite\",\"@id\":\"https:\/\/compuviper.mx\/tienda\/#website\",\"url\":\"https:\/\/compuviper.mx\/tienda\/\",\"name\":\"Compuviper\",\"description\":\"Proveedor de Computadoras, Laptops, Servidores, Monitores, Puntos de Venta, Teclados,   Impresoras, T\u00f3ner, C\u00e1maras de Seguridad y m\u00e1s en tu tienda en l\u00ednea\",\"publisher\":{\"@id\":\"https:\/\/compuviper.mx\/tienda\/#organization\"},\"potentialAction\":[{\"@type\":\"SearchAction\",\"target\":{\"@type\":\"EntryPoint\",\"urlTemplate\":\"https:\/\/compuviper.mx\/tienda\/?s={search_term_string}\"},\"query-input\":\"required name=search_term_string\"}],\"inLanguage\":\"es-MX\"},{\"@type\":\"Organization\",\"@id\":\"https:\/\/compuviper.mx\/tienda\/#organization\",\"name\":\"Compuviper\",\"url\":\"https:\/\/compuviper.mx\/tienda\/\",\"logo\":{\"@type\":\"ImageObject\",\"inLanguage\":\"es-MX\",\"@id\":\"https:\/\/compuviper.mx\/tienda\/#\/schema\/logo\/image\/\",\"url\":\"https:\/\/compuviper.mx\/tienda\/wp-content\/uploads\/2021\/08\/Logo-Compuviper-10.png\",\"contentUrl\":\"https:\/\/compuviper.mx\/tienda\/wp-content\/uploads\/2021\/08\/Logo-Compuviper-10.png\",\"width\":1000,\"height\":500,\"caption\":\"Compuviper\"},\"image\":{\"@id\":\"https:\/\/compuviper.mx\/tienda\/#\/schema\/logo\/image\/\"},\"sameAs\":[\"https:\/\/www.facebook.com\/compuviper\",\"https:\/\/www.youtube.com\/channel\/UCf73dERp9Y3cfOq7q8BhLjA?view_as=subscriber\"]}]}<\/script>\n<meta property=\"product:brand\" content=\"GHIA\" \/>\n<meta property=\"product:price:amount\" content=\"1233\" \/>\n<meta property=\"product:price:currency\" content=\"MXN\" \/>\n<meta property=\"og:availability\" content=\"instock\" \/>\n<meta property=\"product:availability\" content=\"instock\" \/>\n<meta property=\"product:retailer_item_id\" content=\"GSW2\" \/>\n<meta property=\"product:condition\" content=\"new\" \/>\n<!-- \/ Yoast SEO plugin. -->","yoast_head_json":{"title":"[ Ghia ] &#129351; Gsw2 Lector De Codigos De Barras \/ Inalambrico \/ 2d \/ Led Rojo Y Blanco \/ Bluetooth \/ Usb \/ Base De Carga \/ Qr \/ Negro","description":"Compra Gsw2 Lector De Codigos De Barras \/ Inalambrico \/ 2d \/ Led Rojo Y Blanco \/ Bluetooth \/ Usb \/ Base De Carga \/ Qr \/ Negro + Env\u00edo a domicilio + Pago seguro + Garant\u00eda","robots":{"index":"index","follow":"follow","max-snippet":"max-snippet:-1","max-image-preview":"max-image-preview:large","max-video-preview":"max-video-preview:-1"},"canonical":"https:\/\/compuviper.mx\/tienda\/producto\/ghia-gsw2-lector-de-codigos-de-barras-inalambrico-2d-led-rojo-y-blanco-bluetooth-usb-base-de-carga-qr-negro\/","og_locale":"es_MX","og_type":"article","og_title":"[ Ghia ] &#129351; Gsw2 Lector De Codigos De Barras \/ Inalambrico \/ 2d \/ Led Rojo Y Blanco \/ Bluetooth \/ Usb \/ Base De Carga \/ Qr \/ Negro","og_description":"Compra Gsw2 Lector De Codigos De Barras \/ Inalambrico \/ 2d \/ Led Rojo Y Blanco \/ Bluetooth \/ Usb \/ Base De Carga \/ Qr \/ Negro + Env\u00edo a domicilio + Pago seguro + Garant\u00eda","og_url":"https:\/\/compuviper.mx\/tienda\/producto\/ghia-gsw2-lector-de-codigos-de-barras-inalambrico-2d-led-rojo-y-blanco-bluetooth-usb-base-de-carga-qr-negro\/","og_site_name":"Compuviper","article_publisher":"https:\/\/www.facebook.com\/compuviper","og_image":[{"width":200,"height":200,"url":"https:\/\/compuviper.mx\/tienda\/wp-content\/uploads\/2024\/03\/Lector-de-codigos-de-barras-ghia-2d-inalambrico-receptor-usb-bluetooth-base-de-carga-compatible-con-qr.jpg","type":"image\/jpeg"}],"twitter_card":"summary_large_image","twitter_misc":{"Precio":"&#36;1,271 &#36;1,233 con IVA","Availability":"In stock"},"schema":{"@context":"https:\/\/schema.org","@graph":[{"@type":"WebPage","@id":"https:\/\/compuviper.mx\/tienda\/producto\/ghia-gsw2-lector-de-codigos-de-barras-inalambrico-2d-led-rojo-y-blanco-bluetooth-usb-base-de-carga-qr-negro\/","url":"https:\/\/compuviper.mx\/tienda\/producto\/ghia-gsw2-lector-de-codigos-de-barras-inalambrico-2d-led-rojo-y-blanco-bluetooth-usb-base-de-carga-qr-negro\/","name":"[ Ghia ] &#129351; Gsw2 Lector De Codigos De Barras \/ Inalambrico \/ 2d \/ Led Rojo Y Blanco \/ Bluetooth \/ Usb \/ Base De Carga \/ Qr \/ Negro","isPartOf":{"@id":"https:\/\/compuviper.mx\/tienda\/#website"},"datePublished":"2026-04-22T06:38:19+00:00","dateModified":"2026-04-22T06:38:19+00:00","description":"Compra Gsw2 Lector De Codigos De Barras \/ Inalambrico \/ 2d \/ Led Rojo Y Blanco \/ Bluetooth \/ Usb \/ Base De Carga \/ Qr \/ Negro + Env\u00edo a domicilio + Pago seguro + Garant\u00eda","breadcrumb":{"@id":"https:\/\/compuviper.mx\/tienda\/producto\/ghia-gsw2-lector-de-codigos-de-barras-inalambrico-2d-led-rojo-y-blanco-bluetooth-usb-base-de-carga-qr-negro\/#breadcrumb"},"inLanguage":"es-MX","potentialAction":[{"@type":"ReadAction","target":["https:\/\/compuviper.mx\/tienda\/producto\/ghia-gsw2-lector-de-codigos-de-barras-inalambrico-2d-led-rojo-y-blanco-bluetooth-usb-base-de-carga-qr-negro\/"]}]},{"@type":"BreadcrumbList","@id":"https:\/\/compuviper.mx\/tienda\/producto\/ghia-gsw2-lector-de-codigos-de-barras-inalambrico-2d-led-rojo-y-blanco-bluetooth-usb-base-de-carga-qr-negro\/#breadcrumb","itemListElement":[{"@type":"ListItem","position":1,"name":"Inicio","item":"https:\/\/compuviper.mx\/tienda\/"},{"@type":"ListItem","position":2,"name":"Productos","item":"https:\/\/compuviper.mx\/tienda\/productos\/"},{"@type":"ListItem","position":3,"name":"Lector De Codigos","item":"https:\/\/compuviper.mx\/tienda\/categoria-producto\/lector-de-codigos\/"},{"@type":"ListItem","position":4,"name":"Imager","item":"https:\/\/compuviper.mx\/tienda\/categoria-producto\/lector-de-codigos\/imager\/"},{"@type":"ListItem","position":5,"name":"Ghia Gsw2 Lector De Codigos De Barras \/ Inalambrico \/ 2d \/ Led Rojo Y Blanco \/ Bluetooth \/ Usb \/ Base De Carga \/ Qr \/ Negro"}]},{"@type":"WebSite","@id":"https:\/\/compuviper.mx\/tienda\/#website","url":"https:\/\/compuviper.mx\/tienda\/","name":"Compuviper","description":"Proveedor de Computadoras, Laptops, Servidores, Monitores, Puntos de Venta, Teclados,   Impresoras, T\u00f3ner, C\u00e1maras de Seguridad y m\u00e1s en tu tienda en l\u00ednea","publisher":{"@id":"https:\/\/compuviper.mx\/tienda\/#organization"},"potentialAction":[{"@type":"SearchAction","target":{"@type":"EntryPoint","urlTemplate":"https:\/\/compuviper.mx\/tienda\/?s={search_term_string}"},"query-input":"required name=search_term_string"}],"inLanguage":"es-MX"},{"@type":"Organization","@id":"https:\/\/compuviper.mx\/tienda\/#organization","name":"Compuviper","url":"https:\/\/compuviper.mx\/tienda\/","logo":{"@type":"ImageObject","inLanguage":"es-MX","@id":"https:\/\/compuviper.mx\/tienda\/#\/schema\/logo\/image\/","url":"https:\/\/compuviper.mx\/tienda\/wp-content\/uploads\/2021\/08\/Logo-Compuviper-10.png","contentUrl":"https:\/\/compuviper.mx\/tienda\/wp-content\/uploads\/2021\/08\/Logo-Compuviper-10.png","width":1000,"height":500,"caption":"Compuviper"},"image":{"@id":"https:\/\/compuviper.mx\/tienda\/#\/schema\/logo\/image\/"},"sameAs":["https:\/\/www.facebook.com\/compuviper","https:\/\/www.youtube.com\/channel\/UCf73dERp9Y3cfOq7q8BhLjA?view_as=subscriber"]}]},"product_brand":"GHIA","product_price_amount":"1233","product_price_currency":"MXN","og_availability":"instock","product_availability":"instock","product_retailer_item_id":"GSW2","product_condition":"new"},"_links":{"self":[{"href":"https:\/\/compuviper.mx\/tienda\/wp-json\/wp\/v2\/product\/231875"}],"collection":[{"href":"https:\/\/compuviper.mx\/tienda\/wp-json\/wp\/v2\/product"}],"about":[{"href":"https:\/\/compuviper.mx\/tienda\/wp-json\/wp\/v2\/types\/product"}],"replies":[{"embeddable":true,"href":"https:\/\/compuviper.mx\/tienda\/wp-json\/wp\/v2\/comments?post=231875"}],"wp:featuredmedia":[{"embeddable":true,"href":"https:\/\/compuviper.mx\/tienda\/wp-json\/wp\/v2\/media\/231876"}],"wp:attachment":[{"href":"https:\/\/compuviper.mx\/tienda\/wp-json\/wp\/v2\/media?parent=231875"}],"wp:term":[{"taxonomy":"product_cat","embeddable":true,"href":"https:\/\/compuviper.mx\/tienda\/wp-json\/wp\/v2\/product_cat?post=231875"},{"taxonomy":"product_tag","embeddable":true,"href":"https:\/\/compuviper.mx\/tienda\/wp-json\/wp\/v2\/product_tag?post=231875"}],"curies":[{"name":"wp","href":"https:\/\/api.w.org\/{rel}","templated":true}]}}