{"id":231868,"date":"2026-04-10T01:54:04","date_gmt":"2026-04-10T07:54:04","guid":{"rendered":"https:\/\/compuviper.mx\/tienda\/producto\/hewlett-packard-enterprise-p66781-b21-hpe-servidor-proliant-dl385-gen11-9124-3-0ghz-16-core-1p-32gb-r-8sff-800w-ps\/"},"modified":"2026-04-10T01:54:04","modified_gmt":"2026-04-10T07:54:04","slug":"hewlett-packard-enterprise-p66781-b21-hpe-servidor-proliant-dl385-gen11-amd-epyc-9124-3-0ghz-16-core-1p-32gb-r-8sff-800w-ps","status":"publish","type":"product","link":"https:\/\/compuviper.mx\/tienda\/producto\/hewlett-packard-enterprise-p66781-b21-hpe-servidor-proliant-dl385-gen11-amd-epyc-9124-3-0ghz-16-core-1p-32gb-r-8sff-800w-ps\/","title":{"rendered":"Hewlett Packard Enterprise P66781-b21 Hpe Servidor Proliant Dl385 Gen11 Amd Epyc 9124 3.0ghz 16-core 1p 32gb-r 8sff 800w Ps"},"content":{"rendered":"<table class=\"descripcion\">\n<tr>\n<td>N\u00famero de procesador<\/td>\n<\/tr>\n<tr>\n<td>Hasta 2<\/td>\n<\/tr>\n<tr>\n<td>N\u00facleo de la err.<\/td>\n<\/tr>\n<tr>\n<td>Hasta 128, en funci\u00f3n del procesador<\/td>\n<\/tr>\n<tr>\n<td>Cach\u00e9 de procesador<\/td>\n<\/tr>\n<tr>\n<td>64, 128, 256, 384 o 1152 mb de cach\u00e9 l3, seg\u00fan el modelo procesador<\/td>\n<\/tr>\n<tr>\n<td>Velocidad delrquico<\/td>\n<\/tr>\n<tr>\n<td>M\u00e1ximo 4,4 ghz, seg\u00fan el procesador<\/td>\n<\/tr>\n<tr>\n<td>Tipo de fuente de alimentaci\u00f3n<\/td>\n<\/tr>\n<tr>\n<td>2 fuentes de alimentaci\u00f3n de ranura flexible m\u00e1ximo<\/td>\n<\/tr>\n<tr>\n<td>Seg\u00fan el modelo<\/td>\n<\/tr>\n<tr>\n<td>Ranuras de expansi\u00f3n<\/td>\n<\/tr>\n<tr>\n<td>8 m\u00e1ximo<\/td>\n<\/tr>\n<tr>\n<td>Para obtener una descripci\u00f3n detallada, consulta las espec.es<\/td>\n<\/tr>\n<tr>\n<td>Tipo de memoria<\/td>\n<\/tr>\n<tr>\n<td>Hpe smart memory ddr5<\/td>\n<\/tr>\n<tr>\n<td>Controlador de rojo<\/td>\n<\/tr>\n<tr>\n<td>Posibilidad de ocp m\u00e1s soporte, seg\u00fan el modelo<\/td>\n<\/tr>\n<tr>\n<td>Controlador de almacenamiento<\/td>\n<\/tr>\n<tr>\n<td>Controladores de triple hpe, consulta las espec. r\u00e1pidas para m\u00e1s informaci\u00f3n<\/td>\n<\/tr>\n<tr>\n<td>Medidas del producto (imperial)<\/td>\n<\/tr>\n<tr>\n<td>23.62 x 36,13 x 10.63 en<\/td>\n<\/tr>\n<tr>\n<td>Peso<\/td>\n<\/tr>\n<tr>\n<td>94.4 lb<\/td>\n<\/tr>\n<tr>\n<td>Administraci\u00f3n de infraestructura<\/td>\n<\/tr>\n<tr>\n<td>Hpe ilo standard con aprovisionamiento inteligente (integrado), hpe oneview standard (requiere descarga)<\/td>\n<\/tr>\n<tr>\n<td>Hpe ilo advanced, edici\u00f3n de seguridad hpe ilo advanced premium y hpe oneview advanced (requieren licencias) software compute ops management<\/td>\n<\/tr>\n<tr>\n<td>Garant\u00eda<\/td>\n<\/tr>\n<tr>\n<td>3\/3\/3: la garant\u00eda del servidor incluye tres a\u00f1os de garant\u00eda en piezas, tres a\u00f1os de mano de obra y tres a\u00f1os de cobertura de soporte a domicilio. la informaci\u00f3n adicional referente al t\u00e9cnico y a la garant\u00eda limitada en todo el mundo est\u00e1 disponible en: https:\/\/support.hpe.com\/hpsc\/wc\/public\/home. coberturas adicionales de servicio y soporte t\u00e9cnico de hpe para los productos que pueden adquirirse en cada pa\u00eds o regi\u00f3n. para obtener informaci\u00f3n sobre la disponibilidad de actualizaciones del servicio y su coste, consulta el sitio web de hpe en https:\/\/www.hpe.com\/support.<\/td>\n<\/tr>\n<tr>\n<td>C\u00f3digo unspsc<\/td>\n<\/tr>\n<tr>\n<td>43211501<\/td>\n<\/tr>\n<\/table>\n","protected":false},"excerpt":{"rendered":"<p>El servidor hpe proliant dl385 gen11 es una soluci\u00f3n 2u 2p que ofrece un rendimiento excepcional de c\u00f3mputo, velocidad de transferencia de datos de alta velocidad y profundidad de memoria con capacidad de computaci\u00f3n 2p. Con procesadores amd epyctm de la serie 9004 de 4.A generaci\u00f3n con hasta 128 n\u00facleos, ancho de banda de memoria y capacidad incrementadas, pcie gen5 e\/s de gran velocidad, compatibilidad con gpuda mejorada y almacenamiento edsff, el servidor hpe proliant dl385 gen11 es un magn\u00edfica soluci\u00f3n 2u 2pop optimizada a aceleradores. Las funciones de seguridad mejoradas con la ra\u00edz de confianza de silicio de hpe se imprime en el firmware, creando una huella digital para que el procesador seguro de amd valide el funcionamiento seguro antes del arranque. El servidor hpe proliant dl385 gen11 es una excelente opci\u00f3n para cargas de trabajo exigentes en la computaci\u00f3n y almacenamiento de datos que se requiere un n\u00famero mayor de n\u00facleos, almacenamiento y escalabilidad e\/s.<\/p>\n","protected":false},"featured_media":234550,"comment_status":"open","ping_status":"open","template":"","meta":[],"product_cat":[1809,1808],"product_tag":[1568],"acf":[],"yoast_head":"<!-- This site is optimized with the Yoast SEO plugin v21.7 - https:\/\/yoast.com\/wordpress\/plugins\/seo\/ -->\n<title>[ Hewlett Packard Enterprise ] &#129351; P66781-b21 Hpe Servidor Proliant Dl385 Gen11 Amd Epyc 9124 3.0ghz 16-core 1p 32gb-r 8sff 800w Ps<\/title>\n<meta name=\"description\" content=\"Compra P66781-b21 Hpe Servidor Proliant Dl385 Gen11 Amd Epyc 9124 3.0ghz 16-core 1p 32gb-r 8sff 800w Ps + Env\u00edo a domicilio + Pago seguro + Garant\u00eda\" \/>\n<meta name=\"robots\" content=\"index, follow, max-snippet:-1, max-image-preview:large, max-video-preview:-1\" \/>\n<link rel=\"canonical\" href=\"https:\/\/compuviper.mx\/tienda\/producto\/hewlett-packard-enterprise-p66781-b21-hpe-servidor-proliant-dl385-gen11-amd-epyc-9124-3-0ghz-16-core-1p-32gb-r-8sff-800w-ps\/\" \/>\n<meta property=\"og:locale\" content=\"es_MX\" \/>\n<meta property=\"og:type\" content=\"article\" \/>\n<meta property=\"og:title\" content=\"[ Hewlett Packard Enterprise ] &#129351; P66781-b21 Hpe Servidor Proliant Dl385 Gen11 Amd Epyc 9124 3.0ghz 16-core 1p 32gb-r 8sff 800w Ps\" \/>\n<meta property=\"og:description\" content=\"Compra P66781-b21 Hpe Servidor Proliant Dl385 Gen11 Amd Epyc 9124 3.0ghz 16-core 1p 32gb-r 8sff 800w Ps + Env\u00edo a domicilio + Pago seguro + Garant\u00eda\" \/>\n<meta property=\"og:url\" content=\"https:\/\/compuviper.mx\/tienda\/producto\/hewlett-packard-enterprise-p66781-b21-hpe-servidor-proliant-dl385-gen11-amd-epyc-9124-3-0ghz-16-core-1p-32gb-r-8sff-800w-ps\/\" \/>\n<meta property=\"og:site_name\" content=\"Compuviper\" \/>\n<meta property=\"article:publisher\" content=\"https:\/\/www.facebook.com\/compuviper\" \/>\n<meta property=\"og:image\" content=\"https:\/\/compuviper.mx\/tienda\/wp-content\/uploads\/2024\/05\/Hpe-servidor-proliant-dl385-gen11-9124-3.0ghz-16-core-1p-32gb-r-8sff-800w-ps.jpg\" \/>\n\t<meta property=\"og:image:width\" content=\"200\" \/>\n\t<meta property=\"og:image:height\" content=\"200\" \/>\n\t<meta property=\"og:image:type\" content=\"image\/jpeg\" \/>\n<meta name=\"twitter:card\" content=\"summary_large_image\" \/>\n<meta name=\"twitter:label1\" content=\"Precio\" \/>\n\t<meta name=\"twitter:data1\" content=\"&#36;117,938 con IVA\" \/>\n\t<meta name=\"twitter:label2\" content=\"Availability\" \/>\n\t<meta name=\"twitter:data2\" content=\"On backorder\" \/>\n<script type=\"application\/ld+json\" class=\"yoast-schema-graph\">{\"@context\":\"https:\/\/schema.org\",\"@graph\":[{\"@type\":\"WebPage\",\"@id\":\"https:\/\/compuviper.mx\/tienda\/producto\/hewlett-packard-enterprise-p66781-b21-hpe-servidor-proliant-dl385-gen11-amd-epyc-9124-3-0ghz-16-core-1p-32gb-r-8sff-800w-ps\/\",\"url\":\"https:\/\/compuviper.mx\/tienda\/producto\/hewlett-packard-enterprise-p66781-b21-hpe-servidor-proliant-dl385-gen11-amd-epyc-9124-3-0ghz-16-core-1p-32gb-r-8sff-800w-ps\/\",\"name\":\"[ Hewlett Packard Enterprise ] &#129351; P66781-b21 Hpe Servidor Proliant Dl385 Gen11 Amd Epyc 9124 3.0ghz 16-core 1p 32gb-r 8sff 800w Ps\",\"isPartOf\":{\"@id\":\"https:\/\/compuviper.mx\/tienda\/#website\"},\"datePublished\":\"2026-04-10T07:54:04+00:00\",\"dateModified\":\"2026-04-10T07:54:04+00:00\",\"description\":\"Compra P66781-b21 Hpe Servidor Proliant Dl385 Gen11 Amd Epyc 9124 3.0ghz 16-core 1p 32gb-r 8sff 800w Ps + Env\u00edo a domicilio + Pago seguro + Garant\u00eda\",\"breadcrumb\":{\"@id\":\"https:\/\/compuviper.mx\/tienda\/producto\/hewlett-packard-enterprise-p66781-b21-hpe-servidor-proliant-dl385-gen11-amd-epyc-9124-3-0ghz-16-core-1p-32gb-r-8sff-800w-ps\/#breadcrumb\"},\"inLanguage\":\"es-MX\",\"potentialAction\":[{\"@type\":\"ReadAction\",\"target\":[\"https:\/\/compuviper.mx\/tienda\/producto\/hewlett-packard-enterprise-p66781-b21-hpe-servidor-proliant-dl385-gen11-amd-epyc-9124-3-0ghz-16-core-1p-32gb-r-8sff-800w-ps\/\"]}]},{\"@type\":\"BreadcrumbList\",\"@id\":\"https:\/\/compuviper.mx\/tienda\/producto\/hewlett-packard-enterprise-p66781-b21-hpe-servidor-proliant-dl385-gen11-amd-epyc-9124-3-0ghz-16-core-1p-32gb-r-8sff-800w-ps\/#breadcrumb\",\"itemListElement\":[{\"@type\":\"ListItem\",\"position\":1,\"name\":\"Inicio\",\"item\":\"https:\/\/compuviper.mx\/tienda\/\"},{\"@type\":\"ListItem\",\"position\":2,\"name\":\"Productos\",\"item\":\"https:\/\/compuviper.mx\/tienda\/productos\/\"},{\"@type\":\"ListItem\",\"position\":3,\"name\":\"Servidores\",\"item\":\"https:\/\/compuviper.mx\/tienda\/categoria-producto\/servidores-2\/\"},{\"@type\":\"ListItem\",\"position\":4,\"name\":\"Rack (dl)\",\"item\":\"https:\/\/compuviper.mx\/tienda\/categoria-producto\/servidores-2\/rack-dl\/\"},{\"@type\":\"ListItem\",\"position\":5,\"name\":\"Hewlett Packard Enterprise P66781-b21 Hpe Servidor Proliant Dl385 Gen11 Amd Epyc 9124 3.0ghz 16-core 1p 32gb-r 8sff 800w Ps\"}]},{\"@type\":\"WebSite\",\"@id\":\"https:\/\/compuviper.mx\/tienda\/#website\",\"url\":\"https:\/\/compuviper.mx\/tienda\/\",\"name\":\"Compuviper\",\"description\":\"Proveedor de Computadoras, Laptops, Servidores, Monitores, Puntos de Venta, Teclados,   Impresoras, T\u00f3ner, C\u00e1maras de Seguridad y m\u00e1s en tu tienda en l\u00ednea\",\"publisher\":{\"@id\":\"https:\/\/compuviper.mx\/tienda\/#organization\"},\"potentialAction\":[{\"@type\":\"SearchAction\",\"target\":{\"@type\":\"EntryPoint\",\"urlTemplate\":\"https:\/\/compuviper.mx\/tienda\/?s={search_term_string}\"},\"query-input\":\"required name=search_term_string\"}],\"inLanguage\":\"es-MX\"},{\"@type\":\"Organization\",\"@id\":\"https:\/\/compuviper.mx\/tienda\/#organization\",\"name\":\"Compuviper\",\"url\":\"https:\/\/compuviper.mx\/tienda\/\",\"logo\":{\"@type\":\"ImageObject\",\"inLanguage\":\"es-MX\",\"@id\":\"https:\/\/compuviper.mx\/tienda\/#\/schema\/logo\/image\/\",\"url\":\"https:\/\/compuviper.mx\/tienda\/wp-content\/uploads\/2021\/08\/Logo-Compuviper-10.png\",\"contentUrl\":\"https:\/\/compuviper.mx\/tienda\/wp-content\/uploads\/2021\/08\/Logo-Compuviper-10.png\",\"width\":1000,\"height\":500,\"caption\":\"Compuviper\"},\"image\":{\"@id\":\"https:\/\/compuviper.mx\/tienda\/#\/schema\/logo\/image\/\"},\"sameAs\":[\"https:\/\/www.facebook.com\/compuviper\",\"https:\/\/www.youtube.com\/channel\/UCf73dERp9Y3cfOq7q8BhLjA?view_as=subscriber\"]}]}<\/script>\n<meta property=\"product:brand\" content=\"HEWLETT PACKARD ENTERPRISE\" \/>\n<meta property=\"product:price:amount\" content=\"117938\" \/>\n<meta property=\"product:price:currency\" content=\"MXN\" \/>\n<meta property=\"og:availability\" content=\"backorder\" \/>\n<meta property=\"product:availability\" content=\"available for order\" \/>\n<meta property=\"product:retailer_item_id\" content=\"P66781-B21\" \/>\n<meta property=\"product:condition\" content=\"new\" \/>\n<!-- \/ Yoast SEO plugin. -->","yoast_head_json":{"title":"[ Hewlett Packard Enterprise ] &#129351; P66781-b21 Hpe Servidor Proliant Dl385 Gen11 Amd Epyc 9124 3.0ghz 16-core 1p 32gb-r 8sff 800w Ps","description":"Compra P66781-b21 Hpe Servidor Proliant Dl385 Gen11 Amd Epyc 9124 3.0ghz 16-core 1p 32gb-r 8sff 800w Ps + Env\u00edo a domicilio + Pago seguro + Garant\u00eda","robots":{"index":"index","follow":"follow","max-snippet":"max-snippet:-1","max-image-preview":"max-image-preview:large","max-video-preview":"max-video-preview:-1"},"canonical":"https:\/\/compuviper.mx\/tienda\/producto\/hewlett-packard-enterprise-p66781-b21-hpe-servidor-proliant-dl385-gen11-amd-epyc-9124-3-0ghz-16-core-1p-32gb-r-8sff-800w-ps\/","og_locale":"es_MX","og_type":"article","og_title":"[ Hewlett Packard Enterprise ] &#129351; P66781-b21 Hpe Servidor Proliant Dl385 Gen11 Amd Epyc 9124 3.0ghz 16-core 1p 32gb-r 8sff 800w Ps","og_description":"Compra P66781-b21 Hpe Servidor Proliant Dl385 Gen11 Amd Epyc 9124 3.0ghz 16-core 1p 32gb-r 8sff 800w Ps + Env\u00edo a domicilio + Pago seguro + Garant\u00eda","og_url":"https:\/\/compuviper.mx\/tienda\/producto\/hewlett-packard-enterprise-p66781-b21-hpe-servidor-proliant-dl385-gen11-amd-epyc-9124-3-0ghz-16-core-1p-32gb-r-8sff-800w-ps\/","og_site_name":"Compuviper","article_publisher":"https:\/\/www.facebook.com\/compuviper","og_image":[{"width":200,"height":200,"url":"https:\/\/compuviper.mx\/tienda\/wp-content\/uploads\/2024\/05\/Hpe-servidor-proliant-dl385-gen11-9124-3.0ghz-16-core-1p-32gb-r-8sff-800w-ps.jpg","type":"image\/jpeg"}],"twitter_card":"summary_large_image","twitter_misc":{"Precio":"&#36;117,938 con IVA","Availability":"On backorder"},"schema":{"@context":"https:\/\/schema.org","@graph":[{"@type":"WebPage","@id":"https:\/\/compuviper.mx\/tienda\/producto\/hewlett-packard-enterprise-p66781-b21-hpe-servidor-proliant-dl385-gen11-amd-epyc-9124-3-0ghz-16-core-1p-32gb-r-8sff-800w-ps\/","url":"https:\/\/compuviper.mx\/tienda\/producto\/hewlett-packard-enterprise-p66781-b21-hpe-servidor-proliant-dl385-gen11-amd-epyc-9124-3-0ghz-16-core-1p-32gb-r-8sff-800w-ps\/","name":"[ Hewlett Packard Enterprise ] &#129351; P66781-b21 Hpe Servidor Proliant Dl385 Gen11 Amd Epyc 9124 3.0ghz 16-core 1p 32gb-r 8sff 800w Ps","isPartOf":{"@id":"https:\/\/compuviper.mx\/tienda\/#website"},"datePublished":"2026-04-10T07:54:04+00:00","dateModified":"2026-04-10T07:54:04+00:00","description":"Compra P66781-b21 Hpe Servidor Proliant Dl385 Gen11 Amd Epyc 9124 3.0ghz 16-core 1p 32gb-r 8sff 800w Ps + Env\u00edo a domicilio + Pago seguro + Garant\u00eda","breadcrumb":{"@id":"https:\/\/compuviper.mx\/tienda\/producto\/hewlett-packard-enterprise-p66781-b21-hpe-servidor-proliant-dl385-gen11-amd-epyc-9124-3-0ghz-16-core-1p-32gb-r-8sff-800w-ps\/#breadcrumb"},"inLanguage":"es-MX","potentialAction":[{"@type":"ReadAction","target":["https:\/\/compuviper.mx\/tienda\/producto\/hewlett-packard-enterprise-p66781-b21-hpe-servidor-proliant-dl385-gen11-amd-epyc-9124-3-0ghz-16-core-1p-32gb-r-8sff-800w-ps\/"]}]},{"@type":"BreadcrumbList","@id":"https:\/\/compuviper.mx\/tienda\/producto\/hewlett-packard-enterprise-p66781-b21-hpe-servidor-proliant-dl385-gen11-amd-epyc-9124-3-0ghz-16-core-1p-32gb-r-8sff-800w-ps\/#breadcrumb","itemListElement":[{"@type":"ListItem","position":1,"name":"Inicio","item":"https:\/\/compuviper.mx\/tienda\/"},{"@type":"ListItem","position":2,"name":"Productos","item":"https:\/\/compuviper.mx\/tienda\/productos\/"},{"@type":"ListItem","position":3,"name":"Servidores","item":"https:\/\/compuviper.mx\/tienda\/categoria-producto\/servidores-2\/"},{"@type":"ListItem","position":4,"name":"Rack (dl)","item":"https:\/\/compuviper.mx\/tienda\/categoria-producto\/servidores-2\/rack-dl\/"},{"@type":"ListItem","position":5,"name":"Hewlett Packard Enterprise P66781-b21 Hpe Servidor Proliant Dl385 Gen11 Amd Epyc 9124 3.0ghz 16-core 1p 32gb-r 8sff 800w Ps"}]},{"@type":"WebSite","@id":"https:\/\/compuviper.mx\/tienda\/#website","url":"https:\/\/compuviper.mx\/tienda\/","name":"Compuviper","description":"Proveedor de Computadoras, Laptops, Servidores, Monitores, Puntos de Venta, Teclados,   Impresoras, T\u00f3ner, C\u00e1maras de Seguridad y m\u00e1s en tu tienda en l\u00ednea","publisher":{"@id":"https:\/\/compuviper.mx\/tienda\/#organization"},"potentialAction":[{"@type":"SearchAction","target":{"@type":"EntryPoint","urlTemplate":"https:\/\/compuviper.mx\/tienda\/?s={search_term_string}"},"query-input":"required name=search_term_string"}],"inLanguage":"es-MX"},{"@type":"Organization","@id":"https:\/\/compuviper.mx\/tienda\/#organization","name":"Compuviper","url":"https:\/\/compuviper.mx\/tienda\/","logo":{"@type":"ImageObject","inLanguage":"es-MX","@id":"https:\/\/compuviper.mx\/tienda\/#\/schema\/logo\/image\/","url":"https:\/\/compuviper.mx\/tienda\/wp-content\/uploads\/2021\/08\/Logo-Compuviper-10.png","contentUrl":"https:\/\/compuviper.mx\/tienda\/wp-content\/uploads\/2021\/08\/Logo-Compuviper-10.png","width":1000,"height":500,"caption":"Compuviper"},"image":{"@id":"https:\/\/compuviper.mx\/tienda\/#\/schema\/logo\/image\/"},"sameAs":["https:\/\/www.facebook.com\/compuviper","https:\/\/www.youtube.com\/channel\/UCf73dERp9Y3cfOq7q8BhLjA?view_as=subscriber"]}]},"product_brand":"HEWLETT PACKARD ENTERPRISE","product_price_amount":"117938","product_price_currency":"MXN","og_availability":"backorder","product_availability":"available for order","product_retailer_item_id":"P66781-B21","product_condition":"new"},"_links":{"self":[{"href":"https:\/\/compuviper.mx\/tienda\/wp-json\/wp\/v2\/product\/231868"}],"collection":[{"href":"https:\/\/compuviper.mx\/tienda\/wp-json\/wp\/v2\/product"}],"about":[{"href":"https:\/\/compuviper.mx\/tienda\/wp-json\/wp\/v2\/types\/product"}],"replies":[{"embeddable":true,"href":"https:\/\/compuviper.mx\/tienda\/wp-json\/wp\/v2\/comments?post=231868"}],"wp:featuredmedia":[{"embeddable":true,"href":"https:\/\/compuviper.mx\/tienda\/wp-json\/wp\/v2\/media\/234550"}],"wp:attachment":[{"href":"https:\/\/compuviper.mx\/tienda\/wp-json\/wp\/v2\/media?parent=231868"}],"wp:term":[{"taxonomy":"product_cat","embeddable":true,"href":"https:\/\/compuviper.mx\/tienda\/wp-json\/wp\/v2\/product_cat?post=231868"},{"taxonomy":"product_tag","embeddable":true,"href":"https:\/\/compuviper.mx\/tienda\/wp-json\/wp\/v2\/product_tag?post=231868"}],"curies":[{"name":"wp","href":"https:\/\/api.w.org\/{rel}","templated":true}]}}