{"id":231443,"date":"2026-04-01T23:30:44","date_gmt":"2026-04-02T05:30:44","guid":{"rendered":"https:\/\/compuviper.mx\/tienda\/producto\/startech-com-cabshelf1u10-charola-estante-de-1u-para-gabinete-rack-de-servidores-de-10-pulgadas-de-profundidad-mod\/"},"modified":"2026-04-01T23:30:45","modified_gmt":"2026-04-02T05:30:45","slug":"startech-com-cabshelf1u10-charola-estante-de-1u-para-gabinete-rack-de-servidores-de-10-pulgadas-de-profundidad-mod","status":"publish","type":"product","link":"https:\/\/compuviper.mx\/tienda\/producto\/startech-com-cabshelf1u10-charola-estante-de-1u-para-gabinete-rack-de-servidores-de-10-pulgadas-de-profundidad-mod\/","title":{"rendered":"Startech.com Cabshelf1u10 Charola Estante De 1u Para Gabinete Rack De Servidores &#8211; De 10 Pulgadas De Profundidad &#8211;  Mod."},"content":{"rendered":"<table class=\"descripcion\">\n<tr>\n<td>Hardware<\/td>\n<\/tr>\n<tr>\n<td>Gestion de cables : no<\/td>\n<\/tr>\n<tr>\n<td>Tipo de marco : acero<\/td>\n<\/tr>\n<tr>\n<td>Observaciones \/ requisitos<\/td>\n<\/tr>\n<tr>\n<td>Nota : incluye 4x arandelas encopadas en c<\/td>\n<\/tr>\n<tr>\n<td>Rendimiento<\/td>\n<\/tr>\n<tr>\n<td>Capacidad de carga estacionario : 20 kg<\/td>\n<\/tr>\n<tr>\n<td>Hardware<\/td>\n<\/tr>\n<tr>\n<td>Estandares industriales : eia\/eca-310-e<\/td>\n<\/tr>\n<tr>\n<td>Altura u : 1u<\/td>\n<\/tr>\n<tr>\n<td>Contenido de la caja<\/td>\n<\/tr>\n<tr>\n<td>Incluido en la caja : tuercas enjauladas m6<\/td>\n<\/tr>\n<tr>\n<td>Incluido en la caja : tornillos m6<\/td>\n<\/tr>\n<tr>\n<td>Incluido en la caja : estante 1u fijo<\/td>\n<\/tr>\n<tr>\n<td>Caracteristicas fisicas<\/td>\n<\/tr>\n<tr>\n<td>Tipo de gabinete : acero<\/td>\n<\/tr>\n<tr>\n<td>Peso del producto : 2 kg<\/td>\n<\/tr>\n<tr>\n<td>Longitud del producto : 25 cm<\/td>\n<\/tr>\n<tr>\n<td>Color : negro<\/td>\n<\/tr>\n<tr>\n<td>Ancho interno : 436 mm<\/td>\n<\/tr>\n<tr>\n<td>Ancho del producto : 44 cm<\/td>\n<\/tr>\n<tr>\n<td>Altura del producto : 4.3 cm<\/td>\n<\/tr>\n<\/table>\n","protected":false},"excerpt":{"rendered":"<p>Esta charola 1u para racks le permite agregar\u00a025cm de espacio plano de almacenamiento en cualquier rack o gabinete compatible con eia-310.\u00a0 el duradero estante de rack fijo tiene capacidad para un peso de 20kg de equipo y esta fabricado con tiras de acero laminadas en frio de categoria comercial spcc.  La charola voladiza 1u aprovecha de forma optima su espacio de trabajo, ya que permite el montaje de su equipo en un rack, en lugar de ocupar espacio en su escritorio o en el suelo. Resulta perfecto para entornos de trabajo tipo soho small office, home office, pequena empresa u oficina en casa, salas de servidores u otros lugares en que el espacio sea limitado. Puede instalar la charola 1u con aberturas de ventilacion en cualquier rack de cualquier altura, lo cual ofrece una superficie estable donde colocar su equipo que no sea para montaje en rack o donde almacenar sus herramientas. El modelo\u00a0cabshelf1u10 cuenta soporte tecnico gratuito de por vida.<\/p>\n","protected":false},"featured_media":231882,"comment_status":"open","ping_status":"open","template":"","meta":[],"product_cat":[1485,1488],"product_tag":[1590],"acf":[],"yoast_head":"<!-- This site is optimized with the Yoast SEO plugin v21.7 - https:\/\/yoast.com\/wordpress\/plugins\/seo\/ -->\n<title>[ Startech.com ] &#129351; Cabshelf1u10 Charola Estante De 1u Para Gabinete Rack De Servidores - De 10 Pulgadas De Profundidad - Mod.<\/title>\n<meta name=\"description\" content=\"Compra Cabshelf1u10 Charola Estante De 1u Para Gabinete Rack De Servidores - De 10 Pulgadas De Profundidad - Mod. + Env\u00edo a domicilio + Pago seguro + Garant\u00eda\" \/>\n<meta name=\"robots\" content=\"index, follow, max-snippet:-1, max-image-preview:large, max-video-preview:-1\" \/>\n<link rel=\"canonical\" href=\"https:\/\/compuviper.mx\/tienda\/producto\/startech-com-cabshelf1u10-charola-estante-de-1u-para-gabinete-rack-de-servidores-de-10-pulgadas-de-profundidad-mod\/\" \/>\n<meta property=\"og:locale\" content=\"es_MX\" \/>\n<meta property=\"og:type\" content=\"article\" \/>\n<meta property=\"og:title\" content=\"[ Startech.com ] &#129351; Cabshelf1u10 Charola Estante De 1u Para Gabinete Rack De Servidores - De 10 Pulgadas De Profundidad - Mod.\" \/>\n<meta property=\"og:description\" content=\"Compra Cabshelf1u10 Charola Estante De 1u Para Gabinete Rack De Servidores - De 10 Pulgadas De Profundidad - Mod. + Env\u00edo a domicilio + Pago seguro + Garant\u00eda\" \/>\n<meta property=\"og:url\" content=\"https:\/\/compuviper.mx\/tienda\/producto\/startech-com-cabshelf1u10-charola-estante-de-1u-para-gabinete-rack-de-servidores-de-10-pulgadas-de-profundidad-mod\/\" \/>\n<meta property=\"og:site_name\" content=\"Compuviper\" \/>\n<meta property=\"article:publisher\" content=\"https:\/\/www.facebook.com\/compuviper\" \/>\n<meta property=\"article:modified_time\" content=\"2026-04-02T05:30:45+00:00\" \/>\n<meta property=\"og:image\" content=\"https:\/\/compuviper.mx\/tienda\/wp-content\/uploads\/2024\/03\/Charola-estante-de-1u-para-gabinete-rack-de-servidores-de-10-pulgadas-de-profundidad-startech.com-mod.-cabshelf1u10.jpg\" \/>\n\t<meta property=\"og:image:width\" content=\"200\" \/>\n\t<meta property=\"og:image:height\" content=\"200\" \/>\n\t<meta property=\"og:image:type\" content=\"image\/jpeg\" \/>\n<meta name=\"twitter:card\" content=\"summary_large_image\" \/>\n<meta name=\"twitter:label1\" content=\"Precio\" \/>\n\t<meta name=\"twitter:data1\" content=\"&#36;838 con IVA\" \/>\n\t<meta name=\"twitter:label2\" content=\"Availability\" \/>\n\t<meta name=\"twitter:data2\" content=\"Out of stock\" \/>\n<script type=\"application\/ld+json\" class=\"yoast-schema-graph\">{\"@context\":\"https:\/\/schema.org\",\"@graph\":[{\"@type\":\"WebPage\",\"@id\":\"https:\/\/compuviper.mx\/tienda\/producto\/startech-com-cabshelf1u10-charola-estante-de-1u-para-gabinete-rack-de-servidores-de-10-pulgadas-de-profundidad-mod\/\",\"url\":\"https:\/\/compuviper.mx\/tienda\/producto\/startech-com-cabshelf1u10-charola-estante-de-1u-para-gabinete-rack-de-servidores-de-10-pulgadas-de-profundidad-mod\/\",\"name\":\"[ Startech.com ] &#129351; Cabshelf1u10 Charola Estante De 1u Para Gabinete Rack De Servidores - De 10 Pulgadas De Profundidad - Mod.\",\"isPartOf\":{\"@id\":\"https:\/\/compuviper.mx\/tienda\/#website\"},\"datePublished\":\"2026-04-02T05:30:44+00:00\",\"dateModified\":\"2026-04-02T05:30:45+00:00\",\"description\":\"Compra Cabshelf1u10 Charola Estante De 1u Para Gabinete Rack De Servidores - De 10 Pulgadas De Profundidad - Mod. + Env\u00edo a domicilio + Pago seguro + Garant\u00eda\",\"breadcrumb\":{\"@id\":\"https:\/\/compuviper.mx\/tienda\/producto\/startech-com-cabshelf1u10-charola-estante-de-1u-para-gabinete-rack-de-servidores-de-10-pulgadas-de-profundidad-mod\/#breadcrumb\"},\"inLanguage\":\"es-MX\",\"potentialAction\":[{\"@type\":\"ReadAction\",\"target\":[\"https:\/\/compuviper.mx\/tienda\/producto\/startech-com-cabshelf1u10-charola-estante-de-1u-para-gabinete-rack-de-servidores-de-10-pulgadas-de-profundidad-mod\/\"]}]},{\"@type\":\"BreadcrumbList\",\"@id\":\"https:\/\/compuviper.mx\/tienda\/producto\/startech-com-cabshelf1u10-charola-estante-de-1u-para-gabinete-rack-de-servidores-de-10-pulgadas-de-profundidad-mod\/#breadcrumb\",\"itemListElement\":[{\"@type\":\"ListItem\",\"position\":1,\"name\":\"Inicio\",\"item\":\"https:\/\/compuviper.mx\/tienda\/\"},{\"@type\":\"ListItem\",\"position\":2,\"name\":\"Productos\",\"item\":\"https:\/\/compuviper.mx\/tienda\/productos\/\"},{\"@type\":\"ListItem\",\"position\":3,\"name\":\"Accesorios\",\"item\":\"https:\/\/compuviper.mx\/tienda\/categoria-producto\/accesorios\/\"},{\"@type\":\"ListItem\",\"position\":4,\"name\":\"Rack\",\"item\":\"https:\/\/compuviper.mx\/tienda\/categoria-producto\/accesorios\/rack\/\"},{\"@type\":\"ListItem\",\"position\":5,\"name\":\"Startech.com Cabshelf1u10 Charola Estante De 1u Para Gabinete Rack De Servidores &#8211; De 10 Pulgadas De Profundidad &#8211; Mod.\"}]},{\"@type\":\"WebSite\",\"@id\":\"https:\/\/compuviper.mx\/tienda\/#website\",\"url\":\"https:\/\/compuviper.mx\/tienda\/\",\"name\":\"Compuviper\",\"description\":\"Proveedor de Computadoras, Laptops, Servidores, Monitores, Puntos de Venta, Teclados,   Impresoras, T\u00f3ner, C\u00e1maras de Seguridad y m\u00e1s en tu tienda en l\u00ednea\",\"publisher\":{\"@id\":\"https:\/\/compuviper.mx\/tienda\/#organization\"},\"potentialAction\":[{\"@type\":\"SearchAction\",\"target\":{\"@type\":\"EntryPoint\",\"urlTemplate\":\"https:\/\/compuviper.mx\/tienda\/?s={search_term_string}\"},\"query-input\":\"required name=search_term_string\"}],\"inLanguage\":\"es-MX\"},{\"@type\":\"Organization\",\"@id\":\"https:\/\/compuviper.mx\/tienda\/#organization\",\"name\":\"Compuviper\",\"url\":\"https:\/\/compuviper.mx\/tienda\/\",\"logo\":{\"@type\":\"ImageObject\",\"inLanguage\":\"es-MX\",\"@id\":\"https:\/\/compuviper.mx\/tienda\/#\/schema\/logo\/image\/\",\"url\":\"https:\/\/compuviper.mx\/tienda\/wp-content\/uploads\/2021\/08\/Logo-Compuviper-10.png\",\"contentUrl\":\"https:\/\/compuviper.mx\/tienda\/wp-content\/uploads\/2021\/08\/Logo-Compuviper-10.png\",\"width\":1000,\"height\":500,\"caption\":\"Compuviper\"},\"image\":{\"@id\":\"https:\/\/compuviper.mx\/tienda\/#\/schema\/logo\/image\/\"},\"sameAs\":[\"https:\/\/www.facebook.com\/compuviper\",\"https:\/\/www.youtube.com\/channel\/UCf73dERp9Y3cfOq7q8BhLjA?view_as=subscriber\"]}]}<\/script>\n<meta property=\"product:brand\" content=\"STARTECH.COM\" \/>\n<meta property=\"product:price:amount\" content=\"838\" \/>\n<meta property=\"product:price:currency\" content=\"MXN\" \/>\n<meta property=\"og:availability\" content=\"out of stock\" \/>\n<meta property=\"product:availability\" content=\"out of stock\" \/>\n<meta property=\"product:retailer_item_id\" content=\"CABSHELF1U10\" \/>\n<meta property=\"product:condition\" content=\"new\" \/>\n<!-- \/ Yoast SEO plugin. -->","yoast_head_json":{"title":"[ Startech.com ] &#129351; Cabshelf1u10 Charola Estante De 1u Para Gabinete Rack De Servidores - De 10 Pulgadas De Profundidad - Mod.","description":"Compra Cabshelf1u10 Charola Estante De 1u Para Gabinete Rack De Servidores - De 10 Pulgadas De Profundidad - Mod. + Env\u00edo a domicilio + Pago seguro + Garant\u00eda","robots":{"index":"index","follow":"follow","max-snippet":"max-snippet:-1","max-image-preview":"max-image-preview:large","max-video-preview":"max-video-preview:-1"},"canonical":"https:\/\/compuviper.mx\/tienda\/producto\/startech-com-cabshelf1u10-charola-estante-de-1u-para-gabinete-rack-de-servidores-de-10-pulgadas-de-profundidad-mod\/","og_locale":"es_MX","og_type":"article","og_title":"[ Startech.com ] &#129351; Cabshelf1u10 Charola Estante De 1u Para Gabinete Rack De Servidores - De 10 Pulgadas De Profundidad - Mod.","og_description":"Compra Cabshelf1u10 Charola Estante De 1u Para Gabinete Rack De Servidores - De 10 Pulgadas De Profundidad - Mod. + Env\u00edo a domicilio + Pago seguro + Garant\u00eda","og_url":"https:\/\/compuviper.mx\/tienda\/producto\/startech-com-cabshelf1u10-charola-estante-de-1u-para-gabinete-rack-de-servidores-de-10-pulgadas-de-profundidad-mod\/","og_site_name":"Compuviper","article_publisher":"https:\/\/www.facebook.com\/compuviper","article_modified_time":"2026-04-02T05:30:45+00:00","og_image":[{"width":200,"height":200,"url":"https:\/\/compuviper.mx\/tienda\/wp-content\/uploads\/2024\/03\/Charola-estante-de-1u-para-gabinete-rack-de-servidores-de-10-pulgadas-de-profundidad-startech.com-mod.-cabshelf1u10.jpg","type":"image\/jpeg"}],"twitter_card":"summary_large_image","twitter_misc":{"Precio":"&#36;838 con IVA","Availability":"Out of stock"},"schema":{"@context":"https:\/\/schema.org","@graph":[{"@type":"WebPage","@id":"https:\/\/compuviper.mx\/tienda\/producto\/startech-com-cabshelf1u10-charola-estante-de-1u-para-gabinete-rack-de-servidores-de-10-pulgadas-de-profundidad-mod\/","url":"https:\/\/compuviper.mx\/tienda\/producto\/startech-com-cabshelf1u10-charola-estante-de-1u-para-gabinete-rack-de-servidores-de-10-pulgadas-de-profundidad-mod\/","name":"[ Startech.com ] &#129351; Cabshelf1u10 Charola Estante De 1u Para Gabinete Rack De Servidores - De 10 Pulgadas De Profundidad - Mod.","isPartOf":{"@id":"https:\/\/compuviper.mx\/tienda\/#website"},"datePublished":"2026-04-02T05:30:44+00:00","dateModified":"2026-04-02T05:30:45+00:00","description":"Compra Cabshelf1u10 Charola Estante De 1u Para Gabinete Rack De Servidores - De 10 Pulgadas De Profundidad - Mod. + Env\u00edo a domicilio + Pago seguro + Garant\u00eda","breadcrumb":{"@id":"https:\/\/compuviper.mx\/tienda\/producto\/startech-com-cabshelf1u10-charola-estante-de-1u-para-gabinete-rack-de-servidores-de-10-pulgadas-de-profundidad-mod\/#breadcrumb"},"inLanguage":"es-MX","potentialAction":[{"@type":"ReadAction","target":["https:\/\/compuviper.mx\/tienda\/producto\/startech-com-cabshelf1u10-charola-estante-de-1u-para-gabinete-rack-de-servidores-de-10-pulgadas-de-profundidad-mod\/"]}]},{"@type":"BreadcrumbList","@id":"https:\/\/compuviper.mx\/tienda\/producto\/startech-com-cabshelf1u10-charola-estante-de-1u-para-gabinete-rack-de-servidores-de-10-pulgadas-de-profundidad-mod\/#breadcrumb","itemListElement":[{"@type":"ListItem","position":1,"name":"Inicio","item":"https:\/\/compuviper.mx\/tienda\/"},{"@type":"ListItem","position":2,"name":"Productos","item":"https:\/\/compuviper.mx\/tienda\/productos\/"},{"@type":"ListItem","position":3,"name":"Accesorios","item":"https:\/\/compuviper.mx\/tienda\/categoria-producto\/accesorios\/"},{"@type":"ListItem","position":4,"name":"Rack","item":"https:\/\/compuviper.mx\/tienda\/categoria-producto\/accesorios\/rack\/"},{"@type":"ListItem","position":5,"name":"Startech.com Cabshelf1u10 Charola Estante De 1u Para Gabinete Rack De Servidores &#8211; De 10 Pulgadas De Profundidad &#8211; Mod."}]},{"@type":"WebSite","@id":"https:\/\/compuviper.mx\/tienda\/#website","url":"https:\/\/compuviper.mx\/tienda\/","name":"Compuviper","description":"Proveedor de Computadoras, Laptops, Servidores, Monitores, Puntos de Venta, Teclados,   Impresoras, T\u00f3ner, C\u00e1maras de Seguridad y m\u00e1s en tu tienda en l\u00ednea","publisher":{"@id":"https:\/\/compuviper.mx\/tienda\/#organization"},"potentialAction":[{"@type":"SearchAction","target":{"@type":"EntryPoint","urlTemplate":"https:\/\/compuviper.mx\/tienda\/?s={search_term_string}"},"query-input":"required name=search_term_string"}],"inLanguage":"es-MX"},{"@type":"Organization","@id":"https:\/\/compuviper.mx\/tienda\/#organization","name":"Compuviper","url":"https:\/\/compuviper.mx\/tienda\/","logo":{"@type":"ImageObject","inLanguage":"es-MX","@id":"https:\/\/compuviper.mx\/tienda\/#\/schema\/logo\/image\/","url":"https:\/\/compuviper.mx\/tienda\/wp-content\/uploads\/2021\/08\/Logo-Compuviper-10.png","contentUrl":"https:\/\/compuviper.mx\/tienda\/wp-content\/uploads\/2021\/08\/Logo-Compuviper-10.png","width":1000,"height":500,"caption":"Compuviper"},"image":{"@id":"https:\/\/compuviper.mx\/tienda\/#\/schema\/logo\/image\/"},"sameAs":["https:\/\/www.facebook.com\/compuviper","https:\/\/www.youtube.com\/channel\/UCf73dERp9Y3cfOq7q8BhLjA?view_as=subscriber"]}]},"product_brand":"STARTECH.COM","product_price_amount":"838","product_price_currency":"MXN","og_availability":"out of stock","product_availability":"out of stock","product_retailer_item_id":"CABSHELF1U10","product_condition":"new"},"_links":{"self":[{"href":"https:\/\/compuviper.mx\/tienda\/wp-json\/wp\/v2\/product\/231443"}],"collection":[{"href":"https:\/\/compuviper.mx\/tienda\/wp-json\/wp\/v2\/product"}],"about":[{"href":"https:\/\/compuviper.mx\/tienda\/wp-json\/wp\/v2\/types\/product"}],"replies":[{"embeddable":true,"href":"https:\/\/compuviper.mx\/tienda\/wp-json\/wp\/v2\/comments?post=231443"}],"wp:featuredmedia":[{"embeddable":true,"href":"https:\/\/compuviper.mx\/tienda\/wp-json\/wp\/v2\/media\/231882"}],"wp:attachment":[{"href":"https:\/\/compuviper.mx\/tienda\/wp-json\/wp\/v2\/media?parent=231443"}],"wp:term":[{"taxonomy":"product_cat","embeddable":true,"href":"https:\/\/compuviper.mx\/tienda\/wp-json\/wp\/v2\/product_cat?post=231443"},{"taxonomy":"product_tag","embeddable":true,"href":"https:\/\/compuviper.mx\/tienda\/wp-json\/wp\/v2\/product_tag?post=231443"}],"curies":[{"name":"wp","href":"https:\/\/api.w.org\/{rel}","templated":true}]}}