{"id":231392,"date":"2026-04-18T01:48:42","date_gmt":"2026-04-18T07:48:42","guid":{"rendered":"https:\/\/compuviper.mx\/tienda\/producto\/tech-zone-pos-tzpoimt01-miniprinter-techzone-termica-90-mm-vel-203-dpi-usb-rj11-compatible-macos-android-win-linux-1-ao-de-garantia\/"},"modified":"2026-04-18T01:48:42","modified_gmt":"2026-04-18T07:48:42","slug":"tech-zone-pos-tzpoimt01-miniprinter-techzone-termica-90-mm-vel-203-dpi-usb-rj11-compatible-macos-android-win-linux-1-ao-de-garantia","status":"publish","type":"product","link":"https:\/\/compuviper.mx\/tienda\/producto\/tech-zone-pos-tzpoimt01-miniprinter-techzone-termica-90-mm-vel-203-dpi-usb-rj11-compatible-macos-android-win-linux-1-ao-de-garantia\/","title":{"rendered":"Tech Zone Pos Tzpoimt01 Miniprinter Techzone , Termica, 90 Mm, Vel 203 Dpi Usb \/rj11, Compatible Macos, Android, Win Linux 1 A?o De Garantia"},"content":{"rendered":"<table class=\"descripcion\">\n<tr>\n<td>M\u00e9todo de impresi\u00f3n t\u00e9rmico directo<\/td>\n<\/tr>\n<tr>\n<td>Velocidad de impresi\u00f3n 90mm\/s<\/td>\n<\/tr>\n<tr>\n<td>Resoluci\u00f3n de impresi\u00f3n 203 dpi<\/td>\n<\/tr>\n<tr>\n<td>Rom \/ sram flash 4000 kb<\/td>\n<\/tr>\n<tr>\n<td>Interfaz (opcional) usb \/ rj11<\/td>\n<\/tr>\n<tr>\n<td>Interfaz (opcional) manual<\/td>\n<\/tr>\n<tr>\n<td>Tiempo de vida 50 km<\/td>\n<\/tr>\n<tr>\n<td>Compatibilidad macos\u00ae, android\u00ae, win<\/td>\n<\/tr>\n<tr>\n<td>Linux\u00ae<\/td>\n<\/tr>\n<tr>\n<td>Fuente y simbolog\u00eda<\/td>\n<\/tr>\n<tr>\n<td>Tipograf\u00eda fuente a: 12\u00d724<\/td>\n<\/tr>\n<tr>\n<td>Fuente b: 9\u00d717<\/td>\n<\/tr>\n<tr>\n<td>N\u00famero de columnas 32 l\u00edneas con la fuente tipo a,<\/td>\n<\/tr>\n<tr>\n<td>42 l\u00edneas con la fuente b<\/td>\n<\/tr>\n<tr>\n<td>Capacidad de columna 384 dots\/line<\/td>\n<\/tr>\n<tr>\n<td>Tipo de c\u00f3digos upc-a, upc-e, ean-13, ean-8,<\/td>\n<\/tr>\n<tr>\n<td>Code39, itf, codebar, code93,<\/td>\n<\/tr>\n<tr>\n<td>Code128, qr<\/td>\n<\/tr>\n<tr>\n<td>Interlineado 3.75 mm (puede ser ajustado por<\/td>\n<\/tr>\n<tr>\n<td>Comando)<\/td>\n<\/tr>\n<tr>\n<td>Buffer 128 kb<\/td>\n<\/tr>\n<tr>\n<td>Consumible<\/td>\n<\/tr>\n<tr>\n<td>Consumible papel t\u00e9rmico<\/td>\n<\/tr>\n<tr>\n<td>Ancho del papel 58 mm<\/td>\n<\/tr>\n<tr>\n<td>Grosor del papel 0.06-0.08 mm<\/td>\n<\/tr>\n<tr>\n<td>Controlador<\/td>\n<\/tr>\n<tr>\n<td>Comandos esc\/pos<\/td>\n<\/tr>\n<tr>\n<td>Caracter\u00edsticas el\u00e9ctricas<\/td>\n<\/tr>\n<tr>\n<td>Alimentaci\u00f3n entrada: 100 &#8211; 240v<\/td>\n<\/tr>\n<tr>\n<td>Salida: 9v \/ 2a<\/td>\n<\/tr>\n<tr>\n<td>Adaptador de corriente ac 100v\/ 240v, 50-60hz<\/td>\n<\/tr>\n<\/table>\n","protected":false},"excerpt":{"rendered":"<p>Es un equipo ideal para todo tipo de comercios ya que ocupa poco espacio se conecta por medio de usb y es compatibilidad windows, linux, macos, android, jpos. Puede leer hasta 9 versiones de codigos. Tiene sensor para dectectar la falta de papel<\/p>\n","protected":false},"featured_media":234469,"comment_status":"open","ping_status":"open","template":"","meta":[],"product_cat":[1777,1778],"product_tag":[2234],"acf":[],"yoast_head":"<!-- This site is optimized with the Yoast SEO plugin v21.7 - https:\/\/yoast.com\/wordpress\/plugins\/seo\/ -->\n<title>[ Tech Zone Pos ] &#129351; Tzpoimt01 Miniprinter Techzone , Termica, 90 Mm, Vel 203 Dpi Usb \/rj11, Compatible Macos, Android, Win Linux 1 A\u00f1o De Garantia<\/title>\n<meta name=\"description\" content=\"Compra Tzpoimt01 Miniprinter Techzone , Termica, 90 Mm, Vel 203 Dpi Usb \/rj11, Compatible Macos, Android, Win Linux 1 A\u00f1o De Garantia + Env\u00edo a domicilio + Pago seguro + Garant\u00eda\" \/>\n<meta name=\"robots\" content=\"index, follow, max-snippet:-1, max-image-preview:large, max-video-preview:-1\" \/>\n<link rel=\"canonical\" href=\"https:\/\/compuviper.mx\/tienda\/producto\/tech-zone-pos-tzpoimt01-miniprinter-techzone-termica-90-mm-vel-203-dpi-usb-rj11-compatible-macos-android-win-linux-1-ao-de-garantia\/\" \/>\n<meta property=\"og:locale\" content=\"es_MX\" \/>\n<meta property=\"og:type\" content=\"article\" \/>\n<meta property=\"og:title\" content=\"[ Tech Zone Pos ] &#129351; Tzpoimt01 Miniprinter Techzone , Termica, 90 Mm, Vel 203 Dpi Usb \/rj11, Compatible Macos, Android, Win Linux 1 A\u00f1o De Garantia\" \/>\n<meta property=\"og:description\" content=\"Compra Tzpoimt01 Miniprinter Techzone , Termica, 90 Mm, Vel 203 Dpi Usb \/rj11, Compatible Macos, Android, Win Linux 1 A\u00f1o De Garantia + Env\u00edo a domicilio + Pago seguro + Garant\u00eda\" \/>\n<meta property=\"og:url\" content=\"https:\/\/compuviper.mx\/tienda\/producto\/tech-zone-pos-tzpoimt01-miniprinter-techzone-termica-90-mm-vel-203-dpi-usb-rj11-compatible-macos-android-win-linux-1-ao-de-garantia\/\" \/>\n<meta property=\"og:site_name\" content=\"Compuviper\" \/>\n<meta property=\"article:publisher\" content=\"https:\/\/www.facebook.com\/compuviper\" \/>\n<meta property=\"og:image\" content=\"https:\/\/compuviper.mx\/tienda\/wp-content\/uploads\/2024\/05\/Miniprinter-techzone-tzpoimt01-termica-90-mm-vel-203-dpi-usb-rj11-compatible-macos\u00ae-android\u00ae-win-linux\u00ae-1-ano-de-garantia.jpg\" \/>\n\t<meta property=\"og:image:width\" content=\"200\" \/>\n\t<meta property=\"og:image:height\" content=\"200\" \/>\n\t<meta property=\"og:image:type\" content=\"image\/jpeg\" \/>\n<meta name=\"twitter:card\" content=\"summary_large_image\" \/>\n<meta name=\"twitter:label1\" content=\"Precio\" \/>\n\t<meta name=\"twitter:data1\" content=\"&#36;646 con IVA\" \/>\n\t<meta name=\"twitter:label2\" content=\"Availability\" \/>\n\t<meta name=\"twitter:data2\" content=\"In stock\" \/>\n<script type=\"application\/ld+json\" class=\"yoast-schema-graph\">{\"@context\":\"https:\/\/schema.org\",\"@graph\":[{\"@type\":\"WebPage\",\"@id\":\"https:\/\/compuviper.mx\/tienda\/producto\/tech-zone-pos-tzpoimt01-miniprinter-techzone-termica-90-mm-vel-203-dpi-usb-rj11-compatible-macos-android-win-linux-1-ao-de-garantia\/\",\"url\":\"https:\/\/compuviper.mx\/tienda\/producto\/tech-zone-pos-tzpoimt01-miniprinter-techzone-termica-90-mm-vel-203-dpi-usb-rj11-compatible-macos-android-win-linux-1-ao-de-garantia\/\",\"name\":\"[ Tech Zone Pos ] &#129351; Tzpoimt01 Miniprinter Techzone , Termica, 90 Mm, Vel 203 Dpi Usb \/rj11, Compatible Macos, Android, Win Linux 1 A\u00f1o De Garantia\",\"isPartOf\":{\"@id\":\"https:\/\/compuviper.mx\/tienda\/#website\"},\"datePublished\":\"2026-04-18T07:48:42+00:00\",\"dateModified\":\"2026-04-18T07:48:42+00:00\",\"description\":\"Compra Tzpoimt01 Miniprinter Techzone , Termica, 90 Mm, Vel 203 Dpi Usb \/rj11, Compatible Macos, Android, Win Linux 1 A\u00f1o De Garantia + Env\u00edo a domicilio + Pago seguro + Garant\u00eda\",\"breadcrumb\":{\"@id\":\"https:\/\/compuviper.mx\/tienda\/producto\/tech-zone-pos-tzpoimt01-miniprinter-techzone-termica-90-mm-vel-203-dpi-usb-rj11-compatible-macos-android-win-linux-1-ao-de-garantia\/#breadcrumb\"},\"inLanguage\":\"es-MX\",\"potentialAction\":[{\"@type\":\"ReadAction\",\"target\":[\"https:\/\/compuviper.mx\/tienda\/producto\/tech-zone-pos-tzpoimt01-miniprinter-techzone-termica-90-mm-vel-203-dpi-usb-rj11-compatible-macos-android-win-linux-1-ao-de-garantia\/\"]}]},{\"@type\":\"BreadcrumbList\",\"@id\":\"https:\/\/compuviper.mx\/tienda\/producto\/tech-zone-pos-tzpoimt01-miniprinter-techzone-termica-90-mm-vel-203-dpi-usb-rj11-compatible-macos-android-win-linux-1-ao-de-garantia\/#breadcrumb\",\"itemListElement\":[{\"@type\":\"ListItem\",\"position\":1,\"name\":\"Inicio\",\"item\":\"https:\/\/compuviper.mx\/tienda\/\"},{\"@type\":\"ListItem\",\"position\":2,\"name\":\"Productos\",\"item\":\"https:\/\/compuviper.mx\/tienda\/productos\/\"},{\"@type\":\"ListItem\",\"position\":3,\"name\":\"Impresoras\",\"item\":\"https:\/\/compuviper.mx\/tienda\/categoria-producto\/impresoras\/\"},{\"@type\":\"ListItem\",\"position\":4,\"name\":\"Punto De Venta\",\"item\":\"https:\/\/compuviper.mx\/tienda\/categoria-producto\/impresoras\/punto-de-venta-impresoras\/\"},{\"@type\":\"ListItem\",\"position\":5,\"name\":\"Tech Zone Pos Tzpoimt01 Miniprinter Techzone , Termica, 90 Mm, Vel 203 Dpi Usb \/rj11, Compatible Macos, Android, Win Linux 1 A?o De Garantia\"}]},{\"@type\":\"WebSite\",\"@id\":\"https:\/\/compuviper.mx\/tienda\/#website\",\"url\":\"https:\/\/compuviper.mx\/tienda\/\",\"name\":\"Compuviper\",\"description\":\"Proveedor de Computadoras, Laptops, Servidores, Monitores, Puntos de Venta, Teclados,   Impresoras, T\u00f3ner, C\u00e1maras de Seguridad y m\u00e1s en tu tienda en l\u00ednea\",\"publisher\":{\"@id\":\"https:\/\/compuviper.mx\/tienda\/#organization\"},\"potentialAction\":[{\"@type\":\"SearchAction\",\"target\":{\"@type\":\"EntryPoint\",\"urlTemplate\":\"https:\/\/compuviper.mx\/tienda\/?s={search_term_string}\"},\"query-input\":\"required name=search_term_string\"}],\"inLanguage\":\"es-MX\"},{\"@type\":\"Organization\",\"@id\":\"https:\/\/compuviper.mx\/tienda\/#organization\",\"name\":\"Compuviper\",\"url\":\"https:\/\/compuviper.mx\/tienda\/\",\"logo\":{\"@type\":\"ImageObject\",\"inLanguage\":\"es-MX\",\"@id\":\"https:\/\/compuviper.mx\/tienda\/#\/schema\/logo\/image\/\",\"url\":\"https:\/\/compuviper.mx\/tienda\/wp-content\/uploads\/2021\/08\/Logo-Compuviper-10.png\",\"contentUrl\":\"https:\/\/compuviper.mx\/tienda\/wp-content\/uploads\/2021\/08\/Logo-Compuviper-10.png\",\"width\":1000,\"height\":500,\"caption\":\"Compuviper\"},\"image\":{\"@id\":\"https:\/\/compuviper.mx\/tienda\/#\/schema\/logo\/image\/\"},\"sameAs\":[\"https:\/\/www.facebook.com\/compuviper\",\"https:\/\/www.youtube.com\/channel\/UCf73dERp9Y3cfOq7q8BhLjA?view_as=subscriber\"]}]}<\/script>\n<meta property=\"product:brand\" content=\"Tech Zone Pos\" \/>\n<meta property=\"product:price:amount\" content=\"646\" \/>\n<meta property=\"product:price:currency\" content=\"MXN\" \/>\n<meta property=\"og:availability\" content=\"instock\" \/>\n<meta property=\"product:availability\" content=\"instock\" \/>\n<meta property=\"product:retailer_item_id\" content=\"TZPOIMT01\" \/>\n<meta property=\"product:condition\" content=\"new\" \/>\n<!-- \/ Yoast SEO plugin. -->","yoast_head_json":{"title":"[ Tech Zone Pos ] &#129351; Tzpoimt01 Miniprinter Techzone , Termica, 90 Mm, Vel 203 Dpi Usb \/rj11, Compatible Macos, Android, Win Linux 1 A\u00f1o De Garantia","description":"Compra Tzpoimt01 Miniprinter Techzone , Termica, 90 Mm, Vel 203 Dpi Usb \/rj11, Compatible Macos, Android, Win Linux 1 A\u00f1o De Garantia + Env\u00edo a domicilio + Pago seguro + Garant\u00eda","robots":{"index":"index","follow":"follow","max-snippet":"max-snippet:-1","max-image-preview":"max-image-preview:large","max-video-preview":"max-video-preview:-1"},"canonical":"https:\/\/compuviper.mx\/tienda\/producto\/tech-zone-pos-tzpoimt01-miniprinter-techzone-termica-90-mm-vel-203-dpi-usb-rj11-compatible-macos-android-win-linux-1-ao-de-garantia\/","og_locale":"es_MX","og_type":"article","og_title":"[ Tech Zone Pos ] &#129351; Tzpoimt01 Miniprinter Techzone , Termica, 90 Mm, Vel 203 Dpi Usb \/rj11, Compatible Macos, Android, Win Linux 1 A\u00f1o De Garantia","og_description":"Compra Tzpoimt01 Miniprinter Techzone , Termica, 90 Mm, Vel 203 Dpi Usb \/rj11, Compatible Macos, Android, Win Linux 1 A\u00f1o De Garantia + Env\u00edo a domicilio + Pago seguro + Garant\u00eda","og_url":"https:\/\/compuviper.mx\/tienda\/producto\/tech-zone-pos-tzpoimt01-miniprinter-techzone-termica-90-mm-vel-203-dpi-usb-rj11-compatible-macos-android-win-linux-1-ao-de-garantia\/","og_site_name":"Compuviper","article_publisher":"https:\/\/www.facebook.com\/compuviper","og_image":[{"width":200,"height":200,"url":"https:\/\/compuviper.mx\/tienda\/wp-content\/uploads\/2024\/05\/Miniprinter-techzone-tzpoimt01-termica-90-mm-vel-203-dpi-usb-rj11-compatible-macos\u00ae-android\u00ae-win-linux\u00ae-1-ano-de-garantia.jpg","type":"image\/jpeg"}],"twitter_card":"summary_large_image","twitter_misc":{"Precio":"&#36;646 con IVA","Availability":"In stock"},"schema":{"@context":"https:\/\/schema.org","@graph":[{"@type":"WebPage","@id":"https:\/\/compuviper.mx\/tienda\/producto\/tech-zone-pos-tzpoimt01-miniprinter-techzone-termica-90-mm-vel-203-dpi-usb-rj11-compatible-macos-android-win-linux-1-ao-de-garantia\/","url":"https:\/\/compuviper.mx\/tienda\/producto\/tech-zone-pos-tzpoimt01-miniprinter-techzone-termica-90-mm-vel-203-dpi-usb-rj11-compatible-macos-android-win-linux-1-ao-de-garantia\/","name":"[ Tech Zone Pos ] &#129351; Tzpoimt01 Miniprinter Techzone , Termica, 90 Mm, Vel 203 Dpi Usb \/rj11, Compatible Macos, Android, Win Linux 1 A\u00f1o De Garantia","isPartOf":{"@id":"https:\/\/compuviper.mx\/tienda\/#website"},"datePublished":"2026-04-18T07:48:42+00:00","dateModified":"2026-04-18T07:48:42+00:00","description":"Compra Tzpoimt01 Miniprinter Techzone , Termica, 90 Mm, Vel 203 Dpi Usb \/rj11, Compatible Macos, Android, Win Linux 1 A\u00f1o De Garantia + Env\u00edo a domicilio + Pago seguro + Garant\u00eda","breadcrumb":{"@id":"https:\/\/compuviper.mx\/tienda\/producto\/tech-zone-pos-tzpoimt01-miniprinter-techzone-termica-90-mm-vel-203-dpi-usb-rj11-compatible-macos-android-win-linux-1-ao-de-garantia\/#breadcrumb"},"inLanguage":"es-MX","potentialAction":[{"@type":"ReadAction","target":["https:\/\/compuviper.mx\/tienda\/producto\/tech-zone-pos-tzpoimt01-miniprinter-techzone-termica-90-mm-vel-203-dpi-usb-rj11-compatible-macos-android-win-linux-1-ao-de-garantia\/"]}]},{"@type":"BreadcrumbList","@id":"https:\/\/compuviper.mx\/tienda\/producto\/tech-zone-pos-tzpoimt01-miniprinter-techzone-termica-90-mm-vel-203-dpi-usb-rj11-compatible-macos-android-win-linux-1-ao-de-garantia\/#breadcrumb","itemListElement":[{"@type":"ListItem","position":1,"name":"Inicio","item":"https:\/\/compuviper.mx\/tienda\/"},{"@type":"ListItem","position":2,"name":"Productos","item":"https:\/\/compuviper.mx\/tienda\/productos\/"},{"@type":"ListItem","position":3,"name":"Impresoras","item":"https:\/\/compuviper.mx\/tienda\/categoria-producto\/impresoras\/"},{"@type":"ListItem","position":4,"name":"Punto De Venta","item":"https:\/\/compuviper.mx\/tienda\/categoria-producto\/impresoras\/punto-de-venta-impresoras\/"},{"@type":"ListItem","position":5,"name":"Tech Zone Pos Tzpoimt01 Miniprinter Techzone , Termica, 90 Mm, Vel 203 Dpi Usb \/rj11, Compatible Macos, Android, Win Linux 1 A?o De Garantia"}]},{"@type":"WebSite","@id":"https:\/\/compuviper.mx\/tienda\/#website","url":"https:\/\/compuviper.mx\/tienda\/","name":"Compuviper","description":"Proveedor de Computadoras, Laptops, Servidores, Monitores, Puntos de Venta, Teclados,   Impresoras, T\u00f3ner, C\u00e1maras de Seguridad y m\u00e1s en tu tienda en l\u00ednea","publisher":{"@id":"https:\/\/compuviper.mx\/tienda\/#organization"},"potentialAction":[{"@type":"SearchAction","target":{"@type":"EntryPoint","urlTemplate":"https:\/\/compuviper.mx\/tienda\/?s={search_term_string}"},"query-input":"required name=search_term_string"}],"inLanguage":"es-MX"},{"@type":"Organization","@id":"https:\/\/compuviper.mx\/tienda\/#organization","name":"Compuviper","url":"https:\/\/compuviper.mx\/tienda\/","logo":{"@type":"ImageObject","inLanguage":"es-MX","@id":"https:\/\/compuviper.mx\/tienda\/#\/schema\/logo\/image\/","url":"https:\/\/compuviper.mx\/tienda\/wp-content\/uploads\/2021\/08\/Logo-Compuviper-10.png","contentUrl":"https:\/\/compuviper.mx\/tienda\/wp-content\/uploads\/2021\/08\/Logo-Compuviper-10.png","width":1000,"height":500,"caption":"Compuviper"},"image":{"@id":"https:\/\/compuviper.mx\/tienda\/#\/schema\/logo\/image\/"},"sameAs":["https:\/\/www.facebook.com\/compuviper","https:\/\/www.youtube.com\/channel\/UCf73dERp9Y3cfOq7q8BhLjA?view_as=subscriber"]}]},"product_brand":"Tech Zone Pos","product_price_amount":"646","product_price_currency":"MXN","og_availability":"instock","product_availability":"instock","product_retailer_item_id":"TZPOIMT01","product_condition":"new"},"_links":{"self":[{"href":"https:\/\/compuviper.mx\/tienda\/wp-json\/wp\/v2\/product\/231392"}],"collection":[{"href":"https:\/\/compuviper.mx\/tienda\/wp-json\/wp\/v2\/product"}],"about":[{"href":"https:\/\/compuviper.mx\/tienda\/wp-json\/wp\/v2\/types\/product"}],"replies":[{"embeddable":true,"href":"https:\/\/compuviper.mx\/tienda\/wp-json\/wp\/v2\/comments?post=231392"}],"wp:featuredmedia":[{"embeddable":true,"href":"https:\/\/compuviper.mx\/tienda\/wp-json\/wp\/v2\/media\/234469"}],"wp:attachment":[{"href":"https:\/\/compuviper.mx\/tienda\/wp-json\/wp\/v2\/media?parent=231392"}],"wp:term":[{"taxonomy":"product_cat","embeddable":true,"href":"https:\/\/compuviper.mx\/tienda\/wp-json\/wp\/v2\/product_cat?post=231392"},{"taxonomy":"product_tag","embeddable":true,"href":"https:\/\/compuviper.mx\/tienda\/wp-json\/wp\/v2\/product_tag?post=231392"}],"curies":[{"name":"wp","href":"https:\/\/api.w.org\/{rel}","templated":true}]}}