{"id":231322,"date":"2026-04-07T00:44:15","date_gmt":"2026-04-07T06:44:15","guid":{"rendered":"https:\/\/compuviper.mx\/tienda\/producto\/acteck-ac-936262-kit-creator-virtuos-silk-mk720-teclado-y-mouse-inalambrico-dual-bluetooth-adaptador-usb-recargable-espaol-100-teclas-multimedia-4000-dpi-optico-blanco\/"},"modified":"2026-04-07T00:44:15","modified_gmt":"2026-04-07T06:44:15","slug":"acteck-ac-936262-kit-creator-virtuos-silk-mk720-teclado-y-mouse-inalambrico-dual-bt-usb-recargable-espaol-100-teclas-multimedia-ranura-p-dispositivos-4000-dpi-optico-blanco","status":"publish","type":"product","link":"https:\/\/compuviper.mx\/tienda\/producto\/acteck-ac-936262-kit-creator-virtuos-silk-mk720-teclado-y-mouse-inalambrico-dual-bt-usb-recargable-espaol-100-teclas-multimedia-ranura-p-dispositivos-4000-dpi-optico-blanco\/","title":{"rendered":"Acteck Ac-936262 Kit  Creator Virtuos Silk Mk720 \/ Teclado Y Mouse \/ Inalambrico \/ Dual Bt Usb \/ Recargable \/ Espa?ol \/ 100 Teclas \/ Multimedia \/ Ranura P \/dispositivos \/4000 Dpi \/ Optico \/ Blanco \/"},"content":{"rendered":"<table class=\"descripcion\">\n<tr>\n<td>Especificaciones<\/td>\n<\/tr>\n<tr>\n<td>Producto  combo 2 en 1<\/td>\n<\/tr>\n<tr>\n<td>Modelo  ac-936262<\/td>\n<\/tr>\n<tr>\n<td>Conectividad  dongle 2.4 mhz  and  bluetooth<\/td>\n<\/tr>\n<tr>\n<td>Compatibilidad  windows \/ mac<\/td>\n<\/tr>\n<tr>\n<td>Teclado<\/td>\n<\/tr>\n<tr>\n<td>Dimensiones  380 x 152 x 22 mm<\/td>\n<\/tr>\n<tr>\n<td>Peso  720 g<\/td>\n<\/tr>\n<tr>\n<td>Material  abs<\/td>\n<\/tr>\n<tr>\n<td>Tecnologa del teclado  membrana<\/td>\n<\/tr>\n<tr>\n<td>Idioma  espaol<\/td>\n<\/tr>\n<tr>\n<td>Anti-ghosting  si<\/td>\n<\/tr>\n<tr>\n<td>Rango de conexin  10 m<\/td>\n<\/tr>\n<tr>\n<td>Frecuencia 2.4 mhz<\/td>\n<\/tr>\n<tr>\n<td>Nmero de teclas totales  100<\/td>\n<\/tr>\n<tr>\n<td>Teclas multimedia 10<\/td>\n<\/tr>\n<tr>\n<td>Funciones multimedia  fn funciones multimedia<\/td>\n<\/tr>\n<tr>\n<td>Impresin de teclas l\u00e1ser<\/td>\n<\/tr>\n<tr>\n<td>Clicks por tecla 8 millones<\/td>\n<\/tr>\n<tr>\n<td>Iluminacin n\/a<\/td>\n<\/tr>\n<tr>\n<td>Caracterstica elctrica  batera recargable de 3.7 vc.c. 500 mah<\/td>\n<\/tr>\n<tr>\n<td>Puerto de alimentacin usb tipo c<\/td>\n<\/tr>\n<tr>\n<td>Mouse<\/td>\n<\/tr>\n<tr>\n<td>Dimensiones  110 x 60 x 32 mm<\/td>\n<\/tr>\n<tr>\n<td>Peso  63 g<\/td>\n<\/tr>\n<tr>\n<td>Material abs<\/td>\n<\/tr>\n<tr>\n<td>Seguimiento ptico<\/td>\n<\/tr>\n<tr>\n<td>Sensibilidad  dpi   ajustable hasta 4000 dpi<\/td>\n<\/tr>\n<tr>\n<td>Sensor  pixart 3212 sensor<\/td>\n<\/tr>\n<tr>\n<td>Switch  huano<\/td>\n<\/tr>\n<tr>\n<td>Respuesta  250 hz<\/td>\n<\/tr>\n<tr>\n<td>Ips 30<\/td>\n<\/tr>\n<tr>\n<td>Conectividad dongle 2.4 mhz  and  bluetooth<\/td>\n<\/tr>\n<tr>\n<td>Rango de conexin  10 m<\/td>\n<\/tr>\n<tr>\n<td>Nmero de botones totales  4<\/td>\n<\/tr>\n<tr>\n<td>Controlador dpi si , parte superior del mouse<\/td>\n<\/tr>\n<tr>\n<td>Caracterstica elctrica  bateria recargable de 3.7 vc.c. 300 mah<\/td>\n<\/tr>\n<tr>\n<td>Puerto de alimentacin  usb tipo c<\/td>\n<\/tr>\n<\/table>\n","protected":false},"excerpt":{"rendered":"<p>Combo acteck creator virtuos silk mk720 \/ teclado y mouse \/ conexin bluetooth 10 m \/ teclado de membrana \/ recargable \/ mouse hasta 4000 dpi \/ windows \/ macos \/ blanco \/ac-936262<\/p>\n","protected":false},"featured_media":234077,"comment_status":"open","ping_status":"open","template":"","meta":[],"product_cat":[1711,1712],"product_tag":[1582],"acf":[],"yoast_head":"<!-- This site is optimized with the Yoast SEO plugin v21.7 - https:\/\/yoast.com\/wordpress\/plugins\/seo\/ -->\n<title>[ Acteck ] &#129351; Ac-936262 Kit Creator Virtuos Silk Mk720 \/ Teclado Y Mouse \/ Inalambrico \/ Dual Bt Usb \/ Recargable \/ Espa\u00f1ol \/ 100 Teclas \/ Multimedia \/ Ranura P \/dispositivos \/4000 Dpi \/ Optico \/ Blanco \/<\/title>\n<meta name=\"description\" content=\"Compra Ac-936262 Kit Creator Virtuos Silk Mk720 \/ Teclado Y Mouse \/ Inalambrico \/ Dual Bt Usb \/ Recargable \/ Espa\u00f1ol \/ 100 Teclas \/ Multimedia \/ Ranura P \/dispositivos \/4000 Dpi \/ Optico \/ Blanco \/ + Env\u00edo a domicilio + Pago seguro + Garant\u00eda\" \/>\n<meta name=\"robots\" content=\"index, follow, max-snippet:-1, max-image-preview:large, max-video-preview:-1\" \/>\n<link rel=\"canonical\" href=\"https:\/\/compuviper.mx\/tienda\/producto\/acteck-ac-936262-kit-creator-virtuos-silk-mk720-teclado-y-mouse-inalambrico-dual-bt-usb-recargable-espaol-100-teclas-multimedia-ranura-p-dispositivos-4000-dpi-optico-blanco\/\" \/>\n<meta property=\"og:locale\" content=\"es_MX\" \/>\n<meta property=\"og:type\" content=\"article\" \/>\n<meta property=\"og:title\" content=\"[ Acteck ] &#129351; Ac-936262 Kit Creator Virtuos Silk Mk720 \/ Teclado Y Mouse \/ Inalambrico \/ Dual Bt Usb \/ Recargable \/ Espa\u00f1ol \/ 100 Teclas \/ Multimedia \/ Ranura P \/dispositivos \/4000 Dpi \/ Optico \/ Blanco \/\" \/>\n<meta property=\"og:description\" content=\"Compra Ac-936262 Kit Creator Virtuos Silk Mk720 \/ Teclado Y Mouse \/ Inalambrico \/ Dual Bt Usb \/ Recargable \/ Espa\u00f1ol \/ 100 Teclas \/ Multimedia \/ Ranura P \/dispositivos \/4000 Dpi \/ Optico \/ Blanco \/ + Env\u00edo a domicilio + Pago seguro + Garant\u00eda\" \/>\n<meta property=\"og:url\" content=\"https:\/\/compuviper.mx\/tienda\/producto\/acteck-ac-936262-kit-creator-virtuos-silk-mk720-teclado-y-mouse-inalambrico-dual-bt-usb-recargable-espaol-100-teclas-multimedia-ranura-p-dispositivos-4000-dpi-optico-blanco\/\" \/>\n<meta property=\"og:site_name\" content=\"Compuviper\" \/>\n<meta property=\"article:publisher\" content=\"https:\/\/www.facebook.com\/compuviper\" \/>\n<meta property=\"og:image\" content=\"https:\/\/compuviper.mx\/tienda\/wp-content\/uploads\/2024\/05\/Kit-acteck-creator-virtuos-silk-mk720-teclado-y-mouse-inalambrico-dual-bt-usb-recargable-espanol-100-teclas-multimedia-ranura-p-dispositivos-4000-dpi-optico-blanco-ac-936262.jpg\" \/>\n\t<meta property=\"og:image:width\" content=\"200\" \/>\n\t<meta property=\"og:image:height\" content=\"200\" \/>\n\t<meta property=\"og:image:type\" content=\"image\/jpeg\" \/>\n<meta name=\"twitter:card\" content=\"summary_large_image\" \/>\n<meta name=\"twitter:label1\" content=\"Precio\" \/>\n\t<meta name=\"twitter:data1\" content=\"&#36;713 con IVA\" \/>\n\t<meta name=\"twitter:label2\" content=\"Availability\" \/>\n\t<meta name=\"twitter:data2\" content=\"In stock\" \/>\n<script type=\"application\/ld+json\" class=\"yoast-schema-graph\">{\"@context\":\"https:\/\/schema.org\",\"@graph\":[{\"@type\":\"WebPage\",\"@id\":\"https:\/\/compuviper.mx\/tienda\/producto\/acteck-ac-936262-kit-creator-virtuos-silk-mk720-teclado-y-mouse-inalambrico-dual-bt-usb-recargable-espaol-100-teclas-multimedia-ranura-p-dispositivos-4000-dpi-optico-blanco\/\",\"url\":\"https:\/\/compuviper.mx\/tienda\/producto\/acteck-ac-936262-kit-creator-virtuos-silk-mk720-teclado-y-mouse-inalambrico-dual-bt-usb-recargable-espaol-100-teclas-multimedia-ranura-p-dispositivos-4000-dpi-optico-blanco\/\",\"name\":\"[ Acteck ] &#129351; Ac-936262 Kit Creator Virtuos Silk Mk720 \/ Teclado Y Mouse \/ Inalambrico \/ Dual Bt Usb \/ Recargable \/ Espa\u00f1ol \/ 100 Teclas \/ Multimedia \/ Ranura P \/dispositivos \/4000 Dpi \/ Optico \/ Blanco \/\",\"isPartOf\":{\"@id\":\"https:\/\/compuviper.mx\/tienda\/#website\"},\"datePublished\":\"2026-04-07T06:44:15+00:00\",\"dateModified\":\"2026-04-07T06:44:15+00:00\",\"description\":\"Compra Ac-936262 Kit Creator Virtuos Silk Mk720 \/ Teclado Y Mouse \/ Inalambrico \/ Dual Bt Usb \/ Recargable \/ Espa\u00f1ol \/ 100 Teclas \/ Multimedia \/ Ranura P \/dispositivos \/4000 Dpi \/ Optico \/ Blanco \/ + Env\u00edo a domicilio + Pago seguro + Garant\u00eda\",\"breadcrumb\":{\"@id\":\"https:\/\/compuviper.mx\/tienda\/producto\/acteck-ac-936262-kit-creator-virtuos-silk-mk720-teclado-y-mouse-inalambrico-dual-bt-usb-recargable-espaol-100-teclas-multimedia-ranura-p-dispositivos-4000-dpi-optico-blanco\/#breadcrumb\"},\"inLanguage\":\"es-MX\",\"potentialAction\":[{\"@type\":\"ReadAction\",\"target\":[\"https:\/\/compuviper.mx\/tienda\/producto\/acteck-ac-936262-kit-creator-virtuos-silk-mk720-teclado-y-mouse-inalambrico-dual-bt-usb-recargable-espaol-100-teclas-multimedia-ranura-p-dispositivos-4000-dpi-optico-blanco\/\"]}]},{\"@type\":\"BreadcrumbList\",\"@id\":\"https:\/\/compuviper.mx\/tienda\/producto\/acteck-ac-936262-kit-creator-virtuos-silk-mk720-teclado-y-mouse-inalambrico-dual-bt-usb-recargable-espaol-100-teclas-multimedia-ranura-p-dispositivos-4000-dpi-optico-blanco\/#breadcrumb\",\"itemListElement\":[{\"@type\":\"ListItem\",\"position\":1,\"name\":\"Inicio\",\"item\":\"https:\/\/compuviper.mx\/tienda\/\"},{\"@type\":\"ListItem\",\"position\":2,\"name\":\"Productos\",\"item\":\"https:\/\/compuviper.mx\/tienda\/productos\/\"},{\"@type\":\"ListItem\",\"position\":3,\"name\":\"Teclado Y Mouse\",\"item\":\"https:\/\/compuviper.mx\/tienda\/categoria-producto\/teclado-y-mouse\/\"},{\"@type\":\"ListItem\",\"position\":4,\"name\":\"Sin Categor\u00eda\",\"item\":\"https:\/\/compuviper.mx\/tienda\/categoria-producto\/teclado-y-mouse\/sin-categoria-teclado-y-mouse\/\"},{\"@type\":\"ListItem\",\"position\":5,\"name\":\"Acteck Ac-936262 Kit Creator Virtuos Silk Mk720 \/ Teclado Y Mouse \/ Inalambrico \/ Dual Bt Usb \/ Recargable \/ Espa?ol \/ 100 Teclas \/ Multimedia \/ Ranura P \/dispositivos \/4000 Dpi \/ Optico \/ Blanco \/\"}]},{\"@type\":\"WebSite\",\"@id\":\"https:\/\/compuviper.mx\/tienda\/#website\",\"url\":\"https:\/\/compuviper.mx\/tienda\/\",\"name\":\"Compuviper\",\"description\":\"Proveedor de Computadoras, Laptops, Servidores, Monitores, Puntos de Venta, Teclados,   Impresoras, T\u00f3ner, C\u00e1maras de Seguridad y m\u00e1s en tu tienda en l\u00ednea\",\"publisher\":{\"@id\":\"https:\/\/compuviper.mx\/tienda\/#organization\"},\"potentialAction\":[{\"@type\":\"SearchAction\",\"target\":{\"@type\":\"EntryPoint\",\"urlTemplate\":\"https:\/\/compuviper.mx\/tienda\/?s={search_term_string}\"},\"query-input\":\"required name=search_term_string\"}],\"inLanguage\":\"es-MX\"},{\"@type\":\"Organization\",\"@id\":\"https:\/\/compuviper.mx\/tienda\/#organization\",\"name\":\"Compuviper\",\"url\":\"https:\/\/compuviper.mx\/tienda\/\",\"logo\":{\"@type\":\"ImageObject\",\"inLanguage\":\"es-MX\",\"@id\":\"https:\/\/compuviper.mx\/tienda\/#\/schema\/logo\/image\/\",\"url\":\"https:\/\/compuviper.mx\/tienda\/wp-content\/uploads\/2021\/08\/Logo-Compuviper-10.png\",\"contentUrl\":\"https:\/\/compuviper.mx\/tienda\/wp-content\/uploads\/2021\/08\/Logo-Compuviper-10.png\",\"width\":1000,\"height\":500,\"caption\":\"Compuviper\"},\"image\":{\"@id\":\"https:\/\/compuviper.mx\/tienda\/#\/schema\/logo\/image\/\"},\"sameAs\":[\"https:\/\/www.facebook.com\/compuviper\",\"https:\/\/www.youtube.com\/channel\/UCf73dERp9Y3cfOq7q8BhLjA?view_as=subscriber\"]}]}<\/script>\n<meta property=\"product:brand\" content=\"ACTECK\" \/>\n<meta property=\"product:price:amount\" content=\"713\" \/>\n<meta property=\"product:price:currency\" content=\"MXN\" \/>\n<meta property=\"og:availability\" content=\"instock\" \/>\n<meta property=\"product:availability\" content=\"instock\" \/>\n<meta property=\"product:retailer_item_id\" content=\"AC-936262\" \/>\n<meta property=\"product:condition\" content=\"new\" \/>\n<!-- \/ Yoast SEO plugin. -->","yoast_head_json":{"title":"[ Acteck ] &#129351; Ac-936262 Kit Creator Virtuos Silk Mk720 \/ Teclado Y Mouse \/ Inalambrico \/ Dual Bt Usb \/ Recargable \/ Espa\u00f1ol \/ 100 Teclas \/ Multimedia \/ Ranura P \/dispositivos \/4000 Dpi \/ Optico \/ Blanco \/","description":"Compra Ac-936262 Kit Creator Virtuos Silk Mk720 \/ Teclado Y Mouse \/ Inalambrico \/ Dual Bt Usb \/ Recargable \/ Espa\u00f1ol \/ 100 Teclas \/ Multimedia \/ Ranura P \/dispositivos \/4000 Dpi \/ Optico \/ Blanco \/ + Env\u00edo a domicilio + Pago seguro + Garant\u00eda","robots":{"index":"index","follow":"follow","max-snippet":"max-snippet:-1","max-image-preview":"max-image-preview:large","max-video-preview":"max-video-preview:-1"},"canonical":"https:\/\/compuviper.mx\/tienda\/producto\/acteck-ac-936262-kit-creator-virtuos-silk-mk720-teclado-y-mouse-inalambrico-dual-bt-usb-recargable-espaol-100-teclas-multimedia-ranura-p-dispositivos-4000-dpi-optico-blanco\/","og_locale":"es_MX","og_type":"article","og_title":"[ Acteck ] &#129351; Ac-936262 Kit Creator Virtuos Silk Mk720 \/ Teclado Y Mouse \/ Inalambrico \/ Dual Bt Usb \/ Recargable \/ Espa\u00f1ol \/ 100 Teclas \/ Multimedia \/ Ranura P \/dispositivos \/4000 Dpi \/ Optico \/ Blanco \/","og_description":"Compra Ac-936262 Kit Creator Virtuos Silk Mk720 \/ Teclado Y Mouse \/ Inalambrico \/ Dual Bt Usb \/ Recargable \/ Espa\u00f1ol \/ 100 Teclas \/ Multimedia \/ Ranura P \/dispositivos \/4000 Dpi \/ Optico \/ Blanco \/ + Env\u00edo a domicilio + Pago seguro + Garant\u00eda","og_url":"https:\/\/compuviper.mx\/tienda\/producto\/acteck-ac-936262-kit-creator-virtuos-silk-mk720-teclado-y-mouse-inalambrico-dual-bt-usb-recargable-espaol-100-teclas-multimedia-ranura-p-dispositivos-4000-dpi-optico-blanco\/","og_site_name":"Compuviper","article_publisher":"https:\/\/www.facebook.com\/compuviper","og_image":[{"width":200,"height":200,"url":"https:\/\/compuviper.mx\/tienda\/wp-content\/uploads\/2024\/05\/Kit-acteck-creator-virtuos-silk-mk720-teclado-y-mouse-inalambrico-dual-bt-usb-recargable-espanol-100-teclas-multimedia-ranura-p-dispositivos-4000-dpi-optico-blanco-ac-936262.jpg","type":"image\/jpeg"}],"twitter_card":"summary_large_image","twitter_misc":{"Precio":"&#36;713 con IVA","Availability":"In stock"},"schema":{"@context":"https:\/\/schema.org","@graph":[{"@type":"WebPage","@id":"https:\/\/compuviper.mx\/tienda\/producto\/acteck-ac-936262-kit-creator-virtuos-silk-mk720-teclado-y-mouse-inalambrico-dual-bt-usb-recargable-espaol-100-teclas-multimedia-ranura-p-dispositivos-4000-dpi-optico-blanco\/","url":"https:\/\/compuviper.mx\/tienda\/producto\/acteck-ac-936262-kit-creator-virtuos-silk-mk720-teclado-y-mouse-inalambrico-dual-bt-usb-recargable-espaol-100-teclas-multimedia-ranura-p-dispositivos-4000-dpi-optico-blanco\/","name":"[ Acteck ] &#129351; Ac-936262 Kit Creator Virtuos Silk Mk720 \/ Teclado Y Mouse \/ Inalambrico \/ Dual Bt Usb \/ Recargable \/ Espa\u00f1ol \/ 100 Teclas \/ Multimedia \/ Ranura P \/dispositivos \/4000 Dpi \/ Optico \/ Blanco \/","isPartOf":{"@id":"https:\/\/compuviper.mx\/tienda\/#website"},"datePublished":"2026-04-07T06:44:15+00:00","dateModified":"2026-04-07T06:44:15+00:00","description":"Compra Ac-936262 Kit Creator Virtuos Silk Mk720 \/ Teclado Y Mouse \/ Inalambrico \/ Dual Bt Usb \/ Recargable \/ Espa\u00f1ol \/ 100 Teclas \/ Multimedia \/ Ranura P \/dispositivos \/4000 Dpi \/ Optico \/ Blanco \/ + Env\u00edo a domicilio + Pago seguro + Garant\u00eda","breadcrumb":{"@id":"https:\/\/compuviper.mx\/tienda\/producto\/acteck-ac-936262-kit-creator-virtuos-silk-mk720-teclado-y-mouse-inalambrico-dual-bt-usb-recargable-espaol-100-teclas-multimedia-ranura-p-dispositivos-4000-dpi-optico-blanco\/#breadcrumb"},"inLanguage":"es-MX","potentialAction":[{"@type":"ReadAction","target":["https:\/\/compuviper.mx\/tienda\/producto\/acteck-ac-936262-kit-creator-virtuos-silk-mk720-teclado-y-mouse-inalambrico-dual-bt-usb-recargable-espaol-100-teclas-multimedia-ranura-p-dispositivos-4000-dpi-optico-blanco\/"]}]},{"@type":"BreadcrumbList","@id":"https:\/\/compuviper.mx\/tienda\/producto\/acteck-ac-936262-kit-creator-virtuos-silk-mk720-teclado-y-mouse-inalambrico-dual-bt-usb-recargable-espaol-100-teclas-multimedia-ranura-p-dispositivos-4000-dpi-optico-blanco\/#breadcrumb","itemListElement":[{"@type":"ListItem","position":1,"name":"Inicio","item":"https:\/\/compuviper.mx\/tienda\/"},{"@type":"ListItem","position":2,"name":"Productos","item":"https:\/\/compuviper.mx\/tienda\/productos\/"},{"@type":"ListItem","position":3,"name":"Teclado Y Mouse","item":"https:\/\/compuviper.mx\/tienda\/categoria-producto\/teclado-y-mouse\/"},{"@type":"ListItem","position":4,"name":"Sin Categor\u00eda","item":"https:\/\/compuviper.mx\/tienda\/categoria-producto\/teclado-y-mouse\/sin-categoria-teclado-y-mouse\/"},{"@type":"ListItem","position":5,"name":"Acteck Ac-936262 Kit Creator Virtuos Silk Mk720 \/ Teclado Y Mouse \/ Inalambrico \/ Dual Bt Usb \/ Recargable \/ Espa?ol \/ 100 Teclas \/ Multimedia \/ Ranura P \/dispositivos \/4000 Dpi \/ Optico \/ Blanco \/"}]},{"@type":"WebSite","@id":"https:\/\/compuviper.mx\/tienda\/#website","url":"https:\/\/compuviper.mx\/tienda\/","name":"Compuviper","description":"Proveedor de Computadoras, Laptops, Servidores, Monitores, Puntos de Venta, Teclados,   Impresoras, T\u00f3ner, C\u00e1maras de Seguridad y m\u00e1s en tu tienda en l\u00ednea","publisher":{"@id":"https:\/\/compuviper.mx\/tienda\/#organization"},"potentialAction":[{"@type":"SearchAction","target":{"@type":"EntryPoint","urlTemplate":"https:\/\/compuviper.mx\/tienda\/?s={search_term_string}"},"query-input":"required name=search_term_string"}],"inLanguage":"es-MX"},{"@type":"Organization","@id":"https:\/\/compuviper.mx\/tienda\/#organization","name":"Compuviper","url":"https:\/\/compuviper.mx\/tienda\/","logo":{"@type":"ImageObject","inLanguage":"es-MX","@id":"https:\/\/compuviper.mx\/tienda\/#\/schema\/logo\/image\/","url":"https:\/\/compuviper.mx\/tienda\/wp-content\/uploads\/2021\/08\/Logo-Compuviper-10.png","contentUrl":"https:\/\/compuviper.mx\/tienda\/wp-content\/uploads\/2021\/08\/Logo-Compuviper-10.png","width":1000,"height":500,"caption":"Compuviper"},"image":{"@id":"https:\/\/compuviper.mx\/tienda\/#\/schema\/logo\/image\/"},"sameAs":["https:\/\/www.facebook.com\/compuviper","https:\/\/www.youtube.com\/channel\/UCf73dERp9Y3cfOq7q8BhLjA?view_as=subscriber"]}]},"product_brand":"ACTECK","product_price_amount":"713","product_price_currency":"MXN","og_availability":"instock","product_availability":"instock","product_retailer_item_id":"AC-936262","product_condition":"new"},"_links":{"self":[{"href":"https:\/\/compuviper.mx\/tienda\/wp-json\/wp\/v2\/product\/231322"}],"collection":[{"href":"https:\/\/compuviper.mx\/tienda\/wp-json\/wp\/v2\/product"}],"about":[{"href":"https:\/\/compuviper.mx\/tienda\/wp-json\/wp\/v2\/types\/product"}],"replies":[{"embeddable":true,"href":"https:\/\/compuviper.mx\/tienda\/wp-json\/wp\/v2\/comments?post=231322"}],"wp:featuredmedia":[{"embeddable":true,"href":"https:\/\/compuviper.mx\/tienda\/wp-json\/wp\/v2\/media\/234077"}],"wp:attachment":[{"href":"https:\/\/compuviper.mx\/tienda\/wp-json\/wp\/v2\/media?parent=231322"}],"wp:term":[{"taxonomy":"product_cat","embeddable":true,"href":"https:\/\/compuviper.mx\/tienda\/wp-json\/wp\/v2\/product_cat?post=231322"},{"taxonomy":"product_tag","embeddable":true,"href":"https:\/\/compuviper.mx\/tienda\/wp-json\/wp\/v2\/product_tag?post=231322"}],"curies":[{"name":"wp","href":"https:\/\/api.w.org\/{rel}","templated":true}]}}