{"id":231099,"date":"2026-04-25T00:41:57","date_gmt":"2026-04-25T06:41:57","guid":{"rendered":"https:\/\/compuviper.mx\/tienda\/producto\/sharp-display-pn-me432-monitor-profesional-sharp-de-43-uhd-3840-x-2160-18-7-400-cd-m2-cont-12001-usb-c-hdcp-3-hdmi-android-13-con-3aos-de-garantia\/"},"modified":"2026-04-25T00:41:57","modified_gmt":"2026-04-25T06:41:57","slug":"sharp-display-pn-me432-monitor-profesional-sharp-de-43-uhd-3840-x-2160-18-7-400-cd-m2-cont-12001-usb-c-hdcp-3-hdmi-android-13-con-3aos-de-garantia","status":"publish","type":"product","link":"https:\/\/compuviper.mx\/tienda\/producto\/sharp-display-pn-me432-monitor-profesional-sharp-de-43-uhd-3840-x-2160-18-7-400-cd-m2-cont-12001-usb-c-hdcp-3-hdmi-android-13-con-3aos-de-garantia\/","title":{"rendered":"Sharp Display Pn-me432 Monitor Profesional Sharp De 43  Uhd 3840 X 2160 18\/7, 400 Cd\/m2 Cont 12001 Usb-c Hdcp 3 Hdmi Android 13 Con 3a?os De Garantia"},"content":{"rendered":"<table class=\"descripcion\">\n<tr>\n<td>Display<\/td>\n<\/tr>\n<tr>\n<td>Tecnolog\u00eda del panel ips con retroiluminaci\u00f3n led directa<\/td>\n<\/tr>\n<tr>\n<td>Tama\u00f1o de pantalla [pulgadas\/cm] 43 \/ 108<\/td>\n<\/tr>\n<tr>\n<td>Relaci\u00f3n de aspecto 16:9<\/td>\n<\/tr>\n<tr>\n<td>Brillo [cd\/m\u00b2] 400<\/td>\n<\/tr>\n<tr>\n<td>Ratio de contraste (t\u00edp.) 1200:1<\/td>\n<\/tr>\n<tr>\n<td>\u00e1ngulo de visi\u00f3n [\u00b0] 178 horizontal \/ 178 vertical (t\u00edp. en ratio de contraste 10:1)<\/td>\n<\/tr>\n<tr>\n<td>Colour depth [bn] 1.073 (8bit + frc)<\/td>\n<\/tr>\n<tr>\n<td>Tiempo de respuesta (t\u00edp.) [msec] 8<\/td>\n<\/tr>\n<tr>\n<td>Frecuencia de refresco [hz] 60<\/td>\n<\/tr>\n<tr>\n<td>Haze level [%] pro (25)<\/td>\n<\/tr>\n<tr>\n<td>Orientaci\u00f3n posible horizontal; vertical<\/td>\n<\/tr>\n<tr>\n<td>Resoluci\u00f3n<\/td>\n<\/tr>\n<tr>\n<td>Resoluci\u00f3n nativa<\/td>\n<\/tr>\n<tr>\n<td>3840 x 2160<\/td>\n<\/tr>\n<tr>\n<td>Funciona con entradas digitales y an\u00e1logas (pc)<\/td>\n<\/tr>\n<tr>\n<td>1024 x 768;<\/td>\n<\/tr>\n<tr>\n<td>1280 x 1024;<\/td>\n<\/tr>\n<tr>\n<td>1280 x 720;<\/td>\n<\/tr>\n<tr>\n<td>1280 x 800;<\/td>\n<\/tr>\n<tr>\n<td>1360 x 768;<\/td>\n<\/tr>\n<tr>\n<td>1366 x 768;<\/td>\n<\/tr>\n<tr>\n<td>1400 x 1050;<\/td>\n<\/tr>\n<tr>\n<td>1440 x 900;<\/td>\n<\/tr>\n<tr>\n<td>1600 x 1200;<\/td>\n<\/tr>\n<tr>\n<td>1680 x 1050;<\/td>\n<\/tr>\n<tr>\n<td>1920 x 1080;<\/td>\n<\/tr>\n<tr>\n<td>1920 x 1200;<\/td>\n<\/tr>\n<tr>\n<td>1920 x 2160;<\/td>\n<\/tr>\n<tr>\n<td>3840 x 2160;<\/td>\n<\/tr>\n<tr>\n<td>4096 x 2160;<\/td>\n<\/tr>\n<tr>\n<td>640 x 480;<\/td>\n<\/tr>\n<tr>\n<td>720 x 480;<\/td>\n<\/tr>\n<tr>\n<td>720 x 576;<\/td>\n<\/tr>\n<tr>\n<td>800 x 600<\/td>\n<\/tr>\n<tr>\n<td>Frecuencia de sincronizaci\u00f3n<\/td>\n<\/tr>\n<tr>\n<td>Frecuencia horizontal [khz] 15 &#8211; 135<\/td>\n<\/tr>\n<tr>\n<td>Frecuencia vertical [hz] 23 &#8211; 76<\/td>\n<\/tr>\n<tr>\n<td>Conectividad<\/td>\n<\/tr>\n<tr>\n<td>Entrada digital de v\u00eddeo 1 x usb-c (con hdcp 1.3\/2.2); 3 x hdmi (hdcp)<\/td>\n<\/tr>\n<tr>\n<td>Entrada digital de audio 1x usb-c; 3 x hdmi<\/td>\n<\/tr>\n<tr>\n<td>Control de entrada cable de control remoto (conector jack de 3,5mm); lan 100mbit; rs232<\/td>\n<\/tr>\n<tr>\n<td>Input data 3 x usb 2.0 (downstream)<\/td>\n<\/tr>\n<tr>\n<td>Salida an\u00e1loga de audio 1 x 3,5 mm jack<\/td>\n<\/tr>\n<tr>\n<td>Salida de sonido digital 1 x spdif; 1x hdmi<\/td>\n<\/tr>\n<tr>\n<td>Input detect custom; first; last<\/td>\n<\/tr>\n<tr>\n<td>El\u00e9ctrico<\/td>\n<\/tr>\n<tr>\n<td>Consumo [w] 90 env\u00edo<\/td>\n<\/tr>\n<tr>\n<td>Modo stand-by [w]   0,5;   2 (networked standby)<\/td>\n<\/tr>\n<tr>\n<td>Gesti\u00f3n de energ\u00eda vesa dpms<\/td>\n<\/tr>\n<tr>\n<td>Fuente de alimentaci\u00f3n 100-240 v ac; 50\/60 hz; interna<\/td>\n<\/tr>\n<tr>\n<td>Condiciones ambientales<\/td>\n<\/tr>\n<tr>\n<td>Temperatura ambiente de funcionamiento [\u00b0c] +0 a +40<\/td>\n<\/tr>\n<tr>\n<td>Humedad ambiental de funcionamiento [%] 20 a 80<\/td>\n<\/tr>\n<tr>\n<td>Humedad de almacenamiento [%] 10 a 90<\/td>\n<\/tr>\n<tr>\n<td>Temperatura de almacenamiento [\u00b0c] -20 a 60<\/td>\n<\/tr>\n<tr>\n<td>Mec\u00e1nico<\/td>\n<\/tr>\n<tr>\n<td>Medidas (an x al x prof) [mm] 964,6 x 552,5 x 62<\/td>\n<\/tr>\n<tr>\n<td>Peso [kg] 9.4<\/td>\n<\/tr>\n<tr>\n<td>Ancho del marco [mm] 9,9<\/td>\n<\/tr>\n<tr>\n<td>Montaje vesa [mm] 200 x 200 (fdmi); 4 muescas; m6<\/td>\n<\/tr>\n<tr>\n<td>Protecci\u00f3n contra penetraci\u00f3n ip[value1) (frente); ip5x (dorso)<\/td>\n<\/tr>\n<tr>\n<td>Dimensiones del embalaje (an x al x pr) [mm] 1,056 x 632 x 156<\/td>\n<\/tr>\n<tr>\n<td>Peso del embalaje [kg] 14.2<\/td>\n<\/tr>\n<tr>\n<td>Marco de color pantone (process black m)<\/td>\n<\/tr>\n<tr>\n<td>Material metal<\/td>\n<\/tr>\n<tr>\n<td>Mediaplayer<\/td>\n<\/tr>\n<tr>\n<td>Embedded computing<\/td>\n<\/tr>\n<tr>\n<td>Built-in applications file manager; web browser<\/td>\n<\/tr>\n<tr>\n<td>System version android 13<\/td>\n<\/tr>\n<tr>\n<td>System memory 4g ram<\/td>\n<\/tr>\n<tr>\n<td>Internal storage 32gb rom<\/td>\n<\/tr>\n<tr>\n<td>Opciones disponibles<\/td>\n<\/tr>\n<tr>\n<td>Accesorios carrito (pd04-tipster trolley); montaje de pared (pdw s32-52l); pies (st-43m); presence sensor (kt-rc3); soundbar (pn-zcms1)<\/td>\n<\/tr>\n<tr>\n<td>Funciones ecol\u00f3gicas<\/td>\n<\/tr>\n<tr>\n<td>Eficiencia energ\u00e9tica clase de eficiencia energ\u00e9tica: g; consumo de energ\u00eda: 77 kwh\/1000 horas; retroiluminaci\u00f3n led<\/td>\n<\/tr>\n<tr>\n<td>Est\u00e1ndares ecol\u00f3gicos energystar 8.0<\/td>\n<\/tr>\n<tr>\n<td>Funciones adicionales<\/td>\n<\/tr>\n<tr>\n<td>Caracter\u00edsticas especiales hdmi arc; powered usb port (15 w); removable logo; simulaci\u00f3n dicom<\/td>\n<\/tr>\n<tr>\n<td>Seguridad y ergonom\u00eda bsmi; ce; emc class b; energy star 8; fcc class b; kc\/kcc; psb; rcm; rohs; vcci<\/td>\n<\/tr>\n<tr>\n<td>Tipo de error de p\u00edxel iso 9241-307, tipo 1<\/td>\n<\/tr>\n<tr>\n<td>Audio altavoces integrados (10 w + 10 w)<\/td>\n<\/tr>\n<tr>\n<td>Accesorios inclu\u00eddos 2x bater\u00edas aaa; cable de alimentaci\u00f3n; cable hdmi; control remoto; manual de instalaci\u00f3n; pantalla<\/td>\n<\/tr>\n<tr>\n<td>Garant\u00eda 3 a\u00f1os de garant\u00eda incluyendo la retro-iluminaci\u00f3n (backlight); 4. + 5. a\u00f1o de extensi\u00f3n opcional de garant\u00eda 1; servicios adicionales disponibles<\/td>\n<\/tr>\n<tr>\n<td>Horas de funcionamiento 18\/7<\/td>\n<\/tr>\n<tr>\n<td>External control amx netlinx support; ascii control commands; crestron connected; hdmi cec; scheduled timer<\/td>\n<\/tr>\n<tr>\n<td>Resistance to fire metal backcover, plastic material certified acc. to ul94-5vb<\/td>\n<\/tr>\n<\/table>\n","protected":false},"excerpt":{"rendered":"<p>Cree im\u00e1genes con p\u00edxeles perfectos a un precio asequible con las nuevas pantallas de gran formato de la serie me d\u00e9 sharp, totalmente comerciales. Al centrarse en ofrecer al cliente una reproducci\u00f3n multimedia de alta potencia, integrada y f\u00e1cil de usar, manteniendo al mismo tiempo la confiabilidad y calidad comprobadas del producto anterior, la serie me ofrece a los clientes una pantalla convencional confiable que se adapta a todas sus necesidades de se\u00f1alizaci\u00f3n digital. La plataforma flexible de sistema en chip no solo permite la reproducci\u00f3n de medios de alta gama a trav\u00e9s de usb o almacenamiento interno, sino que, dado que estos productos funcionan con android 13, tambi\u00e9n permiten la posibilidad de instalar apk separados si es necesario instalar una aplicaci\u00f3n de terceros. Adem\u00e1s de esto, el dise\u00f1o osd actualizado incluye funcionalidades nuevas y heredadas dentro de un nuevo enfoque est\u00e9ticamente atractivo y estil\u00edstico. La resoluci\u00f3n nativa 4k uhd permite im\u00e1genes y mensajes n\u00edtidos que se vuelven m\u00e1s v\u00edvidos y realistas que nunca. La orientaci\u00f3n horizontal y vertical permite flexibilidad de instalaci\u00f3n dependiendo de sus necesidades. Potente dise\u00f1o de sistema en chip que se adapta a sus necesidades de se\u00f1alizaci\u00f3n digital. El control externo completo y bidireccional permite una f\u00e1cil integraci\u00f3n en los sistemas de control a trav\u00e9s de lan o rs232c y, al mismo tiempo, admite los protocolos nec y sharp heredados. El brillo de 400 cd\/m2 y la compatibilidad con hdr captar\u00e1n la atenci\u00f3n del p\u00fablico en casi cualquier situaci\u00f3n. El reproductor multimedia integrado permite la creaci\u00f3n de listas de reproducci\u00f3n y la reproducci\u00f3n programada a trav\u00e9s de usb o almacenamiento integrado. Tiempos de ejecuci\u00f3n comerciales 18 horas al d\u00eda, 7 d\u00edas a la semana con reloj en tiempo real incorporado y capacidades completas de programaci\u00f3n. Las capacidades de conmutaci\u00f3n por error con funcionalidad completa de detecci\u00f3n de entrada brindan tranquilidad ya que la pantalla cambiar\u00e1 autom\u00e1ticamente a una fuente secundaria o terciaria si falla la fuente principal. Producto certificado energy star 8.0. Garant\u00eda comercial completa de 3 a\u00f1os para brindarle tranquilidad y protecci\u00f3n a su inversi\u00f3n. Naviset administrator 2 soluci\u00f3n de software gratuita que facilita enormemente la administraci\u00f3n y gesti\u00f3n de instalaciones de dispositivos de visualizaci\u00f3n m\u00e1s grandes<\/p>\n","protected":false},"featured_media":234152,"comment_status":"open","ping_status":"open","template":"","meta":[],"product_cat":[1740,1741],"product_tag":[2237],"acf":[],"yoast_head":"<!-- This site is optimized with the Yoast SEO plugin v21.7 - https:\/\/yoast.com\/wordpress\/plugins\/seo\/ -->\n<title>[ Sharp Display ] &#129351; Pn-me432 Monitor Profesional Sharp De 43 Uhd 3840 X 2160 18\/7, 400 Cd\/m2 Cont 12001 Usb-c Hdcp 3 Hdmi Android 13 Con 3a\u00f1os De Garantia<\/title>\n<meta name=\"description\" content=\"Compra Pn-me432 Monitor Profesional Sharp De 43 Uhd 3840 X 2160 18\/7, 400 Cd\/m2 Cont 12001 Usb-c Hdcp 3 Hdmi Android 13 Con 3a\u00f1os De Garantia + Env\u00edo a domicilio + Pago seguro + Garant\u00eda\" \/>\n<meta name=\"robots\" content=\"index, follow, max-snippet:-1, max-image-preview:large, max-video-preview:-1\" \/>\n<link rel=\"canonical\" href=\"https:\/\/compuviper.mx\/tienda\/producto\/sharp-display-pn-me432-monitor-profesional-sharp-de-43-uhd-3840-x-2160-18-7-400-cd-m2-cont-12001-usb-c-hdcp-3-hdmi-android-13-con-3aos-de-garantia\/\" \/>\n<meta property=\"og:locale\" content=\"es_MX\" \/>\n<meta property=\"og:type\" content=\"article\" \/>\n<meta property=\"og:title\" content=\"[ Sharp Display ] &#129351; Pn-me432 Monitor Profesional Sharp De 43 Uhd 3840 X 2160 18\/7, 400 Cd\/m2 Cont 12001 Usb-c Hdcp 3 Hdmi Android 13 Con 3a\u00f1os De Garantia\" \/>\n<meta property=\"og:description\" content=\"Compra Pn-me432 Monitor Profesional Sharp De 43 Uhd 3840 X 2160 18\/7, 400 Cd\/m2 Cont 12001 Usb-c Hdcp 3 Hdmi Android 13 Con 3a\u00f1os De Garantia + Env\u00edo a domicilio + Pago seguro + Garant\u00eda\" \/>\n<meta property=\"og:url\" content=\"https:\/\/compuviper.mx\/tienda\/producto\/sharp-display-pn-me432-monitor-profesional-sharp-de-43-uhd-3840-x-2160-18-7-400-cd-m2-cont-12001-usb-c-hdcp-3-hdmi-android-13-con-3aos-de-garantia\/\" \/>\n<meta property=\"og:site_name\" content=\"Compuviper\" \/>\n<meta property=\"article:publisher\" content=\"https:\/\/www.facebook.com\/compuviper\" \/>\n<meta property=\"og:image\" content=\"https:\/\/compuviper.mx\/tienda\/wp-content\/uploads\/2024\/05\/Monitor-profesional-sharp-de-43\u0094-pn-me432-uhd-3840-x-2160-187-400-cdm2-cont-12001-usb-c-hdcp-3-hdmi-android-13-con-3anos-de-garantia.jpg\" \/>\n\t<meta property=\"og:image:width\" content=\"200\" \/>\n\t<meta property=\"og:image:height\" content=\"200\" \/>\n\t<meta property=\"og:image:type\" content=\"image\/jpeg\" \/>\n<meta name=\"twitter:card\" content=\"summary_large_image\" \/>\n<meta name=\"twitter:label1\" content=\"Precio\" \/>\n\t<meta name=\"twitter:data1\" content=\"&#36;15,106 &#36;12,617 con IVA\" \/>\n\t<meta name=\"twitter:label2\" content=\"Availability\" \/>\n\t<meta name=\"twitter:data2\" content=\"Out of stock\" \/>\n<script type=\"application\/ld+json\" class=\"yoast-schema-graph\">{\"@context\":\"https:\/\/schema.org\",\"@graph\":[{\"@type\":\"WebPage\",\"@id\":\"https:\/\/compuviper.mx\/tienda\/producto\/sharp-display-pn-me432-monitor-profesional-sharp-de-43-uhd-3840-x-2160-18-7-400-cd-m2-cont-12001-usb-c-hdcp-3-hdmi-android-13-con-3aos-de-garantia\/\",\"url\":\"https:\/\/compuviper.mx\/tienda\/producto\/sharp-display-pn-me432-monitor-profesional-sharp-de-43-uhd-3840-x-2160-18-7-400-cd-m2-cont-12001-usb-c-hdcp-3-hdmi-android-13-con-3aos-de-garantia\/\",\"name\":\"[ Sharp Display ] &#129351; Pn-me432 Monitor Profesional Sharp De 43 Uhd 3840 X 2160 18\/7, 400 Cd\/m2 Cont 12001 Usb-c Hdcp 3 Hdmi Android 13 Con 3a\u00f1os De Garantia\",\"isPartOf\":{\"@id\":\"https:\/\/compuviper.mx\/tienda\/#website\"},\"datePublished\":\"2026-04-25T06:41:57+00:00\",\"dateModified\":\"2026-04-25T06:41:57+00:00\",\"description\":\"Compra Pn-me432 Monitor Profesional Sharp De 43 Uhd 3840 X 2160 18\/7, 400 Cd\/m2 Cont 12001 Usb-c Hdcp 3 Hdmi Android 13 Con 3a\u00f1os De Garantia + Env\u00edo a domicilio + Pago seguro + Garant\u00eda\",\"breadcrumb\":{\"@id\":\"https:\/\/compuviper.mx\/tienda\/producto\/sharp-display-pn-me432-monitor-profesional-sharp-de-43-uhd-3840-x-2160-18-7-400-cd-m2-cont-12001-usb-c-hdcp-3-hdmi-android-13-con-3aos-de-garantia\/#breadcrumb\"},\"inLanguage\":\"es-MX\",\"potentialAction\":[{\"@type\":\"ReadAction\",\"target\":[\"https:\/\/compuviper.mx\/tienda\/producto\/sharp-display-pn-me432-monitor-profesional-sharp-de-43-uhd-3840-x-2160-18-7-400-cd-m2-cont-12001-usb-c-hdcp-3-hdmi-android-13-con-3aos-de-garantia\/\"]}]},{\"@type\":\"BreadcrumbList\",\"@id\":\"https:\/\/compuviper.mx\/tienda\/producto\/sharp-display-pn-me432-monitor-profesional-sharp-de-43-uhd-3840-x-2160-18-7-400-cd-m2-cont-12001-usb-c-hdcp-3-hdmi-android-13-con-3aos-de-garantia\/#breadcrumb\",\"itemListElement\":[{\"@type\":\"ListItem\",\"position\":1,\"name\":\"Inicio\",\"item\":\"https:\/\/compuviper.mx\/tienda\/\"},{\"@type\":\"ListItem\",\"position\":2,\"name\":\"Productos\",\"item\":\"https:\/\/compuviper.mx\/tienda\/productos\/\"},{\"@type\":\"ListItem\",\"position\":3,\"name\":\"Monitores\",\"item\":\"https:\/\/compuviper.mx\/tienda\/categoria-producto\/monitores\/\"},{\"@type\":\"ListItem\",\"position\":4,\"name\":\"Led\",\"item\":\"https:\/\/compuviper.mx\/tienda\/categoria-producto\/monitores\/led\/\"},{\"@type\":\"ListItem\",\"position\":5,\"name\":\"Sharp Display Pn-me432 Monitor Profesional Sharp De 43 Uhd 3840 X 2160 18\/7, 400 Cd\/m2 Cont 12001 Usb-c Hdcp 3 Hdmi Android 13 Con 3a?os De Garantia\"}]},{\"@type\":\"WebSite\",\"@id\":\"https:\/\/compuviper.mx\/tienda\/#website\",\"url\":\"https:\/\/compuviper.mx\/tienda\/\",\"name\":\"Compuviper\",\"description\":\"Proveedor de Computadoras, Laptops, Servidores, Monitores, Puntos de Venta, Teclados,   Impresoras, T\u00f3ner, C\u00e1maras de Seguridad y m\u00e1s en tu tienda en l\u00ednea\",\"publisher\":{\"@id\":\"https:\/\/compuviper.mx\/tienda\/#organization\"},\"potentialAction\":[{\"@type\":\"SearchAction\",\"target\":{\"@type\":\"EntryPoint\",\"urlTemplate\":\"https:\/\/compuviper.mx\/tienda\/?s={search_term_string}\"},\"query-input\":\"required name=search_term_string\"}],\"inLanguage\":\"es-MX\"},{\"@type\":\"Organization\",\"@id\":\"https:\/\/compuviper.mx\/tienda\/#organization\",\"name\":\"Compuviper\",\"url\":\"https:\/\/compuviper.mx\/tienda\/\",\"logo\":{\"@type\":\"ImageObject\",\"inLanguage\":\"es-MX\",\"@id\":\"https:\/\/compuviper.mx\/tienda\/#\/schema\/logo\/image\/\",\"url\":\"https:\/\/compuviper.mx\/tienda\/wp-content\/uploads\/2021\/08\/Logo-Compuviper-10.png\",\"contentUrl\":\"https:\/\/compuviper.mx\/tienda\/wp-content\/uploads\/2021\/08\/Logo-Compuviper-10.png\",\"width\":1000,\"height\":500,\"caption\":\"Compuviper\"},\"image\":{\"@id\":\"https:\/\/compuviper.mx\/tienda\/#\/schema\/logo\/image\/\"},\"sameAs\":[\"https:\/\/www.facebook.com\/compuviper\",\"https:\/\/www.youtube.com\/channel\/UCf73dERp9Y3cfOq7q8BhLjA?view_as=subscriber\"]}]}<\/script>\n<meta property=\"product:brand\" content=\"Sharp Display\" \/>\n<meta property=\"product:price:amount\" content=\"12617\" \/>\n<meta property=\"product:price:currency\" content=\"MXN\" \/>\n<meta property=\"og:availability\" content=\"out of stock\" \/>\n<meta property=\"product:availability\" content=\"out of stock\" \/>\n<meta property=\"product:retailer_item_id\" content=\"PN-ME432\" \/>\n<meta property=\"product:condition\" content=\"new\" \/>\n<!-- \/ Yoast SEO plugin. -->","yoast_head_json":{"title":"[ Sharp Display ] &#129351; Pn-me432 Monitor Profesional Sharp De 43 Uhd 3840 X 2160 18\/7, 400 Cd\/m2 Cont 12001 Usb-c Hdcp 3 Hdmi Android 13 Con 3a\u00f1os De Garantia","description":"Compra Pn-me432 Monitor Profesional Sharp De 43 Uhd 3840 X 2160 18\/7, 400 Cd\/m2 Cont 12001 Usb-c Hdcp 3 Hdmi Android 13 Con 3a\u00f1os De Garantia + Env\u00edo a domicilio + Pago seguro + Garant\u00eda","robots":{"index":"index","follow":"follow","max-snippet":"max-snippet:-1","max-image-preview":"max-image-preview:large","max-video-preview":"max-video-preview:-1"},"canonical":"https:\/\/compuviper.mx\/tienda\/producto\/sharp-display-pn-me432-monitor-profesional-sharp-de-43-uhd-3840-x-2160-18-7-400-cd-m2-cont-12001-usb-c-hdcp-3-hdmi-android-13-con-3aos-de-garantia\/","og_locale":"es_MX","og_type":"article","og_title":"[ Sharp Display ] &#129351; Pn-me432 Monitor Profesional Sharp De 43 Uhd 3840 X 2160 18\/7, 400 Cd\/m2 Cont 12001 Usb-c Hdcp 3 Hdmi Android 13 Con 3a\u00f1os De Garantia","og_description":"Compra Pn-me432 Monitor Profesional Sharp De 43 Uhd 3840 X 2160 18\/7, 400 Cd\/m2 Cont 12001 Usb-c Hdcp 3 Hdmi Android 13 Con 3a\u00f1os De Garantia + Env\u00edo a domicilio + Pago seguro + Garant\u00eda","og_url":"https:\/\/compuviper.mx\/tienda\/producto\/sharp-display-pn-me432-monitor-profesional-sharp-de-43-uhd-3840-x-2160-18-7-400-cd-m2-cont-12001-usb-c-hdcp-3-hdmi-android-13-con-3aos-de-garantia\/","og_site_name":"Compuviper","article_publisher":"https:\/\/www.facebook.com\/compuviper","og_image":[{"width":200,"height":200,"url":"https:\/\/compuviper.mx\/tienda\/wp-content\/uploads\/2024\/05\/Monitor-profesional-sharp-de-43\u0094-pn-me432-uhd-3840-x-2160-187-400-cdm2-cont-12001-usb-c-hdcp-3-hdmi-android-13-con-3anos-de-garantia.jpg","type":"image\/jpeg"}],"twitter_card":"summary_large_image","twitter_misc":{"Precio":"&#36;15,106 &#36;12,617 con IVA","Availability":"Out of stock"},"schema":{"@context":"https:\/\/schema.org","@graph":[{"@type":"WebPage","@id":"https:\/\/compuviper.mx\/tienda\/producto\/sharp-display-pn-me432-monitor-profesional-sharp-de-43-uhd-3840-x-2160-18-7-400-cd-m2-cont-12001-usb-c-hdcp-3-hdmi-android-13-con-3aos-de-garantia\/","url":"https:\/\/compuviper.mx\/tienda\/producto\/sharp-display-pn-me432-monitor-profesional-sharp-de-43-uhd-3840-x-2160-18-7-400-cd-m2-cont-12001-usb-c-hdcp-3-hdmi-android-13-con-3aos-de-garantia\/","name":"[ Sharp Display ] &#129351; Pn-me432 Monitor Profesional Sharp De 43 Uhd 3840 X 2160 18\/7, 400 Cd\/m2 Cont 12001 Usb-c Hdcp 3 Hdmi Android 13 Con 3a\u00f1os De Garantia","isPartOf":{"@id":"https:\/\/compuviper.mx\/tienda\/#website"},"datePublished":"2026-04-25T06:41:57+00:00","dateModified":"2026-04-25T06:41:57+00:00","description":"Compra Pn-me432 Monitor Profesional Sharp De 43 Uhd 3840 X 2160 18\/7, 400 Cd\/m2 Cont 12001 Usb-c Hdcp 3 Hdmi Android 13 Con 3a\u00f1os De Garantia + Env\u00edo a domicilio + Pago seguro + Garant\u00eda","breadcrumb":{"@id":"https:\/\/compuviper.mx\/tienda\/producto\/sharp-display-pn-me432-monitor-profesional-sharp-de-43-uhd-3840-x-2160-18-7-400-cd-m2-cont-12001-usb-c-hdcp-3-hdmi-android-13-con-3aos-de-garantia\/#breadcrumb"},"inLanguage":"es-MX","potentialAction":[{"@type":"ReadAction","target":["https:\/\/compuviper.mx\/tienda\/producto\/sharp-display-pn-me432-monitor-profesional-sharp-de-43-uhd-3840-x-2160-18-7-400-cd-m2-cont-12001-usb-c-hdcp-3-hdmi-android-13-con-3aos-de-garantia\/"]}]},{"@type":"BreadcrumbList","@id":"https:\/\/compuviper.mx\/tienda\/producto\/sharp-display-pn-me432-monitor-profesional-sharp-de-43-uhd-3840-x-2160-18-7-400-cd-m2-cont-12001-usb-c-hdcp-3-hdmi-android-13-con-3aos-de-garantia\/#breadcrumb","itemListElement":[{"@type":"ListItem","position":1,"name":"Inicio","item":"https:\/\/compuviper.mx\/tienda\/"},{"@type":"ListItem","position":2,"name":"Productos","item":"https:\/\/compuviper.mx\/tienda\/productos\/"},{"@type":"ListItem","position":3,"name":"Monitores","item":"https:\/\/compuviper.mx\/tienda\/categoria-producto\/monitores\/"},{"@type":"ListItem","position":4,"name":"Led","item":"https:\/\/compuviper.mx\/tienda\/categoria-producto\/monitores\/led\/"},{"@type":"ListItem","position":5,"name":"Sharp Display Pn-me432 Monitor Profesional Sharp De 43 Uhd 3840 X 2160 18\/7, 400 Cd\/m2 Cont 12001 Usb-c Hdcp 3 Hdmi Android 13 Con 3a?os De Garantia"}]},{"@type":"WebSite","@id":"https:\/\/compuviper.mx\/tienda\/#website","url":"https:\/\/compuviper.mx\/tienda\/","name":"Compuviper","description":"Proveedor de Computadoras, Laptops, Servidores, Monitores, Puntos de Venta, Teclados,   Impresoras, T\u00f3ner, C\u00e1maras de Seguridad y m\u00e1s en tu tienda en l\u00ednea","publisher":{"@id":"https:\/\/compuviper.mx\/tienda\/#organization"},"potentialAction":[{"@type":"SearchAction","target":{"@type":"EntryPoint","urlTemplate":"https:\/\/compuviper.mx\/tienda\/?s={search_term_string}"},"query-input":"required name=search_term_string"}],"inLanguage":"es-MX"},{"@type":"Organization","@id":"https:\/\/compuviper.mx\/tienda\/#organization","name":"Compuviper","url":"https:\/\/compuviper.mx\/tienda\/","logo":{"@type":"ImageObject","inLanguage":"es-MX","@id":"https:\/\/compuviper.mx\/tienda\/#\/schema\/logo\/image\/","url":"https:\/\/compuviper.mx\/tienda\/wp-content\/uploads\/2021\/08\/Logo-Compuviper-10.png","contentUrl":"https:\/\/compuviper.mx\/tienda\/wp-content\/uploads\/2021\/08\/Logo-Compuviper-10.png","width":1000,"height":500,"caption":"Compuviper"},"image":{"@id":"https:\/\/compuviper.mx\/tienda\/#\/schema\/logo\/image\/"},"sameAs":["https:\/\/www.facebook.com\/compuviper","https:\/\/www.youtube.com\/channel\/UCf73dERp9Y3cfOq7q8BhLjA?view_as=subscriber"]}]},"product_brand":"Sharp Display","product_price_amount":"12617","product_price_currency":"MXN","og_availability":"out of stock","product_availability":"out of stock","product_retailer_item_id":"PN-ME432","product_condition":"new"},"_links":{"self":[{"href":"https:\/\/compuviper.mx\/tienda\/wp-json\/wp\/v2\/product\/231099"}],"collection":[{"href":"https:\/\/compuviper.mx\/tienda\/wp-json\/wp\/v2\/product"}],"about":[{"href":"https:\/\/compuviper.mx\/tienda\/wp-json\/wp\/v2\/types\/product"}],"replies":[{"embeddable":true,"href":"https:\/\/compuviper.mx\/tienda\/wp-json\/wp\/v2\/comments?post=231099"}],"wp:featuredmedia":[{"embeddable":true,"href":"https:\/\/compuviper.mx\/tienda\/wp-json\/wp\/v2\/media\/234152"}],"wp:attachment":[{"href":"https:\/\/compuviper.mx\/tienda\/wp-json\/wp\/v2\/media?parent=231099"}],"wp:term":[{"taxonomy":"product_cat","embeddable":true,"href":"https:\/\/compuviper.mx\/tienda\/wp-json\/wp\/v2\/product_cat?post=231099"},{"taxonomy":"product_tag","embeddable":true,"href":"https:\/\/compuviper.mx\/tienda\/wp-json\/wp\/v2\/product_tag?post=231099"}],"curies":[{"name":"wp","href":"https:\/\/api.w.org\/{rel}","templated":true}]}}