{"id":231090,"date":"2026-04-17T02:01:39","date_gmt":"2026-04-17T08:01:39","guid":{"rendered":"https:\/\/compuviper.mx\/tienda\/producto\/synology-sa3400d-nas-12-bahias-doble-controladora-8-nucleos-2-1-base-2-7turbo-ghz-8-gb-ddr4-lan-1gbe-x2-lan-10gbe-x1-hasta-192-tb-y-con-unidades-de-expansin-hasta-576tb-hot-swap-intel-xeon-d-1541\/"},"modified":"2026-04-17T02:01:39","modified_gmt":"2026-04-17T08:01:39","slug":"synology-sa3400d-nas-12-bahias-doble-controladora-8-nucleos-2-1-base-2-7turbo-ghz-8-gb-ddr4-lan-1gbe-x2-lan-10gbe-x1-hasta-192-tb-y-con-unidades-de-expansin-hasta-576tb-hot-swap-intel-xeon-d-1541","status":"publish","type":"product","link":"https:\/\/compuviper.mx\/tienda\/producto\/synology-sa3400d-nas-12-bahias-doble-controladora-8-nucleos-2-1-base-2-7turbo-ghz-8-gb-ddr4-lan-1gbe-x2-lan-10gbe-x1-hasta-192-tb-y-con-unidades-de-expansin-hasta-576tb-hot-swap-intel-xeon-d-1541\/","title":{"rendered":"Synology Sa3400d Nas   12 Bahias\/doble Controladora 8 Nucleos 2.1 Base 2.7turbo Ghz\/8 Gb Ddr4\/lan 1gbe X2 \/lan 10gbe X1\/hasta 192 Tb Y Con Unidades De Expansin Hasta 576tb\/hot-swap\/ Intel Xeon D-1541"},"content":{"rendered":"<table class=\"descripcion\">\n<tr>\n<td>Descripcion tecnica<\/td>\n<\/tr>\n<tr>\n<td>Especificaciones de hardware<\/td>\n<\/tr>\n<tr>\n<td>Controlador<\/td>\n<\/tr>\n<tr>\n<td>N\u00famero de m\u00f3dulos de controlador 2<\/td>\n<\/tr>\n<tr>\n<td>Cpu<\/td>\n<\/tr>\n<tr>\n<td>Modelo de cpu intel xeon d-1541<\/td>\n<\/tr>\n<tr>\n<td>Cantidad de cpu 1 (por controlador)<\/td>\n<\/tr>\n<tr>\n<td>Arquitectura de cpu 64-bit<\/td>\n<\/tr>\n<tr>\n<td>Frecuencia de cpu 8-core 2.1 (base) \/ 2.7 (turbo) ghz<\/td>\n<\/tr>\n<tr>\n<td>Motor de cifrado de hardware (aes-ni):     si<\/td>\n<\/tr>\n<tr>\n<td>Memoria<\/td>\n<\/tr>\n<tr>\n<td>Memoria del sistema 8 gb ddr4 ecc udimm (por controlador)<\/td>\n<\/tr>\n<tr>\n<td>M\u00f3dulo de memoria preinstalado 8 gb (8 gb x 1) (por controlador)<\/td>\n<\/tr>\n<tr>\n<td>Ranuras de memoria totales 4 (por controlador)<\/td>\n<\/tr>\n<tr>\n<td>Capacidad de memoria m\u00e1xima 64 gb (16 gb x 4) (por controlador)<\/td>\n<\/tr>\n<tr>\n<td>Notas<\/td>\n<\/tr>\n<tr>\n<td>Synology se reserva el derecho a sustituir m\u00f3dulos de memoria con la misma frecuencia o una frecuencia mayor, en funci\u00f3n del estado del ciclo de vida del producto del proveedor. aseg\u00farese de que la compatibilidad y la estabilidad se han comprobado rigurosamente con los mismos criterios para garantizar que el rendimiento sea id\u00e9ntico.<\/td>\n<\/tr>\n<tr>\n<td>Seleccione m\u00f3dulos de memoria de synology para disfrutar de una compatibilidad y fiabilidad \u00f3ptimas. synology no ofrecer\u00e1 servicio de soporte t\u00e9cnico ni la garant\u00eda del producto en su totalidad si se utilizan m\u00f3dulos de memoria de un fabricante distinto de synology para la ampliaci\u00f3n de la memoria.<\/td>\n<\/tr>\n<tr>\n<td>No se recomienda instalar m\u00f3dulos de memoria con diferentes capacidades. consulte la gu\u00eda de instalaci\u00f3n de hardware de su producto synology para saber cu\u00e1les son las configuraciones de memoria recomendadas.<\/td>\n<\/tr>\n<tr>\n<td>Almacenamiento<\/td>\n<\/tr>\n<tr>\n<td>Recept\u00e1culo(s) de unidad 12<\/td>\n<\/tr>\n<tr>\n<td>Recept\u00e1culos de unidad m\u00e1x. con la unidad de expansi\u00f3n 36 (rxd1219sas x 2)<\/td>\n<\/tr>\n<tr>\n<td>Tipo de unidad compatible<\/td>\n<\/tr>\n<tr>\n<td>Hdd sas de doble puerto de 3,5\u0094<\/td>\n<\/tr>\n<tr>\n<td>Ssd sas de doble puerto de 2,5\u0094<\/td>\n<\/tr>\n<tr>\n<td>Unidad de intercambio en caliente:      si<\/td>\n<\/tr>\n<tr>\n<td>Notas<\/td>\n<\/tr>\n<tr>\n<td>Synology solo garantiza la funcionalidad, la fiabilidad y el rendimiento completos de las unidades synology enumeradas en la lista de compatibilidad. el uso de componentes no validados puede limitar ciertas funciones y provocar la p\u00e9rdida de datos y la inestabilidad del sistema.<\/td>\n<\/tr>\n<tr>\n<td>Tipo de unidad compatible indica las unidades cuya compatibilidad con los productos synology ha sido probada. este t\u00e9rmino no indica la velocidad de conexi\u00f3n m\u00e1xima para cada bah\u00eda de unidad.<\/td>\n<\/tr>\n<tr>\n<td>Puertos externos<\/td>\n<\/tr>\n<tr>\n<td>Puerto rj-45 1gbe lan 2 (con soporte de conmutaci\u00f3n por error \/ link aggregation) (por controlador)<\/td>\n<\/tr>\n<tr>\n<td>Puerto rj-45 10gbe lan 1 (por controlador)<\/td>\n<\/tr>\n<tr>\n<td>Puerto de expansi\u00f3n 1<\/td>\n<\/tr>\n<tr>\n<td>Notas los puertos lan de 1 gbe de este dispositivo tienen un tama\u00f1o de unidad de transmisi\u00f3n m\u00e1xima (mtu) de 1500 bytes.<\/td>\n<\/tr>\n<tr>\n<td>Pcie<\/td>\n<\/tr>\n<tr>\n<td>Expansi\u00f3n pcie 1 x gen3 x8 slot (x8 link) (por controlador)<\/td>\n<\/tr>\n<tr>\n<td>Apariencia<\/td>\n<\/tr>\n<tr>\n<td>Factor de forma (ru) 2u<\/td>\n<\/tr>\n<tr>\n<td>Tama\u00f1o<\/td>\n<\/tr>\n<tr>\n<td>(altura x anchura x profundidad)<\/td>\n<\/tr>\n<tr>\n<td>88 mm x 482 mm x 724 mm<\/td>\n<\/tr>\n<tr>\n<td>Peso 19.7 kg<\/td>\n<\/tr>\n<tr>\n<td>Soporte para instalaci\u00f3n en bastidor* bastidor de 4 postes de 19 (synology rail kit: rks-02)<\/td>\n<\/tr>\n<tr>\n<td>Notas el kit de ra\u00edles se vende por separado<\/td>\n<\/tr>\n<tr>\n<td>Otros<\/td>\n<\/tr>\n<tr>\n<td>Ventilador del sistema 60 mm x 60 mm x 2 pcs<\/td>\n<\/tr>\n<tr>\n<td>Modo de velocidad de ventilador<\/td>\n<\/tr>\n<tr>\n<td>Modo velocidad completa<\/td>\n<\/tr>\n<tr>\n<td>Modo fresco<\/td>\n<\/tr>\n<tr>\n<td>Modo silencioso<\/td>\n<\/tr>\n<tr>\n<td>F\u00e1cil sustituci\u00f3n de ventilador del sistema:     si<\/td>\n<\/tr>\n<tr>\n<td>Recuperaci\u00f3n de energ\u00eda:       si<\/td>\n<\/tr>\n<tr>\n<td>Nivel de ruido* 51.3 db(a)<\/td>\n<\/tr>\n<tr>\n<td>Fuente \/ adaptador de alimentaci\u00f3n 500 w<\/td>\n<\/tr>\n<tr>\n<td>Fuente de alimentaci\u00f3n redundante:     si<\/td>\n<\/tr>\n<tr>\n<td>Voltaje de alimentaci\u00f3n de entrada ca 100v to 240v ac<\/td>\n<\/tr>\n<tr>\n<td>Frecuencia de alimentaci\u00f3n 50\/60 hz, monof\u00e1sico<\/td>\n<\/tr>\n<tr>\n<td>Consumo de energ\u00eda 257.78 w (acceso)<\/td>\n<\/tr>\n<tr>\n<td>British thermal unit 879.58 btu\/hr (acceso)<\/td>\n<\/tr>\n<tr>\n<td>Notas<\/td>\n<\/tr>\n<tr>\n<td>Consumo de energ\u00eda medido cuando la unidad (o unidades) de disco duro synology 12tb has5300-12t se ha(n) cargado completamente.<\/td>\n<\/tr>\n<tr>\n<td>Entorno de comprobaci\u00f3n del nivel de ruido: totalmente cargado con unidades de disco duro synology has5300-8t en estado inactivo. dos micr\u00f3fonos g.r.a.s. type 40ae, cada uno instalado a 1 metro del synology nas en la parte delantera y trasera. ruido de fondo: 16,49-17,51 db(a);<\/td>\n<\/tr>\n<tr>\n<td>Temperatura: 24,25-25,75 and #730;c; humedad: 58,2-61,8 %<\/td>\n<\/tr>\n<tr>\n<td>Temperatura<\/td>\n<\/tr>\n<tr>\n<td>Temperatura operativa 0\u00b0c a 35\u00b0c (32\u00b0f a 95\u00b0f)<\/td>\n<\/tr>\n<tr>\n<td>Temperatura de almacenamiento -20\u00b0c a 60\u00b0c (-5\u00b0f a 140\u00b0f)<\/td>\n<\/tr>\n<tr>\n<td>Humedad relativa 5% a 95% rh<\/td>\n<\/tr>\n<tr>\n<td>Certificaci\u00f3n<\/td>\n<\/tr>\n<tr>\n<td>Fcc<\/td>\n<\/tr>\n<tr>\n<td>Ce<\/td>\n<\/tr>\n<tr>\n<td>Bsmi<\/td>\n<\/tr>\n<tr>\n<td>Vcci<\/td>\n<\/tr>\n<tr>\n<td>Ukca<\/td>\n<\/tr>\n<tr>\n<td>Eac<\/td>\n<\/tr>\n<tr>\n<td>Ccc<\/td>\n<\/tr>\n<tr>\n<td>Kc<\/td>\n<\/tr>\n<tr>\n<td>Rcm<\/td>\n<\/tr>\n<tr>\n<td>Garant\u00eda<\/td>\n<\/tr>\n<tr>\n<td>5 a\u00f1os<\/td>\n<\/tr>\n<tr>\n<td>Entorno<\/td>\n<\/tr>\n<tr>\n<td>Conforme con rohs<\/td>\n<\/tr>\n<tr>\n<td>Contenido del paquete<\/td>\n<\/tr>\n<tr>\n<td>Unidad principal x 1<\/td>\n<\/tr>\n<tr>\n<td>Paquete de accesorios x 1<\/td>\n<\/tr>\n<tr>\n<td>Cable de alimentaci\u00f3n ca x 2<\/td>\n<\/tr>\n<tr>\n<td>Gu\u00eda de instalaci\u00f3n r\u00e1pida x 1<\/td>\n<\/tr>\n<tr>\n<td>Accesorios opcionales<\/td>\n<\/tr>\n<tr>\n<td>Ddr4 ecc udimm: d4ec-2666-8g\/d4ec-2666-16g<\/td>\n<\/tr>\n<tr>\n<td>Unidades de expansi\u00f3n: rxd1219sas<\/td>\n<\/tr>\n<tr>\n<td>Hdd sas de 3,5 serie enterprise: serie has5300<\/td>\n<\/tr>\n<tr>\n<td>25gbe tarjeta de interfaz de red: e25g30-f2<\/td>\n<\/tr>\n<tr>\n<td>10gbe tarjeta de interfaz de red: e10g21-f2\/e10g30-t2\/e10g18-t1<\/td>\n<\/tr>\n<tr>\n<td>Kit de ra\u00edles deslizantes: rks-02<\/td>\n<\/tr>\n<tr>\n<td>Notas no se recomienda instalar m\u00f3dulos de memoria con diferentes capacidades. consulte la gu\u00eda de instalaci\u00f3n de hardware de su producto synology para saber cu\u00e1les son las configuraciones de memoria recomendadas.<\/td>\n<\/tr>\n<\/table>\n","protected":false},"excerpt":{"rendered":"<p>Descripcion comercial. Dise\u00f1ado para un almacenamiento de datos fiable y vers\u00e1til, el nas de controlador dual synology sa3400d proporciona una soluci\u00f3n rentable y compacta de alta disponibilidad para empresas de todos los tama\u00f1os. Con hasta 192 tb de capacidad de almacenamiento crudo (576 tb cuando se expande por completo), este servidor empresarial de 12 bah\u00edas es igualmente adecuado para el almacenamiento de archivos y bloques. Minimice el tiempo de inactividad en la disponibilidad del servicio con dos nodos de controlador en una configuraci\u00f3n activa-pasiva y fuentes de alimentaci\u00f3n duales intercambiables en caliente. Las soluciones avanzadas de copia de seguridad y gesti\u00f3n de datos para puntos finales f\u00edsicos, m\u00e1quinas virtuales y aplicaciones saas est\u00e1n disponibles en el sistema operativo synology diskstation manager (dsm).<\/p>\n","protected":false},"featured_media":234539,"comment_status":"open","ping_status":"open","template":"","meta":[],"product_cat":[1803,1804],"product_tag":[1561],"acf":[],"yoast_head":"<!-- This site is optimized with the Yoast SEO plugin v21.7 - https:\/\/yoast.com\/wordpress\/plugins\/seo\/ -->\n<title>[ Synology ] &#129351; Sa3400d Nas 12 Bahias\/doble Controladora 8 Nucleos 2.1 Base 2.7turbo Ghz\/8 Gb Ddr4\/lan 1gbe X2 \/lan 10gbe X1\/hasta 192 Tb Y Con Unidades De Expansin Hasta 576tb\/hot-swap\/ Intel Xeon D-1541<\/title>\n<meta name=\"description\" content=\"Compra Sa3400d Nas 12 Bahias\/doble Controladora 8 Nucleos 2.1 Base 2.7turbo Ghz\/8 Gb Ddr4\/lan 1gbe X2 \/lan 10gbe X1\/hasta 192 Tb Y Con Unidades De Expansin Hasta 576tb\/hot-swap\/ Intel Xeon D-1541 + Env\u00edo a domicilio + Pago seguro + Garant\u00eda\" \/>\n<meta name=\"robots\" content=\"index, follow, max-snippet:-1, max-image-preview:large, max-video-preview:-1\" \/>\n<link rel=\"canonical\" href=\"https:\/\/compuviper.mx\/tienda\/producto\/synology-sa3400d-nas-12-bahias-doble-controladora-8-nucleos-2-1-base-2-7turbo-ghz-8-gb-ddr4-lan-1gbe-x2-lan-10gbe-x1-hasta-192-tb-y-con-unidades-de-expansin-hasta-576tb-hot-swap-intel-xeon-d-1541\/\" \/>\n<meta property=\"og:locale\" content=\"es_MX\" \/>\n<meta property=\"og:type\" content=\"article\" \/>\n<meta property=\"og:title\" content=\"[ Synology ] &#129351; Sa3400d Nas 12 Bahias\/doble Controladora 8 Nucleos 2.1 Base 2.7turbo Ghz\/8 Gb Ddr4\/lan 1gbe X2 \/lan 10gbe X1\/hasta 192 Tb Y Con Unidades De Expansin Hasta 576tb\/hot-swap\/ Intel Xeon D-1541\" \/>\n<meta property=\"og:description\" content=\"Compra Sa3400d Nas 12 Bahias\/doble Controladora 8 Nucleos 2.1 Base 2.7turbo Ghz\/8 Gb Ddr4\/lan 1gbe X2 \/lan 10gbe X1\/hasta 192 Tb Y Con Unidades De Expansin Hasta 576tb\/hot-swap\/ Intel Xeon D-1541 + Env\u00edo a domicilio + Pago seguro + Garant\u00eda\" \/>\n<meta property=\"og:url\" content=\"https:\/\/compuviper.mx\/tienda\/producto\/synology-sa3400d-nas-12-bahias-doble-controladora-8-nucleos-2-1-base-2-7turbo-ghz-8-gb-ddr4-lan-1gbe-x2-lan-10gbe-x1-hasta-192-tb-y-con-unidades-de-expansin-hasta-576tb-hot-swap-intel-xeon-d-1541\/\" \/>\n<meta property=\"og:site_name\" content=\"Compuviper\" \/>\n<meta property=\"article:publisher\" content=\"https:\/\/www.facebook.com\/compuviper\" \/>\n<meta property=\"og:image\" content=\"https:\/\/compuviper.mx\/tienda\/wp-content\/uploads\/2024\/05\/Nas-synology-sa3400d-12-bahiasdoble-controladora-8-nucleos-2.1-base-2.7turbo-ghz8-gb-ddr4lan-1gbe-x2-lan-10gbe-x1hasta-192-tb-y-con-unidades-de-expansin-hasta-576tbhot-swap-intel-xeon-d-1541.jpg\" \/>\n\t<meta property=\"og:image:width\" content=\"200\" \/>\n\t<meta property=\"og:image:height\" content=\"200\" \/>\n\t<meta property=\"og:image:type\" content=\"image\/jpeg\" \/>\n<meta name=\"twitter:card\" content=\"summary_large_image\" \/>\n<meta name=\"twitter:label1\" content=\"Precio\" \/>\n\t<meta name=\"twitter:data1\" content=\"&#36;213,297 con IVA\" \/>\n\t<meta name=\"twitter:label2\" content=\"Availability\" \/>\n\t<meta name=\"twitter:data2\" content=\"On backorder\" \/>\n<script type=\"application\/ld+json\" class=\"yoast-schema-graph\">{\"@context\":\"https:\/\/schema.org\",\"@graph\":[{\"@type\":\"WebPage\",\"@id\":\"https:\/\/compuviper.mx\/tienda\/producto\/synology-sa3400d-nas-12-bahias-doble-controladora-8-nucleos-2-1-base-2-7turbo-ghz-8-gb-ddr4-lan-1gbe-x2-lan-10gbe-x1-hasta-192-tb-y-con-unidades-de-expansin-hasta-576tb-hot-swap-intel-xeon-d-1541\/\",\"url\":\"https:\/\/compuviper.mx\/tienda\/producto\/synology-sa3400d-nas-12-bahias-doble-controladora-8-nucleos-2-1-base-2-7turbo-ghz-8-gb-ddr4-lan-1gbe-x2-lan-10gbe-x1-hasta-192-tb-y-con-unidades-de-expansin-hasta-576tb-hot-swap-intel-xeon-d-1541\/\",\"name\":\"[ Synology ] &#129351; Sa3400d Nas 12 Bahias\/doble Controladora 8 Nucleos 2.1 Base 2.7turbo Ghz\/8 Gb Ddr4\/lan 1gbe X2 \/lan 10gbe X1\/hasta 192 Tb Y Con Unidades De Expansin Hasta 576tb\/hot-swap\/ Intel Xeon D-1541\",\"isPartOf\":{\"@id\":\"https:\/\/compuviper.mx\/tienda\/#website\"},\"datePublished\":\"2026-04-17T08:01:39+00:00\",\"dateModified\":\"2026-04-17T08:01:39+00:00\",\"description\":\"Compra Sa3400d Nas 12 Bahias\/doble Controladora 8 Nucleos 2.1 Base 2.7turbo Ghz\/8 Gb Ddr4\/lan 1gbe X2 \/lan 10gbe X1\/hasta 192 Tb Y Con Unidades De Expansin Hasta 576tb\/hot-swap\/ Intel Xeon D-1541 + Env\u00edo a domicilio + Pago seguro + Garant\u00eda\",\"breadcrumb\":{\"@id\":\"https:\/\/compuviper.mx\/tienda\/producto\/synology-sa3400d-nas-12-bahias-doble-controladora-8-nucleos-2-1-base-2-7turbo-ghz-8-gb-ddr4-lan-1gbe-x2-lan-10gbe-x1-hasta-192-tb-y-con-unidades-de-expansin-hasta-576tb-hot-swap-intel-xeon-d-1541\/#breadcrumb\"},\"inLanguage\":\"es-MX\",\"potentialAction\":[{\"@type\":\"ReadAction\",\"target\":[\"https:\/\/compuviper.mx\/tienda\/producto\/synology-sa3400d-nas-12-bahias-doble-controladora-8-nucleos-2-1-base-2-7turbo-ghz-8-gb-ddr4-lan-1gbe-x2-lan-10gbe-x1-hasta-192-tb-y-con-unidades-de-expansin-hasta-576tb-hot-swap-intel-xeon-d-1541\/\"]}]},{\"@type\":\"BreadcrumbList\",\"@id\":\"https:\/\/compuviper.mx\/tienda\/producto\/synology-sa3400d-nas-12-bahias-doble-controladora-8-nucleos-2-1-base-2-7turbo-ghz-8-gb-ddr4-lan-1gbe-x2-lan-10gbe-x1-hasta-192-tb-y-con-unidades-de-expansin-hasta-576tb-hot-swap-intel-xeon-d-1541\/#breadcrumb\",\"itemListElement\":[{\"@type\":\"ListItem\",\"position\":1,\"name\":\"Inicio\",\"item\":\"https:\/\/compuviper.mx\/tienda\/\"},{\"@type\":\"ListItem\",\"position\":2,\"name\":\"Productos\",\"item\":\"https:\/\/compuviper.mx\/tienda\/productos\/\"},{\"@type\":\"ListItem\",\"position\":3,\"name\":\"Almacenamiento\",\"item\":\"https:\/\/compuviper.mx\/tienda\/categoria-producto\/almacenamiento\/\"},{\"@type\":\"ListItem\",\"position\":4,\"name\":\"Sistema De Almacenamiento\",\"item\":\"https:\/\/compuviper.mx\/tienda\/categoria-producto\/almacenamiento\/sistema-de-almacenamiento\/\"},{\"@type\":\"ListItem\",\"position\":5,\"name\":\"Synology Sa3400d Nas 12 Bahias\/doble Controladora 8 Nucleos 2.1 Base 2.7turbo Ghz\/8 Gb Ddr4\/lan 1gbe X2 \/lan 10gbe X1\/hasta 192 Tb Y Con Unidades De Expansin Hasta 576tb\/hot-swap\/ Intel Xeon D-1541\"}]},{\"@type\":\"WebSite\",\"@id\":\"https:\/\/compuviper.mx\/tienda\/#website\",\"url\":\"https:\/\/compuviper.mx\/tienda\/\",\"name\":\"Compuviper\",\"description\":\"Proveedor de Computadoras, Laptops, Servidores, Monitores, Puntos de Venta, Teclados,   Impresoras, T\u00f3ner, C\u00e1maras de Seguridad y m\u00e1s en tu tienda en l\u00ednea\",\"publisher\":{\"@id\":\"https:\/\/compuviper.mx\/tienda\/#organization\"},\"potentialAction\":[{\"@type\":\"SearchAction\",\"target\":{\"@type\":\"EntryPoint\",\"urlTemplate\":\"https:\/\/compuviper.mx\/tienda\/?s={search_term_string}\"},\"query-input\":\"required name=search_term_string\"}],\"inLanguage\":\"es-MX\"},{\"@type\":\"Organization\",\"@id\":\"https:\/\/compuviper.mx\/tienda\/#organization\",\"name\":\"Compuviper\",\"url\":\"https:\/\/compuviper.mx\/tienda\/\",\"logo\":{\"@type\":\"ImageObject\",\"inLanguage\":\"es-MX\",\"@id\":\"https:\/\/compuviper.mx\/tienda\/#\/schema\/logo\/image\/\",\"url\":\"https:\/\/compuviper.mx\/tienda\/wp-content\/uploads\/2021\/08\/Logo-Compuviper-10.png\",\"contentUrl\":\"https:\/\/compuviper.mx\/tienda\/wp-content\/uploads\/2021\/08\/Logo-Compuviper-10.png\",\"width\":1000,\"height\":500,\"caption\":\"Compuviper\"},\"image\":{\"@id\":\"https:\/\/compuviper.mx\/tienda\/#\/schema\/logo\/image\/\"},\"sameAs\":[\"https:\/\/www.facebook.com\/compuviper\",\"https:\/\/www.youtube.com\/channel\/UCf73dERp9Y3cfOq7q8BhLjA?view_as=subscriber\"]}]}<\/script>\n<meta property=\"product:brand\" content=\"SYNOLOGY\" \/>\n<meta property=\"product:price:amount\" content=\"213297\" \/>\n<meta property=\"product:price:currency\" content=\"MXN\" \/>\n<meta property=\"og:availability\" content=\"backorder\" \/>\n<meta property=\"product:availability\" content=\"available for order\" \/>\n<meta property=\"product:retailer_item_id\" content=\"SA3400D\" \/>\n<meta property=\"product:condition\" content=\"new\" \/>\n<!-- \/ Yoast SEO plugin. -->","yoast_head_json":{"title":"[ Synology ] &#129351; Sa3400d Nas 12 Bahias\/doble Controladora 8 Nucleos 2.1 Base 2.7turbo Ghz\/8 Gb Ddr4\/lan 1gbe X2 \/lan 10gbe X1\/hasta 192 Tb Y Con Unidades De Expansin Hasta 576tb\/hot-swap\/ Intel Xeon D-1541","description":"Compra Sa3400d Nas 12 Bahias\/doble Controladora 8 Nucleos 2.1 Base 2.7turbo Ghz\/8 Gb Ddr4\/lan 1gbe X2 \/lan 10gbe X1\/hasta 192 Tb Y Con Unidades De Expansin Hasta 576tb\/hot-swap\/ Intel Xeon D-1541 + Env\u00edo a domicilio + Pago seguro + Garant\u00eda","robots":{"index":"index","follow":"follow","max-snippet":"max-snippet:-1","max-image-preview":"max-image-preview:large","max-video-preview":"max-video-preview:-1"},"canonical":"https:\/\/compuviper.mx\/tienda\/producto\/synology-sa3400d-nas-12-bahias-doble-controladora-8-nucleos-2-1-base-2-7turbo-ghz-8-gb-ddr4-lan-1gbe-x2-lan-10gbe-x1-hasta-192-tb-y-con-unidades-de-expansin-hasta-576tb-hot-swap-intel-xeon-d-1541\/","og_locale":"es_MX","og_type":"article","og_title":"[ Synology ] &#129351; Sa3400d Nas 12 Bahias\/doble Controladora 8 Nucleos 2.1 Base 2.7turbo Ghz\/8 Gb Ddr4\/lan 1gbe X2 \/lan 10gbe X1\/hasta 192 Tb Y Con Unidades De Expansin Hasta 576tb\/hot-swap\/ Intel Xeon D-1541","og_description":"Compra Sa3400d Nas 12 Bahias\/doble Controladora 8 Nucleos 2.1 Base 2.7turbo Ghz\/8 Gb Ddr4\/lan 1gbe X2 \/lan 10gbe X1\/hasta 192 Tb Y Con Unidades De Expansin Hasta 576tb\/hot-swap\/ Intel Xeon D-1541 + Env\u00edo a domicilio + Pago seguro + Garant\u00eda","og_url":"https:\/\/compuviper.mx\/tienda\/producto\/synology-sa3400d-nas-12-bahias-doble-controladora-8-nucleos-2-1-base-2-7turbo-ghz-8-gb-ddr4-lan-1gbe-x2-lan-10gbe-x1-hasta-192-tb-y-con-unidades-de-expansin-hasta-576tb-hot-swap-intel-xeon-d-1541\/","og_site_name":"Compuviper","article_publisher":"https:\/\/www.facebook.com\/compuviper","og_image":[{"width":200,"height":200,"url":"https:\/\/compuviper.mx\/tienda\/wp-content\/uploads\/2024\/05\/Nas-synology-sa3400d-12-bahiasdoble-controladora-8-nucleos-2.1-base-2.7turbo-ghz8-gb-ddr4lan-1gbe-x2-lan-10gbe-x1hasta-192-tb-y-con-unidades-de-expansin-hasta-576tbhot-swap-intel-xeon-d-1541.jpg","type":"image\/jpeg"}],"twitter_card":"summary_large_image","twitter_misc":{"Precio":"&#36;213,297 con IVA","Availability":"On backorder"},"schema":{"@context":"https:\/\/schema.org","@graph":[{"@type":"WebPage","@id":"https:\/\/compuviper.mx\/tienda\/producto\/synology-sa3400d-nas-12-bahias-doble-controladora-8-nucleos-2-1-base-2-7turbo-ghz-8-gb-ddr4-lan-1gbe-x2-lan-10gbe-x1-hasta-192-tb-y-con-unidades-de-expansin-hasta-576tb-hot-swap-intel-xeon-d-1541\/","url":"https:\/\/compuviper.mx\/tienda\/producto\/synology-sa3400d-nas-12-bahias-doble-controladora-8-nucleos-2-1-base-2-7turbo-ghz-8-gb-ddr4-lan-1gbe-x2-lan-10gbe-x1-hasta-192-tb-y-con-unidades-de-expansin-hasta-576tb-hot-swap-intel-xeon-d-1541\/","name":"[ Synology ] &#129351; Sa3400d Nas 12 Bahias\/doble Controladora 8 Nucleos 2.1 Base 2.7turbo Ghz\/8 Gb Ddr4\/lan 1gbe X2 \/lan 10gbe X1\/hasta 192 Tb Y Con Unidades De Expansin Hasta 576tb\/hot-swap\/ Intel Xeon D-1541","isPartOf":{"@id":"https:\/\/compuviper.mx\/tienda\/#website"},"datePublished":"2026-04-17T08:01:39+00:00","dateModified":"2026-04-17T08:01:39+00:00","description":"Compra Sa3400d Nas 12 Bahias\/doble Controladora 8 Nucleos 2.1 Base 2.7turbo Ghz\/8 Gb Ddr4\/lan 1gbe X2 \/lan 10gbe X1\/hasta 192 Tb Y Con Unidades De Expansin Hasta 576tb\/hot-swap\/ Intel Xeon D-1541 + Env\u00edo a domicilio + Pago seguro + Garant\u00eda","breadcrumb":{"@id":"https:\/\/compuviper.mx\/tienda\/producto\/synology-sa3400d-nas-12-bahias-doble-controladora-8-nucleos-2-1-base-2-7turbo-ghz-8-gb-ddr4-lan-1gbe-x2-lan-10gbe-x1-hasta-192-tb-y-con-unidades-de-expansin-hasta-576tb-hot-swap-intel-xeon-d-1541\/#breadcrumb"},"inLanguage":"es-MX","potentialAction":[{"@type":"ReadAction","target":["https:\/\/compuviper.mx\/tienda\/producto\/synology-sa3400d-nas-12-bahias-doble-controladora-8-nucleos-2-1-base-2-7turbo-ghz-8-gb-ddr4-lan-1gbe-x2-lan-10gbe-x1-hasta-192-tb-y-con-unidades-de-expansin-hasta-576tb-hot-swap-intel-xeon-d-1541\/"]}]},{"@type":"BreadcrumbList","@id":"https:\/\/compuviper.mx\/tienda\/producto\/synology-sa3400d-nas-12-bahias-doble-controladora-8-nucleos-2-1-base-2-7turbo-ghz-8-gb-ddr4-lan-1gbe-x2-lan-10gbe-x1-hasta-192-tb-y-con-unidades-de-expansin-hasta-576tb-hot-swap-intel-xeon-d-1541\/#breadcrumb","itemListElement":[{"@type":"ListItem","position":1,"name":"Inicio","item":"https:\/\/compuviper.mx\/tienda\/"},{"@type":"ListItem","position":2,"name":"Productos","item":"https:\/\/compuviper.mx\/tienda\/productos\/"},{"@type":"ListItem","position":3,"name":"Almacenamiento","item":"https:\/\/compuviper.mx\/tienda\/categoria-producto\/almacenamiento\/"},{"@type":"ListItem","position":4,"name":"Sistema De Almacenamiento","item":"https:\/\/compuviper.mx\/tienda\/categoria-producto\/almacenamiento\/sistema-de-almacenamiento\/"},{"@type":"ListItem","position":5,"name":"Synology Sa3400d Nas 12 Bahias\/doble Controladora 8 Nucleos 2.1 Base 2.7turbo Ghz\/8 Gb Ddr4\/lan 1gbe X2 \/lan 10gbe X1\/hasta 192 Tb Y Con Unidades De Expansin Hasta 576tb\/hot-swap\/ Intel Xeon D-1541"}]},{"@type":"WebSite","@id":"https:\/\/compuviper.mx\/tienda\/#website","url":"https:\/\/compuviper.mx\/tienda\/","name":"Compuviper","description":"Proveedor de Computadoras, Laptops, Servidores, Monitores, Puntos de Venta, Teclados,   Impresoras, T\u00f3ner, C\u00e1maras de Seguridad y m\u00e1s en tu tienda en l\u00ednea","publisher":{"@id":"https:\/\/compuviper.mx\/tienda\/#organization"},"potentialAction":[{"@type":"SearchAction","target":{"@type":"EntryPoint","urlTemplate":"https:\/\/compuviper.mx\/tienda\/?s={search_term_string}"},"query-input":"required name=search_term_string"}],"inLanguage":"es-MX"},{"@type":"Organization","@id":"https:\/\/compuviper.mx\/tienda\/#organization","name":"Compuviper","url":"https:\/\/compuviper.mx\/tienda\/","logo":{"@type":"ImageObject","inLanguage":"es-MX","@id":"https:\/\/compuviper.mx\/tienda\/#\/schema\/logo\/image\/","url":"https:\/\/compuviper.mx\/tienda\/wp-content\/uploads\/2021\/08\/Logo-Compuviper-10.png","contentUrl":"https:\/\/compuviper.mx\/tienda\/wp-content\/uploads\/2021\/08\/Logo-Compuviper-10.png","width":1000,"height":500,"caption":"Compuviper"},"image":{"@id":"https:\/\/compuviper.mx\/tienda\/#\/schema\/logo\/image\/"},"sameAs":["https:\/\/www.facebook.com\/compuviper","https:\/\/www.youtube.com\/channel\/UCf73dERp9Y3cfOq7q8BhLjA?view_as=subscriber"]}]},"product_brand":"SYNOLOGY","product_price_amount":"213297","product_price_currency":"MXN","og_availability":"backorder","product_availability":"available for order","product_retailer_item_id":"SA3400D","product_condition":"new"},"_links":{"self":[{"href":"https:\/\/compuviper.mx\/tienda\/wp-json\/wp\/v2\/product\/231090"}],"collection":[{"href":"https:\/\/compuviper.mx\/tienda\/wp-json\/wp\/v2\/product"}],"about":[{"href":"https:\/\/compuviper.mx\/tienda\/wp-json\/wp\/v2\/types\/product"}],"replies":[{"embeddable":true,"href":"https:\/\/compuviper.mx\/tienda\/wp-json\/wp\/v2\/comments?post=231090"}],"wp:featuredmedia":[{"embeddable":true,"href":"https:\/\/compuviper.mx\/tienda\/wp-json\/wp\/v2\/media\/234539"}],"wp:attachment":[{"href":"https:\/\/compuviper.mx\/tienda\/wp-json\/wp\/v2\/media?parent=231090"}],"wp:term":[{"taxonomy":"product_cat","embeddable":true,"href":"https:\/\/compuviper.mx\/tienda\/wp-json\/wp\/v2\/product_cat?post=231090"},{"taxonomy":"product_tag","embeddable":true,"href":"https:\/\/compuviper.mx\/tienda\/wp-json\/wp\/v2\/product_tag?post=231090"}],"curies":[{"name":"wp","href":"https:\/\/api.w.org\/{rel}","templated":true}]}}