{"id":231067,"date":"2026-04-02T00:35:52","date_gmt":"2026-04-02T06:35:52","guid":{"rendered":"https:\/\/compuviper.mx\/tienda\/producto\/synology-has5300-12t-disco-duro-interno-enterprise-3-5-12tb-sas-hasta-12gb-s-7200rpm-256mb-hot-plug-compatible-solo-para-equipos-de-la-serie-sa-uc-hd\/"},"modified":"2026-04-02T00:35:52","modified_gmt":"2026-04-02T06:35:52","slug":"synology-has5300-12t-disco-duro-interno-enterprise-3-5-12tb-sas-hasta-12gb-s-7200rpm-256mb-hot-plug-compatible-solo-para-equipos-de-la-serie-sa-uc-hd","status":"publish","type":"product","link":"https:\/\/compuviper.mx\/tienda\/producto\/synology-has5300-12t-disco-duro-interno-enterprise-3-5-12tb-sas-hasta-12gb-s-7200rpm-256mb-hot-plug-compatible-solo-para-equipos-de-la-serie-sa-uc-hd\/","title":{"rendered":"Synology Has5300-12t Disco Duro Interno  Enterprise 3.5 12tb Sas Hasta 12gb\/s 7200rpm 256mb Hot-plug Compatible Solo Para Equipos  De La Serie Sa ,uc, Hd."},"content":{"rendered":"<table class=\"descripcion\">\n<tr>\n<td>Especificaciones t\u00e9cnicas<\/td>\n<\/tr>\n<tr>\n<td>Especificaciones de hardware<\/td>\n<\/tr>\n<tr>\n<td>N\u00famero de modelo:     has5300-12t<\/td>\n<\/tr>\n<tr>\n<td>Capacidad:     12 tb<\/td>\n<\/tr>\n<tr>\n<td>Factor de forma:     3,5<\/td>\n<\/tr>\n<tr>\n<td>Interfaz sas:     12 gb\/s<\/td>\n<\/tr>\n<tr>\n<td>Tama\u00f1o del sector:     512e<\/td>\n<\/tr>\n<tr>\n<td>Rendimiento<\/td>\n<\/tr>\n<tr>\n<td>Velocidad de rotaci\u00f3n:    7200 rpm<\/td>\n<\/tr>\n<tr>\n<td>Velocidad de interfaz:     12,0 gb\/s, 6,0 gb\/s, 3,0 gb\/s, 1,5 gb\/s<\/td>\n<\/tr>\n<tr>\n<td>Tama\u00f1o de b\u00fafer:    256 mib<\/td>\n<\/tr>\n<tr>\n<td>Velocidad m\u00e1xima de transferencia de datos  sostenida (t\u00edp.) 230 mib\/s<\/td>\n<\/tr>\n<tr>\n<td>Fiabilidad<\/td>\n<\/tr>\n<tr>\n<td>Promedio de tiempo hasta aver\u00eda (mttf):    2 500 000 horas<\/td>\n<\/tr>\n<tr>\n<td>Clasificaci\u00f3n de carga de trabajo:     total de 550 tb transferidos al a\u00f1o<\/td>\n<\/tr>\n<tr>\n<td>Garant\u00eda:    5 a\u00f1os<\/td>\n<\/tr>\n<tr>\n<td>Consumo el\u00e9ctrico<\/td>\n<\/tr>\n<tr>\n<td>Tensi\u00f3n de alimentaci\u00f3n:     12 v (\u00b110 %)\/5 v (+10\/-7 %)<\/td>\n<\/tr>\n<tr>\n<td>Inactivo (t\u00edp.):   4,36 w<\/td>\n<\/tr>\n<tr>\n<td>Lectura\/escritura aleatoria 4kb q1 (t\u00edp.) 7,80 w<\/td>\n<\/tr>\n<tr>\n<td>Medioambiental<\/td>\n<\/tr>\n<tr>\n<td>Temperatura<\/td>\n<\/tr>\n<tr>\n<td>En funcionamiento de 5\u00b0c a 60\u00b0c (de 41\u00b0f a 140\u00b0f)<\/td>\n<\/tr>\n<tr>\n<td>No en funcionamiento de -40\u00b0c a 70 \u00b0c (de -40\u00b0f a 158 \u00b0f)<\/td>\n<\/tr>\n<tr>\n<td>Impacto<\/td>\n<\/tr>\n<tr>\n<td>En funcionamiento 686 m\/s2 {70 g} (duraci\u00f3n de 2 ms)<\/td>\n<\/tr>\n<tr>\n<td>No en funcionamiento 2.450 m\/s2 {250 g} (duraci\u00f3n de 2 ms)<\/td>\n<\/tr>\n<tr>\n<td>Vibraci\u00f3n<\/td>\n<\/tr>\n<tr>\n<td>En funcionamiento 7,35 m\/s2 {0,75 g} (de 5 a 300 hz), 2,45 m\/s2 {0,25 g} (de 300 a 500 hz)<\/td>\n<\/tr>\n<tr>\n<td>No en funcionamiento 29,4 m\/s2 {3,0 g} (de 5 a 500 hz)<\/td>\n<\/tr>\n<tr>\n<td>Altitud<\/td>\n<\/tr>\n<tr>\n<td>En funcionamiento de -305 m a 3.048 m<\/td>\n<\/tr>\n<tr>\n<td>No en funcionamiento de -305 m a 12.192 m<\/td>\n<\/tr>\n<tr>\n<td>Humedad relativa<\/td>\n<\/tr>\n<tr>\n<td>En funcionamiento de 5 % a 90 % de humedad relativa (sin condensaci\u00f3n)<\/td>\n<\/tr>\n<tr>\n<td>No en funcionamiento de 5 % a 95% de humedad relativa (sin condensaci\u00f3n)<\/td>\n<\/tr>\n<tr>\n<td>Otros<\/td>\n<\/tr>\n<tr>\n<td>Tama\u00f1o (al. x an. x pr.) 26,1 mm x 101,85 mm x 147 mm<\/td>\n<\/tr>\n<tr>\n<td>Peso 770 g 720 g<\/td>\n<\/tr>\n<tr>\n<td>Certificaci\u00f3n<\/td>\n<\/tr>\n<tr>\n<td>Ce, rcm, bsmi, kc, eac, ul, tuv, ices, ukca, rohs<\/td>\n<\/tr>\n<\/table>\n","protected":false},"excerpt":{"rendered":"<p>Descripcion comercial. Synology has5300 se ha dise\u00f1ado para satisfacer las necesidades de capacidad, eficiencia y fiabilidad de las implementaciones empresariales modernas. Dise\u00f1ada para gestionar cargas de trabajo de hasta 550 tb al a\u00f1o, permite que los sistemas host sirvan a grandes grupos de clientes simult\u00e1neos. Con un mttf de 2,5 millones de horas, has5300 cumple los m\u00e1s altos est\u00e1ndares de fiabilidad. Las unidades de disco duro sas synology has5300 se han desarrollado y probado espec\u00edficamente para ofrecer una integraci\u00f3n completa con nuestras gamas de sistemas de almacenamiento sa m\u00e1s escalables y uc con mayor disponibilidad del servicio. Debido a que permiten que sus aplicaciones aprovechen al m\u00e1ximo el ancho de banda disponible, son la opci\u00f3n ideal para cargas de trabajo de misi\u00f3n cr\u00edtica y alta capacidad que requieren un funcionamiento ininterrumpido.<\/p>\n","protected":false},"featured_media":231068,"comment_status":"open","ping_status":"open","template":"","meta":[],"product_cat":[1706,1703],"product_tag":[1561],"acf":[],"yoast_head":"<!-- This site is optimized with the Yoast SEO plugin v21.7 - https:\/\/yoast.com\/wordpress\/plugins\/seo\/ -->\n<title>[ Synology ] &#129351; Has5300-12t Disco Duro Interno Enterprise 3.5 12tb Sas Hasta 12gb\/s 7200rpm 256mb Hot-plug Compatible Solo Para Equipos De La Serie Sa ,uc, Hd.<\/title>\n<meta name=\"description\" content=\"Compra Has5300-12t Disco Duro Interno Enterprise 3.5 12tb Sas Hasta 12gb\/s 7200rpm 256mb Hot-plug Compatible Solo Para Equipos De La Serie Sa ,uc, Hd. + Env\u00edo a domicilio + Pago seguro + Garant\u00eda\" \/>\n<meta name=\"robots\" content=\"index, follow, max-snippet:-1, max-image-preview:large, max-video-preview:-1\" \/>\n<link rel=\"canonical\" href=\"https:\/\/compuviper.mx\/tienda\/producto\/synology-has5300-12t-disco-duro-interno-enterprise-3-5-12tb-sas-hasta-12gb-s-7200rpm-256mb-hot-plug-compatible-solo-para-equipos-de-la-serie-sa-uc-hd\/\" \/>\n<meta property=\"og:locale\" content=\"es_MX\" \/>\n<meta property=\"og:type\" content=\"article\" \/>\n<meta property=\"og:title\" content=\"[ Synology ] &#129351; Has5300-12t Disco Duro Interno Enterprise 3.5 12tb Sas Hasta 12gb\/s 7200rpm 256mb Hot-plug Compatible Solo Para Equipos De La Serie Sa ,uc, Hd.\" \/>\n<meta property=\"og:description\" content=\"Compra Has5300-12t Disco Duro Interno Enterprise 3.5 12tb Sas Hasta 12gb\/s 7200rpm 256mb Hot-plug Compatible Solo Para Equipos De La Serie Sa ,uc, Hd. + Env\u00edo a domicilio + Pago seguro + Garant\u00eda\" \/>\n<meta property=\"og:url\" content=\"https:\/\/compuviper.mx\/tienda\/producto\/synology-has5300-12t-disco-duro-interno-enterprise-3-5-12tb-sas-hasta-12gb-s-7200rpm-256mb-hot-plug-compatible-solo-para-equipos-de-la-serie-sa-uc-hd\/\" \/>\n<meta property=\"og:site_name\" content=\"Compuviper\" \/>\n<meta property=\"article:publisher\" content=\"https:\/\/www.facebook.com\/compuviper\" \/>\n<meta property=\"og:image\" content=\"https:\/\/compuviper.mx\/tienda\/wp-content\/uploads\/2024\/02\/Disco-duro-interno-synology-enterprise-3.5-12tb-sas-hasta-12gbs-7200rpm-256mb-hot-plug-compatible-solo-para-equipos-synology-de-la-serie-sa-uc-hd.jpg\" \/>\n\t<meta property=\"og:image:width\" content=\"200\" \/>\n\t<meta property=\"og:image:height\" content=\"200\" \/>\n\t<meta property=\"og:image:type\" content=\"image\/jpeg\" \/>\n<meta name=\"twitter:card\" content=\"summary_large_image\" \/>\n<meta name=\"twitter:label1\" content=\"Precio\" \/>\n\t<meta name=\"twitter:data1\" content=\"&#36;14,433 con IVA\" \/>\n\t<meta name=\"twitter:label2\" content=\"Availability\" \/>\n\t<meta name=\"twitter:data2\" content=\"On backorder\" \/>\n<script type=\"application\/ld+json\" class=\"yoast-schema-graph\">{\"@context\":\"https:\/\/schema.org\",\"@graph\":[{\"@type\":\"WebPage\",\"@id\":\"https:\/\/compuviper.mx\/tienda\/producto\/synology-has5300-12t-disco-duro-interno-enterprise-3-5-12tb-sas-hasta-12gb-s-7200rpm-256mb-hot-plug-compatible-solo-para-equipos-de-la-serie-sa-uc-hd\/\",\"url\":\"https:\/\/compuviper.mx\/tienda\/producto\/synology-has5300-12t-disco-duro-interno-enterprise-3-5-12tb-sas-hasta-12gb-s-7200rpm-256mb-hot-plug-compatible-solo-para-equipos-de-la-serie-sa-uc-hd\/\",\"name\":\"[ Synology ] &#129351; Has5300-12t Disco Duro Interno Enterprise 3.5 12tb Sas Hasta 12gb\/s 7200rpm 256mb Hot-plug Compatible Solo Para Equipos De La Serie Sa ,uc, Hd.\",\"isPartOf\":{\"@id\":\"https:\/\/compuviper.mx\/tienda\/#website\"},\"datePublished\":\"2026-04-02T06:35:52+00:00\",\"dateModified\":\"2026-04-02T06:35:52+00:00\",\"description\":\"Compra Has5300-12t Disco Duro Interno Enterprise 3.5 12tb Sas Hasta 12gb\/s 7200rpm 256mb Hot-plug Compatible Solo Para Equipos De La Serie Sa ,uc, Hd. + Env\u00edo a domicilio + Pago seguro + Garant\u00eda\",\"breadcrumb\":{\"@id\":\"https:\/\/compuviper.mx\/tienda\/producto\/synology-has5300-12t-disco-duro-interno-enterprise-3-5-12tb-sas-hasta-12gb-s-7200rpm-256mb-hot-plug-compatible-solo-para-equipos-de-la-serie-sa-uc-hd\/#breadcrumb\"},\"inLanguage\":\"es-MX\",\"potentialAction\":[{\"@type\":\"ReadAction\",\"target\":[\"https:\/\/compuviper.mx\/tienda\/producto\/synology-has5300-12t-disco-duro-interno-enterprise-3-5-12tb-sas-hasta-12gb-s-7200rpm-256mb-hot-plug-compatible-solo-para-equipos-de-la-serie-sa-uc-hd\/\"]}]},{\"@type\":\"BreadcrumbList\",\"@id\":\"https:\/\/compuviper.mx\/tienda\/producto\/synology-has5300-12t-disco-duro-interno-enterprise-3-5-12tb-sas-hasta-12gb-s-7200rpm-256mb-hot-plug-compatible-solo-para-equipos-de-la-serie-sa-uc-hd\/#breadcrumb\",\"itemListElement\":[{\"@type\":\"ListItem\",\"position\":1,\"name\":\"Inicio\",\"item\":\"https:\/\/compuviper.mx\/tienda\/\"},{\"@type\":\"ListItem\",\"position\":2,\"name\":\"Productos\",\"item\":\"https:\/\/compuviper.mx\/tienda\/productos\/\"},{\"@type\":\"ListItem\",\"position\":3,\"name\":\"Discos Duros\",\"item\":\"https:\/\/compuviper.mx\/tienda\/categoria-producto\/discos-duros\/\"},{\"@type\":\"ListItem\",\"position\":4,\"name\":\"Disco Duro\",\"item\":\"https:\/\/compuviper.mx\/tienda\/categoria-producto\/discos-duros\/disco-duro\/\"},{\"@type\":\"ListItem\",\"position\":5,\"name\":\"Synology Has5300-12t Disco Duro Interno Enterprise 3.5 12tb Sas Hasta 12gb\/s 7200rpm 256mb Hot-plug Compatible Solo Para Equipos De La Serie Sa ,uc, Hd.\"}]},{\"@type\":\"WebSite\",\"@id\":\"https:\/\/compuviper.mx\/tienda\/#website\",\"url\":\"https:\/\/compuviper.mx\/tienda\/\",\"name\":\"Compuviper\",\"description\":\"Proveedor de Computadoras, Laptops, Servidores, Monitores, Puntos de Venta, Teclados,   Impresoras, T\u00f3ner, C\u00e1maras de Seguridad y m\u00e1s en tu tienda en l\u00ednea\",\"publisher\":{\"@id\":\"https:\/\/compuviper.mx\/tienda\/#organization\"},\"potentialAction\":[{\"@type\":\"SearchAction\",\"target\":{\"@type\":\"EntryPoint\",\"urlTemplate\":\"https:\/\/compuviper.mx\/tienda\/?s={search_term_string}\"},\"query-input\":\"required name=search_term_string\"}],\"inLanguage\":\"es-MX\"},{\"@type\":\"Organization\",\"@id\":\"https:\/\/compuviper.mx\/tienda\/#organization\",\"name\":\"Compuviper\",\"url\":\"https:\/\/compuviper.mx\/tienda\/\",\"logo\":{\"@type\":\"ImageObject\",\"inLanguage\":\"es-MX\",\"@id\":\"https:\/\/compuviper.mx\/tienda\/#\/schema\/logo\/image\/\",\"url\":\"https:\/\/compuviper.mx\/tienda\/wp-content\/uploads\/2021\/08\/Logo-Compuviper-10.png\",\"contentUrl\":\"https:\/\/compuviper.mx\/tienda\/wp-content\/uploads\/2021\/08\/Logo-Compuviper-10.png\",\"width\":1000,\"height\":500,\"caption\":\"Compuviper\"},\"image\":{\"@id\":\"https:\/\/compuviper.mx\/tienda\/#\/schema\/logo\/image\/\"},\"sameAs\":[\"https:\/\/www.facebook.com\/compuviper\",\"https:\/\/www.youtube.com\/channel\/UCf73dERp9Y3cfOq7q8BhLjA?view_as=subscriber\"]}]}<\/script>\n<meta property=\"product:brand\" content=\"SYNOLOGY\" \/>\n<meta property=\"product:price:amount\" content=\"14433\" \/>\n<meta property=\"product:price:currency\" content=\"MXN\" \/>\n<meta property=\"og:availability\" content=\"backorder\" \/>\n<meta property=\"product:availability\" content=\"available for order\" \/>\n<meta property=\"product:retailer_item_id\" content=\"HAS5300-12T\" \/>\n<meta property=\"product:condition\" content=\"new\" \/>\n<!-- \/ Yoast SEO plugin. -->","yoast_head_json":{"title":"[ Synology ] &#129351; Has5300-12t Disco Duro Interno Enterprise 3.5 12tb Sas Hasta 12gb\/s 7200rpm 256mb Hot-plug Compatible Solo Para Equipos De La Serie Sa ,uc, Hd.","description":"Compra Has5300-12t Disco Duro Interno Enterprise 3.5 12tb Sas Hasta 12gb\/s 7200rpm 256mb Hot-plug Compatible Solo Para Equipos De La Serie Sa ,uc, Hd. + Env\u00edo a domicilio + Pago seguro + Garant\u00eda","robots":{"index":"index","follow":"follow","max-snippet":"max-snippet:-1","max-image-preview":"max-image-preview:large","max-video-preview":"max-video-preview:-1"},"canonical":"https:\/\/compuviper.mx\/tienda\/producto\/synology-has5300-12t-disco-duro-interno-enterprise-3-5-12tb-sas-hasta-12gb-s-7200rpm-256mb-hot-plug-compatible-solo-para-equipos-de-la-serie-sa-uc-hd\/","og_locale":"es_MX","og_type":"article","og_title":"[ Synology ] &#129351; Has5300-12t Disco Duro Interno Enterprise 3.5 12tb Sas Hasta 12gb\/s 7200rpm 256mb Hot-plug Compatible Solo Para Equipos De La Serie Sa ,uc, Hd.","og_description":"Compra Has5300-12t Disco Duro Interno Enterprise 3.5 12tb Sas Hasta 12gb\/s 7200rpm 256mb Hot-plug Compatible Solo Para Equipos De La Serie Sa ,uc, Hd. + Env\u00edo a domicilio + Pago seguro + Garant\u00eda","og_url":"https:\/\/compuviper.mx\/tienda\/producto\/synology-has5300-12t-disco-duro-interno-enterprise-3-5-12tb-sas-hasta-12gb-s-7200rpm-256mb-hot-plug-compatible-solo-para-equipos-de-la-serie-sa-uc-hd\/","og_site_name":"Compuviper","article_publisher":"https:\/\/www.facebook.com\/compuviper","og_image":[{"width":200,"height":200,"url":"https:\/\/compuviper.mx\/tienda\/wp-content\/uploads\/2024\/02\/Disco-duro-interno-synology-enterprise-3.5-12tb-sas-hasta-12gbs-7200rpm-256mb-hot-plug-compatible-solo-para-equipos-synology-de-la-serie-sa-uc-hd.jpg","type":"image\/jpeg"}],"twitter_card":"summary_large_image","twitter_misc":{"Precio":"&#36;14,433 con IVA","Availability":"On backorder"},"schema":{"@context":"https:\/\/schema.org","@graph":[{"@type":"WebPage","@id":"https:\/\/compuviper.mx\/tienda\/producto\/synology-has5300-12t-disco-duro-interno-enterprise-3-5-12tb-sas-hasta-12gb-s-7200rpm-256mb-hot-plug-compatible-solo-para-equipos-de-la-serie-sa-uc-hd\/","url":"https:\/\/compuviper.mx\/tienda\/producto\/synology-has5300-12t-disco-duro-interno-enterprise-3-5-12tb-sas-hasta-12gb-s-7200rpm-256mb-hot-plug-compatible-solo-para-equipos-de-la-serie-sa-uc-hd\/","name":"[ Synology ] &#129351; Has5300-12t Disco Duro Interno Enterprise 3.5 12tb Sas Hasta 12gb\/s 7200rpm 256mb Hot-plug Compatible Solo Para Equipos De La Serie Sa ,uc, Hd.","isPartOf":{"@id":"https:\/\/compuviper.mx\/tienda\/#website"},"datePublished":"2026-04-02T06:35:52+00:00","dateModified":"2026-04-02T06:35:52+00:00","description":"Compra Has5300-12t Disco Duro Interno Enterprise 3.5 12tb Sas Hasta 12gb\/s 7200rpm 256mb Hot-plug Compatible Solo Para Equipos De La Serie Sa ,uc, Hd. + Env\u00edo a domicilio + Pago seguro + Garant\u00eda","breadcrumb":{"@id":"https:\/\/compuviper.mx\/tienda\/producto\/synology-has5300-12t-disco-duro-interno-enterprise-3-5-12tb-sas-hasta-12gb-s-7200rpm-256mb-hot-plug-compatible-solo-para-equipos-de-la-serie-sa-uc-hd\/#breadcrumb"},"inLanguage":"es-MX","potentialAction":[{"@type":"ReadAction","target":["https:\/\/compuviper.mx\/tienda\/producto\/synology-has5300-12t-disco-duro-interno-enterprise-3-5-12tb-sas-hasta-12gb-s-7200rpm-256mb-hot-plug-compatible-solo-para-equipos-de-la-serie-sa-uc-hd\/"]}]},{"@type":"BreadcrumbList","@id":"https:\/\/compuviper.mx\/tienda\/producto\/synology-has5300-12t-disco-duro-interno-enterprise-3-5-12tb-sas-hasta-12gb-s-7200rpm-256mb-hot-plug-compatible-solo-para-equipos-de-la-serie-sa-uc-hd\/#breadcrumb","itemListElement":[{"@type":"ListItem","position":1,"name":"Inicio","item":"https:\/\/compuviper.mx\/tienda\/"},{"@type":"ListItem","position":2,"name":"Productos","item":"https:\/\/compuviper.mx\/tienda\/productos\/"},{"@type":"ListItem","position":3,"name":"Discos Duros","item":"https:\/\/compuviper.mx\/tienda\/categoria-producto\/discos-duros\/"},{"@type":"ListItem","position":4,"name":"Disco Duro","item":"https:\/\/compuviper.mx\/tienda\/categoria-producto\/discos-duros\/disco-duro\/"},{"@type":"ListItem","position":5,"name":"Synology Has5300-12t Disco Duro Interno Enterprise 3.5 12tb Sas Hasta 12gb\/s 7200rpm 256mb Hot-plug Compatible Solo Para Equipos De La Serie Sa ,uc, Hd."}]},{"@type":"WebSite","@id":"https:\/\/compuviper.mx\/tienda\/#website","url":"https:\/\/compuviper.mx\/tienda\/","name":"Compuviper","description":"Proveedor de Computadoras, Laptops, Servidores, Monitores, Puntos de Venta, Teclados,   Impresoras, T\u00f3ner, C\u00e1maras de Seguridad y m\u00e1s en tu tienda en l\u00ednea","publisher":{"@id":"https:\/\/compuviper.mx\/tienda\/#organization"},"potentialAction":[{"@type":"SearchAction","target":{"@type":"EntryPoint","urlTemplate":"https:\/\/compuviper.mx\/tienda\/?s={search_term_string}"},"query-input":"required name=search_term_string"}],"inLanguage":"es-MX"},{"@type":"Organization","@id":"https:\/\/compuviper.mx\/tienda\/#organization","name":"Compuviper","url":"https:\/\/compuviper.mx\/tienda\/","logo":{"@type":"ImageObject","inLanguage":"es-MX","@id":"https:\/\/compuviper.mx\/tienda\/#\/schema\/logo\/image\/","url":"https:\/\/compuviper.mx\/tienda\/wp-content\/uploads\/2021\/08\/Logo-Compuviper-10.png","contentUrl":"https:\/\/compuviper.mx\/tienda\/wp-content\/uploads\/2021\/08\/Logo-Compuviper-10.png","width":1000,"height":500,"caption":"Compuviper"},"image":{"@id":"https:\/\/compuviper.mx\/tienda\/#\/schema\/logo\/image\/"},"sameAs":["https:\/\/www.facebook.com\/compuviper","https:\/\/www.youtube.com\/channel\/UCf73dERp9Y3cfOq7q8BhLjA?view_as=subscriber"]}]},"product_brand":"SYNOLOGY","product_price_amount":"14433","product_price_currency":"MXN","og_availability":"backorder","product_availability":"available for order","product_retailer_item_id":"HAS5300-12T","product_condition":"new"},"_links":{"self":[{"href":"https:\/\/compuviper.mx\/tienda\/wp-json\/wp\/v2\/product\/231067"}],"collection":[{"href":"https:\/\/compuviper.mx\/tienda\/wp-json\/wp\/v2\/product"}],"about":[{"href":"https:\/\/compuviper.mx\/tienda\/wp-json\/wp\/v2\/types\/product"}],"replies":[{"embeddable":true,"href":"https:\/\/compuviper.mx\/tienda\/wp-json\/wp\/v2\/comments?post=231067"}],"wp:featuredmedia":[{"embeddable":true,"href":"https:\/\/compuviper.mx\/tienda\/wp-json\/wp\/v2\/media\/231068"}],"wp:attachment":[{"href":"https:\/\/compuviper.mx\/tienda\/wp-json\/wp\/v2\/media?parent=231067"}],"wp:term":[{"taxonomy":"product_cat","embeddable":true,"href":"https:\/\/compuviper.mx\/tienda\/wp-json\/wp\/v2\/product_cat?post=231067"},{"taxonomy":"product_tag","embeddable":true,"href":"https:\/\/compuviper.mx\/tienda\/wp-json\/wp\/v2\/product_tag?post=231067"}],"curies":[{"name":"wp","href":"https:\/\/api.w.org\/{rel}","templated":true}]}}