{"id":230945,"date":"2026-04-07T00:48:17","date_gmt":"2026-04-07T06:48:17","guid":{"rendered":"https:\/\/compuviper.mx\/tienda\/producto\/lenovo-63ebmar2la-monitor-think-vision-e22-30-1x-hdmi-1-4-1x-dp-1-2-1x-vga-3yr\/"},"modified":"2026-04-07T00:48:17","modified_gmt":"2026-04-07T06:48:17","slug":"lenovo-63ebmar2la-monitor-thinkvision-e22-30-215-pulgadas-1920x1080-1-hdmi-1-4-1-dp-1-2-1-vga-incluye-cable-hdmi-3y-en-centro-de-servicio","status":"publish","type":"product","link":"https:\/\/compuviper.mx\/tienda\/producto\/lenovo-63ebmar2la-monitor-thinkvision-e22-30-215-pulgadas-1920x1080-1-hdmi-1-4-1-dp-1-2-1-vga-incluye-cable-hdmi-3y-en-centro-de-servicio\/","title":{"rendered":"Lenovo 63ebmar2la Monitor  Thinkvision E22-30 \/ 21,5 Pulgadas 1920&#215;1080 \/ 1 Hdmi 1.4, 1 Dp 1.2, 1 Vga \/ Incluye Cable Hdmi \/ 3y En Centro De Servicio"},"content":{"rendered":"<table class=\"descripcion\">\n<tr>\n<td>Actuaci\u00f3n<\/td>\n<\/tr>\n<tr>\n<td>Tama\u00f1o de la pantalla<\/td>\n<\/tr>\n<tr>\n<td>21,5<\/td>\n<\/tr>\n<tr>\n<td>Ver \u00e1rea<\/td>\n<\/tr>\n<tr>\n<td>476,1&#215;267,8 mil\u00edmetros<\/td>\n<\/tr>\n<tr>\n<td>Panel<\/td>\n<\/tr>\n<tr>\n<td>Conmutaci\u00f3n en el plano<\/td>\n<\/tr>\n<tr>\n<td>Iluminar desde el fondo<\/td>\n<\/tr>\n<tr>\n<td>Wled<\/td>\n<\/tr>\n<tr>\n<td>Relaci\u00f3n de aspecto<\/td>\n<\/tr>\n<tr>\n<td>16:9<\/td>\n<\/tr>\n<tr>\n<td>Resoluci\u00f3n<\/td>\n<\/tr>\n<tr>\n<td>1920&#215;1080<\/td>\n<\/tr>\n<tr>\n<td>Tama\u00f1o de p\u00edxel<\/td>\n<\/tr>\n<tr>\n<td>0,248&#215;0,248 mil\u00edmetros<\/td>\n<\/tr>\n<tr>\n<td>Punto\/p\u00edxel por pulgada<\/td>\n<\/tr>\n<tr>\n<td>102 ppp<\/td>\n<\/tr>\n<tr>\n<td>\u00e1ngulo de visi\u00f3n (h\/v)<\/td>\n<\/tr>\n<tr>\n<td>178\u00b0 \/ 178\u00b0<\/td>\n<\/tr>\n<tr>\n<td>Tiempo de respuesta<\/td>\n<\/tr>\n<tr>\n<td>4 ms (modo extremo) \/ 6 ms (modo normal) \/ 14 ms (modo apagado)<\/td>\n<\/tr>\n<tr>\n<td>Soporte de color<\/td>\n<\/tr>\n<tr>\n<td>16,7 millones<\/td>\n<\/tr>\n<tr>\n<td>Frecuencia de actualizaci\u00f3n<\/td>\n<\/tr>\n<tr>\n<td>75hz<\/td>\n<\/tr>\n<tr>\n<td>Brillo<\/td>\n<\/tr>\n<tr>\n<td>250 cd\/m\u00b2<\/td>\n<\/tr>\n<tr>\n<td>Relaci\u00f3n de contraste<\/td>\n<\/tr>\n<tr>\n<td>1000:1<\/td>\n<\/tr>\n<tr>\n<td>Gama de colores<\/td>\n<\/tr>\n<tr>\n<td>99% srgb<\/td>\n<\/tr>\n<tr>\n<td>Tratamiento de superficie de pantalla<\/td>\n<\/tr>\n<tr>\n<td>Anti reflejante<\/td>\n<\/tr>\n<tr>\n<td>Curvatura<\/td>\n<\/tr>\n<tr>\n<td>De panel plano<\/td>\n<\/tr>\n<tr>\n<td>C\u00e1mara<\/td>\n<\/tr>\n<tr>\n<td>Ninguno<\/td>\n<\/tr>\n<tr>\n<td>Micr\u00f3fono<\/td>\n<\/tr>\n<tr>\n<td>Ninguno<\/td>\n<\/tr>\n<tr>\n<td>Altavoces<\/td>\n<\/tr>\n<tr>\n<td>2wx2<\/td>\n<\/tr>\n<tr>\n<td>Consumo de energ\u00eda (t\u00edpico\/m\u00e1ximo)<\/td>\n<\/tr>\n<tr>\n<td>11w \/ 27w<\/td>\n<\/tr>\n<tr>\n<td>Adaptador de corriente<\/td>\n<\/tr>\n<tr>\n<td>Integrado<\/td>\n<\/tr>\n<tr>\n<td>Pantalla t\u00e1ctil<\/td>\n<\/tr>\n<tr>\n<td>Ninguno<\/td>\n<\/tr>\n<tr>\n<td>Sistema inteligente<\/td>\n<\/tr>\n<tr>\n<td>Ninguno<\/td>\n<\/tr>\n<tr>\n<td>Dise\u00f1o<\/td>\n<\/tr>\n<tr>\n<td>Pararse<\/td>\n<\/tr>\n<tr>\n<td>Soporte inclinable, giratorio, pivotante y ajustable en altura<\/td>\n<\/tr>\n<tr>\n<td>Color de la caja<\/td>\n<\/tr>\n<tr>\n<td>Cuervo negro<\/td>\n<\/tr>\n<tr>\n<td>Ancho del bisel lateral<\/td>\n<\/tr>\n<tr>\n<td>1,8 mil\u00edmetros<\/td>\n<\/tr>\n<tr>\n<td>Dimensiones con soporte (alto x ancho x profundidad)<\/td>\n<\/tr>\n<tr>\n<td>470,3 x 488,9 x 178,6 mm \/ 18,52 x 19,25 x 7,03 pulgadas<\/td>\n<\/tr>\n<tr>\n<td>Peso (incluido el soporte)<\/td>\n<\/tr>\n<tr>\n<td>4,3 kg\/9,4 libras.<\/td>\n<\/tr>\n<tr>\n<td>Montaje<\/td>\n<\/tr>\n<tr>\n<td>Soporta montaje vesa 100 x 100 mm<\/td>\n<\/tr>\n<tr>\n<td>Soporte de la serie thinkcentre m<\/td>\n<\/tr>\n<tr>\n<td>Soporte peque\u00f1o y nano<\/td>\n<\/tr>\n<tr>\n<td>Conectividad<\/td>\n<\/tr>\n<tr>\n<td>Puerto usb<\/td>\n<\/tr>\n<tr>\n<td>Ninguno<\/td>\n<\/tr>\n<tr>\n<td>Conector de v\u00eddeo<\/td>\n<\/tr>\n<tr>\n<td>1x hdmi\u00ae 1.4, 1x dp 1.2, 1x vga<\/td>\n<\/tr>\n<tr>\n<td>Conectividad de red<\/td>\n<\/tr>\n<tr>\n<td>Ninguno<\/td>\n<\/tr>\n<tr>\n<td>Servicio<\/td>\n<\/tr>\n<tr>\n<td>Garant\u00eda b\u00e1sica<\/td>\n<\/tr>\n<tr>\n<td>3 a\u00f1os<\/td>\n<\/tr>\n<tr>\n<td>Certificaciones<\/td>\n<\/tr>\n<tr>\n<td>Certificaci\u00f3n ambiental<\/td>\n<\/tr>\n<tr>\n<td>Certificaci\u00f3n energy star\u00ae, tco 9.0, tco edge 2.0, epeat\u0099 gold, rohs, nivel de eficiencia energ\u00e9tica de la ue (nivel c)<\/td>\n<\/tr>\n<tr>\n<td>Certificaci\u00f3n ergon\u00f3mica<\/td>\n<\/tr>\n<tr>\n<td>Eyesafe\u00ae display 2.0, t\u00fcv low blue light (soluci\u00f3n de hardware), t\u00fcv rheinland\u00ae low blue light, t\u00fcv rheinland flicker free, t\u00fcv rheinland eye comfort<\/td>\n<\/tr>\n<tr>\n<td>Tecnolog\u00eda de sincronizaci\u00f3n<\/td>\n<\/tr>\n<tr>\n<td>Ninguno<\/td>\n<\/tr>\n<tr>\n<td>Caracter\u00edsticas especiales<\/td>\n<\/tr>\n<tr>\n<td>Luz azul baja natural.<\/td>\n<\/tr>\n<tr>\n<td>Software<\/td>\n<\/tr>\n<tr>\n<td>Sistema operativo<\/td>\n<\/tr>\n<tr>\n<td>Compatible con windows\u00ae 10, windows 11<\/td>\n<\/tr>\n<tr>\n<td>Accesorios<\/td>\n<\/tr>\n<tr>\n<td>Cables de v\u00eddeo<\/td>\n<\/tr>\n<tr>\n<td>Cable hdmi\u00ae<\/td>\n<\/tr>\n<\/table>\n","protected":false},"excerpt":{"rendered":"<p>Monitor lenovo think vision e22-30<\/p>\n","protected":false},"featured_media":234126,"comment_status":"open","ping_status":"open","template":"","meta":[],"product_cat":[1741,1740],"product_tag":[1578],"acf":[],"yoast_head":"<!-- This site is optimized with the Yoast SEO plugin v21.7 - https:\/\/yoast.com\/wordpress\/plugins\/seo\/ -->\n<title>[ Lenovo ] &#129351; 63ebmar2la Monitor Thinkvision E22-30 \/ 21,5 Pulgadas 1920x1080 \/ 1 Hdmi 1.4, 1 Dp 1.2, 1 Vga \/ Incluye Cable Hdmi \/ 3y En Centro De Servicio<\/title>\n<meta name=\"description\" content=\"Compra 63ebmar2la Monitor Thinkvision E22-30 \/ 21,5 Pulgadas 1920x1080 \/ 1 Hdmi 1.4, 1 Dp 1.2, 1 Vga \/ Incluye Cable Hdmi \/ 3y En Centro De Servicio + Env\u00edo a domicilio + Pago seguro + Garant\u00eda\" \/>\n<meta name=\"robots\" content=\"index, follow, max-snippet:-1, max-image-preview:large, max-video-preview:-1\" \/>\n<link rel=\"canonical\" href=\"https:\/\/compuviper.mx\/tienda\/producto\/lenovo-63ebmar2la-monitor-thinkvision-e22-30-215-pulgadas-1920x1080-1-hdmi-1-4-1-dp-1-2-1-vga-incluye-cable-hdmi-3y-en-centro-de-servicio\/\" \/>\n<meta property=\"og:locale\" content=\"es_MX\" \/>\n<meta property=\"og:type\" content=\"article\" \/>\n<meta property=\"og:title\" content=\"[ Lenovo ] &#129351; 63ebmar2la Monitor Thinkvision E22-30 \/ 21,5 Pulgadas 1920x1080 \/ 1 Hdmi 1.4, 1 Dp 1.2, 1 Vga \/ Incluye Cable Hdmi \/ 3y En Centro De Servicio\" \/>\n<meta property=\"og:description\" content=\"Compra 63ebmar2la Monitor Thinkvision E22-30 \/ 21,5 Pulgadas 1920x1080 \/ 1 Hdmi 1.4, 1 Dp 1.2, 1 Vga \/ Incluye Cable Hdmi \/ 3y En Centro De Servicio + Env\u00edo a domicilio + Pago seguro + Garant\u00eda\" \/>\n<meta property=\"og:url\" content=\"https:\/\/compuviper.mx\/tienda\/producto\/lenovo-63ebmar2la-monitor-thinkvision-e22-30-215-pulgadas-1920x1080-1-hdmi-1-4-1-dp-1-2-1-vga-incluye-cable-hdmi-3y-en-centro-de-servicio\/\" \/>\n<meta property=\"og:site_name\" content=\"Compuviper\" \/>\n<meta property=\"article:publisher\" content=\"https:\/\/www.facebook.com\/compuviper\" \/>\n<meta property=\"og:image\" content=\"https:\/\/compuviper.mx\/tienda\/wp-content\/uploads\/2024\/05\/Monitor-lenovo-think-vision-e22-30-1x-hdmi\u00ae-1.4-1x-dp-1.2-1x-vga-3yr.jpg\" \/>\n\t<meta property=\"og:image:width\" content=\"200\" \/>\n\t<meta property=\"og:image:height\" content=\"200\" \/>\n\t<meta property=\"og:image:type\" content=\"image\/jpeg\" \/>\n<meta name=\"twitter:card\" content=\"summary_large_image\" \/>\n<meta name=\"twitter:label1\" content=\"Precio\" \/>\n\t<meta name=\"twitter:data1\" content=\"&#36;2,609 con IVA\" \/>\n\t<meta name=\"twitter:label2\" content=\"Availability\" \/>\n\t<meta name=\"twitter:data2\" content=\"Out of stock\" \/>\n<script type=\"application\/ld+json\" class=\"yoast-schema-graph\">{\"@context\":\"https:\/\/schema.org\",\"@graph\":[{\"@type\":\"WebPage\",\"@id\":\"https:\/\/compuviper.mx\/tienda\/producto\/lenovo-63ebmar2la-monitor-thinkvision-e22-30-215-pulgadas-1920x1080-1-hdmi-1-4-1-dp-1-2-1-vga-incluye-cable-hdmi-3y-en-centro-de-servicio\/\",\"url\":\"https:\/\/compuviper.mx\/tienda\/producto\/lenovo-63ebmar2la-monitor-thinkvision-e22-30-215-pulgadas-1920x1080-1-hdmi-1-4-1-dp-1-2-1-vga-incluye-cable-hdmi-3y-en-centro-de-servicio\/\",\"name\":\"[ Lenovo ] &#129351; 63ebmar2la Monitor Thinkvision E22-30 \/ 21,5 Pulgadas 1920x1080 \/ 1 Hdmi 1.4, 1 Dp 1.2, 1 Vga \/ Incluye Cable Hdmi \/ 3y En Centro De Servicio\",\"isPartOf\":{\"@id\":\"https:\/\/compuviper.mx\/tienda\/#website\"},\"datePublished\":\"2026-04-07T06:48:17+00:00\",\"dateModified\":\"2026-04-07T06:48:17+00:00\",\"description\":\"Compra 63ebmar2la Monitor Thinkvision E22-30 \/ 21,5 Pulgadas 1920x1080 \/ 1 Hdmi 1.4, 1 Dp 1.2, 1 Vga \/ Incluye Cable Hdmi \/ 3y En Centro De Servicio + Env\u00edo a domicilio + Pago seguro + Garant\u00eda\",\"breadcrumb\":{\"@id\":\"https:\/\/compuviper.mx\/tienda\/producto\/lenovo-63ebmar2la-monitor-thinkvision-e22-30-215-pulgadas-1920x1080-1-hdmi-1-4-1-dp-1-2-1-vga-incluye-cable-hdmi-3y-en-centro-de-servicio\/#breadcrumb\"},\"inLanguage\":\"es-MX\",\"potentialAction\":[{\"@type\":\"ReadAction\",\"target\":[\"https:\/\/compuviper.mx\/tienda\/producto\/lenovo-63ebmar2la-monitor-thinkvision-e22-30-215-pulgadas-1920x1080-1-hdmi-1-4-1-dp-1-2-1-vga-incluye-cable-hdmi-3y-en-centro-de-servicio\/\"]}]},{\"@type\":\"BreadcrumbList\",\"@id\":\"https:\/\/compuviper.mx\/tienda\/producto\/lenovo-63ebmar2la-monitor-thinkvision-e22-30-215-pulgadas-1920x1080-1-hdmi-1-4-1-dp-1-2-1-vga-incluye-cable-hdmi-3y-en-centro-de-servicio\/#breadcrumb\",\"itemListElement\":[{\"@type\":\"ListItem\",\"position\":1,\"name\":\"Inicio\",\"item\":\"https:\/\/compuviper.mx\/tienda\/\"},{\"@type\":\"ListItem\",\"position\":2,\"name\":\"Productos\",\"item\":\"https:\/\/compuviper.mx\/tienda\/productos\/\"},{\"@type\":\"ListItem\",\"position\":3,\"name\":\"Monitores\",\"item\":\"https:\/\/compuviper.mx\/tienda\/categoria-producto\/monitores\/\"},{\"@type\":\"ListItem\",\"position\":4,\"name\":\"Led\",\"item\":\"https:\/\/compuviper.mx\/tienda\/categoria-producto\/monitores\/led\/\"},{\"@type\":\"ListItem\",\"position\":5,\"name\":\"Lenovo 63ebmar2la Monitor Thinkvision E22-30 \/ 21,5 Pulgadas 1920&#215;1080 \/ 1 Hdmi 1.4, 1 Dp 1.2, 1 Vga \/ Incluye Cable Hdmi \/ 3y En Centro De Servicio\"}]},{\"@type\":\"WebSite\",\"@id\":\"https:\/\/compuviper.mx\/tienda\/#website\",\"url\":\"https:\/\/compuviper.mx\/tienda\/\",\"name\":\"Compuviper\",\"description\":\"Proveedor de Computadoras, Laptops, Servidores, Monitores, Puntos de Venta, Teclados,   Impresoras, T\u00f3ner, C\u00e1maras de Seguridad y m\u00e1s en tu tienda en l\u00ednea\",\"publisher\":{\"@id\":\"https:\/\/compuviper.mx\/tienda\/#organization\"},\"potentialAction\":[{\"@type\":\"SearchAction\",\"target\":{\"@type\":\"EntryPoint\",\"urlTemplate\":\"https:\/\/compuviper.mx\/tienda\/?s={search_term_string}\"},\"query-input\":\"required name=search_term_string\"}],\"inLanguage\":\"es-MX\"},{\"@type\":\"Organization\",\"@id\":\"https:\/\/compuviper.mx\/tienda\/#organization\",\"name\":\"Compuviper\",\"url\":\"https:\/\/compuviper.mx\/tienda\/\",\"logo\":{\"@type\":\"ImageObject\",\"inLanguage\":\"es-MX\",\"@id\":\"https:\/\/compuviper.mx\/tienda\/#\/schema\/logo\/image\/\",\"url\":\"https:\/\/compuviper.mx\/tienda\/wp-content\/uploads\/2021\/08\/Logo-Compuviper-10.png\",\"contentUrl\":\"https:\/\/compuviper.mx\/tienda\/wp-content\/uploads\/2021\/08\/Logo-Compuviper-10.png\",\"width\":1000,\"height\":500,\"caption\":\"Compuviper\"},\"image\":{\"@id\":\"https:\/\/compuviper.mx\/tienda\/#\/schema\/logo\/image\/\"},\"sameAs\":[\"https:\/\/www.facebook.com\/compuviper\",\"https:\/\/www.youtube.com\/channel\/UCf73dERp9Y3cfOq7q8BhLjA?view_as=subscriber\"]}]}<\/script>\n<meta property=\"product:brand\" content=\"LENOVO\" \/>\n<meta property=\"product:price:amount\" content=\"2609\" \/>\n<meta property=\"product:price:currency\" content=\"MXN\" \/>\n<meta property=\"og:availability\" content=\"out of stock\" \/>\n<meta property=\"product:availability\" content=\"out of stock\" \/>\n<meta property=\"product:retailer_item_id\" content=\"63EBMAR2LA\" \/>\n<meta property=\"product:condition\" content=\"new\" \/>\n<!-- \/ Yoast SEO plugin. -->","yoast_head_json":{"title":"[ Lenovo ] &#129351; 63ebmar2la Monitor Thinkvision E22-30 \/ 21,5 Pulgadas 1920x1080 \/ 1 Hdmi 1.4, 1 Dp 1.2, 1 Vga \/ Incluye Cable Hdmi \/ 3y En Centro De Servicio","description":"Compra 63ebmar2la Monitor Thinkvision E22-30 \/ 21,5 Pulgadas 1920x1080 \/ 1 Hdmi 1.4, 1 Dp 1.2, 1 Vga \/ Incluye Cable Hdmi \/ 3y En Centro De Servicio + Env\u00edo a domicilio + Pago seguro + Garant\u00eda","robots":{"index":"index","follow":"follow","max-snippet":"max-snippet:-1","max-image-preview":"max-image-preview:large","max-video-preview":"max-video-preview:-1"},"canonical":"https:\/\/compuviper.mx\/tienda\/producto\/lenovo-63ebmar2la-monitor-thinkvision-e22-30-215-pulgadas-1920x1080-1-hdmi-1-4-1-dp-1-2-1-vga-incluye-cable-hdmi-3y-en-centro-de-servicio\/","og_locale":"es_MX","og_type":"article","og_title":"[ Lenovo ] &#129351; 63ebmar2la Monitor Thinkvision E22-30 \/ 21,5 Pulgadas 1920x1080 \/ 1 Hdmi 1.4, 1 Dp 1.2, 1 Vga \/ Incluye Cable Hdmi \/ 3y En Centro De Servicio","og_description":"Compra 63ebmar2la Monitor Thinkvision E22-30 \/ 21,5 Pulgadas 1920x1080 \/ 1 Hdmi 1.4, 1 Dp 1.2, 1 Vga \/ Incluye Cable Hdmi \/ 3y En Centro De Servicio + Env\u00edo a domicilio + Pago seguro + Garant\u00eda","og_url":"https:\/\/compuviper.mx\/tienda\/producto\/lenovo-63ebmar2la-monitor-thinkvision-e22-30-215-pulgadas-1920x1080-1-hdmi-1-4-1-dp-1-2-1-vga-incluye-cable-hdmi-3y-en-centro-de-servicio\/","og_site_name":"Compuviper","article_publisher":"https:\/\/www.facebook.com\/compuviper","og_image":[{"width":200,"height":200,"url":"https:\/\/compuviper.mx\/tienda\/wp-content\/uploads\/2024\/05\/Monitor-lenovo-think-vision-e22-30-1x-hdmi\u00ae-1.4-1x-dp-1.2-1x-vga-3yr.jpg","type":"image\/jpeg"}],"twitter_card":"summary_large_image","twitter_misc":{"Precio":"&#36;2,609 con IVA","Availability":"Out of stock"},"schema":{"@context":"https:\/\/schema.org","@graph":[{"@type":"WebPage","@id":"https:\/\/compuviper.mx\/tienda\/producto\/lenovo-63ebmar2la-monitor-thinkvision-e22-30-215-pulgadas-1920x1080-1-hdmi-1-4-1-dp-1-2-1-vga-incluye-cable-hdmi-3y-en-centro-de-servicio\/","url":"https:\/\/compuviper.mx\/tienda\/producto\/lenovo-63ebmar2la-monitor-thinkvision-e22-30-215-pulgadas-1920x1080-1-hdmi-1-4-1-dp-1-2-1-vga-incluye-cable-hdmi-3y-en-centro-de-servicio\/","name":"[ Lenovo ] &#129351; 63ebmar2la Monitor Thinkvision E22-30 \/ 21,5 Pulgadas 1920x1080 \/ 1 Hdmi 1.4, 1 Dp 1.2, 1 Vga \/ Incluye Cable Hdmi \/ 3y En Centro De Servicio","isPartOf":{"@id":"https:\/\/compuviper.mx\/tienda\/#website"},"datePublished":"2026-04-07T06:48:17+00:00","dateModified":"2026-04-07T06:48:17+00:00","description":"Compra 63ebmar2la Monitor Thinkvision E22-30 \/ 21,5 Pulgadas 1920x1080 \/ 1 Hdmi 1.4, 1 Dp 1.2, 1 Vga \/ Incluye Cable Hdmi \/ 3y En Centro De Servicio + Env\u00edo a domicilio + Pago seguro + Garant\u00eda","breadcrumb":{"@id":"https:\/\/compuviper.mx\/tienda\/producto\/lenovo-63ebmar2la-monitor-thinkvision-e22-30-215-pulgadas-1920x1080-1-hdmi-1-4-1-dp-1-2-1-vga-incluye-cable-hdmi-3y-en-centro-de-servicio\/#breadcrumb"},"inLanguage":"es-MX","potentialAction":[{"@type":"ReadAction","target":["https:\/\/compuviper.mx\/tienda\/producto\/lenovo-63ebmar2la-monitor-thinkvision-e22-30-215-pulgadas-1920x1080-1-hdmi-1-4-1-dp-1-2-1-vga-incluye-cable-hdmi-3y-en-centro-de-servicio\/"]}]},{"@type":"BreadcrumbList","@id":"https:\/\/compuviper.mx\/tienda\/producto\/lenovo-63ebmar2la-monitor-thinkvision-e22-30-215-pulgadas-1920x1080-1-hdmi-1-4-1-dp-1-2-1-vga-incluye-cable-hdmi-3y-en-centro-de-servicio\/#breadcrumb","itemListElement":[{"@type":"ListItem","position":1,"name":"Inicio","item":"https:\/\/compuviper.mx\/tienda\/"},{"@type":"ListItem","position":2,"name":"Productos","item":"https:\/\/compuviper.mx\/tienda\/productos\/"},{"@type":"ListItem","position":3,"name":"Monitores","item":"https:\/\/compuviper.mx\/tienda\/categoria-producto\/monitores\/"},{"@type":"ListItem","position":4,"name":"Led","item":"https:\/\/compuviper.mx\/tienda\/categoria-producto\/monitores\/led\/"},{"@type":"ListItem","position":5,"name":"Lenovo 63ebmar2la Monitor Thinkvision E22-30 \/ 21,5 Pulgadas 1920&#215;1080 \/ 1 Hdmi 1.4, 1 Dp 1.2, 1 Vga \/ Incluye Cable Hdmi \/ 3y En Centro De Servicio"}]},{"@type":"WebSite","@id":"https:\/\/compuviper.mx\/tienda\/#website","url":"https:\/\/compuviper.mx\/tienda\/","name":"Compuviper","description":"Proveedor de Computadoras, Laptops, Servidores, Monitores, Puntos de Venta, Teclados,   Impresoras, T\u00f3ner, C\u00e1maras de Seguridad y m\u00e1s en tu tienda en l\u00ednea","publisher":{"@id":"https:\/\/compuviper.mx\/tienda\/#organization"},"potentialAction":[{"@type":"SearchAction","target":{"@type":"EntryPoint","urlTemplate":"https:\/\/compuviper.mx\/tienda\/?s={search_term_string}"},"query-input":"required name=search_term_string"}],"inLanguage":"es-MX"},{"@type":"Organization","@id":"https:\/\/compuviper.mx\/tienda\/#organization","name":"Compuviper","url":"https:\/\/compuviper.mx\/tienda\/","logo":{"@type":"ImageObject","inLanguage":"es-MX","@id":"https:\/\/compuviper.mx\/tienda\/#\/schema\/logo\/image\/","url":"https:\/\/compuviper.mx\/tienda\/wp-content\/uploads\/2021\/08\/Logo-Compuviper-10.png","contentUrl":"https:\/\/compuviper.mx\/tienda\/wp-content\/uploads\/2021\/08\/Logo-Compuviper-10.png","width":1000,"height":500,"caption":"Compuviper"},"image":{"@id":"https:\/\/compuviper.mx\/tienda\/#\/schema\/logo\/image\/"},"sameAs":["https:\/\/www.facebook.com\/compuviper","https:\/\/www.youtube.com\/channel\/UCf73dERp9Y3cfOq7q8BhLjA?view_as=subscriber"]}]},"product_brand":"LENOVO","product_price_amount":"2609","product_price_currency":"MXN","og_availability":"out of stock","product_availability":"out of stock","product_retailer_item_id":"63EBMAR2LA","product_condition":"new"},"_links":{"self":[{"href":"https:\/\/compuviper.mx\/tienda\/wp-json\/wp\/v2\/product\/230945"}],"collection":[{"href":"https:\/\/compuviper.mx\/tienda\/wp-json\/wp\/v2\/product"}],"about":[{"href":"https:\/\/compuviper.mx\/tienda\/wp-json\/wp\/v2\/types\/product"}],"replies":[{"embeddable":true,"href":"https:\/\/compuviper.mx\/tienda\/wp-json\/wp\/v2\/comments?post=230945"}],"wp:featuredmedia":[{"embeddable":true,"href":"https:\/\/compuviper.mx\/tienda\/wp-json\/wp\/v2\/media\/234126"}],"wp:attachment":[{"href":"https:\/\/compuviper.mx\/tienda\/wp-json\/wp\/v2\/media?parent=230945"}],"wp:term":[{"taxonomy":"product_cat","embeddable":true,"href":"https:\/\/compuviper.mx\/tienda\/wp-json\/wp\/v2\/product_cat?post=230945"},{"taxonomy":"product_tag","embeddable":true,"href":"https:\/\/compuviper.mx\/tienda\/wp-json\/wp\/v2\/product_tag?post=230945"}],"curies":[{"name":"wp","href":"https:\/\/api.w.org\/{rel}","templated":true}]}}