{"id":230770,"date":"2026-04-02T01:07:29","date_gmt":"2026-04-02T07:07:29","guid":{"rendered":"https:\/\/compuviper.mx\/tienda\/producto\/dahua-dh-pfs3005-5gt-v2-switch-pfs3005-5gt-gigabit-de-5-puertos-no-administrable-capa-2-10-100-1000-base-t-carcasa-metalica-switching-10g-tasa-de-reenvio-de-paquetes-7-44-mbps-memoria-bufer\/"},"modified":"2026-04-03T00:00:19","modified_gmt":"2026-04-03T06:00:19","slug":"dahua-dh-pfs3005-5gt-switch-pfs3005-5gt-gigabit-de-5-puertos-no-administrable-capa-2-10-100-1000-base-t-carcasa-metalica-switching-10g-tasa-de-reenvio-de-paquetes-7-44-mbps-memoria-bufer-de","status":"publish","type":"product","link":"https:\/\/compuviper.mx\/tienda\/producto\/dahua-dh-pfs3005-5gt-switch-pfs3005-5gt-gigabit-de-5-puertos-no-administrable-capa-2-10-100-1000-base-t-carcasa-metalica-switching-10g-tasa-de-reenvio-de-paquetes-7-44-mbps-memoria-bufer-de\/","title":{"rendered":"Dahua Dh-pfs3005-5gt Switch\/ \/ Pfs3005-5gt- Gigabit De 5 Puertos No Administrable\/ Capa 2\/ 10\/100\/1000 Base-t\/ Carcasa Metalica\/ Switching 10g\/ Tasa De Reenvio De Paquetes 7.44 Mbps\/ Memoria Bufer De Paquetes 1mb\/ C"},"content":{"rendered":"<table class=\"descripcion\">\n<tr>\n<td>Principales caracter\u00edsticas.<\/td>\n<\/tr>\n<tr>\n<td>\u0095 swicth de acceso no administrable de capa 2<\/td>\n<\/tr>\n<tr>\n<td>\u0095 todos los puertos gigabit ethernet<\/td>\n<\/tr>\n<tr>\n<td>\u0095 protecci\u00f3n contra rayos<\/td>\n<\/tr>\n<tr>\n<td>\u0095 plug and play<\/td>\n<\/tr>\n<tr>\n<td>\u0095 caja metalica adaptable<\/td>\n<\/tr>\n<tr>\n<td>\u0095 buena disipaci\u00f3n de calor.<\/td>\n<\/tr>\n<tr>\n<td>Especificaci\u00f3n t\u00e9cnica<\/td>\n<\/tr>\n<tr>\n<td>Modelo dh-pfs3005-5gt<\/td>\n<\/tr>\n<tr>\n<td>Puerto ethernet  5*10\/100\/1000 base-t<\/td>\n<\/tr>\n<tr>\n<td>Capacidad de conmutaci\u00f3n  10g<\/td>\n<\/tr>\n<tr>\n<td>Tasa de reenv\u00edo de paquetes  7.44mpps<\/td>\n<\/tr>\n<tr>\n<td>Memoria b\u00fafer de paquetes  1mb<\/td>\n<\/tr>\n<tr>\n<td>Tama\u00f1o de la tabla mac 2k<\/td>\n<\/tr>\n<tr>\n<td>Modo de intercambio almacenar y enviar<\/td>\n<\/tr>\n<tr>\n<td>Humedad de aplicaci\u00f3n 10%~90%<\/td>\n<\/tr>\n<tr>\n<td>Energ\u00eda dc 5v\/0.6a<\/td>\n<\/tr>\n<tr>\n<td>Protecci\u00f3n c0ontra rayos modo com\u00fan 4kv \/ modo diferencial 0.5kv<\/td>\n<\/tr>\n<tr>\n<td>Temperatura de trabajo 0\u00b0c~+40\u00b0c<\/td>\n<\/tr>\n<tr>\n<td>Peso 170g<\/td>\n<\/tr>\n<tr>\n<td>Dimensi\u00f3n (w\u00d7d\u00d7h) 100mm\u00d764mm\u00d725mm<\/td>\n<\/tr>\n<\/table>\n","protected":false},"excerpt":{"rendered":"<p>Informaci\u00f3n general. El dhpfs30055gte es un switch no administrable de la marca dahua el cual consta de 5 puertos de red, los cuales soportan velocidades de hasta 1000mbs en cada uno de sus 5 puertos. Aplicaciones. El dhpfs30055gt es un dispositivo que ayuda a conectar dispositivos en red para ser administrados a trav\u00e9s desde un punto central, como son controles de acceso, v\u00eddeo porteros ip, c\u00e1maras ip, etc. No cuenta con puertos poe.<\/p>\n","protected":false},"featured_media":234221,"comment_status":"open","ping_status":"open","template":"","meta":[],"product_cat":[1563,1564],"product_tag":[1555],"acf":[],"yoast_head":"<!-- This site is optimized with the Yoast SEO plugin v21.7 - https:\/\/yoast.com\/wordpress\/plugins\/seo\/ -->\n<title>[ Dahua ] &#129351; Dh-pfs3005-5gt Switch\/ \/ Pfs3005-5gt- Gigabit De 5 Puertos No Administrable\/ Capa 2\/ 10\/100\/1000 Base-t\/ Carcasa Metalica\/ Switching 10g\/ Tasa De Reenvio De Paquetes 7.44 Mbps\/ Memoria Bufer De Paquetes 1mb\/ C<\/title>\n<meta name=\"description\" content=\"Compra Dh-pfs3005-5gt Switch\/ \/ Pfs3005-5gt- Gigabit De 5 Puertos No Administrable\/ Capa 2\/ 10\/100\/1000 Base-t\/ Carcasa Metalica\/ Switching 10g\/ Tasa De Reenvio De Paquetes 7.44 Mbps\/ Memoria Bufer De Paquetes 1mb\/ C + Env\u00edo a domicilio + Pago seguro + Garant\u00eda\" \/>\n<meta name=\"robots\" content=\"index, follow, max-snippet:-1, max-image-preview:large, max-video-preview:-1\" \/>\n<link rel=\"canonical\" href=\"https:\/\/compuviper.mx\/tienda\/producto\/dahua-dh-pfs3005-5gt-switch-pfs3005-5gt-gigabit-de-5-puertos-no-administrable-capa-2-10-100-1000-base-t-carcasa-metalica-switching-10g-tasa-de-reenvio-de-paquetes-7-44-mbps-memoria-bufer-de\/\" \/>\n<meta property=\"og:locale\" content=\"es_MX\" \/>\n<meta property=\"og:type\" content=\"article\" \/>\n<meta property=\"og:title\" content=\"[ Dahua ] &#129351; Dh-pfs3005-5gt Switch\/ \/ Pfs3005-5gt- Gigabit De 5 Puertos No Administrable\/ Capa 2\/ 10\/100\/1000 Base-t\/ Carcasa Metalica\/ Switching 10g\/ Tasa De Reenvio De Paquetes 7.44 Mbps\/ Memoria Bufer De Paquetes 1mb\/ C\" \/>\n<meta property=\"og:description\" content=\"Compra Dh-pfs3005-5gt Switch\/ \/ Pfs3005-5gt- Gigabit De 5 Puertos No Administrable\/ Capa 2\/ 10\/100\/1000 Base-t\/ Carcasa Metalica\/ Switching 10g\/ Tasa De Reenvio De Paquetes 7.44 Mbps\/ Memoria Bufer De Paquetes 1mb\/ C + Env\u00edo a domicilio + Pago seguro + Garant\u00eda\" \/>\n<meta property=\"og:url\" content=\"https:\/\/compuviper.mx\/tienda\/producto\/dahua-dh-pfs3005-5gt-switch-pfs3005-5gt-gigabit-de-5-puertos-no-administrable-capa-2-10-100-1000-base-t-carcasa-metalica-switching-10g-tasa-de-reenvio-de-paquetes-7-44-mbps-memoria-bufer-de\/\" \/>\n<meta property=\"og:site_name\" content=\"Compuviper\" \/>\n<meta property=\"article:publisher\" content=\"https:\/\/www.facebook.com\/compuviper\" \/>\n<meta property=\"article:modified_time\" content=\"2026-04-03T06:00:19+00:00\" \/>\n<meta property=\"og:image\" content=\"https:\/\/compuviper.mx\/tienda\/wp-content\/uploads\/2024\/05\/Switch-dahua-pfs3005-5gt-gigabit-de-5-puertos-no-administrable-capa-2-101001000-base-t-carcasa-metalica-switching-10g-tasa-de-reenvio-de-paquetes-7.44-mbps-memoria-bufer-de-paquetes-1mb-c.jpg\" \/>\n\t<meta property=\"og:image:width\" content=\"200\" \/>\n\t<meta property=\"og:image:height\" content=\"200\" \/>\n\t<meta property=\"og:image:type\" content=\"image\/jpeg\" \/>\n<meta name=\"twitter:card\" content=\"summary_large_image\" \/>\n<meta name=\"twitter:label1\" content=\"Precio\" \/>\n\t<meta name=\"twitter:data1\" content=\"&#36;202 con IVA\" \/>\n\t<meta name=\"twitter:label2\" content=\"Availability\" \/>\n\t<meta name=\"twitter:data2\" content=\"On backorder\" \/>\n<script type=\"application\/ld+json\" class=\"yoast-schema-graph\">{\"@context\":\"https:\/\/schema.org\",\"@graph\":[{\"@type\":\"WebPage\",\"@id\":\"https:\/\/compuviper.mx\/tienda\/producto\/dahua-dh-pfs3005-5gt-switch-pfs3005-5gt-gigabit-de-5-puertos-no-administrable-capa-2-10-100-1000-base-t-carcasa-metalica-switching-10g-tasa-de-reenvio-de-paquetes-7-44-mbps-memoria-bufer-de\/\",\"url\":\"https:\/\/compuviper.mx\/tienda\/producto\/dahua-dh-pfs3005-5gt-switch-pfs3005-5gt-gigabit-de-5-puertos-no-administrable-capa-2-10-100-1000-base-t-carcasa-metalica-switching-10g-tasa-de-reenvio-de-paquetes-7-44-mbps-memoria-bufer-de\/\",\"name\":\"[ Dahua ] &#129351; Dh-pfs3005-5gt Switch\/ \/ Pfs3005-5gt- Gigabit De 5 Puertos No Administrable\/ Capa 2\/ 10\/100\/1000 Base-t\/ Carcasa Metalica\/ Switching 10g\/ Tasa De Reenvio De Paquetes 7.44 Mbps\/ Memoria Bufer De Paquetes 1mb\/ C\",\"isPartOf\":{\"@id\":\"https:\/\/compuviper.mx\/tienda\/#website\"},\"datePublished\":\"2026-04-02T07:07:29+00:00\",\"dateModified\":\"2026-04-03T06:00:19+00:00\",\"description\":\"Compra Dh-pfs3005-5gt Switch\/ \/ Pfs3005-5gt- Gigabit De 5 Puertos No Administrable\/ Capa 2\/ 10\/100\/1000 Base-t\/ Carcasa Metalica\/ Switching 10g\/ Tasa De Reenvio De Paquetes 7.44 Mbps\/ Memoria Bufer De Paquetes 1mb\/ C + Env\u00edo a domicilio + Pago seguro + Garant\u00eda\",\"breadcrumb\":{\"@id\":\"https:\/\/compuviper.mx\/tienda\/producto\/dahua-dh-pfs3005-5gt-switch-pfs3005-5gt-gigabit-de-5-puertos-no-administrable-capa-2-10-100-1000-base-t-carcasa-metalica-switching-10g-tasa-de-reenvio-de-paquetes-7-44-mbps-memoria-bufer-de\/#breadcrumb\"},\"inLanguage\":\"es-MX\",\"potentialAction\":[{\"@type\":\"ReadAction\",\"target\":[\"https:\/\/compuviper.mx\/tienda\/producto\/dahua-dh-pfs3005-5gt-switch-pfs3005-5gt-gigabit-de-5-puertos-no-administrable-capa-2-10-100-1000-base-t-carcasa-metalica-switching-10g-tasa-de-reenvio-de-paquetes-7-44-mbps-memoria-bufer-de\/\"]}]},{\"@type\":\"BreadcrumbList\",\"@id\":\"https:\/\/compuviper.mx\/tienda\/producto\/dahua-dh-pfs3005-5gt-switch-pfs3005-5gt-gigabit-de-5-puertos-no-administrable-capa-2-10-100-1000-base-t-carcasa-metalica-switching-10g-tasa-de-reenvio-de-paquetes-7-44-mbps-memoria-bufer-de\/#breadcrumb\",\"itemListElement\":[{\"@type\":\"ListItem\",\"position\":1,\"name\":\"Inicio\",\"item\":\"https:\/\/compuviper.mx\/tienda\/\"},{\"@type\":\"ListItem\",\"position\":2,\"name\":\"Productos\",\"item\":\"https:\/\/compuviper.mx\/tienda\/productos\/\"},{\"@type\":\"ListItem\",\"position\":3,\"name\":\"Redes\",\"item\":\"https:\/\/compuviper.mx\/tienda\/categoria-producto\/redes\/\"},{\"@type\":\"ListItem\",\"position\":4,\"name\":\"Switch\",\"item\":\"https:\/\/compuviper.mx\/tienda\/categoria-producto\/redes\/switch\/\"},{\"@type\":\"ListItem\",\"position\":5,\"name\":\"Dahua Dh-pfs3005-5gt Switch\/ \/ Pfs3005-5gt- Gigabit De 5 Puertos No Administrable\/ Capa 2\/ 10\/100\/1000 Base-t\/ Carcasa Metalica\/ Switching 10g\/ Tasa De Reenvio De Paquetes 7.44 Mbps\/ Memoria Bufer De Paquetes 1mb\/ C\"}]},{\"@type\":\"WebSite\",\"@id\":\"https:\/\/compuviper.mx\/tienda\/#website\",\"url\":\"https:\/\/compuviper.mx\/tienda\/\",\"name\":\"Compuviper\",\"description\":\"Proveedor de Computadoras, Laptops, Servidores, Monitores, Puntos de Venta, Teclados,   Impresoras, T\u00f3ner, C\u00e1maras de Seguridad y m\u00e1s en tu tienda en l\u00ednea\",\"publisher\":{\"@id\":\"https:\/\/compuviper.mx\/tienda\/#organization\"},\"potentialAction\":[{\"@type\":\"SearchAction\",\"target\":{\"@type\":\"EntryPoint\",\"urlTemplate\":\"https:\/\/compuviper.mx\/tienda\/?s={search_term_string}\"},\"query-input\":\"required name=search_term_string\"}],\"inLanguage\":\"es-MX\"},{\"@type\":\"Organization\",\"@id\":\"https:\/\/compuviper.mx\/tienda\/#organization\",\"name\":\"Compuviper\",\"url\":\"https:\/\/compuviper.mx\/tienda\/\",\"logo\":{\"@type\":\"ImageObject\",\"inLanguage\":\"es-MX\",\"@id\":\"https:\/\/compuviper.mx\/tienda\/#\/schema\/logo\/image\/\",\"url\":\"https:\/\/compuviper.mx\/tienda\/wp-content\/uploads\/2021\/08\/Logo-Compuviper-10.png\",\"contentUrl\":\"https:\/\/compuviper.mx\/tienda\/wp-content\/uploads\/2021\/08\/Logo-Compuviper-10.png\",\"width\":1000,\"height\":500,\"caption\":\"Compuviper\"},\"image\":{\"@id\":\"https:\/\/compuviper.mx\/tienda\/#\/schema\/logo\/image\/\"},\"sameAs\":[\"https:\/\/www.facebook.com\/compuviper\",\"https:\/\/www.youtube.com\/channel\/UCf73dERp9Y3cfOq7q8BhLjA?view_as=subscriber\"]}]}<\/script>\n<meta property=\"product:brand\" content=\"DAHUA\" \/>\n<meta property=\"product:price:amount\" content=\"202\" \/>\n<meta property=\"product:price:currency\" content=\"MXN\" \/>\n<meta property=\"og:availability\" content=\"backorder\" \/>\n<meta property=\"product:availability\" content=\"available for order\" \/>\n<meta property=\"product:retailer_item_id\" content=\"DH-PFS3005-5GT\" \/>\n<meta property=\"product:condition\" content=\"new\" \/>\n<!-- \/ Yoast SEO plugin. -->","yoast_head_json":{"title":"[ Dahua ] &#129351; Dh-pfs3005-5gt Switch\/ \/ Pfs3005-5gt- Gigabit De 5 Puertos No Administrable\/ Capa 2\/ 10\/100\/1000 Base-t\/ Carcasa Metalica\/ Switching 10g\/ Tasa De Reenvio De Paquetes 7.44 Mbps\/ Memoria Bufer De Paquetes 1mb\/ C","description":"Compra Dh-pfs3005-5gt Switch\/ \/ Pfs3005-5gt- Gigabit De 5 Puertos No Administrable\/ Capa 2\/ 10\/100\/1000 Base-t\/ Carcasa Metalica\/ Switching 10g\/ Tasa De Reenvio De Paquetes 7.44 Mbps\/ Memoria Bufer De Paquetes 1mb\/ C + Env\u00edo a domicilio + Pago seguro + Garant\u00eda","robots":{"index":"index","follow":"follow","max-snippet":"max-snippet:-1","max-image-preview":"max-image-preview:large","max-video-preview":"max-video-preview:-1"},"canonical":"https:\/\/compuviper.mx\/tienda\/producto\/dahua-dh-pfs3005-5gt-switch-pfs3005-5gt-gigabit-de-5-puertos-no-administrable-capa-2-10-100-1000-base-t-carcasa-metalica-switching-10g-tasa-de-reenvio-de-paquetes-7-44-mbps-memoria-bufer-de\/","og_locale":"es_MX","og_type":"article","og_title":"[ Dahua ] &#129351; Dh-pfs3005-5gt Switch\/ \/ Pfs3005-5gt- Gigabit De 5 Puertos No Administrable\/ Capa 2\/ 10\/100\/1000 Base-t\/ Carcasa Metalica\/ Switching 10g\/ Tasa De Reenvio De Paquetes 7.44 Mbps\/ Memoria Bufer De Paquetes 1mb\/ C","og_description":"Compra Dh-pfs3005-5gt Switch\/ \/ Pfs3005-5gt- Gigabit De 5 Puertos No Administrable\/ Capa 2\/ 10\/100\/1000 Base-t\/ Carcasa Metalica\/ Switching 10g\/ Tasa De Reenvio De Paquetes 7.44 Mbps\/ Memoria Bufer De Paquetes 1mb\/ C + Env\u00edo a domicilio + Pago seguro + Garant\u00eda","og_url":"https:\/\/compuviper.mx\/tienda\/producto\/dahua-dh-pfs3005-5gt-switch-pfs3005-5gt-gigabit-de-5-puertos-no-administrable-capa-2-10-100-1000-base-t-carcasa-metalica-switching-10g-tasa-de-reenvio-de-paquetes-7-44-mbps-memoria-bufer-de\/","og_site_name":"Compuviper","article_publisher":"https:\/\/www.facebook.com\/compuviper","article_modified_time":"2026-04-03T06:00:19+00:00","og_image":[{"width":200,"height":200,"url":"https:\/\/compuviper.mx\/tienda\/wp-content\/uploads\/2024\/05\/Switch-dahua-pfs3005-5gt-gigabit-de-5-puertos-no-administrable-capa-2-101001000-base-t-carcasa-metalica-switching-10g-tasa-de-reenvio-de-paquetes-7.44-mbps-memoria-bufer-de-paquetes-1mb-c.jpg","type":"image\/jpeg"}],"twitter_card":"summary_large_image","twitter_misc":{"Precio":"&#36;202 con IVA","Availability":"On backorder"},"schema":{"@context":"https:\/\/schema.org","@graph":[{"@type":"WebPage","@id":"https:\/\/compuviper.mx\/tienda\/producto\/dahua-dh-pfs3005-5gt-switch-pfs3005-5gt-gigabit-de-5-puertos-no-administrable-capa-2-10-100-1000-base-t-carcasa-metalica-switching-10g-tasa-de-reenvio-de-paquetes-7-44-mbps-memoria-bufer-de\/","url":"https:\/\/compuviper.mx\/tienda\/producto\/dahua-dh-pfs3005-5gt-switch-pfs3005-5gt-gigabit-de-5-puertos-no-administrable-capa-2-10-100-1000-base-t-carcasa-metalica-switching-10g-tasa-de-reenvio-de-paquetes-7-44-mbps-memoria-bufer-de\/","name":"[ Dahua ] &#129351; Dh-pfs3005-5gt Switch\/ \/ Pfs3005-5gt- Gigabit De 5 Puertos No Administrable\/ Capa 2\/ 10\/100\/1000 Base-t\/ Carcasa Metalica\/ Switching 10g\/ Tasa De Reenvio De Paquetes 7.44 Mbps\/ Memoria Bufer De Paquetes 1mb\/ C","isPartOf":{"@id":"https:\/\/compuviper.mx\/tienda\/#website"},"datePublished":"2026-04-02T07:07:29+00:00","dateModified":"2026-04-03T06:00:19+00:00","description":"Compra Dh-pfs3005-5gt Switch\/ \/ Pfs3005-5gt- Gigabit De 5 Puertos No Administrable\/ Capa 2\/ 10\/100\/1000 Base-t\/ Carcasa Metalica\/ Switching 10g\/ Tasa De Reenvio De Paquetes 7.44 Mbps\/ Memoria Bufer De Paquetes 1mb\/ C + Env\u00edo a domicilio + Pago seguro + Garant\u00eda","breadcrumb":{"@id":"https:\/\/compuviper.mx\/tienda\/producto\/dahua-dh-pfs3005-5gt-switch-pfs3005-5gt-gigabit-de-5-puertos-no-administrable-capa-2-10-100-1000-base-t-carcasa-metalica-switching-10g-tasa-de-reenvio-de-paquetes-7-44-mbps-memoria-bufer-de\/#breadcrumb"},"inLanguage":"es-MX","potentialAction":[{"@type":"ReadAction","target":["https:\/\/compuviper.mx\/tienda\/producto\/dahua-dh-pfs3005-5gt-switch-pfs3005-5gt-gigabit-de-5-puertos-no-administrable-capa-2-10-100-1000-base-t-carcasa-metalica-switching-10g-tasa-de-reenvio-de-paquetes-7-44-mbps-memoria-bufer-de\/"]}]},{"@type":"BreadcrumbList","@id":"https:\/\/compuviper.mx\/tienda\/producto\/dahua-dh-pfs3005-5gt-switch-pfs3005-5gt-gigabit-de-5-puertos-no-administrable-capa-2-10-100-1000-base-t-carcasa-metalica-switching-10g-tasa-de-reenvio-de-paquetes-7-44-mbps-memoria-bufer-de\/#breadcrumb","itemListElement":[{"@type":"ListItem","position":1,"name":"Inicio","item":"https:\/\/compuviper.mx\/tienda\/"},{"@type":"ListItem","position":2,"name":"Productos","item":"https:\/\/compuviper.mx\/tienda\/productos\/"},{"@type":"ListItem","position":3,"name":"Redes","item":"https:\/\/compuviper.mx\/tienda\/categoria-producto\/redes\/"},{"@type":"ListItem","position":4,"name":"Switch","item":"https:\/\/compuviper.mx\/tienda\/categoria-producto\/redes\/switch\/"},{"@type":"ListItem","position":5,"name":"Dahua Dh-pfs3005-5gt Switch\/ \/ Pfs3005-5gt- Gigabit De 5 Puertos No Administrable\/ Capa 2\/ 10\/100\/1000 Base-t\/ Carcasa Metalica\/ Switching 10g\/ Tasa De Reenvio De Paquetes 7.44 Mbps\/ Memoria Bufer De Paquetes 1mb\/ C"}]},{"@type":"WebSite","@id":"https:\/\/compuviper.mx\/tienda\/#website","url":"https:\/\/compuviper.mx\/tienda\/","name":"Compuviper","description":"Proveedor de Computadoras, Laptops, Servidores, Monitores, Puntos de Venta, Teclados,   Impresoras, T\u00f3ner, C\u00e1maras de Seguridad y m\u00e1s en tu tienda en l\u00ednea","publisher":{"@id":"https:\/\/compuviper.mx\/tienda\/#organization"},"potentialAction":[{"@type":"SearchAction","target":{"@type":"EntryPoint","urlTemplate":"https:\/\/compuviper.mx\/tienda\/?s={search_term_string}"},"query-input":"required name=search_term_string"}],"inLanguage":"es-MX"},{"@type":"Organization","@id":"https:\/\/compuviper.mx\/tienda\/#organization","name":"Compuviper","url":"https:\/\/compuviper.mx\/tienda\/","logo":{"@type":"ImageObject","inLanguage":"es-MX","@id":"https:\/\/compuviper.mx\/tienda\/#\/schema\/logo\/image\/","url":"https:\/\/compuviper.mx\/tienda\/wp-content\/uploads\/2021\/08\/Logo-Compuviper-10.png","contentUrl":"https:\/\/compuviper.mx\/tienda\/wp-content\/uploads\/2021\/08\/Logo-Compuviper-10.png","width":1000,"height":500,"caption":"Compuviper"},"image":{"@id":"https:\/\/compuviper.mx\/tienda\/#\/schema\/logo\/image\/"},"sameAs":["https:\/\/www.facebook.com\/compuviper","https:\/\/www.youtube.com\/channel\/UCf73dERp9Y3cfOq7q8BhLjA?view_as=subscriber"]}]},"product_brand":"DAHUA","product_price_amount":"202","product_price_currency":"MXN","og_availability":"backorder","product_availability":"available for order","product_retailer_item_id":"DH-PFS3005-5GT","product_condition":"new"},"_links":{"self":[{"href":"https:\/\/compuviper.mx\/tienda\/wp-json\/wp\/v2\/product\/230770"}],"collection":[{"href":"https:\/\/compuviper.mx\/tienda\/wp-json\/wp\/v2\/product"}],"about":[{"href":"https:\/\/compuviper.mx\/tienda\/wp-json\/wp\/v2\/types\/product"}],"replies":[{"embeddable":true,"href":"https:\/\/compuviper.mx\/tienda\/wp-json\/wp\/v2\/comments?post=230770"}],"wp:featuredmedia":[{"embeddable":true,"href":"https:\/\/compuviper.mx\/tienda\/wp-json\/wp\/v2\/media\/234221"}],"wp:attachment":[{"href":"https:\/\/compuviper.mx\/tienda\/wp-json\/wp\/v2\/media?parent=230770"}],"wp:term":[{"taxonomy":"product_cat","embeddable":true,"href":"https:\/\/compuviper.mx\/tienda\/wp-json\/wp\/v2\/product_cat?post=230770"},{"taxonomy":"product_tag","embeddable":true,"href":"https:\/\/compuviper.mx\/tienda\/wp-json\/wp\/v2\/product_tag?post=230770"}],"curies":[{"name":"wp","href":"https:\/\/api.w.org\/{rel}","templated":true}]}}