{"id":230763,"date":"2026-04-10T00:43:33","date_gmt":"2026-04-10T06:43:33","guid":{"rendered":"https:\/\/compuviper.mx\/tienda\/producto\/ec-line-ec-ts-1538-monitor-touch-negro-panel-touch-15-pulgadas-pantalla-capacitiva-conexion-usb-hdmi\/"},"modified":"2026-04-10T00:43:33","modified_gmt":"2026-04-10T06:43:33","slug":"ec-line-ec-ts-1538-monitor-negro-pantalla-touch-15-pulgadas-vga-hdmi-usb-1024-x-768-capacitiva-lec-lcd","status":"publish","type":"product","link":"https:\/\/compuviper.mx\/tienda\/producto\/ec-line-ec-ts-1538-monitor-negro-pantalla-touch-15-pulgadas-vga-hdmi-usb-1024-x-768-capacitiva-lec-lcd\/","title":{"rendered":"Ec Line Ec-ts-1538 Monitor  , Negro, Pantalla Touch, 15 Pulgadas, Vga, Hdmi, Usb,  1024 X 768, Capacitiva, Lec-lcd"},"content":{"rendered":"<table class=\"descripcion\">\n<tr>\n<td>Panel: touch led-lcd 15 pulgadas<\/td>\n<\/tr>\n<tr>\n<td>Color: negro<\/td>\n<\/tr>\n<tr>\n<td>Resolucion: 1024 x 768<\/td>\n<\/tr>\n<tr>\n<td>Area de demostracion activa mm: 304.128 w x 228.096 h<\/td>\n<\/tr>\n<tr>\n<td>Colores en pantalla: 16.7m<\/td>\n<\/tr>\n<tr>\n<td>Video input hdmi<\/td>\n<\/tr>\n<tr>\n<td>Contraste de radio 700:1<\/td>\n<\/tr>\n<tr>\n<td>Luminancia: 350 cd\/m2<\/td>\n<\/tr>\n<tr>\n<td>Touch panel: capacitivo<\/td>\n<\/tr>\n<tr>\n<td>Interface touch: usb<\/td>\n<\/tr>\n<tr>\n<td>Fuente de poder: entrada: universal ac100-240v, 50\/60hz<\/td>\n<\/tr>\n<tr>\n<td>Consumo: 15 w<\/td>\n<\/tr>\n<tr>\n<td>Entorno: temperatura de almacenaje: -20\u00b0c~60\u00b0c<\/td>\n<\/tr>\n<tr>\n<td>Temperatura de operacion: 0\u00b0c~40\u00b0c<\/td>\n<\/tr>\n<tr>\n<td>Humedad relativa 20 &#8211; 80<\/td>\n<\/tr>\n<tr>\n<td>Angulos de vision cr : 80\u00b0~-80\u00b0ch70\u00b0~-70\u00b0cv<\/td>\n<\/tr>\n<tr>\n<td>Peso: sin empaque 5 kg con empaque 6.5 kg<\/td>\n<\/tr>\n<\/table>\n","protected":false},"excerpt":{"rendered":"<p>Monitor de pantalla tactil de 15 pulgadas, listo para darle interactividad a cualquier comercio, que le da un toque de modernidad a cualquier punto de venta<\/p>\n","protected":false},"featured_media":234150,"comment_status":"open","ping_status":"open","template":"","meta":[],"product_cat":[1740,1742],"product_tag":[1600],"acf":[],"yoast_head":"<!-- This site is optimized with the Yoast SEO plugin v21.7 - https:\/\/yoast.com\/wordpress\/plugins\/seo\/ -->\n<title>[ Ec Line ] &#129351; Ec-ts-1538 Monitor , Negro, Pantalla Touch, 15 Pulgadas, Vga, Hdmi, Usb, 1024 X 768, Capacitiva, Lec-lcd<\/title>\n<meta name=\"description\" content=\"Compra Ec-ts-1538 Monitor , Negro, Pantalla Touch, 15 Pulgadas, Vga, Hdmi, Usb, 1024 X 768, Capacitiva, Lec-lcd + Env\u00edo a domicilio + Pago seguro + Garant\u00eda\" \/>\n<meta name=\"robots\" content=\"index, follow, max-snippet:-1, max-image-preview:large, max-video-preview:-1\" \/>\n<link rel=\"canonical\" href=\"https:\/\/compuviper.mx\/tienda\/producto\/ec-line-ec-ts-1538-monitor-negro-pantalla-touch-15-pulgadas-vga-hdmi-usb-1024-x-768-capacitiva-lec-lcd\/\" \/>\n<meta property=\"og:locale\" content=\"es_MX\" \/>\n<meta property=\"og:type\" content=\"article\" \/>\n<meta property=\"og:title\" content=\"[ Ec Line ] &#129351; Ec-ts-1538 Monitor , Negro, Pantalla Touch, 15 Pulgadas, Vga, Hdmi, Usb, 1024 X 768, Capacitiva, Lec-lcd\" \/>\n<meta property=\"og:description\" content=\"Compra Ec-ts-1538 Monitor , Negro, Pantalla Touch, 15 Pulgadas, Vga, Hdmi, Usb, 1024 X 768, Capacitiva, Lec-lcd + Env\u00edo a domicilio + Pago seguro + Garant\u00eda\" \/>\n<meta property=\"og:url\" content=\"https:\/\/compuviper.mx\/tienda\/producto\/ec-line-ec-ts-1538-monitor-negro-pantalla-touch-15-pulgadas-vga-hdmi-usb-1024-x-768-capacitiva-lec-lcd\/\" \/>\n<meta property=\"og:site_name\" content=\"Compuviper\" \/>\n<meta property=\"article:publisher\" content=\"https:\/\/www.facebook.com\/compuviper\" \/>\n<meta property=\"og:image\" content=\"https:\/\/compuviper.mx\/tienda\/wp-content\/uploads\/2024\/05\/Monitor-ec-line-touch-ec-ts-1538-negro-panel-touch-15-pulgadas-pantalla-capacitiva-conexion-usb-hdmi.jpg\" \/>\n\t<meta property=\"og:image:width\" content=\"200\" \/>\n\t<meta property=\"og:image:height\" content=\"200\" \/>\n\t<meta property=\"og:image:type\" content=\"image\/jpeg\" \/>\n<meta name=\"twitter:card\" content=\"summary_large_image\" \/>\n<meta name=\"twitter:label1\" content=\"Precio\" \/>\n\t<meta name=\"twitter:data1\" content=\"&#36;5,397 con IVA\" \/>\n\t<meta name=\"twitter:label2\" content=\"Availability\" \/>\n\t<meta name=\"twitter:data2\" content=\"Out of stock\" \/>\n<script type=\"application\/ld+json\" class=\"yoast-schema-graph\">{\"@context\":\"https:\/\/schema.org\",\"@graph\":[{\"@type\":\"WebPage\",\"@id\":\"https:\/\/compuviper.mx\/tienda\/producto\/ec-line-ec-ts-1538-monitor-negro-pantalla-touch-15-pulgadas-vga-hdmi-usb-1024-x-768-capacitiva-lec-lcd\/\",\"url\":\"https:\/\/compuviper.mx\/tienda\/producto\/ec-line-ec-ts-1538-monitor-negro-pantalla-touch-15-pulgadas-vga-hdmi-usb-1024-x-768-capacitiva-lec-lcd\/\",\"name\":\"[ Ec Line ] &#129351; Ec-ts-1538 Monitor , Negro, Pantalla Touch, 15 Pulgadas, Vga, Hdmi, Usb, 1024 X 768, Capacitiva, Lec-lcd\",\"isPartOf\":{\"@id\":\"https:\/\/compuviper.mx\/tienda\/#website\"},\"datePublished\":\"2026-04-10T06:43:33+00:00\",\"dateModified\":\"2026-04-10T06:43:33+00:00\",\"description\":\"Compra Ec-ts-1538 Monitor , Negro, Pantalla Touch, 15 Pulgadas, Vga, Hdmi, Usb, 1024 X 768, Capacitiva, Lec-lcd + Env\u00edo a domicilio + Pago seguro + Garant\u00eda\",\"breadcrumb\":{\"@id\":\"https:\/\/compuviper.mx\/tienda\/producto\/ec-line-ec-ts-1538-monitor-negro-pantalla-touch-15-pulgadas-vga-hdmi-usb-1024-x-768-capacitiva-lec-lcd\/#breadcrumb\"},\"inLanguage\":\"es-MX\",\"potentialAction\":[{\"@type\":\"ReadAction\",\"target\":[\"https:\/\/compuviper.mx\/tienda\/producto\/ec-line-ec-ts-1538-monitor-negro-pantalla-touch-15-pulgadas-vga-hdmi-usb-1024-x-768-capacitiva-lec-lcd\/\"]}]},{\"@type\":\"BreadcrumbList\",\"@id\":\"https:\/\/compuviper.mx\/tienda\/producto\/ec-line-ec-ts-1538-monitor-negro-pantalla-touch-15-pulgadas-vga-hdmi-usb-1024-x-768-capacitiva-lec-lcd\/#breadcrumb\",\"itemListElement\":[{\"@type\":\"ListItem\",\"position\":1,\"name\":\"Inicio\",\"item\":\"https:\/\/compuviper.mx\/tienda\/\"},{\"@type\":\"ListItem\",\"position\":2,\"name\":\"Productos\",\"item\":\"https:\/\/compuviper.mx\/tienda\/productos\/\"},{\"@type\":\"ListItem\",\"position\":3,\"name\":\"Monitores\",\"item\":\"https:\/\/compuviper.mx\/tienda\/categoria-producto\/monitores\/\"},{\"@type\":\"ListItem\",\"position\":4,\"name\":\"Touch Screen\",\"item\":\"https:\/\/compuviper.mx\/tienda\/categoria-producto\/monitores\/touch-screen\/\"},{\"@type\":\"ListItem\",\"position\":5,\"name\":\"Ec Line Ec-ts-1538 Monitor , Negro, Pantalla Touch, 15 Pulgadas, Vga, Hdmi, Usb, 1024 X 768, Capacitiva, Lec-lcd\"}]},{\"@type\":\"WebSite\",\"@id\":\"https:\/\/compuviper.mx\/tienda\/#website\",\"url\":\"https:\/\/compuviper.mx\/tienda\/\",\"name\":\"Compuviper\",\"description\":\"Proveedor de Computadoras, Laptops, Servidores, Monitores, Puntos de Venta, Teclados,   Impresoras, T\u00f3ner, C\u00e1maras de Seguridad y m\u00e1s en tu tienda en l\u00ednea\",\"publisher\":{\"@id\":\"https:\/\/compuviper.mx\/tienda\/#organization\"},\"potentialAction\":[{\"@type\":\"SearchAction\",\"target\":{\"@type\":\"EntryPoint\",\"urlTemplate\":\"https:\/\/compuviper.mx\/tienda\/?s={search_term_string}\"},\"query-input\":\"required name=search_term_string\"}],\"inLanguage\":\"es-MX\"},{\"@type\":\"Organization\",\"@id\":\"https:\/\/compuviper.mx\/tienda\/#organization\",\"name\":\"Compuviper\",\"url\":\"https:\/\/compuviper.mx\/tienda\/\",\"logo\":{\"@type\":\"ImageObject\",\"inLanguage\":\"es-MX\",\"@id\":\"https:\/\/compuviper.mx\/tienda\/#\/schema\/logo\/image\/\",\"url\":\"https:\/\/compuviper.mx\/tienda\/wp-content\/uploads\/2021\/08\/Logo-Compuviper-10.png\",\"contentUrl\":\"https:\/\/compuviper.mx\/tienda\/wp-content\/uploads\/2021\/08\/Logo-Compuviper-10.png\",\"width\":1000,\"height\":500,\"caption\":\"Compuviper\"},\"image\":{\"@id\":\"https:\/\/compuviper.mx\/tienda\/#\/schema\/logo\/image\/\"},\"sameAs\":[\"https:\/\/www.facebook.com\/compuviper\",\"https:\/\/www.youtube.com\/channel\/UCf73dERp9Y3cfOq7q8BhLjA?view_as=subscriber\"]}]}<\/script>\n<meta property=\"product:brand\" content=\"EC LINE\" \/>\n<meta property=\"product:price:amount\" content=\"5397\" \/>\n<meta property=\"product:price:currency\" content=\"MXN\" \/>\n<meta property=\"og:availability\" content=\"out of stock\" \/>\n<meta property=\"product:availability\" content=\"out of stock\" \/>\n<meta property=\"product:retailer_item_id\" content=\"EC-TS-1538\" \/>\n<meta property=\"product:condition\" content=\"new\" \/>\n<!-- \/ Yoast SEO plugin. -->","yoast_head_json":{"title":"[ Ec Line ] &#129351; Ec-ts-1538 Monitor , Negro, Pantalla Touch, 15 Pulgadas, Vga, Hdmi, Usb, 1024 X 768, Capacitiva, Lec-lcd","description":"Compra Ec-ts-1538 Monitor , Negro, Pantalla Touch, 15 Pulgadas, Vga, Hdmi, Usb, 1024 X 768, Capacitiva, Lec-lcd + Env\u00edo a domicilio + Pago seguro + Garant\u00eda","robots":{"index":"index","follow":"follow","max-snippet":"max-snippet:-1","max-image-preview":"max-image-preview:large","max-video-preview":"max-video-preview:-1"},"canonical":"https:\/\/compuviper.mx\/tienda\/producto\/ec-line-ec-ts-1538-monitor-negro-pantalla-touch-15-pulgadas-vga-hdmi-usb-1024-x-768-capacitiva-lec-lcd\/","og_locale":"es_MX","og_type":"article","og_title":"[ Ec Line ] &#129351; Ec-ts-1538 Monitor , Negro, Pantalla Touch, 15 Pulgadas, Vga, Hdmi, Usb, 1024 X 768, Capacitiva, Lec-lcd","og_description":"Compra Ec-ts-1538 Monitor , Negro, Pantalla Touch, 15 Pulgadas, Vga, Hdmi, Usb, 1024 X 768, Capacitiva, Lec-lcd + Env\u00edo a domicilio + Pago seguro + Garant\u00eda","og_url":"https:\/\/compuviper.mx\/tienda\/producto\/ec-line-ec-ts-1538-monitor-negro-pantalla-touch-15-pulgadas-vga-hdmi-usb-1024-x-768-capacitiva-lec-lcd\/","og_site_name":"Compuviper","article_publisher":"https:\/\/www.facebook.com\/compuviper","og_image":[{"width":200,"height":200,"url":"https:\/\/compuviper.mx\/tienda\/wp-content\/uploads\/2024\/05\/Monitor-ec-line-touch-ec-ts-1538-negro-panel-touch-15-pulgadas-pantalla-capacitiva-conexion-usb-hdmi.jpg","type":"image\/jpeg"}],"twitter_card":"summary_large_image","twitter_misc":{"Precio":"&#36;5,397 con IVA","Availability":"Out of stock"},"schema":{"@context":"https:\/\/schema.org","@graph":[{"@type":"WebPage","@id":"https:\/\/compuviper.mx\/tienda\/producto\/ec-line-ec-ts-1538-monitor-negro-pantalla-touch-15-pulgadas-vga-hdmi-usb-1024-x-768-capacitiva-lec-lcd\/","url":"https:\/\/compuviper.mx\/tienda\/producto\/ec-line-ec-ts-1538-monitor-negro-pantalla-touch-15-pulgadas-vga-hdmi-usb-1024-x-768-capacitiva-lec-lcd\/","name":"[ Ec Line ] &#129351; Ec-ts-1538 Monitor , Negro, Pantalla Touch, 15 Pulgadas, Vga, Hdmi, Usb, 1024 X 768, Capacitiva, Lec-lcd","isPartOf":{"@id":"https:\/\/compuviper.mx\/tienda\/#website"},"datePublished":"2026-04-10T06:43:33+00:00","dateModified":"2026-04-10T06:43:33+00:00","description":"Compra Ec-ts-1538 Monitor , Negro, Pantalla Touch, 15 Pulgadas, Vga, Hdmi, Usb, 1024 X 768, Capacitiva, Lec-lcd + Env\u00edo a domicilio + Pago seguro + Garant\u00eda","breadcrumb":{"@id":"https:\/\/compuviper.mx\/tienda\/producto\/ec-line-ec-ts-1538-monitor-negro-pantalla-touch-15-pulgadas-vga-hdmi-usb-1024-x-768-capacitiva-lec-lcd\/#breadcrumb"},"inLanguage":"es-MX","potentialAction":[{"@type":"ReadAction","target":["https:\/\/compuviper.mx\/tienda\/producto\/ec-line-ec-ts-1538-monitor-negro-pantalla-touch-15-pulgadas-vga-hdmi-usb-1024-x-768-capacitiva-lec-lcd\/"]}]},{"@type":"BreadcrumbList","@id":"https:\/\/compuviper.mx\/tienda\/producto\/ec-line-ec-ts-1538-monitor-negro-pantalla-touch-15-pulgadas-vga-hdmi-usb-1024-x-768-capacitiva-lec-lcd\/#breadcrumb","itemListElement":[{"@type":"ListItem","position":1,"name":"Inicio","item":"https:\/\/compuviper.mx\/tienda\/"},{"@type":"ListItem","position":2,"name":"Productos","item":"https:\/\/compuviper.mx\/tienda\/productos\/"},{"@type":"ListItem","position":3,"name":"Monitores","item":"https:\/\/compuviper.mx\/tienda\/categoria-producto\/monitores\/"},{"@type":"ListItem","position":4,"name":"Touch Screen","item":"https:\/\/compuviper.mx\/tienda\/categoria-producto\/monitores\/touch-screen\/"},{"@type":"ListItem","position":5,"name":"Ec Line Ec-ts-1538 Monitor , Negro, Pantalla Touch, 15 Pulgadas, Vga, Hdmi, Usb, 1024 X 768, Capacitiva, Lec-lcd"}]},{"@type":"WebSite","@id":"https:\/\/compuviper.mx\/tienda\/#website","url":"https:\/\/compuviper.mx\/tienda\/","name":"Compuviper","description":"Proveedor de Computadoras, Laptops, Servidores, Monitores, Puntos de Venta, Teclados,   Impresoras, T\u00f3ner, C\u00e1maras de Seguridad y m\u00e1s en tu tienda en l\u00ednea","publisher":{"@id":"https:\/\/compuviper.mx\/tienda\/#organization"},"potentialAction":[{"@type":"SearchAction","target":{"@type":"EntryPoint","urlTemplate":"https:\/\/compuviper.mx\/tienda\/?s={search_term_string}"},"query-input":"required name=search_term_string"}],"inLanguage":"es-MX"},{"@type":"Organization","@id":"https:\/\/compuviper.mx\/tienda\/#organization","name":"Compuviper","url":"https:\/\/compuviper.mx\/tienda\/","logo":{"@type":"ImageObject","inLanguage":"es-MX","@id":"https:\/\/compuviper.mx\/tienda\/#\/schema\/logo\/image\/","url":"https:\/\/compuviper.mx\/tienda\/wp-content\/uploads\/2021\/08\/Logo-Compuviper-10.png","contentUrl":"https:\/\/compuviper.mx\/tienda\/wp-content\/uploads\/2021\/08\/Logo-Compuviper-10.png","width":1000,"height":500,"caption":"Compuviper"},"image":{"@id":"https:\/\/compuviper.mx\/tienda\/#\/schema\/logo\/image\/"},"sameAs":["https:\/\/www.facebook.com\/compuviper","https:\/\/www.youtube.com\/channel\/UCf73dERp9Y3cfOq7q8BhLjA?view_as=subscriber"]}]},"product_brand":"EC LINE","product_price_amount":"5397","product_price_currency":"MXN","og_availability":"out of stock","product_availability":"out of stock","product_retailer_item_id":"EC-TS-1538","product_condition":"new"},"_links":{"self":[{"href":"https:\/\/compuviper.mx\/tienda\/wp-json\/wp\/v2\/product\/230763"}],"collection":[{"href":"https:\/\/compuviper.mx\/tienda\/wp-json\/wp\/v2\/product"}],"about":[{"href":"https:\/\/compuviper.mx\/tienda\/wp-json\/wp\/v2\/types\/product"}],"replies":[{"embeddable":true,"href":"https:\/\/compuviper.mx\/tienda\/wp-json\/wp\/v2\/comments?post=230763"}],"wp:featuredmedia":[{"embeddable":true,"href":"https:\/\/compuviper.mx\/tienda\/wp-json\/wp\/v2\/media\/234150"}],"wp:attachment":[{"href":"https:\/\/compuviper.mx\/tienda\/wp-json\/wp\/v2\/media?parent=230763"}],"wp:term":[{"taxonomy":"product_cat","embeddable":true,"href":"https:\/\/compuviper.mx\/tienda\/wp-json\/wp\/v2\/product_cat?post=230763"},{"taxonomy":"product_tag","embeddable":true,"href":"https:\/\/compuviper.mx\/tienda\/wp-json\/wp\/v2\/product_tag?post=230763"}],"curies":[{"name":"wp","href":"https:\/\/api.w.org\/{rel}","templated":true}]}}