{"id":230627,"date":"2026-04-02T00:50:02","date_gmt":"2026-04-02T06:50:02","guid":{"rendered":"https:\/\/compuviper.mx\/tienda\/producto\/samsung-ls55cg970nlxzx-monitor-led-55-widescreen-uhd-3840-x-2160-negro-pivot-3-hdmi-1-d-port-1-lan-2-usb-curvo-165-hz-1000r-1ms-bocinas\/"},"modified":"2026-04-02T00:50:03","modified_gmt":"2026-04-02T06:50:03","slug":"samsung-ls55cg970nlxzx-monitor-led-55-pulgadas-widescreen-gamer-odyssey-arkuhd-3840-x-2160-4k-negro-pivot-3-hdmi-1-d-port-1-lan-2-usb-curvo-165-hz-1000r-1ms-bocinas","status":"publish","type":"product","link":"https:\/\/compuviper.mx\/tienda\/producto\/samsung-ls55cg970nlxzx-monitor-led-55-pulgadas-widescreen-gamer-odyssey-arkuhd-3840-x-2160-4k-negro-pivot-3-hdmi-1-d-port-1-lan-2-usb-curvo-165-hz-1000r-1ms-bocinas\/","title":{"rendered":"Samsung Ls55cg970nlxzx Monitor Led  55 Pulgadas, Widescreen, Gamer, Odyssey Ark,uhd 3,840 X 2,160, 4k, Negro, Pivot, 3 Hdmi, 1 D. Port, 1 Lan, 2 Usb, Curvo, 165 Hz, 1000r, 1ms, Bocinas"},"content":{"rendered":"<table class=\"descripcion\">\n<tr>\n<td>Ls55cg970nlxzx<\/td>\n<\/tr>\n<tr>\n<td>Tama\u00f1o de pantalla (clase) 55<\/td>\n<\/tr>\n<tr>\n<td>Plano \/ curvo curvo<\/td>\n<\/tr>\n<tr>\n<td>Tama\u00f1o de pantalla activa (hxv) (mm) 1209,6(h) x 680,4(v)<\/td>\n<\/tr>\n<tr>\n<td>Curvatura de pantalla 1000r<\/td>\n<\/tr>\n<tr>\n<td>Relaci\u00f3n de aspecto 16:09<\/td>\n<\/tr>\n<tr>\n<td>Tipo de panelva<\/td>\n<\/tr>\n<tr>\n<td>Brillo (t\u00edpico) 600 cd\/ and #13217;<\/td>\n<\/tr>\n<tr>\n<td>Brillo (m\u00edn.) 420 cd\/ and #13217;<\/td>\n<\/tr>\n<tr>\n<td>Relaci\u00f3n de contraste (est\u00e1tica) 1.000.000:1 (est\u00e1tica)<\/td>\n<\/tr>\n<tr>\n<td>Relaci\u00f3n de contraste (din\u00e1mico) mega dcr<\/td>\n<\/tr>\n<tr>\n<td>Hdr (alto rango din\u00e1mico) quantum hdr 32x<\/td>\n<\/tr>\n<tr>\n<td>Hdr10+ hdr10+ juegos<\/td>\n<\/tr>\n<tr>\n<td>Atenuaci\u00f3n local mini led s\u00ed (1056 zonas)<\/td>\n<\/tr>\n<tr>\n<td>Resoluci\u00f3n 3.840 x 2.160<\/td>\n<\/tr>\n<tr>\n<td>Tiempo de respuesta (ms) 1 ms (gtg)<\/td>\n<\/tr>\n<tr>\n<td>\u00e1ngulo de visi\u00f3n (h\/v) 178\u00b0(h)\/178\u00b0(v)<\/td>\n<\/tr>\n<tr>\n<td>Soporte de color m\u00e1x. 1b<\/td>\n<\/tr>\n<tr>\n<td>Gama de colores (ntsc) n\/a<\/td>\n<\/tr>\n<tr>\n<td>Gama de colores (cobertura dci) 95 % (t\u00edp.)<\/td>\n<\/tr>\n<tr>\n<td>Gama de colores (cobertura srgb) n\/a<\/td>\n<\/tr>\n<tr>\n<td>Gama de colores (cobertura adobe rgb) n\/a<\/td>\n<\/tr>\n<tr>\n<td>Velocidad de fotogramas m\u00e1x. 165 hz<\/td>\n<\/tr>\n<tr>\n<td>Eco ahorro plus n\/a<\/td>\n<\/tr>\n<tr>\n<td>0,00 w modo apagado n\/a<\/td>\n<\/tr>\n<tr>\n<td>Modo protector de ojos s\u00ed<\/td>\n<\/tr>\n<tr>\n<td>Sin parpadeo s\u00ed<\/td>\n<\/tr>\n<tr>\n<td>Imagen en imagen n\/a<\/td>\n<\/tr>\n<tr>\n<td>Imagen por imagen n\/a<\/td>\n<\/tr>\n<tr>\n<td>Color de punto cu\u00e1ntico s\u00ed<\/td>\n<\/tr>\n<tr>\n<td>Modo de juego s\u00ed<\/td>\n<\/tr>\n<tr>\n<td>Tama\u00f1o de imagen s\u00ed<\/td>\n<\/tr>\n<tr>\n<td>Cadena tipo margarita n\/a<\/td>\n<\/tr>\n<tr>\n<td>Certificaci\u00f3n de windows windows 10<\/td>\n<\/tr>\n<tr>\n<td>Freesync freesync premium pro<\/td>\n<\/tr>\n<tr>\n<td>G-sync n\/a<\/td>\n<\/tr>\n<tr>\n<td>Sincronizaci\u00f3n adaptativa vesa n\/a<\/td>\n<\/tr>\n<tr>\n<td>Temporizador de apagado plus s\u00ed<\/td>\n<\/tr>\n<tr>\n<td>Ecualizador negro n\/a<\/td>\n<\/tr>\n<tr>\n<td>Modo de retardo de entrada bajo n\/a<\/td>\n<\/tr>\n<tr>\n<td>Punto aim virtual s\u00ed<\/td>\n<\/tr>\n<tr>\n<td>Sincronizaci\u00f3n central n\/a<\/td>\n<\/tr>\n<tr>\n<td>Barra de juegos s\u00ed<\/td>\n<\/tr>\n<tr>\n<td>Centro de juegos s\u00ed (kr, ee. uu., ca, br, gb, fr, de, it, es)<\/td>\n<\/tr>\n<tr>\n<td>Optimizador de frecuencia de actualizaci\u00f3n n\/a<\/td>\n<\/tr>\n<tr>\n<td>Experiencia de usuario de juegos super arena n\/a<\/td>\n<\/tr>\n<tr>\n<td>Hdmi-cec s\u00ed<\/td>\n<\/tr>\n<tr>\n<td>Interruptor de fuente autom\u00e1tico n\/a<\/td>\n<\/tr>\n<tr>\n<td>Imagen adaptable s\u00ed<\/td>\n<\/tr>\n<tr>\n<td>Gameview s\u00faper ultraancho s\u00ed<\/td>\n<\/tr>\n<tr>\n<td>Conmutador kvm s\u00ed<\/td>\n<\/tr>\n<tr>\n<td>Tipo inteligente inteligente<\/td>\n<\/tr>\n<tr>\n<td>Sistema operativo tizen\u0099<\/td>\n<\/tr>\n<tr>\n<td>Bixby ingl\u00e9s de ee. uu., ingl\u00e9s del reino unido, ingl\u00e9s de la india, coreano, franc\u00e9s, alem\u00e1n, italiano, espa\u00f1ol, portugu\u00e9s br (las funciones var\u00edan seg\u00fan el idioma)<\/td>\n<\/tr>\n<tr>\n<td>Interacci\u00f3n de voz de campo lejano n\/a<\/td>\n<\/tr>\n<tr>\n<td>Asistente de voz integrado alexa (solo mx, br)<\/td>\n<\/tr>\n<tr>\n<td>Tv plus s\u00ed (solo mx, br)<\/td>\n<\/tr>\n<tr>\n<td>Gu\u00eda universal n\/a<\/td>\n<\/tr>\n<tr>\n<td>Comunicaci\u00f3n por v\u00eddeo s\u00ed<\/td>\n<\/tr>\n<tr>\n<td>Servicio web microsoft 365<\/td>\n<\/tr>\n<tr>\n<td>Centro smartthings s\u00ed<\/td>\n<\/tr>\n<tr>\n<td>Experiencia multidispositivo m\u00f3vil a pantalla, duplicaci\u00f3n de inicio de pantalla, sonido de pantalla al m\u00f3vil, duplicaci\u00f3n de sonido, conexi\u00f3n inal\u00e1mbrica<\/td>\n<\/tr>\n<tr>\n<td>Dex inal\u00e1mbrico s\u00ed<\/td>\n<\/tr>\n<tr>\n<td>Mi contenido s\u00ed<\/td>\n<\/tr>\n<tr>\n<td>Screenvitals n\/a<\/td>\n<\/tr>\n<tr>\n<td>Vista m\u00faltiple s\u00ed<\/td>\n<\/tr>\n<tr>\n<td>Calibraci\u00f3n inteligente b\u00e1sica<\/td>\n<\/tr>\n<tr>\n<td>Puerta de enlace nft ingeniosa<\/td>\n<\/tr>\n<tr>\n<td>B\u00f3veda de knox n\/a<\/td>\n<\/tr>\n<tr>\n<td>Toque ver s\u00ed<\/td>\n<\/tr>\n<tr>\n<td>Espacio de trabajo s\u00ed<\/td>\n<\/tr>\n<tr>\n<td>Pantalla inal\u00e1mbrica s\u00ed<\/td>\n<\/tr>\n<tr>\n<td>D-sub n\/a<\/td>\n<\/tr>\n<tr>\n<td>Versi\u00f3n hdcp (d-sub) n\/a<\/td>\n<\/tr>\n<tr>\n<td>Dvi n\/a<\/td>\n<\/tr>\n<tr>\n<td>Versi\u00f3n hdcp (dvi) n\/a<\/td>\n<\/tr>\n<tr>\n<td>Dvi de doble enlace n\/a<\/td>\n<\/tr>\n<tr>\n<td>Puerto de visualizaci\u00f3n 1 ea<\/td>\n<\/tr>\n<tr>\n<td>Puerto de visualizaci\u00f3n versi\u00f3n 1.4<\/td>\n<\/tr>\n<tr>\n<td>Versi\u00f3n hdcp (dp) 2.2<\/td>\n<\/tr>\n<tr>\n<td>Puerto de salida de pantalla n\/a<\/td>\n<\/tr>\n<tr>\n<td>Versi\u00f3n de salida del puerto de visualizaci\u00f3n n\/a<\/td>\n<\/tr>\n<tr>\n<td>Puerto de minipantalla n\/a<\/td>\n<\/tr>\n<tr>\n<td>Versi\u00f3n hdcp (mini-dp) n\/a<\/td>\n<\/tr>\n<tr>\n<td>Hdmi 3 c\/u<\/td>\n<\/tr>\n<tr>\n<td>Versi\u00f3n hdmi 2.1*2, 2.0*1<\/td>\n<\/tr>\n<tr>\n<td>Versi\u00f3n hdcp (hdmi) 2.2<\/td>\n<\/tr>\n<tr>\n<td>Microhdmi n\/a<\/td>\n<\/tr>\n<tr>\n<td>Versi\u00f3n micro hdmi n\/a<\/td>\n<\/tr>\n<tr>\n<td>Versi\u00f3n hdcp (micro hdmi) n\/a<\/td>\n<\/tr>\n<tr>\n<td>Entrada de audio n\/a<\/td>\n<\/tr>\n<tr>\n<td>Auriculares s\u00ed<\/td>\n<\/tr>\n<tr>\n<td>Puertos usb 2<\/td>\n<\/tr>\n<tr>\n<td>Concentrador usb versi\u00f3n 2<\/td>\n<\/tr>\n<tr>\n<td>Usb-c n\/a<\/td>\n<\/tr>\n<tr>\n<td>Alimentaci\u00f3n de carga usb-c n\/a<\/td>\n<\/tr>\n<tr>\n<td>Versi\u00f3n hdcp (usb-c) n\/a<\/td>\n<\/tr>\n<tr>\n<td>Entrada thunderbolt n\/a<\/td>\n<\/tr>\n<tr>\n<td>Alimentaci\u00f3n de carga thunderbolt (puerto 1) n\/a<\/td>\n<\/tr>\n<tr>\n<td>Alimentaci\u00f3n de carga thunderbolt (puerto 2) n\/a<\/td>\n<\/tr>\n<tr>\n<td>Versi\u00f3n de thunderbolt n\/a<\/td>\n<\/tr>\n<tr>\n<td>Versi\u00f3n hdcp (thunderbolt) n\/a<\/td>\n<\/tr>\n<tr>\n<td>Ethernet (lan) 1 unidad<\/td>\n<\/tr>\n<tr>\n<td>Wifi s\u00ed (wifi5)<\/td>\n<\/tr>\n<tr>\n<td>Bluetooth s\u00ed (5.2)<\/td>\n<\/tr>\n<tr>\n<td>C\u00e1mara incorporada no<\/td>\n<\/tr>\n<tr>\n<td>Certificaci\u00f3n windows hello n\/a<\/td>\n<\/tr>\n<tr>\n<td>Altavoz s\u00ed<\/td>\n<\/tr>\n<tr>\n<td>Salida de altavoz 60w<\/td>\n<\/tr>\n<tr>\n<td>Sonido adaptativo s\u00ed<\/td>\n<\/tr>\n<tr>\n<td>Temperatura 0  and #8451; ~ 40  and #8451;  and #8451;<\/td>\n<\/tr>\n<tr>\n<td>Humedad 10%~80%, % sin condensaci\u00f3n<\/td>\n<\/tr>\n<tr>\n<td>Ajuste de f\u00e1brica s\u00ed<\/td>\n<\/tr>\n<tr>\n<td>Motor de calibraci\u00f3n incorporado n\/a<\/td>\n<\/tr>\n<tr>\n<td>Lut (tabla de b\u00fasqueda) profundidad de bits n\/a<\/td>\n<\/tr>\n<tr>\n<td>Balance de grises n\/a<\/td>\n<\/tr>\n<tr>\n<td>Correcci\u00f3n de uniformidad n\/a<\/td>\n<\/tr>\n<tr>\n<td>Modo de color eco\/est\u00e1ndar\/din\u00e1mico\/pel\u00edcula\/gr\u00e1fico\/entretenimiento\/modo cineasta<\/td>\n<\/tr>\n<tr>\n<td>Cms (software de gesti\u00f3n del color) n\/a<\/td>\n<\/tr>\n<tr>\n<td>Informe de calibraci\u00f3n de f\u00e1brica s\u00ed<\/td>\n<\/tr>\n<tr>\n<td>Color frontal negro titan<\/td>\n<\/tr>\n<tr>\n<td>Color trasero negro<\/td>\n<\/tr>\n<tr>\n<td>Color del soporte negro<\/td>\n<\/tr>\n<tr>\n<td>Tipo de soporte tiene pivote<\/td>\n<\/tr>\n<tr>\n<td>Has (soporte de altura ajustable) horizontal: 0~270 mm (\u00b1 5 mm), vertical: 0 ~ 30 mm (\u00b1 5 mm)<\/td>\n<\/tr>\n<tr>\n<td>Inclinaci\u00f3n horizontal: -10 and #730;(\u00b12 and #730;)~10 and #730;(\u00b12 and #730;), retrato: -13 and #730;(\u00b12 and #730;)~10 and #730;(\u00b12 and #730;)<\/td>\n<\/tr>\n<tr>\n<td>Giratorio n\/a<\/td>\n<\/tr>\n<tr>\n<td>Pivote -90 and #730;(\u00b12 and #730;)~90 and #730;(\u00b12 and #730;)<\/td>\n<\/tr>\n<tr>\n<td>Montaje en pared n\/a<\/td>\n<\/tr>\n<tr>\n<td>Clase de eficiencia energ\u00e9tica n\/a<\/td>\n<\/tr>\n<tr>\n<td>Pl\u00e1stico reciclado n\/a<\/td>\n<\/tr>\n<tr>\n<td>Fuente de alimentaci\u00f3n ac100-240v 50\/60hz<\/td>\n<\/tr>\n<tr>\n<td>Consumo de energ\u00eda (m\u00e1x.) 140 w<\/td>\n<\/tr>\n<tr>\n<td>Consumo de energ\u00eda (t\u00edpico) n\/a<\/td>\n<\/tr>\n<tr>\n<td>Consumo de energ\u00eda (dpms) n\/a<\/td>\n<\/tr>\n<tr>\n<td>Consumo de energ\u00eda (modo apagado) n\/a<\/td>\n<\/tr>\n<tr>\n<td>Consumo de energ\u00eda (anual) n\/a<\/td>\n<\/tr>\n<tr>\n<td>Tipo alimentaci\u00f3n interna<\/td>\n<\/tr>\n<tr>\n<td>Dimensiones del conjunto con soporte (an. x al. x pr.) 1174,8 x 1102,0 x 379,0 mm<\/td>\n<\/tr>\n<tr>\n<td>Dimensiones del conjunto sin soporte (an. x al. x pr.) 1174,8 x 704,8 x 251,8 mm<\/td>\n<\/tr>\n<tr>\n<td>Dimensiones del paquete (an. x al. x pr.) 1362,0 x 922,0 x 317,0 mm<\/td>\n<\/tr>\n<tr>\n<td>Peso del juego con soporte 41,5 kg<\/td>\n<\/tr>\n<tr>\n<td>Peso del juego sin soporte 21,1 kg<\/td>\n<\/tr>\n<tr>\n<td>Peso del paquete 53,8 kg<\/td>\n<\/tr>\n<tr>\n<td>Longitud del cable de alimentaci\u00f3n 1,5 m<\/td>\n<\/tr>\n<tr>\n<td>Cable sub-d n\/a<\/td>\n<\/tr>\n<tr>\n<td>Cable dvi n\/a<\/td>\n<\/tr>\n<tr>\n<td>Cable hdmi s\u00ed<\/td>\n<\/tr>\n<tr>\n<td>Cable hdmi a dvi n\/a<\/td>\n<\/tr>\n<tr>\n<td>Cable hdmi a micro hdmi n\/a<\/td>\n<\/tr>\n<tr>\n<td>Cable dp n\/a<\/td>\n<\/tr>\n<tr>\n<td>Cable de puerto de minipantalla n\/a<\/td>\n<\/tr>\n<tr>\n<td>Cable usb tipo c n\/a<\/td>\n<\/tr>\n<tr>\n<td>Cable thunderbolt 3 n\/a<\/td>\n<\/tr>\n<tr>\n<td>Cable thunderbolt 4 n\/a<\/td>\n<\/tr>\n<tr>\n<td>Instalar cd n\/a<\/td>\n<\/tr>\n<tr>\n<td>Cable usb 2.0 n\/a<\/td>\n<\/tr>\n<tr>\n<td>Cable usb 3.0 n\/a<\/td>\n<\/tr>\n<tr>\n<td>Control remoto s\u00ed<\/td>\n<\/tr>\n<tr>\n<td>C\u00e1mara n\/a<\/td>\n<\/tr>\n<tr>\n<td>Pogo g\u00e9nero n\/a<\/td>\n<\/tr>\n<tr>\n<td>Descargo de responsabilidad n\/a<\/td>\n<\/tr>\n<tr>\n<td>Ul sin reflejos s\u00ed<\/td>\n<\/tr>\n<tr>\n<td>Validado por pantone n\/a<\/td>\n<\/tr>\n<tr>\n<td>Certificado tco n\/a<\/td>\n<\/tr>\n<\/table>\n","protected":false},"excerpt":{"rendered":"<p>Ls55cg970nlxzx Tama\u00f1o de pantalla (clase) 55 Plano \/ curvo curvo Tama\u00f1o de pantalla activa (hxv) (mm) 1209,6(h) x 680,4(v) Curvatura de pantalla 1000r Relaci\u00f3n de aspecto 16:09 Tipo de panelva Brillo (t\u00edpico) 600 cd\/ and #13217; Brillo (m\u00edn.) 420 cd\/ and #13217; Relaci\u00f3n de contraste (est\u00e1tica) 1.000.000:1 (est\u00e1tica) Relaci\u00f3n de contraste (din\u00e1mico) mega dcr Hdr [&hellip;]<\/p>\n","protected":false},"featured_media":234147,"comment_status":"open","ping_status":"open","template":"","meta":[],"product_cat":[1741,1740],"product_tag":[1743],"acf":[],"yoast_head":"<!-- This site is optimized with the Yoast SEO plugin v21.7 - https:\/\/yoast.com\/wordpress\/plugins\/seo\/ -->\n<title>[ Samsung ] &#129351; Ls55cg970nlxzx Monitor Led 55 Pulgadas, Widescreen, Gamer, Odyssey Ark,uhd 3,840 X 2,160, 4k, Negro, Pivot, 3 Hdmi, 1 D. Port, 1 Lan, 2 Usb, Curvo, 165 Hz, 1000r, 1ms, Bocinas<\/title>\n<meta name=\"description\" content=\"Compra Ls55cg970nlxzx Monitor Led 55 Pulgadas, Widescreen, Gamer, Odyssey Ark,uhd 3,840 X 2,160, 4k, Negro, Pivot, 3 Hdmi, 1 D. Port, 1 Lan, 2 Usb, Curvo, 165 Hz, 1000r, 1ms, Bocinas + Env\u00edo a domicilio + Pago seguro + Garant\u00eda\" \/>\n<meta name=\"robots\" content=\"index, follow, max-snippet:-1, max-image-preview:large, max-video-preview:-1\" \/>\n<link rel=\"canonical\" href=\"https:\/\/compuviper.mx\/tienda\/producto\/samsung-ls55cg970nlxzx-monitor-led-55-pulgadas-widescreen-gamer-odyssey-arkuhd-3840-x-2160-4k-negro-pivot-3-hdmi-1-d-port-1-lan-2-usb-curvo-165-hz-1000r-1ms-bocinas\/\" \/>\n<meta property=\"og:locale\" content=\"es_MX\" \/>\n<meta property=\"og:type\" content=\"article\" \/>\n<meta property=\"og:title\" content=\"[ Samsung ] &#129351; Ls55cg970nlxzx Monitor Led 55 Pulgadas, Widescreen, Gamer, Odyssey Ark,uhd 3,840 X 2,160, 4k, Negro, Pivot, 3 Hdmi, 1 D. Port, 1 Lan, 2 Usb, Curvo, 165 Hz, 1000r, 1ms, Bocinas\" \/>\n<meta property=\"og:description\" content=\"Compra Ls55cg970nlxzx Monitor Led 55 Pulgadas, Widescreen, Gamer, Odyssey Ark,uhd 3,840 X 2,160, 4k, Negro, Pivot, 3 Hdmi, 1 D. Port, 1 Lan, 2 Usb, Curvo, 165 Hz, 1000r, 1ms, Bocinas + Env\u00edo a domicilio + Pago seguro + Garant\u00eda\" \/>\n<meta property=\"og:url\" content=\"https:\/\/compuviper.mx\/tienda\/producto\/samsung-ls55cg970nlxzx-monitor-led-55-pulgadas-widescreen-gamer-odyssey-arkuhd-3840-x-2160-4k-negro-pivot-3-hdmi-1-d-port-1-lan-2-usb-curvo-165-hz-1000r-1ms-bocinas\/\" \/>\n<meta property=\"og:site_name\" content=\"Compuviper\" \/>\n<meta property=\"article:publisher\" content=\"https:\/\/www.facebook.com\/compuviper\" \/>\n<meta property=\"article:modified_time\" content=\"2026-04-02T06:50:03+00:00\" \/>\n<meta property=\"og:image\" content=\"https:\/\/compuviper.mx\/tienda\/wp-content\/uploads\/2024\/05\/Monitor-led-samsung-55-pulgadas-widescreen-gamer-odyssey-arkuhd-3840-x-2160-negro-pivot-3-hdmi-1-d.-port-1-lan-2-usb-curvo-165-hz-1000r-1ms-bocinas.jpg\" \/>\n\t<meta property=\"og:image:width\" content=\"200\" \/>\n\t<meta property=\"og:image:height\" content=\"200\" \/>\n\t<meta property=\"og:image:type\" content=\"image\/jpeg\" \/>\n<meta name=\"twitter:card\" content=\"summary_large_image\" \/>\n<meta name=\"twitter:label1\" content=\"Precio\" \/>\n\t<meta name=\"twitter:data1\" content=\"&#36;37,778 con IVA\" \/>\n\t<meta name=\"twitter:label2\" content=\"Availability\" \/>\n\t<meta name=\"twitter:data2\" content=\"On backorder\" \/>\n<script type=\"application\/ld+json\" class=\"yoast-schema-graph\">{\"@context\":\"https:\/\/schema.org\",\"@graph\":[{\"@type\":\"WebPage\",\"@id\":\"https:\/\/compuviper.mx\/tienda\/producto\/samsung-ls55cg970nlxzx-monitor-led-55-pulgadas-widescreen-gamer-odyssey-arkuhd-3840-x-2160-4k-negro-pivot-3-hdmi-1-d-port-1-lan-2-usb-curvo-165-hz-1000r-1ms-bocinas\/\",\"url\":\"https:\/\/compuviper.mx\/tienda\/producto\/samsung-ls55cg970nlxzx-monitor-led-55-pulgadas-widescreen-gamer-odyssey-arkuhd-3840-x-2160-4k-negro-pivot-3-hdmi-1-d-port-1-lan-2-usb-curvo-165-hz-1000r-1ms-bocinas\/\",\"name\":\"[ Samsung ] &#129351; Ls55cg970nlxzx Monitor Led 55 Pulgadas, Widescreen, Gamer, Odyssey Ark,uhd 3,840 X 2,160, 4k, Negro, Pivot, 3 Hdmi, 1 D. Port, 1 Lan, 2 Usb, Curvo, 165 Hz, 1000r, 1ms, Bocinas\",\"isPartOf\":{\"@id\":\"https:\/\/compuviper.mx\/tienda\/#website\"},\"datePublished\":\"2026-04-02T06:50:02+00:00\",\"dateModified\":\"2026-04-02T06:50:03+00:00\",\"description\":\"Compra Ls55cg970nlxzx Monitor Led 55 Pulgadas, Widescreen, Gamer, Odyssey Ark,uhd 3,840 X 2,160, 4k, Negro, Pivot, 3 Hdmi, 1 D. Port, 1 Lan, 2 Usb, Curvo, 165 Hz, 1000r, 1ms, Bocinas + Env\u00edo a domicilio + Pago seguro + Garant\u00eda\",\"breadcrumb\":{\"@id\":\"https:\/\/compuviper.mx\/tienda\/producto\/samsung-ls55cg970nlxzx-monitor-led-55-pulgadas-widescreen-gamer-odyssey-arkuhd-3840-x-2160-4k-negro-pivot-3-hdmi-1-d-port-1-lan-2-usb-curvo-165-hz-1000r-1ms-bocinas\/#breadcrumb\"},\"inLanguage\":\"es-MX\",\"potentialAction\":[{\"@type\":\"ReadAction\",\"target\":[\"https:\/\/compuviper.mx\/tienda\/producto\/samsung-ls55cg970nlxzx-monitor-led-55-pulgadas-widescreen-gamer-odyssey-arkuhd-3840-x-2160-4k-negro-pivot-3-hdmi-1-d-port-1-lan-2-usb-curvo-165-hz-1000r-1ms-bocinas\/\"]}]},{\"@type\":\"BreadcrumbList\",\"@id\":\"https:\/\/compuviper.mx\/tienda\/producto\/samsung-ls55cg970nlxzx-monitor-led-55-pulgadas-widescreen-gamer-odyssey-arkuhd-3840-x-2160-4k-negro-pivot-3-hdmi-1-d-port-1-lan-2-usb-curvo-165-hz-1000r-1ms-bocinas\/#breadcrumb\",\"itemListElement\":[{\"@type\":\"ListItem\",\"position\":1,\"name\":\"Inicio\",\"item\":\"https:\/\/compuviper.mx\/tienda\/\"},{\"@type\":\"ListItem\",\"position\":2,\"name\":\"Productos\",\"item\":\"https:\/\/compuviper.mx\/tienda\/productos\/\"},{\"@type\":\"ListItem\",\"position\":3,\"name\":\"Monitores\",\"item\":\"https:\/\/compuviper.mx\/tienda\/categoria-producto\/monitores\/\"},{\"@type\":\"ListItem\",\"position\":4,\"name\":\"Led\",\"item\":\"https:\/\/compuviper.mx\/tienda\/categoria-producto\/monitores\/led\/\"},{\"@type\":\"ListItem\",\"position\":5,\"name\":\"Samsung Ls55cg970nlxzx Monitor Led 55 Pulgadas, Widescreen, Gamer, Odyssey Ark,uhd 3,840 X 2,160, 4k, Negro, Pivot, 3 Hdmi, 1 D. Port, 1 Lan, 2 Usb, Curvo, 165 Hz, 1000r, 1ms, Bocinas\"}]},{\"@type\":\"WebSite\",\"@id\":\"https:\/\/compuviper.mx\/tienda\/#website\",\"url\":\"https:\/\/compuviper.mx\/tienda\/\",\"name\":\"Compuviper\",\"description\":\"Proveedor de Computadoras, Laptops, Servidores, Monitores, Puntos de Venta, Teclados,   Impresoras, T\u00f3ner, C\u00e1maras de Seguridad y m\u00e1s en tu tienda en l\u00ednea\",\"publisher\":{\"@id\":\"https:\/\/compuviper.mx\/tienda\/#organization\"},\"potentialAction\":[{\"@type\":\"SearchAction\",\"target\":{\"@type\":\"EntryPoint\",\"urlTemplate\":\"https:\/\/compuviper.mx\/tienda\/?s={search_term_string}\"},\"query-input\":\"required name=search_term_string\"}],\"inLanguage\":\"es-MX\"},{\"@type\":\"Organization\",\"@id\":\"https:\/\/compuviper.mx\/tienda\/#organization\",\"name\":\"Compuviper\",\"url\":\"https:\/\/compuviper.mx\/tienda\/\",\"logo\":{\"@type\":\"ImageObject\",\"inLanguage\":\"es-MX\",\"@id\":\"https:\/\/compuviper.mx\/tienda\/#\/schema\/logo\/image\/\",\"url\":\"https:\/\/compuviper.mx\/tienda\/wp-content\/uploads\/2021\/08\/Logo-Compuviper-10.png\",\"contentUrl\":\"https:\/\/compuviper.mx\/tienda\/wp-content\/uploads\/2021\/08\/Logo-Compuviper-10.png\",\"width\":1000,\"height\":500,\"caption\":\"Compuviper\"},\"image\":{\"@id\":\"https:\/\/compuviper.mx\/tienda\/#\/schema\/logo\/image\/\"},\"sameAs\":[\"https:\/\/www.facebook.com\/compuviper\",\"https:\/\/www.youtube.com\/channel\/UCf73dERp9Y3cfOq7q8BhLjA?view_as=subscriber\"]}]}<\/script>\n<meta property=\"product:brand\" content=\"SAMSUNG\" \/>\n<meta property=\"product:price:amount\" content=\"37778\" \/>\n<meta property=\"product:price:currency\" content=\"MXN\" \/>\n<meta property=\"og:availability\" content=\"backorder\" \/>\n<meta property=\"product:availability\" content=\"available for order\" \/>\n<meta property=\"product:retailer_item_id\" content=\"LS55CG970NLXZX\" \/>\n<meta property=\"product:condition\" content=\"new\" \/>\n<!-- \/ Yoast SEO plugin. -->","yoast_head_json":{"title":"[ Samsung ] &#129351; Ls55cg970nlxzx Monitor Led 55 Pulgadas, Widescreen, Gamer, Odyssey Ark,uhd 3,840 X 2,160, 4k, Negro, Pivot, 3 Hdmi, 1 D. Port, 1 Lan, 2 Usb, Curvo, 165 Hz, 1000r, 1ms, Bocinas","description":"Compra Ls55cg970nlxzx Monitor Led 55 Pulgadas, Widescreen, Gamer, Odyssey Ark,uhd 3,840 X 2,160, 4k, Negro, Pivot, 3 Hdmi, 1 D. Port, 1 Lan, 2 Usb, Curvo, 165 Hz, 1000r, 1ms, Bocinas + Env\u00edo a domicilio + Pago seguro + Garant\u00eda","robots":{"index":"index","follow":"follow","max-snippet":"max-snippet:-1","max-image-preview":"max-image-preview:large","max-video-preview":"max-video-preview:-1"},"canonical":"https:\/\/compuviper.mx\/tienda\/producto\/samsung-ls55cg970nlxzx-monitor-led-55-pulgadas-widescreen-gamer-odyssey-arkuhd-3840-x-2160-4k-negro-pivot-3-hdmi-1-d-port-1-lan-2-usb-curvo-165-hz-1000r-1ms-bocinas\/","og_locale":"es_MX","og_type":"article","og_title":"[ Samsung ] &#129351; Ls55cg970nlxzx Monitor Led 55 Pulgadas, Widescreen, Gamer, Odyssey Ark,uhd 3,840 X 2,160, 4k, Negro, Pivot, 3 Hdmi, 1 D. Port, 1 Lan, 2 Usb, Curvo, 165 Hz, 1000r, 1ms, Bocinas","og_description":"Compra Ls55cg970nlxzx Monitor Led 55 Pulgadas, Widescreen, Gamer, Odyssey Ark,uhd 3,840 X 2,160, 4k, Negro, Pivot, 3 Hdmi, 1 D. Port, 1 Lan, 2 Usb, Curvo, 165 Hz, 1000r, 1ms, Bocinas + Env\u00edo a domicilio + Pago seguro + Garant\u00eda","og_url":"https:\/\/compuviper.mx\/tienda\/producto\/samsung-ls55cg970nlxzx-monitor-led-55-pulgadas-widescreen-gamer-odyssey-arkuhd-3840-x-2160-4k-negro-pivot-3-hdmi-1-d-port-1-lan-2-usb-curvo-165-hz-1000r-1ms-bocinas\/","og_site_name":"Compuviper","article_publisher":"https:\/\/www.facebook.com\/compuviper","article_modified_time":"2026-04-02T06:50:03+00:00","og_image":[{"width":200,"height":200,"url":"https:\/\/compuviper.mx\/tienda\/wp-content\/uploads\/2024\/05\/Monitor-led-samsung-55-pulgadas-widescreen-gamer-odyssey-arkuhd-3840-x-2160-negro-pivot-3-hdmi-1-d.-port-1-lan-2-usb-curvo-165-hz-1000r-1ms-bocinas.jpg","type":"image\/jpeg"}],"twitter_card":"summary_large_image","twitter_misc":{"Precio":"&#36;37,778 con IVA","Availability":"On backorder"},"schema":{"@context":"https:\/\/schema.org","@graph":[{"@type":"WebPage","@id":"https:\/\/compuviper.mx\/tienda\/producto\/samsung-ls55cg970nlxzx-monitor-led-55-pulgadas-widescreen-gamer-odyssey-arkuhd-3840-x-2160-4k-negro-pivot-3-hdmi-1-d-port-1-lan-2-usb-curvo-165-hz-1000r-1ms-bocinas\/","url":"https:\/\/compuviper.mx\/tienda\/producto\/samsung-ls55cg970nlxzx-monitor-led-55-pulgadas-widescreen-gamer-odyssey-arkuhd-3840-x-2160-4k-negro-pivot-3-hdmi-1-d-port-1-lan-2-usb-curvo-165-hz-1000r-1ms-bocinas\/","name":"[ Samsung ] &#129351; Ls55cg970nlxzx Monitor Led 55 Pulgadas, Widescreen, Gamer, Odyssey Ark,uhd 3,840 X 2,160, 4k, Negro, Pivot, 3 Hdmi, 1 D. Port, 1 Lan, 2 Usb, Curvo, 165 Hz, 1000r, 1ms, Bocinas","isPartOf":{"@id":"https:\/\/compuviper.mx\/tienda\/#website"},"datePublished":"2026-04-02T06:50:02+00:00","dateModified":"2026-04-02T06:50:03+00:00","description":"Compra Ls55cg970nlxzx Monitor Led 55 Pulgadas, Widescreen, Gamer, Odyssey Ark,uhd 3,840 X 2,160, 4k, Negro, Pivot, 3 Hdmi, 1 D. Port, 1 Lan, 2 Usb, Curvo, 165 Hz, 1000r, 1ms, Bocinas + Env\u00edo a domicilio + Pago seguro + Garant\u00eda","breadcrumb":{"@id":"https:\/\/compuviper.mx\/tienda\/producto\/samsung-ls55cg970nlxzx-monitor-led-55-pulgadas-widescreen-gamer-odyssey-arkuhd-3840-x-2160-4k-negro-pivot-3-hdmi-1-d-port-1-lan-2-usb-curvo-165-hz-1000r-1ms-bocinas\/#breadcrumb"},"inLanguage":"es-MX","potentialAction":[{"@type":"ReadAction","target":["https:\/\/compuviper.mx\/tienda\/producto\/samsung-ls55cg970nlxzx-monitor-led-55-pulgadas-widescreen-gamer-odyssey-arkuhd-3840-x-2160-4k-negro-pivot-3-hdmi-1-d-port-1-lan-2-usb-curvo-165-hz-1000r-1ms-bocinas\/"]}]},{"@type":"BreadcrumbList","@id":"https:\/\/compuviper.mx\/tienda\/producto\/samsung-ls55cg970nlxzx-monitor-led-55-pulgadas-widescreen-gamer-odyssey-arkuhd-3840-x-2160-4k-negro-pivot-3-hdmi-1-d-port-1-lan-2-usb-curvo-165-hz-1000r-1ms-bocinas\/#breadcrumb","itemListElement":[{"@type":"ListItem","position":1,"name":"Inicio","item":"https:\/\/compuviper.mx\/tienda\/"},{"@type":"ListItem","position":2,"name":"Productos","item":"https:\/\/compuviper.mx\/tienda\/productos\/"},{"@type":"ListItem","position":3,"name":"Monitores","item":"https:\/\/compuviper.mx\/tienda\/categoria-producto\/monitores\/"},{"@type":"ListItem","position":4,"name":"Led","item":"https:\/\/compuviper.mx\/tienda\/categoria-producto\/monitores\/led\/"},{"@type":"ListItem","position":5,"name":"Samsung Ls55cg970nlxzx Monitor Led 55 Pulgadas, Widescreen, Gamer, Odyssey Ark,uhd 3,840 X 2,160, 4k, Negro, Pivot, 3 Hdmi, 1 D. Port, 1 Lan, 2 Usb, Curvo, 165 Hz, 1000r, 1ms, Bocinas"}]},{"@type":"WebSite","@id":"https:\/\/compuviper.mx\/tienda\/#website","url":"https:\/\/compuviper.mx\/tienda\/","name":"Compuviper","description":"Proveedor de Computadoras, Laptops, Servidores, Monitores, Puntos de Venta, Teclados,   Impresoras, T\u00f3ner, C\u00e1maras de Seguridad y m\u00e1s en tu tienda en l\u00ednea","publisher":{"@id":"https:\/\/compuviper.mx\/tienda\/#organization"},"potentialAction":[{"@type":"SearchAction","target":{"@type":"EntryPoint","urlTemplate":"https:\/\/compuviper.mx\/tienda\/?s={search_term_string}"},"query-input":"required name=search_term_string"}],"inLanguage":"es-MX"},{"@type":"Organization","@id":"https:\/\/compuviper.mx\/tienda\/#organization","name":"Compuviper","url":"https:\/\/compuviper.mx\/tienda\/","logo":{"@type":"ImageObject","inLanguage":"es-MX","@id":"https:\/\/compuviper.mx\/tienda\/#\/schema\/logo\/image\/","url":"https:\/\/compuviper.mx\/tienda\/wp-content\/uploads\/2021\/08\/Logo-Compuviper-10.png","contentUrl":"https:\/\/compuviper.mx\/tienda\/wp-content\/uploads\/2021\/08\/Logo-Compuviper-10.png","width":1000,"height":500,"caption":"Compuviper"},"image":{"@id":"https:\/\/compuviper.mx\/tienda\/#\/schema\/logo\/image\/"},"sameAs":["https:\/\/www.facebook.com\/compuviper","https:\/\/www.youtube.com\/channel\/UCf73dERp9Y3cfOq7q8BhLjA?view_as=subscriber"]}]},"product_brand":"SAMSUNG","product_price_amount":"37778","product_price_currency":"MXN","og_availability":"backorder","product_availability":"available for order","product_retailer_item_id":"LS55CG970NLXZX","product_condition":"new"},"_links":{"self":[{"href":"https:\/\/compuviper.mx\/tienda\/wp-json\/wp\/v2\/product\/230627"}],"collection":[{"href":"https:\/\/compuviper.mx\/tienda\/wp-json\/wp\/v2\/product"}],"about":[{"href":"https:\/\/compuviper.mx\/tienda\/wp-json\/wp\/v2\/types\/product"}],"replies":[{"embeddable":true,"href":"https:\/\/compuviper.mx\/tienda\/wp-json\/wp\/v2\/comments?post=230627"}],"wp:featuredmedia":[{"embeddable":true,"href":"https:\/\/compuviper.mx\/tienda\/wp-json\/wp\/v2\/media\/234147"}],"wp:attachment":[{"href":"https:\/\/compuviper.mx\/tienda\/wp-json\/wp\/v2\/media?parent=230627"}],"wp:term":[{"taxonomy":"product_cat","embeddable":true,"href":"https:\/\/compuviper.mx\/tienda\/wp-json\/wp\/v2\/product_cat?post=230627"},{"taxonomy":"product_tag","embeddable":true,"href":"https:\/\/compuviper.mx\/tienda\/wp-json\/wp\/v2\/product_tag?post=230627"}],"curies":[{"name":"wp","href":"https:\/\/api.w.org\/{rel}","templated":true}]}}