{"id":230626,"date":"2026-04-02T00:50:01","date_gmt":"2026-04-02T06:50:01","guid":{"rendered":"https:\/\/compuviper.mx\/tienda\/producto\/samsung-ls32cg552elxzx-monitor-led-32-pulgadas-resolucion-qhd-2-560-x-1-440-gamer-curve-color-negro169-165-hz-1-ms-panel-va-freesync-1-dp-2-hdmi-vesa-75-auto-source-switch\/"},"modified":"2026-04-02T00:50:02","modified_gmt":"2026-04-02T06:50:02","slug":"samsung-ls32cg552elxzx-monitor-led-32-pulgadas-g5-g55c-odyssey-qhd-2560-x-1440-va-widescreen-curvo-hdmi-dp-165hz-negro","status":"publish","type":"product","link":"https:\/\/compuviper.mx\/tienda\/producto\/samsung-ls32cg552elxzx-monitor-led-32-pulgadas-g5-g55c-odyssey-qhd-2560-x-1440-va-widescreen-curvo-hdmi-dp-165hz-negro\/","title":{"rendered":"Samsung Ls32cg552elxzx Monitor Led  32 Pulgadas \/g5 G55c Odyssey\/ Qhd (2560 X 1440) \/ Va \/ Widescreen \/curvo\/ Hdmi \/ Dp \/ 165hz \/ Negro."},"content":{"rendered":"<table class=\"descripcion\">\n<tr>\n<td>Ls32cg552elxzx<\/td>\n<\/tr>\n<tr>\n<td>Tama\u00f1o de pantalla (clase) 32<\/td>\n<\/tr>\n<tr>\n<td>Plano \/ curvo curvo<\/td>\n<\/tr>\n<tr>\n<td>Tama\u00f1o de pantalla activa (hxv) (mm) 697,344(h)x392,256(v)<\/td>\n<\/tr>\n<tr>\n<td>Curvatura de pantalla 1000r<\/td>\n<\/tr>\n<tr>\n<td>Relaci\u00f3n de aspecto 16:09<\/td>\n<\/tr>\n<tr>\n<td>Tipo de panel va<\/td>\n<\/tr>\n<tr>\n<td>Brillo (t\u00edpico) 300 cd\/ and #13217;<\/td>\n<\/tr>\n<tr>\n<td>Brillo (m\u00edn.) 200 cd\/ and #13217;<\/td>\n<\/tr>\n<tr>\n<td>Relaci\u00f3n de contraste (est\u00e1tica) 2500:1 (t\u00edp.)<\/td>\n<\/tr>\n<tr>\n<td>Relaci\u00f3n de contraste (din\u00e1mico) mega  and #8734; dcr<\/td>\n<\/tr>\n<tr>\n<td>Hdr (alto rango din\u00e1mico) hdr10<\/td>\n<\/tr>\n<tr>\n<td>Hdr10+ n\/a<\/td>\n<\/tr>\n<tr>\n<td>Atenuaci\u00f3n local mini led n\/a<\/td>\n<\/tr>\n<tr>\n<td>Resoluci\u00f3n qhd (2.560 x 1.440)<\/td>\n<\/tr>\n<tr>\n<td>Tiempo de respuesta (ms) 1 (mprt)<\/td>\n<\/tr>\n<tr>\n<td>\u00e1ngulo de visi\u00f3n (h\/v) 178\u00b0(h)\/178\u00b0(v)<\/td>\n<\/tr>\n<tr>\n<td>Soporte de color m\u00e1x. 16,7 millones<\/td>\n<\/tr>\n<tr>\n<td>Gama de colores (ntsc) n\/a<\/td>\n<\/tr>\n<tr>\n<td>Gama de colores (cobertura dci) n\/a<\/td>\n<\/tr>\n<tr>\n<td>Gama de colores (cobertura srgb) n\/a<\/td>\n<\/tr>\n<tr>\n<td>Gama de colores (cobertura adobe rgb) n\/a<\/td>\n<\/tr>\n<tr>\n<td>Velocidad de fotogramas m\u00e1x. 165 hz<\/td>\n<\/tr>\n<tr>\n<td>Eco ahorro plus n\/a<\/td>\n<\/tr>\n<tr>\n<td>0,00 w modo apagado n\/a<\/td>\n<\/tr>\n<tr>\n<td>Modo protector de ojos s\u00ed<\/td>\n<\/tr>\n<tr>\n<td>Sin parpadeo s\u00ed<\/td>\n<\/tr>\n<tr>\n<td>Imagen en imagen n\/a<\/td>\n<\/tr>\n<tr>\n<td>Imagen por imagen n\/a<\/td>\n<\/tr>\n<tr>\n<td>Color de punto cu\u00e1ntico n\/a<\/td>\n<\/tr>\n<tr>\n<td>Modo de juego n\/a<\/td>\n<\/tr>\n<tr>\n<td>Tama\u00f1o de imagen s\u00ed<\/td>\n<\/tr>\n<tr>\n<td>Cadena tipo margarita n\/a<\/td>\n<\/tr>\n<tr>\n<td>Certificaci\u00f3n de windows windows 11<\/td>\n<\/tr>\n<tr>\n<td>Freesync freesync<\/td>\n<\/tr>\n<tr>\n<td>G-sync n\/a<\/td>\n<\/tr>\n<tr>\n<td>Sincronizaci\u00f3n adaptativa vesa n\/a<\/td>\n<\/tr>\n<tr>\n<td>Temporizador de apagado plus s\u00ed<\/td>\n<\/tr>\n<tr>\n<td>Ecualizador negro s\u00ed<\/td>\n<\/tr>\n<tr>\n<td>Modo de retardo de entrada bajo s\u00ed<\/td>\n<\/tr>\n<tr>\n<td>Punto aim virtual s\u00ed<\/td>\n<\/tr>\n<tr>\n<td>Sincronizaci\u00f3n central n\/a<\/td>\n<\/tr>\n<tr>\n<td>Barra de juegos n\/a<\/td>\n<\/tr>\n<tr>\n<td>Centro de juegos n\/a<\/td>\n<\/tr>\n<tr>\n<td>Optimizador de frecuencia de actualizaci\u00f3n s\u00ed<\/td>\n<\/tr>\n<tr>\n<td>Super arena gaming ux s\u00ed<\/td>\n<\/tr>\n<tr>\n<td>Hdmi-cec n\/a<\/td>\n<\/tr>\n<tr>\n<td>Cambio de fuente autom\u00e1tico cambio de fuente autom\u00e1tico+<\/td>\n<\/tr>\n<tr>\n<td>Imagen adaptable n\/a<\/td>\n<\/tr>\n<tr>\n<td>Gameview s\u00faper ultraancho n\/a<\/td>\n<\/tr>\n<tr>\n<td>Conmutador kvm n\/a<\/td>\n<\/tr>\n<tr>\n<td>Tipo inteligente n\/a<\/td>\n<\/tr>\n<tr>\n<td>Sistema operativo n\/a<\/td>\n<\/tr>\n<tr>\n<td>Bixbyn\/a<\/td>\n<\/tr>\n<tr>\n<td>Interacci\u00f3n de voz de campo lejano n\/a<\/td>\n<\/tr>\n<tr>\n<td>Asistente de voz incorporado n\/a<\/td>\n<\/tr>\n<tr>\n<td>Tv plus n\/a<\/td>\n<\/tr>\n<tr>\n<td>Gu\u00eda universal n\/a<\/td>\n<\/tr>\n<tr>\n<td>Comunicaci\u00f3n por v\u00eddeo n\/a<\/td>\n<\/tr>\n<tr>\n<td>Servicio web n\/a<\/td>\n<\/tr>\n<tr>\n<td>Centro smartthings n\/a<\/td>\n<\/tr>\n<tr>\n<td>Experiencia multidispositivo n\/a<\/td>\n<\/tr>\n<tr>\n<td>Dex inal\u00e1mbrico n\/a<\/td>\n<\/tr>\n<tr>\n<td>Mis contenidos n\/a<\/td>\n<\/tr>\n<tr>\n<td>Screenvitals n\/a<\/td>\n<\/tr>\n<tr>\n<td>Vista m\u00faltiple n\/a<\/td>\n<\/tr>\n<tr>\n<td>Calibraci\u00f3n inteligente n\/a<\/td>\n<\/tr>\n<tr>\n<td>Nft n\/a<\/td>\n<\/tr>\n<tr>\n<td>B\u00f3veda de knox n\/a<\/td>\n<\/tr>\n<tr>\n<td>Toca ver n\/a<\/td>\n<\/tr>\n<tr>\n<td>Espacio de trabajo n\/a<\/td>\n<\/tr>\n<tr>\n<td>Pantalla inal\u00e1mbrica n\/a<\/td>\n<\/tr>\n<tr>\n<td>D-sub n\/a<\/td>\n<\/tr>\n<tr>\n<td>Versi\u00f3n hdcp (d-sub) n\/a<\/td>\n<\/tr>\n<tr>\n<td>Dvi n\/a<\/td>\n<\/tr>\n<tr>\n<td>Versi\u00f3n hdcp (dvi) n\/a<\/td>\n<\/tr>\n<tr>\n<td>Dvi de doble enlace n\/a<\/td>\n<\/tr>\n<tr>\n<td>Puerto de visualizaci\u00f3n 1 ea<\/td>\n<\/tr>\n<tr>\n<td>Puerto de visualizaci\u00f3n versi\u00f3n 1.2<\/td>\n<\/tr>\n<tr>\n<td>Versi\u00f3n hdcp (dp) 2.2<\/td>\n<\/tr>\n<tr>\n<td>Puerto de salida de pantalla n\/a<\/td>\n<\/tr>\n<tr>\n<td>Versi\u00f3n de salida del puerto de visualizaci\u00f3n n\/a<\/td>\n<\/tr>\n<tr>\n<td>Puerto de minipantalla n\/a<\/td>\n<\/tr>\n<tr>\n<td>Versi\u00f3n hdcp (mini-dp) n\/a<\/td>\n<\/tr>\n<tr>\n<td>Hdmi 1 unidad<\/td>\n<\/tr>\n<tr>\n<td>Hdmi versi\u00f3n 2<\/td>\n<\/tr>\n<tr>\n<td>Versi\u00f3n hdcp (hdmi) 2.2<\/td>\n<\/tr>\n<tr>\n<td>Microhdmi n\/a<\/td>\n<\/tr>\n<tr>\n<td>Versi\u00f3n micro hdmi n\/a<\/td>\n<\/tr>\n<tr>\n<td>Versi\u00f3n hdcp (micro hdmi) n\/a<\/td>\n<\/tr>\n<tr>\n<td>Entrada de audio n\/a<\/td>\n<\/tr>\n<tr>\n<td>Auriculares s\u00ed<\/td>\n<\/tr>\n<tr>\n<td>Puertos usb n\/a<\/td>\n<\/tr>\n<tr>\n<td>Versi\u00f3n del concentrador usb n\/a<\/td>\n<\/tr>\n<tr>\n<td>Usb-c n\/a<\/td>\n<\/tr>\n<tr>\n<td>Alimentaci\u00f3n de carga usb-c n\/a<\/td>\n<\/tr>\n<tr>\n<td>Versi\u00f3n hdcp (usb-c) n\/a<\/td>\n<\/tr>\n<tr>\n<td>Entrada thunderbolt n\/a<\/td>\n<\/tr>\n<tr>\n<td>Potencia de carga thunderbolt n\/a<\/td>\n<\/tr>\n<tr>\n<td>Alimentaci\u00f3n de carga thunderbolt (puerto 2) n\/a<\/td>\n<\/tr>\n<tr>\n<td>Versi\u00f3n de thunderbolt n\/a<\/td>\n<\/tr>\n<tr>\n<td>Versi\u00f3n hdcp (thunderbolt) n\/a<\/td>\n<\/tr>\n<tr>\n<td>Ethernet (lan) n\/a<\/td>\n<\/tr>\n<tr>\n<td>Wi-fi n\/a<\/td>\n<\/tr>\n<tr>\n<td>Bluetooth n\/a<\/td>\n<\/tr>\n<tr>\n<td>C\u00e1mara incorporada n\/a<\/td>\n<\/tr>\n<tr>\n<td>Certificaci\u00f3n windows hello n\/a<\/td>\n<\/tr>\n<tr>\n<td>Altavoz n\/a<\/td>\n<\/tr>\n<tr>\n<td>Salida de altavoz n\/a<\/td>\n<\/tr>\n<tr>\n<td>Sonido adaptativo n\/a<\/td>\n<\/tr>\n<tr>\n<td>Temperatura 10~40  and #8451;<\/td>\n<\/tr>\n<tr>\n<td>Humedad 10~80, % sin condensaci\u00f3n<\/td>\n<\/tr>\n<tr>\n<td>Ajuste de f\u00e1brica n\/a<\/td>\n<\/tr>\n<tr>\n<td>Motor de calibraci\u00f3n incorporado n\/a<\/td>\n<\/tr>\n<tr>\n<td>Lut (tabla de b\u00fasqueda) profundidad de bits n\/a<\/td>\n<\/tr>\n<tr>\n<td>Balance de grises n\/a<\/td>\n<\/tr>\n<tr>\n<td>Correcci\u00f3n de uniformidad n\/a<\/td>\n<\/tr>\n<tr>\n<td>Modo de color pc: entretenimiento\/gr\u00e1fico\/eco\/juego est\u00e1ndar\/rpg\/rts\/fps\/deportes\/original\/personalizado av: din\u00e1mico\/est\u00e1ndar\/eco\/pel\u00edcula\/juego est\u00e1ndar\/rpg\/rts\/fps\/deportes\/original\/personalizado<\/td>\n<\/tr>\n<tr>\n<td>Cms (software de gesti\u00f3n del color) n\/a<\/td>\n<\/tr>\n<tr>\n<td>Informe de calibraci\u00f3n de f\u00e1brica n\/a<\/td>\n<\/tr>\n<tr>\n<td>Color frontal negro<\/td>\n<\/tr>\n<tr>\n<td>Color trasero negro<\/td>\n<\/tr>\n<tr>\n<td>Color del soporte negro<\/td>\n<\/tr>\n<tr>\n<td>Tipo de soporte simple<\/td>\n<\/tr>\n<tr>\n<td>Has (soporte de altura ajustable) n\/a<\/td>\n<\/tr>\n<tr>\n<td>Inclinaci\u00f3n -2 ~ 18<\/td>\n<\/tr>\n<tr>\n<td>Giratorio n\/a<\/td>\n<\/tr>\n<tr>\n<td>Pivote n\/a<\/td>\n<\/tr>\n<tr>\n<td>Montaje en pared 75 x 75<\/td>\n<\/tr>\n<tr>\n<td>Clase de eficiencia energ\u00e9tica n\/a<\/td>\n<\/tr>\n<tr>\n<td>Pl\u00e1stico reciclado n\/a<\/td>\n<\/tr>\n<tr>\n<td>Fuente de alimentaci\u00f3n ca 100~240v<\/td>\n<\/tr>\n<tr>\n<td>Consumo de energ\u00eda (m\u00e1x.) 59 w<\/td>\n<\/tr>\n<tr>\n<td>Consumo de energ\u00eda (t\u00edpico) n\/a<\/td>\n<\/tr>\n<tr>\n<td>Consumo de energ\u00eda (dpms) n\/a<\/td>\n<\/tr>\n<tr>\n<td>Consumo de energ\u00eda (modo apagado) n\/a<\/td>\n<\/tr>\n<tr>\n<td>Consumo de energ\u00eda (anual) n\/a<\/td>\n<\/tr>\n<tr>\n<td>Tipo adaptador externo<\/td>\n<\/tr>\n<tr>\n<td>Dimensiones del conjunto con soporte (an. x al. x pr.) 710,1 x 533,6 x 272,6 mm<\/td>\n<\/tr>\n<tr>\n<td>Dimensiones del conjunto sin soporte (an. x al. x pr.) 710,1 x 439,4 x 135,9 mm<\/td>\n<\/tr>\n<tr>\n<td>Dimensiones del paquete (an x al x pr) 793,0 x 197 x 494,0 mm<\/td>\n<\/tr>\n<tr>\n<td>Peso del juego con soporte 5,2 kg<\/td>\n<\/tr>\n<tr>\n<td>Peso del juego sin soporte 4,8 kg<\/td>\n<\/tr>\n<tr>\n<td>Peso del paquete 7,5 kg<\/td>\n<\/tr>\n<tr>\n<td>Longitud del cable de alimentaci\u00f3n 1,5 m<\/td>\n<\/tr>\n<tr>\n<td>Cable sub-d n\/a<\/td>\n<\/tr>\n<tr>\n<td>Cable dvi n\/a<\/td>\n<\/tr>\n<tr>\n<td>Cable hdmi s\u00ed<\/td>\n<\/tr>\n<tr>\n<td>Cable hdmi a dvi n\/a<\/td>\n<\/tr>\n<tr>\n<td>Cable hdmi a micro hdmi n\/a<\/td>\n<\/tr>\n<tr>\n<td>Cable dp s\u00ed<\/td>\n<\/tr>\n<tr>\n<td>Cable de puerto de minipantalla n\/a<\/td>\n<\/tr>\n<tr>\n<td>Cable usb tipo c n\/a<\/td>\n<\/tr>\n<tr>\n<td>Cable thunderbolt 3 n\/a<\/td>\n<\/tr>\n<tr>\n<td>Cable thunderbolt 4 n\/a<\/td>\n<\/tr>\n<tr>\n<td>Instalar cd n\/a<\/td>\n<\/tr>\n<tr>\n<td>Cable usb 2.0 n\/a<\/td>\n<\/tr>\n<tr>\n<td>Cable ascendente usb tipo a a b n\/a<\/td>\n<\/tr>\n<tr>\n<td>Cable de g\u00e9nero usb tipo c a tipo a n\/a<\/td>\n<\/tr>\n<tr>\n<td>Control remoto n\/a<\/td>\n<\/tr>\n<tr>\n<td>C\u00e1mara n\/a<\/td>\n<\/tr>\n<tr>\n<td>Pogo g\u00e9nero n\/a<\/td>\n<\/tr>\n<tr>\n<td>Descargo de responsabilidad n\/a<\/td>\n<\/tr>\n<tr>\n<td>Ul libre de reflejos n\/a<\/td>\n<\/tr>\n<tr>\n<td>Validado por pantone n\/a<\/td>\n<\/tr>\n<tr>\n<td>Certificado tco n\/a<\/td>\n<\/tr>\n<\/table>\n","protected":false},"excerpt":{"rendered":"<p>Ls32cg552elxzx Tama\u00f1o de pantalla (clase) 32 Plano \/ curvo curvo Tama\u00f1o de pantalla activa (hxv) (mm) 697,344(h)x392,256(v) Curvatura de pantalla 1000r Relaci\u00f3n de aspecto 16:09 Tipo de panel va Brillo (t\u00edpico) 300 cd\/ and #13217; Brillo (m\u00edn.) 200 cd\/ and #13217; Relaci\u00f3n de contraste (est\u00e1tica) 2500:1 (t\u00edp.) Relaci\u00f3n de contraste (din\u00e1mico) mega and #8734; dcr [&hellip;]<\/p>\n","protected":false},"featured_media":234146,"comment_status":"open","ping_status":"open","template":"","meta":[],"product_cat":[1740,1848],"product_tag":[1743],"acf":[],"yoast_head":"<!-- This site is optimized with the Yoast SEO plugin v21.7 - https:\/\/yoast.com\/wordpress\/plugins\/seo\/ -->\n<title>[ Samsung ] &#129351; Ls32cg552elxzx Monitor Led 32 Pulgadas \/g5 G55c Odyssey\/ Qhd (2560 X 1440) \/ Va \/ Widescreen \/curvo\/ Hdmi \/ Dp \/ 165hz \/ Negro.<\/title>\n<meta name=\"description\" content=\"Compra Ls32cg552elxzx Monitor Led 32 Pulgadas \/g5 G55c Odyssey\/ Qhd (2560 X 1440) \/ Va \/ Widescreen \/curvo\/ Hdmi \/ Dp \/ 165hz \/ Negro. + Env\u00edo a domicilio + Pago seguro + Garant\u00eda\" \/>\n<meta name=\"robots\" content=\"index, follow, max-snippet:-1, max-image-preview:large, max-video-preview:-1\" \/>\n<link rel=\"canonical\" href=\"https:\/\/compuviper.mx\/tienda\/producto\/samsung-ls32cg552elxzx-monitor-led-32-pulgadas-g5-g55c-odyssey-qhd-2560-x-1440-va-widescreen-curvo-hdmi-dp-165hz-negro\/\" \/>\n<meta property=\"og:locale\" content=\"es_MX\" \/>\n<meta property=\"og:type\" content=\"article\" \/>\n<meta property=\"og:title\" content=\"[ Samsung ] &#129351; Ls32cg552elxzx Monitor Led 32 Pulgadas \/g5 G55c Odyssey\/ Qhd (2560 X 1440) \/ Va \/ Widescreen \/curvo\/ Hdmi \/ Dp \/ 165hz \/ Negro.\" \/>\n<meta property=\"og:description\" content=\"Compra Ls32cg552elxzx Monitor Led 32 Pulgadas \/g5 G55c Odyssey\/ Qhd (2560 X 1440) \/ Va \/ Widescreen \/curvo\/ Hdmi \/ Dp \/ 165hz \/ Negro. + Env\u00edo a domicilio + Pago seguro + Garant\u00eda\" \/>\n<meta property=\"og:url\" content=\"https:\/\/compuviper.mx\/tienda\/producto\/samsung-ls32cg552elxzx-monitor-led-32-pulgadas-g5-g55c-odyssey-qhd-2560-x-1440-va-widescreen-curvo-hdmi-dp-165hz-negro\/\" \/>\n<meta property=\"og:site_name\" content=\"Compuviper\" \/>\n<meta property=\"article:publisher\" content=\"https:\/\/www.facebook.com\/compuviper\" \/>\n<meta property=\"article:modified_time\" content=\"2026-04-02T06:50:02+00:00\" \/>\n<meta property=\"og:image\" content=\"https:\/\/compuviper.mx\/tienda\/wp-content\/uploads\/2024\/05\/Monitor-led-samsung-32-pulgadaswidescreen-odissey-g5-qhd-2.560-x-1.440-gamer-curve-negro169165-hz-1-ms-panel-va-freesync-1-dp-2-hdmi-vesa-75-auto-source-switch.jpg\" \/>\n\t<meta property=\"og:image:width\" content=\"200\" \/>\n\t<meta property=\"og:image:height\" content=\"200\" \/>\n\t<meta property=\"og:image:type\" content=\"image\/jpeg\" \/>\n<meta name=\"twitter:card\" content=\"summary_large_image\" \/>\n<meta name=\"twitter:label1\" content=\"Precio\" \/>\n\t<meta name=\"twitter:data1\" content=\"&#36;4,468 con IVA\" \/>\n\t<meta name=\"twitter:label2\" content=\"Availability\" \/>\n\t<meta name=\"twitter:data2\" content=\"Out of stock\" \/>\n<script type=\"application\/ld+json\" class=\"yoast-schema-graph\">{\"@context\":\"https:\/\/schema.org\",\"@graph\":[{\"@type\":\"WebPage\",\"@id\":\"https:\/\/compuviper.mx\/tienda\/producto\/samsung-ls32cg552elxzx-monitor-led-32-pulgadas-g5-g55c-odyssey-qhd-2560-x-1440-va-widescreen-curvo-hdmi-dp-165hz-negro\/\",\"url\":\"https:\/\/compuviper.mx\/tienda\/producto\/samsung-ls32cg552elxzx-monitor-led-32-pulgadas-g5-g55c-odyssey-qhd-2560-x-1440-va-widescreen-curvo-hdmi-dp-165hz-negro\/\",\"name\":\"[ Samsung ] &#129351; Ls32cg552elxzx Monitor Led 32 Pulgadas \/g5 G55c Odyssey\/ Qhd (2560 X 1440) \/ Va \/ Widescreen \/curvo\/ Hdmi \/ Dp \/ 165hz \/ Negro.\",\"isPartOf\":{\"@id\":\"https:\/\/compuviper.mx\/tienda\/#website\"},\"datePublished\":\"2026-04-02T06:50:01+00:00\",\"dateModified\":\"2026-04-02T06:50:02+00:00\",\"description\":\"Compra Ls32cg552elxzx Monitor Led 32 Pulgadas \/g5 G55c Odyssey\/ Qhd (2560 X 1440) \/ Va \/ Widescreen \/curvo\/ Hdmi \/ Dp \/ 165hz \/ Negro. + Env\u00edo a domicilio + Pago seguro + Garant\u00eda\",\"breadcrumb\":{\"@id\":\"https:\/\/compuviper.mx\/tienda\/producto\/samsung-ls32cg552elxzx-monitor-led-32-pulgadas-g5-g55c-odyssey-qhd-2560-x-1440-va-widescreen-curvo-hdmi-dp-165hz-negro\/#breadcrumb\"},\"inLanguage\":\"es-MX\",\"potentialAction\":[{\"@type\":\"ReadAction\",\"target\":[\"https:\/\/compuviper.mx\/tienda\/producto\/samsung-ls32cg552elxzx-monitor-led-32-pulgadas-g5-g55c-odyssey-qhd-2560-x-1440-va-widescreen-curvo-hdmi-dp-165hz-negro\/\"]}]},{\"@type\":\"BreadcrumbList\",\"@id\":\"https:\/\/compuviper.mx\/tienda\/producto\/samsung-ls32cg552elxzx-monitor-led-32-pulgadas-g5-g55c-odyssey-qhd-2560-x-1440-va-widescreen-curvo-hdmi-dp-165hz-negro\/#breadcrumb\",\"itemListElement\":[{\"@type\":\"ListItem\",\"position\":1,\"name\":\"Inicio\",\"item\":\"https:\/\/compuviper.mx\/tienda\/\"},{\"@type\":\"ListItem\",\"position\":2,\"name\":\"Productos\",\"item\":\"https:\/\/compuviper.mx\/tienda\/productos\/\"},{\"@type\":\"ListItem\",\"position\":3,\"name\":\"Monitores\",\"item\":\"https:\/\/compuviper.mx\/tienda\/categoria-producto\/monitores\/\"},{\"@type\":\"ListItem\",\"position\":4,\"name\":\"Sin Categor\u00eda\",\"item\":\"https:\/\/compuviper.mx\/tienda\/categoria-producto\/monitores\/sin-categoria-monitores\/\"},{\"@type\":\"ListItem\",\"position\":5,\"name\":\"Samsung Ls32cg552elxzx Monitor Led 32 Pulgadas \/g5 G55c Odyssey\/ Qhd (2560 X 1440) \/ Va \/ Widescreen \/curvo\/ Hdmi \/ Dp \/ 165hz \/ Negro.\"}]},{\"@type\":\"WebSite\",\"@id\":\"https:\/\/compuviper.mx\/tienda\/#website\",\"url\":\"https:\/\/compuviper.mx\/tienda\/\",\"name\":\"Compuviper\",\"description\":\"Proveedor de Computadoras, Laptops, Servidores, Monitores, Puntos de Venta, Teclados,   Impresoras, T\u00f3ner, C\u00e1maras de Seguridad y m\u00e1s en tu tienda en l\u00ednea\",\"publisher\":{\"@id\":\"https:\/\/compuviper.mx\/tienda\/#organization\"},\"potentialAction\":[{\"@type\":\"SearchAction\",\"target\":{\"@type\":\"EntryPoint\",\"urlTemplate\":\"https:\/\/compuviper.mx\/tienda\/?s={search_term_string}\"},\"query-input\":\"required name=search_term_string\"}],\"inLanguage\":\"es-MX\"},{\"@type\":\"Organization\",\"@id\":\"https:\/\/compuviper.mx\/tienda\/#organization\",\"name\":\"Compuviper\",\"url\":\"https:\/\/compuviper.mx\/tienda\/\",\"logo\":{\"@type\":\"ImageObject\",\"inLanguage\":\"es-MX\",\"@id\":\"https:\/\/compuviper.mx\/tienda\/#\/schema\/logo\/image\/\",\"url\":\"https:\/\/compuviper.mx\/tienda\/wp-content\/uploads\/2021\/08\/Logo-Compuviper-10.png\",\"contentUrl\":\"https:\/\/compuviper.mx\/tienda\/wp-content\/uploads\/2021\/08\/Logo-Compuviper-10.png\",\"width\":1000,\"height\":500,\"caption\":\"Compuviper\"},\"image\":{\"@id\":\"https:\/\/compuviper.mx\/tienda\/#\/schema\/logo\/image\/\"},\"sameAs\":[\"https:\/\/www.facebook.com\/compuviper\",\"https:\/\/www.youtube.com\/channel\/UCf73dERp9Y3cfOq7q8BhLjA?view_as=subscriber\"]}]}<\/script>\n<meta property=\"product:brand\" content=\"SAMSUNG\" \/>\n<meta property=\"product:price:amount\" content=\"4468\" \/>\n<meta property=\"product:price:currency\" content=\"MXN\" \/>\n<meta property=\"og:availability\" content=\"out of stock\" \/>\n<meta property=\"product:availability\" content=\"out of stock\" \/>\n<meta property=\"product:retailer_item_id\" content=\"LS32CG552ELXZX\" \/>\n<meta property=\"product:condition\" content=\"new\" \/>\n<!-- \/ Yoast SEO plugin. -->","yoast_head_json":{"title":"[ Samsung ] &#129351; Ls32cg552elxzx Monitor Led 32 Pulgadas \/g5 G55c Odyssey\/ Qhd (2560 X 1440) \/ Va \/ Widescreen \/curvo\/ Hdmi \/ Dp \/ 165hz \/ Negro.","description":"Compra Ls32cg552elxzx Monitor Led 32 Pulgadas \/g5 G55c Odyssey\/ Qhd (2560 X 1440) \/ Va \/ Widescreen \/curvo\/ Hdmi \/ Dp \/ 165hz \/ Negro. + Env\u00edo a domicilio + Pago seguro + Garant\u00eda","robots":{"index":"index","follow":"follow","max-snippet":"max-snippet:-1","max-image-preview":"max-image-preview:large","max-video-preview":"max-video-preview:-1"},"canonical":"https:\/\/compuviper.mx\/tienda\/producto\/samsung-ls32cg552elxzx-monitor-led-32-pulgadas-g5-g55c-odyssey-qhd-2560-x-1440-va-widescreen-curvo-hdmi-dp-165hz-negro\/","og_locale":"es_MX","og_type":"article","og_title":"[ Samsung ] &#129351; Ls32cg552elxzx Monitor Led 32 Pulgadas \/g5 G55c Odyssey\/ Qhd (2560 X 1440) \/ Va \/ Widescreen \/curvo\/ Hdmi \/ Dp \/ 165hz \/ Negro.","og_description":"Compra Ls32cg552elxzx Monitor Led 32 Pulgadas \/g5 G55c Odyssey\/ Qhd (2560 X 1440) \/ Va \/ Widescreen \/curvo\/ Hdmi \/ Dp \/ 165hz \/ Negro. + Env\u00edo a domicilio + Pago seguro + Garant\u00eda","og_url":"https:\/\/compuviper.mx\/tienda\/producto\/samsung-ls32cg552elxzx-monitor-led-32-pulgadas-g5-g55c-odyssey-qhd-2560-x-1440-va-widescreen-curvo-hdmi-dp-165hz-negro\/","og_site_name":"Compuviper","article_publisher":"https:\/\/www.facebook.com\/compuviper","article_modified_time":"2026-04-02T06:50:02+00:00","og_image":[{"width":200,"height":200,"url":"https:\/\/compuviper.mx\/tienda\/wp-content\/uploads\/2024\/05\/Monitor-led-samsung-32-pulgadaswidescreen-odissey-g5-qhd-2.560-x-1.440-gamer-curve-negro169165-hz-1-ms-panel-va-freesync-1-dp-2-hdmi-vesa-75-auto-source-switch.jpg","type":"image\/jpeg"}],"twitter_card":"summary_large_image","twitter_misc":{"Precio":"&#36;4,468 con IVA","Availability":"Out of stock"},"schema":{"@context":"https:\/\/schema.org","@graph":[{"@type":"WebPage","@id":"https:\/\/compuviper.mx\/tienda\/producto\/samsung-ls32cg552elxzx-monitor-led-32-pulgadas-g5-g55c-odyssey-qhd-2560-x-1440-va-widescreen-curvo-hdmi-dp-165hz-negro\/","url":"https:\/\/compuviper.mx\/tienda\/producto\/samsung-ls32cg552elxzx-monitor-led-32-pulgadas-g5-g55c-odyssey-qhd-2560-x-1440-va-widescreen-curvo-hdmi-dp-165hz-negro\/","name":"[ Samsung ] &#129351; Ls32cg552elxzx Monitor Led 32 Pulgadas \/g5 G55c Odyssey\/ Qhd (2560 X 1440) \/ Va \/ Widescreen \/curvo\/ Hdmi \/ Dp \/ 165hz \/ Negro.","isPartOf":{"@id":"https:\/\/compuviper.mx\/tienda\/#website"},"datePublished":"2026-04-02T06:50:01+00:00","dateModified":"2026-04-02T06:50:02+00:00","description":"Compra Ls32cg552elxzx Monitor Led 32 Pulgadas \/g5 G55c Odyssey\/ Qhd (2560 X 1440) \/ Va \/ Widescreen \/curvo\/ Hdmi \/ Dp \/ 165hz \/ Negro. + Env\u00edo a domicilio + Pago seguro + Garant\u00eda","breadcrumb":{"@id":"https:\/\/compuviper.mx\/tienda\/producto\/samsung-ls32cg552elxzx-monitor-led-32-pulgadas-g5-g55c-odyssey-qhd-2560-x-1440-va-widescreen-curvo-hdmi-dp-165hz-negro\/#breadcrumb"},"inLanguage":"es-MX","potentialAction":[{"@type":"ReadAction","target":["https:\/\/compuviper.mx\/tienda\/producto\/samsung-ls32cg552elxzx-monitor-led-32-pulgadas-g5-g55c-odyssey-qhd-2560-x-1440-va-widescreen-curvo-hdmi-dp-165hz-negro\/"]}]},{"@type":"BreadcrumbList","@id":"https:\/\/compuviper.mx\/tienda\/producto\/samsung-ls32cg552elxzx-monitor-led-32-pulgadas-g5-g55c-odyssey-qhd-2560-x-1440-va-widescreen-curvo-hdmi-dp-165hz-negro\/#breadcrumb","itemListElement":[{"@type":"ListItem","position":1,"name":"Inicio","item":"https:\/\/compuviper.mx\/tienda\/"},{"@type":"ListItem","position":2,"name":"Productos","item":"https:\/\/compuviper.mx\/tienda\/productos\/"},{"@type":"ListItem","position":3,"name":"Monitores","item":"https:\/\/compuviper.mx\/tienda\/categoria-producto\/monitores\/"},{"@type":"ListItem","position":4,"name":"Sin Categor\u00eda","item":"https:\/\/compuviper.mx\/tienda\/categoria-producto\/monitores\/sin-categoria-monitores\/"},{"@type":"ListItem","position":5,"name":"Samsung Ls32cg552elxzx Monitor Led 32 Pulgadas \/g5 G55c Odyssey\/ Qhd (2560 X 1440) \/ Va \/ Widescreen \/curvo\/ Hdmi \/ Dp \/ 165hz \/ Negro."}]},{"@type":"WebSite","@id":"https:\/\/compuviper.mx\/tienda\/#website","url":"https:\/\/compuviper.mx\/tienda\/","name":"Compuviper","description":"Proveedor de Computadoras, Laptops, Servidores, Monitores, Puntos de Venta, Teclados,   Impresoras, T\u00f3ner, C\u00e1maras de Seguridad y m\u00e1s en tu tienda en l\u00ednea","publisher":{"@id":"https:\/\/compuviper.mx\/tienda\/#organization"},"potentialAction":[{"@type":"SearchAction","target":{"@type":"EntryPoint","urlTemplate":"https:\/\/compuviper.mx\/tienda\/?s={search_term_string}"},"query-input":"required name=search_term_string"}],"inLanguage":"es-MX"},{"@type":"Organization","@id":"https:\/\/compuviper.mx\/tienda\/#organization","name":"Compuviper","url":"https:\/\/compuviper.mx\/tienda\/","logo":{"@type":"ImageObject","inLanguage":"es-MX","@id":"https:\/\/compuviper.mx\/tienda\/#\/schema\/logo\/image\/","url":"https:\/\/compuviper.mx\/tienda\/wp-content\/uploads\/2021\/08\/Logo-Compuviper-10.png","contentUrl":"https:\/\/compuviper.mx\/tienda\/wp-content\/uploads\/2021\/08\/Logo-Compuviper-10.png","width":1000,"height":500,"caption":"Compuviper"},"image":{"@id":"https:\/\/compuviper.mx\/tienda\/#\/schema\/logo\/image\/"},"sameAs":["https:\/\/www.facebook.com\/compuviper","https:\/\/www.youtube.com\/channel\/UCf73dERp9Y3cfOq7q8BhLjA?view_as=subscriber"]}]},"product_brand":"SAMSUNG","product_price_amount":"4468","product_price_currency":"MXN","og_availability":"out of stock","product_availability":"out of stock","product_retailer_item_id":"LS32CG552ELXZX","product_condition":"new"},"_links":{"self":[{"href":"https:\/\/compuviper.mx\/tienda\/wp-json\/wp\/v2\/product\/230626"}],"collection":[{"href":"https:\/\/compuviper.mx\/tienda\/wp-json\/wp\/v2\/product"}],"about":[{"href":"https:\/\/compuviper.mx\/tienda\/wp-json\/wp\/v2\/types\/product"}],"replies":[{"embeddable":true,"href":"https:\/\/compuviper.mx\/tienda\/wp-json\/wp\/v2\/comments?post=230626"}],"wp:featuredmedia":[{"embeddable":true,"href":"https:\/\/compuviper.mx\/tienda\/wp-json\/wp\/v2\/media\/234146"}],"wp:attachment":[{"href":"https:\/\/compuviper.mx\/tienda\/wp-json\/wp\/v2\/media?parent=230626"}],"wp:term":[{"taxonomy":"product_cat","embeddable":true,"href":"https:\/\/compuviper.mx\/tienda\/wp-json\/wp\/v2\/product_cat?post=230626"},{"taxonomy":"product_tag","embeddable":true,"href":"https:\/\/compuviper.mx\/tienda\/wp-json\/wp\/v2\/product_tag?post=230626"}],"curies":[{"name":"wp","href":"https:\/\/api.w.org\/{rel}","templated":true}]}}