{"id":230517,"date":"2026-04-10T23:37:45","date_gmt":"2026-04-11T05:37:45","guid":{"rendered":"https:\/\/compuviper.mx\/tienda\/producto\/startech-com-usblt2mw-cable-de-2m-lightning-de-8-pin-a-usb-a-2-0-para-apple-ipod-iphone-ipad-blanco-mod\/"},"modified":"2026-04-10T23:37:46","modified_gmt":"2026-04-11T05:37:46","slug":"startech-com-usblt2mw-cable-de-2m-lightning-de-8-pin-a-usb-a-2-0-para-apple-ipod-iphone-ipad-blanco-mod","status":"publish","type":"product","link":"https:\/\/compuviper.mx\/tienda\/producto\/startech-com-usblt2mw-cable-de-2m-lightning-de-8-pin-a-usb-a-2-0-para-apple-ipod-iphone-ipad-blanco-mod\/","title":{"rendered":"Startech.com Usblt2mw Cable De 2m Lightning De 8 Pin A Usb A 2.0 Para Apple Ipod Iphone Ipad &#8211; Blanco &#8211;  Mod."},"content":{"rendered":"<table class=\"descripcion\">\n<tr>\n<td>Hardware<\/td>\n<\/tr>\n<tr>\n<td>Tipo de cable blindado : lamina de aluminio mylar con malla trenzada<\/td>\n<\/tr>\n<tr>\n<td>Revestimiento del conector  : niquel<\/td>\n<\/tr>\n<tr>\n<td>Cable tipo jacket : pvc &#8211; polyvinyl chloride<\/td>\n<\/tr>\n<tr>\n<td>Contenido de la caja<\/td>\n<\/tr>\n<tr>\n<td>Incluido en la caja : cable blanco 2\u00a0m de conector apple lighting a usb<\/td>\n<\/tr>\n<tr>\n<td>Conectores<\/td>\n<\/tr>\n<tr>\n<td>Conector b : conector apple lightning 8 pines<\/td>\n<\/tr>\n<tr>\n<td>Conector a : usb type-a 4 pines usb 2.0<\/td>\n<\/tr>\n<tr>\n<td>Caracteristicas fisicas<\/td>\n<\/tr>\n<tr>\n<td>Peso del producto : 66 g<\/td>\n<\/tr>\n<tr>\n<td>Longitud del producto : 2 m<\/td>\n<\/tr>\n<tr>\n<td>Longitud del cable : 2 m<\/td>\n<\/tr>\n<tr>\n<td>Estilo de conector : recto<\/td>\n<\/tr>\n<tr>\n<td>Color : blanco<\/td>\n<\/tr>\n<tr>\n<td>Calibre del conductor : 22\/28 awg<\/td>\n<\/tr>\n<\/table>\n","protected":false},"excerpt":{"rendered":"<p>El cable apple lightning a usb blanco, modelo usblt2mw 2 m, para iphone, ipod e ipad es una solucion confiable para la carga y sincronizacion de los dispositivos moviles apple mas modernos con un pc o equipo mac, a traves de un puerto usb disponible. El diseno de este cable lightning usb de 2 metros permite utilizarlo sin el limite de una distancia corta y con la maxima potencia de carga. Ademas, el conector lightning reversible de 8 pines se puede enchufar a un dispositivo con ios disponible con cualquiera de las caras hacia arriba, lo cual significa que no hay ninguna restriccion sobre como conectar el dispositivo. Este cable duradero ha sido fabricado conforme a las normas para apple mfi.<\/p>\n","protected":false},"featured_media":230550,"comment_status":"open","ping_status":"open","template":"","meta":[],"product_cat":[1549,1605],"product_tag":[1590],"acf":[],"yoast_head":"<!-- This site is optimized with the Yoast SEO plugin v21.7 - https:\/\/yoast.com\/wordpress\/plugins\/seo\/ -->\n<title>[ Startech.com ] &#129351; Usblt2mw Cable De 2m Lightning De 8 Pin A Usb A 2.0 Para Apple Ipod Iphone Ipad - Blanco - Mod.<\/title>\n<meta name=\"description\" content=\"Compra Usblt2mw Cable De 2m Lightning De 8 Pin A Usb A 2.0 Para Apple Ipod Iphone Ipad - Blanco - Mod. + Env\u00edo a domicilio + Pago seguro + Garant\u00eda\" \/>\n<meta name=\"robots\" content=\"index, follow, max-snippet:-1, max-image-preview:large, max-video-preview:-1\" \/>\n<link rel=\"canonical\" href=\"https:\/\/compuviper.mx\/tienda\/producto\/startech-com-usblt2mw-cable-de-2m-lightning-de-8-pin-a-usb-a-2-0-para-apple-ipod-iphone-ipad-blanco-mod\/\" \/>\n<meta property=\"og:locale\" content=\"es_MX\" \/>\n<meta property=\"og:type\" content=\"article\" \/>\n<meta property=\"og:title\" content=\"[ Startech.com ] &#129351; Usblt2mw Cable De 2m Lightning De 8 Pin A Usb A 2.0 Para Apple Ipod Iphone Ipad - Blanco - Mod.\" \/>\n<meta property=\"og:description\" content=\"Compra Usblt2mw Cable De 2m Lightning De 8 Pin A Usb A 2.0 Para Apple Ipod Iphone Ipad - Blanco - Mod. + Env\u00edo a domicilio + Pago seguro + Garant\u00eda\" \/>\n<meta property=\"og:url\" content=\"https:\/\/compuviper.mx\/tienda\/producto\/startech-com-usblt2mw-cable-de-2m-lightning-de-8-pin-a-usb-a-2-0-para-apple-ipod-iphone-ipad-blanco-mod\/\" \/>\n<meta property=\"og:site_name\" content=\"Compuviper\" \/>\n<meta property=\"article:publisher\" content=\"https:\/\/www.facebook.com\/compuviper\" \/>\n<meta property=\"article:modified_time\" content=\"2026-04-11T05:37:46+00:00\" \/>\n<meta property=\"og:image\" content=\"https:\/\/compuviper.mx\/tienda\/wp-content\/uploads\/2024\/02\/Cable-de-2m-lightning-de-8-pin-a-usb-a-2.0-para-apple-ipod-iphone-ipad-blanco-startech.com-mod.-usblt2mw.jpg\" \/>\n\t<meta property=\"og:image:width\" content=\"200\" \/>\n\t<meta property=\"og:image:height\" content=\"200\" \/>\n\t<meta property=\"og:image:type\" content=\"image\/jpeg\" \/>\n<meta name=\"twitter:card\" content=\"summary_large_image\" \/>\n<meta name=\"twitter:label1\" content=\"Precio\" \/>\n\t<meta name=\"twitter:data1\" content=\"&#36;366 con IVA\" \/>\n\t<meta name=\"twitter:label2\" content=\"Availability\" \/>\n\t<meta name=\"twitter:data2\" content=\"In stock\" \/>\n<script type=\"application\/ld+json\" class=\"yoast-schema-graph\">{\"@context\":\"https:\/\/schema.org\",\"@graph\":[{\"@type\":\"WebPage\",\"@id\":\"https:\/\/compuviper.mx\/tienda\/producto\/startech-com-usblt2mw-cable-de-2m-lightning-de-8-pin-a-usb-a-2-0-para-apple-ipod-iphone-ipad-blanco-mod\/\",\"url\":\"https:\/\/compuviper.mx\/tienda\/producto\/startech-com-usblt2mw-cable-de-2m-lightning-de-8-pin-a-usb-a-2-0-para-apple-ipod-iphone-ipad-blanco-mod\/\",\"name\":\"[ Startech.com ] &#129351; Usblt2mw Cable De 2m Lightning De 8 Pin A Usb A 2.0 Para Apple Ipod Iphone Ipad - Blanco - Mod.\",\"isPartOf\":{\"@id\":\"https:\/\/compuviper.mx\/tienda\/#website\"},\"datePublished\":\"2026-04-11T05:37:45+00:00\",\"dateModified\":\"2026-04-11T05:37:46+00:00\",\"description\":\"Compra Usblt2mw Cable De 2m Lightning De 8 Pin A Usb A 2.0 Para Apple Ipod Iphone Ipad - Blanco - Mod. + Env\u00edo a domicilio + Pago seguro + Garant\u00eda\",\"breadcrumb\":{\"@id\":\"https:\/\/compuviper.mx\/tienda\/producto\/startech-com-usblt2mw-cable-de-2m-lightning-de-8-pin-a-usb-a-2-0-para-apple-ipod-iphone-ipad-blanco-mod\/#breadcrumb\"},\"inLanguage\":\"es-MX\",\"potentialAction\":[{\"@type\":\"ReadAction\",\"target\":[\"https:\/\/compuviper.mx\/tienda\/producto\/startech-com-usblt2mw-cable-de-2m-lightning-de-8-pin-a-usb-a-2-0-para-apple-ipod-iphone-ipad-blanco-mod\/\"]}]},{\"@type\":\"BreadcrumbList\",\"@id\":\"https:\/\/compuviper.mx\/tienda\/producto\/startech-com-usblt2mw-cable-de-2m-lightning-de-8-pin-a-usb-a-2-0-para-apple-ipod-iphone-ipad-blanco-mod\/#breadcrumb\",\"itemListElement\":[{\"@type\":\"ListItem\",\"position\":1,\"name\":\"Inicio\",\"item\":\"https:\/\/compuviper.mx\/tienda\/\"},{\"@type\":\"ListItem\",\"position\":2,\"name\":\"Productos\",\"item\":\"https:\/\/compuviper.mx\/tienda\/productos\/\"},{\"@type\":\"ListItem\",\"position\":3,\"name\":\"Cables\",\"item\":\"https:\/\/compuviper.mx\/tienda\/categoria-producto\/cables\/\"},{\"@type\":\"ListItem\",\"position\":4,\"name\":\"Cable Usb\",\"item\":\"https:\/\/compuviper.mx\/tienda\/categoria-producto\/cables\/cable-usb\/\"},{\"@type\":\"ListItem\",\"position\":5,\"name\":\"Startech.com Usblt2mw Cable De 2m Lightning De 8 Pin A Usb A 2.0 Para Apple Ipod Iphone Ipad &#8211; Blanco &#8211; Mod.\"}]},{\"@type\":\"WebSite\",\"@id\":\"https:\/\/compuviper.mx\/tienda\/#website\",\"url\":\"https:\/\/compuviper.mx\/tienda\/\",\"name\":\"Compuviper\",\"description\":\"Proveedor de Computadoras, Laptops, Servidores, Monitores, Puntos de Venta, Teclados,   Impresoras, T\u00f3ner, C\u00e1maras de Seguridad y m\u00e1s en tu tienda en l\u00ednea\",\"publisher\":{\"@id\":\"https:\/\/compuviper.mx\/tienda\/#organization\"},\"potentialAction\":[{\"@type\":\"SearchAction\",\"target\":{\"@type\":\"EntryPoint\",\"urlTemplate\":\"https:\/\/compuviper.mx\/tienda\/?s={search_term_string}\"},\"query-input\":\"required name=search_term_string\"}],\"inLanguage\":\"es-MX\"},{\"@type\":\"Organization\",\"@id\":\"https:\/\/compuviper.mx\/tienda\/#organization\",\"name\":\"Compuviper\",\"url\":\"https:\/\/compuviper.mx\/tienda\/\",\"logo\":{\"@type\":\"ImageObject\",\"inLanguage\":\"es-MX\",\"@id\":\"https:\/\/compuviper.mx\/tienda\/#\/schema\/logo\/image\/\",\"url\":\"https:\/\/compuviper.mx\/tienda\/wp-content\/uploads\/2021\/08\/Logo-Compuviper-10.png\",\"contentUrl\":\"https:\/\/compuviper.mx\/tienda\/wp-content\/uploads\/2021\/08\/Logo-Compuviper-10.png\",\"width\":1000,\"height\":500,\"caption\":\"Compuviper\"},\"image\":{\"@id\":\"https:\/\/compuviper.mx\/tienda\/#\/schema\/logo\/image\/\"},\"sameAs\":[\"https:\/\/www.facebook.com\/compuviper\",\"https:\/\/www.youtube.com\/channel\/UCf73dERp9Y3cfOq7q8BhLjA?view_as=subscriber\"]}]}<\/script>\n<meta property=\"product:brand\" content=\"STARTECH.COM\" \/>\n<meta property=\"product:price:amount\" content=\"366\" \/>\n<meta property=\"product:price:currency\" content=\"MXN\" \/>\n<meta property=\"og:availability\" content=\"instock\" \/>\n<meta property=\"product:availability\" content=\"instock\" \/>\n<meta property=\"product:retailer_item_id\" content=\"USBLT2MW\" \/>\n<meta property=\"product:condition\" content=\"new\" \/>\n<!-- \/ Yoast SEO plugin. -->","yoast_head_json":{"title":"[ Startech.com ] &#129351; Usblt2mw Cable De 2m Lightning De 8 Pin A Usb A 2.0 Para Apple Ipod Iphone Ipad - Blanco - Mod.","description":"Compra Usblt2mw Cable De 2m Lightning De 8 Pin A Usb A 2.0 Para Apple Ipod Iphone Ipad - Blanco - Mod. + Env\u00edo a domicilio + Pago seguro + Garant\u00eda","robots":{"index":"index","follow":"follow","max-snippet":"max-snippet:-1","max-image-preview":"max-image-preview:large","max-video-preview":"max-video-preview:-1"},"canonical":"https:\/\/compuviper.mx\/tienda\/producto\/startech-com-usblt2mw-cable-de-2m-lightning-de-8-pin-a-usb-a-2-0-para-apple-ipod-iphone-ipad-blanco-mod\/","og_locale":"es_MX","og_type":"article","og_title":"[ Startech.com ] &#129351; Usblt2mw Cable De 2m Lightning De 8 Pin A Usb A 2.0 Para Apple Ipod Iphone Ipad - Blanco - Mod.","og_description":"Compra Usblt2mw Cable De 2m Lightning De 8 Pin A Usb A 2.0 Para Apple Ipod Iphone Ipad - Blanco - Mod. + Env\u00edo a domicilio + Pago seguro + Garant\u00eda","og_url":"https:\/\/compuviper.mx\/tienda\/producto\/startech-com-usblt2mw-cable-de-2m-lightning-de-8-pin-a-usb-a-2-0-para-apple-ipod-iphone-ipad-blanco-mod\/","og_site_name":"Compuviper","article_publisher":"https:\/\/www.facebook.com\/compuviper","article_modified_time":"2026-04-11T05:37:46+00:00","og_image":[{"width":200,"height":200,"url":"https:\/\/compuviper.mx\/tienda\/wp-content\/uploads\/2024\/02\/Cable-de-2m-lightning-de-8-pin-a-usb-a-2.0-para-apple-ipod-iphone-ipad-blanco-startech.com-mod.-usblt2mw.jpg","type":"image\/jpeg"}],"twitter_card":"summary_large_image","twitter_misc":{"Precio":"&#36;366 con IVA","Availability":"In stock"},"schema":{"@context":"https:\/\/schema.org","@graph":[{"@type":"WebPage","@id":"https:\/\/compuviper.mx\/tienda\/producto\/startech-com-usblt2mw-cable-de-2m-lightning-de-8-pin-a-usb-a-2-0-para-apple-ipod-iphone-ipad-blanco-mod\/","url":"https:\/\/compuviper.mx\/tienda\/producto\/startech-com-usblt2mw-cable-de-2m-lightning-de-8-pin-a-usb-a-2-0-para-apple-ipod-iphone-ipad-blanco-mod\/","name":"[ Startech.com ] &#129351; Usblt2mw Cable De 2m Lightning De 8 Pin A Usb A 2.0 Para Apple Ipod Iphone Ipad - Blanco - Mod.","isPartOf":{"@id":"https:\/\/compuviper.mx\/tienda\/#website"},"datePublished":"2026-04-11T05:37:45+00:00","dateModified":"2026-04-11T05:37:46+00:00","description":"Compra Usblt2mw Cable De 2m Lightning De 8 Pin A Usb A 2.0 Para Apple Ipod Iphone Ipad - Blanco - Mod. + Env\u00edo a domicilio + Pago seguro + Garant\u00eda","breadcrumb":{"@id":"https:\/\/compuviper.mx\/tienda\/producto\/startech-com-usblt2mw-cable-de-2m-lightning-de-8-pin-a-usb-a-2-0-para-apple-ipod-iphone-ipad-blanco-mod\/#breadcrumb"},"inLanguage":"es-MX","potentialAction":[{"@type":"ReadAction","target":["https:\/\/compuviper.mx\/tienda\/producto\/startech-com-usblt2mw-cable-de-2m-lightning-de-8-pin-a-usb-a-2-0-para-apple-ipod-iphone-ipad-blanco-mod\/"]}]},{"@type":"BreadcrumbList","@id":"https:\/\/compuviper.mx\/tienda\/producto\/startech-com-usblt2mw-cable-de-2m-lightning-de-8-pin-a-usb-a-2-0-para-apple-ipod-iphone-ipad-blanco-mod\/#breadcrumb","itemListElement":[{"@type":"ListItem","position":1,"name":"Inicio","item":"https:\/\/compuviper.mx\/tienda\/"},{"@type":"ListItem","position":2,"name":"Productos","item":"https:\/\/compuviper.mx\/tienda\/productos\/"},{"@type":"ListItem","position":3,"name":"Cables","item":"https:\/\/compuviper.mx\/tienda\/categoria-producto\/cables\/"},{"@type":"ListItem","position":4,"name":"Cable Usb","item":"https:\/\/compuviper.mx\/tienda\/categoria-producto\/cables\/cable-usb\/"},{"@type":"ListItem","position":5,"name":"Startech.com Usblt2mw Cable De 2m Lightning De 8 Pin A Usb A 2.0 Para Apple Ipod Iphone Ipad &#8211; Blanco &#8211; Mod."}]},{"@type":"WebSite","@id":"https:\/\/compuviper.mx\/tienda\/#website","url":"https:\/\/compuviper.mx\/tienda\/","name":"Compuviper","description":"Proveedor de Computadoras, Laptops, Servidores, Monitores, Puntos de Venta, Teclados,   Impresoras, T\u00f3ner, C\u00e1maras de Seguridad y m\u00e1s en tu tienda en l\u00ednea","publisher":{"@id":"https:\/\/compuviper.mx\/tienda\/#organization"},"potentialAction":[{"@type":"SearchAction","target":{"@type":"EntryPoint","urlTemplate":"https:\/\/compuviper.mx\/tienda\/?s={search_term_string}"},"query-input":"required name=search_term_string"}],"inLanguage":"es-MX"},{"@type":"Organization","@id":"https:\/\/compuviper.mx\/tienda\/#organization","name":"Compuviper","url":"https:\/\/compuviper.mx\/tienda\/","logo":{"@type":"ImageObject","inLanguage":"es-MX","@id":"https:\/\/compuviper.mx\/tienda\/#\/schema\/logo\/image\/","url":"https:\/\/compuviper.mx\/tienda\/wp-content\/uploads\/2021\/08\/Logo-Compuviper-10.png","contentUrl":"https:\/\/compuviper.mx\/tienda\/wp-content\/uploads\/2021\/08\/Logo-Compuviper-10.png","width":1000,"height":500,"caption":"Compuviper"},"image":{"@id":"https:\/\/compuviper.mx\/tienda\/#\/schema\/logo\/image\/"},"sameAs":["https:\/\/www.facebook.com\/compuviper","https:\/\/www.youtube.com\/channel\/UCf73dERp9Y3cfOq7q8BhLjA?view_as=subscriber"]}]},"product_brand":"STARTECH.COM","product_price_amount":"366","product_price_currency":"MXN","og_availability":"instock","product_availability":"instock","product_retailer_item_id":"USBLT2MW","product_condition":"new"},"_links":{"self":[{"href":"https:\/\/compuviper.mx\/tienda\/wp-json\/wp\/v2\/product\/230517"}],"collection":[{"href":"https:\/\/compuviper.mx\/tienda\/wp-json\/wp\/v2\/product"}],"about":[{"href":"https:\/\/compuviper.mx\/tienda\/wp-json\/wp\/v2\/types\/product"}],"replies":[{"embeddable":true,"href":"https:\/\/compuviper.mx\/tienda\/wp-json\/wp\/v2\/comments?post=230517"}],"wp:featuredmedia":[{"embeddable":true,"href":"https:\/\/compuviper.mx\/tienda\/wp-json\/wp\/v2\/media\/230550"}],"wp:attachment":[{"href":"https:\/\/compuviper.mx\/tienda\/wp-json\/wp\/v2\/media?parent=230517"}],"wp:term":[{"taxonomy":"product_cat","embeddable":true,"href":"https:\/\/compuviper.mx\/tienda\/wp-json\/wp\/v2\/product_cat?post=230517"},{"taxonomy":"product_tag","embeddable":true,"href":"https:\/\/compuviper.mx\/tienda\/wp-json\/wp\/v2\/product_tag?post=230517"}],"curies":[{"name":"wp","href":"https:\/\/api.w.org\/{rel}","templated":true}]}}