{"id":230481,"date":"2026-04-16T23:57:55","date_gmt":"2026-04-17T05:57:55","guid":{"rendered":"https:\/\/compuviper.mx\/tienda\/producto\/epson-t55k400-ultrachrome-hdx-hd-amarillo-700-ml\/"},"modified":"2026-04-16T23:57:55","modified_gmt":"2026-04-17T05:57:55","slug":"epson-t55k400-cartucho-modelo-t55k-ultrachrome-hd-hdx-amarillo-para-plotter-p6000-p7000-p8000-p9000-700-ml","status":"publish","type":"product","link":"https:\/\/compuviper.mx\/tienda\/producto\/epson-t55k400-cartucho-modelo-t55k-ultrachrome-hd-hdx-amarillo-para-plotter-p6000-p7000-p8000-p9000-700-ml\/","title":{"rendered":"Epson T55k400 Cartucho  Modelo T55k Ultrachrome Hd \/ Hdx Amarillo, Para Plotter P6000\/ P7000\/ P8000\/ P9000 700 Ml"},"content":{"rendered":"<table class=\"descripcion\">\n<tr>\n<td>Asegurese de que su impresora no se seque durante un trabajo importante con este cartucho de tinta amarilla ultrachrome hd t55k400 de 700 mil de epson. este cartucho de tinta sin chip a base de pigmentos rastrea los niveles de tinta mediante un recuento preciso de gotas y esta disponible como reemplazo o repuesto para las impresoras de gran formato de epson surecolor- p series.<\/td>\n<\/tr>\n<\/table>\n","protected":false},"excerpt":{"rendered":"<p>Asegurese de que su impresora no se seque durante un trabajo importante con este cartucho de tinta amarilla ultrachrome hd t55k400 de 700 mil de epson. este cartucho de tinta sin chip a base de pigmentos rastrea los niveles de tinta mediante un recuento preciso de gotas y esta disponible como reemplazo o repuesto para [&hellip;]<\/p>\n","protected":false},"featured_media":233847,"comment_status":"open","ping_status":"open","template":"","meta":[],"product_cat":[1622,1623],"product_tag":[1624],"acf":[],"yoast_head":"<!-- This site is optimized with the Yoast SEO plugin v21.7 - https:\/\/yoast.com\/wordpress\/plugins\/seo\/ -->\n<title>[ Epson ] &#129351; T55k400 Cartucho Modelo T55k Ultrachrome Hd \/ Hdx Amarillo, Para Plotter P6000\/ P7000\/ P8000\/ P9000 700 Ml<\/title>\n<meta name=\"description\" content=\"Compra T55k400 Cartucho Modelo T55k Ultrachrome Hd \/ Hdx Amarillo, Para Plotter P6000\/ P7000\/ P8000\/ P9000 700 Ml + Env\u00edo a domicilio + Pago seguro + Garant\u00eda\" \/>\n<meta name=\"robots\" content=\"index, follow, max-snippet:-1, max-image-preview:large, max-video-preview:-1\" \/>\n<link rel=\"canonical\" href=\"https:\/\/compuviper.mx\/tienda\/producto\/epson-t55k400-cartucho-modelo-t55k-ultrachrome-hd-hdx-amarillo-para-plotter-p6000-p7000-p8000-p9000-700-ml\/\" \/>\n<meta property=\"og:locale\" content=\"es_MX\" \/>\n<meta property=\"og:type\" content=\"article\" \/>\n<meta property=\"og:title\" content=\"[ Epson ] &#129351; T55k400 Cartucho Modelo T55k Ultrachrome Hd \/ Hdx Amarillo, Para Plotter P6000\/ P7000\/ P8000\/ P9000 700 Ml\" \/>\n<meta property=\"og:description\" content=\"Compra T55k400 Cartucho Modelo T55k Ultrachrome Hd \/ Hdx Amarillo, Para Plotter P6000\/ P7000\/ P8000\/ P9000 700 Ml + Env\u00edo a domicilio + Pago seguro + Garant\u00eda\" \/>\n<meta property=\"og:url\" content=\"https:\/\/compuviper.mx\/tienda\/producto\/epson-t55k400-cartucho-modelo-t55k-ultrachrome-hd-hdx-amarillo-para-plotter-p6000-p7000-p8000-p9000-700-ml\/\" \/>\n<meta property=\"og:site_name\" content=\"Compuviper\" \/>\n<meta property=\"article:publisher\" content=\"https:\/\/www.facebook.com\/compuviper\" \/>\n<meta property=\"og:image\" content=\"https:\/\/compuviper.mx\/tienda\/wp-content\/uploads\/2024\/05\/Epson-ultrachrome-hdxhd-amarillo-700-ml.jpg\" \/>\n\t<meta property=\"og:image:width\" content=\"200\" \/>\n\t<meta property=\"og:image:height\" content=\"200\" \/>\n\t<meta property=\"og:image:type\" content=\"image\/jpeg\" \/>\n<meta name=\"twitter:card\" content=\"summary_large_image\" \/>\n<meta name=\"twitter:label1\" content=\"Precio\" \/>\n\t<meta name=\"twitter:data1\" content=\"&#36;4,393 con IVA\" \/>\n\t<meta name=\"twitter:label2\" content=\"Availability\" \/>\n\t<meta name=\"twitter:data2\" content=\"Out of stock\" \/>\n<script type=\"application\/ld+json\" class=\"yoast-schema-graph\">{\"@context\":\"https:\/\/schema.org\",\"@graph\":[{\"@type\":\"WebPage\",\"@id\":\"https:\/\/compuviper.mx\/tienda\/producto\/epson-t55k400-cartucho-modelo-t55k-ultrachrome-hd-hdx-amarillo-para-plotter-p6000-p7000-p8000-p9000-700-ml\/\",\"url\":\"https:\/\/compuviper.mx\/tienda\/producto\/epson-t55k400-cartucho-modelo-t55k-ultrachrome-hd-hdx-amarillo-para-plotter-p6000-p7000-p8000-p9000-700-ml\/\",\"name\":\"[ Epson ] &#129351; T55k400 Cartucho Modelo T55k Ultrachrome Hd \/ Hdx Amarillo, Para Plotter P6000\/ P7000\/ P8000\/ P9000 700 Ml\",\"isPartOf\":{\"@id\":\"https:\/\/compuviper.mx\/tienda\/#website\"},\"datePublished\":\"2026-04-17T05:57:55+00:00\",\"dateModified\":\"2026-04-17T05:57:55+00:00\",\"description\":\"Compra T55k400 Cartucho Modelo T55k Ultrachrome Hd \/ Hdx Amarillo, Para Plotter P6000\/ P7000\/ P8000\/ P9000 700 Ml + Env\u00edo a domicilio + Pago seguro + Garant\u00eda\",\"breadcrumb\":{\"@id\":\"https:\/\/compuviper.mx\/tienda\/producto\/epson-t55k400-cartucho-modelo-t55k-ultrachrome-hd-hdx-amarillo-para-plotter-p6000-p7000-p8000-p9000-700-ml\/#breadcrumb\"},\"inLanguage\":\"es-MX\",\"potentialAction\":[{\"@type\":\"ReadAction\",\"target\":[\"https:\/\/compuviper.mx\/tienda\/producto\/epson-t55k400-cartucho-modelo-t55k-ultrachrome-hd-hdx-amarillo-para-plotter-p6000-p7000-p8000-p9000-700-ml\/\"]}]},{\"@type\":\"BreadcrumbList\",\"@id\":\"https:\/\/compuviper.mx\/tienda\/producto\/epson-t55k400-cartucho-modelo-t55k-ultrachrome-hd-hdx-amarillo-para-plotter-p6000-p7000-p8000-p9000-700-ml\/#breadcrumb\",\"itemListElement\":[{\"@type\":\"ListItem\",\"position\":1,\"name\":\"Inicio\",\"item\":\"https:\/\/compuviper.mx\/tienda\/\"},{\"@type\":\"ListItem\",\"position\":2,\"name\":\"Productos\",\"item\":\"https:\/\/compuviper.mx\/tienda\/productos\/\"},{\"@type\":\"ListItem\",\"position\":3,\"name\":\"Consumibles\",\"item\":\"https:\/\/compuviper.mx\/tienda\/categoria-producto\/consumibles\/\"},{\"@type\":\"ListItem\",\"position\":4,\"name\":\"Cartucho\",\"item\":\"https:\/\/compuviper.mx\/tienda\/categoria-producto\/consumibles\/cartucho\/\"},{\"@type\":\"ListItem\",\"position\":5,\"name\":\"Epson T55k400 Cartucho Modelo T55k Ultrachrome Hd \/ Hdx Amarillo, Para Plotter P6000\/ P7000\/ P8000\/ P9000 700 Ml\"}]},{\"@type\":\"WebSite\",\"@id\":\"https:\/\/compuviper.mx\/tienda\/#website\",\"url\":\"https:\/\/compuviper.mx\/tienda\/\",\"name\":\"Compuviper\",\"description\":\"Proveedor de Computadoras, Laptops, Servidores, Monitores, Puntos de Venta, Teclados,   Impresoras, T\u00f3ner, C\u00e1maras de Seguridad y m\u00e1s en tu tienda en l\u00ednea\",\"publisher\":{\"@id\":\"https:\/\/compuviper.mx\/tienda\/#organization\"},\"potentialAction\":[{\"@type\":\"SearchAction\",\"target\":{\"@type\":\"EntryPoint\",\"urlTemplate\":\"https:\/\/compuviper.mx\/tienda\/?s={search_term_string}\"},\"query-input\":\"required name=search_term_string\"}],\"inLanguage\":\"es-MX\"},{\"@type\":\"Organization\",\"@id\":\"https:\/\/compuviper.mx\/tienda\/#organization\",\"name\":\"Compuviper\",\"url\":\"https:\/\/compuviper.mx\/tienda\/\",\"logo\":{\"@type\":\"ImageObject\",\"inLanguage\":\"es-MX\",\"@id\":\"https:\/\/compuviper.mx\/tienda\/#\/schema\/logo\/image\/\",\"url\":\"https:\/\/compuviper.mx\/tienda\/wp-content\/uploads\/2021\/08\/Logo-Compuviper-10.png\",\"contentUrl\":\"https:\/\/compuviper.mx\/tienda\/wp-content\/uploads\/2021\/08\/Logo-Compuviper-10.png\",\"width\":1000,\"height\":500,\"caption\":\"Compuviper\"},\"image\":{\"@id\":\"https:\/\/compuviper.mx\/tienda\/#\/schema\/logo\/image\/\"},\"sameAs\":[\"https:\/\/www.facebook.com\/compuviper\",\"https:\/\/www.youtube.com\/channel\/UCf73dERp9Y3cfOq7q8BhLjA?view_as=subscriber\"]}]}<\/script>\n<meta property=\"product:brand\" content=\"EPSON\" \/>\n<meta property=\"product:price:amount\" content=\"4393\" \/>\n<meta property=\"product:price:currency\" content=\"MXN\" \/>\n<meta property=\"og:availability\" content=\"out of stock\" \/>\n<meta property=\"product:availability\" content=\"out of stock\" \/>\n<meta property=\"product:retailer_item_id\" content=\"T55K400\" \/>\n<meta property=\"product:condition\" content=\"new\" \/>\n<!-- \/ Yoast SEO plugin. -->","yoast_head_json":{"title":"[ Epson ] &#129351; T55k400 Cartucho Modelo T55k Ultrachrome Hd \/ Hdx Amarillo, Para Plotter P6000\/ P7000\/ P8000\/ P9000 700 Ml","description":"Compra T55k400 Cartucho Modelo T55k Ultrachrome Hd \/ Hdx Amarillo, Para Plotter P6000\/ P7000\/ P8000\/ P9000 700 Ml + Env\u00edo a domicilio + Pago seguro + Garant\u00eda","robots":{"index":"index","follow":"follow","max-snippet":"max-snippet:-1","max-image-preview":"max-image-preview:large","max-video-preview":"max-video-preview:-1"},"canonical":"https:\/\/compuviper.mx\/tienda\/producto\/epson-t55k400-cartucho-modelo-t55k-ultrachrome-hd-hdx-amarillo-para-plotter-p6000-p7000-p8000-p9000-700-ml\/","og_locale":"es_MX","og_type":"article","og_title":"[ Epson ] &#129351; T55k400 Cartucho Modelo T55k Ultrachrome Hd \/ Hdx Amarillo, Para Plotter P6000\/ P7000\/ P8000\/ P9000 700 Ml","og_description":"Compra T55k400 Cartucho Modelo T55k Ultrachrome Hd \/ Hdx Amarillo, Para Plotter P6000\/ P7000\/ P8000\/ P9000 700 Ml + Env\u00edo a domicilio + Pago seguro + Garant\u00eda","og_url":"https:\/\/compuviper.mx\/tienda\/producto\/epson-t55k400-cartucho-modelo-t55k-ultrachrome-hd-hdx-amarillo-para-plotter-p6000-p7000-p8000-p9000-700-ml\/","og_site_name":"Compuviper","article_publisher":"https:\/\/www.facebook.com\/compuviper","og_image":[{"width":200,"height":200,"url":"https:\/\/compuviper.mx\/tienda\/wp-content\/uploads\/2024\/05\/Epson-ultrachrome-hdxhd-amarillo-700-ml.jpg","type":"image\/jpeg"}],"twitter_card":"summary_large_image","twitter_misc":{"Precio":"&#36;4,393 con IVA","Availability":"Out of stock"},"schema":{"@context":"https:\/\/schema.org","@graph":[{"@type":"WebPage","@id":"https:\/\/compuviper.mx\/tienda\/producto\/epson-t55k400-cartucho-modelo-t55k-ultrachrome-hd-hdx-amarillo-para-plotter-p6000-p7000-p8000-p9000-700-ml\/","url":"https:\/\/compuviper.mx\/tienda\/producto\/epson-t55k400-cartucho-modelo-t55k-ultrachrome-hd-hdx-amarillo-para-plotter-p6000-p7000-p8000-p9000-700-ml\/","name":"[ Epson ] &#129351; T55k400 Cartucho Modelo T55k Ultrachrome Hd \/ Hdx Amarillo, Para Plotter P6000\/ P7000\/ P8000\/ P9000 700 Ml","isPartOf":{"@id":"https:\/\/compuviper.mx\/tienda\/#website"},"datePublished":"2026-04-17T05:57:55+00:00","dateModified":"2026-04-17T05:57:55+00:00","description":"Compra T55k400 Cartucho Modelo T55k Ultrachrome Hd \/ Hdx Amarillo, Para Plotter P6000\/ P7000\/ P8000\/ P9000 700 Ml + Env\u00edo a domicilio + Pago seguro + Garant\u00eda","breadcrumb":{"@id":"https:\/\/compuviper.mx\/tienda\/producto\/epson-t55k400-cartucho-modelo-t55k-ultrachrome-hd-hdx-amarillo-para-plotter-p6000-p7000-p8000-p9000-700-ml\/#breadcrumb"},"inLanguage":"es-MX","potentialAction":[{"@type":"ReadAction","target":["https:\/\/compuviper.mx\/tienda\/producto\/epson-t55k400-cartucho-modelo-t55k-ultrachrome-hd-hdx-amarillo-para-plotter-p6000-p7000-p8000-p9000-700-ml\/"]}]},{"@type":"BreadcrumbList","@id":"https:\/\/compuviper.mx\/tienda\/producto\/epson-t55k400-cartucho-modelo-t55k-ultrachrome-hd-hdx-amarillo-para-plotter-p6000-p7000-p8000-p9000-700-ml\/#breadcrumb","itemListElement":[{"@type":"ListItem","position":1,"name":"Inicio","item":"https:\/\/compuviper.mx\/tienda\/"},{"@type":"ListItem","position":2,"name":"Productos","item":"https:\/\/compuviper.mx\/tienda\/productos\/"},{"@type":"ListItem","position":3,"name":"Consumibles","item":"https:\/\/compuviper.mx\/tienda\/categoria-producto\/consumibles\/"},{"@type":"ListItem","position":4,"name":"Cartucho","item":"https:\/\/compuviper.mx\/tienda\/categoria-producto\/consumibles\/cartucho\/"},{"@type":"ListItem","position":5,"name":"Epson T55k400 Cartucho Modelo T55k Ultrachrome Hd \/ Hdx Amarillo, Para Plotter P6000\/ P7000\/ P8000\/ P9000 700 Ml"}]},{"@type":"WebSite","@id":"https:\/\/compuviper.mx\/tienda\/#website","url":"https:\/\/compuviper.mx\/tienda\/","name":"Compuviper","description":"Proveedor de Computadoras, Laptops, Servidores, Monitores, Puntos de Venta, Teclados,   Impresoras, T\u00f3ner, C\u00e1maras de Seguridad y m\u00e1s en tu tienda en l\u00ednea","publisher":{"@id":"https:\/\/compuviper.mx\/tienda\/#organization"},"potentialAction":[{"@type":"SearchAction","target":{"@type":"EntryPoint","urlTemplate":"https:\/\/compuviper.mx\/tienda\/?s={search_term_string}"},"query-input":"required name=search_term_string"}],"inLanguage":"es-MX"},{"@type":"Organization","@id":"https:\/\/compuviper.mx\/tienda\/#organization","name":"Compuviper","url":"https:\/\/compuviper.mx\/tienda\/","logo":{"@type":"ImageObject","inLanguage":"es-MX","@id":"https:\/\/compuviper.mx\/tienda\/#\/schema\/logo\/image\/","url":"https:\/\/compuviper.mx\/tienda\/wp-content\/uploads\/2021\/08\/Logo-Compuviper-10.png","contentUrl":"https:\/\/compuviper.mx\/tienda\/wp-content\/uploads\/2021\/08\/Logo-Compuviper-10.png","width":1000,"height":500,"caption":"Compuviper"},"image":{"@id":"https:\/\/compuviper.mx\/tienda\/#\/schema\/logo\/image\/"},"sameAs":["https:\/\/www.facebook.com\/compuviper","https:\/\/www.youtube.com\/channel\/UCf73dERp9Y3cfOq7q8BhLjA?view_as=subscriber"]}]},"product_brand":"EPSON","product_price_amount":"4393","product_price_currency":"MXN","og_availability":"out of stock","product_availability":"out of stock","product_retailer_item_id":"T55K400","product_condition":"new"},"_links":{"self":[{"href":"https:\/\/compuviper.mx\/tienda\/wp-json\/wp\/v2\/product\/230481"}],"collection":[{"href":"https:\/\/compuviper.mx\/tienda\/wp-json\/wp\/v2\/product"}],"about":[{"href":"https:\/\/compuviper.mx\/tienda\/wp-json\/wp\/v2\/types\/product"}],"replies":[{"embeddable":true,"href":"https:\/\/compuviper.mx\/tienda\/wp-json\/wp\/v2\/comments?post=230481"}],"wp:featuredmedia":[{"embeddable":true,"href":"https:\/\/compuviper.mx\/tienda\/wp-json\/wp\/v2\/media\/233847"}],"wp:attachment":[{"href":"https:\/\/compuviper.mx\/tienda\/wp-json\/wp\/v2\/media?parent=230481"}],"wp:term":[{"taxonomy":"product_cat","embeddable":true,"href":"https:\/\/compuviper.mx\/tienda\/wp-json\/wp\/v2\/product_cat?post=230481"},{"taxonomy":"product_tag","embeddable":true,"href":"https:\/\/compuviper.mx\/tienda\/wp-json\/wp\/v2\/product_tag?post=230481"}],"curies":[{"name":"wp","href":"https:\/\/api.w.org\/{rel}","templated":true}]}}