{"id":230384,"date":"2026-05-01T00:09:46","date_gmt":"2026-05-01T06:09:46","guid":{"rendered":"https:\/\/compuviper.mx\/tienda\/producto\/imou-ipc-k3dn-3h0wf-camara-ip-bullet-2c-wifi-bullet-de-3-megapixeles-h-265-deteccion-de-humanos-microfono-ir-de-30-metros-lente-de-2-8-mm-ranura-micro-sd-onvif-ip67-exterior-full-colo\/"},"modified":"2026-05-01T00:09:46","modified_gmt":"2026-05-01T06:09:46","slug":"imou-ipc-k3dn-3h0wf6976391038431-camara-ip-ipc-k3dn-3h0wf-wifi-bullet-2e-3-mp-2k-bala-full-color-exterior-h-265-deteccion-de-humanos-microfono-ir-de-30-metros-lente-de-2-8","status":"publish","type":"product","link":"https:\/\/compuviper.mx\/tienda\/producto\/imou-ipc-k3dn-3h0wf6976391038431-camara-ip-ipc-k3dn-3h0wf-wifi-bullet-2e-3-mp-2k-bala-full-color-exterior-h-265-deteccion-de-humanos-microfono-ir-de-30-metros-lente-de-2-8\/","title":{"rendered":"Imou Ipc-k3dn-3h0wf,6976391038431 Camara Ip \/  \/ Ipc-k3dn-3h0wf \/ Wifi \/ Bullet 2e 3 Mp &#8211; 2k \/ Bala \/ Full Color \/ Exterior \/ H.265 \/ Deteccion De Humanos \/ Microfono \/ Ir De 30 Metros \/ Lente De 2.8 Mm \/ Ranura Micro Sd \/ Ip67 \/"},"content":{"rendered":"<table class=\"descripcion\">\n<tr>\n<td>C\u00e1mara<\/td>\n<\/tr>\n<tr>\n<td>3 megap\u00edxeles (2304\u00d71296)<\/td>\n<\/tr>\n<tr>\n<td>Vision nocturna: 30 m (98 pies)<\/td>\n<\/tr>\n<tr>\n<td> lente fija de 2,8 mm\/3,6 mm<\/td>\n<\/tr>\n<tr>\n<td>Audio video<\/td>\n<\/tr>\n<tr>\n<td>Gesti\u00f3n de avisos<\/td>\n<\/tr>\n<tr>\n<td>Compresi\u00f3n de v\u00eddeo: h.265\/h.264<\/td>\n<\/tr>\n<tr>\n<td>Velocidad de fotogramas de hasta 25\/30 fps<\/td>\n<\/tr>\n<tr>\n<td>Zoom digital 8x<\/td>\n<\/tr>\n<tr>\n<td>Microfono incorporado<\/td>\n<\/tr>\n<tr>\n<td>Deteccion de movimiento<\/td>\n<\/tr>\n<tr>\n<td>Region configurable<\/td>\n<\/tr>\n<tr>\n<td>&#8211; 1x c\u00e1mara<\/td>\n<\/tr>\n<tr>\n<td>&#8211; 1x gu\u00eda de inicio r\u00e1pido<\/td>\n<\/tr>\n<tr>\n<td>&#8211; 1x paquete de tornillos<\/td>\n<\/tr>\n<tr>\n<td>&#8211; 1 mapa de posici\u00f3n de instalaci\u00f3n<\/td>\n<\/tr>\n<tr>\n<td>Red<\/td>\n<\/tr>\n<tr>\n<td>Wi-fi: ieee802.11b\/g\/n\/ax, antena dual<\/td>\n<\/tr>\n<tr>\n<td>Onvif<\/td>\n<\/tr>\n<tr>\n<td>Interfaz auxiliar<\/td>\n<\/tr>\n<tr>\n<td>Ranura para tarjeta micro sd (hasta 512 gb)<\/td>\n<\/tr>\n<tr>\n<td>Bot\u00f3n de reinicio<\/td>\n<\/tr>\n<tr>\n<td>General<\/td>\n<\/tr>\n<tr>\n<td>Fuente de alimentaci\u00f3n cc 12v0.5a<\/td>\n<\/tr>\n<tr>\n<td>Consumo de energ\u00eda:  6w<\/td>\n<\/tr>\n<tr>\n<td>Ambiente de trabajo: -30\u00b0c~+60\u00b0c, menos del 95%rh<\/td>\n<\/tr>\n<tr>\n<td>Ce, ukca<\/td>\n<\/tr>\n<tr>\n<td>Rev 001.001http:\/\/www.imoulife.com<\/td>\n<\/tr>\n<tr>\n<td>1 puerto ethernet de 100mbps<\/td>\n<\/tr>\n<tr>\n<td>Aplicaci\u00f3n imou: ios, android<\/td>\n<\/tr>\n<tr>\n<td>Ip67<\/td>\n<\/tr>\n<tr>\n<td>&#8211; 1x adaptador de corriente<\/td>\n<\/tr>\n<tr>\n<td>Material: plostico + metal<\/td>\n<\/tr>\n<tr>\n<td>Deteccion humana<\/td>\n<\/tr>\n<tr>\n<td>Cmos progresivo de 1\/2,8\u0094 megap\u00edxeles<\/td>\n<\/tr>\n<tr>\n<td>Campo de visi\u00f3n: 2,8 mm: 98\u00b0(h), 54\u00b0(v), 121\u00b0(d)<\/td>\n<\/tr>\n<tr>\n<td>3,6 mm: 82\u00b0(h), 44\u00b0(v), 104\u00b0(d)<\/td>\n<\/tr>\n<tr>\n<td>&#8211; 1x conector impermeable<\/td>\n<\/tr>\n<tr>\n<td>Dimensiones: 165 \u00d7 90 \u00d7 73 mm (6,5 \u00d7 3,6 \u00d7 2,9 pulgadas)<\/td>\n<\/tr>\n<tr>\n<td>Peso: 280 g (0,62 libras)<\/td>\n<\/tr>\n<tr>\n<td>Versi\u00f3n no final<\/td>\n<\/tr>\n<tr>\n<td>Voz configurable<\/td>\n<\/tr>\n<\/table>\n","protected":false},"excerpt":{"rendered":"<p>Bullet 2e 3mp ofrece monitoreo en vivo de 3mp con una opci\u00f3n de lente de 2,8 mm\/3,6 mm y admite cuatro modos de visi\u00f3n nocturna para una claridad diurna incluso en plena oscuridad. La detecci\u00f3n humana te permite monitorear lo que importa sin recibir molestas alertas falsas. Con certificaci\u00f3n ip67, la c\u00e1mara se puede utilizar en exteriores bajo diferentes condiciones clim\u00e1ticas.<\/p>\n","protected":false},"featured_media":233936,"comment_status":"open","ping_status":"open","template":"","meta":[],"product_cat":[1608,1681],"product_tag":[2118],"acf":[],"yoast_head":"<!-- This site is optimized with the Yoast SEO plugin v21.7 - https:\/\/yoast.com\/wordpress\/plugins\/seo\/ -->\n<title>[ Imou ] &#129351; Ipc-k3dn-3h0wf,6976391038431 Camara Ip \/ \/ Ipc-k3dn-3h0wf \/ Wifi \/ Bullet 2e 3 Mp - 2k \/ Bala \/ Full Color \/ Exterior \/ H.265 \/ Deteccion De Humanos \/ Microfono \/ Ir De 30 Metros \/ Lente De 2.8 Mm \/ Ranura Micro Sd \/ Ip67 \/<\/title>\n<meta name=\"description\" content=\"Compra Ipc-k3dn-3h0wf,6976391038431 Camara Ip \/ \/ Ipc-k3dn-3h0wf \/ Wifi \/ Bullet 2e 3 Mp - 2k \/ Bala \/ Full Color \/ Exterior \/ H.265 \/ Deteccion De Humanos \/ Microfono \/ Ir De 30 Metros \/ Lente De 2.8 Mm \/ Ranura Micro Sd \/ Ip67 \/ + Env\u00edo a domicilio + Pago seguro + Garant\u00eda\" \/>\n<meta name=\"robots\" content=\"index, follow, max-snippet:-1, max-image-preview:large, max-video-preview:-1\" \/>\n<link rel=\"canonical\" href=\"https:\/\/compuviper.mx\/tienda\/producto\/imou-ipc-k3dn-3h0wf6976391038431-camara-ip-ipc-k3dn-3h0wf-wifi-bullet-2e-3-mp-2k-bala-full-color-exterior-h-265-deteccion-de-humanos-microfono-ir-de-30-metros-lente-de-2-8\/\" \/>\n<meta property=\"og:locale\" content=\"es_MX\" \/>\n<meta property=\"og:type\" content=\"article\" \/>\n<meta property=\"og:title\" content=\"[ Imou ] &#129351; Ipc-k3dn-3h0wf,6976391038431 Camara Ip \/ \/ Ipc-k3dn-3h0wf \/ Wifi \/ Bullet 2e 3 Mp - 2k \/ Bala \/ Full Color \/ Exterior \/ H.265 \/ Deteccion De Humanos \/ Microfono \/ Ir De 30 Metros \/ Lente De 2.8 Mm \/ Ranura Micro Sd \/ Ip67 \/\" \/>\n<meta property=\"og:description\" content=\"Compra Ipc-k3dn-3h0wf,6976391038431 Camara Ip \/ \/ Ipc-k3dn-3h0wf \/ Wifi \/ Bullet 2e 3 Mp - 2k \/ Bala \/ Full Color \/ Exterior \/ H.265 \/ Deteccion De Humanos \/ Microfono \/ Ir De 30 Metros \/ Lente De 2.8 Mm \/ Ranura Micro Sd \/ Ip67 \/ + Env\u00edo a domicilio + Pago seguro + Garant\u00eda\" \/>\n<meta property=\"og:url\" content=\"https:\/\/compuviper.mx\/tienda\/producto\/imou-ipc-k3dn-3h0wf6976391038431-camara-ip-ipc-k3dn-3h0wf-wifi-bullet-2e-3-mp-2k-bala-full-color-exterior-h-265-deteccion-de-humanos-microfono-ir-de-30-metros-lente-de-2-8\/\" \/>\n<meta property=\"og:site_name\" content=\"Compuviper\" \/>\n<meta property=\"article:publisher\" content=\"https:\/\/www.facebook.com\/compuviper\" \/>\n<meta property=\"og:image\" content=\"https:\/\/compuviper.mx\/tienda\/wp-content\/uploads\/2024\/05\/Camara-ip-imou-ipc-k3dn-3h0wf-wifi-bullet-2e-3-mp-2k-bala-full-color-exterior-h.265-deteccion-de-humanos-microfono-ir-de-30-metros-lente-de-2.8-mm-ranura-micro-sd-ip67.jpg\" \/>\n\t<meta property=\"og:image:width\" content=\"200\" \/>\n\t<meta property=\"og:image:height\" content=\"200\" \/>\n\t<meta property=\"og:image:type\" content=\"image\/jpeg\" \/>\n<meta name=\"twitter:card\" content=\"summary_large_image\" \/>\n<meta name=\"twitter:label1\" content=\"Precio\" \/>\n\t<meta name=\"twitter:data1\" content=\"&#36;473 con IVA\" \/>\n\t<meta name=\"twitter:label2\" content=\"Availability\" \/>\n\t<meta name=\"twitter:data2\" content=\"In stock\" \/>\n<script type=\"application\/ld+json\" class=\"yoast-schema-graph\">{\"@context\":\"https:\/\/schema.org\",\"@graph\":[{\"@type\":\"WebPage\",\"@id\":\"https:\/\/compuviper.mx\/tienda\/producto\/imou-ipc-k3dn-3h0wf6976391038431-camara-ip-ipc-k3dn-3h0wf-wifi-bullet-2e-3-mp-2k-bala-full-color-exterior-h-265-deteccion-de-humanos-microfono-ir-de-30-metros-lente-de-2-8\/\",\"url\":\"https:\/\/compuviper.mx\/tienda\/producto\/imou-ipc-k3dn-3h0wf6976391038431-camara-ip-ipc-k3dn-3h0wf-wifi-bullet-2e-3-mp-2k-bala-full-color-exterior-h-265-deteccion-de-humanos-microfono-ir-de-30-metros-lente-de-2-8\/\",\"name\":\"[ Imou ] &#129351; Ipc-k3dn-3h0wf,6976391038431 Camara Ip \/ \/ Ipc-k3dn-3h0wf \/ Wifi \/ Bullet 2e 3 Mp - 2k \/ Bala \/ Full Color \/ Exterior \/ H.265 \/ Deteccion De Humanos \/ Microfono \/ Ir De 30 Metros \/ Lente De 2.8 Mm \/ Ranura Micro Sd \/ Ip67 \/\",\"isPartOf\":{\"@id\":\"https:\/\/compuviper.mx\/tienda\/#website\"},\"datePublished\":\"2026-05-01T06:09:46+00:00\",\"dateModified\":\"2026-05-01T06:09:46+00:00\",\"description\":\"Compra Ipc-k3dn-3h0wf,6976391038431 Camara Ip \/ \/ Ipc-k3dn-3h0wf \/ Wifi \/ Bullet 2e 3 Mp - 2k \/ Bala \/ Full Color \/ Exterior \/ H.265 \/ Deteccion De Humanos \/ Microfono \/ Ir De 30 Metros \/ Lente De 2.8 Mm \/ Ranura Micro Sd \/ Ip67 \/ + Env\u00edo a domicilio + Pago seguro + Garant\u00eda\",\"breadcrumb\":{\"@id\":\"https:\/\/compuviper.mx\/tienda\/producto\/imou-ipc-k3dn-3h0wf6976391038431-camara-ip-ipc-k3dn-3h0wf-wifi-bullet-2e-3-mp-2k-bala-full-color-exterior-h-265-deteccion-de-humanos-microfono-ir-de-30-metros-lente-de-2-8\/#breadcrumb\"},\"inLanguage\":\"es-MX\",\"potentialAction\":[{\"@type\":\"ReadAction\",\"target\":[\"https:\/\/compuviper.mx\/tienda\/producto\/imou-ipc-k3dn-3h0wf6976391038431-camara-ip-ipc-k3dn-3h0wf-wifi-bullet-2e-3-mp-2k-bala-full-color-exterior-h-265-deteccion-de-humanos-microfono-ir-de-30-metros-lente-de-2-8\/\"]}]},{\"@type\":\"BreadcrumbList\",\"@id\":\"https:\/\/compuviper.mx\/tienda\/producto\/imou-ipc-k3dn-3h0wf6976391038431-camara-ip-ipc-k3dn-3h0wf-wifi-bullet-2e-3-mp-2k-bala-full-color-exterior-h-265-deteccion-de-humanos-microfono-ir-de-30-metros-lente-de-2-8\/#breadcrumb\",\"itemListElement\":[{\"@type\":\"ListItem\",\"position\":1,\"name\":\"Inicio\",\"item\":\"https:\/\/compuviper.mx\/tienda\/\"},{\"@type\":\"ListItem\",\"position\":2,\"name\":\"Productos\",\"item\":\"https:\/\/compuviper.mx\/tienda\/productos\/\"},{\"@type\":\"ListItem\",\"position\":3,\"name\":\"Camaras\",\"item\":\"https:\/\/compuviper.mx\/tienda\/categoria-producto\/camaras-2\/\"},{\"@type\":\"ListItem\",\"position\":4,\"name\":\"Camara De Videovigilancia\",\"item\":\"https:\/\/compuviper.mx\/tienda\/categoria-producto\/camaras-2\/camara-de-videovigilancia\/\"},{\"@type\":\"ListItem\",\"position\":5,\"name\":\"Imou Ipc-k3dn-3h0wf,6976391038431 Camara Ip \/ \/ Ipc-k3dn-3h0wf \/ Wifi \/ Bullet 2e 3 Mp &#8211; 2k \/ Bala \/ Full Color \/ Exterior \/ H.265 \/ Deteccion De Humanos \/ Microfono \/ Ir De 30 Metros \/ Lente De 2.8 Mm \/ Ranura Micro Sd \/ Ip67 \/\"}]},{\"@type\":\"WebSite\",\"@id\":\"https:\/\/compuviper.mx\/tienda\/#website\",\"url\":\"https:\/\/compuviper.mx\/tienda\/\",\"name\":\"Compuviper\",\"description\":\"Proveedor de Computadoras, Laptops, Servidores, Monitores, Puntos de Venta, Teclados,   Impresoras, T\u00f3ner, C\u00e1maras de Seguridad y m\u00e1s en tu tienda en l\u00ednea\",\"publisher\":{\"@id\":\"https:\/\/compuviper.mx\/tienda\/#organization\"},\"potentialAction\":[{\"@type\":\"SearchAction\",\"target\":{\"@type\":\"EntryPoint\",\"urlTemplate\":\"https:\/\/compuviper.mx\/tienda\/?s={search_term_string}\"},\"query-input\":\"required name=search_term_string\"}],\"inLanguage\":\"es-MX\"},{\"@type\":\"Organization\",\"@id\":\"https:\/\/compuviper.mx\/tienda\/#organization\",\"name\":\"Compuviper\",\"url\":\"https:\/\/compuviper.mx\/tienda\/\",\"logo\":{\"@type\":\"ImageObject\",\"inLanguage\":\"es-MX\",\"@id\":\"https:\/\/compuviper.mx\/tienda\/#\/schema\/logo\/image\/\",\"url\":\"https:\/\/compuviper.mx\/tienda\/wp-content\/uploads\/2021\/08\/Logo-Compuviper-10.png\",\"contentUrl\":\"https:\/\/compuviper.mx\/tienda\/wp-content\/uploads\/2021\/08\/Logo-Compuviper-10.png\",\"width\":1000,\"height\":500,\"caption\":\"Compuviper\"},\"image\":{\"@id\":\"https:\/\/compuviper.mx\/tienda\/#\/schema\/logo\/image\/\"},\"sameAs\":[\"https:\/\/www.facebook.com\/compuviper\",\"https:\/\/www.youtube.com\/channel\/UCf73dERp9Y3cfOq7q8BhLjA?view_as=subscriber\"]}]}<\/script>\n<meta property=\"product:brand\" content=\"Imou\" \/>\n<meta property=\"product:price:amount\" content=\"473\" \/>\n<meta property=\"product:price:currency\" content=\"MXN\" \/>\n<meta property=\"og:availability\" content=\"instock\" \/>\n<meta property=\"product:availability\" content=\"instock\" \/>\n<meta property=\"product:retailer_item_id\" content=\"IPC-K3DN-3H0WF,6976391038431\" \/>\n<meta property=\"product:condition\" content=\"new\" \/>\n<!-- \/ Yoast SEO plugin. -->","yoast_head_json":{"title":"[ Imou ] &#129351; Ipc-k3dn-3h0wf,6976391038431 Camara Ip \/ \/ Ipc-k3dn-3h0wf \/ Wifi \/ Bullet 2e 3 Mp - 2k \/ Bala \/ Full Color \/ Exterior \/ H.265 \/ Deteccion De Humanos \/ Microfono \/ Ir De 30 Metros \/ Lente De 2.8 Mm \/ Ranura Micro Sd \/ Ip67 \/","description":"Compra Ipc-k3dn-3h0wf,6976391038431 Camara Ip \/ \/ Ipc-k3dn-3h0wf \/ Wifi \/ Bullet 2e 3 Mp - 2k \/ Bala \/ Full Color \/ Exterior \/ H.265 \/ Deteccion De Humanos \/ Microfono \/ Ir De 30 Metros \/ Lente De 2.8 Mm \/ Ranura Micro Sd \/ Ip67 \/ + Env\u00edo a domicilio + Pago seguro + Garant\u00eda","robots":{"index":"index","follow":"follow","max-snippet":"max-snippet:-1","max-image-preview":"max-image-preview:large","max-video-preview":"max-video-preview:-1"},"canonical":"https:\/\/compuviper.mx\/tienda\/producto\/imou-ipc-k3dn-3h0wf6976391038431-camara-ip-ipc-k3dn-3h0wf-wifi-bullet-2e-3-mp-2k-bala-full-color-exterior-h-265-deteccion-de-humanos-microfono-ir-de-30-metros-lente-de-2-8\/","og_locale":"es_MX","og_type":"article","og_title":"[ Imou ] &#129351; Ipc-k3dn-3h0wf,6976391038431 Camara Ip \/ \/ Ipc-k3dn-3h0wf \/ Wifi \/ Bullet 2e 3 Mp - 2k \/ Bala \/ Full Color \/ Exterior \/ H.265 \/ Deteccion De Humanos \/ Microfono \/ Ir De 30 Metros \/ Lente De 2.8 Mm \/ Ranura Micro Sd \/ Ip67 \/","og_description":"Compra Ipc-k3dn-3h0wf,6976391038431 Camara Ip \/ \/ Ipc-k3dn-3h0wf \/ Wifi \/ Bullet 2e 3 Mp - 2k \/ Bala \/ Full Color \/ Exterior \/ H.265 \/ Deteccion De Humanos \/ Microfono \/ Ir De 30 Metros \/ Lente De 2.8 Mm \/ Ranura Micro Sd \/ Ip67 \/ + Env\u00edo a domicilio + Pago seguro + Garant\u00eda","og_url":"https:\/\/compuviper.mx\/tienda\/producto\/imou-ipc-k3dn-3h0wf6976391038431-camara-ip-ipc-k3dn-3h0wf-wifi-bullet-2e-3-mp-2k-bala-full-color-exterior-h-265-deteccion-de-humanos-microfono-ir-de-30-metros-lente-de-2-8\/","og_site_name":"Compuviper","article_publisher":"https:\/\/www.facebook.com\/compuviper","og_image":[{"width":200,"height":200,"url":"https:\/\/compuviper.mx\/tienda\/wp-content\/uploads\/2024\/05\/Camara-ip-imou-ipc-k3dn-3h0wf-wifi-bullet-2e-3-mp-2k-bala-full-color-exterior-h.265-deteccion-de-humanos-microfono-ir-de-30-metros-lente-de-2.8-mm-ranura-micro-sd-ip67.jpg","type":"image\/jpeg"}],"twitter_card":"summary_large_image","twitter_misc":{"Precio":"&#36;473 con IVA","Availability":"In stock"},"schema":{"@context":"https:\/\/schema.org","@graph":[{"@type":"WebPage","@id":"https:\/\/compuviper.mx\/tienda\/producto\/imou-ipc-k3dn-3h0wf6976391038431-camara-ip-ipc-k3dn-3h0wf-wifi-bullet-2e-3-mp-2k-bala-full-color-exterior-h-265-deteccion-de-humanos-microfono-ir-de-30-metros-lente-de-2-8\/","url":"https:\/\/compuviper.mx\/tienda\/producto\/imou-ipc-k3dn-3h0wf6976391038431-camara-ip-ipc-k3dn-3h0wf-wifi-bullet-2e-3-mp-2k-bala-full-color-exterior-h-265-deteccion-de-humanos-microfono-ir-de-30-metros-lente-de-2-8\/","name":"[ Imou ] &#129351; Ipc-k3dn-3h0wf,6976391038431 Camara Ip \/ \/ Ipc-k3dn-3h0wf \/ Wifi \/ Bullet 2e 3 Mp - 2k \/ Bala \/ Full Color \/ Exterior \/ H.265 \/ Deteccion De Humanos \/ Microfono \/ Ir De 30 Metros \/ Lente De 2.8 Mm \/ Ranura Micro Sd \/ Ip67 \/","isPartOf":{"@id":"https:\/\/compuviper.mx\/tienda\/#website"},"datePublished":"2026-05-01T06:09:46+00:00","dateModified":"2026-05-01T06:09:46+00:00","description":"Compra Ipc-k3dn-3h0wf,6976391038431 Camara Ip \/ \/ Ipc-k3dn-3h0wf \/ Wifi \/ Bullet 2e 3 Mp - 2k \/ Bala \/ Full Color \/ Exterior \/ H.265 \/ Deteccion De Humanos \/ Microfono \/ Ir De 30 Metros \/ Lente De 2.8 Mm \/ Ranura Micro Sd \/ Ip67 \/ + Env\u00edo a domicilio + Pago seguro + Garant\u00eda","breadcrumb":{"@id":"https:\/\/compuviper.mx\/tienda\/producto\/imou-ipc-k3dn-3h0wf6976391038431-camara-ip-ipc-k3dn-3h0wf-wifi-bullet-2e-3-mp-2k-bala-full-color-exterior-h-265-deteccion-de-humanos-microfono-ir-de-30-metros-lente-de-2-8\/#breadcrumb"},"inLanguage":"es-MX","potentialAction":[{"@type":"ReadAction","target":["https:\/\/compuviper.mx\/tienda\/producto\/imou-ipc-k3dn-3h0wf6976391038431-camara-ip-ipc-k3dn-3h0wf-wifi-bullet-2e-3-mp-2k-bala-full-color-exterior-h-265-deteccion-de-humanos-microfono-ir-de-30-metros-lente-de-2-8\/"]}]},{"@type":"BreadcrumbList","@id":"https:\/\/compuviper.mx\/tienda\/producto\/imou-ipc-k3dn-3h0wf6976391038431-camara-ip-ipc-k3dn-3h0wf-wifi-bullet-2e-3-mp-2k-bala-full-color-exterior-h-265-deteccion-de-humanos-microfono-ir-de-30-metros-lente-de-2-8\/#breadcrumb","itemListElement":[{"@type":"ListItem","position":1,"name":"Inicio","item":"https:\/\/compuviper.mx\/tienda\/"},{"@type":"ListItem","position":2,"name":"Productos","item":"https:\/\/compuviper.mx\/tienda\/productos\/"},{"@type":"ListItem","position":3,"name":"Camaras","item":"https:\/\/compuviper.mx\/tienda\/categoria-producto\/camaras-2\/"},{"@type":"ListItem","position":4,"name":"Camara De Videovigilancia","item":"https:\/\/compuviper.mx\/tienda\/categoria-producto\/camaras-2\/camara-de-videovigilancia\/"},{"@type":"ListItem","position":5,"name":"Imou Ipc-k3dn-3h0wf,6976391038431 Camara Ip \/ \/ Ipc-k3dn-3h0wf \/ Wifi \/ Bullet 2e 3 Mp &#8211; 2k \/ Bala \/ Full Color \/ Exterior \/ H.265 \/ Deteccion De Humanos \/ Microfono \/ Ir De 30 Metros \/ Lente De 2.8 Mm \/ Ranura Micro Sd \/ Ip67 \/"}]},{"@type":"WebSite","@id":"https:\/\/compuviper.mx\/tienda\/#website","url":"https:\/\/compuviper.mx\/tienda\/","name":"Compuviper","description":"Proveedor de Computadoras, Laptops, Servidores, Monitores, Puntos de Venta, Teclados,   Impresoras, T\u00f3ner, C\u00e1maras de Seguridad y m\u00e1s en tu tienda en l\u00ednea","publisher":{"@id":"https:\/\/compuviper.mx\/tienda\/#organization"},"potentialAction":[{"@type":"SearchAction","target":{"@type":"EntryPoint","urlTemplate":"https:\/\/compuviper.mx\/tienda\/?s={search_term_string}"},"query-input":"required name=search_term_string"}],"inLanguage":"es-MX"},{"@type":"Organization","@id":"https:\/\/compuviper.mx\/tienda\/#organization","name":"Compuviper","url":"https:\/\/compuviper.mx\/tienda\/","logo":{"@type":"ImageObject","inLanguage":"es-MX","@id":"https:\/\/compuviper.mx\/tienda\/#\/schema\/logo\/image\/","url":"https:\/\/compuviper.mx\/tienda\/wp-content\/uploads\/2021\/08\/Logo-Compuviper-10.png","contentUrl":"https:\/\/compuviper.mx\/tienda\/wp-content\/uploads\/2021\/08\/Logo-Compuviper-10.png","width":1000,"height":500,"caption":"Compuviper"},"image":{"@id":"https:\/\/compuviper.mx\/tienda\/#\/schema\/logo\/image\/"},"sameAs":["https:\/\/www.facebook.com\/compuviper","https:\/\/www.youtube.com\/channel\/UCf73dERp9Y3cfOq7q8BhLjA?view_as=subscriber"]}]},"product_brand":"Imou","product_price_amount":"473","product_price_currency":"MXN","og_availability":"instock","product_availability":"instock","product_retailer_item_id":"IPC-K3DN-3H0WF,6976391038431","product_condition":"new"},"_links":{"self":[{"href":"https:\/\/compuviper.mx\/tienda\/wp-json\/wp\/v2\/product\/230384"}],"collection":[{"href":"https:\/\/compuviper.mx\/tienda\/wp-json\/wp\/v2\/product"}],"about":[{"href":"https:\/\/compuviper.mx\/tienda\/wp-json\/wp\/v2\/types\/product"}],"replies":[{"embeddable":true,"href":"https:\/\/compuviper.mx\/tienda\/wp-json\/wp\/v2\/comments?post=230384"}],"wp:featuredmedia":[{"embeddable":true,"href":"https:\/\/compuviper.mx\/tienda\/wp-json\/wp\/v2\/media\/233936"}],"wp:attachment":[{"href":"https:\/\/compuviper.mx\/tienda\/wp-json\/wp\/v2\/media?parent=230384"}],"wp:term":[{"taxonomy":"product_cat","embeddable":true,"href":"https:\/\/compuviper.mx\/tienda\/wp-json\/wp\/v2\/product_cat?post=230384"},{"taxonomy":"product_tag","embeddable":true,"href":"https:\/\/compuviper.mx\/tienda\/wp-json\/wp\/v2\/product_tag?post=230384"}],"curies":[{"name":"wp","href":"https:\/\/api.w.org\/{rel}","templated":true}]}}