{"id":230370,"date":"2026-04-02T23:08:11","date_gmt":"2026-04-03T05:08:11","guid":{"rendered":"https:\/\/compuviper.mx\/tienda\/producto\/balam-rush-br-937429-base-enfriadora-eolox-freez-ef707-2-puertos-usb-compatible-17-plg-pantalla-lcd-6-niveles-de-velocidad-ajustable-8-niveles-7-modos-de-iluminacion-6-ventiladores\/"},"modified":"2026-04-02T23:08:11","modified_gmt":"2026-04-03T05:08:11","slug":"balam-rush-br-937429-base-enfriadora-eolox-freez-ef707-17-pulg-6-ventiladores-2x-usb-pantalla-lcd-ajustable-8-niveles-iluminacion-rgb-antiderrapante-negro","status":"publish","type":"product","link":"https:\/\/compuviper.mx\/tienda\/producto\/balam-rush-br-937429-base-enfriadora-eolox-freez-ef707-17-pulg-6-ventiladores-2x-usb-pantalla-lcd-ajustable-8-niveles-iluminacion-rgb-antiderrapante-negro\/","title":{"rendered":"Balam Rush Br-937429 Base Enfriadora  Eolox Freez Ef707 \/ 17 Pulg \/ 6 Ventiladores \/ 2x Usb \/ Pantalla Lcd \/ Ajustable 8 Niveles \/ Iluminacion Rgb \/ Antiderrapante \/ Negro \/"},"content":{"rendered":"<table class=\"descripcion\">\n<tr>\n<td>Especificaciones<\/td>\n<\/tr>\n<tr>\n<td>Producto: base enfriadora<\/td>\n<\/tr>\n<tr>\n<td>Modelo: br-937429<\/td>\n<\/tr>\n<tr>\n<td>Material: abs  malla de acero<\/td>\n<\/tr>\n<tr>\n<td>Dimensiones: 415 x 298 x 30 mm<\/td>\n<\/tr>\n<tr>\n<td>Peso: 1.07 kg<\/td>\n<\/tr>\n<tr>\n<td>Compatibilidad: laptops 17<\/td>\n<\/tr>\n<tr>\n<td>Ventiladore s: 3 pz 100 x 15 mm<\/td>\n<\/tr>\n<tr>\n<td>                             3 pz 70 x 15 mm<\/td>\n<\/tr>\n<tr>\n<td>Velocidad de  los ventiladores: 1400 &#8211; 2400 rpm<\/td>\n<\/tr>\n<tr>\n<td>Flujo de aire: 126.21 cfm<\/td>\n<\/tr>\n<tr>\n<td>Ruido: 22-25 db<\/td>\n<\/tr>\n<tr>\n<td>Ajuste de velocidad: 6 niveles<\/td>\n<\/tr>\n<tr>\n<td>Puertos: 2x usb<\/td>\n<\/tr>\n<tr>\n<td>Cable alimentador: usb a<\/td>\n<\/tr>\n<tr>\n<td>Ajustes de altura: 8 ajustes<\/td>\n<\/tr>\n<tr>\n<td>Iluminacion: led 7 modos<\/td>\n<\/tr>\n<\/table>\n","protected":false},"excerpt":{"rendered":"<p>Base enfriadora balam rush eolox freez ef707 \/ 2 puertos usb \/ tamao compatible 17 plg \/ pantalla lcd \/ 6 niveles de velocidad \/ ajustable 8 niveles \/ 7 modos de iluminacion \/ 6 ventiladores \/ br-937429<\/p>\n","protected":false},"featured_media":233815,"comment_status":"open","ping_status":"open","template":"","meta":[],"product_cat":[1485,1486],"product_tag":[2097],"acf":[],"yoast_head":"<!-- This site is optimized with the Yoast SEO plugin v21.7 - https:\/\/yoast.com\/wordpress\/plugins\/seo\/ -->\n<title>[ Balam Rush ] &#129351; Br-937429 Base Enfriadora Eolox Freez Ef707 \/ 17 Pulg \/ 6 Ventiladores \/ 2x Usb \/ Pantalla Lcd \/ Ajustable 8 Niveles \/ Iluminacion Rgb \/ Antiderrapante \/ Negro \/<\/title>\n<meta name=\"description\" content=\"Compra Br-937429 Base Enfriadora Eolox Freez Ef707 \/ 17 Pulg \/ 6 Ventiladores \/ 2x Usb \/ Pantalla Lcd \/ Ajustable 8 Niveles \/ Iluminacion Rgb \/ Antiderrapante \/ Negro \/ + Env\u00edo a domicilio + Pago seguro + Garant\u00eda\" \/>\n<meta name=\"robots\" content=\"index, follow, max-snippet:-1, max-image-preview:large, max-video-preview:-1\" \/>\n<link rel=\"canonical\" href=\"https:\/\/compuviper.mx\/tienda\/producto\/balam-rush-br-937429-base-enfriadora-eolox-freez-ef707-17-pulg-6-ventiladores-2x-usb-pantalla-lcd-ajustable-8-niveles-iluminacion-rgb-antiderrapante-negro\/\" \/>\n<meta property=\"og:locale\" content=\"es_MX\" \/>\n<meta property=\"og:type\" content=\"article\" \/>\n<meta property=\"og:title\" content=\"[ Balam Rush ] &#129351; Br-937429 Base Enfriadora Eolox Freez Ef707 \/ 17 Pulg \/ 6 Ventiladores \/ 2x Usb \/ Pantalla Lcd \/ Ajustable 8 Niveles \/ Iluminacion Rgb \/ Antiderrapante \/ Negro \/\" \/>\n<meta property=\"og:description\" content=\"Compra Br-937429 Base Enfriadora Eolox Freez Ef707 \/ 17 Pulg \/ 6 Ventiladores \/ 2x Usb \/ Pantalla Lcd \/ Ajustable 8 Niveles \/ Iluminacion Rgb \/ Antiderrapante \/ Negro \/ + Env\u00edo a domicilio + Pago seguro + Garant\u00eda\" \/>\n<meta property=\"og:url\" content=\"https:\/\/compuviper.mx\/tienda\/producto\/balam-rush-br-937429-base-enfriadora-eolox-freez-ef707-17-pulg-6-ventiladores-2x-usb-pantalla-lcd-ajustable-8-niveles-iluminacion-rgb-antiderrapante-negro\/\" \/>\n<meta property=\"og:site_name\" content=\"Compuviper\" \/>\n<meta property=\"article:publisher\" content=\"https:\/\/www.facebook.com\/compuviper\" \/>\n<meta property=\"og:image\" content=\"https:\/\/compuviper.mx\/tienda\/wp-content\/uploads\/2024\/05\/Base-enfriadora-balam-rush-eolox-freez-ef707-17-pulg-6-ventiladores-2x-usb-pantalla-lcd-ajustable-8-niveles-iluminacion-rgb-antiderrapante-negro-br-937429.jpg\" \/>\n\t<meta property=\"og:image:width\" content=\"200\" \/>\n\t<meta property=\"og:image:height\" content=\"200\" \/>\n\t<meta property=\"og:image:type\" content=\"image\/jpeg\" \/>\n<meta name=\"twitter:card\" content=\"summary_large_image\" \/>\n<meta name=\"twitter:label1\" content=\"Precio\" \/>\n\t<meta name=\"twitter:data1\" content=\"&#36;429 con IVA\" \/>\n\t<meta name=\"twitter:label2\" content=\"Availability\" \/>\n\t<meta name=\"twitter:data2\" content=\"In stock\" \/>\n<script type=\"application\/ld+json\" class=\"yoast-schema-graph\">{\"@context\":\"https:\/\/schema.org\",\"@graph\":[{\"@type\":\"WebPage\",\"@id\":\"https:\/\/compuviper.mx\/tienda\/producto\/balam-rush-br-937429-base-enfriadora-eolox-freez-ef707-17-pulg-6-ventiladores-2x-usb-pantalla-lcd-ajustable-8-niveles-iluminacion-rgb-antiderrapante-negro\/\",\"url\":\"https:\/\/compuviper.mx\/tienda\/producto\/balam-rush-br-937429-base-enfriadora-eolox-freez-ef707-17-pulg-6-ventiladores-2x-usb-pantalla-lcd-ajustable-8-niveles-iluminacion-rgb-antiderrapante-negro\/\",\"name\":\"[ Balam Rush ] &#129351; Br-937429 Base Enfriadora Eolox Freez Ef707 \/ 17 Pulg \/ 6 Ventiladores \/ 2x Usb \/ Pantalla Lcd \/ Ajustable 8 Niveles \/ Iluminacion Rgb \/ Antiderrapante \/ Negro \/\",\"isPartOf\":{\"@id\":\"https:\/\/compuviper.mx\/tienda\/#website\"},\"datePublished\":\"2026-04-03T05:08:11+00:00\",\"dateModified\":\"2026-04-03T05:08:11+00:00\",\"description\":\"Compra Br-937429 Base Enfriadora Eolox Freez Ef707 \/ 17 Pulg \/ 6 Ventiladores \/ 2x Usb \/ Pantalla Lcd \/ Ajustable 8 Niveles \/ Iluminacion Rgb \/ Antiderrapante \/ Negro \/ + Env\u00edo a domicilio + Pago seguro + Garant\u00eda\",\"breadcrumb\":{\"@id\":\"https:\/\/compuviper.mx\/tienda\/producto\/balam-rush-br-937429-base-enfriadora-eolox-freez-ef707-17-pulg-6-ventiladores-2x-usb-pantalla-lcd-ajustable-8-niveles-iluminacion-rgb-antiderrapante-negro\/#breadcrumb\"},\"inLanguage\":\"es-MX\",\"potentialAction\":[{\"@type\":\"ReadAction\",\"target\":[\"https:\/\/compuviper.mx\/tienda\/producto\/balam-rush-br-937429-base-enfriadora-eolox-freez-ef707-17-pulg-6-ventiladores-2x-usb-pantalla-lcd-ajustable-8-niveles-iluminacion-rgb-antiderrapante-negro\/\"]}]},{\"@type\":\"BreadcrumbList\",\"@id\":\"https:\/\/compuviper.mx\/tienda\/producto\/balam-rush-br-937429-base-enfriadora-eolox-freez-ef707-17-pulg-6-ventiladores-2x-usb-pantalla-lcd-ajustable-8-niveles-iluminacion-rgb-antiderrapante-negro\/#breadcrumb\",\"itemListElement\":[{\"@type\":\"ListItem\",\"position\":1,\"name\":\"Inicio\",\"item\":\"https:\/\/compuviper.mx\/tienda\/\"},{\"@type\":\"ListItem\",\"position\":2,\"name\":\"Productos\",\"item\":\"https:\/\/compuviper.mx\/tienda\/productos\/\"},{\"@type\":\"ListItem\",\"position\":3,\"name\":\"Accesorios\",\"item\":\"https:\/\/compuviper.mx\/tienda\/categoria-producto\/accesorios\/\"},{\"@type\":\"ListItem\",\"position\":4,\"name\":\"Portatil\",\"item\":\"https:\/\/compuviper.mx\/tienda\/categoria-producto\/accesorios\/portatil\/\"},{\"@type\":\"ListItem\",\"position\":5,\"name\":\"Balam Rush Br-937429 Base Enfriadora Eolox Freez Ef707 \/ 17 Pulg \/ 6 Ventiladores \/ 2x Usb \/ Pantalla Lcd \/ Ajustable 8 Niveles \/ Iluminacion Rgb \/ Antiderrapante \/ Negro \/\"}]},{\"@type\":\"WebSite\",\"@id\":\"https:\/\/compuviper.mx\/tienda\/#website\",\"url\":\"https:\/\/compuviper.mx\/tienda\/\",\"name\":\"Compuviper\",\"description\":\"Proveedor de Computadoras, Laptops, Servidores, Monitores, Puntos de Venta, Teclados,   Impresoras, T\u00f3ner, C\u00e1maras de Seguridad y m\u00e1s en tu tienda en l\u00ednea\",\"publisher\":{\"@id\":\"https:\/\/compuviper.mx\/tienda\/#organization\"},\"potentialAction\":[{\"@type\":\"SearchAction\",\"target\":{\"@type\":\"EntryPoint\",\"urlTemplate\":\"https:\/\/compuviper.mx\/tienda\/?s={search_term_string}\"},\"query-input\":\"required name=search_term_string\"}],\"inLanguage\":\"es-MX\"},{\"@type\":\"Organization\",\"@id\":\"https:\/\/compuviper.mx\/tienda\/#organization\",\"name\":\"Compuviper\",\"url\":\"https:\/\/compuviper.mx\/tienda\/\",\"logo\":{\"@type\":\"ImageObject\",\"inLanguage\":\"es-MX\",\"@id\":\"https:\/\/compuviper.mx\/tienda\/#\/schema\/logo\/image\/\",\"url\":\"https:\/\/compuviper.mx\/tienda\/wp-content\/uploads\/2021\/08\/Logo-Compuviper-10.png\",\"contentUrl\":\"https:\/\/compuviper.mx\/tienda\/wp-content\/uploads\/2021\/08\/Logo-Compuviper-10.png\",\"width\":1000,\"height\":500,\"caption\":\"Compuviper\"},\"image\":{\"@id\":\"https:\/\/compuviper.mx\/tienda\/#\/schema\/logo\/image\/\"},\"sameAs\":[\"https:\/\/www.facebook.com\/compuviper\",\"https:\/\/www.youtube.com\/channel\/UCf73dERp9Y3cfOq7q8BhLjA?view_as=subscriber\"]}]}<\/script>\n<meta property=\"product:brand\" content=\"Balam Rush\" \/>\n<meta property=\"product:price:amount\" content=\"429\" \/>\n<meta property=\"product:price:currency\" content=\"MXN\" \/>\n<meta property=\"og:availability\" content=\"instock\" \/>\n<meta property=\"product:availability\" content=\"instock\" \/>\n<meta property=\"product:retailer_item_id\" content=\"BR-937429\" \/>\n<meta property=\"product:condition\" content=\"new\" \/>\n<!-- \/ Yoast SEO plugin. -->","yoast_head_json":{"title":"[ Balam Rush ] &#129351; Br-937429 Base Enfriadora Eolox Freez Ef707 \/ 17 Pulg \/ 6 Ventiladores \/ 2x Usb \/ Pantalla Lcd \/ Ajustable 8 Niveles \/ Iluminacion Rgb \/ Antiderrapante \/ Negro \/","description":"Compra Br-937429 Base Enfriadora Eolox Freez Ef707 \/ 17 Pulg \/ 6 Ventiladores \/ 2x Usb \/ Pantalla Lcd \/ Ajustable 8 Niveles \/ Iluminacion Rgb \/ Antiderrapante \/ Negro \/ + Env\u00edo a domicilio + Pago seguro + Garant\u00eda","robots":{"index":"index","follow":"follow","max-snippet":"max-snippet:-1","max-image-preview":"max-image-preview:large","max-video-preview":"max-video-preview:-1"},"canonical":"https:\/\/compuviper.mx\/tienda\/producto\/balam-rush-br-937429-base-enfriadora-eolox-freez-ef707-17-pulg-6-ventiladores-2x-usb-pantalla-lcd-ajustable-8-niveles-iluminacion-rgb-antiderrapante-negro\/","og_locale":"es_MX","og_type":"article","og_title":"[ Balam Rush ] &#129351; Br-937429 Base Enfriadora Eolox Freez Ef707 \/ 17 Pulg \/ 6 Ventiladores \/ 2x Usb \/ Pantalla Lcd \/ Ajustable 8 Niveles \/ Iluminacion Rgb \/ Antiderrapante \/ Negro \/","og_description":"Compra Br-937429 Base Enfriadora Eolox Freez Ef707 \/ 17 Pulg \/ 6 Ventiladores \/ 2x Usb \/ Pantalla Lcd \/ Ajustable 8 Niveles \/ Iluminacion Rgb \/ Antiderrapante \/ Negro \/ + Env\u00edo a domicilio + Pago seguro + Garant\u00eda","og_url":"https:\/\/compuviper.mx\/tienda\/producto\/balam-rush-br-937429-base-enfriadora-eolox-freez-ef707-17-pulg-6-ventiladores-2x-usb-pantalla-lcd-ajustable-8-niveles-iluminacion-rgb-antiderrapante-negro\/","og_site_name":"Compuviper","article_publisher":"https:\/\/www.facebook.com\/compuviper","og_image":[{"width":200,"height":200,"url":"https:\/\/compuviper.mx\/tienda\/wp-content\/uploads\/2024\/05\/Base-enfriadora-balam-rush-eolox-freez-ef707-17-pulg-6-ventiladores-2x-usb-pantalla-lcd-ajustable-8-niveles-iluminacion-rgb-antiderrapante-negro-br-937429.jpg","type":"image\/jpeg"}],"twitter_card":"summary_large_image","twitter_misc":{"Precio":"&#36;429 con IVA","Availability":"In stock"},"schema":{"@context":"https:\/\/schema.org","@graph":[{"@type":"WebPage","@id":"https:\/\/compuviper.mx\/tienda\/producto\/balam-rush-br-937429-base-enfriadora-eolox-freez-ef707-17-pulg-6-ventiladores-2x-usb-pantalla-lcd-ajustable-8-niveles-iluminacion-rgb-antiderrapante-negro\/","url":"https:\/\/compuviper.mx\/tienda\/producto\/balam-rush-br-937429-base-enfriadora-eolox-freez-ef707-17-pulg-6-ventiladores-2x-usb-pantalla-lcd-ajustable-8-niveles-iluminacion-rgb-antiderrapante-negro\/","name":"[ Balam Rush ] &#129351; Br-937429 Base Enfriadora Eolox Freez Ef707 \/ 17 Pulg \/ 6 Ventiladores \/ 2x Usb \/ Pantalla Lcd \/ Ajustable 8 Niveles \/ Iluminacion Rgb \/ Antiderrapante \/ Negro \/","isPartOf":{"@id":"https:\/\/compuviper.mx\/tienda\/#website"},"datePublished":"2026-04-03T05:08:11+00:00","dateModified":"2026-04-03T05:08:11+00:00","description":"Compra Br-937429 Base Enfriadora Eolox Freez Ef707 \/ 17 Pulg \/ 6 Ventiladores \/ 2x Usb \/ Pantalla Lcd \/ Ajustable 8 Niveles \/ Iluminacion Rgb \/ Antiderrapante \/ Negro \/ + Env\u00edo a domicilio + Pago seguro + Garant\u00eda","breadcrumb":{"@id":"https:\/\/compuviper.mx\/tienda\/producto\/balam-rush-br-937429-base-enfriadora-eolox-freez-ef707-17-pulg-6-ventiladores-2x-usb-pantalla-lcd-ajustable-8-niveles-iluminacion-rgb-antiderrapante-negro\/#breadcrumb"},"inLanguage":"es-MX","potentialAction":[{"@type":"ReadAction","target":["https:\/\/compuviper.mx\/tienda\/producto\/balam-rush-br-937429-base-enfriadora-eolox-freez-ef707-17-pulg-6-ventiladores-2x-usb-pantalla-lcd-ajustable-8-niveles-iluminacion-rgb-antiderrapante-negro\/"]}]},{"@type":"BreadcrumbList","@id":"https:\/\/compuviper.mx\/tienda\/producto\/balam-rush-br-937429-base-enfriadora-eolox-freez-ef707-17-pulg-6-ventiladores-2x-usb-pantalla-lcd-ajustable-8-niveles-iluminacion-rgb-antiderrapante-negro\/#breadcrumb","itemListElement":[{"@type":"ListItem","position":1,"name":"Inicio","item":"https:\/\/compuviper.mx\/tienda\/"},{"@type":"ListItem","position":2,"name":"Productos","item":"https:\/\/compuviper.mx\/tienda\/productos\/"},{"@type":"ListItem","position":3,"name":"Accesorios","item":"https:\/\/compuviper.mx\/tienda\/categoria-producto\/accesorios\/"},{"@type":"ListItem","position":4,"name":"Portatil","item":"https:\/\/compuviper.mx\/tienda\/categoria-producto\/accesorios\/portatil\/"},{"@type":"ListItem","position":5,"name":"Balam Rush Br-937429 Base Enfriadora Eolox Freez Ef707 \/ 17 Pulg \/ 6 Ventiladores \/ 2x Usb \/ Pantalla Lcd \/ Ajustable 8 Niveles \/ Iluminacion Rgb \/ Antiderrapante \/ Negro \/"}]},{"@type":"WebSite","@id":"https:\/\/compuviper.mx\/tienda\/#website","url":"https:\/\/compuviper.mx\/tienda\/","name":"Compuviper","description":"Proveedor de Computadoras, Laptops, Servidores, Monitores, Puntos de Venta, Teclados,   Impresoras, T\u00f3ner, C\u00e1maras de Seguridad y m\u00e1s en tu tienda en l\u00ednea","publisher":{"@id":"https:\/\/compuviper.mx\/tienda\/#organization"},"potentialAction":[{"@type":"SearchAction","target":{"@type":"EntryPoint","urlTemplate":"https:\/\/compuviper.mx\/tienda\/?s={search_term_string}"},"query-input":"required name=search_term_string"}],"inLanguage":"es-MX"},{"@type":"Organization","@id":"https:\/\/compuviper.mx\/tienda\/#organization","name":"Compuviper","url":"https:\/\/compuviper.mx\/tienda\/","logo":{"@type":"ImageObject","inLanguage":"es-MX","@id":"https:\/\/compuviper.mx\/tienda\/#\/schema\/logo\/image\/","url":"https:\/\/compuviper.mx\/tienda\/wp-content\/uploads\/2021\/08\/Logo-Compuviper-10.png","contentUrl":"https:\/\/compuviper.mx\/tienda\/wp-content\/uploads\/2021\/08\/Logo-Compuviper-10.png","width":1000,"height":500,"caption":"Compuviper"},"image":{"@id":"https:\/\/compuviper.mx\/tienda\/#\/schema\/logo\/image\/"},"sameAs":["https:\/\/www.facebook.com\/compuviper","https:\/\/www.youtube.com\/channel\/UCf73dERp9Y3cfOq7q8BhLjA?view_as=subscriber"]}]},"product_brand":"Balam Rush","product_price_amount":"429","product_price_currency":"MXN","og_availability":"instock","product_availability":"instock","product_retailer_item_id":"BR-937429","product_condition":"new"},"_links":{"self":[{"href":"https:\/\/compuviper.mx\/tienda\/wp-json\/wp\/v2\/product\/230370"}],"collection":[{"href":"https:\/\/compuviper.mx\/tienda\/wp-json\/wp\/v2\/product"}],"about":[{"href":"https:\/\/compuviper.mx\/tienda\/wp-json\/wp\/v2\/types\/product"}],"replies":[{"embeddable":true,"href":"https:\/\/compuviper.mx\/tienda\/wp-json\/wp\/v2\/comments?post=230370"}],"wp:featuredmedia":[{"embeddable":true,"href":"https:\/\/compuviper.mx\/tienda\/wp-json\/wp\/v2\/media\/233815"}],"wp:attachment":[{"href":"https:\/\/compuviper.mx\/tienda\/wp-json\/wp\/v2\/media?parent=230370"}],"wp:term":[{"taxonomy":"product_cat","embeddable":true,"href":"https:\/\/compuviper.mx\/tienda\/wp-json\/wp\/v2\/product_cat?post=230370"},{"taxonomy":"product_tag","embeddable":true,"href":"https:\/\/compuviper.mx\/tienda\/wp-json\/wp\/v2\/product_tag?post=230370"}],"curies":[{"name":"wp","href":"https:\/\/api.w.org\/{rel}","templated":true}]}}