{"id":230357,"date":"2026-04-01T23:11:49","date_gmt":"2026-04-02T05:11:49","guid":{"rendered":"https:\/\/compuviper.mx\/tienda\/producto\/acteck-ac-937191-cargador-universal-energon-roam-cu494-para-computadora-salida-90-w-adaptador-12-conectores\/"},"modified":"2026-04-01T23:11:49","modified_gmt":"2026-04-02T05:11:49","slug":"acteck-ac-9371917506215937191-cargador-universal-energon-roam-cu494-para-laptop-salida-90-w-adaptador-12-conectores-ac-937191","status":"publish","type":"product","link":"https:\/\/compuviper.mx\/tienda\/producto\/acteck-ac-9371917506215937191-cargador-universal-energon-roam-cu494-para-laptop-salida-90-w-adaptador-12-conectores-ac-937191\/","title":{"rendered":"Acteck Ac-937191,7506215937191 Cargador Universal  Energon Roam Cu494 \/ Para Laptop \/ Salida 90 W \/ Adaptador \/ 12 Conectores \/ Ac-937191"},"content":{"rendered":"<table class=\"descripcion\">\n<tr>\n<td>Especificaciones<\/td>\n<\/tr>\n<tr>\n<td>Producto: adaptador multivoltaje<\/td>\n<\/tr>\n<tr>\n<td>Modelo: ac-937191<\/td>\n<\/tr>\n<tr>\n<td>Color: negro<\/td>\n<\/tr>\n<tr>\n<td>Material: abs<\/td>\n<\/tr>\n<tr>\n<td>Dimensiones: abs<\/td>\n<\/tr>\n<tr>\n<td>130 x 55 x 30 mm  2.8 m de cable<\/td>\n<\/tr>\n<tr>\n<td>Peso: 532 g<\/td>\n<\/tr>\n<tr>\n<td>Caractersticas elctricas<\/td>\n<\/tr>\n<tr>\n<td>Entrada:: 110 v~ &#8211; 240 v~ 50 \/ 60 hz 1.8 a 90 w<\/td>\n<\/tr>\n<tr>\n<td>Salida::<\/td>\n<\/tr>\n<tr>\n<td>15 vc.c. 6 a<\/td>\n<\/tr>\n<tr>\n<td>16 vc.c. 5.6 a<\/td>\n<\/tr>\n<tr>\n<td>19 vc.c. 4.7 a<\/td>\n<\/tr>\n<tr>\n<td>19.5 vc.c. 4.6 a<\/td>\n<\/tr>\n<tr>\n<td>20 vc.c. 4.5 a<\/td>\n<\/tr>\n<\/table>\n","protected":false},"excerpt":{"rendered":"<p>Cargador universal acteck energon roam cu494 \/ para computadora \/ salida 90 w \/ adaptador \/ 12 conectores \/ ac-937191<\/p>\n","protected":false},"featured_media":233711,"comment_status":"open","ping_status":"open","template":"","meta":[],"product_cat":[1485,1871],"product_tag":[1582],"acf":[],"yoast_head":"<!-- This site is optimized with the Yoast SEO plugin v21.7 - https:\/\/yoast.com\/wordpress\/plugins\/seo\/ -->\n<title>[ Acteck ] &#129351; Ac-937191,7506215937191 Cargador Universal Energon Roam Cu494 \/ Para Laptop \/ Salida 90 W \/ Adaptador \/ 12 Conectores \/ Ac-937191<\/title>\n<meta name=\"description\" content=\"Compra Ac-937191,7506215937191 Cargador Universal Energon Roam Cu494 \/ Para Laptop \/ Salida 90 W \/ Adaptador \/ 12 Conectores \/ Ac-937191 + Env\u00edo a domicilio + Pago seguro + Garant\u00eda\" \/>\n<meta name=\"robots\" content=\"index, follow, max-snippet:-1, max-image-preview:large, max-video-preview:-1\" \/>\n<link rel=\"canonical\" href=\"https:\/\/compuviper.mx\/tienda\/producto\/acteck-ac-9371917506215937191-cargador-universal-energon-roam-cu494-para-laptop-salida-90-w-adaptador-12-conectores-ac-937191\/\" \/>\n<meta property=\"og:locale\" content=\"es_MX\" \/>\n<meta property=\"og:type\" content=\"article\" \/>\n<meta property=\"og:title\" content=\"[ Acteck ] &#129351; Ac-937191,7506215937191 Cargador Universal Energon Roam Cu494 \/ Para Laptop \/ Salida 90 W \/ Adaptador \/ 12 Conectores \/ Ac-937191\" \/>\n<meta property=\"og:description\" content=\"Compra Ac-937191,7506215937191 Cargador Universal Energon Roam Cu494 \/ Para Laptop \/ Salida 90 W \/ Adaptador \/ 12 Conectores \/ Ac-937191 + Env\u00edo a domicilio + Pago seguro + Garant\u00eda\" \/>\n<meta property=\"og:url\" content=\"https:\/\/compuviper.mx\/tienda\/producto\/acteck-ac-9371917506215937191-cargador-universal-energon-roam-cu494-para-laptop-salida-90-w-adaptador-12-conectores-ac-937191\/\" \/>\n<meta property=\"og:site_name\" content=\"Compuviper\" \/>\n<meta property=\"article:publisher\" content=\"https:\/\/www.facebook.com\/compuviper\" \/>\n<meta property=\"og:image\" content=\"https:\/\/compuviper.mx\/tienda\/wp-content\/uploads\/2024\/05\/Cargador-universal-acteck-energon-roam-cu494-para-laptop-salida-90-w-adaptador-12-conectores-ac-937191.jpg\" \/>\n\t<meta property=\"og:image:width\" content=\"200\" \/>\n\t<meta property=\"og:image:height\" content=\"200\" \/>\n\t<meta property=\"og:image:type\" content=\"image\/jpeg\" \/>\n<meta name=\"twitter:card\" content=\"summary_large_image\" \/>\n<meta name=\"twitter:label1\" content=\"Precio\" \/>\n\t<meta name=\"twitter:data1\" content=\"&#36;331 con IVA\" \/>\n\t<meta name=\"twitter:label2\" content=\"Availability\" \/>\n\t<meta name=\"twitter:data2\" content=\"In stock\" \/>\n<script type=\"application\/ld+json\" class=\"yoast-schema-graph\">{\"@context\":\"https:\/\/schema.org\",\"@graph\":[{\"@type\":\"WebPage\",\"@id\":\"https:\/\/compuviper.mx\/tienda\/producto\/acteck-ac-9371917506215937191-cargador-universal-energon-roam-cu494-para-laptop-salida-90-w-adaptador-12-conectores-ac-937191\/\",\"url\":\"https:\/\/compuviper.mx\/tienda\/producto\/acteck-ac-9371917506215937191-cargador-universal-energon-roam-cu494-para-laptop-salida-90-w-adaptador-12-conectores-ac-937191\/\",\"name\":\"[ Acteck ] &#129351; Ac-937191,7506215937191 Cargador Universal Energon Roam Cu494 \/ Para Laptop \/ Salida 90 W \/ Adaptador \/ 12 Conectores \/ Ac-937191\",\"isPartOf\":{\"@id\":\"https:\/\/compuviper.mx\/tienda\/#website\"},\"datePublished\":\"2026-04-02T05:11:49+00:00\",\"dateModified\":\"2026-04-02T05:11:49+00:00\",\"description\":\"Compra Ac-937191,7506215937191 Cargador Universal Energon Roam Cu494 \/ Para Laptop \/ Salida 90 W \/ Adaptador \/ 12 Conectores \/ Ac-937191 + Env\u00edo a domicilio + Pago seguro + Garant\u00eda\",\"breadcrumb\":{\"@id\":\"https:\/\/compuviper.mx\/tienda\/producto\/acteck-ac-9371917506215937191-cargador-universal-energon-roam-cu494-para-laptop-salida-90-w-adaptador-12-conectores-ac-937191\/#breadcrumb\"},\"inLanguage\":\"es-MX\",\"potentialAction\":[{\"@type\":\"ReadAction\",\"target\":[\"https:\/\/compuviper.mx\/tienda\/producto\/acteck-ac-9371917506215937191-cargador-universal-energon-roam-cu494-para-laptop-salida-90-w-adaptador-12-conectores-ac-937191\/\"]}]},{\"@type\":\"BreadcrumbList\",\"@id\":\"https:\/\/compuviper.mx\/tienda\/producto\/acteck-ac-9371917506215937191-cargador-universal-energon-roam-cu494-para-laptop-salida-90-w-adaptador-12-conectores-ac-937191\/#breadcrumb\",\"itemListElement\":[{\"@type\":\"ListItem\",\"position\":1,\"name\":\"Inicio\",\"item\":\"https:\/\/compuviper.mx\/tienda\/\"},{\"@type\":\"ListItem\",\"position\":2,\"name\":\"Productos\",\"item\":\"https:\/\/compuviper.mx\/tienda\/productos\/\"},{\"@type\":\"ListItem\",\"position\":3,\"name\":\"Accesorios\",\"item\":\"https:\/\/compuviper.mx\/tienda\/categoria-producto\/accesorios\/\"},{\"@type\":\"ListItem\",\"position\":4,\"name\":\"Cargador De Pared\",\"item\":\"https:\/\/compuviper.mx\/tienda\/categoria-producto\/accesorios\/cargador-de-pared\/\"},{\"@type\":\"ListItem\",\"position\":5,\"name\":\"Acteck Ac-937191,7506215937191 Cargador Universal Energon Roam Cu494 \/ Para Laptop \/ Salida 90 W \/ Adaptador \/ 12 Conectores \/ Ac-937191\"}]},{\"@type\":\"WebSite\",\"@id\":\"https:\/\/compuviper.mx\/tienda\/#website\",\"url\":\"https:\/\/compuviper.mx\/tienda\/\",\"name\":\"Compuviper\",\"description\":\"Proveedor de Computadoras, Laptops, Servidores, Monitores, Puntos de Venta, Teclados,   Impresoras, T\u00f3ner, C\u00e1maras de Seguridad y m\u00e1s en tu tienda en l\u00ednea\",\"publisher\":{\"@id\":\"https:\/\/compuviper.mx\/tienda\/#organization\"},\"potentialAction\":[{\"@type\":\"SearchAction\",\"target\":{\"@type\":\"EntryPoint\",\"urlTemplate\":\"https:\/\/compuviper.mx\/tienda\/?s={search_term_string}\"},\"query-input\":\"required name=search_term_string\"}],\"inLanguage\":\"es-MX\"},{\"@type\":\"Organization\",\"@id\":\"https:\/\/compuviper.mx\/tienda\/#organization\",\"name\":\"Compuviper\",\"url\":\"https:\/\/compuviper.mx\/tienda\/\",\"logo\":{\"@type\":\"ImageObject\",\"inLanguage\":\"es-MX\",\"@id\":\"https:\/\/compuviper.mx\/tienda\/#\/schema\/logo\/image\/\",\"url\":\"https:\/\/compuviper.mx\/tienda\/wp-content\/uploads\/2021\/08\/Logo-Compuviper-10.png\",\"contentUrl\":\"https:\/\/compuviper.mx\/tienda\/wp-content\/uploads\/2021\/08\/Logo-Compuviper-10.png\",\"width\":1000,\"height\":500,\"caption\":\"Compuviper\"},\"image\":{\"@id\":\"https:\/\/compuviper.mx\/tienda\/#\/schema\/logo\/image\/\"},\"sameAs\":[\"https:\/\/www.facebook.com\/compuviper\",\"https:\/\/www.youtube.com\/channel\/UCf73dERp9Y3cfOq7q8BhLjA?view_as=subscriber\"]}]}<\/script>\n<meta property=\"product:brand\" content=\"ACTECK\" \/>\n<meta property=\"product:price:amount\" content=\"331\" \/>\n<meta property=\"product:price:currency\" content=\"MXN\" \/>\n<meta property=\"og:availability\" content=\"instock\" \/>\n<meta property=\"product:availability\" content=\"instock\" \/>\n<meta property=\"product:retailer_item_id\" content=\"AC-937191,7506215937191\" \/>\n<meta property=\"product:condition\" content=\"new\" \/>\n<!-- \/ Yoast SEO plugin. -->","yoast_head_json":{"title":"[ Acteck ] &#129351; Ac-937191,7506215937191 Cargador Universal Energon Roam Cu494 \/ Para Laptop \/ Salida 90 W \/ Adaptador \/ 12 Conectores \/ Ac-937191","description":"Compra Ac-937191,7506215937191 Cargador Universal Energon Roam Cu494 \/ Para Laptop \/ Salida 90 W \/ Adaptador \/ 12 Conectores \/ Ac-937191 + Env\u00edo a domicilio + Pago seguro + Garant\u00eda","robots":{"index":"index","follow":"follow","max-snippet":"max-snippet:-1","max-image-preview":"max-image-preview:large","max-video-preview":"max-video-preview:-1"},"canonical":"https:\/\/compuviper.mx\/tienda\/producto\/acteck-ac-9371917506215937191-cargador-universal-energon-roam-cu494-para-laptop-salida-90-w-adaptador-12-conectores-ac-937191\/","og_locale":"es_MX","og_type":"article","og_title":"[ Acteck ] &#129351; Ac-937191,7506215937191 Cargador Universal Energon Roam Cu494 \/ Para Laptop \/ Salida 90 W \/ Adaptador \/ 12 Conectores \/ Ac-937191","og_description":"Compra Ac-937191,7506215937191 Cargador Universal Energon Roam Cu494 \/ Para Laptop \/ Salida 90 W \/ Adaptador \/ 12 Conectores \/ Ac-937191 + Env\u00edo a domicilio + Pago seguro + Garant\u00eda","og_url":"https:\/\/compuviper.mx\/tienda\/producto\/acteck-ac-9371917506215937191-cargador-universal-energon-roam-cu494-para-laptop-salida-90-w-adaptador-12-conectores-ac-937191\/","og_site_name":"Compuviper","article_publisher":"https:\/\/www.facebook.com\/compuviper","og_image":[{"width":200,"height":200,"url":"https:\/\/compuviper.mx\/tienda\/wp-content\/uploads\/2024\/05\/Cargador-universal-acteck-energon-roam-cu494-para-laptop-salida-90-w-adaptador-12-conectores-ac-937191.jpg","type":"image\/jpeg"}],"twitter_card":"summary_large_image","twitter_misc":{"Precio":"&#36;331 con IVA","Availability":"In stock"},"schema":{"@context":"https:\/\/schema.org","@graph":[{"@type":"WebPage","@id":"https:\/\/compuviper.mx\/tienda\/producto\/acteck-ac-9371917506215937191-cargador-universal-energon-roam-cu494-para-laptop-salida-90-w-adaptador-12-conectores-ac-937191\/","url":"https:\/\/compuviper.mx\/tienda\/producto\/acteck-ac-9371917506215937191-cargador-universal-energon-roam-cu494-para-laptop-salida-90-w-adaptador-12-conectores-ac-937191\/","name":"[ Acteck ] &#129351; Ac-937191,7506215937191 Cargador Universal Energon Roam Cu494 \/ Para Laptop \/ Salida 90 W \/ Adaptador \/ 12 Conectores \/ Ac-937191","isPartOf":{"@id":"https:\/\/compuviper.mx\/tienda\/#website"},"datePublished":"2026-04-02T05:11:49+00:00","dateModified":"2026-04-02T05:11:49+00:00","description":"Compra Ac-937191,7506215937191 Cargador Universal Energon Roam Cu494 \/ Para Laptop \/ Salida 90 W \/ Adaptador \/ 12 Conectores \/ Ac-937191 + Env\u00edo a domicilio + Pago seguro + Garant\u00eda","breadcrumb":{"@id":"https:\/\/compuviper.mx\/tienda\/producto\/acteck-ac-9371917506215937191-cargador-universal-energon-roam-cu494-para-laptop-salida-90-w-adaptador-12-conectores-ac-937191\/#breadcrumb"},"inLanguage":"es-MX","potentialAction":[{"@type":"ReadAction","target":["https:\/\/compuviper.mx\/tienda\/producto\/acteck-ac-9371917506215937191-cargador-universal-energon-roam-cu494-para-laptop-salida-90-w-adaptador-12-conectores-ac-937191\/"]}]},{"@type":"BreadcrumbList","@id":"https:\/\/compuviper.mx\/tienda\/producto\/acteck-ac-9371917506215937191-cargador-universal-energon-roam-cu494-para-laptop-salida-90-w-adaptador-12-conectores-ac-937191\/#breadcrumb","itemListElement":[{"@type":"ListItem","position":1,"name":"Inicio","item":"https:\/\/compuviper.mx\/tienda\/"},{"@type":"ListItem","position":2,"name":"Productos","item":"https:\/\/compuviper.mx\/tienda\/productos\/"},{"@type":"ListItem","position":3,"name":"Accesorios","item":"https:\/\/compuviper.mx\/tienda\/categoria-producto\/accesorios\/"},{"@type":"ListItem","position":4,"name":"Cargador De Pared","item":"https:\/\/compuviper.mx\/tienda\/categoria-producto\/accesorios\/cargador-de-pared\/"},{"@type":"ListItem","position":5,"name":"Acteck Ac-937191,7506215937191 Cargador Universal Energon Roam Cu494 \/ Para Laptop \/ Salida 90 W \/ Adaptador \/ 12 Conectores \/ Ac-937191"}]},{"@type":"WebSite","@id":"https:\/\/compuviper.mx\/tienda\/#website","url":"https:\/\/compuviper.mx\/tienda\/","name":"Compuviper","description":"Proveedor de Computadoras, Laptops, Servidores, Monitores, Puntos de Venta, Teclados,   Impresoras, T\u00f3ner, C\u00e1maras de Seguridad y m\u00e1s en tu tienda en l\u00ednea","publisher":{"@id":"https:\/\/compuviper.mx\/tienda\/#organization"},"potentialAction":[{"@type":"SearchAction","target":{"@type":"EntryPoint","urlTemplate":"https:\/\/compuviper.mx\/tienda\/?s={search_term_string}"},"query-input":"required name=search_term_string"}],"inLanguage":"es-MX"},{"@type":"Organization","@id":"https:\/\/compuviper.mx\/tienda\/#organization","name":"Compuviper","url":"https:\/\/compuviper.mx\/tienda\/","logo":{"@type":"ImageObject","inLanguage":"es-MX","@id":"https:\/\/compuviper.mx\/tienda\/#\/schema\/logo\/image\/","url":"https:\/\/compuviper.mx\/tienda\/wp-content\/uploads\/2021\/08\/Logo-Compuviper-10.png","contentUrl":"https:\/\/compuviper.mx\/tienda\/wp-content\/uploads\/2021\/08\/Logo-Compuviper-10.png","width":1000,"height":500,"caption":"Compuviper"},"image":{"@id":"https:\/\/compuviper.mx\/tienda\/#\/schema\/logo\/image\/"},"sameAs":["https:\/\/www.facebook.com\/compuviper","https:\/\/www.youtube.com\/channel\/UCf73dERp9Y3cfOq7q8BhLjA?view_as=subscriber"]}]},"product_brand":"ACTECK","product_price_amount":"331","product_price_currency":"MXN","og_availability":"instock","product_availability":"instock","product_retailer_item_id":"AC-937191,7506215937191","product_condition":"new"},"_links":{"self":[{"href":"https:\/\/compuviper.mx\/tienda\/wp-json\/wp\/v2\/product\/230357"}],"collection":[{"href":"https:\/\/compuviper.mx\/tienda\/wp-json\/wp\/v2\/product"}],"about":[{"href":"https:\/\/compuviper.mx\/tienda\/wp-json\/wp\/v2\/types\/product"}],"replies":[{"embeddable":true,"href":"https:\/\/compuviper.mx\/tienda\/wp-json\/wp\/v2\/comments?post=230357"}],"wp:featuredmedia":[{"embeddable":true,"href":"https:\/\/compuviper.mx\/tienda\/wp-json\/wp\/v2\/media\/233711"}],"wp:attachment":[{"href":"https:\/\/compuviper.mx\/tienda\/wp-json\/wp\/v2\/media?parent=230357"}],"wp:term":[{"taxonomy":"product_cat","embeddable":true,"href":"https:\/\/compuviper.mx\/tienda\/wp-json\/wp\/v2\/product_cat?post=230357"},{"taxonomy":"product_tag","embeddable":true,"href":"https:\/\/compuviper.mx\/tienda\/wp-json\/wp\/v2\/product_tag?post=230357"}],"curies":[{"name":"wp","href":"https:\/\/api.w.org\/{rel}","templated":true}]}}