{"id":230281,"date":"2026-04-18T01:11:35","date_gmt":"2026-04-18T07:11:35","guid":{"rendered":"https:\/\/compuviper.mx\/tienda\/producto\/cyberpower-snev001-tarjeta-para-monitoreo-de-temperatura-y-humedad-en-tiempo-real-opera-en-conjunto-con-las-tarejtas-rmcard205\/"},"modified":"2026-04-18T01:11:35","modified_gmt":"2026-04-18T07:11:35","slug":"cyberpower-snev001-tarjeta-para-monitoreo-de-temperatura-y-humedad-en-tiempo-real-opera-en-conjunto-con-las-tarejtas-rmcard205","status":"publish","type":"product","link":"https:\/\/compuviper.mx\/tienda\/producto\/cyberpower-snev001-tarjeta-para-monitoreo-de-temperatura-y-humedad-en-tiempo-real-opera-en-conjunto-con-las-tarejtas-rmcard205\/","title":{"rendered":"Cyberpower Snev001 Tarjeta Para Monitoreo De Temperatura Y Humedad En Tiempo Real. Opera En Conjunto Con Las Tarejtas Rmcard205"},"content":{"rendered":"<table class=\"descripcion\">\n<tr>\n<td>Cyberpower snev001 proporciona una monitorizacion y gestion completa de ups, que incluye lecturas de temperatura y humedad en tiempo real cuando se conecta a tarjetas de administraci\u00f3n remota cyberpower.generalmente, los administradores las usan para supervisar los dispositivos conectados y asegurarse de que funcionan en un entorno adecuado, por ejemplo, en un back office, sala de servidores o centro de datos.<\/td>\n<\/tr>\n<\/table>\n","protected":false},"excerpt":{"rendered":"<p>El sensor ambiental permite a los usuarios monitorear las variables de temperatura y humedad en el sitio ideal para el entorno instalado, los sensores ambientales proporcionan informaci\u00f3n de temperatura y humedad en tiempo real para ups y pdu\/ats.<\/p>\n","protected":false},"featured_media":234211,"comment_status":"open","ping_status":"open","template":"","meta":[],"product_cat":[1563,1572],"product_tag":[1692],"acf":[],"yoast_head":"<!-- This site is optimized with the Yoast SEO plugin v21.7 - https:\/\/yoast.com\/wordpress\/plugins\/seo\/ -->\n<title>[ Cyberpower ] &#129351; Snev001 Tarjeta Para Monitoreo De Temperatura Y Humedad En Tiempo Real. Opera En Conjunto Con Las Tarejtas Rmcard205<\/title>\n<meta name=\"description\" content=\"Compra Snev001 Tarjeta Para Monitoreo De Temperatura Y Humedad En Tiempo Real. Opera En Conjunto Con Las Tarejtas Rmcard205 + Env\u00edo a domicilio + Pago seguro + Garant\u00eda\" \/>\n<meta name=\"robots\" content=\"index, follow, max-snippet:-1, max-image-preview:large, max-video-preview:-1\" \/>\n<link rel=\"canonical\" href=\"https:\/\/compuviper.mx\/tienda\/producto\/cyberpower-snev001-tarjeta-para-monitoreo-de-temperatura-y-humedad-en-tiempo-real-opera-en-conjunto-con-las-tarejtas-rmcard205\/\" \/>\n<meta property=\"og:locale\" content=\"es_MX\" \/>\n<meta property=\"og:type\" content=\"article\" \/>\n<meta property=\"og:title\" content=\"[ Cyberpower ] &#129351; Snev001 Tarjeta Para Monitoreo De Temperatura Y Humedad En Tiempo Real. Opera En Conjunto Con Las Tarejtas Rmcard205\" \/>\n<meta property=\"og:description\" content=\"Compra Snev001 Tarjeta Para Monitoreo De Temperatura Y Humedad En Tiempo Real. Opera En Conjunto Con Las Tarejtas Rmcard205 + Env\u00edo a domicilio + Pago seguro + Garant\u00eda\" \/>\n<meta property=\"og:url\" content=\"https:\/\/compuviper.mx\/tienda\/producto\/cyberpower-snev001-tarjeta-para-monitoreo-de-temperatura-y-humedad-en-tiempo-real-opera-en-conjunto-con-las-tarejtas-rmcard205\/\" \/>\n<meta property=\"og:site_name\" content=\"Compuviper\" \/>\n<meta property=\"article:publisher\" content=\"https:\/\/www.facebook.com\/compuviper\" \/>\n<meta property=\"og:image\" content=\"https:\/\/compuviper.mx\/tienda\/wp-content\/uploads\/2024\/05\/Tarjeta-para-monitoreo-de-temperatura-y-humedad-en-tiempo-real.-opera-en-conjunto-con-las-tarejtas-rmcard205.jpg\" \/>\n\t<meta property=\"og:image:width\" content=\"200\" \/>\n\t<meta property=\"og:image:height\" content=\"200\" \/>\n\t<meta property=\"og:image:type\" content=\"image\/jpeg\" \/>\n<meta name=\"twitter:card\" content=\"summary_large_image\" \/>\n<meta name=\"twitter:label1\" content=\"Precio\" \/>\n\t<meta name=\"twitter:data1\" content=\"&#36;3,126 &#36;3,027 con IVA\" \/>\n\t<meta name=\"twitter:label2\" content=\"Availability\" \/>\n\t<meta name=\"twitter:data2\" content=\"Out of stock\" \/>\n<script type=\"application\/ld+json\" class=\"yoast-schema-graph\">{\"@context\":\"https:\/\/schema.org\",\"@graph\":[{\"@type\":\"WebPage\",\"@id\":\"https:\/\/compuviper.mx\/tienda\/producto\/cyberpower-snev001-tarjeta-para-monitoreo-de-temperatura-y-humedad-en-tiempo-real-opera-en-conjunto-con-las-tarejtas-rmcard205\/\",\"url\":\"https:\/\/compuviper.mx\/tienda\/producto\/cyberpower-snev001-tarjeta-para-monitoreo-de-temperatura-y-humedad-en-tiempo-real-opera-en-conjunto-con-las-tarejtas-rmcard205\/\",\"name\":\"[ Cyberpower ] &#129351; Snev001 Tarjeta Para Monitoreo De Temperatura Y Humedad En Tiempo Real. Opera En Conjunto Con Las Tarejtas Rmcard205\",\"isPartOf\":{\"@id\":\"https:\/\/compuviper.mx\/tienda\/#website\"},\"datePublished\":\"2026-04-18T07:11:35+00:00\",\"dateModified\":\"2026-04-18T07:11:35+00:00\",\"description\":\"Compra Snev001 Tarjeta Para Monitoreo De Temperatura Y Humedad En Tiempo Real. Opera En Conjunto Con Las Tarejtas Rmcard205 + Env\u00edo a domicilio + Pago seguro + Garant\u00eda\",\"breadcrumb\":{\"@id\":\"https:\/\/compuviper.mx\/tienda\/producto\/cyberpower-snev001-tarjeta-para-monitoreo-de-temperatura-y-humedad-en-tiempo-real-opera-en-conjunto-con-las-tarejtas-rmcard205\/#breadcrumb\"},\"inLanguage\":\"es-MX\",\"potentialAction\":[{\"@type\":\"ReadAction\",\"target\":[\"https:\/\/compuviper.mx\/tienda\/producto\/cyberpower-snev001-tarjeta-para-monitoreo-de-temperatura-y-humedad-en-tiempo-real-opera-en-conjunto-con-las-tarejtas-rmcard205\/\"]}]},{\"@type\":\"BreadcrumbList\",\"@id\":\"https:\/\/compuviper.mx\/tienda\/producto\/cyberpower-snev001-tarjeta-para-monitoreo-de-temperatura-y-humedad-en-tiempo-real-opera-en-conjunto-con-las-tarejtas-rmcard205\/#breadcrumb\",\"itemListElement\":[{\"@type\":\"ListItem\",\"position\":1,\"name\":\"Inicio\",\"item\":\"https:\/\/compuviper.mx\/tienda\/\"},{\"@type\":\"ListItem\",\"position\":2,\"name\":\"Productos\",\"item\":\"https:\/\/compuviper.mx\/tienda\/productos\/\"},{\"@type\":\"ListItem\",\"position\":3,\"name\":\"Redes\",\"item\":\"https:\/\/compuviper.mx\/tienda\/categoria-producto\/redes\/\"},{\"@type\":\"ListItem\",\"position\":4,\"name\":\"Tarjetas De Red\",\"item\":\"https:\/\/compuviper.mx\/tienda\/categoria-producto\/redes\/tarjetas-de-red\/\"},{\"@type\":\"ListItem\",\"position\":5,\"name\":\"Cyberpower Snev001 Tarjeta Para Monitoreo De Temperatura Y Humedad En Tiempo Real. Opera En Conjunto Con Las Tarejtas Rmcard205\"}]},{\"@type\":\"WebSite\",\"@id\":\"https:\/\/compuviper.mx\/tienda\/#website\",\"url\":\"https:\/\/compuviper.mx\/tienda\/\",\"name\":\"Compuviper\",\"description\":\"Proveedor de Computadoras, Laptops, Servidores, Monitores, Puntos de Venta, Teclados,   Impresoras, T\u00f3ner, C\u00e1maras de Seguridad y m\u00e1s en tu tienda en l\u00ednea\",\"publisher\":{\"@id\":\"https:\/\/compuviper.mx\/tienda\/#organization\"},\"potentialAction\":[{\"@type\":\"SearchAction\",\"target\":{\"@type\":\"EntryPoint\",\"urlTemplate\":\"https:\/\/compuviper.mx\/tienda\/?s={search_term_string}\"},\"query-input\":\"required name=search_term_string\"}],\"inLanguage\":\"es-MX\"},{\"@type\":\"Organization\",\"@id\":\"https:\/\/compuviper.mx\/tienda\/#organization\",\"name\":\"Compuviper\",\"url\":\"https:\/\/compuviper.mx\/tienda\/\",\"logo\":{\"@type\":\"ImageObject\",\"inLanguage\":\"es-MX\",\"@id\":\"https:\/\/compuviper.mx\/tienda\/#\/schema\/logo\/image\/\",\"url\":\"https:\/\/compuviper.mx\/tienda\/wp-content\/uploads\/2021\/08\/Logo-Compuviper-10.png\",\"contentUrl\":\"https:\/\/compuviper.mx\/tienda\/wp-content\/uploads\/2021\/08\/Logo-Compuviper-10.png\",\"width\":1000,\"height\":500,\"caption\":\"Compuviper\"},\"image\":{\"@id\":\"https:\/\/compuviper.mx\/tienda\/#\/schema\/logo\/image\/\"},\"sameAs\":[\"https:\/\/www.facebook.com\/compuviper\",\"https:\/\/www.youtube.com\/channel\/UCf73dERp9Y3cfOq7q8BhLjA?view_as=subscriber\"]}]}<\/script>\n<meta property=\"product:brand\" content=\"CYBERPOWER\" \/>\n<meta property=\"product:price:amount\" content=\"3027\" \/>\n<meta property=\"product:price:currency\" content=\"MXN\" \/>\n<meta property=\"og:availability\" content=\"out of stock\" \/>\n<meta property=\"product:availability\" content=\"out of stock\" \/>\n<meta property=\"product:retailer_item_id\" content=\"SNEV001\" \/>\n<meta property=\"product:condition\" content=\"new\" \/>\n<!-- \/ Yoast SEO plugin. -->","yoast_head_json":{"title":"[ Cyberpower ] &#129351; Snev001 Tarjeta Para Monitoreo De Temperatura Y Humedad En Tiempo Real. Opera En Conjunto Con Las Tarejtas Rmcard205","description":"Compra Snev001 Tarjeta Para Monitoreo De Temperatura Y Humedad En Tiempo Real. Opera En Conjunto Con Las Tarejtas Rmcard205 + Env\u00edo a domicilio + Pago seguro + Garant\u00eda","robots":{"index":"index","follow":"follow","max-snippet":"max-snippet:-1","max-image-preview":"max-image-preview:large","max-video-preview":"max-video-preview:-1"},"canonical":"https:\/\/compuviper.mx\/tienda\/producto\/cyberpower-snev001-tarjeta-para-monitoreo-de-temperatura-y-humedad-en-tiempo-real-opera-en-conjunto-con-las-tarejtas-rmcard205\/","og_locale":"es_MX","og_type":"article","og_title":"[ Cyberpower ] &#129351; Snev001 Tarjeta Para Monitoreo De Temperatura Y Humedad En Tiempo Real. Opera En Conjunto Con Las Tarejtas Rmcard205","og_description":"Compra Snev001 Tarjeta Para Monitoreo De Temperatura Y Humedad En Tiempo Real. Opera En Conjunto Con Las Tarejtas Rmcard205 + Env\u00edo a domicilio + Pago seguro + Garant\u00eda","og_url":"https:\/\/compuviper.mx\/tienda\/producto\/cyberpower-snev001-tarjeta-para-monitoreo-de-temperatura-y-humedad-en-tiempo-real-opera-en-conjunto-con-las-tarejtas-rmcard205\/","og_site_name":"Compuviper","article_publisher":"https:\/\/www.facebook.com\/compuviper","og_image":[{"width":200,"height":200,"url":"https:\/\/compuviper.mx\/tienda\/wp-content\/uploads\/2024\/05\/Tarjeta-para-monitoreo-de-temperatura-y-humedad-en-tiempo-real.-opera-en-conjunto-con-las-tarejtas-rmcard205.jpg","type":"image\/jpeg"}],"twitter_card":"summary_large_image","twitter_misc":{"Precio":"&#36;3,126 &#36;3,027 con IVA","Availability":"Out of stock"},"schema":{"@context":"https:\/\/schema.org","@graph":[{"@type":"WebPage","@id":"https:\/\/compuviper.mx\/tienda\/producto\/cyberpower-snev001-tarjeta-para-monitoreo-de-temperatura-y-humedad-en-tiempo-real-opera-en-conjunto-con-las-tarejtas-rmcard205\/","url":"https:\/\/compuviper.mx\/tienda\/producto\/cyberpower-snev001-tarjeta-para-monitoreo-de-temperatura-y-humedad-en-tiempo-real-opera-en-conjunto-con-las-tarejtas-rmcard205\/","name":"[ Cyberpower ] &#129351; Snev001 Tarjeta Para Monitoreo De Temperatura Y Humedad En Tiempo Real. Opera En Conjunto Con Las Tarejtas Rmcard205","isPartOf":{"@id":"https:\/\/compuviper.mx\/tienda\/#website"},"datePublished":"2026-04-18T07:11:35+00:00","dateModified":"2026-04-18T07:11:35+00:00","description":"Compra Snev001 Tarjeta Para Monitoreo De Temperatura Y Humedad En Tiempo Real. Opera En Conjunto Con Las Tarejtas Rmcard205 + Env\u00edo a domicilio + Pago seguro + Garant\u00eda","breadcrumb":{"@id":"https:\/\/compuviper.mx\/tienda\/producto\/cyberpower-snev001-tarjeta-para-monitoreo-de-temperatura-y-humedad-en-tiempo-real-opera-en-conjunto-con-las-tarejtas-rmcard205\/#breadcrumb"},"inLanguage":"es-MX","potentialAction":[{"@type":"ReadAction","target":["https:\/\/compuviper.mx\/tienda\/producto\/cyberpower-snev001-tarjeta-para-monitoreo-de-temperatura-y-humedad-en-tiempo-real-opera-en-conjunto-con-las-tarejtas-rmcard205\/"]}]},{"@type":"BreadcrumbList","@id":"https:\/\/compuviper.mx\/tienda\/producto\/cyberpower-snev001-tarjeta-para-monitoreo-de-temperatura-y-humedad-en-tiempo-real-opera-en-conjunto-con-las-tarejtas-rmcard205\/#breadcrumb","itemListElement":[{"@type":"ListItem","position":1,"name":"Inicio","item":"https:\/\/compuviper.mx\/tienda\/"},{"@type":"ListItem","position":2,"name":"Productos","item":"https:\/\/compuviper.mx\/tienda\/productos\/"},{"@type":"ListItem","position":3,"name":"Redes","item":"https:\/\/compuviper.mx\/tienda\/categoria-producto\/redes\/"},{"@type":"ListItem","position":4,"name":"Tarjetas De Red","item":"https:\/\/compuviper.mx\/tienda\/categoria-producto\/redes\/tarjetas-de-red\/"},{"@type":"ListItem","position":5,"name":"Cyberpower Snev001 Tarjeta Para Monitoreo De Temperatura Y Humedad En Tiempo Real. Opera En Conjunto Con Las Tarejtas Rmcard205"}]},{"@type":"WebSite","@id":"https:\/\/compuviper.mx\/tienda\/#website","url":"https:\/\/compuviper.mx\/tienda\/","name":"Compuviper","description":"Proveedor de Computadoras, Laptops, Servidores, Monitores, Puntos de Venta, Teclados,   Impresoras, T\u00f3ner, C\u00e1maras de Seguridad y m\u00e1s en tu tienda en l\u00ednea","publisher":{"@id":"https:\/\/compuviper.mx\/tienda\/#organization"},"potentialAction":[{"@type":"SearchAction","target":{"@type":"EntryPoint","urlTemplate":"https:\/\/compuviper.mx\/tienda\/?s={search_term_string}"},"query-input":"required name=search_term_string"}],"inLanguage":"es-MX"},{"@type":"Organization","@id":"https:\/\/compuviper.mx\/tienda\/#organization","name":"Compuviper","url":"https:\/\/compuviper.mx\/tienda\/","logo":{"@type":"ImageObject","inLanguage":"es-MX","@id":"https:\/\/compuviper.mx\/tienda\/#\/schema\/logo\/image\/","url":"https:\/\/compuviper.mx\/tienda\/wp-content\/uploads\/2021\/08\/Logo-Compuviper-10.png","contentUrl":"https:\/\/compuviper.mx\/tienda\/wp-content\/uploads\/2021\/08\/Logo-Compuviper-10.png","width":1000,"height":500,"caption":"Compuviper"},"image":{"@id":"https:\/\/compuviper.mx\/tienda\/#\/schema\/logo\/image\/"},"sameAs":["https:\/\/www.facebook.com\/compuviper","https:\/\/www.youtube.com\/channel\/UCf73dERp9Y3cfOq7q8BhLjA?view_as=subscriber"]}]},"product_brand":"CYBERPOWER","product_price_amount":"3027","product_price_currency":"MXN","og_availability":"out of stock","product_availability":"out of stock","product_retailer_item_id":"SNEV001","product_condition":"new"},"_links":{"self":[{"href":"https:\/\/compuviper.mx\/tienda\/wp-json\/wp\/v2\/product\/230281"}],"collection":[{"href":"https:\/\/compuviper.mx\/tienda\/wp-json\/wp\/v2\/product"}],"about":[{"href":"https:\/\/compuviper.mx\/tienda\/wp-json\/wp\/v2\/types\/product"}],"replies":[{"embeddable":true,"href":"https:\/\/compuviper.mx\/tienda\/wp-json\/wp\/v2\/comments?post=230281"}],"wp:featuredmedia":[{"embeddable":true,"href":"https:\/\/compuviper.mx\/tienda\/wp-json\/wp\/v2\/media\/234211"}],"wp:attachment":[{"href":"https:\/\/compuviper.mx\/tienda\/wp-json\/wp\/v2\/media?parent=230281"}],"wp:term":[{"taxonomy":"product_cat","embeddable":true,"href":"https:\/\/compuviper.mx\/tienda\/wp-json\/wp\/v2\/product_cat?post=230281"},{"taxonomy":"product_tag","embeddable":true,"href":"https:\/\/compuviper.mx\/tienda\/wp-json\/wp\/v2\/product_tag?post=230281"}],"curies":[{"name":"wp","href":"https:\/\/api.w.org\/{rel}","templated":true}]}}