{"id":230279,"date":"2026-04-11T00:45:21","date_gmt":"2026-04-11T06:45:21","guid":{"rendered":"https:\/\/compuviper.mx\/tienda\/producto\/balam-rush-br-936293-kit-teclado-y-mouse-squad-master-ktm333-multimedia-ergonomico-alambrico-iluminacion-arcoiris-membrana-3200-dpi-windows-mac-ios-android\/"},"modified":"2026-04-11T00:45:21","modified_gmt":"2026-04-11T06:45:21","slug":"balam-rush-br-9362937506215936293-kit-teclado-y-mouse-squad-master-ktm333-multimedia-ergonomico-alambrico-iluminacion-arcoiris-membrana-3200-dpi-windows-mac-ios-android-br-93629","status":"publish","type":"product","link":"https:\/\/compuviper.mx\/tienda\/producto\/balam-rush-br-9362937506215936293-kit-teclado-y-mouse-squad-master-ktm333-multimedia-ergonomico-alambrico-iluminacion-arcoiris-membrana-3200-dpi-windows-mac-ios-android-br-93629\/","title":{"rendered":"Balam Rush Br-936293,7506215936293 Kit Teclado Y Mouse  Squad Master Ktm333 \/ Multimedia \/ Ergonomico \/ Alambrico \/ Iluminacion Arcoiris \/ Membrana \/ 3200 Dpi \/ Windows &#8211; Mac &#8211; Ios -android \/ Br-936293"},"content":{"rendered":"<table class=\"descripcion\">\n<tr>\n<td>Especificaciones<\/td>\n<\/tr>\n<tr>\n<td>Producto: kit 2-1 teclado y mouse<\/td>\n<\/tr>\n<tr>\n<td>Modelo: br-936293<\/td>\n<\/tr>\n<tr>\n<td>Material: abs<\/td>\n<\/tr>\n<tr>\n<td>Conectividad:al\u00e1mbrico<\/td>\n<\/tr>\n<tr>\n<td>Versin usb: 2<\/td>\n<\/tr>\n<tr>\n<td>Teclado:<\/td>\n<\/tr>\n<tr>\n<td>   dimensiones:0.47  x 0.19<\/td>\n<\/tr>\n<tr>\n<td>   peso:0.641 kg<\/td>\n<\/tr>\n<tr>\n<td>   ]tecnologa del teclado: membrana<\/td>\n<\/tr>\n<tr>\n<td>   compatibilidad:windows \/ mac \/ ios\/ android<\/td>\n<\/tr>\n<tr>\n<td>   idioma: espaol<\/td>\n<\/tr>\n<tr>\n<td>   anti-ghosting: 6 teclas<\/td>\n<\/tr>\n<tr>\n<td>Longitud de cable: 1.5 m<\/td>\n<\/tr>\n<tr>\n<td>Nmero de teclas totales: 105<\/td>\n<\/tr>\n<tr>\n<td>Teclas multimedia: na<\/td>\n<\/tr>\n<tr>\n<td>Funciones multimedia: fn  funciones multimedia<\/td>\n<\/tr>\n<tr>\n<td>Impresin de teclas: laser<\/td>\n<\/tr>\n<tr>\n<td>Clicks por tecla: 8 millones<\/td>\n<\/tr>\n<tr>\n<td>Iluminacion:<\/td>\n<\/tr>\n<tr>\n<td>   tipo: retroalimentacion arcoiris<\/td>\n<\/tr>\n<tr>\n<td>   modos:estable y parpadeo<\/td>\n<\/tr>\n<tr>\n<td>   nivel de iluminacin: 3<\/td>\n<\/tr>\n<tr>\n<td>Caracterstica elctrica: 5 vcc<\/td>\n<\/tr>\n<tr>\n<td>Mouse:<\/td>\n<\/tr>\n<tr>\n<td>   dimensiones:1.125  x 0.60 x 0.40 m<\/td>\n<\/tr>\n<tr>\n<td>   peso: 0.83 kg<\/td>\n<\/tr>\n<tr>\n<td>   seguimiento: optico<\/td>\n<\/tr>\n<tr>\n<td>   sensibilidad  dpi : 3200<\/td>\n<\/tr>\n<tr>\n<td>   compatibilidad: windows \/ mac \/ ios\/ android<\/td>\n<\/tr>\n<tr>\n<td>Sensor: nst 5312<\/td>\n<\/tr>\n<tr>\n<td>Switch: huano<\/td>\n<\/tr>\n<tr>\n<td>Respuesta: 125 hz<\/td>\n<\/tr>\n<tr>\n<td>Ips: 30 pulgadas<\/td>\n<\/tr>\n<tr>\n<td>Largo del cable: 1.5 m<\/td>\n<\/tr>\n<tr>\n<td>Nmero de botones totales: 6<\/td>\n<\/tr>\n<tr>\n<td>Botn dpi: parte superior del mouse<\/td>\n<\/tr>\n<tr>\n<td>Dpi: 800-1200-2400-4800-7200<\/td>\n<\/tr>\n<tr>\n<td>Botones programables: 6<\/td>\n<\/tr>\n<tr>\n<td>Clicks por botn: 3 millones<\/td>\n<\/tr>\n<tr>\n<td>Iluminacin:<\/td>\n<\/tr>\n<tr>\n<td>   tipo: retroalimentacin arcoris<\/td>\n<\/tr>\n<tr>\n<td>   modos: 1<\/td>\n<\/tr>\n<tr>\n<td>   velocidades: 4<\/td>\n<\/tr>\n<tr>\n<td>   colores: na<\/td>\n<\/tr>\n<tr>\n<td>Caracterstica elctrica : 5 vcc<\/td>\n<\/tr>\n<\/table>\n","protected":false},"excerpt":{"rendered":"<p>Kit teclado y mouse balam rush squad master ktm333. Multimedia. Ergonomico. Alambrico. Iluminacion arcoiris. Membrana. Windows &#8211; mac &#8211; ios -android. Br-936293<\/p>\n","protected":false},"featured_media":234075,"comment_status":"open","ping_status":"open","template":"","meta":[],"product_cat":[1711,1712],"product_tag":[2097],"acf":[],"yoast_head":"<!-- This site is optimized with the Yoast SEO plugin v21.7 - https:\/\/yoast.com\/wordpress\/plugins\/seo\/ -->\n<title>[ Balam Rush ] &#129351; Br-936293,7506215936293 Kit Teclado Y Mouse Squad Master Ktm333 \/ Multimedia \/ Ergonomico \/ Alambrico \/ Iluminacion Arcoiris \/ Membrana \/ 3200 Dpi \/ Windows - Mac - Ios -android \/ Br-936293<\/title>\n<meta name=\"description\" content=\"Compra Br-936293,7506215936293 Kit Teclado Y Mouse Squad Master Ktm333 \/ Multimedia \/ Ergonomico \/ Alambrico \/ Iluminacion Arcoiris \/ Membrana \/ 3200 Dpi \/ Windows - Mac - Ios -android \/ Br-936293 + Env\u00edo a domicilio + Pago seguro + Garant\u00eda\" \/>\n<meta name=\"robots\" content=\"index, follow, max-snippet:-1, max-image-preview:large, max-video-preview:-1\" \/>\n<link rel=\"canonical\" href=\"https:\/\/compuviper.mx\/tienda\/producto\/balam-rush-br-9362937506215936293-kit-teclado-y-mouse-squad-master-ktm333-multimedia-ergonomico-alambrico-iluminacion-arcoiris-membrana-3200-dpi-windows-mac-ios-android-br-93629\/\" \/>\n<meta property=\"og:locale\" content=\"es_MX\" \/>\n<meta property=\"og:type\" content=\"article\" \/>\n<meta property=\"og:title\" content=\"[ Balam Rush ] &#129351; Br-936293,7506215936293 Kit Teclado Y Mouse Squad Master Ktm333 \/ Multimedia \/ Ergonomico \/ Alambrico \/ Iluminacion Arcoiris \/ Membrana \/ 3200 Dpi \/ Windows - Mac - Ios -android \/ Br-936293\" \/>\n<meta property=\"og:description\" content=\"Compra Br-936293,7506215936293 Kit Teclado Y Mouse Squad Master Ktm333 \/ Multimedia \/ Ergonomico \/ Alambrico \/ Iluminacion Arcoiris \/ Membrana \/ 3200 Dpi \/ Windows - Mac - Ios -android \/ Br-936293 + Env\u00edo a domicilio + Pago seguro + Garant\u00eda\" \/>\n<meta property=\"og:url\" content=\"https:\/\/compuviper.mx\/tienda\/producto\/balam-rush-br-9362937506215936293-kit-teclado-y-mouse-squad-master-ktm333-multimedia-ergonomico-alambrico-iluminacion-arcoiris-membrana-3200-dpi-windows-mac-ios-android-br-93629\/\" \/>\n<meta property=\"og:site_name\" content=\"Compuviper\" \/>\n<meta property=\"article:publisher\" content=\"https:\/\/www.facebook.com\/compuviper\" \/>\n<meta property=\"og:image\" content=\"https:\/\/compuviper.mx\/tienda\/wp-content\/uploads\/2024\/05\/Kit-teclado-y-mouse-balam-rush-squad-master-ktm333-multimedia-ergonomico-alambrico-iluminacion-arcoiris-membrana-3200-dpi-windows-mac-ios-android-br-936293.jpg\" \/>\n\t<meta property=\"og:image:width\" content=\"200\" \/>\n\t<meta property=\"og:image:height\" content=\"200\" \/>\n\t<meta property=\"og:image:type\" content=\"image\/jpeg\" \/>\n<meta name=\"twitter:card\" content=\"summary_large_image\" \/>\n<meta name=\"twitter:label1\" content=\"Precio\" \/>\n\t<meta name=\"twitter:data1\" content=\"&#36;285 con IVA\" \/>\n\t<meta name=\"twitter:label2\" content=\"Availability\" \/>\n\t<meta name=\"twitter:data2\" content=\"Out of stock\" \/>\n<script type=\"application\/ld+json\" class=\"yoast-schema-graph\">{\"@context\":\"https:\/\/schema.org\",\"@graph\":[{\"@type\":\"WebPage\",\"@id\":\"https:\/\/compuviper.mx\/tienda\/producto\/balam-rush-br-9362937506215936293-kit-teclado-y-mouse-squad-master-ktm333-multimedia-ergonomico-alambrico-iluminacion-arcoiris-membrana-3200-dpi-windows-mac-ios-android-br-93629\/\",\"url\":\"https:\/\/compuviper.mx\/tienda\/producto\/balam-rush-br-9362937506215936293-kit-teclado-y-mouse-squad-master-ktm333-multimedia-ergonomico-alambrico-iluminacion-arcoiris-membrana-3200-dpi-windows-mac-ios-android-br-93629\/\",\"name\":\"[ Balam Rush ] &#129351; Br-936293,7506215936293 Kit Teclado Y Mouse Squad Master Ktm333 \/ Multimedia \/ Ergonomico \/ Alambrico \/ Iluminacion Arcoiris \/ Membrana \/ 3200 Dpi \/ Windows - Mac - Ios -android \/ Br-936293\",\"isPartOf\":{\"@id\":\"https:\/\/compuviper.mx\/tienda\/#website\"},\"datePublished\":\"2026-04-11T06:45:21+00:00\",\"dateModified\":\"2026-04-11T06:45:21+00:00\",\"description\":\"Compra Br-936293,7506215936293 Kit Teclado Y Mouse Squad Master Ktm333 \/ Multimedia \/ Ergonomico \/ Alambrico \/ Iluminacion Arcoiris \/ Membrana \/ 3200 Dpi \/ Windows - Mac - Ios -android \/ Br-936293 + Env\u00edo a domicilio + Pago seguro + Garant\u00eda\",\"breadcrumb\":{\"@id\":\"https:\/\/compuviper.mx\/tienda\/producto\/balam-rush-br-9362937506215936293-kit-teclado-y-mouse-squad-master-ktm333-multimedia-ergonomico-alambrico-iluminacion-arcoiris-membrana-3200-dpi-windows-mac-ios-android-br-93629\/#breadcrumb\"},\"inLanguage\":\"es-MX\",\"potentialAction\":[{\"@type\":\"ReadAction\",\"target\":[\"https:\/\/compuviper.mx\/tienda\/producto\/balam-rush-br-9362937506215936293-kit-teclado-y-mouse-squad-master-ktm333-multimedia-ergonomico-alambrico-iluminacion-arcoiris-membrana-3200-dpi-windows-mac-ios-android-br-93629\/\"]}]},{\"@type\":\"BreadcrumbList\",\"@id\":\"https:\/\/compuviper.mx\/tienda\/producto\/balam-rush-br-9362937506215936293-kit-teclado-y-mouse-squad-master-ktm333-multimedia-ergonomico-alambrico-iluminacion-arcoiris-membrana-3200-dpi-windows-mac-ios-android-br-93629\/#breadcrumb\",\"itemListElement\":[{\"@type\":\"ListItem\",\"position\":1,\"name\":\"Inicio\",\"item\":\"https:\/\/compuviper.mx\/tienda\/\"},{\"@type\":\"ListItem\",\"position\":2,\"name\":\"Productos\",\"item\":\"https:\/\/compuviper.mx\/tienda\/productos\/\"},{\"@type\":\"ListItem\",\"position\":3,\"name\":\"Teclado Y Mouse\",\"item\":\"https:\/\/compuviper.mx\/tienda\/categoria-producto\/teclado-y-mouse\/\"},{\"@type\":\"ListItem\",\"position\":4,\"name\":\"Sin Categor\u00eda\",\"item\":\"https:\/\/compuviper.mx\/tienda\/categoria-producto\/teclado-y-mouse\/sin-categoria-teclado-y-mouse\/\"},{\"@type\":\"ListItem\",\"position\":5,\"name\":\"Balam Rush Br-936293,7506215936293 Kit Teclado Y Mouse Squad Master Ktm333 \/ Multimedia \/ Ergonomico \/ Alambrico \/ Iluminacion Arcoiris \/ Membrana \/ 3200 Dpi \/ Windows &#8211; Mac &#8211; Ios -android \/ Br-936293\"}]},{\"@type\":\"WebSite\",\"@id\":\"https:\/\/compuviper.mx\/tienda\/#website\",\"url\":\"https:\/\/compuviper.mx\/tienda\/\",\"name\":\"Compuviper\",\"description\":\"Proveedor de Computadoras, Laptops, Servidores, Monitores, Puntos de Venta, Teclados,   Impresoras, T\u00f3ner, C\u00e1maras de Seguridad y m\u00e1s en tu tienda en l\u00ednea\",\"publisher\":{\"@id\":\"https:\/\/compuviper.mx\/tienda\/#organization\"},\"potentialAction\":[{\"@type\":\"SearchAction\",\"target\":{\"@type\":\"EntryPoint\",\"urlTemplate\":\"https:\/\/compuviper.mx\/tienda\/?s={search_term_string}\"},\"query-input\":\"required name=search_term_string\"}],\"inLanguage\":\"es-MX\"},{\"@type\":\"Organization\",\"@id\":\"https:\/\/compuviper.mx\/tienda\/#organization\",\"name\":\"Compuviper\",\"url\":\"https:\/\/compuviper.mx\/tienda\/\",\"logo\":{\"@type\":\"ImageObject\",\"inLanguage\":\"es-MX\",\"@id\":\"https:\/\/compuviper.mx\/tienda\/#\/schema\/logo\/image\/\",\"url\":\"https:\/\/compuviper.mx\/tienda\/wp-content\/uploads\/2021\/08\/Logo-Compuviper-10.png\",\"contentUrl\":\"https:\/\/compuviper.mx\/tienda\/wp-content\/uploads\/2021\/08\/Logo-Compuviper-10.png\",\"width\":1000,\"height\":500,\"caption\":\"Compuviper\"},\"image\":{\"@id\":\"https:\/\/compuviper.mx\/tienda\/#\/schema\/logo\/image\/\"},\"sameAs\":[\"https:\/\/www.facebook.com\/compuviper\",\"https:\/\/www.youtube.com\/channel\/UCf73dERp9Y3cfOq7q8BhLjA?view_as=subscriber\"]}]}<\/script>\n<meta property=\"product:brand\" content=\"Balam Rush\" \/>\n<meta property=\"product:price:amount\" content=\"285\" \/>\n<meta property=\"product:price:currency\" content=\"MXN\" \/>\n<meta property=\"og:availability\" content=\"out of stock\" \/>\n<meta property=\"product:availability\" content=\"out of stock\" \/>\n<meta property=\"product:retailer_item_id\" content=\"BR-936293,7506215936293\" \/>\n<meta property=\"product:condition\" content=\"new\" \/>\n<!-- \/ Yoast SEO plugin. -->","yoast_head_json":{"title":"[ Balam Rush ] &#129351; Br-936293,7506215936293 Kit Teclado Y Mouse Squad Master Ktm333 \/ Multimedia \/ Ergonomico \/ Alambrico \/ Iluminacion Arcoiris \/ Membrana \/ 3200 Dpi \/ Windows - Mac - Ios -android \/ Br-936293","description":"Compra Br-936293,7506215936293 Kit Teclado Y Mouse Squad Master Ktm333 \/ Multimedia \/ Ergonomico \/ Alambrico \/ Iluminacion Arcoiris \/ Membrana \/ 3200 Dpi \/ Windows - Mac - Ios -android \/ Br-936293 + Env\u00edo a domicilio + Pago seguro + Garant\u00eda","robots":{"index":"index","follow":"follow","max-snippet":"max-snippet:-1","max-image-preview":"max-image-preview:large","max-video-preview":"max-video-preview:-1"},"canonical":"https:\/\/compuviper.mx\/tienda\/producto\/balam-rush-br-9362937506215936293-kit-teclado-y-mouse-squad-master-ktm333-multimedia-ergonomico-alambrico-iluminacion-arcoiris-membrana-3200-dpi-windows-mac-ios-android-br-93629\/","og_locale":"es_MX","og_type":"article","og_title":"[ Balam Rush ] &#129351; Br-936293,7506215936293 Kit Teclado Y Mouse Squad Master Ktm333 \/ Multimedia \/ Ergonomico \/ Alambrico \/ Iluminacion Arcoiris \/ Membrana \/ 3200 Dpi \/ Windows - Mac - Ios -android \/ Br-936293","og_description":"Compra Br-936293,7506215936293 Kit Teclado Y Mouse Squad Master Ktm333 \/ Multimedia \/ Ergonomico \/ Alambrico \/ Iluminacion Arcoiris \/ Membrana \/ 3200 Dpi \/ Windows - Mac - Ios -android \/ Br-936293 + Env\u00edo a domicilio + Pago seguro + Garant\u00eda","og_url":"https:\/\/compuviper.mx\/tienda\/producto\/balam-rush-br-9362937506215936293-kit-teclado-y-mouse-squad-master-ktm333-multimedia-ergonomico-alambrico-iluminacion-arcoiris-membrana-3200-dpi-windows-mac-ios-android-br-93629\/","og_site_name":"Compuviper","article_publisher":"https:\/\/www.facebook.com\/compuviper","og_image":[{"width":200,"height":200,"url":"https:\/\/compuviper.mx\/tienda\/wp-content\/uploads\/2024\/05\/Kit-teclado-y-mouse-balam-rush-squad-master-ktm333-multimedia-ergonomico-alambrico-iluminacion-arcoiris-membrana-3200-dpi-windows-mac-ios-android-br-936293.jpg","type":"image\/jpeg"}],"twitter_card":"summary_large_image","twitter_misc":{"Precio":"&#36;285 con IVA","Availability":"Out of stock"},"schema":{"@context":"https:\/\/schema.org","@graph":[{"@type":"WebPage","@id":"https:\/\/compuviper.mx\/tienda\/producto\/balam-rush-br-9362937506215936293-kit-teclado-y-mouse-squad-master-ktm333-multimedia-ergonomico-alambrico-iluminacion-arcoiris-membrana-3200-dpi-windows-mac-ios-android-br-93629\/","url":"https:\/\/compuviper.mx\/tienda\/producto\/balam-rush-br-9362937506215936293-kit-teclado-y-mouse-squad-master-ktm333-multimedia-ergonomico-alambrico-iluminacion-arcoiris-membrana-3200-dpi-windows-mac-ios-android-br-93629\/","name":"[ Balam Rush ] &#129351; Br-936293,7506215936293 Kit Teclado Y Mouse Squad Master Ktm333 \/ Multimedia \/ Ergonomico \/ Alambrico \/ Iluminacion Arcoiris \/ Membrana \/ 3200 Dpi \/ Windows - Mac - Ios -android \/ Br-936293","isPartOf":{"@id":"https:\/\/compuviper.mx\/tienda\/#website"},"datePublished":"2026-04-11T06:45:21+00:00","dateModified":"2026-04-11T06:45:21+00:00","description":"Compra Br-936293,7506215936293 Kit Teclado Y Mouse Squad Master Ktm333 \/ Multimedia \/ Ergonomico \/ Alambrico \/ Iluminacion Arcoiris \/ Membrana \/ 3200 Dpi \/ Windows - Mac - Ios -android \/ Br-936293 + Env\u00edo a domicilio + Pago seguro + Garant\u00eda","breadcrumb":{"@id":"https:\/\/compuviper.mx\/tienda\/producto\/balam-rush-br-9362937506215936293-kit-teclado-y-mouse-squad-master-ktm333-multimedia-ergonomico-alambrico-iluminacion-arcoiris-membrana-3200-dpi-windows-mac-ios-android-br-93629\/#breadcrumb"},"inLanguage":"es-MX","potentialAction":[{"@type":"ReadAction","target":["https:\/\/compuviper.mx\/tienda\/producto\/balam-rush-br-9362937506215936293-kit-teclado-y-mouse-squad-master-ktm333-multimedia-ergonomico-alambrico-iluminacion-arcoiris-membrana-3200-dpi-windows-mac-ios-android-br-93629\/"]}]},{"@type":"BreadcrumbList","@id":"https:\/\/compuviper.mx\/tienda\/producto\/balam-rush-br-9362937506215936293-kit-teclado-y-mouse-squad-master-ktm333-multimedia-ergonomico-alambrico-iluminacion-arcoiris-membrana-3200-dpi-windows-mac-ios-android-br-93629\/#breadcrumb","itemListElement":[{"@type":"ListItem","position":1,"name":"Inicio","item":"https:\/\/compuviper.mx\/tienda\/"},{"@type":"ListItem","position":2,"name":"Productos","item":"https:\/\/compuviper.mx\/tienda\/productos\/"},{"@type":"ListItem","position":3,"name":"Teclado Y Mouse","item":"https:\/\/compuviper.mx\/tienda\/categoria-producto\/teclado-y-mouse\/"},{"@type":"ListItem","position":4,"name":"Sin Categor\u00eda","item":"https:\/\/compuviper.mx\/tienda\/categoria-producto\/teclado-y-mouse\/sin-categoria-teclado-y-mouse\/"},{"@type":"ListItem","position":5,"name":"Balam Rush Br-936293,7506215936293 Kit Teclado Y Mouse Squad Master Ktm333 \/ Multimedia \/ Ergonomico \/ Alambrico \/ Iluminacion Arcoiris \/ Membrana \/ 3200 Dpi \/ Windows &#8211; Mac &#8211; Ios -android \/ Br-936293"}]},{"@type":"WebSite","@id":"https:\/\/compuviper.mx\/tienda\/#website","url":"https:\/\/compuviper.mx\/tienda\/","name":"Compuviper","description":"Proveedor de Computadoras, Laptops, Servidores, Monitores, Puntos de Venta, Teclados,   Impresoras, T\u00f3ner, C\u00e1maras de Seguridad y m\u00e1s en tu tienda en l\u00ednea","publisher":{"@id":"https:\/\/compuviper.mx\/tienda\/#organization"},"potentialAction":[{"@type":"SearchAction","target":{"@type":"EntryPoint","urlTemplate":"https:\/\/compuviper.mx\/tienda\/?s={search_term_string}"},"query-input":"required name=search_term_string"}],"inLanguage":"es-MX"},{"@type":"Organization","@id":"https:\/\/compuviper.mx\/tienda\/#organization","name":"Compuviper","url":"https:\/\/compuviper.mx\/tienda\/","logo":{"@type":"ImageObject","inLanguage":"es-MX","@id":"https:\/\/compuviper.mx\/tienda\/#\/schema\/logo\/image\/","url":"https:\/\/compuviper.mx\/tienda\/wp-content\/uploads\/2021\/08\/Logo-Compuviper-10.png","contentUrl":"https:\/\/compuviper.mx\/tienda\/wp-content\/uploads\/2021\/08\/Logo-Compuviper-10.png","width":1000,"height":500,"caption":"Compuviper"},"image":{"@id":"https:\/\/compuviper.mx\/tienda\/#\/schema\/logo\/image\/"},"sameAs":["https:\/\/www.facebook.com\/compuviper","https:\/\/www.youtube.com\/channel\/UCf73dERp9Y3cfOq7q8BhLjA?view_as=subscriber"]}]},"product_brand":"Balam Rush","product_price_amount":"285","product_price_currency":"MXN","og_availability":"out of stock","product_availability":"out of stock","product_retailer_item_id":"BR-936293,7506215936293","product_condition":"new"},"_links":{"self":[{"href":"https:\/\/compuviper.mx\/tienda\/wp-json\/wp\/v2\/product\/230279"}],"collection":[{"href":"https:\/\/compuviper.mx\/tienda\/wp-json\/wp\/v2\/product"}],"about":[{"href":"https:\/\/compuviper.mx\/tienda\/wp-json\/wp\/v2\/types\/product"}],"replies":[{"embeddable":true,"href":"https:\/\/compuviper.mx\/tienda\/wp-json\/wp\/v2\/comments?post=230279"}],"wp:featuredmedia":[{"embeddable":true,"href":"https:\/\/compuviper.mx\/tienda\/wp-json\/wp\/v2\/media\/234075"}],"wp:attachment":[{"href":"https:\/\/compuviper.mx\/tienda\/wp-json\/wp\/v2\/media?parent=230279"}],"wp:term":[{"taxonomy":"product_cat","embeddable":true,"href":"https:\/\/compuviper.mx\/tienda\/wp-json\/wp\/v2\/product_cat?post=230279"},{"taxonomy":"product_tag","embeddable":true,"href":"https:\/\/compuviper.mx\/tienda\/wp-json\/wp\/v2\/product_tag?post=230279"}],"curies":[{"name":"wp","href":"https:\/\/api.w.org\/{rel}","templated":true}]}}