{"id":230274,"date":"2026-04-01T23:50:26","date_gmt":"2026-04-02T05:50:26","guid":{"rendered":"https:\/\/compuviper.mx\/tienda\/producto\/balam-rush-br-938105-hub-mlticontacto-eolox-hub-exh8-ventiladores-12-vc-c-iluminacion-5-vc-c-4-conectores-pwm-4-conectores-argb-3-pin-salida-sata-4-pin-argb-5-v-control\/"},"modified":"2026-04-01T23:50:26","modified_gmt":"2026-04-02T05:50:26","slug":"balam-rush-br-938105-hub-multicontacto-eolox-hub-exh8-ventiladores-12-vc-c-iluminacion-5-vc-c-4-conectores-pwm-4-conectores-argb-3-pin-salida-sata-4-pin-argb-5-v-control","status":"publish","type":"product","link":"https:\/\/compuviper.mx\/tienda\/producto\/balam-rush-br-938105-hub-multicontacto-eolox-hub-exh8-ventiladores-12-vc-c-iluminacion-5-vc-c-4-conectores-pwm-4-conectores-argb-3-pin-salida-sata-4-pin-argb-5-v-control\/","title":{"rendered":"Balam Rush Br-938105 Hub Multicontacto  Eolox Hub Exh8 \/ Ventiladores 12 Vc.c. \/ Iluminacion 5 Vc.c. \/ 4 Conectores Pwm \/ 4 Conectores Argb 3 Pin \/ Salida Sata 4 Pin Argb 5 V \/ Control \/"},"content":{"rendered":"<table class=\"descripcion\">\n<tr>\n<td>Especificaciones<\/td>\n<\/tr>\n<tr>\n<td>Producto: hub multi contacto<\/td>\n<\/tr>\n<tr>\n<td>Modelo: br-938105<\/td>\n<\/tr>\n<tr>\n<td>Dimensiones: 0.95 x 0.56 x 0.17 m<\/td>\n<\/tr>\n<tr>\n<td>Material: pl\u00e1stico<\/td>\n<\/tr>\n<tr>\n<td>Conectores:<\/td>\n<\/tr>\n<tr>\n<td>4 conectores pwm<\/td>\n<\/tr>\n<tr>\n<td>4 conectores para argb 3 pin<\/td>\n<\/tr>\n<tr>\n<td>Salida:<\/td>\n<\/tr>\n<tr>\n<td>    sata<\/td>\n<\/tr>\n<tr>\n<td>    4 pin<\/td>\n<\/tr>\n<tr>\n<td>    argb 5v<\/td>\n<\/tr>\n<tr>\n<td>Peso: 0.70 kg<\/td>\n<\/tr>\n<tr>\n<td>Voltaje:<\/td>\n<\/tr>\n<tr>\n<td>Ventiladores 12 vc.c.<\/td>\n<\/tr>\n<tr>\n<td>Iluminacion 5 vc.c.<\/td>\n<\/tr>\n<\/table>\n","protected":false},"excerpt":{"rendered":"<p>Multi contacto balam rush eolox hub exh8 \/ ventiladores 12 vc.C. \/ iluminacion 5 vc.C. \/ 4 conectores pwm \/ 4 conectores argb 3 pin \/ salida sata 4 pin  argb 5 v \/ control<\/p>\n","protected":false},"featured_media":233814,"comment_status":"open","ping_status":"open","template":"","meta":[],"product_cat":[1612,1618],"product_tag":[2097],"acf":[],"yoast_head":"<!-- This site is optimized with the Yoast SEO plugin v21.7 - https:\/\/yoast.com\/wordpress\/plugins\/seo\/ -->\n<title>[ Balam Rush ] &#129351; Br-938105 Hub Multicontacto Eolox Hub Exh8 \/ Ventiladores 12 Vc.c. \/ Iluminacion 5 Vc.c. \/ 4 Conectores Pwm \/ 4 Conectores Argb 3 Pin \/ Salida Sata 4 Pin Argb 5 V \/ Control \/<\/title>\n<meta name=\"description\" content=\"Compra Br-938105 Hub Multicontacto Eolox Hub Exh8 \/ Ventiladores 12 Vc.c. \/ Iluminacion 5 Vc.c. \/ 4 Conectores Pwm \/ 4 Conectores Argb 3 Pin \/ Salida Sata 4 Pin Argb 5 V \/ Control \/ + Env\u00edo a domicilio + Pago seguro + Garant\u00eda\" \/>\n<meta name=\"robots\" content=\"index, follow, max-snippet:-1, max-image-preview:large, max-video-preview:-1\" \/>\n<link rel=\"canonical\" href=\"https:\/\/compuviper.mx\/tienda\/producto\/balam-rush-br-938105-hub-multicontacto-eolox-hub-exh8-ventiladores-12-vc-c-iluminacion-5-vc-c-4-conectores-pwm-4-conectores-argb-3-pin-salida-sata-4-pin-argb-5-v-control\/\" \/>\n<meta property=\"og:locale\" content=\"es_MX\" \/>\n<meta property=\"og:type\" content=\"article\" \/>\n<meta property=\"og:title\" content=\"[ Balam Rush ] &#129351; Br-938105 Hub Multicontacto Eolox Hub Exh8 \/ Ventiladores 12 Vc.c. \/ Iluminacion 5 Vc.c. \/ 4 Conectores Pwm \/ 4 Conectores Argb 3 Pin \/ Salida Sata 4 Pin Argb 5 V \/ Control \/\" \/>\n<meta property=\"og:description\" content=\"Compra Br-938105 Hub Multicontacto Eolox Hub Exh8 \/ Ventiladores 12 Vc.c. \/ Iluminacion 5 Vc.c. \/ 4 Conectores Pwm \/ 4 Conectores Argb 3 Pin \/ Salida Sata 4 Pin Argb 5 V \/ Control \/ + Env\u00edo a domicilio + Pago seguro + Garant\u00eda\" \/>\n<meta property=\"og:url\" content=\"https:\/\/compuviper.mx\/tienda\/producto\/balam-rush-br-938105-hub-multicontacto-eolox-hub-exh8-ventiladores-12-vc-c-iluminacion-5-vc-c-4-conectores-pwm-4-conectores-argb-3-pin-salida-sata-4-pin-argb-5-v-control\/\" \/>\n<meta property=\"og:site_name\" content=\"Compuviper\" \/>\n<meta property=\"article:publisher\" content=\"https:\/\/www.facebook.com\/compuviper\" \/>\n<meta property=\"og:image\" content=\"https:\/\/compuviper.mx\/tienda\/wp-content\/uploads\/2024\/05\/Hub-multicontacto-balam-rush-eolox-hub-exh8-ventiladores-12-vc.c.-iluminacion-5-vc.c.-4-conectores-pwm-4-conectores-argb-3-pin-salida-sata-4-pin-argb-5-v-control-br-938105.jpg\" \/>\n\t<meta property=\"og:image:width\" content=\"200\" \/>\n\t<meta property=\"og:image:height\" content=\"200\" \/>\n\t<meta property=\"og:image:type\" content=\"image\/jpeg\" \/>\n<meta name=\"twitter:card\" content=\"summary_large_image\" \/>\n<meta name=\"twitter:label1\" content=\"Precio\" \/>\n\t<meta name=\"twitter:data1\" content=\"&#36;142 con IVA\" \/>\n\t<meta name=\"twitter:label2\" content=\"Availability\" \/>\n\t<meta name=\"twitter:data2\" content=\"Out of stock\" \/>\n<script type=\"application\/ld+json\" class=\"yoast-schema-graph\">{\"@context\":\"https:\/\/schema.org\",\"@graph\":[{\"@type\":\"WebPage\",\"@id\":\"https:\/\/compuviper.mx\/tienda\/producto\/balam-rush-br-938105-hub-multicontacto-eolox-hub-exh8-ventiladores-12-vc-c-iluminacion-5-vc-c-4-conectores-pwm-4-conectores-argb-3-pin-salida-sata-4-pin-argb-5-v-control\/\",\"url\":\"https:\/\/compuviper.mx\/tienda\/producto\/balam-rush-br-938105-hub-multicontacto-eolox-hub-exh8-ventiladores-12-vc-c-iluminacion-5-vc-c-4-conectores-pwm-4-conectores-argb-3-pin-salida-sata-4-pin-argb-5-v-control\/\",\"name\":\"[ Balam Rush ] &#129351; Br-938105 Hub Multicontacto Eolox Hub Exh8 \/ Ventiladores 12 Vc.c. \/ Iluminacion 5 Vc.c. \/ 4 Conectores Pwm \/ 4 Conectores Argb 3 Pin \/ Salida Sata 4 Pin Argb 5 V \/ Control \/\",\"isPartOf\":{\"@id\":\"https:\/\/compuviper.mx\/tienda\/#website\"},\"datePublished\":\"2026-04-02T05:50:26+00:00\",\"dateModified\":\"2026-04-02T05:50:26+00:00\",\"description\":\"Compra Br-938105 Hub Multicontacto Eolox Hub Exh8 \/ Ventiladores 12 Vc.c. \/ Iluminacion 5 Vc.c. \/ 4 Conectores Pwm \/ 4 Conectores Argb 3 Pin \/ Salida Sata 4 Pin Argb 5 V \/ Control \/ + Env\u00edo a domicilio + Pago seguro + Garant\u00eda\",\"breadcrumb\":{\"@id\":\"https:\/\/compuviper.mx\/tienda\/producto\/balam-rush-br-938105-hub-multicontacto-eolox-hub-exh8-ventiladores-12-vc-c-iluminacion-5-vc-c-4-conectores-pwm-4-conectores-argb-3-pin-salida-sata-4-pin-argb-5-v-control\/#breadcrumb\"},\"inLanguage\":\"es-MX\",\"potentialAction\":[{\"@type\":\"ReadAction\",\"target\":[\"https:\/\/compuviper.mx\/tienda\/producto\/balam-rush-br-938105-hub-multicontacto-eolox-hub-exh8-ventiladores-12-vc-c-iluminacion-5-vc-c-4-conectores-pwm-4-conectores-argb-3-pin-salida-sata-4-pin-argb-5-v-control\/\"]}]},{\"@type\":\"BreadcrumbList\",\"@id\":\"https:\/\/compuviper.mx\/tienda\/producto\/balam-rush-br-938105-hub-multicontacto-eolox-hub-exh8-ventiladores-12-vc-c-iluminacion-5-vc-c-4-conectores-pwm-4-conectores-argb-3-pin-salida-sata-4-pin-argb-5-v-control\/#breadcrumb\",\"itemListElement\":[{\"@type\":\"ListItem\",\"position\":1,\"name\":\"Inicio\",\"item\":\"https:\/\/compuviper.mx\/tienda\/\"},{\"@type\":\"ListItem\",\"position\":2,\"name\":\"Productos\",\"item\":\"https:\/\/compuviper.mx\/tienda\/productos\/\"},{\"@type\":\"ListItem\",\"position\":3,\"name\":\"Ventiladores\",\"item\":\"https:\/\/compuviper.mx\/tienda\/categoria-producto\/ventiladores\/\"},{\"@type\":\"ListItem\",\"position\":4,\"name\":\"Sin Categor\u00eda\",\"item\":\"https:\/\/compuviper.mx\/tienda\/categoria-producto\/ventiladores\/sin-categoria-ventiladores\/\"},{\"@type\":\"ListItem\",\"position\":5,\"name\":\"Balam Rush Br-938105 Hub Multicontacto Eolox Hub Exh8 \/ Ventiladores 12 Vc.c. \/ Iluminacion 5 Vc.c. \/ 4 Conectores Pwm \/ 4 Conectores Argb 3 Pin \/ Salida Sata 4 Pin Argb 5 V \/ Control \/\"}]},{\"@type\":\"WebSite\",\"@id\":\"https:\/\/compuviper.mx\/tienda\/#website\",\"url\":\"https:\/\/compuviper.mx\/tienda\/\",\"name\":\"Compuviper\",\"description\":\"Proveedor de Computadoras, Laptops, Servidores, Monitores, Puntos de Venta, Teclados,   Impresoras, T\u00f3ner, C\u00e1maras de Seguridad y m\u00e1s en tu tienda en l\u00ednea\",\"publisher\":{\"@id\":\"https:\/\/compuviper.mx\/tienda\/#organization\"},\"potentialAction\":[{\"@type\":\"SearchAction\",\"target\":{\"@type\":\"EntryPoint\",\"urlTemplate\":\"https:\/\/compuviper.mx\/tienda\/?s={search_term_string}\"},\"query-input\":\"required name=search_term_string\"}],\"inLanguage\":\"es-MX\"},{\"@type\":\"Organization\",\"@id\":\"https:\/\/compuviper.mx\/tienda\/#organization\",\"name\":\"Compuviper\",\"url\":\"https:\/\/compuviper.mx\/tienda\/\",\"logo\":{\"@type\":\"ImageObject\",\"inLanguage\":\"es-MX\",\"@id\":\"https:\/\/compuviper.mx\/tienda\/#\/schema\/logo\/image\/\",\"url\":\"https:\/\/compuviper.mx\/tienda\/wp-content\/uploads\/2021\/08\/Logo-Compuviper-10.png\",\"contentUrl\":\"https:\/\/compuviper.mx\/tienda\/wp-content\/uploads\/2021\/08\/Logo-Compuviper-10.png\",\"width\":1000,\"height\":500,\"caption\":\"Compuviper\"},\"image\":{\"@id\":\"https:\/\/compuviper.mx\/tienda\/#\/schema\/logo\/image\/\"},\"sameAs\":[\"https:\/\/www.facebook.com\/compuviper\",\"https:\/\/www.youtube.com\/channel\/UCf73dERp9Y3cfOq7q8BhLjA?view_as=subscriber\"]}]}<\/script>\n<meta property=\"product:brand\" content=\"Balam Rush\" \/>\n<meta property=\"product:price:amount\" content=\"142\" \/>\n<meta property=\"product:price:currency\" content=\"MXN\" \/>\n<meta property=\"og:availability\" content=\"out of stock\" \/>\n<meta property=\"product:availability\" content=\"out of stock\" \/>\n<meta property=\"product:retailer_item_id\" content=\"BR-938105\" \/>\n<meta property=\"product:condition\" content=\"new\" \/>\n<!-- \/ Yoast SEO plugin. -->","yoast_head_json":{"title":"[ Balam Rush ] &#129351; Br-938105 Hub Multicontacto Eolox Hub Exh8 \/ Ventiladores 12 Vc.c. \/ Iluminacion 5 Vc.c. \/ 4 Conectores Pwm \/ 4 Conectores Argb 3 Pin \/ Salida Sata 4 Pin Argb 5 V \/ Control \/","description":"Compra Br-938105 Hub Multicontacto Eolox Hub Exh8 \/ Ventiladores 12 Vc.c. \/ Iluminacion 5 Vc.c. \/ 4 Conectores Pwm \/ 4 Conectores Argb 3 Pin \/ Salida Sata 4 Pin Argb 5 V \/ Control \/ + Env\u00edo a domicilio + Pago seguro + Garant\u00eda","robots":{"index":"index","follow":"follow","max-snippet":"max-snippet:-1","max-image-preview":"max-image-preview:large","max-video-preview":"max-video-preview:-1"},"canonical":"https:\/\/compuviper.mx\/tienda\/producto\/balam-rush-br-938105-hub-multicontacto-eolox-hub-exh8-ventiladores-12-vc-c-iluminacion-5-vc-c-4-conectores-pwm-4-conectores-argb-3-pin-salida-sata-4-pin-argb-5-v-control\/","og_locale":"es_MX","og_type":"article","og_title":"[ Balam Rush ] &#129351; Br-938105 Hub Multicontacto Eolox Hub Exh8 \/ Ventiladores 12 Vc.c. \/ Iluminacion 5 Vc.c. \/ 4 Conectores Pwm \/ 4 Conectores Argb 3 Pin \/ Salida Sata 4 Pin Argb 5 V \/ Control \/","og_description":"Compra Br-938105 Hub Multicontacto Eolox Hub Exh8 \/ Ventiladores 12 Vc.c. \/ Iluminacion 5 Vc.c. \/ 4 Conectores Pwm \/ 4 Conectores Argb 3 Pin \/ Salida Sata 4 Pin Argb 5 V \/ Control \/ + Env\u00edo a domicilio + Pago seguro + Garant\u00eda","og_url":"https:\/\/compuviper.mx\/tienda\/producto\/balam-rush-br-938105-hub-multicontacto-eolox-hub-exh8-ventiladores-12-vc-c-iluminacion-5-vc-c-4-conectores-pwm-4-conectores-argb-3-pin-salida-sata-4-pin-argb-5-v-control\/","og_site_name":"Compuviper","article_publisher":"https:\/\/www.facebook.com\/compuviper","og_image":[{"width":200,"height":200,"url":"https:\/\/compuviper.mx\/tienda\/wp-content\/uploads\/2024\/05\/Hub-multicontacto-balam-rush-eolox-hub-exh8-ventiladores-12-vc.c.-iluminacion-5-vc.c.-4-conectores-pwm-4-conectores-argb-3-pin-salida-sata-4-pin-argb-5-v-control-br-938105.jpg","type":"image\/jpeg"}],"twitter_card":"summary_large_image","twitter_misc":{"Precio":"&#36;142 con IVA","Availability":"Out of stock"},"schema":{"@context":"https:\/\/schema.org","@graph":[{"@type":"WebPage","@id":"https:\/\/compuviper.mx\/tienda\/producto\/balam-rush-br-938105-hub-multicontacto-eolox-hub-exh8-ventiladores-12-vc-c-iluminacion-5-vc-c-4-conectores-pwm-4-conectores-argb-3-pin-salida-sata-4-pin-argb-5-v-control\/","url":"https:\/\/compuviper.mx\/tienda\/producto\/balam-rush-br-938105-hub-multicontacto-eolox-hub-exh8-ventiladores-12-vc-c-iluminacion-5-vc-c-4-conectores-pwm-4-conectores-argb-3-pin-salida-sata-4-pin-argb-5-v-control\/","name":"[ Balam Rush ] &#129351; Br-938105 Hub Multicontacto Eolox Hub Exh8 \/ Ventiladores 12 Vc.c. \/ Iluminacion 5 Vc.c. \/ 4 Conectores Pwm \/ 4 Conectores Argb 3 Pin \/ Salida Sata 4 Pin Argb 5 V \/ Control \/","isPartOf":{"@id":"https:\/\/compuviper.mx\/tienda\/#website"},"datePublished":"2026-04-02T05:50:26+00:00","dateModified":"2026-04-02T05:50:26+00:00","description":"Compra Br-938105 Hub Multicontacto Eolox Hub Exh8 \/ Ventiladores 12 Vc.c. \/ Iluminacion 5 Vc.c. \/ 4 Conectores Pwm \/ 4 Conectores Argb 3 Pin \/ Salida Sata 4 Pin Argb 5 V \/ Control \/ + Env\u00edo a domicilio + Pago seguro + Garant\u00eda","breadcrumb":{"@id":"https:\/\/compuviper.mx\/tienda\/producto\/balam-rush-br-938105-hub-multicontacto-eolox-hub-exh8-ventiladores-12-vc-c-iluminacion-5-vc-c-4-conectores-pwm-4-conectores-argb-3-pin-salida-sata-4-pin-argb-5-v-control\/#breadcrumb"},"inLanguage":"es-MX","potentialAction":[{"@type":"ReadAction","target":["https:\/\/compuviper.mx\/tienda\/producto\/balam-rush-br-938105-hub-multicontacto-eolox-hub-exh8-ventiladores-12-vc-c-iluminacion-5-vc-c-4-conectores-pwm-4-conectores-argb-3-pin-salida-sata-4-pin-argb-5-v-control\/"]}]},{"@type":"BreadcrumbList","@id":"https:\/\/compuviper.mx\/tienda\/producto\/balam-rush-br-938105-hub-multicontacto-eolox-hub-exh8-ventiladores-12-vc-c-iluminacion-5-vc-c-4-conectores-pwm-4-conectores-argb-3-pin-salida-sata-4-pin-argb-5-v-control\/#breadcrumb","itemListElement":[{"@type":"ListItem","position":1,"name":"Inicio","item":"https:\/\/compuviper.mx\/tienda\/"},{"@type":"ListItem","position":2,"name":"Productos","item":"https:\/\/compuviper.mx\/tienda\/productos\/"},{"@type":"ListItem","position":3,"name":"Ventiladores","item":"https:\/\/compuviper.mx\/tienda\/categoria-producto\/ventiladores\/"},{"@type":"ListItem","position":4,"name":"Sin Categor\u00eda","item":"https:\/\/compuviper.mx\/tienda\/categoria-producto\/ventiladores\/sin-categoria-ventiladores\/"},{"@type":"ListItem","position":5,"name":"Balam Rush Br-938105 Hub Multicontacto Eolox Hub Exh8 \/ Ventiladores 12 Vc.c. \/ Iluminacion 5 Vc.c. \/ 4 Conectores Pwm \/ 4 Conectores Argb 3 Pin \/ Salida Sata 4 Pin Argb 5 V \/ Control \/"}]},{"@type":"WebSite","@id":"https:\/\/compuviper.mx\/tienda\/#website","url":"https:\/\/compuviper.mx\/tienda\/","name":"Compuviper","description":"Proveedor de Computadoras, Laptops, Servidores, Monitores, Puntos de Venta, Teclados,   Impresoras, T\u00f3ner, C\u00e1maras de Seguridad y m\u00e1s en tu tienda en l\u00ednea","publisher":{"@id":"https:\/\/compuviper.mx\/tienda\/#organization"},"potentialAction":[{"@type":"SearchAction","target":{"@type":"EntryPoint","urlTemplate":"https:\/\/compuviper.mx\/tienda\/?s={search_term_string}"},"query-input":"required name=search_term_string"}],"inLanguage":"es-MX"},{"@type":"Organization","@id":"https:\/\/compuviper.mx\/tienda\/#organization","name":"Compuviper","url":"https:\/\/compuviper.mx\/tienda\/","logo":{"@type":"ImageObject","inLanguage":"es-MX","@id":"https:\/\/compuviper.mx\/tienda\/#\/schema\/logo\/image\/","url":"https:\/\/compuviper.mx\/tienda\/wp-content\/uploads\/2021\/08\/Logo-Compuviper-10.png","contentUrl":"https:\/\/compuviper.mx\/tienda\/wp-content\/uploads\/2021\/08\/Logo-Compuviper-10.png","width":1000,"height":500,"caption":"Compuviper"},"image":{"@id":"https:\/\/compuviper.mx\/tienda\/#\/schema\/logo\/image\/"},"sameAs":["https:\/\/www.facebook.com\/compuviper","https:\/\/www.youtube.com\/channel\/UCf73dERp9Y3cfOq7q8BhLjA?view_as=subscriber"]}]},"product_brand":"Balam Rush","product_price_amount":"142","product_price_currency":"MXN","og_availability":"out of stock","product_availability":"out of stock","product_retailer_item_id":"BR-938105","product_condition":"new"},"_links":{"self":[{"href":"https:\/\/compuviper.mx\/tienda\/wp-json\/wp\/v2\/product\/230274"}],"collection":[{"href":"https:\/\/compuviper.mx\/tienda\/wp-json\/wp\/v2\/product"}],"about":[{"href":"https:\/\/compuviper.mx\/tienda\/wp-json\/wp\/v2\/types\/product"}],"replies":[{"embeddable":true,"href":"https:\/\/compuviper.mx\/tienda\/wp-json\/wp\/v2\/comments?post=230274"}],"wp:featuredmedia":[{"embeddable":true,"href":"https:\/\/compuviper.mx\/tienda\/wp-json\/wp\/v2\/media\/233814"}],"wp:attachment":[{"href":"https:\/\/compuviper.mx\/tienda\/wp-json\/wp\/v2\/media?parent=230274"}],"wp:term":[{"taxonomy":"product_cat","embeddable":true,"href":"https:\/\/compuviper.mx\/tienda\/wp-json\/wp\/v2\/product_cat?post=230274"},{"taxonomy":"product_tag","embeddable":true,"href":"https:\/\/compuviper.mx\/tienda\/wp-json\/wp\/v2\/product_tag?post=230274"}],"curies":[{"name":"wp","href":"https:\/\/api.w.org\/{rel}","templated":true}]}}