{"id":230156,"date":"2026-04-16T00:29:01","date_gmt":"2026-04-16T06:29:01","guid":{"rendered":"https:\/\/compuviper.mx\/tienda\/producto\/vertiv-gxtrt-1000lvrt2uxl-ip-no-break-liebert-on-line-900w-1000-va-entrada-86-143v-salida-105-143v-10-contactos-hasta-2-aos-de-garantia\/"},"modified":"2026-04-16T00:29:01","modified_gmt":"2026-04-16T06:29:01","slug":"vertiv-gxtrt-1000lvrt2uxl-ip-ups-liebert-gxtrt-1000va-900w-doble-conversion-8-contactos","status":"publish","type":"product","link":"https:\/\/compuviper.mx\/tienda\/producto\/vertiv-gxtrt-1000lvrt2uxl-ip-ups-liebert-gxtrt-1000va-900w-doble-conversion-8-contactos\/","title":{"rendered":"Vertiv Gxtrt-1000lvrt2uxl Ip Ups  Liebert Gxtrt 1000va 900w Doble Conversion 8 Contactos"},"content":{"rendered":"<table class=\"descripcion\">\n<tr>\n<td>No break vertiv liebert gxtrt-1000lvrt2uxl on line, 900w \/ 1000 va, entrada 86 -143v, salida 105-143v, 10 contactos, hasta 2 a\u00f1os de garantia.<\/td>\n<\/tr>\n<tr>\n<td>Especificaciones<\/td>\n<\/tr>\n<tr>\n<td>Puertos e interfaces<\/td>\n<\/tr>\n<tr>\n<td>Tipo de salida ac  nema 5-15r<\/td>\n<\/tr>\n<tr>\n<td>N\u00famero de puentes de salida iec  8<\/td>\n<\/tr>\n<tr>\n<td>Cantidad de salidas ac  8<\/td>\n<\/tr>\n<tr>\n<td>Puerto usb  si<\/td>\n<\/tr>\n<tr>\n<td>Peso y dimensiones<\/td>\n<\/tr>\n<tr>\n<td>Altura  86 mm<\/td>\n<\/tr>\n<tr>\n<td>Profundidad  310 mm<\/td>\n<\/tr>\n<tr>\n<td>Ancho  438 mm<\/td>\n<\/tr>\n<tr>\n<td>Detalles t\u00e9cnicos<\/td>\n<\/tr>\n<tr>\n<td>Sustainability certificates  rohs<\/td>\n<\/tr>\n<tr>\n<td>Control de energ\u00eda<\/td>\n<\/tr>\n<tr>\n<td>Factor de poder  0.9<\/td>\n<\/tr>\n<tr>\n<td>Voltaje de operaci\u00f3n de salida (max)  127 v<\/td>\n<\/tr>\n<tr>\n<td>Frecuencia de entrada  40 &#8211; 70 hz<\/td>\n<\/tr>\n<tr>\n<td>Efficiency (on-line mode)  80%<\/td>\n<\/tr>\n<tr>\n<td>Voltaje de entrada de operaci\u00f3n (max)  150 v<\/td>\n<\/tr>\n<tr>\n<td>Potencia de salida  900 w<\/td>\n<\/tr>\n<tr>\n<td>Funciones de protecci\u00f3n de poder  sobrecarga<\/td>\n<\/tr>\n<tr>\n<td>Eficiencia  80%<\/td>\n<\/tr>\n<tr>\n<td>Apagado de emergencia  no<\/td>\n<\/tr>\n<tr>\n<td>Regulaci\u00f3n del voltaje de salida  1%<\/td>\n<\/tr>\n<tr>\n<td>Factor de potencia de entrada  0.9<\/td>\n<\/tr>\n<tr>\n<td>Voltaje de entrada de operaci\u00f3n (min)  60 v<\/td>\n<\/tr>\n<tr>\n<td>Capacidad de potencia de salida (va)  1000 va<\/td>\n<\/tr>\n<tr>\n<td>Bater\u00eda<\/td>\n<\/tr>\n<tr>\n<td>Tiempo t\u00edpico de respaldo a media carga  9 min<\/td>\n<\/tr>\n<tr>\n<td>Certificaci\u00f3n  ce mark; iec\/en 62040-1: 2014, iec\/en 62040-2:2006+ac:2006 class a, en 61000-4-5: 2005 class 2 l-n, class 3 l-g, ista 2a<\/td>\n<\/tr>\n<tr>\n<td>Tiempo t\u00edpico de respaldo a carga completa  3 min<\/td>\n<\/tr>\n<tr>\n<td>Tecnolog\u00eda de bater\u00eda  sealed lead acid (vrla)<\/td>\n<\/tr>\n<tr>\n<td>Capacidad de la bater\u00eda  9 ah<\/td>\n<\/tr>\n<tr>\n<td>Voltaje de la pila  12 v<\/td>\n<\/tr>\n<\/table>\n","protected":false},"excerpt":{"rendered":"<p>No break vertiv liebert gxtrt-1000lvrt2uxl on line, 900w \/ 1000 va, entrada 86 -143v, salida 105-143v, 10 contactos, hasta 2 a\u00f1os de garantia. Ideal para equipo de computo y videovigilacia.<\/p>\n","protected":false},"featured_media":233983,"comment_status":"open","ping_status":"open","template":"","meta":[],"product_cat":[1508,1691],"product_tag":[2173],"acf":[],"yoast_head":"<!-- This site is optimized with the Yoast SEO plugin v21.7 - https:\/\/yoast.com\/wordpress\/plugins\/seo\/ -->\n<title>[ Vertiv ] &#129351; Gxtrt-1000lvrt2uxl Ip Ups Liebert Gxtrt 1000va 900w Doble Conversion 8 Contactos<\/title>\n<meta name=\"description\" content=\"Compra Gxtrt-1000lvrt2uxl Ip Ups Liebert Gxtrt 1000va 900w Doble Conversion 8 Contactos + Env\u00edo a domicilio + Pago seguro + Garant\u00eda\" \/>\n<meta name=\"robots\" content=\"index, follow, max-snippet:-1, max-image-preview:large, max-video-preview:-1\" \/>\n<link rel=\"canonical\" href=\"https:\/\/compuviper.mx\/tienda\/producto\/vertiv-gxtrt-1000lvrt2uxl-ip-ups-liebert-gxtrt-1000va-900w-doble-conversion-8-contactos\/\" \/>\n<meta property=\"og:locale\" content=\"es_MX\" \/>\n<meta property=\"og:type\" content=\"article\" \/>\n<meta property=\"og:title\" content=\"[ Vertiv ] &#129351; Gxtrt-1000lvrt2uxl Ip Ups Liebert Gxtrt 1000va 900w Doble Conversion 8 Contactos\" \/>\n<meta property=\"og:description\" content=\"Compra Gxtrt-1000lvrt2uxl Ip Ups Liebert Gxtrt 1000va 900w Doble Conversion 8 Contactos + Env\u00edo a domicilio + Pago seguro + Garant\u00eda\" \/>\n<meta property=\"og:url\" content=\"https:\/\/compuviper.mx\/tienda\/producto\/vertiv-gxtrt-1000lvrt2uxl-ip-ups-liebert-gxtrt-1000va-900w-doble-conversion-8-contactos\/\" \/>\n<meta property=\"og:site_name\" content=\"Compuviper\" \/>\n<meta property=\"article:publisher\" content=\"https:\/\/www.facebook.com\/compuviper\" \/>\n<meta property=\"og:image\" content=\"https:\/\/compuviper.mx\/tienda\/wp-content\/uploads\/2024\/05\/Ip-no-break-vertiv-liebert-gxtrt-1000lvrt2uxl-on-line-900w-1000-va-entrada-86-143v-salida-105-143v-10-contactos-hasta-2-anos-de-garantia.jpg\" \/>\n\t<meta property=\"og:image:width\" content=\"200\" \/>\n\t<meta property=\"og:image:height\" content=\"200\" \/>\n\t<meta property=\"og:image:type\" content=\"image\/jpeg\" \/>\n<meta name=\"twitter:card\" content=\"summary_large_image\" \/>\n<meta name=\"twitter:label1\" content=\"Precio\" \/>\n\t<meta name=\"twitter:data1\" content=\"&#36;9,571 &#36;7,899 con IVA\" \/>\n\t<meta name=\"twitter:label2\" content=\"Availability\" \/>\n\t<meta name=\"twitter:data2\" content=\"In stock\" \/>\n<script type=\"application\/ld+json\" class=\"yoast-schema-graph\">{\"@context\":\"https:\/\/schema.org\",\"@graph\":[{\"@type\":\"WebPage\",\"@id\":\"https:\/\/compuviper.mx\/tienda\/producto\/vertiv-gxtrt-1000lvrt2uxl-ip-ups-liebert-gxtrt-1000va-900w-doble-conversion-8-contactos\/\",\"url\":\"https:\/\/compuviper.mx\/tienda\/producto\/vertiv-gxtrt-1000lvrt2uxl-ip-ups-liebert-gxtrt-1000va-900w-doble-conversion-8-contactos\/\",\"name\":\"[ Vertiv ] &#129351; Gxtrt-1000lvrt2uxl Ip Ups Liebert Gxtrt 1000va 900w Doble Conversion 8 Contactos\",\"isPartOf\":{\"@id\":\"https:\/\/compuviper.mx\/tienda\/#website\"},\"datePublished\":\"2026-04-16T06:29:01+00:00\",\"dateModified\":\"2026-04-16T06:29:01+00:00\",\"description\":\"Compra Gxtrt-1000lvrt2uxl Ip Ups Liebert Gxtrt 1000va 900w Doble Conversion 8 Contactos + Env\u00edo a domicilio + Pago seguro + Garant\u00eda\",\"breadcrumb\":{\"@id\":\"https:\/\/compuviper.mx\/tienda\/producto\/vertiv-gxtrt-1000lvrt2uxl-ip-ups-liebert-gxtrt-1000va-900w-doble-conversion-8-contactos\/#breadcrumb\"},\"inLanguage\":\"es-MX\",\"potentialAction\":[{\"@type\":\"ReadAction\",\"target\":[\"https:\/\/compuviper.mx\/tienda\/producto\/vertiv-gxtrt-1000lvrt2uxl-ip-ups-liebert-gxtrt-1000va-900w-doble-conversion-8-contactos\/\"]}]},{\"@type\":\"BreadcrumbList\",\"@id\":\"https:\/\/compuviper.mx\/tienda\/producto\/vertiv-gxtrt-1000lvrt2uxl-ip-ups-liebert-gxtrt-1000va-900w-doble-conversion-8-contactos\/#breadcrumb\",\"itemListElement\":[{\"@type\":\"ListItem\",\"position\":1,\"name\":\"Inicio\",\"item\":\"https:\/\/compuviper.mx\/tienda\/\"},{\"@type\":\"ListItem\",\"position\":2,\"name\":\"Productos\",\"item\":\"https:\/\/compuviper.mx\/tienda\/productos\/\"},{\"@type\":\"ListItem\",\"position\":3,\"name\":\"Energia\",\"item\":\"https:\/\/compuviper.mx\/tienda\/categoria-producto\/energia\/\"},{\"@type\":\"ListItem\",\"position\":4,\"name\":\"No Break\",\"item\":\"https:\/\/compuviper.mx\/tienda\/categoria-producto\/energia\/no-break\/\"},{\"@type\":\"ListItem\",\"position\":5,\"name\":\"Vertiv Gxtrt-1000lvrt2uxl Ip Ups Liebert Gxtrt 1000va 900w Doble Conversion 8 Contactos\"}]},{\"@type\":\"WebSite\",\"@id\":\"https:\/\/compuviper.mx\/tienda\/#website\",\"url\":\"https:\/\/compuviper.mx\/tienda\/\",\"name\":\"Compuviper\",\"description\":\"Proveedor de Computadoras, Laptops, Servidores, Monitores, Puntos de Venta, Teclados,   Impresoras, T\u00f3ner, C\u00e1maras de Seguridad y m\u00e1s en tu tienda en l\u00ednea\",\"publisher\":{\"@id\":\"https:\/\/compuviper.mx\/tienda\/#organization\"},\"potentialAction\":[{\"@type\":\"SearchAction\",\"target\":{\"@type\":\"EntryPoint\",\"urlTemplate\":\"https:\/\/compuviper.mx\/tienda\/?s={search_term_string}\"},\"query-input\":\"required name=search_term_string\"}],\"inLanguage\":\"es-MX\"},{\"@type\":\"Organization\",\"@id\":\"https:\/\/compuviper.mx\/tienda\/#organization\",\"name\":\"Compuviper\",\"url\":\"https:\/\/compuviper.mx\/tienda\/\",\"logo\":{\"@type\":\"ImageObject\",\"inLanguage\":\"es-MX\",\"@id\":\"https:\/\/compuviper.mx\/tienda\/#\/schema\/logo\/image\/\",\"url\":\"https:\/\/compuviper.mx\/tienda\/wp-content\/uploads\/2021\/08\/Logo-Compuviper-10.png\",\"contentUrl\":\"https:\/\/compuviper.mx\/tienda\/wp-content\/uploads\/2021\/08\/Logo-Compuviper-10.png\",\"width\":1000,\"height\":500,\"caption\":\"Compuviper\"},\"image\":{\"@id\":\"https:\/\/compuviper.mx\/tienda\/#\/schema\/logo\/image\/\"},\"sameAs\":[\"https:\/\/www.facebook.com\/compuviper\",\"https:\/\/www.youtube.com\/channel\/UCf73dERp9Y3cfOq7q8BhLjA?view_as=subscriber\"]}]}<\/script>\n<meta property=\"product:brand\" content=\"Vertiv\" \/>\n<meta property=\"product:price:amount\" content=\"7899\" \/>\n<meta property=\"product:price:currency\" content=\"MXN\" \/>\n<meta property=\"og:availability\" content=\"instock\" \/>\n<meta property=\"product:availability\" content=\"instock\" \/>\n<meta property=\"product:retailer_item_id\" content=\"GXTRT-1000LVRT2UXL\" \/>\n<meta property=\"product:condition\" content=\"new\" \/>\n<!-- \/ Yoast SEO plugin. -->","yoast_head_json":{"title":"[ Vertiv ] &#129351; Gxtrt-1000lvrt2uxl Ip Ups Liebert Gxtrt 1000va 900w Doble Conversion 8 Contactos","description":"Compra Gxtrt-1000lvrt2uxl Ip Ups Liebert Gxtrt 1000va 900w Doble Conversion 8 Contactos + Env\u00edo a domicilio + Pago seguro + Garant\u00eda","robots":{"index":"index","follow":"follow","max-snippet":"max-snippet:-1","max-image-preview":"max-image-preview:large","max-video-preview":"max-video-preview:-1"},"canonical":"https:\/\/compuviper.mx\/tienda\/producto\/vertiv-gxtrt-1000lvrt2uxl-ip-ups-liebert-gxtrt-1000va-900w-doble-conversion-8-contactos\/","og_locale":"es_MX","og_type":"article","og_title":"[ Vertiv ] &#129351; Gxtrt-1000lvrt2uxl Ip Ups Liebert Gxtrt 1000va 900w Doble Conversion 8 Contactos","og_description":"Compra Gxtrt-1000lvrt2uxl Ip Ups Liebert Gxtrt 1000va 900w Doble Conversion 8 Contactos + Env\u00edo a domicilio + Pago seguro + Garant\u00eda","og_url":"https:\/\/compuviper.mx\/tienda\/producto\/vertiv-gxtrt-1000lvrt2uxl-ip-ups-liebert-gxtrt-1000va-900w-doble-conversion-8-contactos\/","og_site_name":"Compuviper","article_publisher":"https:\/\/www.facebook.com\/compuviper","og_image":[{"width":200,"height":200,"url":"https:\/\/compuviper.mx\/tienda\/wp-content\/uploads\/2024\/05\/Ip-no-break-vertiv-liebert-gxtrt-1000lvrt2uxl-on-line-900w-1000-va-entrada-86-143v-salida-105-143v-10-contactos-hasta-2-anos-de-garantia.jpg","type":"image\/jpeg"}],"twitter_card":"summary_large_image","twitter_misc":{"Precio":"&#36;9,571 &#36;7,899 con IVA","Availability":"In stock"},"schema":{"@context":"https:\/\/schema.org","@graph":[{"@type":"WebPage","@id":"https:\/\/compuviper.mx\/tienda\/producto\/vertiv-gxtrt-1000lvrt2uxl-ip-ups-liebert-gxtrt-1000va-900w-doble-conversion-8-contactos\/","url":"https:\/\/compuviper.mx\/tienda\/producto\/vertiv-gxtrt-1000lvrt2uxl-ip-ups-liebert-gxtrt-1000va-900w-doble-conversion-8-contactos\/","name":"[ Vertiv ] &#129351; Gxtrt-1000lvrt2uxl Ip Ups Liebert Gxtrt 1000va 900w Doble Conversion 8 Contactos","isPartOf":{"@id":"https:\/\/compuviper.mx\/tienda\/#website"},"datePublished":"2026-04-16T06:29:01+00:00","dateModified":"2026-04-16T06:29:01+00:00","description":"Compra Gxtrt-1000lvrt2uxl Ip Ups Liebert Gxtrt 1000va 900w Doble Conversion 8 Contactos + Env\u00edo a domicilio + Pago seguro + Garant\u00eda","breadcrumb":{"@id":"https:\/\/compuviper.mx\/tienda\/producto\/vertiv-gxtrt-1000lvrt2uxl-ip-ups-liebert-gxtrt-1000va-900w-doble-conversion-8-contactos\/#breadcrumb"},"inLanguage":"es-MX","potentialAction":[{"@type":"ReadAction","target":["https:\/\/compuviper.mx\/tienda\/producto\/vertiv-gxtrt-1000lvrt2uxl-ip-ups-liebert-gxtrt-1000va-900w-doble-conversion-8-contactos\/"]}]},{"@type":"BreadcrumbList","@id":"https:\/\/compuviper.mx\/tienda\/producto\/vertiv-gxtrt-1000lvrt2uxl-ip-ups-liebert-gxtrt-1000va-900w-doble-conversion-8-contactos\/#breadcrumb","itemListElement":[{"@type":"ListItem","position":1,"name":"Inicio","item":"https:\/\/compuviper.mx\/tienda\/"},{"@type":"ListItem","position":2,"name":"Productos","item":"https:\/\/compuviper.mx\/tienda\/productos\/"},{"@type":"ListItem","position":3,"name":"Energia","item":"https:\/\/compuviper.mx\/tienda\/categoria-producto\/energia\/"},{"@type":"ListItem","position":4,"name":"No Break","item":"https:\/\/compuviper.mx\/tienda\/categoria-producto\/energia\/no-break\/"},{"@type":"ListItem","position":5,"name":"Vertiv Gxtrt-1000lvrt2uxl Ip Ups Liebert Gxtrt 1000va 900w Doble Conversion 8 Contactos"}]},{"@type":"WebSite","@id":"https:\/\/compuviper.mx\/tienda\/#website","url":"https:\/\/compuviper.mx\/tienda\/","name":"Compuviper","description":"Proveedor de Computadoras, Laptops, Servidores, Monitores, Puntos de Venta, Teclados,   Impresoras, T\u00f3ner, C\u00e1maras de Seguridad y m\u00e1s en tu tienda en l\u00ednea","publisher":{"@id":"https:\/\/compuviper.mx\/tienda\/#organization"},"potentialAction":[{"@type":"SearchAction","target":{"@type":"EntryPoint","urlTemplate":"https:\/\/compuviper.mx\/tienda\/?s={search_term_string}"},"query-input":"required name=search_term_string"}],"inLanguage":"es-MX"},{"@type":"Organization","@id":"https:\/\/compuviper.mx\/tienda\/#organization","name":"Compuviper","url":"https:\/\/compuviper.mx\/tienda\/","logo":{"@type":"ImageObject","inLanguage":"es-MX","@id":"https:\/\/compuviper.mx\/tienda\/#\/schema\/logo\/image\/","url":"https:\/\/compuviper.mx\/tienda\/wp-content\/uploads\/2021\/08\/Logo-Compuviper-10.png","contentUrl":"https:\/\/compuviper.mx\/tienda\/wp-content\/uploads\/2021\/08\/Logo-Compuviper-10.png","width":1000,"height":500,"caption":"Compuviper"},"image":{"@id":"https:\/\/compuviper.mx\/tienda\/#\/schema\/logo\/image\/"},"sameAs":["https:\/\/www.facebook.com\/compuviper","https:\/\/www.youtube.com\/channel\/UCf73dERp9Y3cfOq7q8BhLjA?view_as=subscriber"]}]},"product_brand":"Vertiv","product_price_amount":"7899","product_price_currency":"MXN","og_availability":"instock","product_availability":"instock","product_retailer_item_id":"GXTRT-1000LVRT2UXL","product_condition":"new"},"_links":{"self":[{"href":"https:\/\/compuviper.mx\/tienda\/wp-json\/wp\/v2\/product\/230156"}],"collection":[{"href":"https:\/\/compuviper.mx\/tienda\/wp-json\/wp\/v2\/product"}],"about":[{"href":"https:\/\/compuviper.mx\/tienda\/wp-json\/wp\/v2\/types\/product"}],"replies":[{"embeddable":true,"href":"https:\/\/compuviper.mx\/tienda\/wp-json\/wp\/v2\/comments?post=230156"}],"wp:featuredmedia":[{"embeddable":true,"href":"https:\/\/compuviper.mx\/tienda\/wp-json\/wp\/v2\/media\/233983"}],"wp:attachment":[{"href":"https:\/\/compuviper.mx\/tienda\/wp-json\/wp\/v2\/media?parent=230156"}],"wp:term":[{"taxonomy":"product_cat","embeddable":true,"href":"https:\/\/compuviper.mx\/tienda\/wp-json\/wp\/v2\/product_cat?post=230156"},{"taxonomy":"product_tag","embeddable":true,"href":"https:\/\/compuviper.mx\/tienda\/wp-json\/wp\/v2\/product_tag?post=230156"}],"curies":[{"name":"wp","href":"https:\/\/api.w.org\/{rel}","templated":true}]}}